{"id":1158,"date":"2021-12-10T12:22:00","date_gmt":"2021-12-10T11:22:00","guid":{"rendered":"http:\/\/measline.com\/\/?page_id=1158"},"modified":"2022-02-14T12:05:46","modified_gmt":"2022-02-14T11:05:46","slug":"surftens-basic-2","status":"publish","type":"page","link":"https:\/\/measline.com\/index.php\/pl\/measline\/produkty\/surftens\/surftens-basic-2\/","title":{"rendered":"SURFTENS Basic"},"content":{"rendered":"\n[et_pb_section fb_built=&#8221;1&#8243; _builder_version=&#8221;4.14.2&#8243; _module_preset=&#8221;default&#8221; background_color=&#8221;rgba(0,0,0,0.05)&#8221; custom_margin=&#8221;0px|0px|0px|0px|false|false&#8221; custom_padding=&#8221;0px|0px|0px|0px|false|false&#8221; global_colors_info=&#8221;{}&#8221;][et_pb_row _builder_version=&#8221;4.14.2&#8243; _module_preset=&#8221;default&#8221; custom_margin=&#8221;0px||0px||true|false&#8221; custom_padding=&#8221;11px||3px||false|false&#8221; global_colors_info=&#8221;{}&#8221;][et_pb_column type=&#8221;4_4&#8243; _builder_version=&#8221;4.14.2&#8243; _module_preset=&#8221;default&#8221; global_colors_info=&#8221;{}&#8221;][et_pb_button button_url=&#8221;@ET-DC@eyJkeW5hbWljIjp0cnVlLCJjb250ZW50IjoicG9zdF9saW5rX3VybF9wYWdlIiwic2V0dGluZ3MiOnsicG9zdF9pZCI6IjEwMTMifX0=@&#8221; button_text=&#8221;Powr\u00f3t do podkategorii&#8221; _builder_version=&#8221;4.14.2&#8243; _dynamic_attributes=&#8221;button_url&#8221; _module_preset=&#8221;default&#8221; custom_button=&#8221;on&#8221; button_text_color=&#8221;#225500&#8243; button_border_width=&#8221;0px&#8221; button_icon=&#8221;&#x4a;||divi||400&#8243; global_colors_info=&#8221;{}&#8221;][\/et_pb_button][\/et_pb_column][\/et_pb_row][\/et_pb_section][et_pb_section fb_built=&#8221;1&#8243; _builder_version=&#8221;4.14.2&#8243; _module_preset=&#8221;default&#8221; global_colors_info=&#8221;{}&#8221;][et_pb_row column_structure=&#8221;1_2,1_2&#8243; _builder_version=&#8221;4.10.8&#8243; _module_preset=&#8221;default&#8221; global_colors_info=&#8221;{}&#8221;][et_pb_column type=&#8221;1_2&#8243; _builder_version=&#8221;4.10.8&#8243; _module_preset=&#8221;default&#8221; global_colors_info=&#8221;{}&#8221;][et_pb_image src=&#8221;http:\/\/measline.com\/\/wp-content\/uploads\/2021\/12\/Surftens-basic-scaled.jpg&#8221; title_text=&#8221;Surftens basic&#8221; align=&#8221;center&#8221; _builder_version=&#8221;4.14.2&#8243; _module_preset=&#8221;default&#8221; width=&#8221;71%&#8221; module_alignment=&#8221;center&#8221; global_colors_info=&#8221;{}&#8221;][\/et_pb_image][\/et_pb_column][et_pb_column type=&#8221;1_2&#8243; _builder_version=&#8221;4.10.8&#8243; _module_preset=&#8221;default&#8221; global_colors_info=&#8221;{}&#8221;][et_pb_text _builder_version=&#8221;4.14.2&#8243; _module_preset=&#8221;default&#8221; global_colors_info=&#8221;{}&#8221;]<div>\n<h1 class=\"Standard\"><b><span>SURFTENS Basic<o:p><\/o:p><\/span><\/b><\/h1>\n<\/div>[\/et_pb_text][et_pb_divider color=&#8221;#215500&#8243; divider_weight=&#8221;2px&#8221; _builder_version=&#8221;4.14.1&#8243; _module_preset=&#8221;default&#8221; custom_margin=&#8221;-23px||6px||false|false&#8221; global_colors_info=&#8221;{}&#8221;][\/et_pb_divider][et_pb_text _builder_version=&#8221;4.14.2&#8243; _module_preset=&#8221;default&#8221; global_colors_info=&#8221;{}&#8221;]<p class=\"Standard\" style=\"text-align: justify;\"><span>SURFTENS Basic jest podstawow\u0105 wersj\u0105 urz\u0105dzenia umo\u017cliwiaj\u0105cego pomiar k\u0105ta zwil\u017cania oraz swobodnej energii powierzchniowej.\u00a0<\/span><\/p>\n<p class=\"Standard\" style=\"text-align: justify;\"><span>SURFTENS Basic mo\u017ce by\u0107 zastosowany w badaniu:<\/span><\/p>\n<ul>\n<li class=\"Standard\" style=\"text-align: justify;\"><span>proces\u00f3w oczyszczania i p<\/span>rzygotowania powierzchni<\/li>\n<li class=\"Standard\" style=\"text-align: justify;\"><span>zwil\u017calno\u015bci powierzchni<\/span><\/li>\n<li class=\"Standard\" style=\"text-align: justify;\"><span>charakterystyki chropowato\u015bci powierzchni<br \/><\/span><\/li>\n<\/ul>[\/et_pb_text][\/et_pb_column][\/et_pb_row][\/et_pb_section][et_pb_section fb_built=&#8221;1&#8243; _builder_version=&#8221;4.14.2&#8243; _module_preset=&#8221;default&#8221; background_color=&#8221;rgba(0,0,0,0.05)&#8221; min_height=&#8221;234px&#8221; custom_padding=&#8221;||104px|||&#8221; global_colors_info=&#8221;{}&#8221;][et_pb_row column_structure=&#8221;2_3,1_3&#8243; admin_label=&#8221;Wiersz&#8221; _builder_version=&#8221;4.14.2&#8243; _module_preset=&#8221;default&#8221; custom_margin=&#8221;|auto|-108px|auto||&#8221; custom_padding=&#8221;27px||0px|||&#8221; global_colors_info=&#8221;{}&#8221;][et_pb_column type=&#8221;2_3&#8243; _builder_version=&#8221;4.14.2&#8243; _module_preset=&#8221;default&#8221; global_colors_info=&#8221;{}&#8221;][et_pb_text _builder_version=&#8221;4.14.2&#8243; _module_preset=&#8221;default&#8221; custom_margin=&#8221;-50px||||false|false&#8221; custom_padding=&#8221;0px||||false|false&#8221; global_colors_info=&#8221;{}&#8221;]<div>\n<h3 class=\"Standard\"><span>Najwa\u017cniejsze cechy urz\u0105dzenia SURFTENS Basic:<o:p><\/o:p><\/span><\/h3>\n<p><span><\/span><\/p>\n<p><span><\/span><\/p>\n<\/div>\n<div>\n<ul>\n<li>\n<p>przeznaczony do pomiaru k\u0105ta zwil\u017cania i swobodnej energii powierzchniowej<\/p>\n<\/li>\n<li>\n<p>manualna lub automatyczna pojedyncza jednostka dozuj\u0105ca<\/p>\n<\/li>\n<li>\n<p>pe\u0142na funkcjonalno\u015b\u0107<\/p>\n<\/li>\n<li>\n<p>niski koszt<\/p>\n<\/li>\n<li>zgodno\u015b\u0107 z norm\u0105 DIN<\/li>\n<\/ul>\n<\/div>[\/et_pb_text][\/et_pb_column][et_pb_column type=&#8221;1_3&#8243; _builder_version=&#8221;4.14.2&#8243; _module_preset=&#8221;default&#8221; global_colors_info=&#8221;{}&#8221;][\/et_pb_column][\/et_pb_row][\/et_pb_section][et_pb_section fb_built=&#8221;1&#8243; _builder_version=&#8221;4.14.2&#8243; _module_preset=&#8221;default&#8221; custom_margin=&#8221;49px|||||&#8221; custom_padding=&#8221;30px||||false|false&#8221; global_colors_info=&#8221;{}&#8221;][et_pb_row _builder_version=&#8221;4.14.2&#8243; _module_preset=&#8221;default&#8221; custom_padding=&#8221;0px||0px||false|false&#8221; global_colors_info=&#8221;{}&#8221;][et_pb_column type=&#8221;4_4&#8243; _builder_version=&#8221;4.14.2&#8243; _module_preset=&#8221;default&#8221; global_colors_info=&#8221;{}&#8221;][et_pb_text _builder_version=&#8221;4.14.7&#8243; _module_preset=&#8221;default&#8221; hover_enabled=&#8221;0&#8243; global_colors_info=&#8221;{}&#8221; sticky_enabled=&#8221;0&#8243;]<div class=\"dataTables_scrollHead\">\n<div class=\"dataTables_scrollHeadInner\">\n<h3>Specyfikacja:<\/h3>\n<div>\n<ul><\/ul>\n<table width=\"100%\" style=\"width: 100%; margin-left: auto; margin-right: auto;\">\n<tbody>\n<tr style=\"height: 136px;\">\n<td style=\"height: 99px; width: 317.7px;\">\n<p align=\"justify\"><strong>Elementy urz\u0105dzenia<\/strong><\/p>\n<\/td>\n<td style=\"height: 99px; width: 639.5px;\">\n<p>P\u0142yta bazowa o wymiarach 380 x 260 x 30 mm<\/p>\n<p>Uchwyt do systemu dozowania<\/p>\n<p align=\"justify\">Uchwyt soczewki<\/p>\n<\/td>\n<\/tr>\n<tr style=\"height: 56px;\">\n<td style=\"height: 24px; width: 317.7px;\">\n<p align=\"justify\"><strong>Optyka pomiarowa<\/strong><\/p>\n<\/td>\n<td style=\"height: 24px; width: 639.5px;\"><\/td>\n<\/tr>\n<tr valign=\"top\" style=\"height: 56px;\">\n<td height=\"24\" style=\"height: 24px; width: 317.7px;\">\n<p align=\"justify\">K\u0105t obserwacji<\/p>\n<\/td>\n<td style=\"height: 24px; width: 639.5px;\">\n<p align=\"justify\">Sta\u0142y, 2\u00b0<\/p>\n<\/td>\n<\/tr>\n<tr valign=\"top\" style=\"height: 56px;\">\n<td style=\"height: 14px; width: 317.7px;\">\n<p align=\"justify\">Soczewka<\/p>\n<\/td>\n<td style=\"height: 14px; width: 639.5px;\">\n<p align=\"justify\">powi\u0119kszaj\u0105ca<\/p>\n<\/td>\n<\/tr>\n<tr valign=\"top\" style=\"height: 56px;\">\n<td style=\"height: 10px; width: 317.7px;\">\n<p align=\"justify\">Wsp\u00f3\u0142czynnik powi\u0119kszenia<\/p>\n<\/td>\n<td style=\"height: 10px; width: 639.5px;\">\n<p align=\"justify\">6,5x<\/p>\n<\/td>\n<\/tr>\n<tr valign=\"top\" style=\"height: 56px;\">\n<td style=\"height: 56px; width: 317.7px;\">\n<p align=\"justify\">Powi\u0119kszenie<\/p>\n<\/td>\n<td style=\"height: 56px; width: 639.5px;\">\n<p align=\"justify\">0,35 \u2013 2,25x<\/p>\n<\/td>\n<\/tr>\n<tr valign=\"top\" style=\"height: 56px;\">\n<td style=\"height: 56px; width: 317.7px;\">\n<p align=\"justify\">Pole obiektywu<\/p>\n<\/td>\n<td style=\"height: 56px; width: 639.5px;\">\n<p align=\"justify\">Od (1,8 x 1,2) mm do (12 x 8) mm<\/p>\n<\/td>\n<\/tr>\n<tr valign=\"top\" style=\"height: 56px;\">\n<td style=\"height: 56px; width: 317.7px;\">\n<p align=\"justify\">Modu\u0142<\/p>\n<\/td>\n<td style=\"height: 56px; width: 639.5px;\">\n<p align=\"justify\">Ogniskowania i ustawiania wysoko\u015bci<\/p>\n<\/td>\n<\/tr>\n<tr style=\"height: 56px;\">\n<td style=\"height: 10px; width: 317.7px;\">\n<p align=\"justify\"><strong>Kamera B\/W USB 2.0<\/strong><\/p>\n<\/td>\n<td style=\"height: 10px; width: 639.5px;\"><\/td>\n<\/tr>\n<tr valign=\"top\" style=\"height: 56px;\">\n<td style=\"height: 10px; width: 317.7px;\">\n<p align=\"justify\">Rozdzielczo\u015b\u0107<\/p>\n<\/td>\n<td style=\"width: 639.5px; height: 10px;\">\n<p align=\"justify\">1,3 Megapiksela (1280&#215;1024) Pikseli<\/p>\n<\/td>\n<\/tr>\n<tr style=\"height: 0px;\">\n<td style=\"height: 72px; width: 317.7px;\">Pr\u0119dko\u015b\u0107 wy\u015bwietlania<\/td>\n<td style=\"height: 72px; width: 639.5px;\">\n<p>do 25 fps przy pe\u0142nej rozdzielczo\u015bci<\/p>\n<p>do 100 fps z redukcj\u0105 AOI<\/p>\n<\/td>\n<\/tr>\n<tr style=\"height: 0px;\">\n<td style=\"width: 317.7px; height: 10px;\">O\u015bwietlenie<\/td>\n<td style=\"width: 639.5px; height: 10px;\">\n<p>Bia\u0142e, LED<\/p>\n<p>Zasilacz z kontrolerem jasno\u015bci<\/p>\n<\/td>\n<\/tr>\n<tr style=\"height: 24px;\">\n<td style=\"width: 317.7px; height: 24px;\"><strong>Stolik na pr\u00f3bki<\/strong><\/td>\n<td style=\"width: 639.5px; height: 24px;\"><\/td>\n<\/tr>\n<tr style=\"height: 24px;\">\n<td style=\"width: 317.7px; height: 24px;\">Wymiary<\/td>\n<td style=\"width: 639.5px; height: 24px;\">100&#215;200 mm<\/td>\n<\/tr>\n<tr style=\"height: 24px;\">\n<td style=\"width: 317.7px; height: 24px;\">Przesuw<\/td>\n<td style=\"width: 639.5px; height: 24px;\">\n<p>x: 70 mm<\/p>\n<p>y: 30 mm<\/p>\n<p>z: 40 mm<\/p>\n<\/td>\n<\/tr>\n<tr style=\"height: 24px;\">\n<td style=\"width: 317.7px; height: 24px;\"><strong>Jednostka dozuj\u0105ca<\/strong><\/td>\n<td style=\"width: 639.5px; height: 24px;\">manualna lub zmotoryzowana<\/td>\n<\/tr>\n<tr style=\"height: 24px;\">\n<td style=\"height: 24px; width: 317.7px;\">Minimalna wielko\u015b\u0107 kropli<\/td>\n<td style=\"height: 24px; width: 639.5px;\">0,2 \u03bcl<\/td>\n<\/tr>\n<tr style=\"height: 24px;\">\n<td style=\"height: 24px; width: 317.7px;\">Rozdzielczo\u015b\u0107\/ dok\u0142adno\u015b\u0107 dozowania<\/td>\n<td style=\"height: 24px; width: 639.5px;\">+\/- 0,1 \u03bcl<\/td>\n<\/tr>\n<tr style=\"height: 24px;\">\n<td style=\"height: 24px; width: 317.7px;\">Strzykawka<\/td>\n<td style=\"height: 24px; width: 639.5px;\">Szklana z przy\u0142\u0105czem Luer-lock<\/td>\n<\/tr>\n<tr style=\"height: 24px;\">\n<td style=\"height: 24px; width: 317.7px;\"><strong>Pomiar k\u0105ta zwil\u017cania<\/strong><\/td>\n<td style=\"height: 24px; width: 639.5px;\"><\/td>\n<\/tr>\n<tr style=\"height: 24px;\">\n<td style=\"width: 317.7px; height: 10px;\">rozdzielczo\u015b\u0107<\/td>\n<td style=\"height: 10px; width: 639.5px;\">0,01\u00b0<\/td>\n<\/tr>\n<tr style=\"height: 24px;\">\n<td style=\"width: 317.7px; height: 26px;\">powtarzalno\u015b\u0107<\/td>\n<td style=\"width: 639.5px; height: 26px;\">+\/-0,1\u00b0<\/td>\n<\/tr>\n<tr style=\"height: 26px;\">\n<td style=\"width: 317.7px; height: 30px;\">dok\u0142adno\u015b\u0107<\/td>\n<td style=\"width: 639.5px; height: 30px;\">0,1\u00b0<\/td>\n<\/tr>\n<\/tbody>\n<\/table>\n<\/div>\n<div>\n<ul><\/ul>\n<p><a href=\"https:\/\/www.oeggmbh.com\/?p=12&amp;k=58&amp;kj=&amp;z=&amp;l=1\" target=\"_blank\" rel=\"noopener\">Zobacz wi\u0119cej na stronie producenta<\/a><\/p>\n<\/div>\n<div>\n<ul><\/ul>\n<\/div>\n<div>\n<ul><\/ul>\n<\/div>\n<\/div>\n<\/div>[\/et_pb_text][\/et_pb_column][\/et_pb_row][\/et_pb_section]\n","protected":false},"excerpt":{"rendered":"<p>SURFTENS Basic SURFTENS Basic jest podstawow\u0105 wersj\u0105 urz\u0105dzenia umo\u017cliwiaj\u0105cego pomiar k\u0105ta zwil\u017cania oraz swobodnej energii powierzchniowej.\u00a0 SURFTENS Basic mo\u017ce by\u0107 zastosowany w badaniu: proces\u00f3w oczyszczania i przygotowania powierzchni zwil\u017calno\u015bci powierzchni charakterystyki chropowato\u015bci powierzchni Najwa\u017cniejsze cechy urz\u0105dzenia SURFTENS Basic: przeznaczony do pomiaru k\u0105ta zwil\u017cania i swobodnej energii powierzchniowej manualna lub automatyczna pojedyncza jednostka dozuj\u0105ca pe\u0142na funkcjonalno\u015b\u0107 [&hellip;]<\/p>\n","protected":false},"author":2,"featured_media":0,"parent":1013,"menu_order":0,"comment_status":"closed","ping_status":"closed","template":"","meta":{"_et_pb_use_builder":"on","_et_pb_old_content":"","_et_gb_content_width":"","footnotes":""},"class_list":["post-1158","page","type-page","status-publish","hentry"],"yoast_head":"<!-- This site is optimized with the Yoast SEO plugin v27.4 - https:\/\/yoast.com\/product\/yoast-seo-wordpress\/ -->\n<title>Optyczne urz\u0105dzenia pomiarowe Surftens Basic - Measline<\/title>\n<meta name=\"description\" content=\"podstawowa wersja urz\u0105dzenia umo\u017cliwiaj\u0105cego pomiar k\u0105ta zwil\u017cania oraz swobodn\u0105 energi\u0119 powierzchniow\u0105 pr\u00f3bek.\" \/>\n<meta name=\"robots\" content=\"index, follow, max-snippet:-1, max-image-preview:large, max-video-preview:-1\" \/>\n<link rel=\"canonical\" href=\"https:\/\/measline.com\/index.php\/pl\/measline\/produkty\/surftens\/surftens-basic-2\/\" \/>\n<meta property=\"og:locale\" content=\"pl_PL\" \/>\n<meta property=\"og:type\" content=\"article\" \/>\n<meta property=\"og:title\" content=\"Optyczne urz\u0105dzenia pomiarowe Surftens Basic - Measline\" \/>\n<meta property=\"og:description\" content=\"podstawowa wersja urz\u0105dzenia umo\u017cliwiaj\u0105cego pomiar k\u0105ta zwil\u017cania oraz swobodn\u0105 energi\u0119 powierzchniow\u0105 pr\u00f3bek.\" \/>\n<meta property=\"og:url\" content=\"https:\/\/measline.com\/index.php\/pl\/measline\/produkty\/surftens\/surftens-basic-2\/\" \/>\n<meta property=\"og:site_name\" content=\"Measline\" \/>\n<meta property=\"article:modified_time\" content=\"2022-02-14T11:05:46+00:00\" \/>\n<meta name=\"twitter:card\" content=\"summary_large_image\" \/>\n<meta name=\"twitter:label1\" content=\"Szacowany czas czytania\" \/>\n\t<meta name=\"twitter:data1\" content=\"2 minuty\" \/>\n<script type=\"application\/ld+json\" class=\"yoast-schema-graph\">{\"@context\":\"https:\\\/\\\/schema.org\",\"@graph\":[{\"@type\":\"WebPage\",\"@id\":\"https:\\\/\\\/measline.com\\\/index.php\\\/pl\\\/measline\\\/produkty\\\/surftens\\\/surftens-basic-2\\\/\",\"url\":\"https:\\\/\\\/measline.com\\\/index.php\\\/pl\\\/measline\\\/produkty\\\/surftens\\\/surftens-basic-2\\\/\",\"name\":\"Optyczne urz\u0105dzenia pomiarowe Surftens Basic - Measline\",\"isPartOf\":{\"@id\":\"https:\\\/\\\/measline.com\\\/#website\"},\"datePublished\":\"2021-12-10T11:22:00+00:00\",\"dateModified\":\"2022-02-14T11:05:46+00:00\",\"description\":\"podstawowa wersja urz\u0105dzenia umo\u017cliwiaj\u0105cego pomiar k\u0105ta zwil\u017cania oraz swobodn\u0105 energi\u0119 powierzchniow\u0105 pr\u00f3bek.\",\"breadcrumb\":{\"@id\":\"https:\\\/\\\/measline.com\\\/index.php\\\/pl\\\/measline\\\/produkty\\\/surftens\\\/surftens-basic-2\\\/#breadcrumb\"},\"inLanguage\":\"pl-PL\",\"potentialAction\":[{\"@type\":\"ReadAction\",\"target\":[\"https:\\\/\\\/measline.com\\\/index.php\\\/pl\\\/measline\\\/produkty\\\/surftens\\\/surftens-basic-2\\\/\"]}]},{\"@type\":\"BreadcrumbList\",\"@id\":\"https:\\\/\\\/measline.com\\\/index.php\\\/pl\\\/measline\\\/produkty\\\/surftens\\\/surftens-basic-2\\\/#breadcrumb\",\"itemListElement\":[{\"@type\":\"ListItem\",\"position\":1,\"name\":\"Strona g\u0142\u00f3wna\",\"item\":\"https:\\\/\\\/measline.com\\\/index.php\\\/pl\\\/\"},{\"@type\":\"ListItem\",\"position\":2,\"name\":\"Strona g\u0142\u00f3wna\",\"item\":\"https:\\\/\\\/measline.com\\\/index.php\\\/pl\\\/\"},{\"@type\":\"ListItem\",\"position\":3,\"name\":\"Produkty\",\"item\":\"https:\\\/\\\/measline.com\\\/index.php\\\/pl\\\/measline\\\/produkty\\\/\"},{\"@type\":\"ListItem\",\"position\":4,\"name\":\"Surftens\",\"item\":\"https:\\\/\\\/measline.com\\\/index.php\\\/pl\\\/measline\\\/produkty\\\/surftens\\\/\"},{\"@type\":\"ListItem\",\"position\":5,\"name\":\"SURFTENS Basic\"}]},{\"@type\":\"WebSite\",\"@id\":\"https:\\\/\\\/measline.com\\\/#website\",\"url\":\"https:\\\/\\\/measline.com\\\/\",\"name\":\"Measline\",\"description\":\"Advanced solutions\",\"publisher\":{\"@id\":\"https:\\\/\\\/measline.com\\\/#organization\"},\"potentialAction\":[{\"@type\":\"SearchAction\",\"target\":{\"@type\":\"EntryPoint\",\"urlTemplate\":\"https:\\\/\\\/measline.com\\\/?s={search_term_string}\"},\"query-input\":{\"@type\":\"PropertyValueSpecification\",\"valueRequired\":true,\"valueName\":\"search_term_string\"}}],\"inLanguage\":\"pl-PL\"},{\"@type\":\"Organization\",\"@id\":\"https:\\\/\\\/measline.com\\\/#organization\",\"name\":\"Measline\",\"url\":\"https:\\\/\\\/measline.com\\\/\",\"logo\":{\"@type\":\"ImageObject\",\"inLanguage\":\"pl-PL\",\"@id\":\"https:\\\/\\\/measline.com\\\/#\\\/schema\\\/logo\\\/image\\\/\",\"url\":\"https:\\\/\\\/measline.com\\\/wp-content\\\/uploads\\\/2021\\\/11\\\/logo_color_small.png.png\",\"contentUrl\":\"https:\\\/\\\/measline.com\\\/wp-content\\\/uploads\\\/2021\\\/11\\\/logo_color_small.png.png\",\"width\":1000,\"height\":417,\"caption\":\"Measline\"},\"image\":{\"@id\":\"https:\\\/\\\/measline.com\\\/#\\\/schema\\\/logo\\\/image\\\/\"}}]}<\/script>\n<!-- \/ Yoast SEO plugin. -->","yoast_head_json":{"title":"Optyczne urz\u0105dzenia pomiarowe Surftens Basic - Measline","description":"podstawowa wersja urz\u0105dzenia umo\u017cliwiaj\u0105cego pomiar k\u0105ta zwil\u017cania oraz swobodn\u0105 energi\u0119 powierzchniow\u0105 pr\u00f3bek.","robots":{"index":"index","follow":"follow","max-snippet":"max-snippet:-1","max-image-preview":"max-image-preview:large","max-video-preview":"max-video-preview:-1"},"canonical":"https:\/\/measline.com\/index.php\/pl\/measline\/produkty\/surftens\/surftens-basic-2\/","og_locale":"pl_PL","og_type":"article","og_title":"Optyczne urz\u0105dzenia pomiarowe Surftens Basic - Measline","og_description":"podstawowa wersja urz\u0105dzenia umo\u017cliwiaj\u0105cego pomiar k\u0105ta zwil\u017cania oraz swobodn\u0105 energi\u0119 powierzchniow\u0105 pr\u00f3bek.","og_url":"https:\/\/measline.com\/index.php\/pl\/measline\/produkty\/surftens\/surftens-basic-2\/","og_site_name":"Measline","article_modified_time":"2022-02-14T11:05:46+00:00","twitter_card":"summary_large_image","twitter_misc":{"Szacowany czas czytania":"2 minuty"},"schema":{"@context":"https:\/\/schema.org","@graph":[{"@type":"WebPage","@id":"https:\/\/measline.com\/index.php\/pl\/measline\/produkty\/surftens\/surftens-basic-2\/","url":"https:\/\/measline.com\/index.php\/pl\/measline\/produkty\/surftens\/surftens-basic-2\/","name":"Optyczne urz\u0105dzenia pomiarowe Surftens Basic - Measline","isPartOf":{"@id":"https:\/\/measline.com\/#website"},"datePublished":"2021-12-10T11:22:00+00:00","dateModified":"2022-02-14T11:05:46+00:00","description":"podstawowa wersja urz\u0105dzenia umo\u017cliwiaj\u0105cego pomiar k\u0105ta zwil\u017cania oraz swobodn\u0105 energi\u0119 powierzchniow\u0105 pr\u00f3bek.","breadcrumb":{"@id":"https:\/\/measline.com\/index.php\/pl\/measline\/produkty\/surftens\/surftens-basic-2\/#breadcrumb"},"inLanguage":"pl-PL","potentialAction":[{"@type":"ReadAction","target":["https:\/\/measline.com\/index.php\/pl\/measline\/produkty\/surftens\/surftens-basic-2\/"]}]},{"@type":"BreadcrumbList","@id":"https:\/\/measline.com\/index.php\/pl\/measline\/produkty\/surftens\/surftens-basic-2\/#breadcrumb","itemListElement":[{"@type":"ListItem","position":1,"name":"Strona g\u0142\u00f3wna","item":"https:\/\/measline.com\/index.php\/pl\/"},{"@type":"ListItem","position":2,"name":"Strona g\u0142\u00f3wna","item":"https:\/\/measline.com\/index.php\/pl\/"},{"@type":"ListItem","position":3,"name":"Produkty","item":"https:\/\/measline.com\/index.php\/pl\/measline\/produkty\/"},{"@type":"ListItem","position":4,"name":"Surftens","item":"https:\/\/measline.com\/index.php\/pl\/measline\/produkty\/surftens\/"},{"@type":"ListItem","position":5,"name":"SURFTENS Basic"}]},{"@type":"WebSite","@id":"https:\/\/measline.com\/#website","url":"https:\/\/measline.com\/","name":"Measline","description":"Advanced solutions","publisher":{"@id":"https:\/\/measline.com\/#organization"},"potentialAction":[{"@type":"SearchAction","target":{"@type":"EntryPoint","urlTemplate":"https:\/\/measline.com\/?s={search_term_string}"},"query-input":{"@type":"PropertyValueSpecification","valueRequired":true,"valueName":"search_term_string"}}],"inLanguage":"pl-PL"},{"@type":"Organization","@id":"https:\/\/measline.com\/#organization","name":"Measline","url":"https:\/\/measline.com\/","logo":{"@type":"ImageObject","inLanguage":"pl-PL","@id":"https:\/\/measline.com\/#\/schema\/logo\/image\/","url":"https:\/\/measline.com\/wp-content\/uploads\/2021\/11\/logo_color_small.png.png","contentUrl":"https:\/\/measline.com\/wp-content\/uploads\/2021\/11\/logo_color_small.png.png","width":1000,"height":417,"caption":"Measline"},"image":{"@id":"https:\/\/measline.com\/#\/schema\/logo\/image\/"}}]}},"_links":{"self":[{"href":"https:\/\/measline.com\/index.php\/wp-json\/wp\/v2\/pages\/1158","targetHints":{"allow":["GET"]}}],"collection":[{"href":"https:\/\/measline.com\/index.php\/wp-json\/wp\/v2\/pages"}],"about":[{"href":"https:\/\/measline.com\/index.php\/wp-json\/wp\/v2\/types\/page"}],"author":[{"embeddable":true,"href":"https:\/\/measline.com\/index.php\/wp-json\/wp\/v2\/users\/2"}],"replies":[{"embeddable":true,"href":"https:\/\/measline.com\/index.php\/wp-json\/wp\/v2\/comments?post=1158"}],"version-history":[{"count":14,"href":"https:\/\/measline.com\/index.php\/wp-json\/wp\/v2\/pages\/1158\/revisions"}],"predecessor-version":[{"id":2886,"href":"https:\/\/measline.com\/index.php\/wp-json\/wp\/v2\/pages\/1158\/revisions\/2886"}],"up":[{"embeddable":true,"href":"https:\/\/measline.com\/index.php\/wp-json\/wp\/v2\/pages\/1013"}],"wp:attachment":[{"href":"https:\/\/measline.com\/index.php\/wp-json\/wp\/v2\/media?parent=1158"}],"curies":[{"name":"wp","href":"https:\/\/api.w.org\/{rel}","templated":true}]}}