{"id":1195,"date":"2021-12-13T10:45:30","date_gmt":"2021-12-13T09:45:30","guid":{"rendered":"http:\/\/measline.com\/\/?page_id=1195"},"modified":"2025-05-16T12:01:47","modified_gmt":"2025-05-16T10:01:47","slug":"1195-2","status":"publish","type":"page","link":"https:\/\/measline.com\/index.php\/pl\/measline\/produkty\/surftens\/1195-2\/","title":{"rendered":"SURFTENS UNIVERSAL"},"content":{"rendered":"\n[et_pb_section fb_built=&#8221;1&#8243; _builder_version=&#8221;4.14.2&#8243; _module_preset=&#8221;default&#8221; background_color=&#8221;rgba(0,0,0,0.05)&#8221; custom_margin=&#8221;0px|0px|0px|0px|false|false&#8221; custom_padding=&#8221;0px|0px|0px|0px|false|false&#8221; global_colors_info=&#8221;{}&#8221;][et_pb_row _builder_version=&#8221;4.14.2&#8243; _module_preset=&#8221;default&#8221; custom_margin=&#8221;0px||0px||true|false&#8221; custom_padding=&#8221;11px||3px||false|false&#8221; global_colors_info=&#8221;{}&#8221;][et_pb_column type=&#8221;4_4&#8243; _builder_version=&#8221;4.14.2&#8243; _module_preset=&#8221;default&#8221; global_colors_info=&#8221;{}&#8221;][et_pb_button button_url=&#8221;@ET-DC@eyJkeW5hbWljIjp0cnVlLCJjb250ZW50IjoicG9zdF9saW5rX3VybF9wYWdlIiwic2V0dGluZ3MiOnsicG9zdF9pZCI6IjEwMTMifX0=@&#8221; button_text=&#8221;Powr\u00f3t do podkategorii&#8221; _builder_version=&#8221;4.14.7&#8243; _dynamic_attributes=&#8221;button_url&#8221; _module_preset=&#8221;default&#8221; custom_button=&#8221;on&#8221; button_text_color=&#8221;#225500&#8243; button_border_width=&#8221;0px&#8221; button_icon=&#8221;&#x4a;||divi||400&#8243; global_colors_info=&#8221;{}&#8221;][\/et_pb_button][\/et_pb_column][\/et_pb_row][\/et_pb_section][et_pb_section fb_built=&#8221;1&#8243; _builder_version=&#8221;4.14.2&#8243; _module_preset=&#8221;default&#8221; global_colors_info=&#8221;{}&#8221;][et_pb_row column_structure=&#8221;1_2,1_2&#8243; _builder_version=&#8221;4.10.8&#8243; _module_preset=&#8221;default&#8221; global_colors_info=&#8221;{}&#8221;][et_pb_column type=&#8221;1_2&#8243; _builder_version=&#8221;4.10.8&#8243; _module_preset=&#8221;default&#8221; global_colors_info=&#8221;{}&#8221;][et_pb_image src=&#8221;http:\/\/measline.com\/\/wp-content\/uploads\/2021\/12\/Surftens-universal-2-kolo-1-scaled.jpg&#8221; title_text=&#8221;Surftens universal 2 kolo&#8221; align=&#8221;center&#8221; _builder_version=&#8221;4.14.2&#8243; _module_preset=&#8221;default&#8221; width=&#8221;71%&#8221; custom_padding=&#8221;0px||0px||true|false&#8221; global_colors_info=&#8221;{}&#8221;][\/et_pb_image][\/et_pb_column][et_pb_column type=&#8221;1_2&#8243; _builder_version=&#8221;4.10.8&#8243; _module_preset=&#8221;default&#8221; global_colors_info=&#8221;{}&#8221;][et_pb_text _builder_version=&#8221;4.14.2&#8243; _module_preset=&#8221;default&#8221; global_colors_info=&#8221;{}&#8221;]<h1><strong>SURFTENS UNIVERSAL<\/strong><\/h1>[\/et_pb_text][et_pb_divider color=&#8221;#215500&#8243; divider_weight=&#8221;2px&#8221; _builder_version=&#8221;4.14.1&#8243; _module_preset=&#8221;default&#8221; custom_margin=&#8221;-23px||6px||false|false&#8221; global_colors_info=&#8221;{}&#8221;][\/et_pb_divider][et_pb_text _builder_version=&#8221;4.14.2&#8243; _module_preset=&#8221;default&#8221; global_colors_info=&#8221;{}&#8221;]<div style=\"text-align: justify;\">Urz\u0105dzenia SURFTENSE UNIVERSAL podwalaj\u0105 na uzyskanie wiarygodnych informacji o zwil\u017calno\u015bci, napi\u0119ciu powierzchniowym oraz swobodnej energii powierzchniowej. Istnieje mo\u017cliwo\u015b\u0107 wyboru liczby oraz rodzaju jednostek dozuj\u0105cych, a tak\u017ce doboru wyposa\u017cenia dodatkowego w tym komory termicznej, systemu pochylania urz\u0105dzenia lub dodatkowych kamer o wy\u017cszej rozdzielczo\u015bci.<\/div>\n<p>&nbsp;<\/p>[\/et_pb_text][\/et_pb_column][\/et_pb_row][\/et_pb_section][et_pb_section fb_built=&#8221;1&#8243; _builder_version=&#8221;4.14.2&#8243; _module_preset=&#8221;default&#8221; background_color=&#8221;rgba(0,0,0,0.05)&#8221; global_colors_info=&#8221;{}&#8221;][et_pb_row column_structure=&#8221;2_3,1_3&#8243; _builder_version=&#8221;4.14.2&#8243; _module_preset=&#8221;default&#8221; global_colors_info=&#8221;{}&#8221;][et_pb_column type=&#8221;2_3&#8243; _builder_version=&#8221;4.14.2&#8243; _module_preset=&#8221;default&#8221; global_colors_info=&#8221;{}&#8221;][et_pb_text _builder_version=&#8221;4.14.2&#8243; _module_preset=&#8221;default&#8221; custom_margin=&#8221;-50px||||false|false&#8221; global_colors_info=&#8221;{}&#8221;]<div>\n<h3 class=\"Standard\">Najwa\u017cniejsze cechy urz\u0105dzenia SURFTENS UNIVERSAL<o:p><\/o:p><\/h3>\n<\/div>\n<div>\n<ul>\n<li>\n<p>przeznaczony do pomiaru k\u0105ta zwil\u017cania i napi\u0119cia powierzchniowego oraz swobodnej energii powierzchniowej<\/p>\n<\/li>\n<li>1-3 jednostek dozuj\u0105cych<\/li>\n<li>\n<p>manualne i\/lub automatyczne jednostki dozuj\u0105ce<\/p>\n<\/li>\n<li>mo\u017cliwo\u015b\u0107 regulacji k\u0105ta nachylenia stolika<\/li>\n<li>\n<p>pe\u0142na funkcjonalno\u015b\u0107<\/p>\n<\/li>\n<li>\n<p>niski koszt<\/p>\n<\/li>\n<li>zgodno\u015b\u0107 z norm\u0105 DIN<\/li>\n<\/ul>\n<\/div>\n<div>\n<p class=\"Standard\"><o:p><\/o:p><\/p>\n<\/div>[\/et_pb_text][\/et_pb_column][et_pb_column type=&#8221;1_3&#8243; _builder_version=&#8221;4.14.2&#8243; _module_preset=&#8221;default&#8221; global_colors_info=&#8221;{}&#8221;][et_pb_gallery gallery_ids=&#8221;1204,1205&#8243; fullwidth=&#8221;on&#8221; _builder_version=&#8221;4.14.7&#8243; _module_preset=&#8221;default&#8221; max_width=&#8221;70%&#8221; custom_margin=&#8221;-30px|||16px|false|false&#8221; custom_padding=&#8221;0px||0px||true|false&#8221; hover_enabled=&#8221;0&#8243; global_colors_info=&#8221;{}&#8221; auto=&#8221;on&#8221; animation_style=&#8221;fade&#8221; auto_speed=&#8221;5000&#8243; sticky_enabled=&#8221;0&#8243;][\/et_pb_gallery][\/et_pb_column][\/et_pb_row][et_pb_row _builder_version=&#8221;4.10.8&#8243; _module_preset=&#8221;default&#8221; global_colors_info=&#8221;{}&#8221;][et_pb_column type=&#8221;4_4&#8243; _builder_version=&#8221;4.10.8&#8243; _module_preset=&#8221;default&#8221; global_colors_info=&#8221;{}&#8221;][et_pb_video src=&#8221;http:\/\/www.youtube.com\/watch?v=reGiTein62A&#8221; admin_label=&#8221;Klip wideo&#8221; _builder_version=&#8221;4.14.2&#8243; _module_preset=&#8221;default&#8221; width=&#8221;60%&#8221; module_alignment=&#8221;center&#8221; global_colors_info=&#8221;{}&#8221;][\/et_pb_video][\/et_pb_column][\/et_pb_row][\/et_pb_section][et_pb_section fb_built=&#8221;1&#8243; _builder_version=&#8221;4.14.2&#8243; _module_preset=&#8221;default&#8221; background_color=&#8221;#FFFFFF&#8221; custom_padding=&#8221;30px||54px||false|false&#8221; global_colors_info=&#8221;{}&#8221;][et_pb_row _builder_version=&#8221;4.14.7&#8243; _module_preset=&#8221;default&#8221; custom_margin=&#8221;||||false|false&#8221; custom_padding=&#8221;||||false|false&#8221; global_colors_info=&#8221;{}&#8221;][et_pb_column type=&#8221;4_4&#8243; _builder_version=&#8221;4.14.2&#8243; _module_preset=&#8221;default&#8221; global_colors_info=&#8221;{}&#8221;][et_pb_text _builder_version=&#8221;4.14.7&#8243; _module_preset=&#8221;default&#8221; global_colors_info=&#8221;{}&#8221;]<div class=\"dataTables_scrollHead\">\n<div class=\"dataTables_scrollHeadInner\">\n<h3>Specyfikacja:<\/h3>\n<div>\n<ul><\/ul>\n<table style=\"height: 100%;\">\n<tbody>\n<tr style=\"height: 136px;\">\n<td style=\"height: 136px; width: 341.883px;\">\n<p align=\"justify\"><strong>Elementy urz\u0105dzenia<\/strong><\/p>\n<\/td>\n<td style=\"height: 136px; width: 630.05px;\">\n<p>Szyna podstawowa<\/p>\n<p>Jednostka soczewkowa wraz z:<\/p>\n<p>-modu\u0142em do precyzyjnego ogniskowania<\/p>\n<p>-modu\u0142em krzy\u017cowym do centrowania ig\u0142y dozownika<\/p>\n<\/td>\n<\/tr>\n<tr style=\"height: 56px;\">\n<td style=\"height: 56px; width: 341.883px;\">Wymiary<\/td>\n<td style=\"height: 56px; width: 630.05px;\">750 x 260 x 600 mm<\/td>\n<\/tr>\n<tr style=\"height: 56px;\">\n<td style=\"height: 56px; width: 341.883px;\">\n<p align=\"justify\"><strong>Optyka pomiarowa<\/strong><\/p>\n<\/td>\n<td style=\"height: 56px; width: 630.05px;\"><\/td>\n<\/tr>\n<tr valign=\"top\" style=\"height: 56px;\">\n<td height=\"24\" style=\"height: 56px; width: 341.883px;\">\n<p align=\"justify\">K\u0105t obserwacji<\/p>\n<\/td>\n<td style=\"height: 56px; width: 630.05px;\">\n<p align=\"justify\">Regulowany, w zakresie 0-2\u00b0<\/p>\n<\/td>\n<\/tr>\n<tr valign=\"top\" style=\"height: 56px;\">\n<td style=\"height: 56px; width: 341.883px;\">\n<p align=\"justify\">Soczewka<\/p>\n<\/td>\n<td style=\"height: 56px; width: 630.05px;\">\n<p align=\"justify\">powi\u0119kszaj\u0105ca<\/p>\n<\/td>\n<\/tr>\n<tr valign=\"top\" style=\"height: 56px;\">\n<td style=\"height: 56px; width: 341.883px;\">\n<p align=\"justify\">Wsp\u00f3\u0142czynnik powi\u0119kszenia<\/p>\n<\/td>\n<td style=\"height: 56px; width: 630.05px;\">\n<p align=\"justify\">6,5x<\/p>\n<\/td>\n<\/tr>\n<tr valign=\"top\" style=\"height: 56px;\">\n<td style=\"height: 56px; width: 341.883px;\">\n<p align=\"justify\">Powi\u0119kszenie<\/p>\n<\/td>\n<td style=\"height: 56px; width: 630.05px;\">\n<p align=\"justify\">0,35 \u2013 2,25x<\/p>\n<\/td>\n<\/tr>\n<tr valign=\"top\" style=\"height: 56px;\">\n<td style=\"height: 56px; width: 341.883px;\">\n<p align=\"justify\">Pole obiektywu<\/p>\n<\/td>\n<td style=\"height: 56px; width: 630.05px;\">\n<p align=\"justify\">Od (1,8 x 1,2) mm do (12 x 8) mm<\/p>\n<\/td>\n<\/tr>\n<tr valign=\"top\" style=\"height: 56px;\">\n<td style=\"height: 56px; width: 341.883px; text-align: left;\">Odleg\u0142o\u015b\u0107 robocza<\/td>\n<td style=\"height: 56px; width: 630.05px;\">ok. 100 mm<\/td>\n<\/tr>\n<tr valign=\"top\" style=\"height: 56px;\">\n<td style=\"height: 56px; width: 341.883px;\">\n<p align=\"justify\">Modu\u0142<\/p>\n<\/td>\n<td style=\"height: 56px; width: 630.05px;\">\n<p align=\"justify\">Ogniskowania i ustawiania wysoko\u015bci<\/p>\n<\/td>\n<\/tr>\n<tr style=\"height: 56px;\">\n<td style=\"height: 56px; width: 341.883px;\">\n<p align=\"justify\"><strong>Kamera B\/W USB 2.0<\/strong><\/p>\n<\/td>\n<td style=\"height: 56px; width: 630.05px;\"><\/td>\n<\/tr>\n<tr valign=\"top\" style=\"height: 56px;\">\n<td style=\"height: 56px; width: 341.883px;\">\n<p align=\"justify\">Rozdzielczo\u015b\u0107<\/p>\n<\/td>\n<td style=\"width: 630.05px; height: 56px;\">\n<p align=\"justify\">1,3 Megapiksela (1280&#215;1024) Pikseli<\/p>\n<\/td>\n<\/tr>\n<tr style=\"height: 96px;\">\n<td style=\"height: 96px; width: 341.883px;\">Pr\u0119dko\u015b\u0107 wy\u015bwietlania<\/td>\n<td style=\"height: 96px; width: 630.05px;\">\n<p>do 60 fps przy pe\u0142nej rozdzielczo\u015bci<\/p>\n<p>do 800 fps z redukcj\u0105 AOI<\/p>\n<\/td>\n<\/tr>\n<tr style=\"height: 10px;\">\n<td style=\"width: 341.883px; height: 10px;\">O\u015bwietlenie<\/td>\n<td style=\"width: 630.05px; height: 10px;\">\n<p>Bia\u0142e, LED<\/p>\n<p>Zasilacz z kontrolerem jasno\u015bci<\/p>\n<\/td>\n<\/tr>\n<tr style=\"height: 24px;\">\n<td style=\"width: 341.883px; height: 24px;\"><strong>Stolik na pr\u00f3bki<\/strong><\/td>\n<td style=\"width: 630.05px; height: 24px;\"><\/td>\n<\/tr>\n<tr style=\"height: 24px;\">\n<td style=\"width: 341.883px; height: 24px;\">Wymiary<\/td>\n<td style=\"width: 630.05px; height: 24px;\">\u015brednica 100 mm<\/td>\n<\/tr>\n<tr style=\"height: 24px;\">\n<td style=\"width: 341.883px; height: 24px;\">Przesuw<\/td>\n<td style=\"width: 630.05px; height: 24px;\">\n<p>z: 40 mm- umo\u017cliwia analiz\u0119 pr\u00f3bek o r\u00f3\u017cnych rozmiarach<\/p>\n<p>x,y: 20&#215;20 mm &#8211; krzy\u017cowy uk\u0142ad pozycjonowania pr\u00f3bek<\/p>\n<\/td>\n<\/tr>\n<tr style=\"height: 24px;\">\n<td style=\"width: 341.883px; height: 24px;\"><strong>Jednostki dozuj\u0105ce<\/strong><\/td>\n<td style=\"width: 630.05px; height: 24px;\"><\/td>\n<\/tr>\n<tr style=\"height: 24px;\">\n<td style=\"width: 341.883px; height: 24px;\">Dozowniki<\/td>\n<td style=\"width: 630.05px; height: 24px;\">manualne lub\/i zmotoryzowane<\/td>\n<\/tr>\n<tr style=\"height: 24px;\">\n<td style=\"width: 341.883px; height: 24px;\">Liczba<\/td>\n<td style=\"width: 630.05px; height: 24px;\">1-3<\/td>\n<\/tr>\n<tr style=\"height: 24px;\">\n<td style=\"height: 24px; width: 341.883px;\">Minimalna wielko\u015b\u0107 kropli<\/td>\n<td style=\"height: 24px; width: 630.05px;\">0,2 \u03bcl<\/td>\n<\/tr>\n<tr style=\"height: 24px;\">\n<td style=\"height: 24px; width: 341.883px;\">Rozdzielczo\u015b\u0107\/ dok\u0142adno\u015b\u0107 dozowania<\/td>\n<td style=\"height: 24px; width: 630.05px;\">+\/- 0,1 \u03bcl<\/td>\n<\/tr>\n<tr style=\"height: 24px;\">\n<td style=\"height: 24px; width: 341.883px;\">Strzykawka<\/td>\n<td style=\"height: 24px; width: 630.05px;\">szklana z przy\u0142\u0105czem Luer-lock<\/td>\n<\/tr>\n<tr style=\"height: 24px;\">\n<td style=\"width: 341.883px; height: 24px;\">Regulator wysoko\u015bci<\/td>\n<td style=\"width: 630.05px; height: 24px;\">wysoko\u015b\u0107 ig\u0142y nad pr\u00f3bk\u0105<\/td>\n<\/tr>\n<tr style=\"height: 24px;\">\n<td style=\"height: 24px; width: 341.883px;\"><strong>Pomiar k\u0105ta zwil\u017cania<\/strong><\/td>\n<td style=\"height: 24px; width: 630.05px;\"><\/td>\n<\/tr>\n<tr style=\"height: 56px;\">\n<td style=\"width: 341.883px; height: 56px;\">rozdzielczo\u015b\u0107<\/td>\n<td style=\"height: 56px; width: 630.05px;\">0,1\u00b0<\/td>\n<\/tr>\n<tr style=\"height: 56px;\">\n<td style=\"width: 341.883px; height: 56px;\">powtarzalno\u015b\u0107<\/td>\n<td style=\"width: 630.05px; height: 56px;\">+\/-0,2\u00b0<\/td>\n<\/tr>\n<tr style=\"height: 56px;\">\n<td style=\"width: 341.883px; height: 56px;\">dok\u0142adno\u015b\u0107<\/td>\n<td style=\"width: 630.05px; height: 56px;\">0,5\u00b0<\/td>\n<\/tr>\n<tr>\n<td style=\"width: 341.883px;\">Wyposa\u017cenie dodatkowe<\/td>\n<td style=\"width: 630.05px;\">\n<p>-uk\u0142ad pochylania ca\u0142ego instrumentu<\/p>\n<p>-komora termiczna do 80\u00b0C<\/p>\n<p>-modyfikacja systemu dozuj\u0105cego umo\u017cliwiaj\u0105ca automatyczn\u0105 kontrol\u0119 obj\u0119to\u015bci kropli<\/p>\n<p>-zmotoryzowany stolik na pr\u00f3bki o zakresie skanowania 75&#215;30 mm<\/p>\n<\/td>\n<\/tr>\n<\/tbody>\n<\/table>\n<\/div>\n<div>\n<ul><\/ul>\n<p><a href=\"https:\/\/www.oeggmbh.com\/?p=12&amp;k=1&amp;kj=&amp;z=&amp;l=1\" target=\"_blank\" rel=\"noopener\">Zobacz wi\u0119cej na stronie producenta<\/a><\/p>\n<\/div>\n<div>\n<ul><\/ul>\n<\/div>\n<div>\n<ul><\/ul>\n<\/div>\n<\/div>\n<\/div>[\/et_pb_text][\/et_pb_column][\/et_pb_row][\/et_pb_section]\n","protected":false},"excerpt":{"rendered":"<p>SURFTENS UNIVERSALUrz\u0105dzenia SURFTENSE UNIVERSAL podwalaj\u0105 na uzyskanie wiarygodnych informacji o zwil\u017calno\u015bci, napi\u0119ciu powierzchniowym oraz swobodnej energii powierzchniowej. Istnieje mo\u017cliwo\u015b\u0107 wyboru liczby oraz rodzaju jednostek dozuj\u0105cych, a tak\u017ce doboru wyposa\u017cenia dodatkowego w tym komory termicznej, systemu pochylania urz\u0105dzenia lub dodatkowych kamer o wy\u017cszej rozdzielczo\u015bci. &nbsp; Najwa\u017cniejsze cechy urz\u0105dzenia SURFTENS UNIVERSAL przeznaczony do pomiaru k\u0105ta zwil\u017cania i [&hellip;]<\/p>\n","protected":false},"author":2,"featured_media":0,"parent":1013,"menu_order":0,"comment_status":"closed","ping_status":"closed","template":"","meta":{"_et_pb_use_builder":"on","_et_pb_old_content":"","_et_gb_content_width":"","footnotes":""},"class_list":["post-1195","page","type-page","status-publish","hentry"],"yoast_head":"<!-- This site is optimized with the Yoast SEO plugin v27.5 - https:\/\/yoast.com\/product\/yoast-seo-wordpress\/ -->\n<title>Optyczne urz\u0105dzenia pomiarowe Surftens Universal - Measline<\/title>\n<meta name=\"description\" content=\"Urz\u0105dzenie pozwalaj\u0105ce na uzyskanie informacji o zwil\u017calno\u015bci, napi\u0119ciu powierzchniowym oraz swobodnej energii powierzchniowej.\" \/>\n<meta name=\"robots\" content=\"index, follow, max-snippet:-1, max-image-preview:large, max-video-preview:-1\" \/>\n<link rel=\"canonical\" href=\"https:\/\/measline.com\/index.php\/pl\/measline\/produkty\/surftens\/1195-2\/\" \/>\n<meta property=\"og:locale\" content=\"pl_PL\" \/>\n<meta property=\"og:type\" content=\"article\" \/>\n<meta property=\"og:title\" content=\"Optyczne urz\u0105dzenia pomiarowe Surftens Universal - Measline\" \/>\n<meta property=\"og:description\" content=\"Urz\u0105dzenie pozwalaj\u0105ce na uzyskanie informacji o zwil\u017calno\u015bci, napi\u0119ciu powierzchniowym oraz swobodnej energii powierzchniowej.\" \/>\n<meta property=\"og:url\" content=\"https:\/\/measline.com\/index.php\/pl\/measline\/produkty\/surftens\/1195-2\/\" \/>\n<meta property=\"og:site_name\" content=\"Measline\" \/>\n<meta property=\"article:modified_time\" content=\"2025-05-16T10:01:47+00:00\" \/>\n<meta name=\"twitter:card\" content=\"summary_large_image\" \/>\n<meta name=\"twitter:label1\" content=\"Szacowany czas czytania\" \/>\n\t<meta name=\"twitter:data1\" content=\"3 minuty\" \/>\n<script type=\"application\/ld+json\" class=\"yoast-schema-graph\">{\"@context\":\"https:\\\/\\\/schema.org\",\"@graph\":[{\"@type\":\"WebPage\",\"@id\":\"https:\\\/\\\/measline.com\\\/index.php\\\/pl\\\/measline\\\/produkty\\\/surftens\\\/1195-2\\\/\",\"url\":\"https:\\\/\\\/measline.com\\\/index.php\\\/pl\\\/measline\\\/produkty\\\/surftens\\\/1195-2\\\/\",\"name\":\"Optyczne urz\u0105dzenia pomiarowe Surftens Universal - Measline\",\"isPartOf\":{\"@id\":\"https:\\\/\\\/measline.com\\\/#website\"},\"datePublished\":\"2021-12-13T09:45:30+00:00\",\"dateModified\":\"2025-05-16T10:01:47+00:00\",\"description\":\"Urz\u0105dzenie pozwalaj\u0105ce na uzyskanie informacji o zwil\u017calno\u015bci, napi\u0119ciu powierzchniowym oraz swobodnej energii powierzchniowej.\",\"breadcrumb\":{\"@id\":\"https:\\\/\\\/measline.com\\\/index.php\\\/pl\\\/measline\\\/produkty\\\/surftens\\\/1195-2\\\/#breadcrumb\"},\"inLanguage\":\"pl-PL\",\"potentialAction\":[{\"@type\":\"ReadAction\",\"target\":[\"https:\\\/\\\/measline.com\\\/index.php\\\/pl\\\/measline\\\/produkty\\\/surftens\\\/1195-2\\\/\"]}]},{\"@type\":\"BreadcrumbList\",\"@id\":\"https:\\\/\\\/measline.com\\\/index.php\\\/pl\\\/measline\\\/produkty\\\/surftens\\\/1195-2\\\/#breadcrumb\",\"itemListElement\":[{\"@type\":\"ListItem\",\"position\":1,\"name\":\"Strona g\u0142\u00f3wna\",\"item\":\"https:\\\/\\\/measline.com\\\/index.php\\\/pl\\\/\"},{\"@type\":\"ListItem\",\"position\":2,\"name\":\"Strona g\u0142\u00f3wna\",\"item\":\"https:\\\/\\\/measline.com\\\/index.php\\\/pl\\\/\"},{\"@type\":\"ListItem\",\"position\":3,\"name\":\"Produkty\",\"item\":\"https:\\\/\\\/measline.com\\\/index.php\\\/pl\\\/measline\\\/produkty\\\/\"},{\"@type\":\"ListItem\",\"position\":4,\"name\":\"Surftens\",\"item\":\"https:\\\/\\\/measline.com\\\/index.php\\\/pl\\\/measline\\\/produkty\\\/surftens\\\/\"},{\"@type\":\"ListItem\",\"position\":5,\"name\":\"SURFTENS UNIVERSAL\"}]},{\"@type\":\"WebSite\",\"@id\":\"https:\\\/\\\/measline.com\\\/#website\",\"url\":\"https:\\\/\\\/measline.com\\\/\",\"name\":\"Measline\",\"description\":\"Advanced solutions\",\"publisher\":{\"@id\":\"https:\\\/\\\/measline.com\\\/#organization\"},\"potentialAction\":[{\"@type\":\"SearchAction\",\"target\":{\"@type\":\"EntryPoint\",\"urlTemplate\":\"https:\\\/\\\/measline.com\\\/?s={search_term_string}\"},\"query-input\":{\"@type\":\"PropertyValueSpecification\",\"valueRequired\":true,\"valueName\":\"search_term_string\"}}],\"inLanguage\":\"pl-PL\"},{\"@type\":\"Organization\",\"@id\":\"https:\\\/\\\/measline.com\\\/#organization\",\"name\":\"Measline\",\"url\":\"https:\\\/\\\/measline.com\\\/\",\"logo\":{\"@type\":\"ImageObject\",\"inLanguage\":\"pl-PL\",\"@id\":\"https:\\\/\\\/measline.com\\\/#\\\/schema\\\/logo\\\/image\\\/\",\"url\":\"https:\\\/\\\/measline.com\\\/wp-content\\\/uploads\\\/2021\\\/11\\\/logo_color_small.png.png\",\"contentUrl\":\"https:\\\/\\\/measline.com\\\/wp-content\\\/uploads\\\/2021\\\/11\\\/logo_color_small.png.png\",\"width\":1000,\"height\":417,\"caption\":\"Measline\"},\"image\":{\"@id\":\"https:\\\/\\\/measline.com\\\/#\\\/schema\\\/logo\\\/image\\\/\"}}]}<\/script>\n<!-- \/ Yoast SEO plugin. -->","yoast_head_json":{"title":"Optyczne urz\u0105dzenia pomiarowe Surftens Universal - Measline","description":"Urz\u0105dzenie pozwalaj\u0105ce na uzyskanie informacji o zwil\u017calno\u015bci, napi\u0119ciu powierzchniowym oraz swobodnej energii powierzchniowej.","robots":{"index":"index","follow":"follow","max-snippet":"max-snippet:-1","max-image-preview":"max-image-preview:large","max-video-preview":"max-video-preview:-1"},"canonical":"https:\/\/measline.com\/index.php\/pl\/measline\/produkty\/surftens\/1195-2\/","og_locale":"pl_PL","og_type":"article","og_title":"Optyczne urz\u0105dzenia pomiarowe Surftens Universal - Measline","og_description":"Urz\u0105dzenie pozwalaj\u0105ce na uzyskanie informacji o zwil\u017calno\u015bci, napi\u0119ciu powierzchniowym oraz swobodnej energii powierzchniowej.","og_url":"https:\/\/measline.com\/index.php\/pl\/measline\/produkty\/surftens\/1195-2\/","og_site_name":"Measline","article_modified_time":"2025-05-16T10:01:47+00:00","twitter_card":"summary_large_image","twitter_misc":{"Szacowany czas czytania":"3 minuty"},"schema":{"@context":"https:\/\/schema.org","@graph":[{"@type":"WebPage","@id":"https:\/\/measline.com\/index.php\/pl\/measline\/produkty\/surftens\/1195-2\/","url":"https:\/\/measline.com\/index.php\/pl\/measline\/produkty\/surftens\/1195-2\/","name":"Optyczne urz\u0105dzenia pomiarowe Surftens Universal - Measline","isPartOf":{"@id":"https:\/\/measline.com\/#website"},"datePublished":"2021-12-13T09:45:30+00:00","dateModified":"2025-05-16T10:01:47+00:00","description":"Urz\u0105dzenie pozwalaj\u0105ce na uzyskanie informacji o zwil\u017calno\u015bci, napi\u0119ciu powierzchniowym oraz swobodnej energii powierzchniowej.","breadcrumb":{"@id":"https:\/\/measline.com\/index.php\/pl\/measline\/produkty\/surftens\/1195-2\/#breadcrumb"},"inLanguage":"pl-PL","potentialAction":[{"@type":"ReadAction","target":["https:\/\/measline.com\/index.php\/pl\/measline\/produkty\/surftens\/1195-2\/"]}]},{"@type":"BreadcrumbList","@id":"https:\/\/measline.com\/index.php\/pl\/measline\/produkty\/surftens\/1195-2\/#breadcrumb","itemListElement":[{"@type":"ListItem","position":1,"name":"Strona g\u0142\u00f3wna","item":"https:\/\/measline.com\/index.php\/pl\/"},{"@type":"ListItem","position":2,"name":"Strona g\u0142\u00f3wna","item":"https:\/\/measline.com\/index.php\/pl\/"},{"@type":"ListItem","position":3,"name":"Produkty","item":"https:\/\/measline.com\/index.php\/pl\/measline\/produkty\/"},{"@type":"ListItem","position":4,"name":"Surftens","item":"https:\/\/measline.com\/index.php\/pl\/measline\/produkty\/surftens\/"},{"@type":"ListItem","position":5,"name":"SURFTENS UNIVERSAL"}]},{"@type":"WebSite","@id":"https:\/\/measline.com\/#website","url":"https:\/\/measline.com\/","name":"Measline","description":"Advanced solutions","publisher":{"@id":"https:\/\/measline.com\/#organization"},"potentialAction":[{"@type":"SearchAction","target":{"@type":"EntryPoint","urlTemplate":"https:\/\/measline.com\/?s={search_term_string}"},"query-input":{"@type":"PropertyValueSpecification","valueRequired":true,"valueName":"search_term_string"}}],"inLanguage":"pl-PL"},{"@type":"Organization","@id":"https:\/\/measline.com\/#organization","name":"Measline","url":"https:\/\/measline.com\/","logo":{"@type":"ImageObject","inLanguage":"pl-PL","@id":"https:\/\/measline.com\/#\/schema\/logo\/image\/","url":"https:\/\/measline.com\/wp-content\/uploads\/2021\/11\/logo_color_small.png.png","contentUrl":"https:\/\/measline.com\/wp-content\/uploads\/2021\/11\/logo_color_small.png.png","width":1000,"height":417,"caption":"Measline"},"image":{"@id":"https:\/\/measline.com\/#\/schema\/logo\/image\/"}}]}},"_links":{"self":[{"href":"https:\/\/measline.com\/index.php\/wp-json\/wp\/v2\/pages\/1195","targetHints":{"allow":["GET"]}}],"collection":[{"href":"https:\/\/measline.com\/index.php\/wp-json\/wp\/v2\/pages"}],"about":[{"href":"https:\/\/measline.com\/index.php\/wp-json\/wp\/v2\/types\/page"}],"author":[{"embeddable":true,"href":"https:\/\/measline.com\/index.php\/wp-json\/wp\/v2\/users\/2"}],"replies":[{"embeddable":true,"href":"https:\/\/measline.com\/index.php\/wp-json\/wp\/v2\/comments?post=1195"}],"version-history":[{"count":13,"href":"https:\/\/measline.com\/index.php\/wp-json\/wp\/v2\/pages\/1195\/revisions"}],"predecessor-version":[{"id":2890,"href":"https:\/\/measline.com\/index.php\/wp-json\/wp\/v2\/pages\/1195\/revisions\/2890"}],"up":[{"embeddable":true,"href":"https:\/\/measline.com\/index.php\/wp-json\/wp\/v2\/pages\/1013"}],"wp:attachment":[{"href":"https:\/\/measline.com\/index.php\/wp-json\/wp\/v2\/media?parent=1195"}],"curies":[{"name":"wp","href":"https:\/\/api.w.org\/{rel}","templated":true}]}}