{"id":1256,"date":"2021-12-17T14:45:55","date_gmt":"2021-12-17T13:45:55","guid":{"rendered":"http:\/\/measline.com\/\/?page_id=1256"},"modified":"2022-02-14T12:05:57","modified_gmt":"2022-02-14T11:05:57","slug":"1256-2","status":"publish","type":"page","link":"https:\/\/measline.com\/index.php\/pl\/measline\/produkty\/surftens\/1256-2\/","title":{"rendered":"Surftens HL"},"content":{"rendered":"\n[et_pb_section fb_built=&#8221;1&#8243; _builder_version=&#8221;4.14.2&#8243; _module_preset=&#8221;default&#8221; background_color=&#8221;rgba(0,0,0,0.05)&#8221; custom_margin=&#8221;0px|0px|0px|0px|false|false&#8221; custom_padding=&#8221;0px|0px|0px|0px|false|false&#8221; global_colors_info=&#8221;{}&#8221;][et_pb_row _builder_version=&#8221;4.14.2&#8243; _module_preset=&#8221;default&#8221; custom_margin=&#8221;0px||0px||true|false&#8221; custom_padding=&#8221;11px||3px||false|false&#8221; global_colors_info=&#8221;{}&#8221;][et_pb_column type=&#8221;4_4&#8243; _builder_version=&#8221;4.14.2&#8243; _module_preset=&#8221;default&#8221; global_colors_info=&#8221;{}&#8221;][et_pb_button button_url=&#8221;@ET-DC@eyJkeW5hbWljIjp0cnVlLCJjb250ZW50IjoicG9zdF9saW5rX3VybF9wYWdlIiwic2V0dGluZ3MiOnsicG9zdF9pZCI6IjEwMTMifX0=@&#8221; button_text=&#8221;Powr\u00f3t do podkategorii&#8221; _builder_version=&#8221;4.14.7&#8243; _dynamic_attributes=&#8221;button_url&#8221; _module_preset=&#8221;default&#8221; custom_button=&#8221;on&#8221; button_text_color=&#8221;#225500&#8243; button_border_width=&#8221;0px&#8221; button_icon=&#8221;&#x4a;||divi||400&#8243; global_colors_info=&#8221;{}&#8221;][\/et_pb_button][\/et_pb_column][\/et_pb_row][\/et_pb_section][et_pb_section fb_built=&#8221;1&#8243; _builder_version=&#8221;4.14.2&#8243; _module_preset=&#8221;default&#8221; global_colors_info=&#8221;{}&#8221;][et_pb_row column_structure=&#8221;1_2,1_2&#8243; _builder_version=&#8221;4.10.8&#8243; _module_preset=&#8221;default&#8221; global_colors_info=&#8221;{}&#8221;][et_pb_column type=&#8221;1_2&#8243; _builder_version=&#8221;4.10.8&#8243; _module_preset=&#8221;default&#8221; global_colors_info=&#8221;{}&#8221;][et_pb_image src=&#8221;http:\/\/measline.com\/\/wp-content\/uploads\/2021\/12\/Surftens-HL.png&#8221; title_text=&#8221;Surftens HL&#8221; align=&#8221;center&#8221; _builder_version=&#8221;4.14.3&#8243; _module_preset=&#8221;default&#8221; width=&#8221;71%&#8221; custom_padding=&#8221;0px||0px||true|false&#8221; global_colors_info=&#8221;{}&#8221;][\/et_pb_image][\/et_pb_column][et_pb_column type=&#8221;1_2&#8243; _builder_version=&#8221;4.10.8&#8243; _module_preset=&#8221;default&#8221; global_colors_info=&#8221;{}&#8221;][et_pb_text _builder_version=&#8221;4.14.3&#8243; _module_preset=&#8221;default&#8221; global_colors_info=&#8221;{}&#8221;]<h1><strong>SURFTENS HL<\/strong><\/h1>[\/et_pb_text][et_pb_divider color=&#8221;#215500&#8243; divider_weight=&#8221;2px&#8221; _builder_version=&#8221;4.14.1&#8243; _module_preset=&#8221;default&#8221; custom_margin=&#8221;-23px||6px||false|false&#8221; global_colors_info=&#8221;{}&#8221;][\/et_pb_divider][et_pb_text _builder_version=&#8221;4.14.2&#8243; _module_preset=&#8221;default&#8221; global_colors_info=&#8221;{}&#8221;]<div style=\"text-align: justify;\"><span>Urz\u0105dzenie HL automatic zosta\u0142o stworzone z my\u015bl\u0105 przemy\u015ble p\u00f3\u0142przewodnikowym, w szczeg\u00f3lno\u015bci do kontroli proces\u00f3w powlekania powierzchni oraz litografii, poprzez kontrol\u0119 jednorodno\u015bci k\u0105ta zwil\u017cania powierzchni.\u00a0<\/span><\/div>\n<p>&nbsp;<\/p>[\/et_pb_text][\/et_pb_column][\/et_pb_row][\/et_pb_section][et_pb_section fb_built=&#8221;1&#8243; _builder_version=&#8221;4.14.2&#8243; _module_preset=&#8221;default&#8221; background_color=&#8221;rgba(0,0,0,0.05)&#8221; global_colors_info=&#8221;{}&#8221;][et_pb_row column_structure=&#8221;2_3,1_3&#8243; _builder_version=&#8221;4.14.2&#8243; _module_preset=&#8221;default&#8221; global_colors_info=&#8221;{}&#8221;][et_pb_column type=&#8221;2_3&#8243; _builder_version=&#8221;4.14.2&#8243; _module_preset=&#8221;default&#8221; global_colors_info=&#8221;{}&#8221;][et_pb_text _builder_version=&#8221;4.14.3&#8243; _module_preset=&#8221;default&#8221; custom_margin=&#8221;-50px||||false|false&#8221; global_colors_info=&#8221;{}&#8221;]<div>\n<h3 class=\"Standard\">Najwa\u017cniejsze cechy urz\u0105dzenia SURFTENS HL<o:p><\/o:p><\/h3>\n<\/div>\n<div>\n<ul>\n<li>szybka analiza rozk\u0142adu k\u0105ta zwil\u017cania na powierzchni<\/li>\n<li>ma\u0142y rozmiar urz\u0105dzenia<\/li>\n<li>wygodna dokumentacja wynik\u00f3w pomiaru w postaci protoko\u0142u oraz zapisu wideo<\/li>\n<li>oprogramowanie umo\u017cliwia wy\u015bwietlanie mierzonego k\u0105ta zwil\u017cania w czasie rzeczywistym<\/li>\n<\/ul>\n<\/div>\n<div>\n<p class=\"Standard\"><o:p><\/o:p><\/p>\n<\/div>[\/et_pb_text][\/et_pb_column][et_pb_column type=&#8221;1_3&#8243; _builder_version=&#8221;4.14.2&#8243; _module_preset=&#8221;default&#8221; global_colors_info=&#8221;{}&#8221;][et_pb_gallery gallery_ids=&#8221;1259&#8243; fullwidth=&#8221;on&#8221; _builder_version=&#8221;4.14.3&#8243; _module_preset=&#8221;default&#8221; max_width=&#8221;70%&#8221; custom_margin=&#8221;-30px|||16px|false|false&#8221; custom_padding=&#8221;0px||0px||true|false&#8221; global_colors_info=&#8221;{}&#8221;][\/et_pb_gallery][\/et_pb_column][\/et_pb_row][et_pb_row _builder_version=&#8221;4.10.8&#8243; _module_preset=&#8221;default&#8221; global_colors_info=&#8221;{}&#8221;][et_pb_column type=&#8221;4_4&#8243; _builder_version=&#8221;4.10.8&#8243; _module_preset=&#8221;default&#8221; global_colors_info=&#8221;{}&#8221;][et_pb_video src=&#8221;https:\/\/www.youtube.com\/watch?v=TBycykm5u0k&#8221; admin_label=&#8221;Klip wideo&#8221; _builder_version=&#8221;4.14.3&#8243; _module_preset=&#8221;default&#8221; width=&#8221;60%&#8221; module_alignment=&#8221;center&#8221; global_colors_info=&#8221;{}&#8221;][\/et_pb_video][\/et_pb_column][\/et_pb_row][\/et_pb_section][et_pb_section fb_built=&#8221;1&#8243; _builder_version=&#8221;4.14.2&#8243; _module_preset=&#8221;default&#8221; background_color=&#8221;#FFFFFF&#8221; custom_padding=&#8221;30px||54px||false|false&#8221; global_colors_info=&#8221;{}&#8221;][et_pb_row _builder_version=&#8221;4.14.7&#8243; _module_preset=&#8221;default&#8221; custom_margin=&#8221;||||false|false&#8221; custom_padding=&#8221;||||false|false&#8221; global_colors_info=&#8221;{}&#8221;][et_pb_column type=&#8221;4_4&#8243; _builder_version=&#8221;4.14.2&#8243; _module_preset=&#8221;default&#8221; global_colors_info=&#8221;{}&#8221;][et_pb_text _builder_version=&#8221;4.14.7&#8243; _module_preset=&#8221;default&#8221; hover_enabled=&#8221;0&#8243; global_colors_info=&#8221;{}&#8221; sticky_enabled=&#8221;0&#8243;]<div class=\"dataTables_scrollHead\">\n<div class=\"dataTables_scrollHeadInner\">\n<h3>Specyfikacja:<\/h3>\n<div>\n<ul><\/ul>\n<table style=\"height: 100%;\">\n<tbody>\n<tr style=\"height: 136px;\">\n<td style=\"height: 35px; width: 327.483px;\">Wymiary pr\u00f3bki<\/td>\n<td style=\"height: 35px; width: 601.917px;\">\n<p>\u015arednica 200 mm lub 300 mm<\/p>\n<p>Grubo\u015b\u0107 0-5 mm<\/p>\n<\/td>\n<\/tr>\n<tr valign=\"top\" style=\"height: 56px;\">\n<td height=\"24\" style=\"height: 56px; width: 327.483px;\">\n<p align=\"justify\">Powi\u0119kszenie<\/p>\n<\/td>\n<td style=\"height: 56px; width: 601.917px;\">\n<p align=\"justify\">1x<\/p>\n<\/td>\n<\/tr>\n<tr valign=\"top\" style=\"height: 56px;\">\n<td height=\"24\" style=\"height: 56px; width: 327.483px;\">Kamera<\/td>\n<td style=\"height: 56px; width: 601.917px;\">b\/w USB 2.0 440.000 Pixel<\/td>\n<\/tr>\n<tr style=\"height: 10px;\">\n<td style=\"width: 327.483px; height: 10px;\">O\u015bwietlenie<\/td>\n<td style=\"width: 601.917px; height: 10px;\">Jednorodne, jasne o\u015bwietlenie LED<br \/>regulacja jasno\u015bci<\/td>\n<\/tr>\n<tr valign=\"top\" style=\"height: 56px;\">\n<td height=\"24\" style=\"height: 56px; width: 327.483px;\">Pozycjonowanie<\/td>\n<td style=\"height: 56px; width: 601.917px;\">\n<p><span style=\"font-size: 14px;\">R\u0119czne<\/span><\/p>\n<p><span>Ruch w kierunkach x: 100 mm i <\/span><span>\u03c6: 360\u00b0<\/span><\/p>\n<\/td>\n<\/tr>\n<tr valign=\"top\" style=\"height: 56px;\">\n<td style=\"height: 56px; width: 327.483px;\">Jednostka dozuj\u0105ca<\/td>\n<td style=\"height: 56px; width: 601.917px;\">\n<p>pojedyncza manualna<\/p>\n<p><em>opcjonalnie podw\u00f3jna lub potr\u00f3jna manualna jednostka\u00a0dozuj\u0105ca lub w pe\u0142ni zautomatyzowany system dozuj\u0105cy<\/em><\/p>\n<\/td>\n<\/tr>\n<tr valign=\"top\" style=\"height: 56px;\">\n<td style=\"height: 56px; width: 327.483px;\">powtarzalno\u015b\u0107 obj\u0119to\u015bci kropli<\/td>\n<td style=\"height: 56px; width: 601.917px;\">0,1 <span>\u00b5l<\/span><\/td>\n<\/tr>\n<tr style=\"height: 56px;\">\n<td style=\"width: 327.483px; height: 56px;\">rozdzielczo\u015b\u0107 pomiaru k\u0105ta zwil\u017cania<\/td>\n<td style=\"height: 56px; width: 601.917px;\">0,1\u00b0<\/td>\n<\/tr>\n<tr style=\"height: 56px;\">\n<td style=\"width: 327.483px; height: 56px;\">powtarzalno\u015b\u0107 pomiaru k\u0105ta zwil\u017cania<\/td>\n<td style=\"width: 601.917px; height: 56px;\">+\/-0,2\u00b0<\/td>\n<\/tr>\n<tr style=\"height: 56px;\">\n<td style=\"width: 327.483px; height: 56px;\">dok\u0142adno\u015b\u0107 pomiaru k\u0105ta zwil\u017cania<\/td>\n<td style=\"width: 601.917px; height: 56px;\">+\/-0,5\u00b0<\/td>\n<\/tr>\n<tr style=\"height: 56px;\">\n<td style=\"height: 10px; width: 327.483px;\">funkcje pomiarowe<\/td>\n<td style=\"height: 10px; width: 601.917px;\">\n<p>Wyniki pomiaru wy\u015bwietlane w czasie rzeczywistym<\/p>\n<p>Zale\u017cno\u015b\u0107 k\u0105ta zwil\u017cania od czasu<\/p>\n<p>Jednoczesny pomiar z prawej i lewej strony<\/p>\n<p>Rejestrowanie obj\u0119to\u015bci kropli po jej umieszczeniu na pod\u0142o\u017cu<\/p>\n<p>R\u0119czna analiza przy niskiej rozdzielczo\u015bci obrazu, m.in. ustawienie linii bazowej<\/p>\n<\/td>\n<\/tr>\n<tr>\n<td style=\"width: 327.483px;\">Wyposa\u017canie dodatkowe<\/td>\n<td style=\"width: 601.917px;\">\n<p>Komora termiczna<\/p>\n<p>Uk\u0142ad pochylania stolika<\/p>\n<p>Oprogramowanie do pomiaru kropli wisz\u0105cej<\/p>\n<\/td>\n<\/tr>\n<\/tbody>\n<\/table>\n<\/div>\n<div>\n<ul><\/ul>\n<p><a href=\"https:\/\/www.oeggmbh.com\/?p=12&amp;k=5&amp;kj=&amp;z=&amp;l=1\" target=\"_blank\" rel=\"noopener\">Zobacz wi\u0119cej na stronie producenta<\/a><\/p>\n<\/div>\n<div>\n<ul><\/ul>\n<\/div>\n<div>\n<ul><\/ul>\n<\/div>\n<\/div>\n<\/div>[\/et_pb_text][\/et_pb_column][\/et_pb_row][\/et_pb_section]\n","protected":false},"excerpt":{"rendered":"<p>SURFTENS HLUrz\u0105dzenie HL automatic zosta\u0142o stworzone z my\u015bl\u0105 przemy\u015ble p\u00f3\u0142przewodnikowym, w szczeg\u00f3lno\u015bci do kontroli proces\u00f3w powlekania powierzchni oraz litografii, poprzez kontrol\u0119 jednorodno\u015bci k\u0105ta zwil\u017cania powierzchni.\u00a0 &nbsp; Najwa\u017cniejsze cechy urz\u0105dzenia SURFTENS HL szybka analiza rozk\u0142adu k\u0105ta zwil\u017cania na powierzchni ma\u0142y rozmiar urz\u0105dzenia wygodna dokumentacja wynik\u00f3w pomiaru w postaci protoko\u0142u oraz zapisu wideo oprogramowanie umo\u017cliwia wy\u015bwietlanie mierzonego [&hellip;]<\/p>\n","protected":false},"author":2,"featured_media":0,"parent":1013,"menu_order":0,"comment_status":"closed","ping_status":"closed","template":"","meta":{"_et_pb_use_builder":"on","_et_pb_old_content":"","_et_gb_content_width":"","footnotes":""},"class_list":["post-1256","page","type-page","status-publish","hentry"],"yoast_head":"<!-- This site is optimized with the Yoast SEO plugin v27.4 - https:\/\/yoast.com\/product\/yoast-seo-wordpress\/ -->\n<title>Optyczne urz\u0105dzenia pomiarowe Surftens HL - Measline<\/title>\n<meta name=\"description\" content=\"urz\u0105dzenie do zastosowa\u0144 w przemy\u015ble p\u00f3\u0142przewodnikowym do kontroli proces\u00f3w powlekania powierzchni oraz litografii, poprzez kontrol\u0119 k\u0105ta zwil\u017cania.\" \/>\n<meta name=\"robots\" content=\"index, follow, max-snippet:-1, max-image-preview:large, max-video-preview:-1\" \/>\n<link rel=\"canonical\" href=\"https:\/\/measline.com\/index.php\/pl\/measline\/produkty\/surftens\/1256-2\/\" \/>\n<meta property=\"og:locale\" content=\"pl_PL\" \/>\n<meta property=\"og:type\" content=\"article\" \/>\n<meta property=\"og:title\" content=\"Optyczne urz\u0105dzenia pomiarowe Surftens HL - Measline\" \/>\n<meta property=\"og:description\" content=\"urz\u0105dzenie do zastosowa\u0144 w przemy\u015ble p\u00f3\u0142przewodnikowym do kontroli proces\u00f3w powlekania powierzchni oraz litografii, poprzez kontrol\u0119 k\u0105ta zwil\u017cania.\" \/>\n<meta property=\"og:url\" content=\"https:\/\/measline.com\/index.php\/pl\/measline\/produkty\/surftens\/1256-2\/\" \/>\n<meta property=\"og:site_name\" content=\"Measline\" \/>\n<meta property=\"article:modified_time\" content=\"2022-02-14T11:05:57+00:00\" \/>\n<meta name=\"twitter:card\" content=\"summary_large_image\" \/>\n<meta name=\"twitter:label1\" content=\"Szacowany czas czytania\" \/>\n\t<meta name=\"twitter:data1\" content=\"2 minuty\" \/>\n<script type=\"application\/ld+json\" class=\"yoast-schema-graph\">{\"@context\":\"https:\\\/\\\/schema.org\",\"@graph\":[{\"@type\":\"WebPage\",\"@id\":\"https:\\\/\\\/measline.com\\\/index.php\\\/pl\\\/measline\\\/produkty\\\/surftens\\\/1256-2\\\/\",\"url\":\"https:\\\/\\\/measline.com\\\/index.php\\\/pl\\\/measline\\\/produkty\\\/surftens\\\/1256-2\\\/\",\"name\":\"Optyczne urz\u0105dzenia pomiarowe Surftens HL - Measline\",\"isPartOf\":{\"@id\":\"https:\\\/\\\/measline.com\\\/#website\"},\"datePublished\":\"2021-12-17T13:45:55+00:00\",\"dateModified\":\"2022-02-14T11:05:57+00:00\",\"description\":\"urz\u0105dzenie do zastosowa\u0144 w przemy\u015ble p\u00f3\u0142przewodnikowym do kontroli proces\u00f3w powlekania powierzchni oraz litografii, poprzez kontrol\u0119 k\u0105ta zwil\u017cania.\",\"breadcrumb\":{\"@id\":\"https:\\\/\\\/measline.com\\\/index.php\\\/pl\\\/measline\\\/produkty\\\/surftens\\\/1256-2\\\/#breadcrumb\"},\"inLanguage\":\"pl-PL\",\"potentialAction\":[{\"@type\":\"ReadAction\",\"target\":[\"https:\\\/\\\/measline.com\\\/index.php\\\/pl\\\/measline\\\/produkty\\\/surftens\\\/1256-2\\\/\"]}]},{\"@type\":\"BreadcrumbList\",\"@id\":\"https:\\\/\\\/measline.com\\\/index.php\\\/pl\\\/measline\\\/produkty\\\/surftens\\\/1256-2\\\/#breadcrumb\",\"itemListElement\":[{\"@type\":\"ListItem\",\"position\":1,\"name\":\"Strona g\u0142\u00f3wna\",\"item\":\"https:\\\/\\\/measline.com\\\/index.php\\\/pl\\\/\"},{\"@type\":\"ListItem\",\"position\":2,\"name\":\"Strona g\u0142\u00f3wna\",\"item\":\"https:\\\/\\\/measline.com\\\/index.php\\\/pl\\\/\"},{\"@type\":\"ListItem\",\"position\":3,\"name\":\"Produkty\",\"item\":\"https:\\\/\\\/measline.com\\\/index.php\\\/pl\\\/measline\\\/produkty\\\/\"},{\"@type\":\"ListItem\",\"position\":4,\"name\":\"Surftens\",\"item\":\"https:\\\/\\\/measline.com\\\/index.php\\\/pl\\\/measline\\\/produkty\\\/surftens\\\/\"},{\"@type\":\"ListItem\",\"position\":5,\"name\":\"Surftens HL\"}]},{\"@type\":\"WebSite\",\"@id\":\"https:\\\/\\\/measline.com\\\/#website\",\"url\":\"https:\\\/\\\/measline.com\\\/\",\"name\":\"Measline\",\"description\":\"Advanced solutions\",\"publisher\":{\"@id\":\"https:\\\/\\\/measline.com\\\/#organization\"},\"potentialAction\":[{\"@type\":\"SearchAction\",\"target\":{\"@type\":\"EntryPoint\",\"urlTemplate\":\"https:\\\/\\\/measline.com\\\/?s={search_term_string}\"},\"query-input\":{\"@type\":\"PropertyValueSpecification\",\"valueRequired\":true,\"valueName\":\"search_term_string\"}}],\"inLanguage\":\"pl-PL\"},{\"@type\":\"Organization\",\"@id\":\"https:\\\/\\\/measline.com\\\/#organization\",\"name\":\"Measline\",\"url\":\"https:\\\/\\\/measline.com\\\/\",\"logo\":{\"@type\":\"ImageObject\",\"inLanguage\":\"pl-PL\",\"@id\":\"https:\\\/\\\/measline.com\\\/#\\\/schema\\\/logo\\\/image\\\/\",\"url\":\"https:\\\/\\\/measline.com\\\/wp-content\\\/uploads\\\/2021\\\/11\\\/logo_color_small.png.png\",\"contentUrl\":\"https:\\\/\\\/measline.com\\\/wp-content\\\/uploads\\\/2021\\\/11\\\/logo_color_small.png.png\",\"width\":1000,\"height\":417,\"caption\":\"Measline\"},\"image\":{\"@id\":\"https:\\\/\\\/measline.com\\\/#\\\/schema\\\/logo\\\/image\\\/\"}}]}<\/script>\n<!-- \/ Yoast SEO plugin. -->","yoast_head_json":{"title":"Optyczne urz\u0105dzenia pomiarowe Surftens HL - Measline","description":"urz\u0105dzenie do zastosowa\u0144 w przemy\u015ble p\u00f3\u0142przewodnikowym do kontroli proces\u00f3w powlekania powierzchni oraz litografii, poprzez kontrol\u0119 k\u0105ta zwil\u017cania.","robots":{"index":"index","follow":"follow","max-snippet":"max-snippet:-1","max-image-preview":"max-image-preview:large","max-video-preview":"max-video-preview:-1"},"canonical":"https:\/\/measline.com\/index.php\/pl\/measline\/produkty\/surftens\/1256-2\/","og_locale":"pl_PL","og_type":"article","og_title":"Optyczne urz\u0105dzenia pomiarowe Surftens HL - Measline","og_description":"urz\u0105dzenie do zastosowa\u0144 w przemy\u015ble p\u00f3\u0142przewodnikowym do kontroli proces\u00f3w powlekania powierzchni oraz litografii, poprzez kontrol\u0119 k\u0105ta zwil\u017cania.","og_url":"https:\/\/measline.com\/index.php\/pl\/measline\/produkty\/surftens\/1256-2\/","og_site_name":"Measline","article_modified_time":"2022-02-14T11:05:57+00:00","twitter_card":"summary_large_image","twitter_misc":{"Szacowany czas czytania":"2 minuty"},"schema":{"@context":"https:\/\/schema.org","@graph":[{"@type":"WebPage","@id":"https:\/\/measline.com\/index.php\/pl\/measline\/produkty\/surftens\/1256-2\/","url":"https:\/\/measline.com\/index.php\/pl\/measline\/produkty\/surftens\/1256-2\/","name":"Optyczne urz\u0105dzenia pomiarowe Surftens HL - Measline","isPartOf":{"@id":"https:\/\/measline.com\/#website"},"datePublished":"2021-12-17T13:45:55+00:00","dateModified":"2022-02-14T11:05:57+00:00","description":"urz\u0105dzenie do zastosowa\u0144 w przemy\u015ble p\u00f3\u0142przewodnikowym do kontroli proces\u00f3w powlekania powierzchni oraz litografii, poprzez kontrol\u0119 k\u0105ta zwil\u017cania.","breadcrumb":{"@id":"https:\/\/measline.com\/index.php\/pl\/measline\/produkty\/surftens\/1256-2\/#breadcrumb"},"inLanguage":"pl-PL","potentialAction":[{"@type":"ReadAction","target":["https:\/\/measline.com\/index.php\/pl\/measline\/produkty\/surftens\/1256-2\/"]}]},{"@type":"BreadcrumbList","@id":"https:\/\/measline.com\/index.php\/pl\/measline\/produkty\/surftens\/1256-2\/#breadcrumb","itemListElement":[{"@type":"ListItem","position":1,"name":"Strona g\u0142\u00f3wna","item":"https:\/\/measline.com\/index.php\/pl\/"},{"@type":"ListItem","position":2,"name":"Strona g\u0142\u00f3wna","item":"https:\/\/measline.com\/index.php\/pl\/"},{"@type":"ListItem","position":3,"name":"Produkty","item":"https:\/\/measline.com\/index.php\/pl\/measline\/produkty\/"},{"@type":"ListItem","position":4,"name":"Surftens","item":"https:\/\/measline.com\/index.php\/pl\/measline\/produkty\/surftens\/"},{"@type":"ListItem","position":5,"name":"Surftens HL"}]},{"@type":"WebSite","@id":"https:\/\/measline.com\/#website","url":"https:\/\/measline.com\/","name":"Measline","description":"Advanced solutions","publisher":{"@id":"https:\/\/measline.com\/#organization"},"potentialAction":[{"@type":"SearchAction","target":{"@type":"EntryPoint","urlTemplate":"https:\/\/measline.com\/?s={search_term_string}"},"query-input":{"@type":"PropertyValueSpecification","valueRequired":true,"valueName":"search_term_string"}}],"inLanguage":"pl-PL"},{"@type":"Organization","@id":"https:\/\/measline.com\/#organization","name":"Measline","url":"https:\/\/measline.com\/","logo":{"@type":"ImageObject","inLanguage":"pl-PL","@id":"https:\/\/measline.com\/#\/schema\/logo\/image\/","url":"https:\/\/measline.com\/wp-content\/uploads\/2021\/11\/logo_color_small.png.png","contentUrl":"https:\/\/measline.com\/wp-content\/uploads\/2021\/11\/logo_color_small.png.png","width":1000,"height":417,"caption":"Measline"},"image":{"@id":"https:\/\/measline.com\/#\/schema\/logo\/image\/"}}]}},"_links":{"self":[{"href":"https:\/\/measline.com\/index.php\/wp-json\/wp\/v2\/pages\/1256","targetHints":{"allow":["GET"]}}],"collection":[{"href":"https:\/\/measline.com\/index.php\/wp-json\/wp\/v2\/pages"}],"about":[{"href":"https:\/\/measline.com\/index.php\/wp-json\/wp\/v2\/types\/page"}],"author":[{"embeddable":true,"href":"https:\/\/measline.com\/index.php\/wp-json\/wp\/v2\/users\/2"}],"replies":[{"embeddable":true,"href":"https:\/\/measline.com\/index.php\/wp-json\/wp\/v2\/comments?post=1256"}],"version-history":[{"count":11,"href":"https:\/\/measline.com\/index.php\/wp-json\/wp\/v2\/pages\/1256\/revisions"}],"predecessor-version":[{"id":2888,"href":"https:\/\/measline.com\/index.php\/wp-json\/wp\/v2\/pages\/1256\/revisions\/2888"}],"up":[{"embeddable":true,"href":"https:\/\/measline.com\/index.php\/wp-json\/wp\/v2\/pages\/1013"}],"wp:attachment":[{"href":"https:\/\/measline.com\/index.php\/wp-json\/wp\/v2\/media?parent=1256"}],"curies":[{"name":"wp","href":"https:\/\/api.w.org\/{rel}","templated":true}]}}