{"id":1268,"date":"2021-12-22T11:19:38","date_gmt":"2021-12-22T10:19:38","guid":{"rendered":"http:\/\/measline.com\/\/?page_id=1268"},"modified":"2022-02-14T12:05:37","modified_gmt":"2022-02-14T11:05:37","slug":"surftens-automatic-2","status":"publish","type":"page","link":"https:\/\/measline.com\/index.php\/pl\/measline\/produkty\/surftens\/surftens-automatic-2\/","title":{"rendered":"SURFTENS AUTOMATIC"},"content":{"rendered":"\n[et_pb_section fb_built=&#8221;1&#8243; _builder_version=&#8221;4.14.2&#8243; _module_preset=&#8221;default&#8221; background_color=&#8221;rgba(0,0,0,0.05)&#8221; custom_margin=&#8221;0px|0px|0px|0px|false|false&#8221; custom_padding=&#8221;0px|0px|0px|0px|false|false&#8221; global_colors_info=&#8221;{}&#8221;][et_pb_row _builder_version=&#8221;4.14.4&#8243; _dynamic_attributes=&#8221;link_option_url&#8221; _module_preset=&#8221;default&#8221; custom_margin=&#8221;0px||0px||true|false&#8221; custom_padding=&#8221;11px||3px||false|false&#8221; link_option_url=&#8221;@ET-DC@eyJkeW5hbWljIjp0cnVlLCJjb250ZW50IjoicG9zdF9saW5rX3VybF9wYWdlIiwic2V0dGluZ3MiOnsicG9zdF9pZCI6IjEwMTMifX0=@&#8221; global_colors_info=&#8221;{}&#8221;][et_pb_column type=&#8221;4_4&#8243; _builder_version=&#8221;4.14.2&#8243; _module_preset=&#8221;default&#8221; global_colors_info=&#8221;{}&#8221;][et_pb_button button_url=&#8221;@ET-DC@eyJkeW5hbWljIjp0cnVlLCJjb250ZW50IjoicG9zdF9saW5rX3VybF9wYWdlIiwic2V0dGluZ3MiOnsicG9zdF9pZCI6IjEwMTMifX0=@&#8221; button_text=&#8221;Powr\u00f3t do podkategorii&#8221; _builder_version=&#8221;4.14.4&#8243; _dynamic_attributes=&#8221;button_url&#8221; _module_preset=&#8221;default&#8221; custom_button=&#8221;on&#8221; button_text_color=&#8221;#225500&#8243; button_border_width=&#8221;0px&#8221; button_icon=&#8221;&#x4a;||divi||400&#8243; global_colors_info=&#8221;{}&#8221;][\/et_pb_button][\/et_pb_column][\/et_pb_row][\/et_pb_section][et_pb_section fb_built=&#8221;1&#8243; _builder_version=&#8221;4.14.2&#8243; _module_preset=&#8221;default&#8221; global_colors_info=&#8221;{}&#8221;][et_pb_row column_structure=&#8221;1_2,1_2&#8243; _builder_version=&#8221;4.10.8&#8243; _module_preset=&#8221;default&#8221; global_colors_info=&#8221;{}&#8221;][et_pb_column type=&#8221;1_2&#8243; _builder_version=&#8221;4.10.8&#8243; _module_preset=&#8221;default&#8221; global_colors_info=&#8221;{}&#8221;][et_pb_image src=&#8221;http:\/\/measline.com\/\/wp-content\/uploads\/2021\/12\/Surftens-AUTOMATIC.jpg&#8221; title_text=&#8221;Surftens AUTOMATIC&#8221; align=&#8221;center&#8221; _builder_version=&#8221;4.14.4&#8243; _module_preset=&#8221;default&#8221; width=&#8221;71%&#8221; custom_padding=&#8221;0px||0px||true|false&#8221; global_colors_info=&#8221;{}&#8221;][\/et_pb_image][\/et_pb_column][et_pb_column type=&#8221;1_2&#8243; _builder_version=&#8221;4.10.8&#8243; _module_preset=&#8221;default&#8221; global_colors_info=&#8221;{}&#8221;][et_pb_text _builder_version=&#8221;4.14.4&#8243; _module_preset=&#8221;default&#8221; custom_padding=&#8221;||2px|||&#8221; global_colors_info=&#8221;{}&#8221;]<h1><strong>SURFTENS AUTOMATIC<\/strong><\/h1>[\/et_pb_text][et_pb_divider color=&#8221;#215500&#8243; divider_weight=&#8221;2px&#8221; _builder_version=&#8221;4.14.1&#8243; _module_preset=&#8221;default&#8221; custom_margin=&#8221;-23px||6px||false|false&#8221; global_colors_info=&#8221;{}&#8221;][\/et_pb_divider][et_pb_text _builder_version=&#8221;4.14.4&#8243; _module_preset=&#8221;default&#8221; global_colors_info=&#8221;{}&#8221;]<div style=\"text-align: justify;\"><span>Urz\u0105dzenie SURFTENS AUTOMATIC zosta\u0142o stworzone z my\u015bl\u0105 przemy\u015ble p\u00f3\u0142przewodnikowym, w do kontroli proces\u00f3w powlekania powierzchni oraz litografii. Jest r\u00f3wnie\u017c dostosowany do analizy wszelkich p\u0142askich powierzchni\u00a0takich jak pod\u0142o\u017ca szklane i folie.<\/span><\/div>\n<p>&nbsp;<\/p>[\/et_pb_text][\/et_pb_column][\/et_pb_row][\/et_pb_section][et_pb_section fb_built=&#8221;1&#8243; _builder_version=&#8221;4.14.2&#8243; _module_preset=&#8221;default&#8221; background_color=&#8221;rgba(0,0,0,0.05)&#8221; global_colors_info=&#8221;{}&#8221;][et_pb_row column_structure=&#8221;2_3,1_3&#8243; _builder_version=&#8221;4.14.2&#8243; _module_preset=&#8221;default&#8221; global_colors_info=&#8221;{}&#8221;][et_pb_column type=&#8221;2_3&#8243; _builder_version=&#8221;4.14.2&#8243; _module_preset=&#8221;default&#8221; global_colors_info=&#8221;{}&#8221;][et_pb_text _builder_version=&#8221;4.14.4&#8243; _module_preset=&#8221;default&#8221; custom_margin=&#8221;-50px||||false|false&#8221; global_colors_info=&#8221;{}&#8221;]<div>\n<h3 class=\"Standard\">Najwa\u017cniejsze cechy urz\u0105dzenia SURFTENS AUTOMATIC<o:p><\/o:p><\/h3>\n<\/div>\n<div>\n<ul>\n<li>szybka, automatyczna analiza rozk\u0142adu k\u0105ta zwil\u017cania na powierzchni<\/li>\n<li>ma\u0142y rozmiar urz\u0105dzenia<\/li>\n<li>zmotoryzowany stolik xy dla automatycznego pozycjonowanie pr\u00f3bki<\/li>\n<li>zmotoryzowany, automatyczny system dozowania<\/li>\n<li>dowolnie definiowane szablony pomiarowe<\/li>\n<li>wygodna dokumentacja wynik\u00f3w pomiaru w postaci protoko\u0142u oraz zapisu wideo<\/li>\n<li>oprogramowanie zawiera modu\u0142 obliczeniowy dla swobodnej energii powierzchniowej<\/li>\n<li>bardzo dok\u0142adne urz\u0105dzenie dozuj\u0105ce o du\u017cej obj\u0119to\u015bci<\/li>\n<li>przeznaczony do pracy w warunkach clean-room<\/li>\n<\/ul>\n<\/div>\n<div>\n<p class=\"Standard\"><o:p><\/o:p><\/p>\n<\/div>[\/et_pb_text][\/et_pb_column][et_pb_column type=&#8221;1_3&#8243; _builder_version=&#8221;4.14.2&#8243; _module_preset=&#8221;default&#8221; global_colors_info=&#8221;{}&#8221;][et_pb_gallery gallery_ids=&#8221;1276&#8243; fullwidth=&#8221;on&#8221; _builder_version=&#8221;4.14.4&#8243; _module_preset=&#8221;default&#8221; max_width=&#8221;70%&#8221; custom_margin=&#8221;-30px|||16px|false|false&#8221; custom_padding=&#8221;0px||0px||true|false&#8221; global_colors_info=&#8221;{}&#8221;][\/et_pb_gallery][\/et_pb_column][\/et_pb_row][et_pb_row _builder_version=&#8221;4.10.8&#8243; _module_preset=&#8221;default&#8221; global_colors_info=&#8221;{}&#8221;][et_pb_column type=&#8221;4_4&#8243; _builder_version=&#8221;4.10.8&#8243; _module_preset=&#8221;default&#8221; global_colors_info=&#8221;{}&#8221;][et_pb_video src=&#8221;https:\/\/www.youtube.com\/watch?v=NZmjeX6KsNs&#8221; _builder_version=&#8221;4.14.4&#8243; _module_preset=&#8221;default&#8221; global_colors_info=&#8221;{}&#8221;][\/et_pb_video][\/et_pb_column][\/et_pb_row][\/et_pb_section][et_pb_section fb_built=&#8221;1&#8243; _builder_version=&#8221;4.14.2&#8243; _module_preset=&#8221;default&#8221; background_color=&#8221;#FFFFFF&#8221; custom_padding=&#8221;30px||54px||false|false&#8221; global_colors_info=&#8221;{}&#8221;][et_pb_row _builder_version=&#8221;4.14.7&#8243; _module_preset=&#8221;default&#8221; custom_margin=&#8221;||||false|false&#8221; custom_padding=&#8221;||||false|false&#8221; global_colors_info=&#8221;{}&#8221;][et_pb_column type=&#8221;4_4&#8243; _builder_version=&#8221;4.14.2&#8243; _module_preset=&#8221;default&#8221; global_colors_info=&#8221;{}&#8221;][et_pb_text _builder_version=&#8221;4.14.7&#8243; _module_preset=&#8221;default&#8221; hover_enabled=&#8221;0&#8243; global_colors_info=&#8221;{}&#8221; sticky_enabled=&#8221;0&#8243;]<div class=\"dataTables_scrollHead\">\n<div class=\"dataTables_scrollHeadInner\">\n<h3>Specyfikacja:<\/h3>\n<div>\n<ul><\/ul>\n<table style=\"height: 100%;\">\n<tbody>\n<tr style=\"height: 24px;\">\n<td style=\"height: 13px; width: 326.719px;\">Obszar pomiarowy<\/td>\n<td style=\"height: 13px; width: 600.281px;\">200 x 200 mm<\/td>\n<\/tr>\n<tr style=\"height: 24px;\">\n<td style=\"width: 326.719px; height: 24px;\">Pr\u00f3bka<\/td>\n<td style=\"width: 600.281px; height: 24px;\">maksymalna grubo\u015b\u0107: 5 mm<\/td>\n<\/tr>\n<tr valign=\"top\" style=\"height: 56px;\">\n<td height=\"24\" style=\"height: 56px; width: 326.719px;\">Kamera<\/td>\n<td style=\"height: 56px; width: 600.281px;\">\n<p>kamera CCD o wysokiej rozdzielczo\u015bci<\/p>\n<p>b\/w USB 1MPixel<\/p>\n<\/td>\n<\/tr>\n<tr style=\"height: 10px;\">\n<td style=\"width: 326.719px; height: 10px;\">O\u015bwietlenie<\/td>\n<td style=\"width: 600.281px; height: 10px;\">o\u015bwietlenie z p\u0142ynn\u0105 regulacj\u0105 nat\u0119\u017cenia dla r\u00f3wnomiernego pod\u015bwietlenia,<\/td>\n<\/tr>\n<tr valign=\"top\" style=\"height: 56px;\">\n<td height=\"24\" style=\"height: 31px; width: 326.719px;\">Pozycjonowanie<\/td>\n<td style=\"height: 31px; width: 600.281px;\">\n<p><span style=\"font-size: 14px;\">pr\u00f3bka: kierunki x,y<\/span><\/p>\n<p><span style=\"font-size: 14px;\">dozownik: kierunek z<\/span><\/p>\n<\/td>\n<\/tr>\n<tr style=\"height: 56px;\">\n<td style=\"width: 326.719px; height: 56px;\">Optyka<\/td>\n<td style=\"width: 600.281px; height: 56px;\">\n<p><span style=\"font-size: 14px;\">sta\u0142e powi\u0119kszenie ze zmotoryzowanym ustawianiem ostro\u015bci<\/span><\/p>\n<p><span style=\"font-size: 14px;\">telecentryczna soczewka pomiarowa<\/span><\/p>\n<p><span style=\"font-size: 14px;\">regulacja nachylenia optyki pomiarowej: 0-2<span>\u00b0\u00a0<\/span><\/span><\/p>\n<\/td>\n<\/tr>\n<tr valign=\"top\" style=\"height: 56px;\">\n<td style=\"height: 56px; width: 326.719px;\">Jednostka dozuj\u0105ca<\/td>\n<td style=\"height: 56px; width: 600.281px;\">\n<p>automatyczne i zmotoryzowana<\/p>\n<p><span style=\"font-family: inherit; font-size: inherit;\">system pojedynczego dozowania <\/span>sterowany za pomoc\u0105 oprogramowania<\/p>\n<\/td>\n<\/tr>\n<tr valign=\"top\" style=\"height: 56px;\">\n<td style=\"height: 25px; width: 326.719px;\">powtarzalno\u015b\u0107 obj\u0119to\u015bci kropli<\/td>\n<td style=\"height: 25px; width: 600.281px;\">+\/-0,1 <span>\u00b5l<\/span><\/td>\n<\/tr>\n<tr style=\"height: 56px;\">\n<td style=\"width: 326.719px; height: 28px;\">rozdzielczo\u015b\u0107 pomiaru k\u0105ta zwil\u017cania<\/td>\n<td style=\"height: 28px; width: 600.281px;\">0,05\u00b0<\/td>\n<\/tr>\n<tr style=\"height: 56px;\">\n<td style=\"width: 326.719px; height: 17px;\">dok\u0142adno\u015b\u0107 pomiaru k\u0105ta zwil\u017cania<\/td>\n<td style=\"width: 600.281px; height: 17px;\">+\/-0,5\u00b0<\/td>\n<\/tr>\n<tr style=\"height: 24px;\">\n<td style=\"width: 326.719px; height: 24px;\">Zakres pomiarowy k\u0105ta zwil\u017cania<\/td>\n<td style=\"width: 600.281px; height: 24px;\">1-180\u00b0<\/td>\n<\/tr>\n<tr style=\"height: 56px;\">\n<td style=\"height: 10px; width: 326.719px;\">Funkcje pomiarowe<\/td>\n<td style=\"height: 10px; width: 600.281px;\">\n<p>r\u0119czny\u00a0 i automatyczny pomiar k\u0105ta zwil\u017cania<\/p>\n<p>modu\u0142 oprogramowania do obliczania swobodnej energii powierzchniowej cia\u0142 sta\u0142ych poprzez wyznaczenie k\u0105ta zwil\u017cania ciecz\u0105 polarn\u0105 i niepolarn\u0105<\/p>\n<p>wyniki pomiaru wy\u015bwietlane w czasie rzeczywistym<\/p>\n<p>pomiar w czasie rzeczywistym k\u0105ta zwil\u017cania zale\u017cnego od czasu<\/p>\n<p>pomiar ig\u0142\u0105 w kropli (dynamiczny k\u0105t zwil\u017cania)<\/p>\n<\/td>\n<\/tr>\n<\/tbody>\n<\/table>\n<\/div>\n<div>\n<ul><\/ul>\n<p><a href=\"https:\/\/www.oeggmbh.com\/?p=12&amp;k=3&amp;kj=&amp;z=&amp;l=1\" target=\"_blank\" rel=\"noopener\">Zobacz wi\u0119cej na stronie producenta<\/a><\/p>\n<\/div>\n<div>\n<ul><\/ul>\n<\/div>\n<div>\n<ul><\/ul>\n<\/div>\n<\/div>\n<\/div>[\/et_pb_text][\/et_pb_column][\/et_pb_row][\/et_pb_section]\n","protected":false},"excerpt":{"rendered":"<p>SURFTENS AUTOMATICUrz\u0105dzenie SURFTENS AUTOMATIC zosta\u0142o stworzone z my\u015bl\u0105 przemy\u015ble p\u00f3\u0142przewodnikowym, w do kontroli proces\u00f3w powlekania powierzchni oraz litografii. Jest r\u00f3wnie\u017c dostosowany do analizy wszelkich p\u0142askich powierzchni\u00a0takich jak pod\u0142o\u017ca szklane i folie. &nbsp; Najwa\u017cniejsze cechy urz\u0105dzenia SURFTENS AUTOMATIC szybka, automatyczna analiza rozk\u0142adu k\u0105ta zwil\u017cania na powierzchni ma\u0142y rozmiar urz\u0105dzenia zmotoryzowany stolik xy dla automatycznego pozycjonowanie pr\u00f3bki [&hellip;]<\/p>\n","protected":false},"author":2,"featured_media":0,"parent":1013,"menu_order":0,"comment_status":"closed","ping_status":"closed","template":"","meta":{"_et_pb_use_builder":"on","_et_pb_old_content":"","_et_gb_content_width":"","footnotes":""},"class_list":["post-1268","page","type-page","status-publish","hentry"],"yoast_head":"<!-- This site is optimized with the Yoast SEO plugin v27.5 - https:\/\/yoast.com\/product\/yoast-seo-wordpress\/ -->\n<title>Optyczne urz\u0105dzenia pomiarowe Surftens Automatic - Measline<\/title>\n<meta name=\"description\" content=\"Urz\u0105dzenie to zosta\u0142o stworzone z my\u015bl\u0105 przemy\u015ble p\u00f3\u0142przewodnikowym, w do kontroli proces\u00f3w powlekania powierzchni oraz litografii.\" \/>\n<meta name=\"robots\" content=\"index, follow, max-snippet:-1, max-image-preview:large, max-video-preview:-1\" \/>\n<link rel=\"canonical\" href=\"https:\/\/measline.com\/index.php\/pl\/measline\/produkty\/surftens\/surftens-automatic-2\/\" \/>\n<meta property=\"og:locale\" content=\"pl_PL\" \/>\n<meta property=\"og:type\" content=\"article\" \/>\n<meta property=\"og:title\" content=\"Optyczne urz\u0105dzenia pomiarowe Surftens Automatic - Measline\" \/>\n<meta property=\"og:description\" content=\"Urz\u0105dzenie to zosta\u0142o stworzone z my\u015bl\u0105 przemy\u015ble p\u00f3\u0142przewodnikowym, w do kontroli proces\u00f3w powlekania powierzchni oraz litografii.\" \/>\n<meta property=\"og:url\" content=\"https:\/\/measline.com\/index.php\/pl\/measline\/produkty\/surftens\/surftens-automatic-2\/\" \/>\n<meta property=\"og:site_name\" content=\"Measline\" \/>\n<meta property=\"article:modified_time\" content=\"2022-02-14T11:05:37+00:00\" \/>\n<meta name=\"twitter:card\" content=\"summary_large_image\" \/>\n<meta name=\"twitter:label1\" content=\"Szacowany czas czytania\" \/>\n\t<meta name=\"twitter:data1\" content=\"3 minuty\" \/>\n<script type=\"application\/ld+json\" class=\"yoast-schema-graph\">{\"@context\":\"https:\\\/\\\/schema.org\",\"@graph\":[{\"@type\":\"WebPage\",\"@id\":\"https:\\\/\\\/measline.com\\\/index.php\\\/pl\\\/measline\\\/produkty\\\/surftens\\\/surftens-automatic-2\\\/\",\"url\":\"https:\\\/\\\/measline.com\\\/index.php\\\/pl\\\/measline\\\/produkty\\\/surftens\\\/surftens-automatic-2\\\/\",\"name\":\"Optyczne urz\u0105dzenia pomiarowe Surftens Automatic - Measline\",\"isPartOf\":{\"@id\":\"https:\\\/\\\/measline.com\\\/#website\"},\"datePublished\":\"2021-12-22T10:19:38+00:00\",\"dateModified\":\"2022-02-14T11:05:37+00:00\",\"description\":\"Urz\u0105dzenie to zosta\u0142o stworzone z my\u015bl\u0105 przemy\u015ble p\u00f3\u0142przewodnikowym, w do kontroli proces\u00f3w powlekania powierzchni oraz litografii.\",\"breadcrumb\":{\"@id\":\"https:\\\/\\\/measline.com\\\/index.php\\\/pl\\\/measline\\\/produkty\\\/surftens\\\/surftens-automatic-2\\\/#breadcrumb\"},\"inLanguage\":\"pl-PL\",\"potentialAction\":[{\"@type\":\"ReadAction\",\"target\":[\"https:\\\/\\\/measline.com\\\/index.php\\\/pl\\\/measline\\\/produkty\\\/surftens\\\/surftens-automatic-2\\\/\"]}]},{\"@type\":\"BreadcrumbList\",\"@id\":\"https:\\\/\\\/measline.com\\\/index.php\\\/pl\\\/measline\\\/produkty\\\/surftens\\\/surftens-automatic-2\\\/#breadcrumb\",\"itemListElement\":[{\"@type\":\"ListItem\",\"position\":1,\"name\":\"Strona g\u0142\u00f3wna\",\"item\":\"https:\\\/\\\/measline.com\\\/index.php\\\/pl\\\/\"},{\"@type\":\"ListItem\",\"position\":2,\"name\":\"Strona g\u0142\u00f3wna\",\"item\":\"https:\\\/\\\/measline.com\\\/index.php\\\/pl\\\/\"},{\"@type\":\"ListItem\",\"position\":3,\"name\":\"Produkty\",\"item\":\"https:\\\/\\\/measline.com\\\/index.php\\\/pl\\\/measline\\\/produkty\\\/\"},{\"@type\":\"ListItem\",\"position\":4,\"name\":\"Surftens\",\"item\":\"https:\\\/\\\/measline.com\\\/index.php\\\/pl\\\/measline\\\/produkty\\\/surftens\\\/\"},{\"@type\":\"ListItem\",\"position\":5,\"name\":\"SURFTENS AUTOMATIC\"}]},{\"@type\":\"WebSite\",\"@id\":\"https:\\\/\\\/measline.com\\\/#website\",\"url\":\"https:\\\/\\\/measline.com\\\/\",\"name\":\"Measline\",\"description\":\"Advanced solutions\",\"publisher\":{\"@id\":\"https:\\\/\\\/measline.com\\\/#organization\"},\"potentialAction\":[{\"@type\":\"SearchAction\",\"target\":{\"@type\":\"EntryPoint\",\"urlTemplate\":\"https:\\\/\\\/measline.com\\\/?s={search_term_string}\"},\"query-input\":{\"@type\":\"PropertyValueSpecification\",\"valueRequired\":true,\"valueName\":\"search_term_string\"}}],\"inLanguage\":\"pl-PL\"},{\"@type\":\"Organization\",\"@id\":\"https:\\\/\\\/measline.com\\\/#organization\",\"name\":\"Measline\",\"url\":\"https:\\\/\\\/measline.com\\\/\",\"logo\":{\"@type\":\"ImageObject\",\"inLanguage\":\"pl-PL\",\"@id\":\"https:\\\/\\\/measline.com\\\/#\\\/schema\\\/logo\\\/image\\\/\",\"url\":\"https:\\\/\\\/measline.com\\\/wp-content\\\/uploads\\\/2021\\\/11\\\/logo_color_small.png.png\",\"contentUrl\":\"https:\\\/\\\/measline.com\\\/wp-content\\\/uploads\\\/2021\\\/11\\\/logo_color_small.png.png\",\"width\":1000,\"height\":417,\"caption\":\"Measline\"},\"image\":{\"@id\":\"https:\\\/\\\/measline.com\\\/#\\\/schema\\\/logo\\\/image\\\/\"}}]}<\/script>\n<!-- \/ Yoast SEO plugin. -->","yoast_head_json":{"title":"Optyczne urz\u0105dzenia pomiarowe Surftens Automatic - Measline","description":"Urz\u0105dzenie to zosta\u0142o stworzone z my\u015bl\u0105 przemy\u015ble p\u00f3\u0142przewodnikowym, w do kontroli proces\u00f3w powlekania powierzchni oraz litografii.","robots":{"index":"index","follow":"follow","max-snippet":"max-snippet:-1","max-image-preview":"max-image-preview:large","max-video-preview":"max-video-preview:-1"},"canonical":"https:\/\/measline.com\/index.php\/pl\/measline\/produkty\/surftens\/surftens-automatic-2\/","og_locale":"pl_PL","og_type":"article","og_title":"Optyczne urz\u0105dzenia pomiarowe Surftens Automatic - Measline","og_description":"Urz\u0105dzenie to zosta\u0142o stworzone z my\u015bl\u0105 przemy\u015ble p\u00f3\u0142przewodnikowym, w do kontroli proces\u00f3w powlekania powierzchni oraz litografii.","og_url":"https:\/\/measline.com\/index.php\/pl\/measline\/produkty\/surftens\/surftens-automatic-2\/","og_site_name":"Measline","article_modified_time":"2022-02-14T11:05:37+00:00","twitter_card":"summary_large_image","twitter_misc":{"Szacowany czas czytania":"3 minuty"},"schema":{"@context":"https:\/\/schema.org","@graph":[{"@type":"WebPage","@id":"https:\/\/measline.com\/index.php\/pl\/measline\/produkty\/surftens\/surftens-automatic-2\/","url":"https:\/\/measline.com\/index.php\/pl\/measline\/produkty\/surftens\/surftens-automatic-2\/","name":"Optyczne urz\u0105dzenia pomiarowe Surftens Automatic - Measline","isPartOf":{"@id":"https:\/\/measline.com\/#website"},"datePublished":"2021-12-22T10:19:38+00:00","dateModified":"2022-02-14T11:05:37+00:00","description":"Urz\u0105dzenie to zosta\u0142o stworzone z my\u015bl\u0105 przemy\u015ble p\u00f3\u0142przewodnikowym, w do kontroli proces\u00f3w powlekania powierzchni oraz litografii.","breadcrumb":{"@id":"https:\/\/measline.com\/index.php\/pl\/measline\/produkty\/surftens\/surftens-automatic-2\/#breadcrumb"},"inLanguage":"pl-PL","potentialAction":[{"@type":"ReadAction","target":["https:\/\/measline.com\/index.php\/pl\/measline\/produkty\/surftens\/surftens-automatic-2\/"]}]},{"@type":"BreadcrumbList","@id":"https:\/\/measline.com\/index.php\/pl\/measline\/produkty\/surftens\/surftens-automatic-2\/#breadcrumb","itemListElement":[{"@type":"ListItem","position":1,"name":"Strona g\u0142\u00f3wna","item":"https:\/\/measline.com\/index.php\/pl\/"},{"@type":"ListItem","position":2,"name":"Strona g\u0142\u00f3wna","item":"https:\/\/measline.com\/index.php\/pl\/"},{"@type":"ListItem","position":3,"name":"Produkty","item":"https:\/\/measline.com\/index.php\/pl\/measline\/produkty\/"},{"@type":"ListItem","position":4,"name":"Surftens","item":"https:\/\/measline.com\/index.php\/pl\/measline\/produkty\/surftens\/"},{"@type":"ListItem","position":5,"name":"SURFTENS AUTOMATIC"}]},{"@type":"WebSite","@id":"https:\/\/measline.com\/#website","url":"https:\/\/measline.com\/","name":"Measline","description":"Advanced solutions","publisher":{"@id":"https:\/\/measline.com\/#organization"},"potentialAction":[{"@type":"SearchAction","target":{"@type":"EntryPoint","urlTemplate":"https:\/\/measline.com\/?s={search_term_string}"},"query-input":{"@type":"PropertyValueSpecification","valueRequired":true,"valueName":"search_term_string"}}],"inLanguage":"pl-PL"},{"@type":"Organization","@id":"https:\/\/measline.com\/#organization","name":"Measline","url":"https:\/\/measline.com\/","logo":{"@type":"ImageObject","inLanguage":"pl-PL","@id":"https:\/\/measline.com\/#\/schema\/logo\/image\/","url":"https:\/\/measline.com\/wp-content\/uploads\/2021\/11\/logo_color_small.png.png","contentUrl":"https:\/\/measline.com\/wp-content\/uploads\/2021\/11\/logo_color_small.png.png","width":1000,"height":417,"caption":"Measline"},"image":{"@id":"https:\/\/measline.com\/#\/schema\/logo\/image\/"}}]}},"_links":{"self":[{"href":"https:\/\/measline.com\/index.php\/wp-json\/wp\/v2\/pages\/1268","targetHints":{"allow":["GET"]}}],"collection":[{"href":"https:\/\/measline.com\/index.php\/wp-json\/wp\/v2\/pages"}],"about":[{"href":"https:\/\/measline.com\/index.php\/wp-json\/wp\/v2\/types\/page"}],"author":[{"embeddable":true,"href":"https:\/\/measline.com\/index.php\/wp-json\/wp\/v2\/users\/2"}],"replies":[{"embeddable":true,"href":"https:\/\/measline.com\/index.php\/wp-json\/wp\/v2\/comments?post=1268"}],"version-history":[{"count":13,"href":"https:\/\/measline.com\/index.php\/wp-json\/wp\/v2\/pages\/1268\/revisions"}],"predecessor-version":[{"id":2885,"href":"https:\/\/measline.com\/index.php\/wp-json\/wp\/v2\/pages\/1268\/revisions\/2885"}],"up":[{"embeddable":true,"href":"https:\/\/measline.com\/index.php\/wp-json\/wp\/v2\/pages\/1013"}],"wp:attachment":[{"href":"https:\/\/measline.com\/index.php\/wp-json\/wp\/v2\/media?parent=1268"}],"curies":[{"name":"wp","href":"https:\/\/api.w.org\/{rel}","templated":true}]}}