{"id":1343,"date":"2021-12-27T11:43:26","date_gmt":"2021-12-27T10:43:26","guid":{"rendered":"http:\/\/measline.com\/\/?page_id=1343"},"modified":"2022-02-14T11:36:38","modified_gmt":"2022-02-14T10:36:38","slug":"1343-2","status":"publish","type":"page","link":"https:\/\/measline.com\/index.php\/pl\/measline\/produkty\/pomiar_grubosci_warstw\/1343-2\/","title":{"rendered":"FR-pOrtable"},"content":{"rendered":"\n[et_pb_section fb_built=&#8221;1&#8243; _builder_version=&#8221;4.14.2&#8243; _module_preset=&#8221;default&#8221; background_color=&#8221;rgba(0,0,0,0.05)&#8221; custom_margin=&#8221;0px|0px|0px|0px|false|false&#8221; custom_padding=&#8221;0px|0px|0px|0px|false|false&#8221; global_colors_info=&#8221;{}&#8221;][et_pb_row _builder_version=&#8221;4.14.4&#8243; _dynamic_attributes=&#8221;link_option_url&#8221; _module_preset=&#8221;default&#8221; custom_margin=&#8221;0px||0px||true|false&#8221; custom_padding=&#8221;11px||3px||false|false&#8221; link_option_url=&#8221;@ET-DC@eyJkeW5hbWljIjp0cnVlLCJjb250ZW50IjoicG9zdF9saW5rX3VybF9wYWdlIiwic2V0dGluZ3MiOnsicG9zdF9pZCI6IjEwNzkifX0=@&#8221; global_colors_info=&#8221;{}&#8221;][et_pb_column type=&#8221;4_4&#8243; _builder_version=&#8221;4.14.2&#8243; _module_preset=&#8221;default&#8221; global_colors_info=&#8221;{}&#8221;][et_pb_button button_url=&#8221;@ET-DC@eyJkeW5hbWljIjp0cnVlLCJjb250ZW50IjoicG9zdF9saW5rX3VybF9wYWdlIiwic2V0dGluZ3MiOnsicG9zdF9pZCI6IjEwNzkifX0=@&#8221; button_text=&#8221;Powr\u00f3t do podkategorii&#8221; _builder_version=&#8221;4.14.4&#8243; _dynamic_attributes=&#8221;button_url&#8221; _module_preset=&#8221;default&#8221; custom_button=&#8221;on&#8221; button_text_color=&#8221;#225500&#8243; button_border_width=&#8221;0px&#8221; button_icon=&#8221;&#x4a;||divi||400&#8243; global_colors_info=&#8221;{}&#8221;][\/et_pb_button][\/et_pb_column][\/et_pb_row][\/et_pb_section][et_pb_section fb_built=&#8221;1&#8243; _builder_version=&#8221;4.14.2&#8243; _module_preset=&#8221;default&#8221; global_colors_info=&#8221;{}&#8221;][et_pb_row column_structure=&#8221;1_2,1_2&#8243; _builder_version=&#8221;4.10.8&#8243; _module_preset=&#8221;default&#8221; global_colors_info=&#8221;{}&#8221;][et_pb_column type=&#8221;1_2&#8243; _builder_version=&#8221;4.10.8&#8243; _module_preset=&#8221;default&#8221; global_colors_info=&#8221;{}&#8221;][et_pb_image src=&#8221;http:\/\/measline.com\/\/wp-content\/uploads\/2021\/12\/FR-pOrtable.jpg&#8221; title_text=&#8221;FR-pOrtable&#8221; align=&#8221;center&#8221; _builder_version=&#8221;4.14.4&#8243; _module_preset=&#8221;default&#8221; width=&#8221;71%&#8221; custom_padding=&#8221;0px||0px||true|false&#8221; global_colors_info=&#8221;{}&#8221;][\/et_pb_image][\/et_pb_column][et_pb_column type=&#8221;1_2&#8243; _builder_version=&#8221;4.10.8&#8243; _module_preset=&#8221;default&#8221; global_colors_info=&#8221;{}&#8221;][et_pb_text _builder_version=&#8221;4.14.4&#8243; _module_preset=&#8221;default&#8221; global_colors_info=&#8221;{}&#8221;]<h1><strong>FR-pOrtable<\/strong><\/h1>[\/et_pb_text][et_pb_divider color=&#8221;#215500&#8243; divider_weight=&#8221;2px&#8221; _builder_version=&#8221;4.14.1&#8243; _module_preset=&#8221;default&#8221; custom_margin=&#8221;-23px||6px||false|false&#8221; global_colors_info=&#8221;{}&#8221;][\/et_pb_divider][et_pb_text _builder_version=&#8221;4.14.4&#8243; _module_preset=&#8221;default&#8221; custom_padding=&#8221;||1px|||&#8221; global_colors_info=&#8221;{}&#8221;]<div style=\"text-align: justify;\"><\/div>\n<p><span>FR-pOrtable jest por\u0119cznym urz\u0105dzeniem s\u0142u\u017c\u0105cym do precyzyjnej charakterystyki prze\u017aroczystych i p\u00f3\u0142prze\u017aroczystych cienkich warstw. Jego kompaktowa budowa oraz zasilanie za pomoc\u0105 USB umo\u017cliwiaj\u0105 prowadzenie pomiar\u00f3w\u00a0w dowolnym\u00a0miejscu.<\/span><\/p>[\/et_pb_text][\/et_pb_column][\/et_pb_row][\/et_pb_section][et_pb_section fb_built=&#8221;1&#8243; _builder_version=&#8221;4.14.2&#8243; _module_preset=&#8221;default&#8221; background_color=&#8221;rgba(0,0,0,0.05)&#8221; global_colors_info=&#8221;{}&#8221;][et_pb_row column_structure=&#8221;2_3,1_3&#8243; _builder_version=&#8221;4.14.2&#8243; _module_preset=&#8221;default&#8221; custom_padding=&#8221;30px|||||&#8221; global_colors_info=&#8221;{}&#8221;][et_pb_column type=&#8221;2_3&#8243; _builder_version=&#8221;4.14.2&#8243; _module_preset=&#8221;default&#8221; global_colors_info=&#8221;{}&#8221;][et_pb_text _builder_version=&#8221;4.14.4&#8243; _module_preset=&#8221;default&#8221; custom_margin=&#8221;-50px||||false|false&#8221; global_colors_info=&#8221;{}&#8221;]<div>\n<h3 class=\"Standard\">Najwa\u017cniejsze cechy urz\u0105dzenia FR-pOrtable<o:p><\/o:p><\/h3>\n<\/div>\n<div>\n<ul>\n<li>przeznaczony do pomiaru grubo\u015bci prze\u017aroczystych i p\u00f3\u0142prze\u017aroczystych warstw w zakresie 12 nm-90\u03bcm<\/li>\n<li>umo\u017cliwia pomiar reflektancji, transmitancji, absorpcji i parametr\u00f3w koloru<\/li>\n<li>przeno\u015bne urz\u0105dzenie o kompaktowej budowie<\/li>\n<li>mo\u017cliwo\u015b\u0107 monta\u017cu na do\u0142\u0105czonym statywie<\/li>\n<li>dok\u0142adne i powtarzalne pomiary<\/li>\n<\/ul>\n<\/div>\n<div>\n<p class=\"Standard\"><o:p><\/o:p><\/p>\n<\/div>[\/et_pb_text][\/et_pb_column][et_pb_column type=&#8221;1_3&#8243; _builder_version=&#8221;4.14.2&#8243; _module_preset=&#8221;default&#8221; global_colors_info=&#8221;{}&#8221;][et_pb_image src=&#8221;http:\/\/measline.com\/\/wp-content\/uploads\/2021\/12\/FR-pOrtable-komputer-scaled.jpg&#8221; title_text=&#8221;FR-pOrtable komputer&#8221; _builder_version=&#8221;4.14.4&#8243; _module_preset=&#8221;default&#8221; custom_margin=&#8221;-41px|||||&#8221; global_colors_info=&#8221;{}&#8221;][\/et_pb_image][\/et_pb_column][\/et_pb_row][\/et_pb_section][et_pb_section fb_built=&#8221;1&#8243; _builder_version=&#8221;4.14.7&#8243; _module_preset=&#8221;default&#8221; background_color=&#8221;#FFFFFF&#8221; custom_padding=&#8221;||||false|false&#8221; global_colors_info=&#8221;{}&#8221;][et_pb_row _builder_version=&#8221;4.14.7&#8243; _module_preset=&#8221;default&#8221; width=&#8221;75.5%&#8221; min_height=&#8221;946px&#8221; custom_margin=&#8221;||||false|false&#8221; custom_padding=&#8221;30px||30px||true|false&#8221; global_colors_info=&#8221;{}&#8221;][et_pb_column type=&#8221;4_4&#8243; _builder_version=&#8221;4.14.2&#8243; _module_preset=&#8221;default&#8221; global_colors_info=&#8221;{}&#8221;][et_pb_text _builder_version=&#8221;4.14.7&#8243; _module_preset=&#8221;default&#8221; module_alignment=&#8221;left&#8221; custom_margin_tablet=&#8221;&#8221; custom_margin_phone=&#8221;&#8221; custom_margin_last_edited=&#8221;on|phone&#8221; custom_padding=&#8221;||||false|false&#8221; global_colors_info=&#8221;{}&#8221;]<div class=\"dataTables_scrollHead\">\n<div class=\"dataTables_scrollHeadInner\">\n<h3>Specyfikacja:<\/h3>\n<div>\n<table style=\"height: 100%; float: left;\">\n<tbody>\n<tr style=\"height: 47px;\">\n<td style=\"width: 272.672px; height: 47px;\">Zakres pomiarowy<\/td>\n<td style=\"width: 681.328px; height: 47px;\">\n<p data-placeholder=\"T\u0142umaczenie\" id=\"tw-target-text\" dir=\"ltr\">12 nm-90\u03bcm<\/p>\n<\/td>\n<\/tr>\n<tr style=\"height: 40px;\">\n<td style=\"width: 272.672px; height: 40px;\">Obliczanie wsp\u00f3\u0142czynnika za\u0142amania<\/td>\n<td style=\"width: 681.328px; height: 40px;\">\n<p data-placeholder=\"T\u0142umaczenie\" id=\"tw-target-text\" dir=\"ltr\"><span lang=\"pl\">tak, &gt;100 nm grubo\u015bci<\/span><\/p>\n<\/td>\n<\/tr>\n<tr style=\"height: 44px;\">\n<td style=\"width: 272.672px; height: 44px;\">\n<p data-placeholder=\"T\u0142umaczenie\" id=\"tw-target-text\" dir=\"ltr\"><span lang=\"pl\">Dok\u0142adno\u015b\u0107 pomiaru<\/span><\/p>\n<\/td>\n<td style=\"width: 681.328px; height: 44px;\">0,2% \/ 1 nm<\/td>\n<\/tr>\n<tr valign=\"top\" style=\"height: 67px;\">\n<td height=\"24\" style=\"width: 272.672px; height: 67px;\">\n<p align=\"justify\">Precyzja pomiaru<\/p>\n<\/td>\n<td style=\"width: 681.328px; height: 67px;\">\n<p align=\"justify\">0,05 nm \/ 1 \u2030 (0.01 nm)<\/p>\n<\/td>\n<\/tr>\n<tr valign=\"top\" style=\"height: 56px;\">\n<td style=\"height: 56px; width: 272.672px;\">Stabilno\u015b\u0107 pomiaru<\/td>\n<td style=\"height: 56px; width: 681.328px;\">\n<p class=\"tw-data-text tw-text-large tw-ta\" data-placeholder=\"T\u0142umaczenie\" dir=\"ltr\">0,06 nm<\/p>\n<\/td>\n<\/tr>\n<tr valign=\"top\" style=\"height: 56px;\">\n<td style=\"height: 56px; width: 272.672px;\">Rozmiar pr\u00f3bki<\/td>\n<td style=\"height: 56px; width: 681.328px;\">1-300 mm i wi\u0119cej<\/td>\n<\/tr>\n<tr valign=\"top\" style=\"height: 56px;\">\n<td style=\"height: 56px; width: 272.672px;\">Zakres spektralny<\/td>\n<td style=\"height: 56px; width: 681.328px;\">\n<p class=\"tw-data-text tw-text-large tw-ta\" data-placeholder=\"T\u0142umaczenie\" id=\"tw-target-text\" dir=\"ltr\"><span class=\"Y2IQFc\" lang=\"pl\">370-1020 nm<\/span><\/p>\n<\/td>\n<\/tr>\n<tr style=\"height: 56px;\">\n<td style=\"width: 272.672px; height: 56px;\">Rozdzielczo\u015b\u0107 d\u0142ugo\u015bci fali<\/td>\n<td style=\"width: 681.328px; height: 56px;\">\n<p class=\"tw-data-text tw-text-large tw-ta\" data-placeholder=\"T\u0142umaczenie\" id=\"tw-target-text\" dir=\"ltr\"><span class=\"Y2IQFc\" lang=\"pl\">0,8 nm<\/span><\/p>\n<\/td>\n<\/tr>\n<tr valign=\"top\" style=\"height: 56px;\">\n<td style=\"height: 56px; width: 272.672px;\">Odleg\u0142o\u015b\u0107 robocza<\/td>\n<td style=\"height: 56px; width: 681.328px;\">\n<p class=\"tw-data-text tw-text-large tw-ta\" data-placeholder=\"T\u0142umaczenie\" dir=\"ltr\">3-20 mm<\/p>\n<\/td>\n<\/tr>\n<tr valign=\"top\" style=\"height: 56px;\">\n<td style=\"height: 56px; width: 272.672px;\">Czas pracy \u017ar\u00f3d\u0142a \u015bwiat\u0142a<\/td>\n<td style=\"height: 56px; width: 681.328px;\">20 000 h<\/td>\n<\/tr>\n<tr style=\"height: 24px;\">\n<td style=\"width: 272.672px; height: 24px;\">Charakteryzowane warstwy<\/td>\n<td style=\"width: 681.328px; height: 24px;\">do 5 (jednocze\u015bnie)<\/td>\n<\/tr>\n<tr style=\"height: 24px;\">\n<td style=\"width: 272.672px; height: 24px;\">Czas pomiaru<\/td>\n<td style=\"width: 681.328px; height: 24px;\">5 msec<\/td>\n<\/tr>\n<tr style=\"height: 56px;\">\n<td style=\"width: 272.672px; height: 56px;\">Baza danych<\/td>\n<td style=\"width: 681.328px; height: 56px;\">\n<p class=\"tw-data-text tw-text-large tw-ta\" data-placeholder=\"T\u0142umaczenie\" id=\"tw-target-text\" dir=\"ltr\"><span class=\"Y2IQFc\" lang=\"pl\">ponad 650 r\u00f3\u017cnych materia\u0142\u00f3w<\/span><\/p>\n<\/td>\n<\/tr>\n<tr style=\"height: 56px;\">\n<td style=\"width: 272.672px; height: 56px;\">Spektrometr<\/td>\n<td style=\"width: 681.328px; height: 56px;\">\n<p class=\"tw-data-text tw-text-large tw-ta\" data-placeholder=\"T\u0142umaczenie\" id=\"tw-target-text\" dir=\"ltr\"><span class=\"Y2IQFc\" lang=\"pl\">3648 pikseli, 16 bit\u00f3w<\/span><\/p>\n<\/td>\n<\/tr>\n<tr style=\"height: 56px;\">\n<td style=\"width: 272.672px; height: 56px;\">Zasilanie<\/td>\n<td style=\"width: 681.328px; height: 56px;\">\n<p class=\"tw-data-text tw-text-large tw-ta\" data-placeholder=\"T\u0142umaczenie\" id=\"tw-target-text\" dir=\"ltr\"><span class=\"Y2IQFc\" lang=\"pl\">\u00a0USB<\/span><\/p>\n<\/td>\n<\/tr>\n<tr valign=\"top\" style=\"height: 10px;\">\n<td style=\"height: 10px; width: 272.672px;\">Wymiary i waga<\/td>\n<td style=\"height: 10px; width: 681.328px;\">300x110x40 mm<br \/>600 g<\/td>\n<\/tr>\n<\/tbody>\n<\/table>\n<p><a href=\"https:\/\/www.thetametrisis.com\/fr-portable\" style=\"font-size: 14px;\" target=\"_blank\" rel=\"noopener\">Zobacz wi\u0119cej na stronie producenta<\/a><\/p>\n<\/div>\n<\/div>\n<\/div>[\/et_pb_text][\/et_pb_column][\/et_pb_row][et_pb_row _builder_version=&#8221;4.14.7&#8243; _module_preset=&#8221;default&#8221; global_colors_info=&#8221;{}&#8221;][et_pb_column type=&#8221;4_4&#8243; _builder_version=&#8221;4.14.7&#8243; _module_preset=&#8221;default&#8221; global_colors_info=&#8221;{}&#8221;][et_pb_text _builder_version=&#8221;4.14.7&#8243; _module_preset=&#8221;default&#8221; global_colors_info=&#8221;{}&#8221;]<p><span>W ofercie znajduj\u0105 si\u0119 r\u00f3wnie\u017c inne urz\u0105dzenia z serii FR, w tym modu\u0142owy<a href=\"http:\/\/measline.com\/index.php\/1297-2\/\" target=\"_blank\" rel=\"noopener\">\u00a0<\/a><\/span><a href=\"http:\/\/measline.com\/index.php\/1297-2\/\" target=\"_blank\" rel=\"noopener\">FR-pRo<\/a><span>\u00a0posiadaj\u0105cy mo\u017cliwo\u015b\u0107 dostosowania do wymaga\u0144 u\u017cytkownika poprzez dob\u00f3r\u00a0<\/span><a href=\"http:\/\/measline.com\/index.php\/akcesoria-fr\/\" target=\"_blank\" rel=\"noopener\">akcesori\u00f3w<\/a><span>, czy te\u017c zoptymalizowany pod k\u0105tem skanowania du\u017cej powierzchni\u00a0<a href=\"http:\/\/measline.com\/index.php\/fr-scaner\/\" target=\"_blank\" rel=\"noopener\">FR-Scanner<\/a>.<\/span><span> Zach\u0119camy do zapoznania si\u0119 z szerok\u0105 gam\u0105 <a href=\"http:\/\/measline.com\/index.php\/1079-2\/\" target=\"_blank\" rel=\"noopener\">produkt\u00f3w serii FR<\/a> firmy <a href=\"https:\/\/www.thetametrisis.com\/index.php\" target=\"_blank\" rel=\"noopener\">Thetametrisis<\/a>.<\/span><\/p>[\/et_pb_text][\/et_pb_column][\/et_pb_row][\/et_pb_section]\n","protected":false},"excerpt":{"rendered":"<p>FR-pOrtable FR-pOrtable jest por\u0119cznym urz\u0105dzeniem s\u0142u\u017c\u0105cym do precyzyjnej charakterystyki prze\u017aroczystych i p\u00f3\u0142prze\u017aroczystych cienkich warstw. Jego kompaktowa budowa oraz zasilanie za pomoc\u0105 USB umo\u017cliwiaj\u0105 prowadzenie pomiar\u00f3w\u00a0w dowolnym\u00a0miejscu. Najwa\u017cniejsze cechy urz\u0105dzenia FR-pOrtable przeznaczony do pomiaru grubo\u015bci prze\u017aroczystych i p\u00f3\u0142prze\u017aroczystych warstw w zakresie 12 nm-90\u03bcm umo\u017cliwia pomiar reflektancji, transmitancji, absorpcji i parametr\u00f3w koloru przeno\u015bne urz\u0105dzenie o kompaktowej budowie [&hellip;]<\/p>\n","protected":false},"author":2,"featured_media":0,"parent":1079,"menu_order":0,"comment_status":"closed","ping_status":"closed","template":"","meta":{"_et_pb_use_builder":"on","_et_pb_old_content":"","_et_gb_content_width":"","footnotes":""},"class_list":["post-1343","page","type-page","status-publish","hentry"],"yoast_head":"<!-- This site is optimized with the Yoast SEO plugin v27.4 - https:\/\/yoast.com\/product\/yoast-seo-wordpress\/ -->\n<title>Analiza grubo\u015bci warstw FR-pOrtable - Measline<\/title>\n<meta name=\"description\" content=\"por\u0119czne urz\u0105dzenie s\u0142u\u017c\u0105ce do precyzyjnej charakterystyki prze\u017aroczystych i p\u00f3\u0142prze\u017aroczystych cienkich warstw.\" \/>\n<meta name=\"robots\" content=\"index, follow, max-snippet:-1, max-image-preview:large, max-video-preview:-1\" \/>\n<link rel=\"canonical\" href=\"https:\/\/measline.com\/index.php\/pl\/measline\/produkty\/pomiar_grubosci_warstw\/1343-2\/\" \/>\n<meta property=\"og:locale\" content=\"pl_PL\" \/>\n<meta property=\"og:type\" content=\"article\" \/>\n<meta property=\"og:title\" content=\"Analiza grubo\u015bci warstw FR-pOrtable - Measline\" \/>\n<meta property=\"og:description\" content=\"por\u0119czne urz\u0105dzenie s\u0142u\u017c\u0105ce do precyzyjnej charakterystyki prze\u017aroczystych i p\u00f3\u0142prze\u017aroczystych cienkich warstw.\" \/>\n<meta property=\"og:url\" content=\"https:\/\/measline.com\/index.php\/pl\/measline\/produkty\/pomiar_grubosci_warstw\/1343-2\/\" \/>\n<meta property=\"og:site_name\" content=\"Measline\" \/>\n<meta property=\"article:modified_time\" content=\"2022-02-14T10:36:38+00:00\" \/>\n<meta name=\"twitter:card\" content=\"summary_large_image\" \/>\n<meta name=\"twitter:label1\" content=\"Szacowany czas czytania\" \/>\n\t<meta name=\"twitter:data1\" content=\"3 minuty\" \/>\n<script type=\"application\/ld+json\" class=\"yoast-schema-graph\">{\"@context\":\"https:\\\/\\\/schema.org\",\"@graph\":[{\"@type\":\"WebPage\",\"@id\":\"https:\\\/\\\/measline.com\\\/index.php\\\/pl\\\/measline\\\/produkty\\\/pomiar_grubosci_warstw\\\/1343-2\\\/\",\"url\":\"https:\\\/\\\/measline.com\\\/index.php\\\/pl\\\/measline\\\/produkty\\\/pomiar_grubosci_warstw\\\/1343-2\\\/\",\"name\":\"Analiza grubo\u015bci warstw FR-pOrtable - Measline\",\"isPartOf\":{\"@id\":\"https:\\\/\\\/measline.com\\\/#website\"},\"datePublished\":\"2021-12-27T10:43:26+00:00\",\"dateModified\":\"2022-02-14T10:36:38+00:00\",\"description\":\"por\u0119czne urz\u0105dzenie s\u0142u\u017c\u0105ce do precyzyjnej charakterystyki prze\u017aroczystych i p\u00f3\u0142prze\u017aroczystych cienkich warstw.\",\"breadcrumb\":{\"@id\":\"https:\\\/\\\/measline.com\\\/index.php\\\/pl\\\/measline\\\/produkty\\\/pomiar_grubosci_warstw\\\/1343-2\\\/#breadcrumb\"},\"inLanguage\":\"pl-PL\",\"potentialAction\":[{\"@type\":\"ReadAction\",\"target\":[\"https:\\\/\\\/measline.com\\\/index.php\\\/pl\\\/measline\\\/produkty\\\/pomiar_grubosci_warstw\\\/1343-2\\\/\"]}]},{\"@type\":\"BreadcrumbList\",\"@id\":\"https:\\\/\\\/measline.com\\\/index.php\\\/pl\\\/measline\\\/produkty\\\/pomiar_grubosci_warstw\\\/1343-2\\\/#breadcrumb\",\"itemListElement\":[{\"@type\":\"ListItem\",\"position\":1,\"name\":\"Strona g\u0142\u00f3wna\",\"item\":\"https:\\\/\\\/measline.com\\\/index.php\\\/pl\\\/\"},{\"@type\":\"ListItem\",\"position\":2,\"name\":\"Strona g\u0142\u00f3wna\",\"item\":\"https:\\\/\\\/measline.com\\\/index.php\\\/pl\\\/\"},{\"@type\":\"ListItem\",\"position\":3,\"name\":\"Produkty\",\"item\":\"https:\\\/\\\/measline.com\\\/index.php\\\/pl\\\/measline\\\/produkty\\\/\"},{\"@type\":\"ListItem\",\"position\":4,\"name\":\"Analiza grubo\u015bci cienkich warstw\",\"item\":\"https:\\\/\\\/measline.com\\\/index.php\\\/pl\\\/measline\\\/produkty\\\/pomiar_grubosci_warstw\\\/\"},{\"@type\":\"ListItem\",\"position\":5,\"name\":\"FR-pOrtable\"}]},{\"@type\":\"WebSite\",\"@id\":\"https:\\\/\\\/measline.com\\\/#website\",\"url\":\"https:\\\/\\\/measline.com\\\/\",\"name\":\"Measline\",\"description\":\"Advanced solutions\",\"publisher\":{\"@id\":\"https:\\\/\\\/measline.com\\\/#organization\"},\"potentialAction\":[{\"@type\":\"SearchAction\",\"target\":{\"@type\":\"EntryPoint\",\"urlTemplate\":\"https:\\\/\\\/measline.com\\\/?s={search_term_string}\"},\"query-input\":{\"@type\":\"PropertyValueSpecification\",\"valueRequired\":true,\"valueName\":\"search_term_string\"}}],\"inLanguage\":\"pl-PL\"},{\"@type\":\"Organization\",\"@id\":\"https:\\\/\\\/measline.com\\\/#organization\",\"name\":\"Measline\",\"url\":\"https:\\\/\\\/measline.com\\\/\",\"logo\":{\"@type\":\"ImageObject\",\"inLanguage\":\"pl-PL\",\"@id\":\"https:\\\/\\\/measline.com\\\/#\\\/schema\\\/logo\\\/image\\\/\",\"url\":\"https:\\\/\\\/measline.com\\\/wp-content\\\/uploads\\\/2021\\\/11\\\/logo_color_small.png.png\",\"contentUrl\":\"https:\\\/\\\/measline.com\\\/wp-content\\\/uploads\\\/2021\\\/11\\\/logo_color_small.png.png\",\"width\":1000,\"height\":417,\"caption\":\"Measline\"},\"image\":{\"@id\":\"https:\\\/\\\/measline.com\\\/#\\\/schema\\\/logo\\\/image\\\/\"}}]}<\/script>\n<!-- \/ Yoast SEO plugin. -->","yoast_head_json":{"title":"Analiza grubo\u015bci warstw FR-pOrtable - Measline","description":"por\u0119czne urz\u0105dzenie s\u0142u\u017c\u0105ce do precyzyjnej charakterystyki prze\u017aroczystych i p\u00f3\u0142prze\u017aroczystych cienkich warstw.","robots":{"index":"index","follow":"follow","max-snippet":"max-snippet:-1","max-image-preview":"max-image-preview:large","max-video-preview":"max-video-preview:-1"},"canonical":"https:\/\/measline.com\/index.php\/pl\/measline\/produkty\/pomiar_grubosci_warstw\/1343-2\/","og_locale":"pl_PL","og_type":"article","og_title":"Analiza grubo\u015bci warstw FR-pOrtable - Measline","og_description":"por\u0119czne urz\u0105dzenie s\u0142u\u017c\u0105ce do precyzyjnej charakterystyki prze\u017aroczystych i p\u00f3\u0142prze\u017aroczystych cienkich warstw.","og_url":"https:\/\/measline.com\/index.php\/pl\/measline\/produkty\/pomiar_grubosci_warstw\/1343-2\/","og_site_name":"Measline","article_modified_time":"2022-02-14T10:36:38+00:00","twitter_card":"summary_large_image","twitter_misc":{"Szacowany czas czytania":"3 minuty"},"schema":{"@context":"https:\/\/schema.org","@graph":[{"@type":"WebPage","@id":"https:\/\/measline.com\/index.php\/pl\/measline\/produkty\/pomiar_grubosci_warstw\/1343-2\/","url":"https:\/\/measline.com\/index.php\/pl\/measline\/produkty\/pomiar_grubosci_warstw\/1343-2\/","name":"Analiza grubo\u015bci warstw FR-pOrtable - Measline","isPartOf":{"@id":"https:\/\/measline.com\/#website"},"datePublished":"2021-12-27T10:43:26+00:00","dateModified":"2022-02-14T10:36:38+00:00","description":"por\u0119czne urz\u0105dzenie s\u0142u\u017c\u0105ce do precyzyjnej charakterystyki prze\u017aroczystych i p\u00f3\u0142prze\u017aroczystych cienkich warstw.","breadcrumb":{"@id":"https:\/\/measline.com\/index.php\/pl\/measline\/produkty\/pomiar_grubosci_warstw\/1343-2\/#breadcrumb"},"inLanguage":"pl-PL","potentialAction":[{"@type":"ReadAction","target":["https:\/\/measline.com\/index.php\/pl\/measline\/produkty\/pomiar_grubosci_warstw\/1343-2\/"]}]},{"@type":"BreadcrumbList","@id":"https:\/\/measline.com\/index.php\/pl\/measline\/produkty\/pomiar_grubosci_warstw\/1343-2\/#breadcrumb","itemListElement":[{"@type":"ListItem","position":1,"name":"Strona g\u0142\u00f3wna","item":"https:\/\/measline.com\/index.php\/pl\/"},{"@type":"ListItem","position":2,"name":"Strona g\u0142\u00f3wna","item":"https:\/\/measline.com\/index.php\/pl\/"},{"@type":"ListItem","position":3,"name":"Produkty","item":"https:\/\/measline.com\/index.php\/pl\/measline\/produkty\/"},{"@type":"ListItem","position":4,"name":"Analiza grubo\u015bci cienkich warstw","item":"https:\/\/measline.com\/index.php\/pl\/measline\/produkty\/pomiar_grubosci_warstw\/"},{"@type":"ListItem","position":5,"name":"FR-pOrtable"}]},{"@type":"WebSite","@id":"https:\/\/measline.com\/#website","url":"https:\/\/measline.com\/","name":"Measline","description":"Advanced solutions","publisher":{"@id":"https:\/\/measline.com\/#organization"},"potentialAction":[{"@type":"SearchAction","target":{"@type":"EntryPoint","urlTemplate":"https:\/\/measline.com\/?s={search_term_string}"},"query-input":{"@type":"PropertyValueSpecification","valueRequired":true,"valueName":"search_term_string"}}],"inLanguage":"pl-PL"},{"@type":"Organization","@id":"https:\/\/measline.com\/#organization","name":"Measline","url":"https:\/\/measline.com\/","logo":{"@type":"ImageObject","inLanguage":"pl-PL","@id":"https:\/\/measline.com\/#\/schema\/logo\/image\/","url":"https:\/\/measline.com\/wp-content\/uploads\/2021\/11\/logo_color_small.png.png","contentUrl":"https:\/\/measline.com\/wp-content\/uploads\/2021\/11\/logo_color_small.png.png","width":1000,"height":417,"caption":"Measline"},"image":{"@id":"https:\/\/measline.com\/#\/schema\/logo\/image\/"}}]}},"_links":{"self":[{"href":"https:\/\/measline.com\/index.php\/wp-json\/wp\/v2\/pages\/1343","targetHints":{"allow":["GET"]}}],"collection":[{"href":"https:\/\/measline.com\/index.php\/wp-json\/wp\/v2\/pages"}],"about":[{"href":"https:\/\/measline.com\/index.php\/wp-json\/wp\/v2\/types\/page"}],"author":[{"embeddable":true,"href":"https:\/\/measline.com\/index.php\/wp-json\/wp\/v2\/users\/2"}],"replies":[{"embeddable":true,"href":"https:\/\/measline.com\/index.php\/wp-json\/wp\/v2\/comments?post=1343"}],"version-history":[{"count":14,"href":"https:\/\/measline.com\/index.php\/wp-json\/wp\/v2\/pages\/1343\/revisions"}],"predecessor-version":[{"id":2860,"href":"https:\/\/measline.com\/index.php\/wp-json\/wp\/v2\/pages\/1343\/revisions\/2860"}],"up":[{"embeddable":true,"href":"https:\/\/measline.com\/index.php\/wp-json\/wp\/v2\/pages\/1079"}],"wp:attachment":[{"href":"https:\/\/measline.com\/index.php\/wp-json\/wp\/v2\/media?parent=1343"}],"curies":[{"name":"wp","href":"https:\/\/api.w.org\/{rel}","templated":true}]}}