{"id":1358,"date":"2021-12-28T14:50:06","date_gmt":"2021-12-28T13:50:06","guid":{"rendered":"http:\/\/measline.com\/\/?page_id=1358"},"modified":"2022-02-14T11:38:17","modified_gmt":"2022-02-14T10:38:17","slug":"fr-uprobe","status":"publish","type":"page","link":"https:\/\/measline.com\/index.php\/pl\/measline\/produkty\/pomiar_grubosci_warstw\/fr-uprobe\/","title":{"rendered":"FR-uProbe"},"content":{"rendered":"\n[et_pb_section fb_built=&#8221;1&#8243; _builder_version=&#8221;4.14.2&#8243; _module_preset=&#8221;default&#8221; background_color=&#8221;rgba(0,0,0,0.05)&#8221; custom_margin=&#8221;0px|0px|0px|0px|false|false&#8221; custom_padding=&#8221;0px|0px|0px|0px|false|false&#8221; global_colors_info=&#8221;{}&#8221;][et_pb_row _builder_version=&#8221;4.14.4&#8243; _dynamic_attributes=&#8221;link_option_url&#8221; _module_preset=&#8221;default&#8221; custom_margin=&#8221;0px||0px||true|false&#8221; custom_padding=&#8221;11px||3px||false|false&#8221; link_option_url=&#8221;@ET-DC@eyJkeW5hbWljIjp0cnVlLCJjb250ZW50IjoicG9zdF9saW5rX3VybF9wYWdlIiwic2V0dGluZ3MiOnsicG9zdF9pZCI6IjEwNzkifX0=@&#8221; global_colors_info=&#8221;{}&#8221;][et_pb_column type=&#8221;4_4&#8243; _builder_version=&#8221;4.14.2&#8243; _module_preset=&#8221;default&#8221; global_colors_info=&#8221;{}&#8221;][et_pb_button button_url=&#8221;@ET-DC@eyJkeW5hbWljIjp0cnVlLCJjb250ZW50IjoicG9zdF9saW5rX3VybF9wYWdlIiwic2V0dGluZ3MiOnsicG9zdF9pZCI6IjEwNzkifX0=@&#8221; button_text=&#8221;Powr\u00f3t do podkategorii&#8221; _builder_version=&#8221;4.14.4&#8243; _dynamic_attributes=&#8221;button_url&#8221; _module_preset=&#8221;default&#8221; custom_button=&#8221;on&#8221; button_text_color=&#8221;#225500&#8243; button_border_width=&#8221;0px&#8221; button_icon=&#8221;&#x4a;||divi||400&#8243; global_colors_info=&#8221;{}&#8221;][\/et_pb_button][\/et_pb_column][\/et_pb_row][\/et_pb_section][et_pb_section fb_built=&#8221;1&#8243; _builder_version=&#8221;4.14.2&#8243; _module_preset=&#8221;default&#8221; global_colors_info=&#8221;{}&#8221;][et_pb_row column_structure=&#8221;1_2,1_2&#8243; _builder_version=&#8221;4.10.8&#8243; _module_preset=&#8221;default&#8221; global_colors_info=&#8221;{}&#8221;][et_pb_column type=&#8221;1_2&#8243; _builder_version=&#8221;4.10.8&#8243; _module_preset=&#8221;default&#8221; global_colors_info=&#8221;{}&#8221;][et_pb_image src=&#8221;http:\/\/measline.com\/\/wp-content\/uploads\/2021\/12\/FR-uProbe-maly.jpg&#8221; title_text=&#8221;FR-uProbe ma\u0142y&#8221; align=&#8221;center&#8221; _builder_version=&#8221;4.14.4&#8243; _module_preset=&#8221;default&#8221; width=&#8221;71%&#8221; custom_padding=&#8221;0px||0px||true|false&#8221; global_colors_info=&#8221;{}&#8221;][\/et_pb_image][\/et_pb_column][et_pb_column type=&#8221;1_2&#8243; _builder_version=&#8221;4.10.8&#8243; _module_preset=&#8221;default&#8221; global_colors_info=&#8221;{}&#8221;][et_pb_text _builder_version=&#8221;4.14.4&#8243; _module_preset=&#8221;default&#8221; global_colors_info=&#8221;{}&#8221;]<h1><strong>FR-\u03bcProbe<\/strong><\/h1>[\/et_pb_text][et_pb_divider color=&#8221;#215500&#8243; divider_weight=&#8221;2px&#8221; _builder_version=&#8221;4.14.1&#8243; _module_preset=&#8221;default&#8221; custom_margin=&#8221;-23px||6px||false|false&#8221; global_colors_info=&#8221;{}&#8221;][\/et_pb_divider][et_pb_text _builder_version=&#8221;4.14.4&#8243; _module_preset=&#8221;default&#8221; custom_padding=&#8221;||3px|||&#8221; global_colors_info=&#8221;{}&#8221;]<div style=\"text-align: justify;\"><\/div>\n<p>FR-\u03bcProbe jest przeznaczony do analizy cienkich warstw z wykorzystaniem dowolnego tr\u00f3jokularowego mikroskopu z portem C.\u00a0<\/p>[\/et_pb_text][\/et_pb_column][\/et_pb_row][\/et_pb_section][et_pb_section fb_built=&#8221;1&#8243; _builder_version=&#8221;4.14.7&#8243; _module_preset=&#8221;default&#8221; background_color=&#8221;rgba(0,0,0,0.05)&#8221; global_colors_info=&#8221;{}&#8221;][et_pb_row column_structure=&#8221;2_3,1_3&#8243; _builder_version=&#8221;4.14.2&#8243; _module_preset=&#8221;default&#8221; custom_margin=&#8221;-7px|auto||auto||&#8221; custom_padding=&#8221;30px|||||&#8221; global_colors_info=&#8221;{}&#8221;][et_pb_column type=&#8221;2_3&#8243; _builder_version=&#8221;4.14.2&#8243; _module_preset=&#8221;default&#8221; global_colors_info=&#8221;{}&#8221;][et_pb_text _builder_version=&#8221;4.14.4&#8243; _module_preset=&#8221;default&#8221; custom_margin=&#8221;-50px||||false|false&#8221; custom_padding=&#8221;19px|||||&#8221; global_colors_info=&#8221;{}&#8221;]<div>\n<h3 class=\"Standard\">Najwa\u017cniejsze cechy urz\u0105dzenia FR-\u03bcProbe<o:p><\/o:p><\/h3>\n<\/div>\n<div>\n<ul>\n<li>przeznaczony do pomiar\u00f3w optycznych w r\u00f3\u017cnych trybach takich jak absorbancja, transmitancja, reflektancja, fluorescencja<\/li>\n<li>urz\u0105dzenie sk\u0142ada si\u0119 ze spektrometru dzia\u0142aj\u0105cego w zakresie spektralnym obs\u0142ugiwanym przez mikroskop oraz modu\u0142 montowany na porcie C dowolnego tr\u00f3jokularowego mikroskopu optycznego.<\/li>\n<li>wykorzystuje \u017ar\u00f3d\u0142o \u015bwiat\u0142a mikroskopu<\/li>\n<li>analizowany obszar (rozmiar plamki)zale\u017cny od powi\u0119kszenia i apertury u\u017cytego obiektywu<\/li>\n<li>analiza pomiar\u00f3w reflektancji pozwala na wyznaczenie grubo\u015bci warstw oraz sta\u0142ych optycznych (n i k)<\/li>\n<\/ul>\n<\/div>\n<div>\n<p class=\"Standard\"><o:p><\/o:p><\/p>\n<\/div>[\/et_pb_text][\/et_pb_column][et_pb_column type=&#8221;1_3&#8243; _builder_version=&#8221;4.14.2&#8243; _module_preset=&#8221;default&#8221; global_colors_info=&#8221;{}&#8221;][et_pb_image src=&#8221;http:\/\/measline.com\/\/wp-content\/uploads\/2021\/12\/FR-uProbe-kwadrat.jpg&#8221; title_text=&#8221;FR uProbe kwadrat&#8221; _builder_version=&#8221;4.14.4&#8243; _module_preset=&#8221;default&#8221; custom_margin=&#8221;-41px|||||&#8221; custom_padding=&#8221;0px|||||&#8221; global_colors_info=&#8221;{}&#8221;][\/et_pb_image][\/et_pb_column][\/et_pb_row][\/et_pb_section][et_pb_section fb_built=&#8221;1&#8243; _builder_version=&#8221;4.14.7&#8243; _module_preset=&#8221;default&#8221; background_color=&#8221;#FFFFFF&#8221; custom_padding=&#8221;0px|199px|7px|146px|false|false&#8221; global_colors_info=&#8221;{}&#8221;][et_pb_row _builder_version=&#8221;4.14.4&#8243; _module_preset=&#8221;default&#8221; width=&#8221;93.9%&#8221; min_height=&#8221;946px&#8221; custom_margin=&#8221;|1089px||3px||&#8221; custom_padding=&#8221;27px||27px||true|false&#8221; global_colors_info=&#8221;{}&#8221;][et_pb_column type=&#8221;4_4&#8243; _builder_version=&#8221;4.14.2&#8243; _module_preset=&#8221;default&#8221; global_colors_info=&#8221;{}&#8221;][et_pb_text _builder_version=&#8221;4.14.7&#8243; _module_preset=&#8221;default&#8221; custom_padding=&#8221;|0px||||&#8221; global_colors_info=&#8221;{}&#8221;]<div class=\"dataTables_scrollHead\">\n<div class=\"dataTables_scrollHeadInner\">\n<h3 style=\"text-align: justify;\">Specyfikacja:<\/h3>\n<p><span style=\"font-size: 14px;\">\u00a0<\/span><\/p>\n<div>\n<table style=\"width: 100%; border-style: double; margin-left: auto; margin-right: auto;\">\n<tbody>\n<tr style=\"height: 47px;\">\n<td style=\"width: 273px; height: 47px; text-align: left;\">Zakres pomiarowy<\/td>\n<td style=\"width: 682.2px; height: 47px; text-align: left;\">\n<p data-placeholder=\"T\u0142umaczenie\" id=\"tw-target-text\" dir=\"ltr\">zale\u017cny od zastosowanego obiektywu<\/p>\n<\/td>\n<\/tr>\n<tr style=\"height: 40px;\">\n<td style=\"width: 273px; height: 40px;\">Obliczanie wsp\u00f3\u0142czynnika za\u0142amania<\/td>\n<td style=\"width: 682.2px; height: 40px;\">\n<p data-placeholder=\"T\u0142umaczenie\" id=\"tw-target-text\" dir=\"ltr\"><span lang=\"pl\">tak, &gt;100 nm grubo\u015bci<\/span><\/p>\n<\/td>\n<\/tr>\n<tr style=\"height: 44px;\">\n<td style=\"width: 273px; height: 44px;\">\n<p data-placeholder=\"T\u0142umaczenie\" id=\"tw-target-text\" dir=\"ltr\"><span lang=\"pl\">Dok\u0142adno\u015b\u0107 pomiaru<\/span><\/p>\n<\/td>\n<td style=\"width: 682.2px; height: 44px;\">0,2% \/ 2 nm<\/td>\n<\/tr>\n<tr valign=\"top\" style=\"height: 67px;\">\n<td height=\"24\" style=\"width: 273px; height: 67px;\">\n<p align=\"justify\">Precyzja pomiaru<\/p>\n<\/td>\n<td style=\"width: 682.2px; height: 67px;\">\n<p align=\"justify\">0,02<\/p>\n<\/td>\n<\/tr>\n<tr valign=\"top\" style=\"height: 56px;\">\n<td style=\"height: 56px; width: 273px;\">Stabilno\u015b\u0107 pomiaru<\/td>\n<td style=\"height: 56px; width: 682.2px;\">\n<p class=\"tw-data-text tw-text-large tw-ta\" data-placeholder=\"T\u0142umaczenie\" dir=\"ltr\">0,05 nm<\/p>\n<\/td>\n<\/tr>\n<tr valign=\"top\" style=\"height: 56px;\">\n<td style=\"height: 56px; width: 273px;\">Zakres spektralny<\/td>\n<td style=\"height: 56px; width: 682.2px;\">\n<p class=\"tw-data-text tw-text-large tw-ta\" data-placeholder=\"T\u0142umaczenie\" id=\"tw-target-text\" dir=\"ltr\"><span class=\"Y2IQFc\" lang=\"pl\">400 &#8211; 1000 nm<\/span><\/p>\n<\/td>\n<\/tr>\n<tr style=\"height: 56px;\">\n<td style=\"width: 273px; height: 56px;\">Rozdzielczo\u015b\u0107 d\u0142ugo\u015bci fali<\/td>\n<td style=\"width: 682.2px; height: 56px;\">\n<p class=\"tw-data-text tw-text-large tw-ta\" data-placeholder=\"T\u0142umaczenie\" id=\"tw-target-text\" dir=\"ltr\"><span class=\"Y2IQFc\" lang=\"pl\">0,8 nm<\/span><\/p>\n<\/td>\n<\/tr>\n<tr valign=\"top\" style=\"height: 56px;\">\n<td style=\"height: 56px; width: 273px;\">Odleg\u0142o\u015b\u0107 robocza<\/td>\n<td style=\"height: 56px; width: 682.2px;\">\n<p class=\"tw-data-text tw-text-large tw-ta\" data-placeholder=\"T\u0142umaczenie\" dir=\"ltr\">zale\u017cna od zastosowanego obiektywu<\/p>\n<\/td>\n<\/tr>\n<tr style=\"height: 24px;\">\n<td style=\"width: 273px; height: 24px;\">Rozmiar plamki<\/td>\n<td style=\"width: 682.2px; height: 24px;\">zale\u017cny od zastosowanego obiektywu<\/td>\n<\/tr>\n<tr valign=\"top\" style=\"height: 56px;\">\n<td style=\"height: 56px; width: 273px;\">\u0179r\u00f3d\u0142o \u015bwiat\u0142a<\/td>\n<td style=\"height: 56px; width: 682.2px;\">\u017ar\u00f3d\u0142o \u015bwiat\u0142a mikroskopu (wolfram \/ LED)<\/td>\n<\/tr>\n<tr style=\"height: 24px;\">\n<td style=\"width: 273px; height: 24px;\">Charakteryzowane warstwy<\/td>\n<td style=\"width: 682.2px; height: 24px;\">do 5 (jednocze\u015bnie)<\/td>\n<\/tr>\n<tr style=\"height: 24px;\">\n<td style=\"width: 273px; height: 24px;\">Czas pomiaru<\/td>\n<td style=\"width: 682.2px; height: 24px;\">5 msec<\/td>\n<\/tr>\n<tr style=\"height: 56px;\">\n<td style=\"width: 273px; height: 56px;\">Baza danych<\/td>\n<td style=\"width: 682.2px; height: 56px;\">\n<p class=\"tw-data-text tw-text-large tw-ta\" data-placeholder=\"T\u0142umaczenie\" id=\"tw-target-text\" dir=\"ltr\"><span class=\"Y2IQFc\" lang=\"pl\">ponad 650 r\u00f3\u017cnych materia\u0142\u00f3w<\/span><\/p>\n<\/td>\n<\/tr>\n<tr style=\"height: 56px;\">\n<td style=\"width: 273px; height: 56px;\">Zasilanie<\/td>\n<td style=\"width: 682.2px; height: 56px;\">\n<p class=\"tw-data-text tw-text-large tw-ta\" data-placeholder=\"T\u0142umaczenie\" id=\"tw-target-text\" dir=\"ltr\"><span class=\"Y2IQFc\" lang=\"pl\">\u00a0USB<\/span><\/p>\n<\/td>\n<\/tr>\n<tr style=\"height: 56px;\">\n<td style=\"width: 273px; height: 56px;\">Konwerter A\/D<\/td>\n<td style=\"width: 682.2px; height: 56px;\">\n<p class=\"tw-data-text tw-text-large tw-ta\" data-placeholder=\"T\u0142umaczenie\" id=\"tw-target-text\" dir=\"ltr\"><span class=\"Y2IQFc\" lang=\"pl\">16 bitowy<\/span><\/p>\n<\/td>\n<\/tr>\n<tr valign=\"top\" style=\"height: 10px;\">\n<td style=\"height: 10px; width: 273px;\">Wymiary<\/td>\n<td style=\"height: 10px; width: 682.2px; text-align: center;\">300x110x40 mm<\/td>\n<\/tr>\n<\/tbody>\n<\/table>\n<p style=\"text-align: justify;\"><span style=\"color: #333333; font-size: 18px;\">Specyfikacje zale\u017cne od rodzaju obiektywu:<\/span><\/p>\n<p style=\"text-align: justify;\"><span style=\"color: #333333; font-size: 18px;\"><\/span><\/p>\n<table border=\"1\" style=\"width: 100%; border-style: double;\">\n<tbody>\n<tr style=\"height: 10px;\">\n<td style=\"width: 21.4192%; height: 10px;\">Obiektyw<\/td>\n<td style=\"width: 53.0881%; height: 10px;\" colspan=\"3\">Rozmiar plamki (\u03bcm)<\/td>\n<td style=\"width: 25.3614%; height: 10px;\">Zakres pomiaru grubo\u015bci<\/td>\n<\/tr>\n<tr style=\"height: 10px;\">\n<td style=\"width: 21.4192%; height: 10px;\">Apertura<\/td>\n<td style=\"width: 16.82%; height: 10px;\"><strong>500 \u03bcm<\/strong><\/td>\n<td style=\"width: 18.9225%; height: 10px;\"><strong>250 \u03bcm<\/strong><\/td>\n<td style=\"width: 17.3456%; height: 10px;\"><strong>100 \u03bcm<\/strong><\/td>\n<td style=\"width: 25.3614%; height: 10px;\"><\/td>\n<\/tr>\n<tr style=\"height: 10px;\">\n<td style=\"width: 21.4192%; height: 10px;\"><strong>5x<\/strong><\/td>\n<td style=\"width: 16.82%; height: 10px;\">100 \u03bcm<\/td>\n<td style=\"width: 18.9225%; height: 10px;\">50 \u03bcm<\/td>\n<td style=\"width: 17.3456%; height: 10px;\">20 \u03bcm<\/td>\n<td style=\"width: 25.3614%; height: 10px;\">20 nm-70 \u03bcm<\/td>\n<\/tr>\n<tr style=\"height: 10px;\">\n<td style=\"width: 21.4192%; height: 10px;\"><strong>10x<\/strong><\/td>\n<td style=\"width: 16.82%; height: 10px;\">50 \u03bcm<\/td>\n<td style=\"width: 18.9225%; height: 10px;\">25 \u03bcm<\/td>\n<td style=\"width: 17.3456%; height: 10px;\">10\u03bcm<\/td>\n<td style=\"width: 25.3614%; height: 10px;\">20 nm-50 \u03bcm<\/td>\n<\/tr>\n<tr style=\"height: 17px;\">\n<td style=\"width: 21.4192%; height: 17px;\"><strong>20x\u00a0<\/strong><\/td>\n<td style=\"width: 16.82%; height: 17px;\">25 \u03bcm<\/td>\n<td style=\"width: 18.9225%; height: 17px;\">17 \u03bcm<\/td>\n<td style=\"width: 17.3456%; height: 17px;\">5 \u03bcm<\/td>\n<td style=\"width: 25.3614%; height: 17px;\">20 nm-20 \u03bcm<\/td>\n<\/tr>\n<tr style=\"height: 10px;\">\n<td style=\"width: 21.4192%; height: 10px;\"><strong>50x<\/strong><\/td>\n<td style=\"width: 16.82%; height: 10px;\">10 \u03bcm<\/td>\n<td style=\"width: 18.9225%; height: 10px;\">5 \u03bcm<\/td>\n<td style=\"width: 17.3456%; height: 10px;\">2 \u03bcm<\/td>\n<td style=\"width: 25.3614%; height: 10px;\">20 nm-10 \u03bcm<\/td>\n<\/tr>\n<\/tbody>\n<\/table>\n<p><a href=\"https:\/\/www.thetametrisis.com\/fr-probe\" style=\"font-size: 14px;\">Zobacz wi\u0119cej na stronie producenta<\/a><\/p>\n<\/div>\n<\/div>\n<\/div>[\/et_pb_text][\/et_pb_column][\/et_pb_row][et_pb_row _builder_version=&#8221;4.14.7&#8243; _module_preset=&#8221;default&#8221;][et_pb_column _builder_version=&#8221;4.14.7&#8243; _module_preset=&#8221;default&#8221; type=&#8221;4_4&#8243;][et_pb_text _builder_version=&#8221;4.14.7&#8243; _module_preset=&#8221;default&#8221; hover_enabled=&#8221;0&#8243; sticky_enabled=&#8221;0&#8243;]<p><span>W ofercie znajduj\u0105 si\u0119 r\u00f3wnie\u017c inne urz\u0105dzenia z serii FR, w tym modu\u0142owy<a href=\"http:\/\/measline.com\/index.php\/1297-2\/\" target=\"_blank\" rel=\"noopener\">\u00a0<\/a><\/span><a href=\"http:\/\/measline.com\/index.php\/1297-2\/\" target=\"_blank\" rel=\"noopener\">FR-pRo<\/a><span>\u00a0posiadaj\u0105cy mo\u017cliwo\u015b\u0107 dostosowania do wymaga\u0144 u\u017cytkownika poprzez dob\u00f3r\u00a0<\/span><a href=\"http:\/\/measline.com\/index.php\/akcesoria-fr\/\" target=\"_blank\" rel=\"noopener\">akcesori\u00f3w<\/a><span>, <a href=\"http:\/\/measline.com\/index.php\/fr-mic-2\/\" target=\"_blank\" rel=\"noopener\">FR-Mic<\/a> wykorzystuj\u0105cy kamer\u0119 o wysokiej rozdzielczo\u015bci do pomiar\u00f3w z obszaru ma\u0142ej plamki,\u00a0 czy te\u017c zoptymalizowany pod k\u0105tem skanowania du\u017cej powierzchni <a href=\"http:\/\/measline.com\/index.php\/fr-scaner\/\" target=\"_blank\" rel=\"noopener\">FR-Scanner<\/a>.<\/span><span>\u00a0Zach\u0119camy do zapoznania si\u0119 z szerok\u0105 gam\u0105\u00a0<a href=\"http:\/\/measline.com\/index.php\/1079-2\/\" target=\"_blank\" rel=\"noopener\">produkt\u00f3w serii FR<\/a>\u00a0firmy\u00a0<a href=\"https:\/\/www.thetametrisis.com\/index.php\" target=\"_blank\" rel=\"noopener\">Thetametrisis<\/a>.<\/span><\/p>[\/et_pb_text][\/et_pb_column][\/et_pb_row][\/et_pb_section]\n","protected":false},"excerpt":{"rendered":"<p>FR-\u03bcProbe FR-\u03bcProbe jest przeznaczony do analizy cienkich warstw z wykorzystaniem dowolnego tr\u00f3jokularowego mikroskopu z portem C.\u00a0 Najwa\u017cniejsze cechy urz\u0105dzenia FR-\u03bcProbe przeznaczony do pomiar\u00f3w optycznych w r\u00f3\u017cnych trybach takich jak absorbancja, transmitancja, reflektancja, fluorescencja urz\u0105dzenie sk\u0142ada si\u0119 ze spektrometru dzia\u0142aj\u0105cego w zakresie spektralnym obs\u0142ugiwanym przez mikroskop oraz modu\u0142 montowany na porcie C dowolnego tr\u00f3jokularowego mikroskopu optycznego. [&hellip;]<\/p>\n","protected":false},"author":2,"featured_media":0,"parent":1079,"menu_order":0,"comment_status":"closed","ping_status":"closed","template":"","meta":{"_et_pb_use_builder":"on","_et_pb_old_content":"","_et_gb_content_width":"","footnotes":""},"class_list":["post-1358","page","type-page","status-publish","hentry"],"yoast_head":"<!-- This site is optimized with the Yoast SEO plugin v27.4 - https:\/\/yoast.com\/product\/yoast-seo-wordpress\/ -->\n<title>Analiza grubo\u015bci warstw FR-\u03bcProbe - Measline<\/title>\n<meta name=\"description\" content=\"FR-\u03bcProbe jest przeznaczony do analizy cienkich warstw z wykorzystaniem dowolnego tr\u00f3jokularowego mikroskopu z portem C.\" \/>\n<meta name=\"robots\" content=\"index, follow, max-snippet:-1, max-image-preview:large, max-video-preview:-1\" \/>\n<link rel=\"canonical\" href=\"https:\/\/measline.com\/index.php\/pl\/measline\/produkty\/pomiar_grubosci_warstw\/fr-uprobe\/\" \/>\n<meta property=\"og:locale\" content=\"pl_PL\" \/>\n<meta property=\"og:type\" content=\"article\" \/>\n<meta property=\"og:title\" content=\"Analiza grubo\u015bci warstw FR-\u03bcProbe - Measline\" \/>\n<meta property=\"og:description\" content=\"FR-\u03bcProbe jest przeznaczony do analizy cienkich warstw z wykorzystaniem dowolnego tr\u00f3jokularowego mikroskopu z portem C.\" \/>\n<meta property=\"og:url\" content=\"https:\/\/measline.com\/index.php\/pl\/measline\/produkty\/pomiar_grubosci_warstw\/fr-uprobe\/\" \/>\n<meta property=\"og:site_name\" content=\"Measline\" \/>\n<meta property=\"article:modified_time\" content=\"2022-02-14T10:38:17+00:00\" \/>\n<meta name=\"twitter:card\" content=\"summary_large_image\" \/>\n<meta name=\"twitter:label1\" content=\"Szacowany czas czytania\" \/>\n\t<meta name=\"twitter:data1\" content=\"3 minuty\" \/>\n<script type=\"application\/ld+json\" class=\"yoast-schema-graph\">{\"@context\":\"https:\\\/\\\/schema.org\",\"@graph\":[{\"@type\":\"WebPage\",\"@id\":\"https:\\\/\\\/measline.com\\\/index.php\\\/pl\\\/measline\\\/produkty\\\/pomiar_grubosci_warstw\\\/fr-uprobe\\\/\",\"url\":\"https:\\\/\\\/measline.com\\\/index.php\\\/pl\\\/measline\\\/produkty\\\/pomiar_grubosci_warstw\\\/fr-uprobe\\\/\",\"name\":\"Analiza grubo\u015bci warstw FR-\u03bcProbe - Measline\",\"isPartOf\":{\"@id\":\"https:\\\/\\\/measline.com\\\/#website\"},\"datePublished\":\"2021-12-28T13:50:06+00:00\",\"dateModified\":\"2022-02-14T10:38:17+00:00\",\"description\":\"FR-\u03bcProbe jest przeznaczony do analizy cienkich warstw z wykorzystaniem dowolnego tr\u00f3jokularowego mikroskopu z portem C.\",\"breadcrumb\":{\"@id\":\"https:\\\/\\\/measline.com\\\/index.php\\\/pl\\\/measline\\\/produkty\\\/pomiar_grubosci_warstw\\\/fr-uprobe\\\/#breadcrumb\"},\"inLanguage\":\"pl-PL\",\"potentialAction\":[{\"@type\":\"ReadAction\",\"target\":[\"https:\\\/\\\/measline.com\\\/index.php\\\/pl\\\/measline\\\/produkty\\\/pomiar_grubosci_warstw\\\/fr-uprobe\\\/\"]}]},{\"@type\":\"BreadcrumbList\",\"@id\":\"https:\\\/\\\/measline.com\\\/index.php\\\/pl\\\/measline\\\/produkty\\\/pomiar_grubosci_warstw\\\/fr-uprobe\\\/#breadcrumb\",\"itemListElement\":[{\"@type\":\"ListItem\",\"position\":1,\"name\":\"Strona g\u0142\u00f3wna\",\"item\":\"https:\\\/\\\/measline.com\\\/index.php\\\/pl\\\/\"},{\"@type\":\"ListItem\",\"position\":2,\"name\":\"Strona g\u0142\u00f3wna\",\"item\":\"https:\\\/\\\/measline.com\\\/index.php\\\/pl\\\/\"},{\"@type\":\"ListItem\",\"position\":3,\"name\":\"Produkty\",\"item\":\"https:\\\/\\\/measline.com\\\/index.php\\\/pl\\\/measline\\\/produkty\\\/\"},{\"@type\":\"ListItem\",\"position\":4,\"name\":\"Analiza grubo\u015bci cienkich warstw\",\"item\":\"https:\\\/\\\/measline.com\\\/index.php\\\/pl\\\/measline\\\/produkty\\\/pomiar_grubosci_warstw\\\/\"},{\"@type\":\"ListItem\",\"position\":5,\"name\":\"FR-uProbe\"}]},{\"@type\":\"WebSite\",\"@id\":\"https:\\\/\\\/measline.com\\\/#website\",\"url\":\"https:\\\/\\\/measline.com\\\/\",\"name\":\"Measline\",\"description\":\"Advanced solutions\",\"publisher\":{\"@id\":\"https:\\\/\\\/measline.com\\\/#organization\"},\"potentialAction\":[{\"@type\":\"SearchAction\",\"target\":{\"@type\":\"EntryPoint\",\"urlTemplate\":\"https:\\\/\\\/measline.com\\\/?s={search_term_string}\"},\"query-input\":{\"@type\":\"PropertyValueSpecification\",\"valueRequired\":true,\"valueName\":\"search_term_string\"}}],\"inLanguage\":\"pl-PL\"},{\"@type\":\"Organization\",\"@id\":\"https:\\\/\\\/measline.com\\\/#organization\",\"name\":\"Measline\",\"url\":\"https:\\\/\\\/measline.com\\\/\",\"logo\":{\"@type\":\"ImageObject\",\"inLanguage\":\"pl-PL\",\"@id\":\"https:\\\/\\\/measline.com\\\/#\\\/schema\\\/logo\\\/image\\\/\",\"url\":\"https:\\\/\\\/measline.com\\\/wp-content\\\/uploads\\\/2021\\\/11\\\/logo_color_small.png.png\",\"contentUrl\":\"https:\\\/\\\/measline.com\\\/wp-content\\\/uploads\\\/2021\\\/11\\\/logo_color_small.png.png\",\"width\":1000,\"height\":417,\"caption\":\"Measline\"},\"image\":{\"@id\":\"https:\\\/\\\/measline.com\\\/#\\\/schema\\\/logo\\\/image\\\/\"}}]}<\/script>\n<!-- \/ Yoast SEO plugin. -->","yoast_head_json":{"title":"Analiza grubo\u015bci warstw FR-\u03bcProbe - Measline","description":"FR-\u03bcProbe jest przeznaczony do analizy cienkich warstw z wykorzystaniem dowolnego tr\u00f3jokularowego mikroskopu z portem C.","robots":{"index":"index","follow":"follow","max-snippet":"max-snippet:-1","max-image-preview":"max-image-preview:large","max-video-preview":"max-video-preview:-1"},"canonical":"https:\/\/measline.com\/index.php\/pl\/measline\/produkty\/pomiar_grubosci_warstw\/fr-uprobe\/","og_locale":"pl_PL","og_type":"article","og_title":"Analiza grubo\u015bci warstw FR-\u03bcProbe - Measline","og_description":"FR-\u03bcProbe jest przeznaczony do analizy cienkich warstw z wykorzystaniem dowolnego tr\u00f3jokularowego mikroskopu z portem C.","og_url":"https:\/\/measline.com\/index.php\/pl\/measline\/produkty\/pomiar_grubosci_warstw\/fr-uprobe\/","og_site_name":"Measline","article_modified_time":"2022-02-14T10:38:17+00:00","twitter_card":"summary_large_image","twitter_misc":{"Szacowany czas czytania":"3 minuty"},"schema":{"@context":"https:\/\/schema.org","@graph":[{"@type":"WebPage","@id":"https:\/\/measline.com\/index.php\/pl\/measline\/produkty\/pomiar_grubosci_warstw\/fr-uprobe\/","url":"https:\/\/measline.com\/index.php\/pl\/measline\/produkty\/pomiar_grubosci_warstw\/fr-uprobe\/","name":"Analiza grubo\u015bci warstw FR-\u03bcProbe - Measline","isPartOf":{"@id":"https:\/\/measline.com\/#website"},"datePublished":"2021-12-28T13:50:06+00:00","dateModified":"2022-02-14T10:38:17+00:00","description":"FR-\u03bcProbe jest przeznaczony do analizy cienkich warstw z wykorzystaniem dowolnego tr\u00f3jokularowego mikroskopu z portem C.","breadcrumb":{"@id":"https:\/\/measline.com\/index.php\/pl\/measline\/produkty\/pomiar_grubosci_warstw\/fr-uprobe\/#breadcrumb"},"inLanguage":"pl-PL","potentialAction":[{"@type":"ReadAction","target":["https:\/\/measline.com\/index.php\/pl\/measline\/produkty\/pomiar_grubosci_warstw\/fr-uprobe\/"]}]},{"@type":"BreadcrumbList","@id":"https:\/\/measline.com\/index.php\/pl\/measline\/produkty\/pomiar_grubosci_warstw\/fr-uprobe\/#breadcrumb","itemListElement":[{"@type":"ListItem","position":1,"name":"Strona g\u0142\u00f3wna","item":"https:\/\/measline.com\/index.php\/pl\/"},{"@type":"ListItem","position":2,"name":"Strona g\u0142\u00f3wna","item":"https:\/\/measline.com\/index.php\/pl\/"},{"@type":"ListItem","position":3,"name":"Produkty","item":"https:\/\/measline.com\/index.php\/pl\/measline\/produkty\/"},{"@type":"ListItem","position":4,"name":"Analiza grubo\u015bci cienkich warstw","item":"https:\/\/measline.com\/index.php\/pl\/measline\/produkty\/pomiar_grubosci_warstw\/"},{"@type":"ListItem","position":5,"name":"FR-uProbe"}]},{"@type":"WebSite","@id":"https:\/\/measline.com\/#website","url":"https:\/\/measline.com\/","name":"Measline","description":"Advanced solutions","publisher":{"@id":"https:\/\/measline.com\/#organization"},"potentialAction":[{"@type":"SearchAction","target":{"@type":"EntryPoint","urlTemplate":"https:\/\/measline.com\/?s={search_term_string}"},"query-input":{"@type":"PropertyValueSpecification","valueRequired":true,"valueName":"search_term_string"}}],"inLanguage":"pl-PL"},{"@type":"Organization","@id":"https:\/\/measline.com\/#organization","name":"Measline","url":"https:\/\/measline.com\/","logo":{"@type":"ImageObject","inLanguage":"pl-PL","@id":"https:\/\/measline.com\/#\/schema\/logo\/image\/","url":"https:\/\/measline.com\/wp-content\/uploads\/2021\/11\/logo_color_small.png.png","contentUrl":"https:\/\/measline.com\/wp-content\/uploads\/2021\/11\/logo_color_small.png.png","width":1000,"height":417,"caption":"Measline"},"image":{"@id":"https:\/\/measline.com\/#\/schema\/logo\/image\/"}}]}},"_links":{"self":[{"href":"https:\/\/measline.com\/index.php\/wp-json\/wp\/v2\/pages\/1358","targetHints":{"allow":["GET"]}}],"collection":[{"href":"https:\/\/measline.com\/index.php\/wp-json\/wp\/v2\/pages"}],"about":[{"href":"https:\/\/measline.com\/index.php\/wp-json\/wp\/v2\/types\/page"}],"author":[{"embeddable":true,"href":"https:\/\/measline.com\/index.php\/wp-json\/wp\/v2\/users\/2"}],"replies":[{"embeddable":true,"href":"https:\/\/measline.com\/index.php\/wp-json\/wp\/v2\/comments?post=1358"}],"version-history":[{"count":23,"href":"https:\/\/measline.com\/index.php\/wp-json\/wp\/v2\/pages\/1358\/revisions"}],"predecessor-version":[{"id":2864,"href":"https:\/\/measline.com\/index.php\/wp-json\/wp\/v2\/pages\/1358\/revisions\/2864"}],"up":[{"embeddable":true,"href":"https:\/\/measline.com\/index.php\/wp-json\/wp\/v2\/pages\/1079"}],"wp:attachment":[{"href":"https:\/\/measline.com\/index.php\/wp-json\/wp\/v2\/media?parent=1358"}],"curies":[{"name":"wp","href":"https:\/\/api.w.org\/{rel}","templated":true}]}}