{"id":1546,"date":"2022-01-05T13:26:21","date_gmt":"2022-01-05T12:26:21","guid":{"rendered":"http:\/\/measline.com\/\/?page_id=1546"},"modified":"2022-02-14T11:38:08","modified_gmt":"2022-02-14T10:38:08","slug":"fr-scaner","status":"publish","type":"page","link":"https:\/\/measline.com\/index.php\/pl\/measline\/produkty\/pomiar_grubosci_warstw\/fr-scaner\/","title":{"rendered":"FR-Scaner"},"content":{"rendered":"\n[et_pb_section fb_built=&#8221;1&#8243; _builder_version=&#8221;4.14.2&#8243; _module_preset=&#8221;default&#8221; background_color=&#8221;rgba(0,0,0,0.05)&#8221; custom_margin=&#8221;0px|0px|0px|0px|false|false&#8221; custom_padding=&#8221;0px|0px|0px|0px|false|false&#8221; global_colors_info=&#8221;{}&#8221;][et_pb_row _builder_version=&#8221;4.14.4&#8243; _dynamic_attributes=&#8221;link_option_url&#8221; _module_preset=&#8221;default&#8221; custom_margin=&#8221;0px||0px||true|false&#8221; custom_padding=&#8221;11px||3px||false|false&#8221; link_option_url=&#8221;@ET-DC@eyJkeW5hbWljIjp0cnVlLCJjb250ZW50IjoicG9zdF9saW5rX3VybF9wYWdlIiwic2V0dGluZ3MiOnsicG9zdF9pZCI6IjEwNzkifX0=@&#8221; global_colors_info=&#8221;{}&#8221;][et_pb_column type=&#8221;4_4&#8243; _builder_version=&#8221;4.14.2&#8243; _module_preset=&#8221;default&#8221; global_colors_info=&#8221;{}&#8221;][et_pb_button button_url=&#8221;@ET-DC@eyJkeW5hbWljIjp0cnVlLCJjb250ZW50IjoicG9zdF9saW5rX3VybF9wYWdlIiwic2V0dGluZ3MiOnsicG9zdF9pZCI6IjEwNzkifX0=@&#8221; button_text=&#8221;Powr\u00f3t do podkategorii&#8221; _builder_version=&#8221;4.14.4&#8243; _dynamic_attributes=&#8221;button_url&#8221; _module_preset=&#8221;default&#8221; custom_button=&#8221;on&#8221; button_text_color=&#8221;#225500&#8243; button_border_width=&#8221;0px&#8221; button_icon=&#8221;&#x4a;||divi||400&#8243; global_colors_info=&#8221;{}&#8221;][\/et_pb_button][\/et_pb_column][\/et_pb_row][\/et_pb_section][et_pb_section fb_built=&#8221;1&#8243; _builder_version=&#8221;4.14.2&#8243; _module_preset=&#8221;default&#8221; global_colors_info=&#8221;{}&#8221;][et_pb_row column_structure=&#8221;1_2,1_2&#8243; _builder_version=&#8221;4.10.8&#8243; _module_preset=&#8221;default&#8221; global_colors_info=&#8221;{}&#8221;][et_pb_column type=&#8221;1_2&#8243; _builder_version=&#8221;4.10.8&#8243; _module_preset=&#8221;default&#8221; global_colors_info=&#8221;{}&#8221;][et_pb_image src=&#8221;http:\/\/measline.com\/\/wp-content\/uploads\/2021\/12\/FR-Scanner-scaled.jpg&#8221; alt=&#8221;FR-Scanner wraz z monitorem prezentuj\u0105cym rozk\u0142ad punkt\u00f3w pomiarowych podczas skanowania wraz z wynikami pomiar\u00f3w &#8221; title_text=&#8221;FR Scanner&#8221; align=&#8221;center&#8221; _builder_version=&#8221;4.14.7&#8243; _module_preset=&#8221;default&#8221; width=&#8221;71%&#8221; custom_padding=&#8221;0px||0px||true|false&#8221; global_colors_info=&#8221;{}&#8221;][\/et_pb_image][\/et_pb_column][et_pb_column type=&#8221;1_2&#8243; _builder_version=&#8221;4.10.8&#8243; _module_preset=&#8221;default&#8221; global_colors_info=&#8221;{}&#8221;][et_pb_text _builder_version=&#8221;4.14.4&#8243; _module_preset=&#8221;default&#8221; custom_padding=&#8221;9px|||||&#8221; global_colors_info=&#8221;{}&#8221;]<h1><strong>FR-Scanner<\/strong><\/h1>[\/et_pb_text][et_pb_divider color=&#8221;#215500&#8243; divider_weight=&#8221;2px&#8221; _builder_version=&#8221;4.14.1&#8243; _module_preset=&#8221;default&#8221; custom_margin=&#8221;-23px||6px||false|false&#8221; global_colors_info=&#8221;{}&#8221;][\/et_pb_divider][et_pb_text _builder_version=&#8221;4.14.4&#8243; _module_preset=&#8221;default&#8221; custom_padding=&#8221;17px||0px|||&#8221; global_colors_info=&#8221;{}&#8221;]<div style=\"text-align: justify;\"><\/div>\n<p><span>FR-Scanner to narz\u0119dzie do automatycznej charakterystyki warstw, pow\u0142ok, b\u0142on o du\u017cych powierzchniach. Urz\u0105dzenie umo\u017cliwia szybkie\u00a0 tworzenie mapowanie powierzchni pod wzgl\u0119dem\u00a0grubo\u015bci, wsp\u00f3\u0142czynnika za\u0142amania \u015bwiat\u0142a, jednorodno\u015bci, koloru itp. pod\u0142o\u017ca o dowolnej \u015brednicy\/kszta\u0142cie mog\u0105 by\u0107 umieszczane w uchwycie pr\u00f3\u017cniowym.<\/span><\/p>[\/et_pb_text][\/et_pb_column][\/et_pb_row][\/et_pb_section][et_pb_section fb_built=&#8221;1&#8243; _builder_version=&#8221;4.14.2&#8243; _module_preset=&#8221;default&#8221; background_color=&#8221;rgba(0,0,0,0.05)&#8221; custom_padding=&#8221;17px|||||&#8221; global_colors_info=&#8221;{}&#8221;][et_pb_row column_structure=&#8221;2_3,1_3&#8243; _builder_version=&#8221;4.14.2&#8243; _module_preset=&#8221;default&#8221; min_height=&#8221;357.6px&#8221; custom_padding=&#8221;0px|||||&#8221; global_colors_info=&#8221;{}&#8221;][et_pb_column type=&#8221;2_3&#8243; _builder_version=&#8221;4.14.2&#8243; _module_preset=&#8221;default&#8221; global_colors_info=&#8221;{}&#8221;][et_pb_text _builder_version=&#8221;4.14.5&#8243; _module_preset=&#8221;default&#8221; custom_margin=&#8221;-50px||||false|false&#8221; custom_padding=&#8221;46px|||||&#8221; global_colors_info=&#8221;{}&#8221;]<div>\n<h3 class=\"Standard\">Najwa\u017cniejsze cechy urz\u0105dzenia FR-Scanner<o:p><\/o:p><\/h3>\n<\/div>\n<div>\n<ul><\/ul>\n<\/div>\n<div>\n<ul>\n<li class=\"Standard\">Przeznaczony do mapowania du\u017cych powierzchni<\/li>\n<li class=\"Standard\">Szybkie skanowanie (625 punkt\u00f3w w minut\u0119)<\/li>\n<li class=\"Standard\">Du\u017ca dok\u0142ano\u015b\u0107 i powtarzalno\u015b\u0107 pomiar\u00f3w<\/li>\n<li class=\"Standard\">D\u0142uga \u017cywotno\u015b\u0107 \u017ar\u00f3d\u0142a \u015bwiat\u0142a<\/li>\n<\/ul>\n<\/div>[\/et_pb_text][\/et_pb_column][et_pb_column type=&#8221;1_3&#8243; _builder_version=&#8221;4.14.2&#8243; _module_preset=&#8221;default&#8221; global_colors_info=&#8221;{}&#8221;][et_pb_gallery gallery_ids=&#8221;1561,1562,1563&#8243; fullwidth=&#8221;on&#8221; _builder_version=&#8221;4.14.7&#8243; _module_preset=&#8221;default&#8221; custom_margin=&#8221;||-4px|||&#8221; custom_padding=&#8221;0px|0px||||&#8221; hover_enabled=&#8221;0&#8243; global_colors_info=&#8221;{}&#8221; animation_style=&#8221;fade&#8221; auto=&#8221;on&#8221; auto_speed=&#8221;5000&#8243; sticky_enabled=&#8221;0&#8243;][\/et_pb_gallery][\/et_pb_column][\/et_pb_row][\/et_pb_section][et_pb_section fb_built=&#8221;1&#8243; _builder_version=&#8221;4.14.2&#8243; _module_preset=&#8221;default&#8221; background_color=&#8221;#FFFFFF&#8221; min_height=&#8221;1000.2px&#8221; custom_padding=&#8221;30px||4px||false|false&#8221; global_colors_info=&#8221;{}&#8221;][et_pb_row _builder_version=&#8221;4.14.7&#8243; _module_preset=&#8221;default&#8221; custom_margin=&#8221;||||false|false&#8221; custom_padding=&#8221;||||true|false&#8221; global_colors_info=&#8221;{}&#8221;][et_pb_column type=&#8221;4_4&#8243; _builder_version=&#8221;4.14.2&#8243; _module_preset=&#8221;default&#8221; global_colors_info=&#8221;{}&#8221;][et_pb_text _builder_version=&#8221;4.14.7&#8243; _module_preset=&#8221;default&#8221; width=&#8221;100%&#8221; custom_margin=&#8221;||||false|false&#8221; custom_padding=&#8221;||||false|false&#8221; global_colors_info=&#8221;{}&#8221;]<div class=\"dataTables_scrollHead\">\n<div class=\"dataTables_scrollHeadInner\">\n<h3>Specyfikacja:<\/h3>\n<div>\n<ul><\/ul>\n<table style=\"width: 100%;\">\n<tbody>\n<tr style=\"height: 47px;\">\n<td style=\"width: 365.375px; height: 47px;\">\n<p>Rozmiar pr\u00f3bki<\/p>\n<p>&nbsp;<\/p>\n<\/td>\n<td style=\"width: 591.625px; height: 47px;\">\n<p data-placeholder=\"T\u0142umaczenie\" id=\"tw-target-text\" dir=\"ltr\"><span lang=\"pl\">Wafery 2&#8243;, 3&#8243;,4&#8243;. 6&#8243;, 8&#8243;, 300 mm<\/span><\/p>\n<p data-placeholder=\"T\u0142umaczenie\" dir=\"ltr\"><span lang=\"pl\">R\u00f3wnie\u017c pod\u0142o\u017ca o nieregularnych kszta\u0142tach\u00a0<\/span><\/p>\n<\/td>\n<\/tr>\n<tr style=\"height: 96px;\">\n<td style=\"width: 365.375px; height: 96px;\">Rozmiar plamki<\/td>\n<td style=\"width: 591.625px; height: 96px;\">\n<p data-placeholder=\"T\u0142umaczenie\" dir=\"ltr\"><span lang=\"pl\">360 <\/span><span style=\"font-family: Times New Roman, serif;\">\u03bcm<\/span><\/p>\n<\/td>\n<\/tr>\n<tr style=\"height: 40px;\">\n<td style=\"width: 365.375px; height: 40px;\">Rozdzielczo\u015b\u0107 kontowa<\/td>\n<td style=\"width: 591.625px; height: 40px;\">\n<p data-placeholder=\"T\u0142umaczenie\" id=\"tw-target-text\" dir=\"ltr\"><span lang=\"pl\">1<span style=\"font-family: Times New Roman, serif;\">\u00b0<\/span><\/span><\/p>\n<\/td>\n<\/tr>\n<tr style=\"height: 44px;\">\n<td style=\"width: 365.375px; height: 44px;\">Minimalna grubo\u015b\u0107 dla jednoczesnego pomiaru grubo\u015bci i wsp\u00f3\u0142czynnika odbicia<\/td>\n<td style=\"width: 591.625px; height: 44px;\">100 nm<\/td>\n<\/tr>\n<tr valign=\"top\" style=\"height: 67px;\">\n<td height=\"24\" style=\"width: 365.375px; height: 67px;\">Zakres grubo\u015bci<\/td>\n<td style=\"width: 591.625px; height: 67px;\">20 nm-80 <span>\u03bcm<\/span><\/td>\n<\/tr>\n<tr valign=\"top\" style=\"height: 56px;\">\n<td style=\"height: 56px; width: 365.375px;\">Precyzja pomiaru<\/td>\n<td style=\"height: 56px; width: 591.625px;\">\n<p class=\"tw-data-text tw-text-large tw-ta\" data-placeholder=\"T\u0142umaczenie\" dir=\"ltr\">0,06 nm<\/p>\n<\/td>\n<\/tr>\n<tr valign=\"top\" style=\"height: 56px;\">\n<td style=\"height: 56px; width: 365.375px;\">Stabilno\u015b\u0107 pomiaru<\/td>\n<td style=\"height: 56px; width: 591.625px;\">0,06 nm<\/td>\n<\/tr>\n<tr valign=\"top\" style=\"height: 56px;\">\n<td style=\"height: 56px; width: 365.375px;\">Dok\u0142adno\u015b\u0107 pomiaru<\/td>\n<td style=\"height: 56px; width: 591.625px;\">\n<p class=\"tw-data-text tw-text-large tw-ta\" data-placeholder=\"T\u0142umaczenie\" id=\"tw-target-text\" dir=\"ltr\"><span class=\"Y2IQFc\" lang=\"pl\">1 nm<\/span><\/p>\n<\/td>\n<\/tr>\n<tr valign=\"top\" style=\"height: 56px;\">\n<td style=\"height: 56px; width: 365.375px;\">Pr\u0119dko\u015b\u0107 skanowania<\/td>\n<td style=\"height: 56px; width: 591.625px;\">\n<p class=\"tw-data-text tw-text-large tw-ta\" data-placeholder=\"T\u0142umaczenie\" dir=\"ltr\">625 pomiar\u00f3w\/min dla pod\u0142o\u017ca 8&#8243;<\/p>\n<\/td>\n<\/tr>\n<tr valign=\"top\" style=\"height: 56px;\">\n<td style=\"height: 56px; width: 365.375px; text-align: left;\">Komputer<\/td>\n<td style=\"height: 56px; width: 591.625px;\">\n<p class=\"tw-data-text tw-text-large tw-ta\" data-placeholder=\"T\u0142umaczenie\" id=\"tw-target-text\" dir=\"ltr\"><span class=\"Y2IQFc\" lang=\"pl\">Dowolny PC obs\u0142uguj\u0105cy system Windows 7\/8\/10 64 bit<\/span><\/p>\n<\/td>\n<\/tr>\n<tr style=\"height: 56px;\">\n<td style=\"width: 365.375px; text-align: left; height: 56px;\">Baza danych<\/td>\n<td style=\"width: 591.625px; height: 56px;\">\n<p class=\"tw-data-text tw-text-large tw-ta\" data-placeholder=\"T\u0142umaczenie\" id=\"tw-target-text\" dir=\"ltr\"><span class=\"Y2IQFc\" lang=\"pl\">Ponad 650 r\u00f3\u017cnych materia\u0142\u00f3w<\/span><\/p>\n<\/td>\n<\/tr>\n<tr valign=\"top\" style=\"height: 56px;\">\n<td style=\"height: 17px; width: 365.375px;\">Wymiary Szeroko\u015b\u0107 x D\u0142ugo\u015b\u0107 x Wysoko\u015b\u0107<\/td>\n<td style=\"height: 17px; width: 591.625px;\">485 x 457 x 500 mm<\/td>\n<\/tr>\n<tr style=\"height: 56px;\">\n<td style=\"height: 56px; width: 365.375px;\">Zakres spektralny<\/td>\n<td style=\"height: 56px; width: 591.625px;\">VIS\/NIR (370-1020 nm)<\/td>\n<\/tr>\n<tr style=\"height: 24px;\">\n<td style=\"width: 365.375px; height: 24px;\">Specyfikacja spektrometru<\/td>\n<td style=\"width: 591.625px; height: 24px;\">3648 pixeli<\/td>\n<\/tr>\n<tr style=\"height: 24px;\">\n<td style=\"width: 365.375px; height: 24px;\">\u0179r\u00f3d\u0142o \u015awiat\u0142a MTBF<\/td>\n<td style=\"width: 591.625px; height: 24px;\">10000 h<\/td>\n<\/tr>\n<\/tbody>\n<\/table>\n<\/div>\n<\/div>\n<\/div>[\/et_pb_text][\/et_pb_column][\/et_pb_row][et_pb_row _builder_version=&#8221;4.14.4&#8243; _module_preset=&#8221;default&#8221; global_colors_info=&#8221;{}&#8221;][et_pb_column type=&#8221;4_4&#8243; _builder_version=&#8221;4.14.4&#8243; _module_preset=&#8221;default&#8221; global_colors_info=&#8221;{}&#8221;][et_pb_text _builder_version=&#8221;4.14.4&#8243; _module_preset=&#8221;default&#8221; global_colors_info=&#8221;{}&#8221;]<p><a href=\"https:\/\/www.thetametrisis.com\/fr-scanner\" target=\"_blank\" rel=\"noopener\">Zobacz wi\u0119cej na stronie producenta<\/a><\/p>[\/et_pb_text][\/et_pb_column][\/et_pb_row][et_pb_row _builder_version=&#8221;4.14.7&#8243; _module_preset=&#8221;default&#8221; global_colors_info=&#8221;{}&#8221;][et_pb_column type=&#8221;4_4&#8243; _builder_version=&#8221;4.14.7&#8243; _module_preset=&#8221;default&#8221; global_colors_info=&#8221;{}&#8221;][et_pb_text _builder_version=&#8221;4.14.7&#8243; _module_preset=&#8221;default&#8221; global_colors_info=&#8221;{}&#8221;]<p><span>W ofercie znajduj\u0105 si\u0119 r\u00f3wnie\u017c inne urz\u0105dzenia z serii FR, w tym modu\u0142owy<a href=\"http:\/\/measline.com\/index.php\/1297-2\/\" target=\"_blank\" rel=\"noopener\">\u00a0<\/a><\/span><a href=\"http:\/\/measline.com\/index.php\/1297-2\/\" target=\"_blank\" rel=\"noopener\">FR-pRo<\/a> posiadaj\u0105cy mo\u017cliwo\u015b\u0107 dostosowania do wymaga\u0144 u\u017cytkownika poprzez dob\u00f3r <a href=\"http:\/\/measline.com\/index.php\/akcesoria-fr\/\" target=\"_blank\" rel=\"noopener\">akcesori\u00f3w<\/a><span>, czy te\u017c przeno\u015bny<a href=\"http:\/\/measline.com\/index.php\/1343-2\/\" target=\"_blank\" rel=\"noopener\"> FR-pOrtable<\/a><\/span><span>. Zach\u0119camy do zapoznania si\u0119 z szerok\u0105 gam\u0105 <a href=\"http:\/\/measline.com\/index.php\/1079-2\/\" target=\"_blank\" rel=\"noopener\">produkt\u00f3w serii FR<\/a> firmy <a href=\"https:\/\/www.thetametrisis.com\/index.php\" target=\"_blank\" rel=\"noopener\">Thetametrisis<\/a>.<\/span><\/p>[\/et_pb_text][\/et_pb_column][\/et_pb_row][\/et_pb_section]\n","protected":false},"excerpt":{"rendered":"<p>FR-Scanner FR-Scanner to narz\u0119dzie do automatycznej charakterystyki warstw, pow\u0142ok, b\u0142on o du\u017cych powierzchniach. Urz\u0105dzenie umo\u017cliwia szybkie\u00a0 tworzenie mapowanie powierzchni pod wzgl\u0119dem\u00a0grubo\u015bci, wsp\u00f3\u0142czynnika za\u0142amania \u015bwiat\u0142a, jednorodno\u015bci, koloru itp. pod\u0142o\u017ca o dowolnej \u015brednicy\/kszta\u0142cie mog\u0105 by\u0107 umieszczane w uchwycie pr\u00f3\u017cniowym. Najwa\u017cniejsze cechy urz\u0105dzenia FR-Scanner Przeznaczony do mapowania du\u017cych powierzchni Szybkie skanowanie (625 punkt\u00f3w w minut\u0119) Du\u017ca dok\u0142ano\u015b\u0107 i [&hellip;]<\/p>\n","protected":false},"author":2,"featured_media":0,"parent":1079,"menu_order":0,"comment_status":"closed","ping_status":"closed","template":"","meta":{"_et_pb_use_builder":"on","_et_pb_old_content":"","_et_gb_content_width":"","footnotes":""},"class_list":["post-1546","page","type-page","status-publish","hentry"],"yoast_head":"<!-- This site is optimized with the Yoast SEO plugin v27.4 - https:\/\/yoast.com\/product\/yoast-seo-wordpress\/ -->\n<title>Analiza grubo\u015bci warstw FR-Scanner - Measline<\/title>\n<meta name=\"description\" content=\"narz\u0119dzie do automatycznej charakterystyki warstw, pow\u0142ok o du\u017cych powierzchniach. Urz\u0105dzenie pozwala na mapowanie powierzchni.\" \/>\n<meta name=\"robots\" content=\"index, follow, max-snippet:-1, max-image-preview:large, max-video-preview:-1\" \/>\n<link rel=\"canonical\" href=\"https:\/\/measline.com\/index.php\/pl\/measline\/produkty\/pomiar_grubosci_warstw\/fr-scaner\/\" \/>\n<meta property=\"og:locale\" content=\"pl_PL\" \/>\n<meta property=\"og:type\" content=\"article\" \/>\n<meta property=\"og:title\" content=\"Analiza grubo\u015bci warstw FR-Scanner - Measline\" \/>\n<meta property=\"og:description\" content=\"narz\u0119dzie do automatycznej charakterystyki warstw, pow\u0142ok o du\u017cych powierzchniach. Urz\u0105dzenie pozwala na mapowanie powierzchni.\" \/>\n<meta property=\"og:url\" content=\"https:\/\/measline.com\/index.php\/pl\/measline\/produkty\/pomiar_grubosci_warstw\/fr-scaner\/\" \/>\n<meta property=\"og:site_name\" content=\"Measline\" \/>\n<meta property=\"article:modified_time\" content=\"2022-02-14T10:38:08+00:00\" \/>\n<meta name=\"twitter:card\" content=\"summary_large_image\" \/>\n<meta name=\"twitter:label1\" content=\"Szacowany czas czytania\" \/>\n\t<meta name=\"twitter:data1\" content=\"3 minuty\" \/>\n<script type=\"application\/ld+json\" class=\"yoast-schema-graph\">{\"@context\":\"https:\\\/\\\/schema.org\",\"@graph\":[{\"@type\":\"WebPage\",\"@id\":\"https:\\\/\\\/measline.com\\\/index.php\\\/pl\\\/measline\\\/produkty\\\/pomiar_grubosci_warstw\\\/fr-scaner\\\/\",\"url\":\"https:\\\/\\\/measline.com\\\/index.php\\\/pl\\\/measline\\\/produkty\\\/pomiar_grubosci_warstw\\\/fr-scaner\\\/\",\"name\":\"Analiza grubo\u015bci warstw FR-Scanner - Measline\",\"isPartOf\":{\"@id\":\"https:\\\/\\\/measline.com\\\/#website\"},\"datePublished\":\"2022-01-05T12:26:21+00:00\",\"dateModified\":\"2022-02-14T10:38:08+00:00\",\"description\":\"narz\u0119dzie do automatycznej charakterystyki warstw, pow\u0142ok o du\u017cych powierzchniach. Urz\u0105dzenie pozwala na mapowanie powierzchni.\",\"breadcrumb\":{\"@id\":\"https:\\\/\\\/measline.com\\\/index.php\\\/pl\\\/measline\\\/produkty\\\/pomiar_grubosci_warstw\\\/fr-scaner\\\/#breadcrumb\"},\"inLanguage\":\"pl-PL\",\"potentialAction\":[{\"@type\":\"ReadAction\",\"target\":[\"https:\\\/\\\/measline.com\\\/index.php\\\/pl\\\/measline\\\/produkty\\\/pomiar_grubosci_warstw\\\/fr-scaner\\\/\"]}]},{\"@type\":\"BreadcrumbList\",\"@id\":\"https:\\\/\\\/measline.com\\\/index.php\\\/pl\\\/measline\\\/produkty\\\/pomiar_grubosci_warstw\\\/fr-scaner\\\/#breadcrumb\",\"itemListElement\":[{\"@type\":\"ListItem\",\"position\":1,\"name\":\"Strona g\u0142\u00f3wna\",\"item\":\"https:\\\/\\\/measline.com\\\/index.php\\\/pl\\\/\"},{\"@type\":\"ListItem\",\"position\":2,\"name\":\"Strona g\u0142\u00f3wna\",\"item\":\"https:\\\/\\\/measline.com\\\/index.php\\\/pl\\\/\"},{\"@type\":\"ListItem\",\"position\":3,\"name\":\"Produkty\",\"item\":\"https:\\\/\\\/measline.com\\\/index.php\\\/pl\\\/measline\\\/produkty\\\/\"},{\"@type\":\"ListItem\",\"position\":4,\"name\":\"Analiza grubo\u015bci cienkich warstw\",\"item\":\"https:\\\/\\\/measline.com\\\/index.php\\\/pl\\\/measline\\\/produkty\\\/pomiar_grubosci_warstw\\\/\"},{\"@type\":\"ListItem\",\"position\":5,\"name\":\"FR-Scaner\"}]},{\"@type\":\"WebSite\",\"@id\":\"https:\\\/\\\/measline.com\\\/#website\",\"url\":\"https:\\\/\\\/measline.com\\\/\",\"name\":\"Measline\",\"description\":\"Advanced solutions\",\"publisher\":{\"@id\":\"https:\\\/\\\/measline.com\\\/#organization\"},\"potentialAction\":[{\"@type\":\"SearchAction\",\"target\":{\"@type\":\"EntryPoint\",\"urlTemplate\":\"https:\\\/\\\/measline.com\\\/?s={search_term_string}\"},\"query-input\":{\"@type\":\"PropertyValueSpecification\",\"valueRequired\":true,\"valueName\":\"search_term_string\"}}],\"inLanguage\":\"pl-PL\"},{\"@type\":\"Organization\",\"@id\":\"https:\\\/\\\/measline.com\\\/#organization\",\"name\":\"Measline\",\"url\":\"https:\\\/\\\/measline.com\\\/\",\"logo\":{\"@type\":\"ImageObject\",\"inLanguage\":\"pl-PL\",\"@id\":\"https:\\\/\\\/measline.com\\\/#\\\/schema\\\/logo\\\/image\\\/\",\"url\":\"https:\\\/\\\/measline.com\\\/wp-content\\\/uploads\\\/2021\\\/11\\\/logo_color_small.png.png\",\"contentUrl\":\"https:\\\/\\\/measline.com\\\/wp-content\\\/uploads\\\/2021\\\/11\\\/logo_color_small.png.png\",\"width\":1000,\"height\":417,\"caption\":\"Measline\"},\"image\":{\"@id\":\"https:\\\/\\\/measline.com\\\/#\\\/schema\\\/logo\\\/image\\\/\"}}]}<\/script>\n<!-- \/ Yoast SEO plugin. -->","yoast_head_json":{"title":"Analiza grubo\u015bci warstw FR-Scanner - Measline","description":"narz\u0119dzie do automatycznej charakterystyki warstw, pow\u0142ok o du\u017cych powierzchniach. Urz\u0105dzenie pozwala na mapowanie powierzchni.","robots":{"index":"index","follow":"follow","max-snippet":"max-snippet:-1","max-image-preview":"max-image-preview:large","max-video-preview":"max-video-preview:-1"},"canonical":"https:\/\/measline.com\/index.php\/pl\/measline\/produkty\/pomiar_grubosci_warstw\/fr-scaner\/","og_locale":"pl_PL","og_type":"article","og_title":"Analiza grubo\u015bci warstw FR-Scanner - Measline","og_description":"narz\u0119dzie do automatycznej charakterystyki warstw, pow\u0142ok o du\u017cych powierzchniach. Urz\u0105dzenie pozwala na mapowanie powierzchni.","og_url":"https:\/\/measline.com\/index.php\/pl\/measline\/produkty\/pomiar_grubosci_warstw\/fr-scaner\/","og_site_name":"Measline","article_modified_time":"2022-02-14T10:38:08+00:00","twitter_card":"summary_large_image","twitter_misc":{"Szacowany czas czytania":"3 minuty"},"schema":{"@context":"https:\/\/schema.org","@graph":[{"@type":"WebPage","@id":"https:\/\/measline.com\/index.php\/pl\/measline\/produkty\/pomiar_grubosci_warstw\/fr-scaner\/","url":"https:\/\/measline.com\/index.php\/pl\/measline\/produkty\/pomiar_grubosci_warstw\/fr-scaner\/","name":"Analiza grubo\u015bci warstw FR-Scanner - Measline","isPartOf":{"@id":"https:\/\/measline.com\/#website"},"datePublished":"2022-01-05T12:26:21+00:00","dateModified":"2022-02-14T10:38:08+00:00","description":"narz\u0119dzie do automatycznej charakterystyki warstw, pow\u0142ok o du\u017cych powierzchniach. Urz\u0105dzenie pozwala na mapowanie powierzchni.","breadcrumb":{"@id":"https:\/\/measline.com\/index.php\/pl\/measline\/produkty\/pomiar_grubosci_warstw\/fr-scaner\/#breadcrumb"},"inLanguage":"pl-PL","potentialAction":[{"@type":"ReadAction","target":["https:\/\/measline.com\/index.php\/pl\/measline\/produkty\/pomiar_grubosci_warstw\/fr-scaner\/"]}]},{"@type":"BreadcrumbList","@id":"https:\/\/measline.com\/index.php\/pl\/measline\/produkty\/pomiar_grubosci_warstw\/fr-scaner\/#breadcrumb","itemListElement":[{"@type":"ListItem","position":1,"name":"Strona g\u0142\u00f3wna","item":"https:\/\/measline.com\/index.php\/pl\/"},{"@type":"ListItem","position":2,"name":"Strona g\u0142\u00f3wna","item":"https:\/\/measline.com\/index.php\/pl\/"},{"@type":"ListItem","position":3,"name":"Produkty","item":"https:\/\/measline.com\/index.php\/pl\/measline\/produkty\/"},{"@type":"ListItem","position":4,"name":"Analiza grubo\u015bci cienkich warstw","item":"https:\/\/measline.com\/index.php\/pl\/measline\/produkty\/pomiar_grubosci_warstw\/"},{"@type":"ListItem","position":5,"name":"FR-Scaner"}]},{"@type":"WebSite","@id":"https:\/\/measline.com\/#website","url":"https:\/\/measline.com\/","name":"Measline","description":"Advanced solutions","publisher":{"@id":"https:\/\/measline.com\/#organization"},"potentialAction":[{"@type":"SearchAction","target":{"@type":"EntryPoint","urlTemplate":"https:\/\/measline.com\/?s={search_term_string}"},"query-input":{"@type":"PropertyValueSpecification","valueRequired":true,"valueName":"search_term_string"}}],"inLanguage":"pl-PL"},{"@type":"Organization","@id":"https:\/\/measline.com\/#organization","name":"Measline","url":"https:\/\/measline.com\/","logo":{"@type":"ImageObject","inLanguage":"pl-PL","@id":"https:\/\/measline.com\/#\/schema\/logo\/image\/","url":"https:\/\/measline.com\/wp-content\/uploads\/2021\/11\/logo_color_small.png.png","contentUrl":"https:\/\/measline.com\/wp-content\/uploads\/2021\/11\/logo_color_small.png.png","width":1000,"height":417,"caption":"Measline"},"image":{"@id":"https:\/\/measline.com\/#\/schema\/logo\/image\/"}}]}},"_links":{"self":[{"href":"https:\/\/measline.com\/index.php\/wp-json\/wp\/v2\/pages\/1546","targetHints":{"allow":["GET"]}}],"collection":[{"href":"https:\/\/measline.com\/index.php\/wp-json\/wp\/v2\/pages"}],"about":[{"href":"https:\/\/measline.com\/index.php\/wp-json\/wp\/v2\/types\/page"}],"author":[{"embeddable":true,"href":"https:\/\/measline.com\/index.php\/wp-json\/wp\/v2\/users\/2"}],"replies":[{"embeddable":true,"href":"https:\/\/measline.com\/index.php\/wp-json\/wp\/v2\/comments?post=1546"}],"version-history":[{"count":19,"href":"https:\/\/measline.com\/index.php\/wp-json\/wp\/v2\/pages\/1546\/revisions"}],"predecessor-version":[{"id":2863,"href":"https:\/\/measline.com\/index.php\/wp-json\/wp\/v2\/pages\/1546\/revisions\/2863"}],"up":[{"embeddable":true,"href":"https:\/\/measline.com\/index.php\/wp-json\/wp\/v2\/pages\/1079"}],"wp:attachment":[{"href":"https:\/\/measline.com\/index.php\/wp-json\/wp\/v2\/media?parent=1546"}],"curies":[{"name":"wp","href":"https:\/\/api.w.org\/{rel}","templated":true}]}}