{"id":1603,"date":"2022-01-10T12:47:18","date_gmt":"2022-01-10T11:47:18","guid":{"rendered":"http:\/\/measline.com\/\/?page_id=1603"},"modified":"2022-02-14T11:36:19","modified_gmt":"2022-02-14T10:36:19","slug":"fr-education-3","status":"publish","type":"page","link":"https:\/\/measline.com\/index.php\/pl\/measline\/produkty\/pomiar_grubosci_warstw\/fr-education-3\/","title":{"rendered":"FR-Education"},"content":{"rendered":"\n[et_pb_section fb_built=&#8221;1&#8243; _builder_version=&#8221;4.14.2&#8243; _module_preset=&#8221;default&#8221; background_color=&#8221;rgba(0,0,0,0.05)&#8221; custom_margin=&#8221;0px|0px|0px|0px|false|false&#8221; custom_padding=&#8221;0px|0px|0px|0px|false|false&#8221; global_colors_info=&#8221;{}&#8221;][et_pb_row _builder_version=&#8221;4.14.4&#8243; _dynamic_attributes=&#8221;link_option_url&#8221; _module_preset=&#8221;default&#8221; custom_margin=&#8221;0px||0px||true|false&#8221; custom_padding=&#8221;11px||3px||false|false&#8221; link_option_url=&#8221;@ET-DC@eyJkeW5hbWljIjp0cnVlLCJjb250ZW50IjoicG9zdF9saW5rX3VybF9wYWdlIiwic2V0dGluZ3MiOnsicG9zdF9pZCI6IjEwNzkifX0=@&#8221; global_colors_info=&#8221;{}&#8221;][et_pb_column type=&#8221;4_4&#8243; _builder_version=&#8221;4.14.2&#8243; _module_preset=&#8221;default&#8221; global_colors_info=&#8221;{}&#8221;][et_pb_button button_url=&#8221;@ET-DC@eyJkeW5hbWljIjp0cnVlLCJjb250ZW50IjoicG9zdF9saW5rX3VybF9wYWdlIiwic2V0dGluZ3MiOnsicG9zdF9pZCI6IjEwNzkifX0=@&#8221; button_text=&#8221;Powr\u00f3t do podkategorii&#8221; _builder_version=&#8221;4.14.4&#8243; _dynamic_attributes=&#8221;button_url&#8221; _module_preset=&#8221;default&#8221; custom_button=&#8221;on&#8221; button_text_color=&#8221;#225500&#8243; button_border_width=&#8221;0px&#8221; button_icon=&#8221;&#x4a;||divi||400&#8243; global_colors_info=&#8221;{}&#8221;][\/et_pb_button][\/et_pb_column][\/et_pb_row][\/et_pb_section][et_pb_section fb_built=&#8221;1&#8243; _builder_version=&#8221;4.14.2&#8243; _module_preset=&#8221;default&#8221; global_colors_info=&#8221;{}&#8221;][et_pb_row column_structure=&#8221;1_2,1_2&#8243; _builder_version=&#8221;4.10.8&#8243; _module_preset=&#8221;default&#8221; global_colors_info=&#8221;{}&#8221;][et_pb_column type=&#8221;1_2&#8243; _builder_version=&#8221;4.10.8&#8243; _module_preset=&#8221;default&#8221; global_colors_info=&#8221;{}&#8221;][et_pb_image src=&#8221;http:\/\/measline.com\/\/wp-content\/uploads\/2021\/12\/FR-Education.jpg&#8221; title_text=&#8221;FR-Education&#8221; align=&#8221;center&#8221; _builder_version=&#8221;4.14.5&#8243; _module_preset=&#8221;default&#8221; width=&#8221;71%&#8221; custom_padding=&#8221;0px||0px||true|false&#8221; global_colors_info=&#8221;{}&#8221;][\/et_pb_image][\/et_pb_column][et_pb_column type=&#8221;1_2&#8243; _builder_version=&#8221;4.10.8&#8243; _module_preset=&#8221;default&#8221; global_colors_info=&#8221;{}&#8221;][et_pb_text _builder_version=&#8221;4.14.5&#8243; _module_preset=&#8221;default&#8221; global_colors_info=&#8221;{}&#8221;]<h1><strong>FR-Education<\/strong><\/h1>[\/et_pb_text][et_pb_divider color=&#8221;#215500&#8243; divider_weight=&#8221;2px&#8221; _builder_version=&#8221;4.14.1&#8243; _module_preset=&#8221;default&#8221; custom_margin=&#8221;-23px||6px||false|false&#8221; global_colors_info=&#8221;{}&#8221;][\/et_pb_divider][et_pb_text _builder_version=&#8221;4.14.5&#8243; _module_preset=&#8221;default&#8221; custom_padding=&#8221;||1px|||&#8221; global_colors_info=&#8221;{}&#8221;]<div style=\"text-align: justify;\"><\/div>\n<p><span>FR-Education jest urz\u0105dzeniem przeznaczonym do analizy grubo\u015bci warstw oraz w\u0142a\u015bciwo\u015bci i sta\u0142ych optycznych dedykowanym dla jednostek edukacyjnych. Jest to narz\u0119dzie idealne do prezentacji zasad i zaznaczenia\u00a0zjawiska\u00a0interferencji optycznych oraz jego zastosowa\u0144 w przemy\u015ble p\u00f3\u0142przewodnik\u00f3w oraz pow\u0142ok.<\/span><\/p>[\/et_pb_text][\/et_pb_column][\/et_pb_row][\/et_pb_section][et_pb_section fb_built=&#8221;1&#8243; _builder_version=&#8221;4.14.2&#8243; _module_preset=&#8221;default&#8221; background_color=&#8221;rgba(0,0,0,0.05)&#8221; global_colors_info=&#8221;{}&#8221;][et_pb_row column_structure=&#8221;2_3,1_3&#8243; _builder_version=&#8221;4.14.2&#8243; _module_preset=&#8221;default&#8221; custom_padding=&#8221;30px|||||&#8221; global_colors_info=&#8221;{}&#8221;][et_pb_column type=&#8221;2_3&#8243; _builder_version=&#8221;4.14.2&#8243; _module_preset=&#8221;default&#8221; global_colors_info=&#8221;{}&#8221;][et_pb_text _builder_version=&#8221;4.14.5&#8243; _module_preset=&#8221;default&#8221; custom_margin=&#8221;-50px||||false|false&#8221; global_colors_info=&#8221;{}&#8221;]<div>\n<h3 class=\"Standard\">Najwa\u017cniejsze cechy urz\u0105dzenia FR-Education<o:p><\/o:p><\/h3>\n<\/div>\n<div>\n<ul>\n<li>Dedykowany dla jednostek edukacyjnych<\/li>\n<li>Niski koszt<\/li>\n<li>Oparty o podstawow\u0105 wersj\u0119 urz\u0105dzenia FR-Basic<\/li>\n<li>Ograniczony zakres mierzonej grubo\u015bci<\/li>\n<li>Wyposa\u017cony w uchwyt do warstw i kuwet<\/li>\n<li>Pomiary reflektancji, transmitancji, absorbancji, grubo\u015bci warstw, sta\u0142ych optycznych n i k<\/li>\n<\/ul>\n<\/div>\n<div>\n<p class=\"Standard\"><o:p><\/o:p><\/p>\n<\/div>[\/et_pb_text][\/et_pb_column][et_pb_column type=&#8221;1_3&#8243; _builder_version=&#8221;4.14.2&#8243; _module_preset=&#8221;default&#8221; global_colors_info=&#8221;{}&#8221;][et_pb_image src=&#8221;http:\/\/measline.com\/\/wp-content\/uploads\/2022\/01\/Uchwyt-na-kuwete-2.jpg&#8221; title_text=&#8221;Uchwyt na kuwet\u0119 2&#8243; _builder_version=&#8221;4.14.5&#8243; _module_preset=&#8221;default&#8221; global_colors_info=&#8221;{}&#8221;][\/et_pb_image][\/et_pb_column][\/et_pb_row][\/et_pb_section][et_pb_section fb_built=&#8221;1&#8243; _builder_version=&#8221;4.14.7&#8243; _module_preset=&#8221;default&#8221; background_color=&#8221;#FFFFFF&#8221; custom_margin=&#8221;0px||||false|false&#8221; custom_padding=&#8221;0px||||false|false&#8221; global_colors_info=&#8221;{}&#8221;][et_pb_row _builder_version=&#8221;4.14.7&#8243; _module_preset=&#8221;default&#8221; custom_margin=&#8221;||0px||false|false&#8221; custom_padding=&#8221;||0px||false|false&#8221; global_colors_info=&#8221;{}&#8221;][et_pb_column type=&#8221;4_4&#8243; _builder_version=&#8221;4.14.2&#8243; _module_preset=&#8221;default&#8221; global_colors_info=&#8221;{}&#8221;][et_pb_text _builder_version=&#8221;4.14.7&#8243; _module_preset=&#8221;default&#8221; custom_padding=&#8221;||||false|false&#8221; hover_enabled=&#8221;0&#8243; global_colors_info=&#8221;{}&#8221; sticky_enabled=&#8221;0&#8243;]<div class=\"dataTables_scrollHead\">\n<div class=\"dataTables_scrollHeadInner\">\n<h3>Specyfikacja:<\/h3>\n<div>\n<table style=\"width: 100%; float: left;\">\n<tbody>\n<tr style=\"height: 47px;\">\n<td style=\"width: 272.625px; height: 47px;\">Zakres pomiarowy<\/td>\n<td style=\"width: 682.575px; height: 47px;\">\n<p data-placeholder=\"T\u0142umaczenie\" id=\"tw-target-text\" dir=\"ltr\">100 nm-30\u03bcm<\/p>\n<\/td>\n<\/tr>\n<tr style=\"height: 44px;\">\n<td style=\"width: 272.625px; height: 44px;\">Rozmiar plamki<\/td>\n<td style=\"width: 682.575px; height: 44px;\">350\u03bcm \u015brednicy<\/td>\n<\/tr>\n<tr valign=\"top\" style=\"height: 67px;\">\n<td height=\"24\" style=\"width: 272.625px; height: 67px;\">Rozmiar pr\u00f3bek<\/td>\n<td style=\"width: 682.575px; height: 67px;\">\n<p>10-150 mm<\/p>\n<p>Dla pomiaru wsp\u00f3\u0142czynnika odbicia wymagana grubo\u015b\u0107 \u2265 220 nm<\/p>\n<\/td>\n<\/tr>\n<tr valign=\"top\" style=\"height: 56px;\">\n<td style=\"height: 56px; width: 272.625px;\">Stolik na pr\u00f3bki<\/td>\n<td style=\"height: 56px; width: 682.575px;\">Aluminiowy panel g\u00f3rny. Uchwyt na sond\u0119 refleksyjn\u0105 z r\u0119cznym przesuwem 170mm \u2013 200mm \u2013 145mm (XYZ), dla precyzyjnego pozycjonowania sondy nad obszarem pomiarowym<\/td>\n<\/tr>\n<tr style=\"height: 56px;\">\n<td style=\"width: 272.625px; height: 56px;\">Pr\u00f3bki referencyjne<\/td>\n<td style=\"width: 682.575px; height: 56px;\">a) standard Si, b) SiO<sub style=\"font-family: inherit;\">2<\/sub><span style=\"font-family: inherit; font-size: inherit;\">\/Si c) Si<\/span><sub>3<\/sub><span style=\"font-family: inherit; font-size: inherit;\">N<\/span><sub>4 <\/sub><span style=\"font-family: inherit; font-size: inherit;\">\/SiO<sub style=\"font-family: inherit;\">2<\/sub>\u200b\/Si<\/span><\/td>\n<\/tr>\n<tr>\n<td style=\"width: 272.625px;\">Precyzja pomiaru<\/td>\n<td style=\"width: 682.575px;\">1 nm lub 1%<\/td>\n<\/tr>\n<tr valign=\"top\" style=\"height: 56px;\">\n<td style=\"height: 56px; width: 272.625px; text-align: left;\">\u0179r\u00f3d\u0142o \u015bwiat\u0142a<\/td>\n<td style=\"height: 56px; width: 682.575px;\">Wbudowane, sterowane programowo halogenowe \u017ar\u00f3d\u0142o \u015bwiat\u0142a wolframowego.<br \/>Czas nagrzewania ~10min.<br \/>Nat\u0119\u017cenie \u015bwiat\u0142a sterowane programowo. \u017bywotno\u015b\u0107: 5000h.<\/td>\n<\/tr>\n<tr style=\"height: 24px;\">\n<td style=\"width: 272.625px; text-align: left; height: 24px;\">Oprogramowanie<\/td>\n<td style=\"width: 682.575px; height: 24px;\">FR-Monitor (32 i 64 bity), Windows 7, 8, 10<\/td>\n<\/tr>\n<tr style=\"height: 56px;\">\n<td style=\"width: 272.625px; text-align: left; height: 56px;\">Baza danych<\/td>\n<td style=\"width: 682.575px; height: 56px;\">\n<p class=\"tw-data-text tw-text-large tw-ta\" data-placeholder=\"T\u0142umaczenie\" id=\"tw-target-text\" dir=\"ltr\"><span class=\"Y2IQFc\" lang=\"pl\">Ponad 650 r\u00f3\u017cnych materia\u0142\u00f3w<\/span><\/p>\n<\/td>\n<\/tr>\n<tr style=\"height: 56px;\">\n<td style=\"width: 272.625px; text-align: left; height: 56px;\">Spektrometr<\/td>\n<td style=\"width: 682.575px; height: 56px;\">\n<p class=\"tw-data-text tw-text-large tw-ta\" data-placeholder=\"T\u0142umaczenie\" id=\"tw-target-text\" dir=\"ltr\"><span class=\"Y2IQFc\" lang=\"pl\">1024 pikseli, 12 bit\u00f3w Spektrometr A\/D (350-800 nm)<\/span><\/p>\n<\/td>\n<\/tr>\n<tr style=\"height: 56px;\">\n<td style=\"width: 272.625px; text-align: left; height: 56px;\">Zasilanie<\/td>\n<td style=\"width: 682.575px; height: 56px;\">\n<p class=\"tw-data-text tw-text-large tw-ta\" data-placeholder=\"T\u0142umaczenie\" id=\"tw-target-text\" dir=\"ltr\"><span class=\"Y2IQFc\" lang=\"pl\">\u00a0110-220 V<\/span><\/p>\n<\/td>\n<\/tr>\n<tr valign=\"top\" style=\"height: 10px;\">\n<td style=\"height: 10px; width: 272.625px;\">Wymiary i waga<\/td>\n<td style=\"height: 10px; width: 682.575px;\">380 x 320 mm<br \/>8,0 kg<\/td>\n<\/tr>\n<tr>\n<td style=\"width: 272.625px;\">Do\u0142\u0105czone do urz\u0105dzenia<\/td>\n<td style=\"width: 682.575px;\">Instrukcja urz\u0105dzenia i oprogramowania (w formie papierowej i elektronicznej)<\/td>\n<\/tr>\n<\/tbody>\n<\/table>\n<p>&nbsp;<\/p>\n<\/div>\n<\/div>\n<\/div>[\/et_pb_text][\/et_pb_column][\/et_pb_row][\/et_pb_section][et_pb_section fb_built=&#8221;1&#8243; _builder_version=&#8221;4.14.7&#8243; _module_preset=&#8221;default&#8221; custom_margin=&#8221;0px||||false|false&#8221; custom_padding=&#8221;0px||||false|false&#8221; global_colors_info=&#8221;{}&#8221;][et_pb_row _builder_version=&#8221;4.14.7&#8243; _module_preset=&#8221;default&#8221; custom_margin=&#8221;0px||||false|false&#8221; custom_padding=&#8221;0px||||false|false&#8221; global_colors_info=&#8221;{}&#8221;][et_pb_column type=&#8221;4_4&#8243; _builder_version=&#8221;4.14.7&#8243; _module_preset=&#8221;default&#8221; global_colors_info=&#8221;{}&#8221;][et_pb_text _builder_version=&#8221;4.14.7&#8243; _module_preset=&#8221;default&#8221; global_colors_info=&#8221;{}&#8221;]<p><a href=\"https:\/\/www.thetametrisis.com\/fr-education\" style=\"font-size: 14px;\" target=\"_blank\" rel=\"noopener\">Zobacz wi\u0119cej na stronie producenta<\/a><\/p>[\/et_pb_text][\/et_pb_column][\/et_pb_row][\/et_pb_section]\n","protected":false},"excerpt":{"rendered":"<p>FR-Education FR-Education jest urz\u0105dzeniem przeznaczonym do analizy grubo\u015bci warstw oraz w\u0142a\u015bciwo\u015bci i sta\u0142ych optycznych dedykowanym dla jednostek edukacyjnych. Jest to narz\u0119dzie idealne do prezentacji zasad i zaznaczenia\u00a0zjawiska\u00a0interferencji optycznych oraz jego zastosowa\u0144 w przemy\u015ble p\u00f3\u0142przewodnik\u00f3w oraz pow\u0142ok. Najwa\u017cniejsze cechy urz\u0105dzenia FR-Education Dedykowany dla jednostek edukacyjnych Niski koszt Oparty o podstawow\u0105 wersj\u0119 urz\u0105dzenia FR-Basic Ograniczony zakres mierzonej [&hellip;]<\/p>\n","protected":false},"author":2,"featured_media":0,"parent":1079,"menu_order":0,"comment_status":"closed","ping_status":"closed","template":"","meta":{"_et_pb_use_builder":"on","_et_pb_old_content":"","_et_gb_content_width":"","footnotes":""},"class_list":["post-1603","page","type-page","status-publish","hentry"],"yoast_head":"<!-- This site is optimized with the Yoast SEO plugin v27.4 - https:\/\/yoast.com\/product\/yoast-seo-wordpress\/ -->\n<title>Analiza grubo\u015bci warstw FR-Education - Measline<\/title>\n<meta name=\"description\" content=\"urz\u0105dzenie jest przeznaczone do analizy grubo\u015bci warstw oraz w\u0142a\u015bciwo\u015bci i sta\u0142ych optycznych dedykowane dla jednostek edukacyjnych.\" \/>\n<meta name=\"robots\" content=\"index, follow, max-snippet:-1, max-image-preview:large, max-video-preview:-1\" \/>\n<link rel=\"canonical\" href=\"https:\/\/measline.com\/index.php\/pl\/measline\/produkty\/pomiar_grubosci_warstw\/fr-education-3\/\" \/>\n<meta property=\"og:locale\" content=\"pl_PL\" \/>\n<meta property=\"og:type\" content=\"article\" \/>\n<meta property=\"og:title\" content=\"Analiza grubo\u015bci warstw FR-Education - Measline\" \/>\n<meta property=\"og:description\" content=\"urz\u0105dzenie jest przeznaczone do analizy grubo\u015bci warstw oraz w\u0142a\u015bciwo\u015bci i sta\u0142ych optycznych dedykowane dla jednostek edukacyjnych.\" \/>\n<meta property=\"og:url\" content=\"https:\/\/measline.com\/index.php\/pl\/measline\/produkty\/pomiar_grubosci_warstw\/fr-education-3\/\" \/>\n<meta property=\"og:site_name\" content=\"Measline\" \/>\n<meta property=\"article:modified_time\" content=\"2022-02-14T10:36:19+00:00\" \/>\n<meta name=\"twitter:card\" content=\"summary_large_image\" \/>\n<meta name=\"twitter:label1\" content=\"Szacowany czas czytania\" \/>\n\t<meta name=\"twitter:data1\" content=\"3 minuty\" \/>\n<script type=\"application\/ld+json\" class=\"yoast-schema-graph\">{\"@context\":\"https:\\\/\\\/schema.org\",\"@graph\":[{\"@type\":\"WebPage\",\"@id\":\"https:\\\/\\\/measline.com\\\/index.php\\\/pl\\\/measline\\\/produkty\\\/pomiar_grubosci_warstw\\\/fr-education-3\\\/\",\"url\":\"https:\\\/\\\/measline.com\\\/index.php\\\/pl\\\/measline\\\/produkty\\\/pomiar_grubosci_warstw\\\/fr-education-3\\\/\",\"name\":\"Analiza grubo\u015bci warstw FR-Education - Measline\",\"isPartOf\":{\"@id\":\"https:\\\/\\\/measline.com\\\/#website\"},\"datePublished\":\"2022-01-10T11:47:18+00:00\",\"dateModified\":\"2022-02-14T10:36:19+00:00\",\"description\":\"urz\u0105dzenie jest przeznaczone do analizy grubo\u015bci warstw oraz w\u0142a\u015bciwo\u015bci i sta\u0142ych optycznych dedykowane dla jednostek edukacyjnych.\",\"breadcrumb\":{\"@id\":\"https:\\\/\\\/measline.com\\\/index.php\\\/pl\\\/measline\\\/produkty\\\/pomiar_grubosci_warstw\\\/fr-education-3\\\/#breadcrumb\"},\"inLanguage\":\"pl-PL\",\"potentialAction\":[{\"@type\":\"ReadAction\",\"target\":[\"https:\\\/\\\/measline.com\\\/index.php\\\/pl\\\/measline\\\/produkty\\\/pomiar_grubosci_warstw\\\/fr-education-3\\\/\"]}]},{\"@type\":\"BreadcrumbList\",\"@id\":\"https:\\\/\\\/measline.com\\\/index.php\\\/pl\\\/measline\\\/produkty\\\/pomiar_grubosci_warstw\\\/fr-education-3\\\/#breadcrumb\",\"itemListElement\":[{\"@type\":\"ListItem\",\"position\":1,\"name\":\"Strona g\u0142\u00f3wna\",\"item\":\"https:\\\/\\\/measline.com\\\/index.php\\\/pl\\\/\"},{\"@type\":\"ListItem\",\"position\":2,\"name\":\"Strona g\u0142\u00f3wna\",\"item\":\"https:\\\/\\\/measline.com\\\/index.php\\\/pl\\\/\"},{\"@type\":\"ListItem\",\"position\":3,\"name\":\"Produkty\",\"item\":\"https:\\\/\\\/measline.com\\\/index.php\\\/pl\\\/measline\\\/produkty\\\/\"},{\"@type\":\"ListItem\",\"position\":4,\"name\":\"Analiza grubo\u015bci cienkich warstw\",\"item\":\"https:\\\/\\\/measline.com\\\/index.php\\\/pl\\\/measline\\\/produkty\\\/pomiar_grubosci_warstw\\\/\"},{\"@type\":\"ListItem\",\"position\":5,\"name\":\"FR-Education\"}]},{\"@type\":\"WebSite\",\"@id\":\"https:\\\/\\\/measline.com\\\/#website\",\"url\":\"https:\\\/\\\/measline.com\\\/\",\"name\":\"Measline\",\"description\":\"Advanced solutions\",\"publisher\":{\"@id\":\"https:\\\/\\\/measline.com\\\/#organization\"},\"potentialAction\":[{\"@type\":\"SearchAction\",\"target\":{\"@type\":\"EntryPoint\",\"urlTemplate\":\"https:\\\/\\\/measline.com\\\/?s={search_term_string}\"},\"query-input\":{\"@type\":\"PropertyValueSpecification\",\"valueRequired\":true,\"valueName\":\"search_term_string\"}}],\"inLanguage\":\"pl-PL\"},{\"@type\":\"Organization\",\"@id\":\"https:\\\/\\\/measline.com\\\/#organization\",\"name\":\"Measline\",\"url\":\"https:\\\/\\\/measline.com\\\/\",\"logo\":{\"@type\":\"ImageObject\",\"inLanguage\":\"pl-PL\",\"@id\":\"https:\\\/\\\/measline.com\\\/#\\\/schema\\\/logo\\\/image\\\/\",\"url\":\"https:\\\/\\\/measline.com\\\/wp-content\\\/uploads\\\/2021\\\/11\\\/logo_color_small.png.png\",\"contentUrl\":\"https:\\\/\\\/measline.com\\\/wp-content\\\/uploads\\\/2021\\\/11\\\/logo_color_small.png.png\",\"width\":1000,\"height\":417,\"caption\":\"Measline\"},\"image\":{\"@id\":\"https:\\\/\\\/measline.com\\\/#\\\/schema\\\/logo\\\/image\\\/\"}}]}<\/script>\n<!-- \/ Yoast SEO plugin. -->","yoast_head_json":{"title":"Analiza grubo\u015bci warstw FR-Education - Measline","description":"urz\u0105dzenie jest przeznaczone do analizy grubo\u015bci warstw oraz w\u0142a\u015bciwo\u015bci i sta\u0142ych optycznych dedykowane dla jednostek edukacyjnych.","robots":{"index":"index","follow":"follow","max-snippet":"max-snippet:-1","max-image-preview":"max-image-preview:large","max-video-preview":"max-video-preview:-1"},"canonical":"https:\/\/measline.com\/index.php\/pl\/measline\/produkty\/pomiar_grubosci_warstw\/fr-education-3\/","og_locale":"pl_PL","og_type":"article","og_title":"Analiza grubo\u015bci warstw FR-Education - Measline","og_description":"urz\u0105dzenie jest przeznaczone do analizy grubo\u015bci warstw oraz w\u0142a\u015bciwo\u015bci i sta\u0142ych optycznych dedykowane dla jednostek edukacyjnych.","og_url":"https:\/\/measline.com\/index.php\/pl\/measline\/produkty\/pomiar_grubosci_warstw\/fr-education-3\/","og_site_name":"Measline","article_modified_time":"2022-02-14T10:36:19+00:00","twitter_card":"summary_large_image","twitter_misc":{"Szacowany czas czytania":"3 minuty"},"schema":{"@context":"https:\/\/schema.org","@graph":[{"@type":"WebPage","@id":"https:\/\/measline.com\/index.php\/pl\/measline\/produkty\/pomiar_grubosci_warstw\/fr-education-3\/","url":"https:\/\/measline.com\/index.php\/pl\/measline\/produkty\/pomiar_grubosci_warstw\/fr-education-3\/","name":"Analiza grubo\u015bci warstw FR-Education - Measline","isPartOf":{"@id":"https:\/\/measline.com\/#website"},"datePublished":"2022-01-10T11:47:18+00:00","dateModified":"2022-02-14T10:36:19+00:00","description":"urz\u0105dzenie jest przeznaczone do analizy grubo\u015bci warstw oraz w\u0142a\u015bciwo\u015bci i sta\u0142ych optycznych dedykowane dla jednostek edukacyjnych.","breadcrumb":{"@id":"https:\/\/measline.com\/index.php\/pl\/measline\/produkty\/pomiar_grubosci_warstw\/fr-education-3\/#breadcrumb"},"inLanguage":"pl-PL","potentialAction":[{"@type":"ReadAction","target":["https:\/\/measline.com\/index.php\/pl\/measline\/produkty\/pomiar_grubosci_warstw\/fr-education-3\/"]}]},{"@type":"BreadcrumbList","@id":"https:\/\/measline.com\/index.php\/pl\/measline\/produkty\/pomiar_grubosci_warstw\/fr-education-3\/#breadcrumb","itemListElement":[{"@type":"ListItem","position":1,"name":"Strona g\u0142\u00f3wna","item":"https:\/\/measline.com\/index.php\/pl\/"},{"@type":"ListItem","position":2,"name":"Strona g\u0142\u00f3wna","item":"https:\/\/measline.com\/index.php\/pl\/"},{"@type":"ListItem","position":3,"name":"Produkty","item":"https:\/\/measline.com\/index.php\/pl\/measline\/produkty\/"},{"@type":"ListItem","position":4,"name":"Analiza grubo\u015bci cienkich warstw","item":"https:\/\/measline.com\/index.php\/pl\/measline\/produkty\/pomiar_grubosci_warstw\/"},{"@type":"ListItem","position":5,"name":"FR-Education"}]},{"@type":"WebSite","@id":"https:\/\/measline.com\/#website","url":"https:\/\/measline.com\/","name":"Measline","description":"Advanced solutions","publisher":{"@id":"https:\/\/measline.com\/#organization"},"potentialAction":[{"@type":"SearchAction","target":{"@type":"EntryPoint","urlTemplate":"https:\/\/measline.com\/?s={search_term_string}"},"query-input":{"@type":"PropertyValueSpecification","valueRequired":true,"valueName":"search_term_string"}}],"inLanguage":"pl-PL"},{"@type":"Organization","@id":"https:\/\/measline.com\/#organization","name":"Measline","url":"https:\/\/measline.com\/","logo":{"@type":"ImageObject","inLanguage":"pl-PL","@id":"https:\/\/measline.com\/#\/schema\/logo\/image\/","url":"https:\/\/measline.com\/wp-content\/uploads\/2021\/11\/logo_color_small.png.png","contentUrl":"https:\/\/measline.com\/wp-content\/uploads\/2021\/11\/logo_color_small.png.png","width":1000,"height":417,"caption":"Measline"},"image":{"@id":"https:\/\/measline.com\/#\/schema\/logo\/image\/"}}]}},"_links":{"self":[{"href":"https:\/\/measline.com\/index.php\/wp-json\/wp\/v2\/pages\/1603","targetHints":{"allow":["GET"]}}],"collection":[{"href":"https:\/\/measline.com\/index.php\/wp-json\/wp\/v2\/pages"}],"about":[{"href":"https:\/\/measline.com\/index.php\/wp-json\/wp\/v2\/types\/page"}],"author":[{"embeddable":true,"href":"https:\/\/measline.com\/index.php\/wp-json\/wp\/v2\/users\/2"}],"replies":[{"embeddable":true,"href":"https:\/\/measline.com\/index.php\/wp-json\/wp\/v2\/comments?post=1603"}],"version-history":[{"count":18,"href":"https:\/\/measline.com\/index.php\/wp-json\/wp\/v2\/pages\/1603\/revisions"}],"predecessor-version":[{"id":2858,"href":"https:\/\/measline.com\/index.php\/wp-json\/wp\/v2\/pages\/1603\/revisions\/2858"}],"up":[{"embeddable":true,"href":"https:\/\/measline.com\/index.php\/wp-json\/wp\/v2\/pages\/1079"}],"wp:attachment":[{"href":"https:\/\/measline.com\/index.php\/wp-json\/wp\/v2\/media?parent=1603"}],"curies":[{"name":"wp","href":"https:\/\/api.w.org\/{rel}","templated":true}]}}