{"id":1916,"date":"2022-01-20T09:59:18","date_gmt":"2022-01-20T08:59:18","guid":{"rendered":"http:\/\/measline.com\/\/?page_id=1916"},"modified":"2023-08-31T10:57:19","modified_gmt":"2023-08-31T08:57:19","slug":"firma-measline","status":"publish","type":"page","link":"https:\/\/measline.com\/index.php\/pl\/measline\/firma-measline\/","title":{"rendered":"Firma MeasLine"},"content":{"rendered":"<p>[et_pb_section fb_built=&#8221;1&#8243; _builder_version=&#8221;4.16&#8243; _module_preset=&#8221;default&#8221; use_background_color_gradient=&#8221;on&#8221; background_color_gradient_stops=&#8221;rgba(0,0,0,0.59) 0%|rgba(0,0,0,0.59) 100%&#8221; background_color_gradient_overlays_image=&#8221;on&#8221; background_color_gradient_start=&#8221;rgba(0,0,0,0.59)&#8221; background_color_gradient_end=&#8221;rgba(0,0,0,0.59)&#8221; background_image=&#8221;https:\/\/measline.com\/\/wp-content\/uploads\/2021\/12\/baner.jpg&#8221; min_height=&#8221;275px&#8221; custom_margin=&#8221;||-65px|||&#8221; custom_padding=&#8221;0px||0px||true|false&#8221; global_colors_info=&#8221;{}&#8221;][et_pb_row column_structure=&#8221;3_4,1_4&#8243; _builder_version=&#8221;4.16&#8243; _module_preset=&#8221;default&#8221; min_height=&#8221;173px&#8221; global_colors_info=&#8221;{}&#8221;][et_pb_column type=&#8221;3_4&#8243; _builder_version=&#8221;4.16&#8243; _module_preset=&#8221;default&#8221; global_colors_info=&#8221;{}&#8221;][et_pb_text _builder_version=&#8221;4.16&#8243; _module_preset=&#8221;default&#8221; min_height=&#8221;59px&#8221; custom_padding=&#8221;164px|||||&#8221; global_colors_info=&#8221;{}&#8221;]<\/p>\n<h1><strong><span style=\"color: #ffffff;\">O firmie MeasLine sp. z o.o.<\/span><\/strong><\/h1>\n<p>[\/et_pb_text][\/et_pb_column][et_pb_column type=&#8221;1_4&#8243; _builder_version=&#8221;4.16&#8243; _module_preset=&#8221;default&#8221; global_colors_info=&#8221;{}&#8221;][et_pb_search _builder_version=&#8221;4.16&#8243; _module_preset=&#8221;default&#8221; background_color=&#8221;#FFFFFF&#8221; custom_margin=&#8221;57px||||false|false&#8221; global_colors_info=&#8221;{}&#8221;][\/et_pb_search][\/et_pb_column][\/et_pb_row][\/et_pb_section][et_pb_section fb_built=&#8221;1&#8243; _builder_version=&#8221;4.16&#8243; _module_preset=&#8221;default&#8221; background_color=&#8221;#FFFFFF&#8221; custom_margin=&#8221;52px||0px||false|false&#8221; custom_padding=&#8221;||0px||false|false&#8221; global_colors_info=&#8221;{}&#8221;][et_pb_row _builder_version=&#8221;4.16&#8243; _module_preset=&#8221;default&#8221; global_colors_info=&#8221;{}&#8221;][et_pb_column type=&#8221;4_4&#8243; _builder_version=&#8221;4.16&#8243; _module_preset=&#8221;default&#8221; global_colors_info=&#8221;{}&#8221;][et_pb_text _builder_version=&#8221;4.16&#8243; _module_preset=&#8221;default&#8221; global_colors_info=&#8221;{}&#8221;]<\/p>\n<h3 style=\"text-align: justify;\">Projektowanie i produkcja zaawansowanej aparatury badawczo-pomiarowej<\/h3>\n<p style=\"text-align: justify;\">Dostarczamy urz\u0105dzenia najnowocze\u015bniejsze, zoptymalizowane pod k\u0105tem ceny i jako\u015bci. Bazuj\u0105c na pomys\u0142ach i \u017cyczeniach naszych klient\u00f3w opracowujemy kompleksowe rozwi\u0105zania pocz\u0105wszy od projektu, poprzez proces produkcyjny, a\u017c po ko\u0144cowe testy i udoskonalenia. Przez lata brali\u015bmy udzia\u0142 w wielu trudnych projektach i \u015bci\u015ble wsp\u00f3\u0142pracowali\u015bmy z wybitnymi naukowcami, aby zbudowa\u0107 nowy lub zmodyfikowa\u0107 istniej\u0105cy sprz\u0119t potrzebny do prowadzenia innowacyjnych bada\u0144 naukowych.<\/p>\n<p>[\/et_pb_text][et_pb_text _builder_version=&#8221;4.16&#8243; _module_preset=&#8221;default&#8221; global_colors_info=&#8221;{}&#8221;]<\/p>\n<h3 style=\"text-align: justify;\">Dostarczanie najwy\u017cszej jako\u015bci przyrz\u0105d\u00f3w i komponent\u00f3w pr\u00f3\u017cniowych<\/h3>\n<p style=\"text-align: justify;\">Oferujemy r\u00f3wnie\u017c bardziej standardowe przyrz\u0105dy lub komponenty, szczeg\u00f3lnie zwi\u0105zane z technologi\u0105 pr\u00f3\u017cniow\u0105 i technologi\u0105 osadzania warstw, takie jak specjalnie zaprojektowane komory pr\u00f3\u017cniowe, komponenty pr\u00f3\u017cniowe, m.in. krakery wodorowe, systemy nanoszenia pow\u0142ok umo\u017cliwiaj\u0105ce \u0142atw\u0105 integracj\u0119 z komorami r\u0119kawicowymi, automatyczny manipulator do pomiar\u00f3w elektrycznych z g\u0142owicami mikrofalowymi w silnym polu magnetycznym i wiele innych.<\/p>\n<p>[\/et_pb_text][et_pb_text _builder_version=&#8221;4.22.1&#8243; _module_preset=&#8221;default&#8221; hover_enabled=&#8221;0&#8243; global_colors_info=&#8221;{}&#8221; sticky_enabled=&#8221;0&#8243;]<\/p>\n<h3 style=\"text-align: justify;\">Dzia\u0142alno\u015b\u0107 edukacyjna i naukowa<\/h3>\n<p style=\"text-align: justify;\">Wa\u017cnym aspektem dzia\u0142alno\u015bci firmy jest r\u00f3wnie\u017c propagowanie wiedzy w zakresie technologii pr\u00f3\u017cniowej. Organizujemy Szko\u0142\u0119 Techniki Pr\u00f3\u017cniowej, kt\u00f3rej celem jest przekazanie zar\u00f3wno teoretycznej jak i praktycznej wiedzy niezb\u0119dnej do bezpiecznej obs\u0142ugi instalacji i urz\u0105dze\u0144 pr\u00f3\u017cniowych. Anga\u017cujemy si\u0119 tak\u017ce w kszta\u0142cenie student\u00f3w kierunku <a href=\"https:\/\/studia.uj.edu.pl\/kierunki\/wfais\/fizyka.firm\" target=\"_blank\" rel=\"noopener\">Fizyka dla firm<\/a>, prowadzonego na Uniwersytecie Jagiello\u0144skim. Wsp\u00f3\u0142pracujemy z jednostkami naukowymi m.in. <a href=\"https:\/\/fais.uj.edu.pl\/wspolpraca-z-podmiotami-zewnetrznymi\" target=\"_blank\" rel=\"noopener\">Wydzia\u0142em Fizyki, Astronomii i Informatyki Stosowanej Uniwersytetu Jagiello\u0144skiego<\/a> czy te\u017c z <a href=\"https:\/\/www.agh.edu.pl\/nauka\/info\/article\/gazary-ultralekkie-materialy-dla-przemyslu-kosmicznego-agh-i-imim-pan-zaciesniaja-wspolprace\/\" target=\"_blank\" rel=\"noopener\">Wydzia\u0142em Odlewnictwa Akademii G\u00f3rniczo-Hutniczej<\/a>. Wsp\u00f3lne projekty prowadz\u0105 do uzyskiwania wynik\u00f3w publikowanych w <a href=\"https:\/\/measline.com\/index.php\/2021\/12\/29\/zastosowanie-stacji-obrotowej-autorstwa-measline-w-badaniach-naukowych\/\" target=\"_blank\" rel=\"noopener\">dobrych czasopismach naukowych<\/a>. Ponadto nasze systemy s\u0105 niejednokrotnie przedmiotem ochrony <a href=\"https:\/\/measline.com\/index.php\/pl\/measline\/osiagniecia\/\" target=\"_blank\" rel=\"noopener\">patentowej<\/a>, a tak\u017ce ciecz\u0105 si\u0119 uznaniem podczas <a href=\"https:\/\/measline.com\/index.php\/pl\/measline\/osiagniecia\/\" target=\"_blank\" rel=\"noopener\">Targ\u00f3w Przemys\u0142owych<\/a>.<\/p>\n<p>[\/et_pb_text][\/et_pb_column][\/et_pb_row][\/et_pb_section][et_pb_section fb_built=&#8221;1&#8243; _builder_version=&#8221;4.16&#8243; _module_preset=&#8221;default&#8221; global_colors_info=&#8221;{}&#8221;][\/et_pb_section]<\/p>\n","protected":false},"excerpt":{"rendered":"<p>O firmie MeasLine sp. z o.o.Projektowanie i produkcja zaawansowanej aparatury badawczo-pomiarowej Dostarczamy urz\u0105dzenia najnowocze\u015bniejsze, zoptymalizowane pod k\u0105tem ceny i jako\u015bci. Bazuj\u0105c na pomys\u0142ach i \u017cyczeniach naszych klient\u00f3w opracowujemy kompleksowe rozwi\u0105zania pocz\u0105wszy od projektu, poprzez proces produkcyjny, a\u017c po ko\u0144cowe testy i udoskonalenia. Przez lata brali\u015bmy udzia\u0142 w wielu trudnych projektach i \u015bci\u015ble wsp\u00f3\u0142pracowali\u015bmy z wybitnymi [&hellip;]<\/p>\n","protected":false},"author":2,"featured_media":0,"parent":60,"menu_order":0,"comment_status":"closed","ping_status":"closed","template":"","meta":{"_et_pb_use_builder":"on","_et_pb_old_content":"","_et_gb_content_width":"","footnotes":""},"class_list":["post-1916","page","type-page","status-publish","hentry"],"yoast_head":"<!-- This site is optimized with the Yoast SEO plugin v27.5 - https:\/\/yoast.com\/product\/yoast-seo-wordpress\/ -->\n<title>O naszej firmie - Measline sp. z o.o.<\/title>\n<meta name=\"description\" content=\"Firma MeasLine zajmuje si\u0119 projektowaniem i produkcj\u0105 urz\u0105dze\u0144 badawczych i pomiarowych oraz dystrybucj\u0105 specjalistycznego sprz\u0119tu.\" \/>\n<meta name=\"robots\" content=\"index, follow, max-snippet:-1, max-image-preview:large, max-video-preview:-1\" \/>\n<link rel=\"canonical\" href=\"https:\/\/measline.com\/index.php\/pl\/measline\/firma-measline\/\" \/>\n<meta property=\"og:locale\" content=\"pl_PL\" \/>\n<meta property=\"og:type\" content=\"article\" \/>\n<meta property=\"og:title\" content=\"O naszej firmie - Measline sp. z o.o.\" \/>\n<meta property=\"og:description\" content=\"Firma MeasLine zajmuje si\u0119 projektowaniem i produkcj\u0105 urz\u0105dze\u0144 badawczych i pomiarowych oraz dystrybucj\u0105 specjalistycznego sprz\u0119tu.\" \/>\n<meta property=\"og:url\" content=\"https:\/\/measline.com\/index.php\/pl\/measline\/firma-measline\/\" \/>\n<meta property=\"og:site_name\" content=\"Measline\" \/>\n<meta property=\"article:modified_time\" content=\"2023-08-31T08:57:19+00:00\" \/>\n<meta name=\"twitter:card\" content=\"summary_large_image\" \/>\n<meta name=\"twitter:label1\" content=\"Szacowany czas czytania\" \/>\n\t<meta name=\"twitter:data1\" content=\"2 minuty\" \/>\n<script type=\"application\/ld+json\" class=\"yoast-schema-graph\">{\"@context\":\"https:\\\/\\\/schema.org\",\"@graph\":[{\"@type\":\"WebPage\",\"@id\":\"https:\\\/\\\/measline.com\\\/index.php\\\/pl\\\/measline\\\/firma-measline\\\/\",\"url\":\"https:\\\/\\\/measline.com\\\/index.php\\\/pl\\\/measline\\\/firma-measline\\\/\",\"name\":\"O naszej firmie - Measline sp. z o.o.\",\"isPartOf\":{\"@id\":\"https:\\\/\\\/measline.com\\\/#website\"},\"datePublished\":\"2022-01-20T08:59:18+00:00\",\"dateModified\":\"2023-08-31T08:57:19+00:00\",\"description\":\"Firma MeasLine zajmuje si\u0119 projektowaniem i produkcj\u0105 urz\u0105dze\u0144 badawczych i pomiarowych oraz dystrybucj\u0105 specjalistycznego sprz\u0119tu.\",\"breadcrumb\":{\"@id\":\"https:\\\/\\\/measline.com\\\/index.php\\\/pl\\\/measline\\\/firma-measline\\\/#breadcrumb\"},\"inLanguage\":\"pl-PL\",\"potentialAction\":[{\"@type\":\"ReadAction\",\"target\":[\"https:\\\/\\\/measline.com\\\/index.php\\\/pl\\\/measline\\\/firma-measline\\\/\"]}]},{\"@type\":\"BreadcrumbList\",\"@id\":\"https:\\\/\\\/measline.com\\\/index.php\\\/pl\\\/measline\\\/firma-measline\\\/#breadcrumb\",\"itemListElement\":[{\"@type\":\"ListItem\",\"position\":1,\"name\":\"Strona g\u0142\u00f3wna\",\"item\":\"https:\\\/\\\/measline.com\\\/index.php\\\/pl\\\/\"},{\"@type\":\"ListItem\",\"position\":2,\"name\":\"Strona g\u0142\u00f3wna\",\"item\":\"https:\\\/\\\/measline.com\\\/index.php\\\/pl\\\/\"},{\"@type\":\"ListItem\",\"position\":3,\"name\":\"Firma MeasLine\"}]},{\"@type\":\"WebSite\",\"@id\":\"https:\\\/\\\/measline.com\\\/#website\",\"url\":\"https:\\\/\\\/measline.com\\\/\",\"name\":\"Measline\",\"description\":\"Advanced solutions\",\"publisher\":{\"@id\":\"https:\\\/\\\/measline.com\\\/#organization\"},\"potentialAction\":[{\"@type\":\"SearchAction\",\"target\":{\"@type\":\"EntryPoint\",\"urlTemplate\":\"https:\\\/\\\/measline.com\\\/?s={search_term_string}\"},\"query-input\":{\"@type\":\"PropertyValueSpecification\",\"valueRequired\":true,\"valueName\":\"search_term_string\"}}],\"inLanguage\":\"pl-PL\"},{\"@type\":\"Organization\",\"@id\":\"https:\\\/\\\/measline.com\\\/#organization\",\"name\":\"Measline\",\"url\":\"https:\\\/\\\/measline.com\\\/\",\"logo\":{\"@type\":\"ImageObject\",\"inLanguage\":\"pl-PL\",\"@id\":\"https:\\\/\\\/measline.com\\\/#\\\/schema\\\/logo\\\/image\\\/\",\"url\":\"https:\\\/\\\/measline.com\\\/wp-content\\\/uploads\\\/2021\\\/11\\\/logo_color_small.png.png\",\"contentUrl\":\"https:\\\/\\\/measline.com\\\/wp-content\\\/uploads\\\/2021\\\/11\\\/logo_color_small.png.png\",\"width\":1000,\"height\":417,\"caption\":\"Measline\"},\"image\":{\"@id\":\"https:\\\/\\\/measline.com\\\/#\\\/schema\\\/logo\\\/image\\\/\"}}]}<\/script>\n<!-- \/ Yoast SEO plugin. -->","yoast_head_json":{"title":"O naszej firmie - Measline sp. z o.o.","description":"Firma MeasLine zajmuje si\u0119 projektowaniem i produkcj\u0105 urz\u0105dze\u0144 badawczych i pomiarowych oraz dystrybucj\u0105 specjalistycznego sprz\u0119tu.","robots":{"index":"index","follow":"follow","max-snippet":"max-snippet:-1","max-image-preview":"max-image-preview:large","max-video-preview":"max-video-preview:-1"},"canonical":"https:\/\/measline.com\/index.php\/pl\/measline\/firma-measline\/","og_locale":"pl_PL","og_type":"article","og_title":"O naszej firmie - Measline sp. z o.o.","og_description":"Firma MeasLine zajmuje si\u0119 projektowaniem i produkcj\u0105 urz\u0105dze\u0144 badawczych i pomiarowych oraz dystrybucj\u0105 specjalistycznego sprz\u0119tu.","og_url":"https:\/\/measline.com\/index.php\/pl\/measline\/firma-measline\/","og_site_name":"Measline","article_modified_time":"2023-08-31T08:57:19+00:00","twitter_card":"summary_large_image","twitter_misc":{"Szacowany czas czytania":"2 minuty"},"schema":{"@context":"https:\/\/schema.org","@graph":[{"@type":"WebPage","@id":"https:\/\/measline.com\/index.php\/pl\/measline\/firma-measline\/","url":"https:\/\/measline.com\/index.php\/pl\/measline\/firma-measline\/","name":"O naszej firmie - Measline sp. z o.o.","isPartOf":{"@id":"https:\/\/measline.com\/#website"},"datePublished":"2022-01-20T08:59:18+00:00","dateModified":"2023-08-31T08:57:19+00:00","description":"Firma MeasLine zajmuje si\u0119 projektowaniem i produkcj\u0105 urz\u0105dze\u0144 badawczych i pomiarowych oraz dystrybucj\u0105 specjalistycznego sprz\u0119tu.","breadcrumb":{"@id":"https:\/\/measline.com\/index.php\/pl\/measline\/firma-measline\/#breadcrumb"},"inLanguage":"pl-PL","potentialAction":[{"@type":"ReadAction","target":["https:\/\/measline.com\/index.php\/pl\/measline\/firma-measline\/"]}]},{"@type":"BreadcrumbList","@id":"https:\/\/measline.com\/index.php\/pl\/measline\/firma-measline\/#breadcrumb","itemListElement":[{"@type":"ListItem","position":1,"name":"Strona g\u0142\u00f3wna","item":"https:\/\/measline.com\/index.php\/pl\/"},{"@type":"ListItem","position":2,"name":"Strona g\u0142\u00f3wna","item":"https:\/\/measline.com\/index.php\/pl\/"},{"@type":"ListItem","position":3,"name":"Firma MeasLine"}]},{"@type":"WebSite","@id":"https:\/\/measline.com\/#website","url":"https:\/\/measline.com\/","name":"Measline","description":"Advanced solutions","publisher":{"@id":"https:\/\/measline.com\/#organization"},"potentialAction":[{"@type":"SearchAction","target":{"@type":"EntryPoint","urlTemplate":"https:\/\/measline.com\/?s={search_term_string}"},"query-input":{"@type":"PropertyValueSpecification","valueRequired":true,"valueName":"search_term_string"}}],"inLanguage":"pl-PL"},{"@type":"Organization","@id":"https:\/\/measline.com\/#organization","name":"Measline","url":"https:\/\/measline.com\/","logo":{"@type":"ImageObject","inLanguage":"pl-PL","@id":"https:\/\/measline.com\/#\/schema\/logo\/image\/","url":"https:\/\/measline.com\/wp-content\/uploads\/2021\/11\/logo_color_small.png.png","contentUrl":"https:\/\/measline.com\/wp-content\/uploads\/2021\/11\/logo_color_small.png.png","width":1000,"height":417,"caption":"Measline"},"image":{"@id":"https:\/\/measline.com\/#\/schema\/logo\/image\/"}}]}},"_links":{"self":[{"href":"https:\/\/measline.com\/index.php\/wp-json\/wp\/v2\/pages\/1916","targetHints":{"allow":["GET"]}}],"collection":[{"href":"https:\/\/measline.com\/index.php\/wp-json\/wp\/v2\/pages"}],"about":[{"href":"https:\/\/measline.com\/index.php\/wp-json\/wp\/v2\/types\/page"}],"author":[{"embeddable":true,"href":"https:\/\/measline.com\/index.php\/wp-json\/wp\/v2\/users\/2"}],"replies":[{"embeddable":true,"href":"https:\/\/measline.com\/index.php\/wp-json\/wp\/v2\/comments?post=1916"}],"version-history":[{"count":12,"href":"https:\/\/measline.com\/index.php\/wp-json\/wp\/v2\/pages\/1916\/revisions"}],"predecessor-version":[{"id":4503,"href":"https:\/\/measline.com\/index.php\/wp-json\/wp\/v2\/pages\/1916\/revisions\/4503"}],"up":[{"embeddable":true,"href":"https:\/\/measline.com\/index.php\/wp-json\/wp\/v2\/pages\/60"}],"wp:attachment":[{"href":"https:\/\/measline.com\/index.php\/wp-json\/wp\/v2\/media?parent=1916"}],"curies":[{"name":"wp","href":"https:\/\/api.w.org\/{rel}","templated":true}]}}