{"id":1976,"date":"2022-01-28T11:55:04","date_gmt":"2022-01-28T10:55:04","guid":{"rendered":"http:\/\/measline.com\/\/?page_id=1976"},"modified":"2022-04-07T14:49:35","modified_gmt":"2022-04-07T12:49:35","slug":"harmonogram-zajec","status":"publish","type":"page","link":"https:\/\/measline.com\/index.php\/pl\/measline\/szkolenia\/vi-stp\/harmonogram-zajec\/","title":{"rendered":"Harmonogram zaj\u0119\u0107"},"content":{"rendered":"<p>[et_pb_section fb_built=&#8221;1&#8243; fullwidth=&#8221;on&#8221; _builder_version=&#8221;4.16&#8243; _module_preset=&#8221;default&#8221; global_colors_info=&#8221;{}&#8221;][et_pb_fullwidth_image src=&#8221;https:\/\/measline.com\/\/wp-content\/uploads\/2022\/01\/Baner.jpg&#8221; title_text=&#8221;Baner&#8221; _builder_version=&#8221;4.16&#8243; _module_preset=&#8221;default&#8221; global_colors_info=&#8221;{}&#8221;][\/et_pb_fullwidth_image][\/et_pb_section][et_pb_section fb_built=&#8221;1&#8243; _builder_version=&#8221;4.16&#8243; _module_preset=&#8221;default&#8221; min_height=&#8221;113px&#8221; global_colors_info=&#8221;{}&#8221;][et_pb_row _builder_version=&#8221;4.16&#8243; _module_preset=&#8221;default&#8221; global_colors_info=&#8221;{}&#8221;][et_pb_column type=&#8221;4_4&#8243; _builder_version=&#8221;4.16&#8243; _module_preset=&#8221;default&#8221; global_colors_info=&#8221;{}&#8221;][et_pb_menu menu_id=&#8221;55&#8243; menu_style=&#8221;centered&#8221; active_link_color=&#8221;#000000&#8243; _builder_version=&#8221;4.16&#8243; _module_preset=&#8221;default&#8221; menu_font=&#8221;Asap Condensed|||on|||||&#8221; menu_font_size=&#8221;16px&#8221; global_colors_info=&#8221;{}&#8221;][\/et_pb_menu][\/et_pb_column][\/et_pb_row][\/et_pb_section][et_pb_section fb_built=&#8221;1&#8243; _builder_version=&#8221;4.16&#8243; _module_preset=&#8221;default&#8221; global_colors_info=&#8221;{}&#8221;][et_pb_row _builder_version=&#8221;4.16&#8243; _module_preset=&#8221;default&#8221; global_colors_info=&#8221;{}&#8221;][et_pb_column type=&#8221;4_4&#8243; _builder_version=&#8221;4.16&#8243; _module_preset=&#8221;default&#8221; global_colors_info=&#8221;{}&#8221;][et_pb_text _builder_version=&#8221;4.16.1&#8243; _module_preset=&#8221;default&#8221; hover_enabled=&#8221;0&#8243; global_colors_info=&#8221;{}&#8221; sticky_enabled=&#8221;0&#8243;]<\/p>\n<table border=\"1\" style=\"border-collapse: collapse; width: 100%; height: 288px;\">\n<tbody>\n<tr style=\"height: 24px;\">\n<td style=\"width: 33.3334%; height: 24px; text-align: center;\" colspan=\"2\"><strong>Dzie\u0144 1 &#8211; poniedzia\u0142ek 4.07.2022<\/strong><\/td>\n<td style=\"width: 33.3334%; height: 24px; text-align: center;\" colspan=\"2\"><strong>Dzie\u0144 2 &#8211; wtorek 5.07.2022<\/strong><\/td>\n<\/tr>\n<tr style=\"height: 48px;\">\n<td style=\"width: 1.95533%; height: 48px;\">9:00<\/td>\n<td style=\"width: 31.3781%; height: 48px;\">Rozpocz\u0119cie VI Szko\u0142y Techniki Pr\u00f3\u017cniowej<\/td>\n<td style=\"width: 3.07266%; height: 48px;\">9:00<\/td>\n<td style=\"width: 30.2607%; height: 48px;\">Odpompowanie kom\u00f3r pr\u00f3\u017cniowych \u2013 dob\u00f3r pomp pr\u00f3\u017cniowych<\/td>\n<\/tr>\n<tr style=\"height: 48px;\">\n<td style=\"width: 1.95533%; height: 48px;\">9:10<\/td>\n<td style=\"width: 31.3781%; height: 48px;\">Technika pr\u00f3\u017cniowa \u2013 podstawowe poj\u0119cia<\/td>\n<td style=\"width: 3.07266%; height: 48px;\">9:45<\/td>\n<td style=\"width: 30.2607%; height: 48px;\">Spektrometry masowe<\/td>\n<\/tr>\n<tr style=\"height: 24px; background-color: #ededed;\">\n<td style=\"width: 1.95533%; height: 24px;\">10:40<\/td>\n<td style=\"width: 31.3781%; height: 24px;\">Przerwa kawowa<\/td>\n<td style=\"width: 3.07266%; height: 24px;\">10:40<\/td>\n<td style=\"width: 30.2607%; height: 24px;\">Przerwa kawowa<\/td>\n<\/tr>\n<tr style=\"height: 24px;\">\n<td style=\"width: 1.95533%; height: 24px;\" rowspan=\"2\">11:10<\/td>\n<td style=\"width: 31.3781%; height: 24px;\" rowspan=\"2\">Wytwarzanie pr\u00f3\u017cni \u2013 pompy pr\u00f3\u017cni wst\u0119pnej<\/td>\n<td style=\"width: 3.07266%; height: 24px;\">11:10<\/td>\n<td style=\"width: 30.2607%; height: 48px;\">Komponenty pr\u00f3\u017cniowe<\/td>\n<\/tr>\n<tr style=\"height: 24px;\">\n<td style=\"width: 3.07266%; height: 24px;\">12:20<\/td>\n<td style=\"width: 30.2607%; height: 48px;\">Pu\u0142apki, filtry oraz pompy specjalne<\/td>\n<\/tr>\n<tr style=\"height: 24px; background-color: #ededed;\">\n<td style=\"width: 1.95533%; height: 24px;\">12:50<\/td>\n<td style=\"width: 31.3781%; height: 24px;\">Przerwa obiadowa<\/td>\n<td style=\"width: 3.07266%; height: 24px;\">12:50<\/td>\n<td style=\"width: 30.2607%; height: 24px;\">Przerwa obiadowa<\/td>\n<\/tr>\n<tr style=\"height: 24px;\">\n<td style=\"width: 1.95533%; height: 24px;\" rowspan=\"2\">14:00<\/td>\n<td style=\"width: 31.3781%; height: 24px;\" rowspan=\"2\">Pompy pr\u00f3\u017cni wysokiej i UHV<\/td>\n<td style=\"width: 3.07266%; height: 24px;\">14:00<\/td>\n<td style=\"width: 30.2607%; height: 24px;\">Detekcja nieszczelno\u015bci<\/td>\n<\/tr>\n<tr style=\"height: 24px;\">\n<td style=\"width: 3.07266%; height: 24px;\">15:10<\/td>\n<td style=\"width: 30.2607%; height: 24px;\">Test<\/td>\n<\/tr>\n<tr style=\"height: 24px; background-color: #ededed;\">\n<td style=\"width: 1.95533%; height: 24px;\">15:40<\/td>\n<td style=\"width: 31.3781%; height: 24px;\">Przerwa kawowa<\/td>\n<td style=\"width: 3.07266%; height: 24px;\">15:40<\/td>\n<td style=\"width: 30.2607%; height: 24px;\">Przerwa kawowa<\/td>\n<\/tr>\n<tr style=\"height: 24px;\">\n<td style=\"width: 1.95533%; height: 24px;\">16:10<\/td>\n<td style=\"width: 31.3781%; height: 24px;\">Pomiar pr\u00f3\u017cni wraz z om\u00f3wieniem spektrometr\u00f3w masowych<\/td>\n<td style=\"width: 3.07266%; height: 24px;\">16:10<\/td>\n<td style=\"width: 30.2607%; height: 24px;\">Om\u00f3wienie temat\u00f3w zg\u0142aszanych przez Uczestnik\u00f3w<\/td>\n<\/tr>\n<tr style=\"height: 24px;\">\n<td style=\"width: 1.95533%; height: 24px;\">18:00<\/td>\n<td style=\"width: 31.3781%; height: 24px;\">Zako\u0144czenie 1. dnia Szko\u0142y<\/td>\n<td style=\"width: 3.07266%; height: 24px;\">17:25<\/td>\n<td style=\"width: 30.2607%; height: 24px;\">Wr\u0119czenie dyplom\u00f3w uko\u0144czenia oraz zako\u0144czenie Szko\u0142y<\/td>\n<\/tr>\n<\/tbody>\n<\/table>\n<p>[\/et_pb_text][\/et_pb_column][\/et_pb_row][\/et_pb_section][et_pb_section fb_built=&#8221;1&#8243; _builder_version=&#8221;4.16&#8243; _module_preset=&#8221;default&#8221; custom_padding=&#8221;0px|||||&#8221; global_colors_info=&#8221;{}&#8221;][\/et_pb_section]<\/p>\n","protected":false},"excerpt":{"rendered":"<p>Dzie\u0144 1 &#8211; poniedzia\u0142ek 4.07.2022 Dzie\u0144 2 &#8211; wtorek 5.07.2022 9:00 Rozpocz\u0119cie VI Szko\u0142y Techniki Pr\u00f3\u017cniowej 9:00 Odpompowanie kom\u00f3r pr\u00f3\u017cniowych \u2013 dob\u00f3r pomp pr\u00f3\u017cniowych 9:10 Technika pr\u00f3\u017cniowa \u2013 podstawowe poj\u0119cia 9:45 Spektrometry masowe 10:40 Przerwa kawowa 10:40 Przerwa kawowa 11:10 Wytwarzanie pr\u00f3\u017cni \u2013 pompy pr\u00f3\u017cni wst\u0119pnej 11:10 Komponenty pr\u00f3\u017cniowe 12:20 Pu\u0142apki, filtry oraz pompy specjalne [&hellip;]<\/p>\n","protected":false},"author":2,"featured_media":0,"parent":1962,"menu_order":0,"comment_status":"closed","ping_status":"closed","template":"","meta":{"_et_pb_use_builder":"on","_et_pb_old_content":"","_et_gb_content_width":"","footnotes":""},"class_list":["post-1976","page","type-page","status-publish","hentry"],"yoast_head":"<!-- This site is optimized with the Yoast SEO plugin v27.4 - https:\/\/yoast.com\/product\/yoast-seo-wordpress\/ -->\n<title>Harmonogram zaj\u0119\u0107 - Measline<\/title>\n<meta name=\"robots\" content=\"index, follow, max-snippet:-1, max-image-preview:large, max-video-preview:-1\" \/>\n<link rel=\"canonical\" href=\"https:\/\/measline.com\/index.php\/pl\/measline\/szkolenia\/vi-stp\/harmonogram-zajec\/\" \/>\n<meta property=\"og:locale\" content=\"pl_PL\" \/>\n<meta property=\"og:type\" content=\"article\" \/>\n<meta property=\"og:title\" content=\"Harmonogram zaj\u0119\u0107 - Measline\" \/>\n<meta property=\"og:description\" content=\"Dzie\u0144 1 - poniedzia\u0142ek 4.07.2022 Dzie\u0144 2 - wtorek 5.07.2022 9:00 Rozpocz\u0119cie VI Szko\u0142y Techniki Pr\u00f3\u017cniowej 9:00 Odpompowanie kom\u00f3r pr\u00f3\u017cniowych \u2013 dob\u00f3r pomp pr\u00f3\u017cniowych 9:10 Technika pr\u00f3\u017cniowa \u2013 podstawowe poj\u0119cia 9:45 Spektrometry masowe 10:40 Przerwa kawowa 10:40 Przerwa kawowa 11:10 Wytwarzanie pr\u00f3\u017cni \u2013 pompy pr\u00f3\u017cni wst\u0119pnej 11:10 Komponenty pr\u00f3\u017cniowe 12:20 Pu\u0142apki, filtry oraz pompy specjalne [&hellip;]\" \/>\n<meta property=\"og:url\" content=\"https:\/\/measline.com\/index.php\/pl\/measline\/szkolenia\/vi-stp\/harmonogram-zajec\/\" \/>\n<meta property=\"og:site_name\" content=\"Measline\" \/>\n<meta property=\"article:modified_time\" content=\"2022-04-07T12:49:35+00:00\" \/>\n<meta name=\"twitter:card\" content=\"summary_large_image\" \/>\n<meta name=\"twitter:label1\" content=\"Szacowany czas czytania\" \/>\n\t<meta name=\"twitter:data1\" content=\"1 minuta\" \/>\n<script type=\"application\/ld+json\" class=\"yoast-schema-graph\">{\"@context\":\"https:\\\/\\\/schema.org\",\"@graph\":[{\"@type\":\"WebPage\",\"@id\":\"https:\\\/\\\/measline.com\\\/index.php\\\/pl\\\/measline\\\/szkolenia\\\/vi-stp\\\/harmonogram-zajec\\\/\",\"url\":\"https:\\\/\\\/measline.com\\\/index.php\\\/pl\\\/measline\\\/szkolenia\\\/vi-stp\\\/harmonogram-zajec\\\/\",\"name\":\"Harmonogram zaj\u0119\u0107 - Measline\",\"isPartOf\":{\"@id\":\"https:\\\/\\\/measline.com\\\/#website\"},\"datePublished\":\"2022-01-28T10:55:04+00:00\",\"dateModified\":\"2022-04-07T12:49:35+00:00\",\"breadcrumb\":{\"@id\":\"https:\\\/\\\/measline.com\\\/index.php\\\/pl\\\/measline\\\/szkolenia\\\/vi-stp\\\/harmonogram-zajec\\\/#breadcrumb\"},\"inLanguage\":\"pl-PL\",\"potentialAction\":[{\"@type\":\"ReadAction\",\"target\":[\"https:\\\/\\\/measline.com\\\/index.php\\\/pl\\\/measline\\\/szkolenia\\\/vi-stp\\\/harmonogram-zajec\\\/\"]}]},{\"@type\":\"BreadcrumbList\",\"@id\":\"https:\\\/\\\/measline.com\\\/index.php\\\/pl\\\/measline\\\/szkolenia\\\/vi-stp\\\/harmonogram-zajec\\\/#breadcrumb\",\"itemListElement\":[{\"@type\":\"ListItem\",\"position\":1,\"name\":\"Strona g\u0142\u00f3wna\",\"item\":\"https:\\\/\\\/measline.com\\\/index.php\\\/pl\\\/\"},{\"@type\":\"ListItem\",\"position\":2,\"name\":\"Strona g\u0142\u00f3wna\",\"item\":\"https:\\\/\\\/measline.com\\\/index.php\\\/pl\\\/\"},{\"@type\":\"ListItem\",\"position\":3,\"name\":\"Szkolenia\",\"item\":\"https:\\\/\\\/measline.com\\\/index.php\\\/pl\\\/measline\\\/szkolenia\\\/\"},{\"@type\":\"ListItem\",\"position\":4,\"name\":\"VI STP\",\"item\":\"https:\\\/\\\/measline.com\\\/index.php\\\/pl\\\/measline\\\/szkolenia\\\/vi-stp\\\/\"},{\"@type\":\"ListItem\",\"position\":5,\"name\":\"Harmonogram zaj\u0119\u0107\"}]},{\"@type\":\"WebSite\",\"@id\":\"https:\\\/\\\/measline.com\\\/#website\",\"url\":\"https:\\\/\\\/measline.com\\\/\",\"name\":\"Measline\",\"description\":\"Advanced solutions\",\"publisher\":{\"@id\":\"https:\\\/\\\/measline.com\\\/#organization\"},\"potentialAction\":[{\"@type\":\"SearchAction\",\"target\":{\"@type\":\"EntryPoint\",\"urlTemplate\":\"https:\\\/\\\/measline.com\\\/?s={search_term_string}\"},\"query-input\":{\"@type\":\"PropertyValueSpecification\",\"valueRequired\":true,\"valueName\":\"search_term_string\"}}],\"inLanguage\":\"pl-PL\"},{\"@type\":\"Organization\",\"@id\":\"https:\\\/\\\/measline.com\\\/#organization\",\"name\":\"Measline\",\"url\":\"https:\\\/\\\/measline.com\\\/\",\"logo\":{\"@type\":\"ImageObject\",\"inLanguage\":\"pl-PL\",\"@id\":\"https:\\\/\\\/measline.com\\\/#\\\/schema\\\/logo\\\/image\\\/\",\"url\":\"https:\\\/\\\/measline.com\\\/wp-content\\\/uploads\\\/2021\\\/11\\\/logo_color_small.png.png\",\"contentUrl\":\"https:\\\/\\\/measline.com\\\/wp-content\\\/uploads\\\/2021\\\/11\\\/logo_color_small.png.png\",\"width\":1000,\"height\":417,\"caption\":\"Measline\"},\"image\":{\"@id\":\"https:\\\/\\\/measline.com\\\/#\\\/schema\\\/logo\\\/image\\\/\"}}]}<\/script>\n<!-- \/ Yoast SEO plugin. -->","yoast_head_json":{"title":"Harmonogram zaj\u0119\u0107 - Measline","robots":{"index":"index","follow":"follow","max-snippet":"max-snippet:-1","max-image-preview":"max-image-preview:large","max-video-preview":"max-video-preview:-1"},"canonical":"https:\/\/measline.com\/index.php\/pl\/measline\/szkolenia\/vi-stp\/harmonogram-zajec\/","og_locale":"pl_PL","og_type":"article","og_title":"Harmonogram zaj\u0119\u0107 - Measline","og_description":"Dzie\u0144 1 - poniedzia\u0142ek 4.07.2022 Dzie\u0144 2 - wtorek 5.07.2022 9:00 Rozpocz\u0119cie VI Szko\u0142y Techniki Pr\u00f3\u017cniowej 9:00 Odpompowanie kom\u00f3r pr\u00f3\u017cniowych \u2013 dob\u00f3r pomp pr\u00f3\u017cniowych 9:10 Technika pr\u00f3\u017cniowa \u2013 podstawowe poj\u0119cia 9:45 Spektrometry masowe 10:40 Przerwa kawowa 10:40 Przerwa kawowa 11:10 Wytwarzanie pr\u00f3\u017cni \u2013 pompy pr\u00f3\u017cni wst\u0119pnej 11:10 Komponenty pr\u00f3\u017cniowe 12:20 Pu\u0142apki, filtry oraz pompy specjalne [&hellip;]","og_url":"https:\/\/measline.com\/index.php\/pl\/measline\/szkolenia\/vi-stp\/harmonogram-zajec\/","og_site_name":"Measline","article_modified_time":"2022-04-07T12:49:35+00:00","twitter_card":"summary_large_image","twitter_misc":{"Szacowany czas czytania":"1 minuta"},"schema":{"@context":"https:\/\/schema.org","@graph":[{"@type":"WebPage","@id":"https:\/\/measline.com\/index.php\/pl\/measline\/szkolenia\/vi-stp\/harmonogram-zajec\/","url":"https:\/\/measline.com\/index.php\/pl\/measline\/szkolenia\/vi-stp\/harmonogram-zajec\/","name":"Harmonogram zaj\u0119\u0107 - Measline","isPartOf":{"@id":"https:\/\/measline.com\/#website"},"datePublished":"2022-01-28T10:55:04+00:00","dateModified":"2022-04-07T12:49:35+00:00","breadcrumb":{"@id":"https:\/\/measline.com\/index.php\/pl\/measline\/szkolenia\/vi-stp\/harmonogram-zajec\/#breadcrumb"},"inLanguage":"pl-PL","potentialAction":[{"@type":"ReadAction","target":["https:\/\/measline.com\/index.php\/pl\/measline\/szkolenia\/vi-stp\/harmonogram-zajec\/"]}]},{"@type":"BreadcrumbList","@id":"https:\/\/measline.com\/index.php\/pl\/measline\/szkolenia\/vi-stp\/harmonogram-zajec\/#breadcrumb","itemListElement":[{"@type":"ListItem","position":1,"name":"Strona g\u0142\u00f3wna","item":"https:\/\/measline.com\/index.php\/pl\/"},{"@type":"ListItem","position":2,"name":"Strona g\u0142\u00f3wna","item":"https:\/\/measline.com\/index.php\/pl\/"},{"@type":"ListItem","position":3,"name":"Szkolenia","item":"https:\/\/measline.com\/index.php\/pl\/measline\/szkolenia\/"},{"@type":"ListItem","position":4,"name":"VI STP","item":"https:\/\/measline.com\/index.php\/pl\/measline\/szkolenia\/vi-stp\/"},{"@type":"ListItem","position":5,"name":"Harmonogram zaj\u0119\u0107"}]},{"@type":"WebSite","@id":"https:\/\/measline.com\/#website","url":"https:\/\/measline.com\/","name":"Measline","description":"Advanced solutions","publisher":{"@id":"https:\/\/measline.com\/#organization"},"potentialAction":[{"@type":"SearchAction","target":{"@type":"EntryPoint","urlTemplate":"https:\/\/measline.com\/?s={search_term_string}"},"query-input":{"@type":"PropertyValueSpecification","valueRequired":true,"valueName":"search_term_string"}}],"inLanguage":"pl-PL"},{"@type":"Organization","@id":"https:\/\/measline.com\/#organization","name":"Measline","url":"https:\/\/measline.com\/","logo":{"@type":"ImageObject","inLanguage":"pl-PL","@id":"https:\/\/measline.com\/#\/schema\/logo\/image\/","url":"https:\/\/measline.com\/wp-content\/uploads\/2021\/11\/logo_color_small.png.png","contentUrl":"https:\/\/measline.com\/wp-content\/uploads\/2021\/11\/logo_color_small.png.png","width":1000,"height":417,"caption":"Measline"},"image":{"@id":"https:\/\/measline.com\/#\/schema\/logo\/image\/"}}]}},"_links":{"self":[{"href":"https:\/\/measline.com\/index.php\/wp-json\/wp\/v2\/pages\/1976","targetHints":{"allow":["GET"]}}],"collection":[{"href":"https:\/\/measline.com\/index.php\/wp-json\/wp\/v2\/pages"}],"about":[{"href":"https:\/\/measline.com\/index.php\/wp-json\/wp\/v2\/types\/page"}],"author":[{"embeddable":true,"href":"https:\/\/measline.com\/index.php\/wp-json\/wp\/v2\/users\/2"}],"replies":[{"embeddable":true,"href":"https:\/\/measline.com\/index.php\/wp-json\/wp\/v2\/comments?post=1976"}],"version-history":[{"count":14,"href":"https:\/\/measline.com\/index.php\/wp-json\/wp\/v2\/pages\/1976\/revisions"}],"predecessor-version":[{"id":3290,"href":"https:\/\/measline.com\/index.php\/wp-json\/wp\/v2\/pages\/1976\/revisions\/3290"}],"up":[{"embeddable":true,"href":"https:\/\/measline.com\/index.php\/wp-json\/wp\/v2\/pages\/1962"}],"wp:attachment":[{"href":"https:\/\/measline.com\/index.php\/wp-json\/wp\/v2\/media?parent=1976"}],"curies":[{"name":"wp","href":"https:\/\/api.w.org\/{rel}","templated":true}]}}