{"id":2956,"date":"2022-02-23T12:36:44","date_gmt":"2022-02-23T11:36:44","guid":{"rendered":"https:\/\/measline.com\/?page_id=2956"},"modified":"2022-02-23T12:36:52","modified_gmt":"2022-02-23T11:36:52","slug":"probniki-piezorezystywne-afm","status":"publish","type":"page","link":"https:\/\/measline.com\/index.php\/pl\/probniki-piezorezystywne-afm\/","title":{"rendered":"Pr\u00f3bniki piezorezystywne do AFM"},"content":{"rendered":"<p>[et_pb_section fb_built=&#8221;1&#8243; _builder_version=&#8221;4.14.1&#8243; _module_preset=&#8221;default&#8221; global_colors_info=&#8221;{}&#8221; theme_builder_area=&#8221;post_content&#8221;][et_pb_row _builder_version=&#8221;4.14.8&#8243; _module_preset=&#8221;default&#8221; theme_builder_area=&#8221;post_content&#8221; column_structure=&#8221;1_3,2_3&#8243;][et_pb_column _builder_version=&#8221;4.14.8&#8243; _module_preset=&#8221;default&#8221; type=&#8221;1_3&#8243; theme_builder_area=&#8221;post_content&#8221;][et_pb_image src=&#8221;https:\/\/measline.com\/wp-content\/uploads\/2021\/11\/canti_bottom-400&#215;400-1.jpg&#8221; _builder_version=&#8221;4.14.8&#8243; _module_preset=&#8221;default&#8221; theme_builder_area=&#8221;post_content&#8221; alt=&#8221;Pr\u00f3bnik piezorezystywny do AFM, z piezorezystywnym mostkiem Wheatstone\u2019a i silnikiem termomechanicznym&#8221; title_text=&#8221;canti_bottom-400&#215;400&#8243; hover_enabled=&#8221;0&#8243; sticky_enabled=&#8221;0&#8243;][\/et_pb_image][\/et_pb_column][et_pb_column _builder_version=&#8221;4.14.8&#8243; _module_preset=&#8221;default&#8221; type=&#8221;2_3&#8243; theme_builder_area=&#8221;post_content&#8221;][et_pb_text _builder_version=&#8221;4.14.8&#8243; _module_preset=&#8221;default&#8221; theme_builder_area=&#8221;post_content&#8221; hover_enabled=&#8221;0&#8243; sticky_enabled=&#8221;0&#8243;]<\/p>\n<h2 class=\"Standard\"><b><span>Pr\u00f3bniki piezorezystywne do AFM<\/span><\/b><\/h2>\n<p><b><span><\/span><\/b><\/p>\n<p><span>Aktywne sondy do mikroskop\u00f3w si\u0142 atomowych posiadaj\u0105 zintegrowany z nimi si\u0142ownik termomechaniczny. Jest on utworzony z wielu cienkich warstw kompozytowych charakteryzuj\u0105cych si\u0119 r\u00f3\u017cnymi wsp\u00f3\u0142czynnikami rozszerzalno\u015bci temperaturowej. Zr\u00f3\u017cnicowane wyd\u0142u\u017canie poszczeg\u00f3lnych warstw umo\u017cliwia kontrolowane zginanie d\u017awigni. Si\u0142ownik ten umo\u017cliwia tak\u017ce wzbudzenie d\u017awigni do jego cz\u0119stotliwo\u015bci rezonansowej. <\/span><\/p>\n<p><span>Zjawisko piezorezystywne polega na zmianie rezystancji materia\u0142u w wyniku dzia\u0142ania si\u0142y (napr\u0119\u017cenia). Rejestrowanie nawet niewielkich zmian rezystancji mo\u017cliwe jest dzi\u0119ki zastosowaniu mostka\u00a0 Wheatstone\u2019a. <\/span><span>Zastosowanie pr\u00f3bnik\u00f3w piezorezystywnych pozwala zatem na wykonywanie powtarzalnych pomiar\u00f3w z rozdzielczo\u015bci\u0105 atomow\u0105. System ten nie wymaga stosowania uk\u0142adu optycznego, a wi\u0119c nie jest zale\u017cny od ogranicze\u0144 detekcji optycznej, czu\u0142o\u015bci oraz podatny na zjawisko dyfrakcji.<\/span><\/p>\n<p>[\/et_pb_text][\/et_pb_column][\/et_pb_row][et_pb_row _builder_version=&#8221;4.14.1&#8243; _module_preset=&#8221;default&#8221; custom_margin=&#8221;-1px||-1px||false|false&#8221; global_colors_info=&#8221;{}&#8221; theme_builder_area=&#8221;post_content&#8221;][et_pb_column type=&#8221;4_4&#8243; _builder_version=&#8221;4.14.1&#8243; _module_preset=&#8221;default&#8221; global_colors_info=&#8221;{}&#8221; theme_builder_area=&#8221;post_content&#8221;][et_pb_text _builder_version=&#8221;4.14.2&#8243; _module_preset=&#8221;default&#8221; custom_margin=&#8221;-25px||||false|false&#8221; global_colors_info=&#8221;{}&#8221; theme_builder_area=&#8221;post_content&#8221;][\/et_pb_text][\/et_pb_column][\/et_pb_row][\/et_pb_section][et_pb_section fb_built=&#8221;1&#8243; _builder_version=&#8221;4.14.2&#8243; _module_preset=&#8221;default&#8221; background_color=&#8221;rgba(0,0,0,0.05)&#8221; global_colors_info=&#8221;{}&#8221; locked=&#8221;off&#8221; theme_builder_area=&#8221;post_content&#8221;][et_pb_row _builder_version=&#8221;4.14.2&#8243; _module_preset=&#8221;default&#8221; global_colors_info=&#8221;{}&#8221; theme_builder_area=&#8221;post_content&#8221;][et_pb_column type=&#8221;4_4&#8243; _builder_version=&#8221;4.14.2&#8243; _module_preset=&#8221;default&#8221; global_colors_info=&#8221;{}&#8221; theme_builder_area=&#8221;post_content&#8221;][et_pb_text _builder_version=&#8221;4.14.8&#8243; _module_preset=&#8221;default&#8221; custom_margin=&#8221;-50px||||false|false&#8221; hover_enabled=&#8221;0&#8243; global_colors_info=&#8221;{}&#8221; theme_builder_area=&#8221;post_content&#8221; sticky_enabled=&#8221;0&#8243;]<\/p>\n<div><\/div>\n<div>\n<h3 class=\"Standard\">Najwa\u017cniejsze cechy pr\u00f3bnik\u00f3w piezorezystywnych<o:p><\/o:p><\/h3>\n<\/div>\n<div>\n<ul>\n<li class=\"Standard\">si\u0142ownik termomechaniczny i piezorezystywny mostek <span>Wheatstone\u2019a.<\/span><\/li>\n<li class=\"Standard\"><span>umo\u017cliwiaj\u0105 szybki i precyzyjny pomiar<\/span><\/li>\n<li class=\"Standard\">u\u0142atwienie pomiaru przez brak koniczno\u015bci ustawiania lasera<span><\/span><\/li>\n<li class=\"Standard\">du\u017ca powtarzalno\u015b\u0107 pomiar\u00f3w\u00a0<\/li>\n<li class=\"Standard\">brak zale\u017cno\u015bci od ogranicze\u0144 detekcji optycznej zwi\u0105zanej m.in. ze zjawiskiem dyfrakcji<\/li>\n<li class=\"Standard\"><span>brak potrzeby stosowania uk\u0142adu optycznego umo\u017cliwia zmniejszenie koszt\u00f3w i rozmiar\u00f3w urz\u0105dzenia<\/span><\/li>\n<li class=\"Standard\">\u0142atwa wymiana pr\u00f3bnik\u00f3w<span><\/span><\/li>\n<\/ul>\n<\/div>\n<div><\/div>\n<p>[\/et_pb_text][et_pb_gallery gallery_ids=&#8221;438,439,440,441,442,443,444&#8243; show_title_and_caption=&#8221;off&#8221; zoom_icon_color=&#8221;RGBA(255,255,255,0)&#8221; hover_overlay_color=&#8221;RGBA(255,255,255,0)&#8221; _builder_version=&#8221;4.14.2&#8243; _module_preset=&#8221;default&#8221; title_text_color=&#8221;RGBA(255,255,255,0)&#8221; title_font_size=&#8221;0px&#8221; pagination_text_align=&#8221;right&#8221; pagination_font_size=&#8221;15px&#8221; pagination_letter_spacing=&#8221;-1px&#8221; background_color=&#8221;rgba(0,0,0,0.05)&#8221; custom_margin=&#8221;0px||0px||true|false&#8221; custom_padding=&#8221;10px|10px|0px|10px|false|true&#8221; pagination_text_shadow_style=&#8221;preset1&#8243; global_colors_info=&#8221;{}&#8221; theme_builder_area=&#8221;post_content&#8221;][\/et_pb_gallery][\/et_pb_column][\/et_pb_row][\/et_pb_section][et_pb_section fb_built=&#8221;1&#8243; theme_builder_area=&#8221;post_content&#8221; _builder_version=&#8221;4.14.8&#8243; _module_preset=&#8221;default&#8221;][et_pb_row _builder_version=&#8221;4.14.8&#8243; _module_preset=&#8221;default&#8221; theme_builder_area=&#8221;post_content&#8221;][et_pb_column _builder_version=&#8221;4.14.8&#8243; _module_preset=&#8221;default&#8221; type=&#8221;4_4&#8243; theme_builder_area=&#8221;post_content&#8221;][et_pb_text _builder_version=&#8221;4.14.1&#8243; _module_preset=&#8221;default&#8221; custom_margin=&#8221;0px||0px||true|false&#8221; global_colors_info=&#8221;{}&#8221; theme_builder_area=&#8221;post_content&#8221;]<\/p>\n<p>&nbsp;<\/p>\n<p>Specyfiacja<\/p>\n<table width=\"643\">\n<tbody>\n<tr>\n<td width=\"227\">Mo\u017cliwe tryby pracy<\/td>\n<td width=\"416\">Aktywny \/ Pasywny<\/td>\n<\/tr>\n<tr>\n<td width=\"227\">Aktywacja<\/td>\n<td width=\"416\">Zintegrowany si\u0142ownik nap\u0119dzany termomechanicznie<\/td>\n<\/tr>\n<tr>\n<td width=\"227\">Odczyt<\/td>\n<td width=\"416\">Piezorezystywny<\/td>\n<\/tr>\n<tr>\n<td width=\"227\">Materia\u0142<\/td>\n<td width=\"416\">Krzem<\/td>\n<\/tr>\n<tr>\n<td width=\"227\">Wymiary<\/td>\n<td width=\"416\">\n<p>Szeroko\u015b\u0107: 120 \u03bcm (+\/- 5 \u03bcm)<\/p>\n<p>D\u0142ugo\u015b\u0107: 350<span>\u00a0 <\/span>\u03bcm (+\/- 10 \u03bcm)<\/p>\n<p>Grubo\u015b\u0107: mo\u017cliwe 3-5 \u03bcm (+\/- 1 \u03bcm)<\/p>\n<\/td>\n<\/tr>\n<tr>\n<td width=\"227\">Wysoko\u015b\u0107 ostrza<\/td>\n<td width=\"416\">4,5<span>\u00a0 <\/span>\u03bcm w p\u0142aszczy\u017anie (+\/- 10%)<\/td>\n<\/tr>\n<\/tbody>\n<\/table>\n<p>[\/et_pb_text][\/et_pb_column][\/et_pb_row][\/et_pb_section]<\/p>\n","protected":false},"excerpt":{"rendered":"<p>Pr\u00f3bniki piezorezystywne do AFM Aktywne sondy do mikroskop\u00f3w si\u0142 atomowych posiadaj\u0105 zintegrowany z nimi si\u0142ownik termomechaniczny. Jest on utworzony z wielu cienkich warstw kompozytowych charakteryzuj\u0105cych si\u0119 r\u00f3\u017cnymi wsp\u00f3\u0142czynnikami rozszerzalno\u015bci temperaturowej. Zr\u00f3\u017cnicowane wyd\u0142u\u017canie poszczeg\u00f3lnych warstw umo\u017cliwia kontrolowane zginanie d\u017awigni. Si\u0142ownik ten umo\u017cliwia tak\u017ce wzbudzenie d\u017awigni do jego cz\u0119stotliwo\u015bci rezonansowej. Zjawisko piezorezystywne polega na zmianie rezystancji materia\u0142u [&hellip;]<\/p>\n","protected":false},"author":2,"featured_media":0,"parent":0,"menu_order":0,"comment_status":"closed","ping_status":"closed","template":"","meta":{"_et_pb_use_builder":"on","_et_pb_old_content":"","_et_gb_content_width":"","footnotes":""},"class_list":["post-2956","page","type-page","status-publish","hentry"],"yoast_head":"<!-- This site is optimized with the Yoast SEO plugin v27.4 - https:\/\/yoast.com\/product\/yoast-seo-wordpress\/ -->\n<title>Pr\u00f3bniki piezorezystywne do AFM - Measline<\/title>\n<meta name=\"description\" content=\"Pr\u00f3bniki piezorezystywne do pomiar\u00f3w AFM. Umo\u017cliwiaj\u0105 rejestrowanie wychyle\u0144 d\u017awigni bez stosowania uk\u0142adu optycznego.\" \/>\n<meta name=\"robots\" content=\"index, follow, max-snippet:-1, max-image-preview:large, max-video-preview:-1\" \/>\n<link rel=\"canonical\" href=\"https:\/\/measline.com\/index.php\/pl\/probniki-piezorezystywne-afm\/\" \/>\n<meta property=\"og:locale\" content=\"pl_PL\" \/>\n<meta property=\"og:type\" content=\"article\" \/>\n<meta property=\"og:title\" content=\"Pr\u00f3bniki piezorezystywne do AFM - Measline\" \/>\n<meta property=\"og:description\" content=\"Pr\u00f3bniki piezorezystywne do pomiar\u00f3w AFM. Umo\u017cliwiaj\u0105 rejestrowanie wychyle\u0144 d\u017awigni bez stosowania uk\u0142adu optycznego.\" \/>\n<meta property=\"og:url\" content=\"https:\/\/measline.com\/index.php\/pl\/probniki-piezorezystywne-afm\/\" \/>\n<meta property=\"og:site_name\" content=\"Measline\" \/>\n<meta property=\"article:modified_time\" content=\"2022-02-23T11:36:52+00:00\" \/>\n<meta name=\"twitter:card\" content=\"summary_large_image\" \/>\n<script type=\"application\/ld+json\" class=\"yoast-schema-graph\">{\"@context\":\"https:\\\/\\\/schema.org\",\"@graph\":[{\"@type\":\"WebPage\",\"@id\":\"https:\\\/\\\/measline.com\\\/index.php\\\/pl\\\/probniki-piezorezystywne-afm\\\/\",\"url\":\"https:\\\/\\\/measline.com\\\/index.php\\\/pl\\\/probniki-piezorezystywne-afm\\\/\",\"name\":\"Pr\u00f3bniki piezorezystywne do AFM - Measline\",\"isPartOf\":{\"@id\":\"https:\\\/\\\/measline.com\\\/#website\"},\"datePublished\":\"2022-02-23T11:36:44+00:00\",\"dateModified\":\"2022-02-23T11:36:52+00:00\",\"description\":\"Pr\u00f3bniki piezorezystywne do pomiar\u00f3w AFM. Umo\u017cliwiaj\u0105 rejestrowanie wychyle\u0144 d\u017awigni bez stosowania uk\u0142adu optycznego.\",\"breadcrumb\":{\"@id\":\"https:\\\/\\\/measline.com\\\/index.php\\\/pl\\\/probniki-piezorezystywne-afm\\\/#breadcrumb\"},\"inLanguage\":\"pl-PL\",\"potentialAction\":[{\"@type\":\"ReadAction\",\"target\":[\"https:\\\/\\\/measline.com\\\/index.php\\\/pl\\\/probniki-piezorezystywne-afm\\\/\"]}]},{\"@type\":\"BreadcrumbList\",\"@id\":\"https:\\\/\\\/measline.com\\\/index.php\\\/pl\\\/probniki-piezorezystywne-afm\\\/#breadcrumb\",\"itemListElement\":[{\"@type\":\"ListItem\",\"position\":1,\"name\":\"Strona g\u0142\u00f3wna\",\"item\":\"https:\\\/\\\/measline.com\\\/index.php\\\/pl\\\/\"},{\"@type\":\"ListItem\",\"position\":2,\"name\":\"Pr\u00f3bniki piezorezystywne do AFM\"}]},{\"@type\":\"WebSite\",\"@id\":\"https:\\\/\\\/measline.com\\\/#website\",\"url\":\"https:\\\/\\\/measline.com\\\/\",\"name\":\"Measline\",\"description\":\"Advanced solutions\",\"publisher\":{\"@id\":\"https:\\\/\\\/measline.com\\\/#organization\"},\"potentialAction\":[{\"@type\":\"SearchAction\",\"target\":{\"@type\":\"EntryPoint\",\"urlTemplate\":\"https:\\\/\\\/measline.com\\\/?s={search_term_string}\"},\"query-input\":{\"@type\":\"PropertyValueSpecification\",\"valueRequired\":true,\"valueName\":\"search_term_string\"}}],\"inLanguage\":\"pl-PL\"},{\"@type\":\"Organization\",\"@id\":\"https:\\\/\\\/measline.com\\\/#organization\",\"name\":\"Measline\",\"url\":\"https:\\\/\\\/measline.com\\\/\",\"logo\":{\"@type\":\"ImageObject\",\"inLanguage\":\"pl-PL\",\"@id\":\"https:\\\/\\\/measline.com\\\/#\\\/schema\\\/logo\\\/image\\\/\",\"url\":\"https:\\\/\\\/measline.com\\\/wp-content\\\/uploads\\\/2021\\\/11\\\/logo_color_small.png.png\",\"contentUrl\":\"https:\\\/\\\/measline.com\\\/wp-content\\\/uploads\\\/2021\\\/11\\\/logo_color_small.png.png\",\"width\":1000,\"height\":417,\"caption\":\"Measline\"},\"image\":{\"@id\":\"https:\\\/\\\/measline.com\\\/#\\\/schema\\\/logo\\\/image\\\/\"}}]}<\/script>\n<!-- \/ Yoast SEO plugin. -->","yoast_head_json":{"title":"Pr\u00f3bniki piezorezystywne do AFM - Measline","description":"Pr\u00f3bniki piezorezystywne do pomiar\u00f3w AFM. Umo\u017cliwiaj\u0105 rejestrowanie wychyle\u0144 d\u017awigni bez stosowania uk\u0142adu optycznego.","robots":{"index":"index","follow":"follow","max-snippet":"max-snippet:-1","max-image-preview":"max-image-preview:large","max-video-preview":"max-video-preview:-1"},"canonical":"https:\/\/measline.com\/index.php\/pl\/probniki-piezorezystywne-afm\/","og_locale":"pl_PL","og_type":"article","og_title":"Pr\u00f3bniki piezorezystywne do AFM - Measline","og_description":"Pr\u00f3bniki piezorezystywne do pomiar\u00f3w AFM. Umo\u017cliwiaj\u0105 rejestrowanie wychyle\u0144 d\u017awigni bez stosowania uk\u0142adu optycznego.","og_url":"https:\/\/measline.com\/index.php\/pl\/probniki-piezorezystywne-afm\/","og_site_name":"Measline","article_modified_time":"2022-02-23T11:36:52+00:00","twitter_card":"summary_large_image","schema":{"@context":"https:\/\/schema.org","@graph":[{"@type":"WebPage","@id":"https:\/\/measline.com\/index.php\/pl\/probniki-piezorezystywne-afm\/","url":"https:\/\/measline.com\/index.php\/pl\/probniki-piezorezystywne-afm\/","name":"Pr\u00f3bniki piezorezystywne do AFM - Measline","isPartOf":{"@id":"https:\/\/measline.com\/#website"},"datePublished":"2022-02-23T11:36:44+00:00","dateModified":"2022-02-23T11:36:52+00:00","description":"Pr\u00f3bniki piezorezystywne do pomiar\u00f3w AFM. Umo\u017cliwiaj\u0105 rejestrowanie wychyle\u0144 d\u017awigni bez stosowania uk\u0142adu optycznego.","breadcrumb":{"@id":"https:\/\/measline.com\/index.php\/pl\/probniki-piezorezystywne-afm\/#breadcrumb"},"inLanguage":"pl-PL","potentialAction":[{"@type":"ReadAction","target":["https:\/\/measline.com\/index.php\/pl\/probniki-piezorezystywne-afm\/"]}]},{"@type":"BreadcrumbList","@id":"https:\/\/measline.com\/index.php\/pl\/probniki-piezorezystywne-afm\/#breadcrumb","itemListElement":[{"@type":"ListItem","position":1,"name":"Strona g\u0142\u00f3wna","item":"https:\/\/measline.com\/index.php\/pl\/"},{"@type":"ListItem","position":2,"name":"Pr\u00f3bniki piezorezystywne do AFM"}]},{"@type":"WebSite","@id":"https:\/\/measline.com\/#website","url":"https:\/\/measline.com\/","name":"Measline","description":"Advanced solutions","publisher":{"@id":"https:\/\/measline.com\/#organization"},"potentialAction":[{"@type":"SearchAction","target":{"@type":"EntryPoint","urlTemplate":"https:\/\/measline.com\/?s={search_term_string}"},"query-input":{"@type":"PropertyValueSpecification","valueRequired":true,"valueName":"search_term_string"}}],"inLanguage":"pl-PL"},{"@type":"Organization","@id":"https:\/\/measline.com\/#organization","name":"Measline","url":"https:\/\/measline.com\/","logo":{"@type":"ImageObject","inLanguage":"pl-PL","@id":"https:\/\/measline.com\/#\/schema\/logo\/image\/","url":"https:\/\/measline.com\/wp-content\/uploads\/2021\/11\/logo_color_small.png.png","contentUrl":"https:\/\/measline.com\/wp-content\/uploads\/2021\/11\/logo_color_small.png.png","width":1000,"height":417,"caption":"Measline"},"image":{"@id":"https:\/\/measline.com\/#\/schema\/logo\/image\/"}}]}},"_links":{"self":[{"href":"https:\/\/measline.com\/index.php\/wp-json\/wp\/v2\/pages\/2956","targetHints":{"allow":["GET"]}}],"collection":[{"href":"https:\/\/measline.com\/index.php\/wp-json\/wp\/v2\/pages"}],"about":[{"href":"https:\/\/measline.com\/index.php\/wp-json\/wp\/v2\/types\/page"}],"author":[{"embeddable":true,"href":"https:\/\/measline.com\/index.php\/wp-json\/wp\/v2\/users\/2"}],"replies":[{"embeddable":true,"href":"https:\/\/measline.com\/index.php\/wp-json\/wp\/v2\/comments?post=2956"}],"version-history":[{"count":3,"href":"https:\/\/measline.com\/index.php\/wp-json\/wp\/v2\/pages\/2956\/revisions"}],"predecessor-version":[{"id":2961,"href":"https:\/\/measline.com\/index.php\/wp-json\/wp\/v2\/pages\/2956\/revisions\/2961"}],"wp:attachment":[{"href":"https:\/\/measline.com\/index.php\/wp-json\/wp\/v2\/media?parent=2956"}],"curies":[{"name":"wp","href":"https:\/\/api.w.org\/{rel}","templated":true}]}}