{"id":2991,"date":"2022-03-31T11:25:17","date_gmt":"2022-03-31T09:25:17","guid":{"rendered":"https:\/\/measline.com\/?page_id=2991"},"modified":"2022-04-13T10:30:52","modified_gmt":"2022-04-13T08:30:52","slug":"ddi-inspekcja-powierzchni-ciagadel","status":"publish","type":"page","link":"https:\/\/measline.com\/index.php\/pl\/ddi-inspekcja-powierzchni-ciagadel\/","title":{"rendered":"DDI Inspekcja powierzchni ci\u0105gade\u0142"},"content":{"rendered":"<p>[et_pb_section fb_built=&#8221;1&#8243; _builder_version=&#8221;4.16&#8243; _module_preset=&#8221;default&#8221; background_color=&#8221;rgba(0,0,0,0.05)&#8221; custom_margin=&#8221;0px|0px|0px|0px|false|false&#8221; custom_padding=&#8221;0px|0px|0px|0px|false|false&#8221; global_colors_info=&#8221;{}&#8221;][et_pb_row _builder_version=&#8221;4.16&#8243; _module_preset=&#8221;default&#8221; custom_margin=&#8221;0px||0px||true|false&#8221; custom_padding=&#8221;11px||3px||false|false&#8221; global_colors_info=&#8221;{}&#8221;][et_pb_column type=&#8221;4_4&#8243; _builder_version=&#8221;4.16&#8243; _module_preset=&#8221;default&#8221; global_colors_info=&#8221;{}&#8221;][et_pb_button button_url=&#8221;@ET-DC@eyJkeW5hbWljIjp0cnVlLCJjb250ZW50IjoicG9zdF9saW5rX3VybF9wYWdlIiwic2V0dGluZ3MiOnsicG9zdF9pZCI6IjMwMzAifX0=@&#8221; button_text=&#8221;Powr\u00f3t do podkategorii&#8221; _builder_version=&#8221;4.17.0&#8243; _dynamic_attributes=&#8221;button_url&#8221; _module_preset=&#8221;default&#8221; custom_button=&#8221;on&#8221; button_text_color=&#8221;#225500&#8243; button_border_width=&#8221;0px&#8221; button_icon=&#8221;&#x4a;||divi||400&#8243; global_colors_info=&#8221;{}&#8221;][\/et_pb_button][\/et_pb_column][\/et_pb_row][\/et_pb_section][et_pb_section fb_built=&#8221;1&#8243; _builder_version=&#8221;4.16&#8243; _module_preset=&#8221;default&#8221; global_colors_info=&#8221;{}&#8221;][et_pb_row column_structure=&#8221;1_2,1_2&#8243; _builder_version=&#8221;4.16&#8243; _module_preset=&#8221;default&#8221; global_colors_info=&#8221;{}&#8221;][et_pb_column type=&#8221;1_2&#8243; _builder_version=&#8221;4.16&#8243; _module_preset=&#8221;default&#8221; global_colors_info=&#8221;{}&#8221;][et_pb_image src=&#8221;https:\/\/measline.com\/wp-content\/uploads\/2022\/03\/DDI-1.png&#8221; alt=&#8221;Drawing Die Inspector system do wizualnej analizy powierzchni otwor\u00f3w ci\u0105gade\u0142&#8221; title_text=&#8221;Drawing Die Inspector&#8221; align=&#8221;center&#8221; _builder_version=&#8221;4.16&#8243; _module_preset=&#8221;default&#8221; width=&#8221;71%&#8221; custom_padding=&#8221;0px||0px||true|false&#8221; global_colors_info=&#8221;{}&#8221;][\/et_pb_image][\/et_pb_column][et_pb_column type=&#8221;1_2&#8243; _builder_version=&#8221;4.16&#8243; _module_preset=&#8221;default&#8221; global_colors_info=&#8221;{}&#8221;][et_pb_text _builder_version=&#8221;4.16&#8243; _module_preset=&#8221;default&#8221; custom_padding=&#8221;13px|||||&#8221; global_colors_info=&#8221;{}&#8221;]<\/p>\n<h1><strong>Urz\u0105dzenie do inspekcji powierzchni ci\u0105gade\u0142 <\/strong><strong>DDI <\/strong><\/h1>\n<p>[\/et_pb_text][et_pb_divider color=&#8221;#215500&#8243; divider_weight=&#8221;2px&#8221; _builder_version=&#8221;4.16&#8243; _module_preset=&#8221;default&#8221; custom_margin=&#8221;-23px||6px||false|false&#8221; global_colors_info=&#8221;{}&#8221;][\/et_pb_divider][et_pb_text _builder_version=&#8221;4.16&#8243; _module_preset=&#8221;default&#8221; global_colors_info=&#8221;{}&#8221;]<\/p>\n<div style=\"text-align: justify;\"><\/div>\n<p align=\"justify\">System do wizualnej inspekcji jako\u015bci powierzchni otwor\u00f3w ci\u0105gade\u0142 za pomoc\u0105 okularu oraz, w tym samym czasie, na ekranie komputera w przypadku zastosowania kamery wideo. Podstawowym elementem urz\u0105dzenia jest mikroskop stereoskopowy wyposa\u017cony w nastawne \u017ar\u00f3d\u0142o LED. Uchwyt do mocowania ci\u0105gade\u0142 umo\u017cliwia regulacj\u0119 po\u0142o\u017cenia ci\u0105gad\u0142a, jego otworu w zale\u017cno\u015bci od \u015brednicy, a tak\u017ce k\u0105ta nachylenia ci\u0105gad\u0142a. Umo\u017cliwia to zatem szczeg\u00f3\u0142ow\u0105 obserwacj\u0119 ca\u0142ej powierzchni otworu ci\u0105gad\u0142a.<\/p>\n<p>[\/et_pb_text][\/et_pb_column][\/et_pb_row][\/et_pb_section][et_pb_section fb_built=&#8221;1&#8243; _builder_version=&#8221;4.16&#8243; _module_preset=&#8221;default&#8221; background_color=&#8221;rgba(0,0,0,0.05)&#8221; global_colors_info=&#8221;{}&#8221;][et_pb_row column_structure=&#8221;2_3,1_3&#8243; _builder_version=&#8221;4.16&#8243; _module_preset=&#8221;default&#8221; global_colors_info=&#8221;{}&#8221;][et_pb_column type=&#8221;2_3&#8243; _builder_version=&#8221;4.16&#8243; _module_preset=&#8221;default&#8221; global_colors_info=&#8221;{}&#8221;][et_pb_text _builder_version=&#8221;4.16&#8243; _module_preset=&#8221;default&#8221; custom_margin=&#8221;-50px||||false|false&#8221; global_colors_info=&#8221;{}&#8221;]<\/p>\n<div>\n<h3 class=\"Standard\">Najwa\u017cniejsze cechy urz\u0105dzenia DDI<o:p><\/o:p><\/h3>\n<\/div>\n<div>\n<ul>\n<li>przeznaczone do inspekcji jako\u015bci powierzchni otwor\u00f3w ci\u0105gade\u0142<\/li>\n<li>obserwacja za pomoc\u0105 okularu i opcjonalnie na ekranie komputera\u00a0<\/li>\n<li>nastawne o\u015bwietlenie LED<\/li>\n<li>regulacja po\u0142o\u017cenia i k\u0105ta nachylenia ci\u0105gad\u0142a<\/li>\n<\/ul>\n<\/div>\n<div>\n<p class=\"Standard\"><o:p><\/o:p><\/p>\n<\/div>\n<p>[\/et_pb_text][\/et_pb_column][et_pb_column type=&#8221;1_3&#8243; _builder_version=&#8221;4.16&#8243; _module_preset=&#8221;default&#8221; global_colors_info=&#8221;{}&#8221;][et_pb_image src=&#8221;https:\/\/measline.com\/wp-content\/uploads\/2022\/03\/DDI-2.jpg&#8221; alt=&#8221;Drawing Die Inspector OEG&#8221; title_text=&#8221;Drawing Die Inspector OEG&#8221; _builder_version=&#8221;4.16&#8243; _module_preset=&#8221;default&#8221; width=&#8221;97.7%&#8221; custom_margin=&#8221;-52px|||||&#8221; custom_padding=&#8221;|69px||33px||&#8221; global_colors_info=&#8221;{}&#8221;][\/et_pb_image][\/et_pb_column][\/et_pb_row][et_pb_row _builder_version=&#8221;4.16&#8243; _module_preset=&#8221;default&#8221; global_colors_info=&#8221;{}&#8221;][et_pb_column type=&#8221;4_4&#8243; _builder_version=&#8221;4.16&#8243; _module_preset=&#8221;default&#8221; global_colors_info=&#8221;{}&#8221;][et_pb_video src=&#8221;http:\/\/www.youtube.com\/watch?v=U3EzJww2D70&#038;t=127s&#8221; _builder_version=&#8221;4.16&#8243; _module_preset=&#8221;default&#8221; global_colors_info=&#8221;{}&#8221;][\/et_pb_video][\/et_pb_column][\/et_pb_row][\/et_pb_section][et_pb_section fb_built=&#8221;1&#8243; _builder_version=&#8221;4.16&#8243; _module_preset=&#8221;default&#8221; background_color=&#8221;#FFFFFF&#8221; custom_padding=&#8221;30px||54px||false|false&#8221; global_colors_info=&#8221;{}&#8221;][et_pb_row _builder_version=&#8221;4.16&#8243; _module_preset=&#8221;default&#8221; custom_margin=&#8221;||||false|false&#8221; custom_padding=&#8221;||||false|false&#8221; global_colors_info=&#8221;{}&#8221;][et_pb_column type=&#8221;4_4&#8243; _builder_version=&#8221;4.16&#8243; _module_preset=&#8221;default&#8221; global_colors_info=&#8221;{}&#8221;][et_pb_text _builder_version=&#8221;4.16&#8243; _module_preset=&#8221;default&#8221; global_colors_info=&#8221;{}&#8221;]<\/p>\n<div class=\"dataTables_scrollHead\">\n<div class=\"dataTables_scrollHeadInner\">\n<h3>Specyfikacja:<\/h3>\n<table border=\"1\" style=\"border-collapse: collapse; width: 100%; height: 234px;\">\n<tbody>\n<tr style=\"height: 48px;\">\n<td style=\"width: 50%; height: 48px;\"><strong>Mikroskop<\/strong> <strong>stereoskopowy<\/strong><\/td>\n<td style=\"width: 50%; height: 48px;\">tr\u00f3jokularowy ze zdejmowan\u0105 g\u0142owic\u0105 optyczn\u0105<\/td>\n<\/tr>\n<tr style=\"height: 24px;\">\n<td style=\"width: 50%; height: 24px;\">Powi\u0119kszenie bez g\u0142owicy optycznej<\/td>\n<td style=\"width: 50%; height: 24px;\">6,7-45x<\/td>\n<\/tr>\n<tr style=\"height: 24px;\">\n<td style=\"width: 50%; height: 24px;\">Powi\u0119kszenie z g\u0142owic\u0105 optyczn\u0105<\/td>\n<td style=\"width: 50%; height: 24px;\">13,4-90x<\/td>\n<\/tr>\n<tr style=\"height: 24px;\">\n<td style=\"width: 50%; height: 24px;\">Wsp\u00f3\u0142czynnik powi\u0119kszenia<\/td>\n<td style=\"width: 50%; height: 24px;\">6,7x<\/td>\n<\/tr>\n<tr style=\"height: 24px;\">\n<td style=\"width: 50%; height: 24px;\">adapter do kamery<\/td>\n<td style=\"width: 50%; height: 24px;\">typu C<\/td>\n<\/tr>\n<tr style=\"height: 18px;\">\n<td style=\"width: 50%; height: 18px;\">o\u015bwietlenie<\/td>\n<td style=\"width: 50%; height: 18px;\">nastawne \u017ar\u00f3d\u0142o LED du\u017cej mocy z adapterem zasilaj\u0105cym<\/td>\n<\/tr>\n<tr style=\"height: 24px;\">\n<td style=\"width: 50%; height: 24px;\">Uchwyt ci\u0105gade\u0142<\/td>\n<td style=\"width: 50%; height: 24px;\">Regulacja pozycji ci\u0105gad\u0142a w zale\u017cno\u015bci od \u015brednicy<br \/>Regulacja k\u0105ta nachylenia ci\u0105gad\u0142a<\/td>\n<\/tr>\n<tr style=\"height: 24px;\">\n<td style=\"width: 50%; height: 24px;\"><strong>Kamera<\/strong><\/td>\n<td style=\"width: 50%; height: 24px;\">USB 1,3 MPixel<\/td>\n<\/tr>\n<tr style=\"height: 24px;\">\n<td style=\"width: 50%; height: 24px;\"><strong>Oprogramowanie<\/strong><\/td>\n<td style=\"width: 50%; height: 24px;\">Generowanie obrazu wideo na \u017cywo na ekranie komputera<\/td>\n<\/tr>\n<tr>\n<td style=\"width: 50%;\"><strong>\u00a0<\/strong><\/td>\n<td style=\"width: 50%;\">zapisywanie i opisywanie obraz\u00f3w<\/td>\n<\/tr>\n<tr>\n<td style=\"width: 50%;\"><strong>Wymiary urz\u0105dzenia<\/strong><\/td>\n<td style=\"width: 50%;\">szeroko\u015b\u0107: 23 cm<br \/>g\u0142\u0119boko\u015b\u0107: 35 cm<br \/>wysoko\u015b\u0107: 55 cm<br \/>waga: 10 kg<\/td>\n<\/tr>\n<\/tbody>\n<\/table>\n<div><\/div>\n<div>\n<ul><\/ul>\n<p><a href=\"https:\/\/www.oeggmbh.com\/?p=12&amp;k=52&amp;kj=&amp;z=&amp;l=1\" target=\"_blank\" rel=\"noopener\">Zobacz wi\u0119cej na stronie producenta<\/a><\/p>\n<\/div>\n<div>\n<ul><\/ul>\n<\/div>\n<div>\n<ul><\/ul>\n<\/div>\n<\/div>\n<\/div>\n<p>[\/et_pb_text][\/et_pb_column][\/et_pb_row][\/et_pb_section]<\/p>\n","protected":false},"excerpt":{"rendered":"<p>Urz\u0105dzenie do inspekcji powierzchni ci\u0105gade\u0142 DDI System do wizualnej inspekcji jako\u015bci powierzchni otwor\u00f3w ci\u0105gade\u0142 za pomoc\u0105 okularu oraz, w tym samym czasie, na ekranie komputera w przypadku zastosowania kamery wideo. Podstawowym elementem urz\u0105dzenia jest mikroskop stereoskopowy wyposa\u017cony w nastawne \u017ar\u00f3d\u0142o LED. Uchwyt do mocowania ci\u0105gade\u0142 umo\u017cliwia regulacj\u0119 po\u0142o\u017cenia ci\u0105gad\u0142a, jego otworu w zale\u017cno\u015bci od \u015brednicy, [&hellip;]<\/p>\n","protected":false},"author":2,"featured_media":3112,"parent":0,"menu_order":0,"comment_status":"closed","ping_status":"closed","template":"","meta":{"_et_pb_use_builder":"on","_et_pb_old_content":"","_et_gb_content_width":"","footnotes":""},"class_list":["post-2991","page","type-page","status-publish","has-post-thumbnail","hentry"],"yoast_head":"<!-- This site is optimized with the Yoast SEO plugin v27.4 - https:\/\/yoast.com\/product\/yoast-seo-wordpress\/ -->\n<title>Urz\u0105dzenie do inspekcji powierzchni ci\u0105gade\u0142 - Measline<\/title>\n<meta name=\"description\" content=\"System do wizualnej inspekcji jako\u015bci powierzchni otwor\u00f3w ci\u0105gade\u0142, z mo\u017cliwo\u015bci\u0105 regulacji o\u015bwietlenia, po\u0142o\u017cenia i k\u0105ta nachylenia ci\u0105gad\u0142a\" \/>\n<meta name=\"robots\" content=\"index, follow, max-snippet:-1, max-image-preview:large, max-video-preview:-1\" \/>\n<link rel=\"canonical\" href=\"https:\/\/measline.com\/index.php\/pl\/ddi-inspekcja-powierzchni-ciagadel\/\" \/>\n<meta property=\"og:locale\" content=\"pl_PL\" \/>\n<meta property=\"og:type\" content=\"article\" \/>\n<meta property=\"og:title\" content=\"Urz\u0105dzenie do inspekcji powierzchni ci\u0105gade\u0142 - Measline\" \/>\n<meta property=\"og:description\" content=\"System do wizualnej inspekcji jako\u015bci powierzchni otwor\u00f3w ci\u0105gade\u0142, z mo\u017cliwo\u015bci\u0105 regulacji o\u015bwietlenia, po\u0142o\u017cenia i k\u0105ta nachylenia ci\u0105gad\u0142a\" \/>\n<meta property=\"og:url\" content=\"https:\/\/measline.com\/index.php\/pl\/ddi-inspekcja-powierzchni-ciagadel\/\" \/>\n<meta property=\"og:site_name\" content=\"Measline\" \/>\n<meta property=\"article:modified_time\" content=\"2022-04-13T08:30:52+00:00\" \/>\n<meta property=\"og:image\" content=\"https:\/\/measline.com\/wp-content\/uploads\/2022\/04\/Uchwyt-ciagadlo.jpg\" \/>\n\t<meta property=\"og:image:width\" content=\"1340\" \/>\n\t<meta property=\"og:image:height\" content=\"532\" \/>\n\t<meta property=\"og:image:type\" content=\"image\/jpeg\" \/>\n<meta name=\"twitter:card\" content=\"summary_large_image\" \/>\n<meta name=\"twitter:label1\" content=\"Szacowany czas czytania\" \/>\n\t<meta name=\"twitter:data1\" content=\"2 minuty\" \/>\n<script type=\"application\/ld+json\" class=\"yoast-schema-graph\">{\"@context\":\"https:\\\/\\\/schema.org\",\"@graph\":[{\"@type\":\"WebPage\",\"@id\":\"https:\\\/\\\/measline.com\\\/index.php\\\/pl\\\/ddi-inspekcja-powierzchni-ciagadel\\\/\",\"url\":\"https:\\\/\\\/measline.com\\\/index.php\\\/pl\\\/ddi-inspekcja-powierzchni-ciagadel\\\/\",\"name\":\"Urz\u0105dzenie do inspekcji powierzchni ci\u0105gade\u0142 - Measline\",\"isPartOf\":{\"@id\":\"https:\\\/\\\/measline.com\\\/#website\"},\"primaryImageOfPage\":{\"@id\":\"https:\\\/\\\/measline.com\\\/index.php\\\/pl\\\/ddi-inspekcja-powierzchni-ciagadel\\\/#primaryimage\"},\"image\":{\"@id\":\"https:\\\/\\\/measline.com\\\/index.php\\\/pl\\\/ddi-inspekcja-powierzchni-ciagadel\\\/#primaryimage\"},\"thumbnailUrl\":\"https:\\\/\\\/measline.com\\\/wp-content\\\/uploads\\\/2022\\\/04\\\/Uchwyt-ciagadlo.jpg\",\"datePublished\":\"2022-03-31T09:25:17+00:00\",\"dateModified\":\"2022-04-13T08:30:52+00:00\",\"description\":\"System do wizualnej inspekcji jako\u015bci powierzchni otwor\u00f3w ci\u0105gade\u0142, z mo\u017cliwo\u015bci\u0105 regulacji o\u015bwietlenia, po\u0142o\u017cenia i k\u0105ta nachylenia ci\u0105gad\u0142a\",\"breadcrumb\":{\"@id\":\"https:\\\/\\\/measline.com\\\/index.php\\\/pl\\\/ddi-inspekcja-powierzchni-ciagadel\\\/#breadcrumb\"},\"inLanguage\":\"pl-PL\",\"potentialAction\":[{\"@type\":\"ReadAction\",\"target\":[\"https:\\\/\\\/measline.com\\\/index.php\\\/pl\\\/ddi-inspekcja-powierzchni-ciagadel\\\/\"]}]},{\"@type\":\"ImageObject\",\"inLanguage\":\"pl-PL\",\"@id\":\"https:\\\/\\\/measline.com\\\/index.php\\\/pl\\\/ddi-inspekcja-powierzchni-ciagadel\\\/#primaryimage\",\"url\":\"https:\\\/\\\/measline.com\\\/wp-content\\\/uploads\\\/2022\\\/04\\\/Uchwyt-ciagadlo.jpg\",\"contentUrl\":\"https:\\\/\\\/measline.com\\\/wp-content\\\/uploads\\\/2022\\\/04\\\/Uchwyt-ciagadlo.jpg\",\"width\":1340,\"height\":532,\"caption\":\"Uchwyt do pomiaru geometrii ci\u0105gade\u0142\"},{\"@type\":\"BreadcrumbList\",\"@id\":\"https:\\\/\\\/measline.com\\\/index.php\\\/pl\\\/ddi-inspekcja-powierzchni-ciagadel\\\/#breadcrumb\",\"itemListElement\":[{\"@type\":\"ListItem\",\"position\":1,\"name\":\"Strona g\u0142\u00f3wna\",\"item\":\"https:\\\/\\\/measline.com\\\/index.php\\\/pl\\\/\"},{\"@type\":\"ListItem\",\"position\":2,\"name\":\"DDI Inspekcja powierzchni ci\u0105gade\u0142\"}]},{\"@type\":\"WebSite\",\"@id\":\"https:\\\/\\\/measline.com\\\/#website\",\"url\":\"https:\\\/\\\/measline.com\\\/\",\"name\":\"Measline\",\"description\":\"Advanced solutions\",\"publisher\":{\"@id\":\"https:\\\/\\\/measline.com\\\/#organization\"},\"potentialAction\":[{\"@type\":\"SearchAction\",\"target\":{\"@type\":\"EntryPoint\",\"urlTemplate\":\"https:\\\/\\\/measline.com\\\/?s={search_term_string}\"},\"query-input\":{\"@type\":\"PropertyValueSpecification\",\"valueRequired\":true,\"valueName\":\"search_term_string\"}}],\"inLanguage\":\"pl-PL\"},{\"@type\":\"Organization\",\"@id\":\"https:\\\/\\\/measline.com\\\/#organization\",\"name\":\"Measline\",\"url\":\"https:\\\/\\\/measline.com\\\/\",\"logo\":{\"@type\":\"ImageObject\",\"inLanguage\":\"pl-PL\",\"@id\":\"https:\\\/\\\/measline.com\\\/#\\\/schema\\\/logo\\\/image\\\/\",\"url\":\"https:\\\/\\\/measline.com\\\/wp-content\\\/uploads\\\/2021\\\/11\\\/logo_color_small.png.png\",\"contentUrl\":\"https:\\\/\\\/measline.com\\\/wp-content\\\/uploads\\\/2021\\\/11\\\/logo_color_small.png.png\",\"width\":1000,\"height\":417,\"caption\":\"Measline\"},\"image\":{\"@id\":\"https:\\\/\\\/measline.com\\\/#\\\/schema\\\/logo\\\/image\\\/\"}}]}<\/script>\n<!-- \/ Yoast SEO plugin. -->","yoast_head_json":{"title":"Urz\u0105dzenie do inspekcji powierzchni ci\u0105gade\u0142 - Measline","description":"System do wizualnej inspekcji jako\u015bci powierzchni otwor\u00f3w ci\u0105gade\u0142, z mo\u017cliwo\u015bci\u0105 regulacji o\u015bwietlenia, po\u0142o\u017cenia i k\u0105ta nachylenia ci\u0105gad\u0142a","robots":{"index":"index","follow":"follow","max-snippet":"max-snippet:-1","max-image-preview":"max-image-preview:large","max-video-preview":"max-video-preview:-1"},"canonical":"https:\/\/measline.com\/index.php\/pl\/ddi-inspekcja-powierzchni-ciagadel\/","og_locale":"pl_PL","og_type":"article","og_title":"Urz\u0105dzenie do inspekcji powierzchni ci\u0105gade\u0142 - Measline","og_description":"System do wizualnej inspekcji jako\u015bci powierzchni otwor\u00f3w ci\u0105gade\u0142, z mo\u017cliwo\u015bci\u0105 regulacji o\u015bwietlenia, po\u0142o\u017cenia i k\u0105ta nachylenia ci\u0105gad\u0142a","og_url":"https:\/\/measline.com\/index.php\/pl\/ddi-inspekcja-powierzchni-ciagadel\/","og_site_name":"Measline","article_modified_time":"2022-04-13T08:30:52+00:00","og_image":[{"width":1340,"height":532,"url":"https:\/\/measline.com\/wp-content\/uploads\/2022\/04\/Uchwyt-ciagadlo.jpg","type":"image\/jpeg"}],"twitter_card":"summary_large_image","twitter_misc":{"Szacowany czas czytania":"2 minuty"},"schema":{"@context":"https:\/\/schema.org","@graph":[{"@type":"WebPage","@id":"https:\/\/measline.com\/index.php\/pl\/ddi-inspekcja-powierzchni-ciagadel\/","url":"https:\/\/measline.com\/index.php\/pl\/ddi-inspekcja-powierzchni-ciagadel\/","name":"Urz\u0105dzenie do inspekcji powierzchni ci\u0105gade\u0142 - Measline","isPartOf":{"@id":"https:\/\/measline.com\/#website"},"primaryImageOfPage":{"@id":"https:\/\/measline.com\/index.php\/pl\/ddi-inspekcja-powierzchni-ciagadel\/#primaryimage"},"image":{"@id":"https:\/\/measline.com\/index.php\/pl\/ddi-inspekcja-powierzchni-ciagadel\/#primaryimage"},"thumbnailUrl":"https:\/\/measline.com\/wp-content\/uploads\/2022\/04\/Uchwyt-ciagadlo.jpg","datePublished":"2022-03-31T09:25:17+00:00","dateModified":"2022-04-13T08:30:52+00:00","description":"System do wizualnej inspekcji jako\u015bci powierzchni otwor\u00f3w ci\u0105gade\u0142, z mo\u017cliwo\u015bci\u0105 regulacji o\u015bwietlenia, po\u0142o\u017cenia i k\u0105ta nachylenia ci\u0105gad\u0142a","breadcrumb":{"@id":"https:\/\/measline.com\/index.php\/pl\/ddi-inspekcja-powierzchni-ciagadel\/#breadcrumb"},"inLanguage":"pl-PL","potentialAction":[{"@type":"ReadAction","target":["https:\/\/measline.com\/index.php\/pl\/ddi-inspekcja-powierzchni-ciagadel\/"]}]},{"@type":"ImageObject","inLanguage":"pl-PL","@id":"https:\/\/measline.com\/index.php\/pl\/ddi-inspekcja-powierzchni-ciagadel\/#primaryimage","url":"https:\/\/measline.com\/wp-content\/uploads\/2022\/04\/Uchwyt-ciagadlo.jpg","contentUrl":"https:\/\/measline.com\/wp-content\/uploads\/2022\/04\/Uchwyt-ciagadlo.jpg","width":1340,"height":532,"caption":"Uchwyt do pomiaru geometrii ci\u0105gade\u0142"},{"@type":"BreadcrumbList","@id":"https:\/\/measline.com\/index.php\/pl\/ddi-inspekcja-powierzchni-ciagadel\/#breadcrumb","itemListElement":[{"@type":"ListItem","position":1,"name":"Strona g\u0142\u00f3wna","item":"https:\/\/measline.com\/index.php\/pl\/"},{"@type":"ListItem","position":2,"name":"DDI Inspekcja powierzchni ci\u0105gade\u0142"}]},{"@type":"WebSite","@id":"https:\/\/measline.com\/#website","url":"https:\/\/measline.com\/","name":"Measline","description":"Advanced solutions","publisher":{"@id":"https:\/\/measline.com\/#organization"},"potentialAction":[{"@type":"SearchAction","target":{"@type":"EntryPoint","urlTemplate":"https:\/\/measline.com\/?s={search_term_string}"},"query-input":{"@type":"PropertyValueSpecification","valueRequired":true,"valueName":"search_term_string"}}],"inLanguage":"pl-PL"},{"@type":"Organization","@id":"https:\/\/measline.com\/#organization","name":"Measline","url":"https:\/\/measline.com\/","logo":{"@type":"ImageObject","inLanguage":"pl-PL","@id":"https:\/\/measline.com\/#\/schema\/logo\/image\/","url":"https:\/\/measline.com\/wp-content\/uploads\/2021\/11\/logo_color_small.png.png","contentUrl":"https:\/\/measline.com\/wp-content\/uploads\/2021\/11\/logo_color_small.png.png","width":1000,"height":417,"caption":"Measline"},"image":{"@id":"https:\/\/measline.com\/#\/schema\/logo\/image\/"}}]}},"_links":{"self":[{"href":"https:\/\/measline.com\/index.php\/wp-json\/wp\/v2\/pages\/2991","targetHints":{"allow":["GET"]}}],"collection":[{"href":"https:\/\/measline.com\/index.php\/wp-json\/wp\/v2\/pages"}],"about":[{"href":"https:\/\/measline.com\/index.php\/wp-json\/wp\/v2\/types\/page"}],"author":[{"embeddable":true,"href":"https:\/\/measline.com\/index.php\/wp-json\/wp\/v2\/users\/2"}],"replies":[{"embeddable":true,"href":"https:\/\/measline.com\/index.php\/wp-json\/wp\/v2\/comments?post=2991"}],"version-history":[{"count":18,"href":"https:\/\/measline.com\/index.php\/wp-json\/wp\/v2\/pages\/2991\/revisions"}],"predecessor-version":[{"id":3473,"href":"https:\/\/measline.com\/index.php\/wp-json\/wp\/v2\/pages\/2991\/revisions\/3473"}],"wp:featuredmedia":[{"embeddable":true,"href":"https:\/\/measline.com\/index.php\/wp-json\/wp\/v2\/media\/3112"}],"wp:attachment":[{"href":"https:\/\/measline.com\/index.php\/wp-json\/wp\/v2\/media?parent=2991"}],"curies":[{"name":"wp","href":"https:\/\/api.w.org\/{rel}","templated":true}]}}