{"id":3084,"date":"2022-04-05T09:38:08","date_gmt":"2022-04-05T07:38:08","guid":{"rendered":"https:\/\/measline.com\/?page_id=3084"},"modified":"2022-04-14T13:30:43","modified_gmt":"2022-04-14T11:30:43","slug":"optyczne-urzadzenia-pomia","status":"publish","type":"page","link":"https:\/\/measline.com\/index.php\/pl\/optyczne-urzadzenia-pomia\/","title":{"rendered":"OEG"},"content":{"rendered":"\n[et_pb_section fb_built=&#8221;1&#8243; _builder_version=&#8221;4.16&#8243; _module_preset=&#8221;default&#8221; background_color=&#8221;rgba(0,0,0,0.59)&#8221; background_color_gradient_start=&#8221;rgba(0,0,0,0.5)&#8221; background_color_gradient_end=&#8221;rgba(0,0,0,0.5)&#8221; background_enable_image=&#8221;off&#8221; min_height=&#8221;275px&#8221; custom_margin=&#8221;0px||||false|false&#8221; custom_padding=&#8221;29px|0px|29px|0px|true|true&#8221; box_shadow_style=&#8221;preset3&#8243; box_shadow_blur=&#8221;10px&#8221; box_shadow_spread=&#8221;-16px&#8221; global_colors_info=&#8221;{}&#8221;][et_pb_row _builder_version=&#8221;4.16&#8243; _module_preset=&#8221;default&#8221; background_color=&#8221;RGBA(0,0,0,0)&#8221; max_height=&#8221;434px&#8221; custom_margin=&#8221;||||false|false&#8221; custom_padding=&#8221;0px||||false|false&#8221; global_colors_info=&#8221;{}&#8221;][et_pb_column type=&#8221;4_4&#8243; _builder_version=&#8221;4.16&#8243; _module_preset=&#8221;default&#8221; global_colors_info=&#8221;{}&#8221;][et_pb_divider show_divider=&#8221;off&#8221; admin_label=&#8221;Separator&#8221; _builder_version=&#8221;4.16&#8243; _module_preset=&#8221;default&#8221; custom_margin=&#8221;||||false|false&#8221; custom_padding=&#8221;||||false|false&#8221; global_colors_info=&#8221;{}&#8221;][\/et_pb_divider][\/et_pb_column][\/et_pb_row][et_pb_row _builder_version=&#8221;4.16.0&#8243; _module_preset=&#8221;default&#8221; width=&#8221;72.5%&#8221; global_colors_info=&#8221;{}&#8221;][et_pb_column type=&#8221;4_4&#8243; _builder_version=&#8221;4.16.0&#8243; _module_preset=&#8221;default&#8221; global_colors_info=&#8221;{}&#8221;][et_pb_text _builder_version=&#8221;4.17.0&#8243; _module_preset=&#8221;default&#8221; hover_enabled=&#8221;0&#8243; global_colors_info=&#8221;{}&#8221; sticky_enabled=&#8221;0&#8243;]<h1><span style=\"color: #ffffff;\">Optyczne urz\u0105dzenia pomiarowe<\/span><\/h1>\n<p><span style=\"color: #ffffff;\"><\/span><\/p>\n<h3><span style=\"color: #ffffff;\">Oferta firmy<\/span><span style=\"color: #00ccff;\"><a href=\"https:\/\/www.oeggmbh.com\" target=\"_blank\" rel=\"noopener\" style=\"color: #00ccff;\"> OEG<\/a><\/span><span style=\"color: #ffffff;\"><span style=\"color: #00ccff;\"><a href=\"https:\/\/www.oeggmbh.com\" target=\"_blank\" rel=\"noopener\" style=\"color: #00ccff;\"> GmbH<\/a><\/span> obejmuje urz\u0105dzenia przeznaczone do:<\/span><\/h3>\n<p><span style=\"color: #ffffff;\">-pomiaru k\u0105ta zwil\u017cania i napi\u0119cia powierzchniowego cieczy<br \/><\/span><span style=\"color: #ffffff;\">-inspekcji powierzchni otwor\u00f3w ci\u0105gade\u0142 oraz pomiaru i geometrii, a tak\u017ce analizy geometrii drut\u00f3w i pr\u0119t\u00f3w<br \/>-pomiaru p\u0142asko\u015bci, r\u00f3wnoleg\u0142o\u015bci oraz prostopad\u0142o\u015bci powierzchni<br \/>-pomiar\u00f3w obiekt\u00f3w powierzchniowych za pomoc\u0105 mikroskop\u00f3w pomiarowych<br \/>-pomiaru nachylenia, \u0142uku, krzywizny powierzchni a tak\u017ce grubo\u015bci szyb do zastosowa\u0144 w przemy\u015ble transportowym<br \/>-pomiar funkcji przenoszenia modulacji (MTF) noktowizor\u00f3w oraz wzmacniaczy obrazu\u00a0<\/span><span style=\"color: #ffffff;\"><\/span><\/p>\n<p><span style=\"color: #ffffff;\">Oferowane produkty charakteryzuj\u0105 si\u0119 wysok\u0105 jako\u015bci\u0105 wykonania, du\u017c\u0105 funkcjonalno\u015bci\u0105, ale tak\u017ce korzystn\u0105 cen\u0105.<\/span><\/p>\n<p><span style=\"color: #ffffff;\"><\/span><\/p>[\/et_pb_text][\/et_pb_column][\/et_pb_row][\/et_pb_section][et_pb_section fb_built=&#8221;1&#8243; _builder_version=&#8221;4.16.1&#8243; _module_preset=&#8221;default&#8221; background_color=&#8221;#f4f4f4&#8243; custom_padding=&#8221;9px||0px|||&#8221; global_module=&#8221;3145&#8243; saved_tabs=&#8221;all&#8221; global_colors_info=&#8221;{}&#8221;][et_pb_row _builder_version=&#8221;4.16.1&#8243; _module_preset=&#8221;default&#8221; custom_padding=&#8221;0px||9px|||&#8221; global_colors_info=&#8221;{}&#8221;][et_pb_column type=&#8221;4_4&#8243; _builder_version=&#8221;4.16.1&#8243; _module_preset=&#8221;default&#8221; global_colors_info=&#8221;{}&#8221;][et_pb_button button_url=&#8221;@ET-DC@eyJkeW5hbWljIjp0cnVlLCJjb250ZW50IjoicG9zdF9saW5rX3VybF9wYWdlIiwic2V0dGluZ3MiOnsicG9zdF9pZCI6Ijg0In19@&#8221; button_text=&#8221;Powr\u00f3t do podkategorii&#8221; _builder_version=&#8221;4.16.1&#8243; _dynamic_attributes=&#8221;button_url&#8221; _module_preset=&#8221;default&#8221; custom_button=&#8221;on&#8221; button_text_color=&#8221;#000000&#8243; button_bg_color=&#8221;RGBA(255,255,255,0)&#8221; button_border_color=&#8221;RGBA(255,255,255,0)&#8221; button_icon=&#8221;&#x4a;||divi||400&#8243; button_icon_color=&#8221;#000000&#8243; global_colors_info=&#8221;{}&#8221;][\/et_pb_button][\/et_pb_column][\/et_pb_row][\/et_pb_section][et_pb_section fb_built=&#8221;1&#8243; _builder_version=&#8221;4.16&#8243; _module_preset=&#8221;default&#8221; background_color=&#8221;RGBA(0,0,0,0)&#8221; global_colors_info=&#8221;{}&#8221;][et_pb_row column_structure=&#8221;1_3,1_3,1_3&#8243; _builder_version=&#8221;4.16&#8243; _module_preset=&#8221;default&#8221; background_color=&#8221;RGBA(0,0,0,0)&#8221; custom_padding=&#8221;||31px|||&#8221; global_colors_info=&#8221;{}&#8221;][et_pb_column type=&#8221;1_3&#8243; _builder_version=&#8221;4.16&#8243; _module_preset=&#8221;default&#8221; custom_padding=&#8221;17px|13px|0px|13px|false|true&#8221; box_shadow_style=&#8221;preset1&#8243; global_colors_info=&#8221;{}&#8221;][et_pb_toggle title=&#8221;Oferta firmy OEG&#8221; toggle_icon=&#8221;&#x3b;||divi||400&#8243; open_toggle_icon=&#8221;&#x3a;||divi||400&#8243; _builder_version=&#8221;4.16.0&#8243; _module_preset=&#8221;default&#8221; custom_margin=&#8221;||6px|||&#8221; global_colors_info=&#8221;{}&#8221;]<p><span class=\"VIiyi\" jsaction=\"mouseup:BR6jm\" jsname=\"jqKxS\" lang=\"pl\"><span jsaction=\"agoMJf:PFBcW;usxOmf:aWLT7;jhKsnd:P7O7bd,F8DmGf;Q4AGo:Gm7gYd,qAKMYb;uFUCPb:pvnm0e,pfE8Hb,PFBcW;f56efd:dJXsye;EnoYf:KNzws,ZJsZZ,JgVSJc;zdMJQc:cCQNKb,ZJsZZ,zchEXc;Ytrrj:JJDvdc;tNR8yc:GeFvjb;oFN6Ye:hij5Wb;bmeZHc:iURhpf;Oxj3Xe:qAKMYb,yaf12d\" jsname=\"txFAF\" class=\"JLqJ4b ChMk0b\" data-language-for-alternatives=\"pl\" data-language-to-translate-into=\"en\" data-phrase-index=\"0\" data-number-of-phrases=\"1\" jscontroller=\"Zl5N8\" jsdata=\"uqLsIf;_;$115\" jsmodel=\"SsMkhd\"><span jsaction=\"click:qtZ4nf,GFf3ac,tMZCfe; contextmenu:Nqw7Te,QP7LD; mouseout:Nqw7Te; mouseover:qtZ4nf,c2aHje\" jsname=\"W297wb\">OEG GmbH opracowuje i produkuje optyczne przyrz\u0105dy pomiarowe oparte na przetwarzaniu obrazu, dedykowane zar\u00f3wno dla przemys\u0142u jak r\u00f3wnie\u017c bada\u0144 naukowych.<\/span><\/span><\/span><\/p>[\/et_pb_toggle][et_pb_divider color=&#8221;#254e0f&#8221; _builder_version=&#8221;4.16&#8243; _module_preset=&#8221;default&#8221; min_height=&#8221;4.8px&#8221; custom_margin=&#8221;36px||0px|||&#8221; global_colors_info=&#8221;{}&#8221;][\/et_pb_divider][\/et_pb_column][et_pb_column type=&#8221;1_3&#8243; _builder_version=&#8221;4.16&#8243; _module_preset=&#8221;default&#8221; custom_padding=&#8221;17px|13px|0px|13px|false|true&#8221; box_shadow_style=&#8221;preset1&#8243; global_colors_info=&#8221;{}&#8221;][et_pb_image src=&#8221;https:\/\/measline.com\/wp-content\/uploads\/2022\/04\/Surftens-universal-kolo-fragment2.jpg&#8221; alt=&#8221;Surftens Universal Kolo Fragment2&#8243; title_text=&#8221;Surftens Universal Kolo Fragment2&#8243; url=&#8221;@ET-DC@eyJkeW5hbWljIjp0cnVlLCJjb250ZW50IjoicG9zdF9saW5rX3VybF9wYWdlIiwic2V0dGluZ3MiOnsicG9zdF9pZCI6IjEwMTMifX0=@&#8221; admin_label=&#8221;img_systemy&#8221; _builder_version=&#8221;4.16.0&#8243; _dynamic_attributes=&#8221;url&#8221; _module_preset=&#8221;default&#8221; custom_margin=&#8221;||26px|||&#8221; custom_padding=&#8221;||0px|||&#8221; locked=&#8221;off&#8221; global_colors_info=&#8221;{}&#8221;][\/et_pb_image][et_pb_text admin_label=&#8221;kat_systemy&#8221; _builder_version=&#8221;4.16.0&#8243; _dynamic_attributes=&#8221;link_option_url&#8221; _module_preset=&#8221;default&#8221; min_height=&#8221;38px&#8221; link_option_url=&#8221;@ET-DC@eyJkeW5hbWljIjp0cnVlLCJjb250ZW50IjoicG9zdF9saW5rX3VybF9wYWdlIiwic2V0dGluZ3MiOnsicG9zdF9pZCI6IjEwMTMifX0=@&#8221; locked=&#8221;off&#8221; global_colors_info=&#8221;{}&#8221;]<h5 style=\"text-align: center;\"><strong>SURFTENS<\/strong><\/h5>\n<h6 style=\"text-align: center;\"><strong>Goniometry do pomiaru k\u0105ta zwil\u017cania<br \/>oraz napi\u0119cia powierzchniowego cieczy<\/strong><\/h6>[\/et_pb_text][et_pb_divider color=&#8221;#254e0f&#8221; _builder_version=&#8221;4.16&#8243; _module_preset=&#8221;default&#8221; locked=&#8221;off&#8221; global_colors_info=&#8221;{}&#8221;][\/et_pb_divider][\/et_pb_column][et_pb_column type=&#8221;1_3&#8243; _builder_version=&#8221;4.16&#8243; _module_preset=&#8221;default&#8221; custom_padding=&#8221;17px|13px|0px|13px|false|true&#8221; box_shadow_style=&#8221;preset1&#8243; global_colors_info=&#8221;{}&#8221;][et_pb_image src=&#8221;https:\/\/measline.com\/wp-content\/uploads\/2022\/04\/Uchwyt-ciagadlo.jpg&#8221; alt=&#8221;Uchwyt Ci\u0105gad\u0142o&#8221; title_text=&#8221;Uchwyt Ci\u0105gad\u0142o&#8221; url=&#8221;@ET-DC@eyJkeW5hbWljIjp0cnVlLCJjb250ZW50IjoicG9zdF9saW5rX3VybF9wYWdlIiwic2V0dGluZ3MiOnsicG9zdF9pZCI6IjMwMzAifX0=@&#8221; admin_label=&#8221;img_custom&#8221; _builder_version=&#8221;4.16.0&#8243; _dynamic_attributes=&#8221;url&#8221; _module_preset=&#8221;default&#8221; global_colors_info=&#8221;{}&#8221;][\/et_pb_image][et_pb_text admin_label=&#8221;kat_custom&#8221; _builder_version=&#8221;4.16.0&#8243; _dynamic_attributes=&#8221;link_option_url&#8221; _module_preset=&#8221;default&#8221; link_option_url=&#8221;@ET-DC@eyJkeW5hbWljIjp0cnVlLCJjb250ZW50IjoicG9zdF9saW5rX3VybF9wYWdlIiwic2V0dGluZ3MiOnsicG9zdF9pZCI6IjMwMzAifX0=@&#8221; global_colors_info=&#8221;{}&#8221;]<h5 style=\"text-align: center;\"><strong>DGMS, DDI, DIM<\/strong><\/h5>\n<h6><strong>Systemy do inspekcji powierzchni oraz pomiar\u00f3w geometrii ci\u0105gade\u0142 i drut\u00f3w\u00a0<\/strong><\/h6>[\/et_pb_text][et_pb_divider color=&#8221;#254e0f&#8221; _builder_version=&#8221;4.16&#8243; _module_preset=&#8221;default&#8221; global_colors_info=&#8221;{}&#8221;][\/et_pb_divider][\/et_pb_column][\/et_pb_row][et_pb_row column_structure=&#8221;1_3,1_3,1_3&#8243; _builder_version=&#8221;4.16&#8243; _module_preset=&#8221;default&#8221; background_color=&#8221;RGBA(0,0,0,0)&#8221; global_colors_info=&#8221;{}&#8221;][et_pb_column type=&#8221;1_3&#8243; _builder_version=&#8221;4.16&#8243; _module_preset=&#8221;default&#8221; custom_padding=&#8221;17px|13px|0px|13px|false|true&#8221; box_shadow_style=&#8221;preset1&#8243; global_colors_info=&#8221;{}&#8221;][et_pb_image src=&#8221;https:\/\/measline.com\/wp-content\/uploads\/2022\/04\/ELCOWIN-1.png&#8221; alt=&#8221;Elcowin&#8221; title_text=&#8221;Elcowin&#8221; admin_label=&#8221;img_hv&#8221; _builder_version=&#8221;4.16.0&#8243; _module_preset=&#8221;default&#8221; global_colors_info=&#8221;{}&#8221;][\/et_pb_image][et_pb_text admin_label=&#8221;kat_hv&#8221; _builder_version=&#8221;4.16.0&#8243; _module_preset=&#8221;default&#8221; global_colors_info=&#8221;{}&#8221;]<h5 style=\"text-align: center;\"><strong>ELCOWIN i ELCOLEVEL<\/strong><\/h5>\n<h6 style=\"text-align: center;\"><strong>Urz\u0105dzenia do pomiaru p\u0142asko\u015bci, r\u00f3wnoleg\u0142o\u015bci,\u00a0<\/strong><b>prostopad\u0142o\u015bci<\/b><\/h6>[\/et_pb_text][et_pb_divider color=&#8221;#254e0f&#8221; _builder_version=&#8221;4.16&#8243; _module_preset=&#8221;default&#8221; global_colors_info=&#8221;{}&#8221;][\/et_pb_divider][\/et_pb_column][et_pb_column type=&#8221;1_3&#8243; _builder_version=&#8221;4.16&#8243; _module_preset=&#8221;default&#8221; custom_padding=&#8221;17px|13px|0px|13px|false|true&#8221; box_shadow_style=&#8221;preset1&#8243; global_colors_info=&#8221;{}&#8221;][et_pb_image src=&#8221;https:\/\/measline.com\/wp-content\/uploads\/2022\/04\/Mikroskop2-1.png&#8221; alt=&#8221;Mikroskop2&#8243; title_text=&#8221;Mikroskop2&#8243; admin_label=&#8221;img_systemy&#8221; _builder_version=&#8221;4.16.0&#8243; _module_preset=&#8221;default&#8221; locked=&#8221;off&#8221; global_colors_info=&#8221;{}&#8221;][\/et_pb_image][et_pb_text admin_label=&#8221;kat_systemy&#8221; _builder_version=&#8221;4.16.0&#8243; _module_preset=&#8221;default&#8221; locked=&#8221;off&#8221; global_colors_info=&#8221;{}&#8221;]<h5 style=\"text-align: center;\"><strong>Mikroskopy pomiarowe<\/strong><\/h5>\n<h5 style=\"text-align: center;\"><strong>wyposa\u017cone w oprogramowanie<br \/>do przetwarzania obrazu<\/strong><\/h5>[\/et_pb_text][et_pb_divider color=&#8221;#254e0f&#8221; _builder_version=&#8221;4.16&#8243; _module_preset=&#8221;default&#8221; locked=&#8221;off&#8221; global_colors_info=&#8221;{}&#8221;][\/et_pb_divider][\/et_pb_column][et_pb_column type=&#8221;1_3&#8243; _builder_version=&#8221;4.16&#8243; _module_preset=&#8221;default&#8221; custom_padding=&#8221;17px|13px|0px|13px|false|true&#8221; box_shadow_style=&#8221;preset1&#8243; global_colors_info=&#8221;{}&#8221;][et_pb_image src=&#8221;https:\/\/measline.com\/wp-content\/uploads\/2022\/04\/Flatscan2.jpg&#8221; alt=&#8221;Flatscan2&#8243; title_text=&#8221;Flatscan2&#8243; admin_label=&#8221;img_custom&#8221; _builder_version=&#8221;4.16.0&#8243; _module_preset=&#8221;default&#8221; global_colors_info=&#8221;{}&#8221;][\/et_pb_image][et_pb_text admin_label=&#8221;kat_custom&#8221; _builder_version=&#8221;4.16.0&#8243; _module_preset=&#8221;default&#8221; global_colors_info=&#8221;{}&#8221;]<h5 style=\"text-align: center;\"><strong>WAS i FLATSCAN<\/strong><\/h5>\n<h6 style=\"text-align: center;\"><strong><span>Urz\u0105dzenia do pomiaru nachylenia<br \/><\/span><\/strong><strong><span>i krzywizny <\/span><\/strong><strong><span>oraz grubo\u015bci<\/span><\/strong><\/h6>[\/et_pb_text][et_pb_divider color=&#8221;#254e0f&#8221; _builder_version=&#8221;4.16&#8243; _module_preset=&#8221;default&#8221; global_colors_info=&#8221;{}&#8221;][\/et_pb_divider][\/et_pb_column][\/et_pb_row][et_pb_row column_structure=&#8221;1_3,1_3,1_3&#8243; _builder_version=&#8221;4.16.0&#8243; _module_preset=&#8221;default&#8221; background_color=&#8221;RGBA(0,0,0,0)&#8221; global_colors_info=&#8221;{}&#8221;][et_pb_column type=&#8221;1_3&#8243; _builder_version=&#8221;4.16&#8243; _module_preset=&#8221;default&#8221; custom_padding=&#8221;17px|13px|0px|13px|false|true&#8221; box_shadow_style=&#8221;preset1&#8243; global_colors_info=&#8221;{}&#8221;][et_pb_image src=&#8221;https:\/\/measline.com\/wp-content\/uploads\/2022\/04\/MTF2-scaled.jpg&#8221; alt=&#8221;Mtf2&#8243; title_text=&#8221;Mtf2&#8243; admin_label=&#8221;img_hv&#8221; _builder_version=&#8221;4.16.0&#8243; _module_preset=&#8221;default&#8221; global_colors_info=&#8221;{}&#8221;][\/et_pb_image][et_pb_text admin_label=&#8221;kat_hv&#8221; _builder_version=&#8221;4.16.0&#8243; _module_preset=&#8221;default&#8221; global_colors_info=&#8221;{}&#8221;]<h5 style=\"text-align: center;\"><strong>MTF<\/strong><\/h5>\n<h6 style=\"text-align: center;\"><strong>Stanowiska do analizy noktowizor\u00f3w <br \/><\/strong><strong>oraz wzmacniaczy obrazu<\/strong><\/h6>[\/et_pb_text][et_pb_divider color=&#8221;#254e0f&#8221; _builder_version=&#8221;4.16&#8243; _module_preset=&#8221;default&#8221; global_colors_info=&#8221;{}&#8221;][\/et_pb_divider][\/et_pb_column][et_pb_column type=&#8221;1_3&#8243; _builder_version=&#8221;4.16.0&#8243; _module_preset=&#8221;default&#8221; global_colors_info=&#8221;{}&#8221;][\/et_pb_column][et_pb_column type=&#8221;1_3&#8243; _builder_version=&#8221;4.16.0&#8243; _module_preset=&#8221;default&#8221; global_colors_info=&#8221;{}&#8221;][\/et_pb_column][\/et_pb_row][\/et_pb_section]\n","protected":false},"excerpt":{"rendered":"<p>Optyczne urz\u0105dzenia pomiarowe Oferta firmy OEG GmbH obejmuje urz\u0105dzenia przeznaczone do: -pomiaru k\u0105ta zwil\u017cania i napi\u0119cia powierzchniowego cieczy-inspekcji powierzchni otwor\u00f3w ci\u0105gade\u0142 oraz pomiaru i geometrii, a tak\u017ce analizy geometrii drut\u00f3w i pr\u0119t\u00f3w-pomiaru p\u0142asko\u015bci, r\u00f3wnoleg\u0142o\u015bci oraz prostopad\u0142o\u015bci powierzchni-pomiar\u00f3w obiekt\u00f3w powierzchniowych za pomoc\u0105 mikroskop\u00f3w pomiarowych-pomiaru nachylenia, \u0142uku, krzywizny powierzchni a tak\u017ce grubo\u015bci szyb do zastosowa\u0144 w przemy\u015ble [&hellip;]<\/p>\n","protected":false},"author":2,"featured_media":0,"parent":0,"menu_order":0,"comment_status":"closed","ping_status":"closed","template":"","meta":{"_et_pb_use_builder":"on","_et_pb_old_content":"","_et_gb_content_width":"","footnotes":""},"class_list":["post-3084","page","type-page","status-publish","hentry"],"yoast_head":"<!-- This site is optimized with the Yoast SEO plugin v27.4 - https:\/\/yoast.com\/product\/yoast-seo-wordpress\/ -->\n<title>Optyczne urz\u0105dzenia pomiarowe firmy OEG - Measline<\/title>\n<meta name=\"description\" content=\"Optyczne urz\u0105dzenia pomiarowe przeznaczone do analizy powierzchni, m.in. k\u0105ta zwil\u017cania, napi\u0119cia powierzchniowego, p\u0142asko\u015bci powierzchni\" \/>\n<meta name=\"robots\" content=\"index, follow, max-snippet:-1, max-image-preview:large, max-video-preview:-1\" \/>\n<link rel=\"canonical\" href=\"https:\/\/measline.com\/index.php\/pl\/optyczne-urzadzenia-pomia\/\" \/>\n<meta property=\"og:locale\" content=\"pl_PL\" \/>\n<meta property=\"og:type\" content=\"article\" \/>\n<meta property=\"og:title\" content=\"Optyczne urz\u0105dzenia pomiarowe firmy OEG - Measline\" \/>\n<meta property=\"og:description\" content=\"Optyczne urz\u0105dzenia pomiarowe przeznaczone do analizy powierzchni, m.in. k\u0105ta zwil\u017cania, napi\u0119cia powierzchniowego, p\u0142asko\u015bci powierzchni\" \/>\n<meta property=\"og:url\" content=\"https:\/\/measline.com\/index.php\/pl\/optyczne-urzadzenia-pomia\/\" \/>\n<meta property=\"og:site_name\" content=\"Measline\" \/>\n<meta property=\"article:modified_time\" content=\"2022-04-14T11:30:43+00:00\" \/>\n<meta name=\"twitter:card\" content=\"summary_large_image\" \/>\n<meta name=\"twitter:label1\" content=\"Szacowany czas czytania\" \/>\n\t<meta name=\"twitter:data1\" content=\"3 minuty\" \/>\n<script type=\"application\/ld+json\" class=\"yoast-schema-graph\">{\"@context\":\"https:\\\/\\\/schema.org\",\"@graph\":[{\"@type\":\"WebPage\",\"@id\":\"https:\\\/\\\/measline.com\\\/index.php\\\/pl\\\/optyczne-urzadzenia-pomia\\\/\",\"url\":\"https:\\\/\\\/measline.com\\\/index.php\\\/pl\\\/optyczne-urzadzenia-pomia\\\/\",\"name\":\"Optyczne urz\u0105dzenia pomiarowe firmy OEG - Measline\",\"isPartOf\":{\"@id\":\"https:\\\/\\\/measline.com\\\/#website\"},\"datePublished\":\"2022-04-05T07:38:08+00:00\",\"dateModified\":\"2022-04-14T11:30:43+00:00\",\"description\":\"Optyczne urz\u0105dzenia pomiarowe przeznaczone do analizy powierzchni, m.in. k\u0105ta zwil\u017cania, napi\u0119cia powierzchniowego, p\u0142asko\u015bci powierzchni\",\"breadcrumb\":{\"@id\":\"https:\\\/\\\/measline.com\\\/index.php\\\/pl\\\/optyczne-urzadzenia-pomia\\\/#breadcrumb\"},\"inLanguage\":\"pl-PL\",\"potentialAction\":[{\"@type\":\"ReadAction\",\"target\":[\"https:\\\/\\\/measline.com\\\/index.php\\\/pl\\\/optyczne-urzadzenia-pomia\\\/\"]}]},{\"@type\":\"BreadcrumbList\",\"@id\":\"https:\\\/\\\/measline.com\\\/index.php\\\/pl\\\/optyczne-urzadzenia-pomia\\\/#breadcrumb\",\"itemListElement\":[{\"@type\":\"ListItem\",\"position\":1,\"name\":\"Strona g\u0142\u00f3wna\",\"item\":\"https:\\\/\\\/measline.com\\\/index.php\\\/pl\\\/\"},{\"@type\":\"ListItem\",\"position\":2,\"name\":\"OEG\"}]},{\"@type\":\"WebSite\",\"@id\":\"https:\\\/\\\/measline.com\\\/#website\",\"url\":\"https:\\\/\\\/measline.com\\\/\",\"name\":\"Measline\",\"description\":\"Advanced solutions\",\"publisher\":{\"@id\":\"https:\\\/\\\/measline.com\\\/#organization\"},\"potentialAction\":[{\"@type\":\"SearchAction\",\"target\":{\"@type\":\"EntryPoint\",\"urlTemplate\":\"https:\\\/\\\/measline.com\\\/?s={search_term_string}\"},\"query-input\":{\"@type\":\"PropertyValueSpecification\",\"valueRequired\":true,\"valueName\":\"search_term_string\"}}],\"inLanguage\":\"pl-PL\"},{\"@type\":\"Organization\",\"@id\":\"https:\\\/\\\/measline.com\\\/#organization\",\"name\":\"Measline\",\"url\":\"https:\\\/\\\/measline.com\\\/\",\"logo\":{\"@type\":\"ImageObject\",\"inLanguage\":\"pl-PL\",\"@id\":\"https:\\\/\\\/measline.com\\\/#\\\/schema\\\/logo\\\/image\\\/\",\"url\":\"https:\\\/\\\/measline.com\\\/wp-content\\\/uploads\\\/2021\\\/11\\\/logo_color_small.png.png\",\"contentUrl\":\"https:\\\/\\\/measline.com\\\/wp-content\\\/uploads\\\/2021\\\/11\\\/logo_color_small.png.png\",\"width\":1000,\"height\":417,\"caption\":\"Measline\"},\"image\":{\"@id\":\"https:\\\/\\\/measline.com\\\/#\\\/schema\\\/logo\\\/image\\\/\"}}]}<\/script>\n<!-- \/ Yoast SEO plugin. -->","yoast_head_json":{"title":"Optyczne urz\u0105dzenia pomiarowe firmy OEG - Measline","description":"Optyczne urz\u0105dzenia pomiarowe przeznaczone do analizy powierzchni, m.in. k\u0105ta zwil\u017cania, napi\u0119cia powierzchniowego, p\u0142asko\u015bci powierzchni","robots":{"index":"index","follow":"follow","max-snippet":"max-snippet:-1","max-image-preview":"max-image-preview:large","max-video-preview":"max-video-preview:-1"},"canonical":"https:\/\/measline.com\/index.php\/pl\/optyczne-urzadzenia-pomia\/","og_locale":"pl_PL","og_type":"article","og_title":"Optyczne urz\u0105dzenia pomiarowe firmy OEG - Measline","og_description":"Optyczne urz\u0105dzenia pomiarowe przeznaczone do analizy powierzchni, m.in. k\u0105ta zwil\u017cania, napi\u0119cia powierzchniowego, p\u0142asko\u015bci powierzchni","og_url":"https:\/\/measline.com\/index.php\/pl\/optyczne-urzadzenia-pomia\/","og_site_name":"Measline","article_modified_time":"2022-04-14T11:30:43+00:00","twitter_card":"summary_large_image","twitter_misc":{"Szacowany czas czytania":"3 minuty"},"schema":{"@context":"https:\/\/schema.org","@graph":[{"@type":"WebPage","@id":"https:\/\/measline.com\/index.php\/pl\/optyczne-urzadzenia-pomia\/","url":"https:\/\/measline.com\/index.php\/pl\/optyczne-urzadzenia-pomia\/","name":"Optyczne urz\u0105dzenia pomiarowe firmy OEG - Measline","isPartOf":{"@id":"https:\/\/measline.com\/#website"},"datePublished":"2022-04-05T07:38:08+00:00","dateModified":"2022-04-14T11:30:43+00:00","description":"Optyczne urz\u0105dzenia pomiarowe przeznaczone do analizy powierzchni, m.in. k\u0105ta zwil\u017cania, napi\u0119cia powierzchniowego, p\u0142asko\u015bci powierzchni","breadcrumb":{"@id":"https:\/\/measline.com\/index.php\/pl\/optyczne-urzadzenia-pomia\/#breadcrumb"},"inLanguage":"pl-PL","potentialAction":[{"@type":"ReadAction","target":["https:\/\/measline.com\/index.php\/pl\/optyczne-urzadzenia-pomia\/"]}]},{"@type":"BreadcrumbList","@id":"https:\/\/measline.com\/index.php\/pl\/optyczne-urzadzenia-pomia\/#breadcrumb","itemListElement":[{"@type":"ListItem","position":1,"name":"Strona g\u0142\u00f3wna","item":"https:\/\/measline.com\/index.php\/pl\/"},{"@type":"ListItem","position":2,"name":"OEG"}]},{"@type":"WebSite","@id":"https:\/\/measline.com\/#website","url":"https:\/\/measline.com\/","name":"Measline","description":"Advanced solutions","publisher":{"@id":"https:\/\/measline.com\/#organization"},"potentialAction":[{"@type":"SearchAction","target":{"@type":"EntryPoint","urlTemplate":"https:\/\/measline.com\/?s={search_term_string}"},"query-input":{"@type":"PropertyValueSpecification","valueRequired":true,"valueName":"search_term_string"}}],"inLanguage":"pl-PL"},{"@type":"Organization","@id":"https:\/\/measline.com\/#organization","name":"Measline","url":"https:\/\/measline.com\/","logo":{"@type":"ImageObject","inLanguage":"pl-PL","@id":"https:\/\/measline.com\/#\/schema\/logo\/image\/","url":"https:\/\/measline.com\/wp-content\/uploads\/2021\/11\/logo_color_small.png.png","contentUrl":"https:\/\/measline.com\/wp-content\/uploads\/2021\/11\/logo_color_small.png.png","width":1000,"height":417,"caption":"Measline"},"image":{"@id":"https:\/\/measline.com\/#\/schema\/logo\/image\/"}}]}},"_links":{"self":[{"href":"https:\/\/measline.com\/index.php\/wp-json\/wp\/v2\/pages\/3084","targetHints":{"allow":["GET"]}}],"collection":[{"href":"https:\/\/measline.com\/index.php\/wp-json\/wp\/v2\/pages"}],"about":[{"href":"https:\/\/measline.com\/index.php\/wp-json\/wp\/v2\/types\/page"}],"author":[{"embeddable":true,"href":"https:\/\/measline.com\/index.php\/wp-json\/wp\/v2\/users\/2"}],"replies":[{"embeddable":true,"href":"https:\/\/measline.com\/index.php\/wp-json\/wp\/v2\/comments?post=3084"}],"version-history":[{"count":25,"href":"https:\/\/measline.com\/index.php\/wp-json\/wp\/v2\/pages\/3084\/revisions"}],"predecessor-version":[{"id":3526,"href":"https:\/\/measline.com\/index.php\/wp-json\/wp\/v2\/pages\/3084\/revisions\/3526"}],"wp:attachment":[{"href":"https:\/\/measline.com\/index.php\/wp-json\/wp\/v2\/media?parent=3084"}],"curies":[{"name":"wp","href":"https:\/\/api.w.org\/{rel}","templated":true}]}}