{"id":3163,"date":"2022-04-05T13:23:37","date_gmt":"2022-04-05T11:23:37","guid":{"rendered":"https:\/\/measline.com\/?page_id=3163"},"modified":"2023-09-11T15:04:01","modified_gmt":"2023-09-11T13:04:01","slug":"magnetrony","status":"publish","type":"page","link":"https:\/\/measline.com\/index.php\/pl\/magnetrony\/","title":{"rendered":"Magnetrony"},"content":{"rendered":"\n[et_pb_section fb_built=&#8221;1&#8243; _builder_version=&#8221;4.16&#8243; _module_preset=&#8221;default&#8221; background_color=&#8221;rgba(0,0,0,0.05)&#8221; custom_margin=&#8221;0px|0px|0px|0px|false|false&#8221; custom_padding=&#8221;0px|0px|0px|0px|false|false&#8221; global_colors_info=&#8221;{}&#8221;][et_pb_row _builder_version=&#8221;4.16&#8243; _dynamic_attributes=&#8221;link_option_url&#8221; _module_preset=&#8221;default&#8221; custom_margin=&#8221;0px||0px||true|false&#8221; custom_padding=&#8221;11px||3px||false|false&#8221; link_option_url=&#8221;@ET-DC@eyJkeW5hbWljIjp0cnVlLCJjb250ZW50IjoicG9zdF9saW5rX3VybF9wYWdlIiwic2V0dGluZ3MiOnsicG9zdF9pZCI6IjEwNzkifX0=@&#8221; global_colors_info=&#8221;{}&#8221;][et_pb_column type=&#8221;4_4&#8243; _builder_version=&#8221;4.16&#8243; _module_preset=&#8221;default&#8221; global_colors_info=&#8221;{}&#8221;][et_pb_button button_url=&#8221;@ET-DC@eyJkeW5hbWljIjp0cnVlLCJjb250ZW50IjoicG9zdF9saW5rX3VybF9wYWdlIiwic2V0dGluZ3MiOnsicG9zdF9pZCI6IjEwNzEifX0=@&#8221; button_text=&#8221;Powr\u00f3t do podkategorii&#8221; _builder_version=&#8221;4.22.1&#8243; _dynamic_attributes=&#8221;button_url&#8221; _module_preset=&#8221;default&#8221; custom_button=&#8221;on&#8221; button_text_color=&#8221;#225500&#8243; button_border_width=&#8221;0px&#8221; button_icon=&#8221;&#x4a;||divi||400&#8243; global_colors_info=&#8221;{}&#8221;][\/et_pb_button][\/et_pb_column][\/et_pb_row][\/et_pb_section][et_pb_section fb_built=&#8221;1&#8243; _builder_version=&#8221;4.16&#8243; _module_preset=&#8221;default&#8221; global_colors_info=&#8221;{}&#8221;][et_pb_row column_structure=&#8221;1_2,1_2&#8243; _builder_version=&#8221;4.16&#8243; _module_preset=&#8221;default&#8221; global_colors_info=&#8221;{}&#8221;][et_pb_column type=&#8221;1_2&#8243; _builder_version=&#8221;4.16&#8243; _module_preset=&#8221;default&#8221; global_colors_info=&#8221;{}&#8221;][et_pb_image src=&#8221;https:\/\/measline.com\/wp-content\/uploads\/2022\/04\/magnetron2cale.jpeg&#8221; alt=&#8221;Magnetron 2%22 z przes\u0142on\u0105&#8221; title_text=&#8221;Magnetron 2 cale&#8221; align=&#8221;center&#8221; _builder_version=&#8221;4.16.1&#8243; _module_preset=&#8221;default&#8221; width=&#8221;71%&#8221; custom_padding=&#8221;0px||0px||true|false&#8221; global_colors_info=&#8221;{}&#8221;][\/et_pb_image][\/et_pb_column][et_pb_column type=&#8221;1_2&#8243; _builder_version=&#8221;4.16&#8243; _module_preset=&#8221;default&#8221; global_colors_info=&#8221;{}&#8221;][et_pb_text _builder_version=&#8221;4.16.1&#8243; _module_preset=&#8221;default&#8221; global_colors_info=&#8221;{}&#8221;]<h1><strong>\u0179r\u00f3d\u0142a magnetronowe<\/strong><\/h1>[\/et_pb_text][et_pb_divider color=&#8221;#215500&#8243; divider_weight=&#8221;2px&#8221; _builder_version=&#8221;4.16&#8243; _module_preset=&#8221;default&#8221; custom_margin=&#8221;-23px||6px||false|false&#8221; global_colors_info=&#8221;{}&#8221;][\/et_pb_divider][et_pb_text _builder_version=&#8221;4.16.1&#8243; _module_preset=&#8221;default&#8221; custom_padding=&#8221;||1px|||&#8221; global_colors_info=&#8221;{}&#8221;]<div style=\"text-align: justify;\"><\/div>\n<p><span>\u0179r\u00f3d\u0142a magnetronowe umo\u017cliwiaj\u0105 nanoszenie cienkich, metalicznych i niemetalicznych warstw technik\u0105 PVD (fizyczne osadzanie z fazy gazowej). Rozpylanie magnetronowe realizowane jest w atmosferze gazu roboczego, np. argonu. Budowa magnetron\u00f3w umo\u017cliwia podawanie gazy bezpo\u015brednio nad targetem. Oferowane \u017ar\u00f3d\u0142a magnetronowe dostosowane s\u0105 do target\u00f3w o r\u00f3\u017cnym rozmiarze (1&#8243;, 2&#8243;, 3&#8243;) i umo\u017cliwiaj\u0105 nanoszenie warstw w trybie DC (z target\u00f3w przewodz\u0105cych) i RF (target\u00f3w nieprzewodz\u0105cych).\u00a0<\/span><\/p>[\/et_pb_text][\/et_pb_column][\/et_pb_row][\/et_pb_section][et_pb_section fb_built=&#8221;1&#8243; _builder_version=&#8221;4.16&#8243; _module_preset=&#8221;default&#8221; background_color=&#8221;rgba(0,0,0,0.05)&#8221; global_colors_info=&#8221;{}&#8221;][et_pb_row column_structure=&#8221;2_3,1_3&#8243; _builder_version=&#8221;4.16&#8243; _module_preset=&#8221;default&#8221; custom_padding=&#8221;30px|||||&#8221; global_colors_info=&#8221;{}&#8221;][et_pb_column type=&#8221;2_3&#8243; _builder_version=&#8221;4.16&#8243; _module_preset=&#8221;default&#8221; global_colors_info=&#8221;{}&#8221;][et_pb_text _builder_version=&#8221;4.16.1&#8243; _module_preset=&#8221;default&#8221; custom_margin=&#8221;-50px||||false|false&#8221; global_colors_info=&#8221;{}&#8221;]<div>\n<h3 class=\"Standard\">Najwa\u017cniejsze cechy \u017ar\u00f3de\u0142 magnetronowych:<o:p><\/o:p><\/h3>\n<\/div>\n<div>\n<ul>\n<li>przeznaczone do nanoszenia cienkich warstw poprzez rozpylanie magnetronowe<\/li>\n<li>dostosowane zar\u00f3wno do metalicznych jak i niemetalicznych target\u00f3w o r\u00f3\u017cnych rozmiarach<\/li>\n<li>umo\u017cliwiaj\u0105 podawanie gazu bezpo\u015brednio nad targetem<\/li>\n<li>mog\u0105 by\u0107 wyposa\u017cone w kominek ograniczaj\u0105cy rozpylanie na boki, redukuj\u0105ce zanieczyszczenia podczas wsp\u00f3\u0142osadzania (z wi\u0119kszej liczby \u017ar\u00f3de\u0142)<\/li>\n<li>wyposa\u017cone w przes\u0142on\u0119<\/li>\n<li>szczelna, spawana konstrukcja<\/li>\n<\/ul>\n<\/div>\n<div>\n<p class=\"Standard\"><o:p><\/o:p><\/p>\n<\/div>[\/et_pb_text][\/et_pb_column][et_pb_column type=&#8221;1_3&#8243; _builder_version=&#8221;4.16&#8243; _module_preset=&#8221;default&#8221; global_colors_info=&#8221;{}&#8221;][\/et_pb_column][\/et_pb_row][\/et_pb_section][et_pb_section fb_built=&#8221;1&#8243; _builder_version=&#8221;4.16&#8243; _module_preset=&#8221;default&#8221; background_color=&#8221;#FFFFFF&#8221; custom_padding=&#8221;||||false|false&#8221; global_colors_info=&#8221;{}&#8221;][\/et_pb_section]\n","protected":false},"excerpt":{"rendered":"<p>\u0179r\u00f3d\u0142a magnetronowe \u0179r\u00f3d\u0142a magnetronowe umo\u017cliwiaj\u0105 nanoszenie cienkich, metalicznych i niemetalicznych warstw technik\u0105 PVD (fizyczne osadzanie z fazy gazowej). Rozpylanie magnetronowe realizowane jest w atmosferze gazu roboczego, np. argonu. Budowa magnetron\u00f3w umo\u017cliwia podawanie gazy bezpo\u015brednio nad targetem. Oferowane \u017ar\u00f3d\u0142a magnetronowe dostosowane s\u0105 do target\u00f3w o r\u00f3\u017cnym rozmiarze (1&#8243;, 2&#8243;, 3&#8243;) i umo\u017cliwiaj\u0105 nanoszenie warstw w trybie [&hellip;]<\/p>\n","protected":false},"author":2,"featured_media":0,"parent":0,"menu_order":0,"comment_status":"closed","ping_status":"closed","template":"","meta":{"_et_pb_use_builder":"on","_et_pb_old_content":"","_et_gb_content_width":"","footnotes":""},"class_list":["post-3163","page","type-page","status-publish","hentry"],"yoast_head":"<!-- This site is optimized with the Yoast SEO plugin v27.4 - https:\/\/yoast.com\/product\/yoast-seo-wordpress\/ -->\n<title>\u0179r\u00f3d\u0142a magnetronowe do nanoszenia cienkich warstw - Measline<\/title>\n<meta name=\"description\" content=\"\u0179r\u00f3d\u0142a magnetronowe przeznaczone do nanoszenia cienkich warstw technik\u0105 PVD, wyposa\u017cone w przes\u0142on\u0119, dostosowane do r\u00f3\u017cnego typu target\u00f3w\" \/>\n<meta name=\"robots\" content=\"index, follow, max-snippet:-1, max-image-preview:large, max-video-preview:-1\" \/>\n<link rel=\"canonical\" href=\"https:\/\/measline.com\/index.php\/pl\/magnetrony\/\" \/>\n<meta property=\"og:locale\" content=\"pl_PL\" \/>\n<meta property=\"og:type\" content=\"article\" \/>\n<meta property=\"og:title\" content=\"\u0179r\u00f3d\u0142a magnetronowe do nanoszenia cienkich warstw - Measline\" \/>\n<meta property=\"og:description\" content=\"\u0179r\u00f3d\u0142a magnetronowe przeznaczone do nanoszenia cienkich warstw technik\u0105 PVD, wyposa\u017cone w przes\u0142on\u0119, dostosowane do r\u00f3\u017cnego typu target\u00f3w\" \/>\n<meta property=\"og:url\" content=\"https:\/\/measline.com\/index.php\/pl\/magnetrony\/\" \/>\n<meta property=\"og:site_name\" content=\"Measline\" \/>\n<meta property=\"article:modified_time\" content=\"2023-09-11T13:04:01+00:00\" \/>\n<meta name=\"twitter:card\" content=\"summary_large_image\" \/>\n<script type=\"application\/ld+json\" class=\"yoast-schema-graph\">{\"@context\":\"https:\\\/\\\/schema.org\",\"@graph\":[{\"@type\":\"WebPage\",\"@id\":\"https:\\\/\\\/measline.com\\\/index.php\\\/pl\\\/magnetrony\\\/\",\"url\":\"https:\\\/\\\/measline.com\\\/index.php\\\/pl\\\/magnetrony\\\/\",\"name\":\"\u0179r\u00f3d\u0142a magnetronowe do nanoszenia cienkich warstw - Measline\",\"isPartOf\":{\"@id\":\"https:\\\/\\\/measline.com\\\/#website\"},\"datePublished\":\"2022-04-05T11:23:37+00:00\",\"dateModified\":\"2023-09-11T13:04:01+00:00\",\"description\":\"\u0179r\u00f3d\u0142a magnetronowe przeznaczone do nanoszenia cienkich warstw technik\u0105 PVD, wyposa\u017cone w przes\u0142on\u0119, dostosowane do r\u00f3\u017cnego typu target\u00f3w\",\"breadcrumb\":{\"@id\":\"https:\\\/\\\/measline.com\\\/index.php\\\/pl\\\/magnetrony\\\/#breadcrumb\"},\"inLanguage\":\"pl-PL\",\"potentialAction\":[{\"@type\":\"ReadAction\",\"target\":[\"https:\\\/\\\/measline.com\\\/index.php\\\/pl\\\/magnetrony\\\/\"]}]},{\"@type\":\"BreadcrumbList\",\"@id\":\"https:\\\/\\\/measline.com\\\/index.php\\\/pl\\\/magnetrony\\\/#breadcrumb\",\"itemListElement\":[{\"@type\":\"ListItem\",\"position\":1,\"name\":\"Strona g\u0142\u00f3wna\",\"item\":\"https:\\\/\\\/measline.com\\\/index.php\\\/pl\\\/\"},{\"@type\":\"ListItem\",\"position\":2,\"name\":\"Magnetrony\"}]},{\"@type\":\"WebSite\",\"@id\":\"https:\\\/\\\/measline.com\\\/#website\",\"url\":\"https:\\\/\\\/measline.com\\\/\",\"name\":\"Measline\",\"description\":\"Advanced solutions\",\"publisher\":{\"@id\":\"https:\\\/\\\/measline.com\\\/#organization\"},\"potentialAction\":[{\"@type\":\"SearchAction\",\"target\":{\"@type\":\"EntryPoint\",\"urlTemplate\":\"https:\\\/\\\/measline.com\\\/?s={search_term_string}\"},\"query-input\":{\"@type\":\"PropertyValueSpecification\",\"valueRequired\":true,\"valueName\":\"search_term_string\"}}],\"inLanguage\":\"pl-PL\"},{\"@type\":\"Organization\",\"@id\":\"https:\\\/\\\/measline.com\\\/#organization\",\"name\":\"Measline\",\"url\":\"https:\\\/\\\/measline.com\\\/\",\"logo\":{\"@type\":\"ImageObject\",\"inLanguage\":\"pl-PL\",\"@id\":\"https:\\\/\\\/measline.com\\\/#\\\/schema\\\/logo\\\/image\\\/\",\"url\":\"https:\\\/\\\/measline.com\\\/wp-content\\\/uploads\\\/2021\\\/11\\\/logo_color_small.png.png\",\"contentUrl\":\"https:\\\/\\\/measline.com\\\/wp-content\\\/uploads\\\/2021\\\/11\\\/logo_color_small.png.png\",\"width\":1000,\"height\":417,\"caption\":\"Measline\"},\"image\":{\"@id\":\"https:\\\/\\\/measline.com\\\/#\\\/schema\\\/logo\\\/image\\\/\"}}]}<\/script>\n<!-- \/ Yoast SEO plugin. -->","yoast_head_json":{"title":"\u0179r\u00f3d\u0142a magnetronowe do nanoszenia cienkich warstw - Measline","description":"\u0179r\u00f3d\u0142a magnetronowe przeznaczone do nanoszenia cienkich warstw technik\u0105 PVD, wyposa\u017cone w przes\u0142on\u0119, dostosowane do r\u00f3\u017cnego typu target\u00f3w","robots":{"index":"index","follow":"follow","max-snippet":"max-snippet:-1","max-image-preview":"max-image-preview:large","max-video-preview":"max-video-preview:-1"},"canonical":"https:\/\/measline.com\/index.php\/pl\/magnetrony\/","og_locale":"pl_PL","og_type":"article","og_title":"\u0179r\u00f3d\u0142a magnetronowe do nanoszenia cienkich warstw - Measline","og_description":"\u0179r\u00f3d\u0142a magnetronowe przeznaczone do nanoszenia cienkich warstw technik\u0105 PVD, wyposa\u017cone w przes\u0142on\u0119, dostosowane do r\u00f3\u017cnego typu target\u00f3w","og_url":"https:\/\/measline.com\/index.php\/pl\/magnetrony\/","og_site_name":"Measline","article_modified_time":"2023-09-11T13:04:01+00:00","twitter_card":"summary_large_image","schema":{"@context":"https:\/\/schema.org","@graph":[{"@type":"WebPage","@id":"https:\/\/measline.com\/index.php\/pl\/magnetrony\/","url":"https:\/\/measline.com\/index.php\/pl\/magnetrony\/","name":"\u0179r\u00f3d\u0142a magnetronowe do nanoszenia cienkich warstw - Measline","isPartOf":{"@id":"https:\/\/measline.com\/#website"},"datePublished":"2022-04-05T11:23:37+00:00","dateModified":"2023-09-11T13:04:01+00:00","description":"\u0179r\u00f3d\u0142a magnetronowe przeznaczone do nanoszenia cienkich warstw technik\u0105 PVD, wyposa\u017cone w przes\u0142on\u0119, dostosowane do r\u00f3\u017cnego typu target\u00f3w","breadcrumb":{"@id":"https:\/\/measline.com\/index.php\/pl\/magnetrony\/#breadcrumb"},"inLanguage":"pl-PL","potentialAction":[{"@type":"ReadAction","target":["https:\/\/measline.com\/index.php\/pl\/magnetrony\/"]}]},{"@type":"BreadcrumbList","@id":"https:\/\/measline.com\/index.php\/pl\/magnetrony\/#breadcrumb","itemListElement":[{"@type":"ListItem","position":1,"name":"Strona g\u0142\u00f3wna","item":"https:\/\/measline.com\/index.php\/pl\/"},{"@type":"ListItem","position":2,"name":"Magnetrony"}]},{"@type":"WebSite","@id":"https:\/\/measline.com\/#website","url":"https:\/\/measline.com\/","name":"Measline","description":"Advanced solutions","publisher":{"@id":"https:\/\/measline.com\/#organization"},"potentialAction":[{"@type":"SearchAction","target":{"@type":"EntryPoint","urlTemplate":"https:\/\/measline.com\/?s={search_term_string}"},"query-input":{"@type":"PropertyValueSpecification","valueRequired":true,"valueName":"search_term_string"}}],"inLanguage":"pl-PL"},{"@type":"Organization","@id":"https:\/\/measline.com\/#organization","name":"Measline","url":"https:\/\/measline.com\/","logo":{"@type":"ImageObject","inLanguage":"pl-PL","@id":"https:\/\/measline.com\/#\/schema\/logo\/image\/","url":"https:\/\/measline.com\/wp-content\/uploads\/2021\/11\/logo_color_small.png.png","contentUrl":"https:\/\/measline.com\/wp-content\/uploads\/2021\/11\/logo_color_small.png.png","width":1000,"height":417,"caption":"Measline"},"image":{"@id":"https:\/\/measline.com\/#\/schema\/logo\/image\/"}}]}},"_links":{"self":[{"href":"https:\/\/measline.com\/index.php\/wp-json\/wp\/v2\/pages\/3163","targetHints":{"allow":["GET"]}}],"collection":[{"href":"https:\/\/measline.com\/index.php\/wp-json\/wp\/v2\/pages"}],"about":[{"href":"https:\/\/measline.com\/index.php\/wp-json\/wp\/v2\/types\/page"}],"author":[{"embeddable":true,"href":"https:\/\/measline.com\/index.php\/wp-json\/wp\/v2\/users\/2"}],"replies":[{"embeddable":true,"href":"https:\/\/measline.com\/index.php\/wp-json\/wp\/v2\/comments?post=3163"}],"version-history":[{"count":8,"href":"https:\/\/measline.com\/index.php\/wp-json\/wp\/v2\/pages\/3163\/revisions"}],"predecessor-version":[{"id":4799,"href":"https:\/\/measline.com\/index.php\/wp-json\/wp\/v2\/pages\/3163\/revisions\/4799"}],"wp:attachment":[{"href":"https:\/\/measline.com\/index.php\/wp-json\/wp\/v2\/media?parent=3163"}],"curies":[{"name":"wp","href":"https:\/\/api.w.org\/{rel}","templated":true}]}}