{"id":3180,"date":"2022-04-05T15:18:14","date_gmt":"2022-04-05T13:18:14","guid":{"rendered":"https:\/\/measline.com\/?page_id=3180"},"modified":"2026-04-07T09:37:08","modified_gmt":"2026-04-07T07:37:08","slug":"kriostaty","status":"publish","type":"page","link":"https:\/\/measline.com\/index.php\/pl\/kriostaty\/","title":{"rendered":"Kriostaty"},"content":{"rendered":"<p>[et_pb_section fb_built=&#8221;1&#8243; _builder_version=&#8221;4.27.4&#8243; _module_preset=&#8221;default&#8221; background_color=&#8221;rgba(0,0,0,0.59)&#8221; background_enable_image=&#8221;off&#8221; min_height=&#8221;252px&#8221; custom_padding=&#8221;||0px|||&#8221; global_colors_info=&#8221;{}&#8221;][et_pb_row _builder_version=&#8221;4.16&#8243; _module_preset=&#8221;default&#8221; custom_margin=&#8221;0px||||false|false&#8221; custom_padding=&#8221;0px||||false|false&#8221; global_colors_info=&#8221;{}&#8221;][et_pb_column type=&#8221;4_4&#8243; _builder_version=&#8221;4.16&#8243; _module_preset=&#8221;default&#8221; global_colors_info=&#8221;{}&#8221;][et_pb_text admin_label=&#8221;exp_text&#8221; _builder_version=&#8221;4.16.1&#8243; _module_preset=&#8221;default&#8221; text_text_color=&#8221;#ffffff&#8221; header_text_color=&#8221;#FFFFFF&#8221; min_height=&#8221;47.8px&#8221; custom_margin=&#8221;48px||-36px||false|false&#8221; custom_padding=&#8221;0px||0px||true|false&#8221; text_text_shadow_style=&#8221;preset4&#8243; border_radii=&#8221;off||||&#8221; border_color_bottom=&#8221;rgba(255,255,255,0.81)&#8221; global_colors_info=&#8221;{}&#8221;]<\/p>\n<h1>Kriostaty<\/h1>\n<p class=\"Standard\">Systemy przeznaczone do uzyskiwania i utrzymywania niskich temperatur.\u00a0<\/p>\n<div><\/div>\n<div><\/div>\n<p>[\/et_pb_text][\/et_pb_column][\/et_pb_row][\/et_pb_section][et_pb_section fb_built=&#8221;1&#8243; _builder_version=&#8221;4.16&#8243; _module_preset=&#8221;default&#8221; custom_margin=&#8221;-2px|||||&#8221; global_colors_info=&#8221;{}&#8221;][et_pb_row column_structure=&#8221;1_4,3_4&#8243; _builder_version=&#8221;4.19.5&#8243; _dynamic_attributes=&#8221;link_option_url&#8221; _module_preset=&#8221;default&#8221; background_color=&#8221;rgba(0,0,0,0.05)&#8221; min_height=&#8221;168.2px&#8221; link_option_url=&#8221;@ET-DC@eyJkeW5hbWljIjp0cnVlLCJjb250ZW50IjoicG9zdF9saW5rX3VybF9wcm9qZWN0Iiwic2V0dGluZ3MiOnsicG9zdF9pZCI6IjM4MTkifX0=@&#8221; border_width_all=&#8221;1px&#8221; border_color_all=&#8221;rgba(140,140,140,0.17)&#8221; border_style_all=&#8221;double&#8221; box_shadow_style=&#8221;preset4&#8243; box_shadow_blur=&#8221;16px&#8221; box_shadow_spread=&#8221;-17px&#8221; global_colors_info=&#8221;{}&#8221;][et_pb_column type=&#8221;1_4&#8243; _builder_version=&#8221;4.16&#8243; _dynamic_attributes=&#8221;link_option_url&#8221; _module_preset=&#8221;default&#8221; link_option_url=&#8221;@ET-DC@eyJkeW5hbWljIjp0cnVlLCJjb250ZW50IjoicG9zdF9saW5rX3VybF9wYWdlIiwic2V0dGluZ3MiOnsicG9zdF9pZCI6IjE0OCJ9fQ==@&#8221; global_colors_info=&#8221;{}&#8221;][et_pb_image src=&#8221;https:\/\/measline.com\/wp-content\/uploads\/2026\/04\/Komora-kriostatu-logo-Measline-scaled.jpg&#8221; alt=&#8221;Komora Kriostatu Logo Measline&#8221; title_text=&#8221;Komora Kriostatu Logo Measline&#8221; url=&#8221;@ET-DC@eyJkeW5hbWljIjp0cnVlLCJjb250ZW50IjoicG9zdF9saW5rX3VybF9wcm9qZWN0Iiwic2V0dGluZ3MiOnsicG9zdF9pZCI6IjM4MTkifX0=@&#8221; _builder_version=&#8221;4.27.6&#8243; _dynamic_attributes=&#8221;url&#8221; _module_preset=&#8221;default&#8221; max_height=&#8221;200px&#8221; custom_margin=&#8221;|0px||40px|false|false&#8221; custom_padding=&#8221;|0px|||false|false&#8221; hover_enabled=&#8221;0&#8243; border_color_all=&#8221;#225500&#8243; border_width_right=&#8221;4px&#8221; box_shadow_style=&#8221;preset1&#8243; box_shadow_color=&#8221;rgba(255,255,255,0.93)&#8221; global_colors_info=&#8221;{}&#8221; sticky_enabled=&#8221;0&#8243;][\/et_pb_image][\/et_pb_column][et_pb_column type=&#8221;3_4&#8243; _builder_version=&#8221;4.16&#8243; _module_preset=&#8221;default&#8221; global_colors_info=&#8221;{}&#8221;][et_pb_text _builder_version=&#8221;4.19.5&#8243; _dynamic_attributes=&#8221;link_option_url&#8221; _module_preset=&#8221;default&#8221; link_option_url=&#8221;@ET-DC@eyJkeW5hbWljIjp0cnVlLCJjb250ZW50IjoicG9zdF9saW5rX3VybF9wcm9qZWN0Iiwic2V0dGluZ3MiOnsicG9zdF9pZCI6IjM4MTkifX0=@&#8221; global_colors_info=&#8221;{}&#8221;]<\/p>\n<div>\n<h3>Kriostat do bada\u0144 uk\u0142ad\u00f3w elektronicznych<\/h3>\n<\/div>\n<div>\n<p style=\"text-align: left;\"><span>urz\u0105dzenie przeznaczone do bada\u0144 uk\u0142ad\u00f3w elektronicznych.<\/span><\/p>\n<\/div>\n<p>[\/et_pb_text][\/et_pb_column][\/et_pb_row][et_pb_row column_structure=&#8221;1_4,3_4&#8243; _builder_version=&#8221;4.19.5&#8243; _dynamic_attributes=&#8221;link_option_url&#8221; _module_preset=&#8221;default&#8221; background_color=&#8221;rgba(0,0,0,0.05)&#8221; min_height=&#8221;168.2px&#8221; link_option_url=&#8221;@ET-DC@eyJkeW5hbWljIjp0cnVlLCJjb250ZW50IjoicG9zdF9saW5rX3VybF9wcm9qZWN0Iiwic2V0dGluZ3MiOnsicG9zdF9pZCI6IjM4MTkifX0=@&#8221; border_width_all=&#8221;1px&#8221; border_color_all=&#8221;rgba(140,140,140,0.17)&#8221; border_style_all=&#8221;double&#8221; box_shadow_style=&#8221;preset4&#8243; box_shadow_blur=&#8221;16px&#8221; box_shadow_spread=&#8221;-17px&#8221; global_colors_info=&#8221;{}&#8221;][et_pb_column type=&#8221;1_4&#8243; _builder_version=&#8221;4.16&#8243; _dynamic_attributes=&#8221;link_option_url&#8221; _module_preset=&#8221;default&#8221; link_option_url=&#8221;@ET-DC@eyJkeW5hbWljIjp0cnVlLCJjb250ZW50IjoicG9zdF9saW5rX3VybF9wYWdlIiwic2V0dGluZ3MiOnsicG9zdF9pZCI6IjE0OCJ9fQ==@&#8221; global_colors_info=&#8221;{}&#8221;][et_pb_image src=&#8221;https:\/\/measline.com\/wp-content\/uploads\/2023\/01\/DSC_6171.jpg&#8221; alt=&#8221;Dsc 6171&#8243; title_text=&#8221;Dsc 6171&#8243; url=&#8221;@ET-DC@eyJkeW5hbWljIjp0cnVlLCJjb250ZW50IjoicG9zdF9saW5rX3VybF9wcm9qZWN0Iiwic2V0dGluZ3MiOnsicG9zdF9pZCI6IjM4MTkifX0=@&#8221; _builder_version=&#8221;4.19.5&#8243; _dynamic_attributes=&#8221;url&#8221; _module_preset=&#8221;default&#8221; max_height=&#8221;200px&#8221; custom_margin=&#8221;|0px||40px|false|false&#8221; custom_padding=&#8221;|0px|||false|false&#8221; border_color_all=&#8221;#225500&#8243; border_width_right=&#8221;4px&#8221; box_shadow_style=&#8221;preset1&#8243; box_shadow_color=&#8221;rgba(255,255,255,0.93)&#8221; global_colors_info=&#8221;{}&#8221;][\/et_pb_image][\/et_pb_column][et_pb_column type=&#8221;3_4&#8243; _builder_version=&#8221;4.16&#8243; _module_preset=&#8221;default&#8221; global_colors_info=&#8221;{}&#8221;][et_pb_text _builder_version=&#8221;4.19.5&#8243; _dynamic_attributes=&#8221;link_option_url&#8221; _module_preset=&#8221;default&#8221; link_option_url=&#8221;@ET-DC@eyJkeW5hbWljIjp0cnVlLCJjb250ZW50IjoicG9zdF9saW5rX3VybF9wcm9qZWN0Iiwic2V0dGluZ3MiOnsicG9zdF9pZCI6IjM4MTkifX0=@&#8221; hover_enabled=&#8221;0&#8243; global_colors_info=&#8221;{}&#8221; custom_padding=&#8221;0px|||||&#8221; sticky_enabled=&#8221;0&#8243;]<\/p>\n<div>\n<h3>Kriostat optyczny dostosowany do elektromagnesu nadprzewodz\u0105cego<\/h3>\n<\/div>\n<div>\n<p style=\"text-align: left;\"><span>kriostat dostosowany do elektromagnesu nadprzewodz\u0105cego. Umo\u017cliwia uzyskiwanie temperatur poni\u017cej 10 K bez stosowania ciek\u0142ego helu, wykorzystuj\u0105c g\u0142owic\u0119 kriogeniczn\u0105 pracuj\u0105c\u0105 w obiegu zamkni\u0119tym. Urz\u0105dzenie zosta\u0142o zaprojektowane w taki spos\u00f3b, aby mo\u017cliwe by\u0142o wprowadzenie promieniowania terahercowego, przez specjalnie dobrane okna, do wn\u0119trza komory pr\u00f3\u017cniowej.<\/span><\/p>\n<\/div>\n<p>[\/et_pb_text][\/et_pb_column][\/et_pb_row][et_pb_row column_structure=&#8221;1_4,3_4&#8243; _builder_version=&#8221;4.20.0&#8243; _dynamic_attributes=&#8221;link_option_url&#8221; _module_preset=&#8221;default&#8221; background_color=&#8221;rgba(0,0,0,0.05)&#8221; min_height=&#8221;169.2px&#8221; custom_margin=&#8221;10px||||false|false&#8221; link_option_url=&#8221;@ET-DC@eyJkeW5hbWljIjp0cnVlLCJjb250ZW50IjoicG9zdF9saW5rX3VybF9wcm9qZWN0Iiwic2V0dGluZ3MiOnsicG9zdF9pZCI6IjE4NDQifX0=@&#8221; border_width_all=&#8221;1px&#8221; border_color_all=&#8221;rgba(140,140,140,0.17)&#8221; border_style_all=&#8221;double&#8221; box_shadow_style=&#8221;preset4&#8243; box_shadow_blur=&#8221;16px&#8221; box_shadow_spread=&#8221;-17px&#8221; global_colors_info=&#8221;{}&#8221;][et_pb_column type=&#8221;1_4&#8243; _builder_version=&#8221;4.16&#8243; _dynamic_attributes=&#8221;link_option_url&#8221; _module_preset=&#8221;default&#8221; link_option_url=&#8221;@ET-DC@eyJkeW5hbWljIjp0cnVlLCJjb250ZW50IjoicG9zdF9saW5rX3VybF9wYWdlIiwic2V0dGluZ3MiOnsicG9zdF9pZCI6IjE0OCJ9fQ==@&#8221; global_colors_info=&#8221;{}&#8221;][et_pb_image src=&#8221;https:\/\/measline.com\/wp-content\/uploads\/2022\/01\/Kriostat-T-obudowa-1-scaled.jpg&#8221; alt=&#8221;Kriostat optyczny z g\u0142owic\u0105 kriogeniczn\u0105 typu CH-204-M&#8221; title_text=&#8221;Kriostat T obudowa&#8221; url=&#8221;@ET-DC@eyJkeW5hbWljIjp0cnVlLCJjb250ZW50IjoicG9zdF9saW5rX3VybF9wcm9qZWN0Iiwic2V0dGluZ3MiOnsicG9zdF9pZCI6IjE4NDQifX0=@&#8221; _builder_version=&#8221;4.20.0&#8243; _dynamic_attributes=&#8221;url&#8221; _module_preset=&#8221;default&#8221; max_height=&#8221;200px&#8221; custom_margin=&#8221;|0px||40px|false|false&#8221; custom_padding=&#8221;|0px|||false|false&#8221; border_color_all=&#8221;#225500&#8243; border_width_right=&#8221;4px&#8221; box_shadow_style=&#8221;preset1&#8243; box_shadow_color=&#8221;rgba(255,255,255,0.93)&#8221; global_colors_info=&#8221;{}&#8221;][\/et_pb_image][\/et_pb_column][et_pb_column type=&#8221;3_4&#8243; _builder_version=&#8221;4.16&#8243; _module_preset=&#8221;default&#8221; global_colors_info=&#8221;{}&#8221;][et_pb_divider show_divider=&#8221;off&#8221; _builder_version=&#8221;4.16&#8243; _module_preset=&#8221;default&#8221; global_colors_info=&#8221;{}&#8221;][\/et_pb_divider][et_pb_text _builder_version=&#8221;4.20.0&#8243; _dynamic_attributes=&#8221;link_option_url&#8221; _module_preset=&#8221;default&#8221; link_option_url=&#8221;@ET-DC@eyJkeW5hbWljIjp0cnVlLCJjb250ZW50IjoicG9zdF9saW5rX3VybF9wcm9qZWN0Iiwic2V0dGluZ3MiOnsicG9zdF9pZCI6IjE4NDQifX0=@&#8221; global_colors_info=&#8221;{}&#8221;]<\/p>\n<div>\n<h3 class=\"et_pb_module_header\">Kriostat optyczny z g\u0142owic\u0105 kriogeniczn\u0105 typu CH-204-M<\/h3>\n<\/div>\n<div>\n<p>urz\u0105dzenie umo\u017cliwiaj\u0105ce uzyskiwanie temperatur w zakresie od <span>10 K do 500 K, dostosowane do przy\u0142\u0105czenia do komory wysokoci\u015bnieniowej oraz pomiar\u00f3w z wykorzystaniem mikroskopu optycznego<\/span><\/p>\n<\/div>\n<p>[\/et_pb_text][\/et_pb_column][\/et_pb_row][et_pb_row column_structure=&#8221;1_4,3_4&#8243; _builder_version=&#8221;4.20.0&#8243; _dynamic_attributes=&#8221;link_option_url&#8221; _module_preset=&#8221;default&#8221; background_color=&#8221;rgba(0,0,0,0.05)&#8221; custom_margin=&#8221;10px||||false|false&#8221; link_option_url=&#8221;@ET-DC@eyJkeW5hbWljIjp0cnVlLCJjb250ZW50IjoicG9zdF9saW5rX3VybF9wcm9qZWN0Iiwic2V0dGluZ3MiOnsicG9zdF9pZCI6IjE3OTgifX0=@&#8221; border_width_all=&#8221;1px&#8221; border_color_all=&#8221;rgba(140,140,140,0.17)&#8221; border_style_all=&#8221;double&#8221; box_shadow_style=&#8221;preset4&#8243; box_shadow_blur=&#8221;16px&#8221; box_shadow_spread=&#8221;-17px&#8221; global_colors_info=&#8221;{}&#8221;][et_pb_column type=&#8221;1_4&#8243; _builder_version=&#8221;4.16&#8243; _dynamic_attributes=&#8221;link_option_url&#8221; _module_preset=&#8221;default&#8221; link_option_url=&#8221;@ET-DC@eyJkeW5hbWljIjp0cnVlLCJjb250ZW50IjoicG9zdF9saW5rX3VybF9wYWdlIiwic2V0dGluZ3MiOnsicG9zdF9pZCI6IjE0OCJ9fQ==@&#8221; global_colors_info=&#8221;{}&#8221;][et_pb_image src=&#8221;https:\/\/measline.com\/wp-content\/uploads\/2022\/01\/Kriostat-1-scaled.jpg&#8221; alt=&#8221;Laboratoryjny kriostat azotowy&#8221; title_text=&#8221;Kriostat 1&#8243; url=&#8221;@ET-DC@eyJkeW5hbWljIjp0cnVlLCJjb250ZW50IjoicG9zdF9saW5rX3VybF9wcm9qZWN0Iiwic2V0dGluZ3MiOnsicG9zdF9pZCI6IjE3OTgifX0=@&#8221; _builder_version=&#8221;4.20.0&#8243; _dynamic_attributes=&#8221;url&#8221; _module_preset=&#8221;default&#8221; max_height=&#8221;200px&#8221; custom_margin=&#8221;|||40px|false|false&#8221; border_color_all=&#8221;#225500&#8243; border_width_right=&#8221;4px&#8221; box_shadow_style=&#8221;preset1&#8243; box_shadow_color=&#8221;rgba(255,255,255,0.93)&#8221; global_colors_info=&#8221;{}&#8221;][\/et_pb_image][\/et_pb_column][et_pb_column type=&#8221;3_4&#8243; _builder_version=&#8221;4.16&#8243; _module_preset=&#8221;default&#8221; global_colors_info=&#8221;{}&#8221;][et_pb_divider show_divider=&#8221;off&#8221; _builder_version=&#8221;4.16&#8243; _module_preset=&#8221;default&#8221; global_colors_info=&#8221;{}&#8221;][\/et_pb_divider][et_pb_text _builder_version=&#8221;4.20.0&#8243; _dynamic_attributes=&#8221;link_option_url&#8221; _module_preset=&#8221;default&#8221; link_option_url=&#8221;@ET-DC@eyJkeW5hbWljIjp0cnVlLCJjb250ZW50IjoicG9zdF9saW5rX3VybF9wcm9qZWN0Iiwic2V0dGluZ3MiOnsicG9zdF9pZCI6IjE3OTgifX0=@&#8221; global_colors_info=&#8221;{}&#8221;]<\/p>\n<div>\n<div>\n<div>\n<div>\n<h3>Laboratoryjny kriostat azotowy<\/h3>\n<\/div>\n<\/div>\n<\/div>\n<\/div>\n<div>\n<p><span>urz\u0105dzenie s\u0142u\u017c\u0105ce do uzyskiwania i utrzymywania temperatur w zakresie od temperatury wrzenia azotu do 500 K<\/span><\/p>\n<\/div>\n<p>[\/et_pb_text][\/et_pb_column][\/et_pb_row][\/et_pb_section]<\/p>\n","protected":false},"excerpt":{"rendered":"<p>Kriostaty Systemy przeznaczone do uzyskiwania i utrzymywania niskich temperatur.\u00a0 Kriostat do bada\u0144 uk\u0142ad\u00f3w elektronicznych urz\u0105dzenie przeznaczone do bada\u0144 uk\u0142ad\u00f3w elektronicznych. Kriostat optyczny dostosowany do elektromagnesu nadprzewodz\u0105cego kriostat dostosowany do elektromagnesu nadprzewodz\u0105cego. Umo\u017cliwia uzyskiwanie temperatur poni\u017cej 10 K bez stosowania ciek\u0142ego helu, wykorzystuj\u0105c g\u0142owic\u0119 kriogeniczn\u0105 pracuj\u0105c\u0105 w obiegu zamkni\u0119tym. Urz\u0105dzenie zosta\u0142o zaprojektowane w taki spos\u00f3b, aby [&hellip;]<\/p>\n","protected":false},"author":2,"featured_media":0,"parent":0,"menu_order":0,"comment_status":"closed","ping_status":"closed","template":"","meta":{"_et_pb_use_builder":"on","_et_pb_old_content":"","_et_gb_content_width":"","footnotes":""},"class_list":["post-3180","page","type-page","status-publish","hentry"],"yoast_head":"<!-- This site is optimized with the Yoast SEO plugin v27.4 - https:\/\/yoast.com\/product\/yoast-seo-wordpress\/ -->\n<title>Kriostaty - Measline<\/title>\n<meta name=\"description\" content=\"Urz\u0105dzenia przeznaczone do uzyskiwania i utrzymywania niskich temperatur (od 4 K), w tym systemy do pomiar\u00f3w za pomoc\u0105 mikroskopu optycznego\" \/>\n<meta name=\"robots\" content=\"index, follow, max-snippet:-1, max-image-preview:large, max-video-preview:-1\" \/>\n<link rel=\"canonical\" href=\"https:\/\/measline.com\/index.php\/pl\/kriostaty\/\" \/>\n<meta property=\"og:locale\" content=\"pl_PL\" \/>\n<meta property=\"og:type\" content=\"article\" \/>\n<meta property=\"og:title\" content=\"Kriostaty - Measline\" \/>\n<meta property=\"og:description\" content=\"Urz\u0105dzenia przeznaczone do uzyskiwania i utrzymywania niskich temperatur (od 4 K), w tym systemy do pomiar\u00f3w za pomoc\u0105 mikroskopu optycznego\" \/>\n<meta property=\"og:url\" content=\"https:\/\/measline.com\/index.php\/pl\/kriostaty\/\" \/>\n<meta property=\"og:site_name\" content=\"Measline\" \/>\n<meta property=\"article:modified_time\" content=\"2026-04-07T07:37:08+00:00\" \/>\n<meta name=\"twitter:card\" content=\"summary_large_image\" \/>\n<script type=\"application\/ld+json\" class=\"yoast-schema-graph\">{\"@context\":\"https:\\\/\\\/schema.org\",\"@graph\":[{\"@type\":\"WebPage\",\"@id\":\"https:\\\/\\\/measline.com\\\/index.php\\\/pl\\\/kriostaty\\\/\",\"url\":\"https:\\\/\\\/measline.com\\\/index.php\\\/pl\\\/kriostaty\\\/\",\"name\":\"Kriostaty - Measline\",\"isPartOf\":{\"@id\":\"https:\\\/\\\/measline.com\\\/#website\"},\"datePublished\":\"2022-04-05T13:18:14+00:00\",\"dateModified\":\"2026-04-07T07:37:08+00:00\",\"description\":\"Urz\u0105dzenia przeznaczone do uzyskiwania i utrzymywania niskich temperatur (od 4 K), w tym systemy do pomiar\u00f3w za pomoc\u0105 mikroskopu optycznego\",\"breadcrumb\":{\"@id\":\"https:\\\/\\\/measline.com\\\/index.php\\\/pl\\\/kriostaty\\\/#breadcrumb\"},\"inLanguage\":\"pl-PL\",\"potentialAction\":[{\"@type\":\"ReadAction\",\"target\":[\"https:\\\/\\\/measline.com\\\/index.php\\\/pl\\\/kriostaty\\\/\"]}]},{\"@type\":\"BreadcrumbList\",\"@id\":\"https:\\\/\\\/measline.com\\\/index.php\\\/pl\\\/kriostaty\\\/#breadcrumb\",\"itemListElement\":[{\"@type\":\"ListItem\",\"position\":1,\"name\":\"Strona g\u0142\u00f3wna\",\"item\":\"https:\\\/\\\/measline.com\\\/index.php\\\/pl\\\/\"},{\"@type\":\"ListItem\",\"position\":2,\"name\":\"Kriostaty\"}]},{\"@type\":\"WebSite\",\"@id\":\"https:\\\/\\\/measline.com\\\/#website\",\"url\":\"https:\\\/\\\/measline.com\\\/\",\"name\":\"Measline\",\"description\":\"Advanced solutions\",\"publisher\":{\"@id\":\"https:\\\/\\\/measline.com\\\/#organization\"},\"potentialAction\":[{\"@type\":\"SearchAction\",\"target\":{\"@type\":\"EntryPoint\",\"urlTemplate\":\"https:\\\/\\\/measline.com\\\/?s={search_term_string}\"},\"query-input\":{\"@type\":\"PropertyValueSpecification\",\"valueRequired\":true,\"valueName\":\"search_term_string\"}}],\"inLanguage\":\"pl-PL\"},{\"@type\":\"Organization\",\"@id\":\"https:\\\/\\\/measline.com\\\/#organization\",\"name\":\"Measline\",\"url\":\"https:\\\/\\\/measline.com\\\/\",\"logo\":{\"@type\":\"ImageObject\",\"inLanguage\":\"pl-PL\",\"@id\":\"https:\\\/\\\/measline.com\\\/#\\\/schema\\\/logo\\\/image\\\/\",\"url\":\"https:\\\/\\\/measline.com\\\/wp-content\\\/uploads\\\/2021\\\/11\\\/logo_color_small.png.png\",\"contentUrl\":\"https:\\\/\\\/measline.com\\\/wp-content\\\/uploads\\\/2021\\\/11\\\/logo_color_small.png.png\",\"width\":1000,\"height\":417,\"caption\":\"Measline\"},\"image\":{\"@id\":\"https:\\\/\\\/measline.com\\\/#\\\/schema\\\/logo\\\/image\\\/\"}}]}<\/script>\n<!-- \/ Yoast SEO plugin. -->","yoast_head_json":{"title":"Kriostaty - Measline","description":"Urz\u0105dzenia przeznaczone do uzyskiwania i utrzymywania niskich temperatur (od 4 K), w tym systemy do pomiar\u00f3w za pomoc\u0105 mikroskopu optycznego","robots":{"index":"index","follow":"follow","max-snippet":"max-snippet:-1","max-image-preview":"max-image-preview:large","max-video-preview":"max-video-preview:-1"},"canonical":"https:\/\/measline.com\/index.php\/pl\/kriostaty\/","og_locale":"pl_PL","og_type":"article","og_title":"Kriostaty - Measline","og_description":"Urz\u0105dzenia przeznaczone do uzyskiwania i utrzymywania niskich temperatur (od 4 K), w tym systemy do pomiar\u00f3w za pomoc\u0105 mikroskopu optycznego","og_url":"https:\/\/measline.com\/index.php\/pl\/kriostaty\/","og_site_name":"Measline","article_modified_time":"2026-04-07T07:37:08+00:00","twitter_card":"summary_large_image","schema":{"@context":"https:\/\/schema.org","@graph":[{"@type":"WebPage","@id":"https:\/\/measline.com\/index.php\/pl\/kriostaty\/","url":"https:\/\/measline.com\/index.php\/pl\/kriostaty\/","name":"Kriostaty - Measline","isPartOf":{"@id":"https:\/\/measline.com\/#website"},"datePublished":"2022-04-05T13:18:14+00:00","dateModified":"2026-04-07T07:37:08+00:00","description":"Urz\u0105dzenia przeznaczone do uzyskiwania i utrzymywania niskich temperatur (od 4 K), w tym systemy do pomiar\u00f3w za pomoc\u0105 mikroskopu optycznego","breadcrumb":{"@id":"https:\/\/measline.com\/index.php\/pl\/kriostaty\/#breadcrumb"},"inLanguage":"pl-PL","potentialAction":[{"@type":"ReadAction","target":["https:\/\/measline.com\/index.php\/pl\/kriostaty\/"]}]},{"@type":"BreadcrumbList","@id":"https:\/\/measline.com\/index.php\/pl\/kriostaty\/#breadcrumb","itemListElement":[{"@type":"ListItem","position":1,"name":"Strona g\u0142\u00f3wna","item":"https:\/\/measline.com\/index.php\/pl\/"},{"@type":"ListItem","position":2,"name":"Kriostaty"}]},{"@type":"WebSite","@id":"https:\/\/measline.com\/#website","url":"https:\/\/measline.com\/","name":"Measline","description":"Advanced solutions","publisher":{"@id":"https:\/\/measline.com\/#organization"},"potentialAction":[{"@type":"SearchAction","target":{"@type":"EntryPoint","urlTemplate":"https:\/\/measline.com\/?s={search_term_string}"},"query-input":{"@type":"PropertyValueSpecification","valueRequired":true,"valueName":"search_term_string"}}],"inLanguage":"pl-PL"},{"@type":"Organization","@id":"https:\/\/measline.com\/#organization","name":"Measline","url":"https:\/\/measline.com\/","logo":{"@type":"ImageObject","inLanguage":"pl-PL","@id":"https:\/\/measline.com\/#\/schema\/logo\/image\/","url":"https:\/\/measline.com\/wp-content\/uploads\/2021\/11\/logo_color_small.png.png","contentUrl":"https:\/\/measline.com\/wp-content\/uploads\/2021\/11\/logo_color_small.png.png","width":1000,"height":417,"caption":"Measline"},"image":{"@id":"https:\/\/measline.com\/#\/schema\/logo\/image\/"}}]}},"_links":{"self":[{"href":"https:\/\/measline.com\/index.php\/wp-json\/wp\/v2\/pages\/3180","targetHints":{"allow":["GET"]}}],"collection":[{"href":"https:\/\/measline.com\/index.php\/wp-json\/wp\/v2\/pages"}],"about":[{"href":"https:\/\/measline.com\/index.php\/wp-json\/wp\/v2\/types\/page"}],"author":[{"embeddable":true,"href":"https:\/\/measline.com\/index.php\/wp-json\/wp\/v2\/users\/2"}],"replies":[{"embeddable":true,"href":"https:\/\/measline.com\/index.php\/wp-json\/wp\/v2\/comments?post=3180"}],"version-history":[{"count":10,"href":"https:\/\/measline.com\/index.php\/wp-json\/wp\/v2\/pages\/3180\/revisions"}],"predecessor-version":[{"id":6075,"href":"https:\/\/measline.com\/index.php\/wp-json\/wp\/v2\/pages\/3180\/revisions\/6075"}],"wp:attachment":[{"href":"https:\/\/measline.com\/index.php\/wp-json\/wp\/v2\/media?parent=3180"}],"curies":[{"name":"wp","href":"https:\/\/api.w.org\/{rel}","templated":true}]}}