{"id":3487,"date":"2022-04-14T08:28:18","date_gmt":"2022-04-14T06:28:18","guid":{"rendered":"https:\/\/measline.com\/?page_id=3487"},"modified":"2022-04-14T09:27:41","modified_gmt":"2022-04-14T07:27:41","slug":"uchwyty-do-pomiarow-geometrii-drutow-i-pretow","status":"publish","type":"page","link":"https:\/\/measline.com\/index.php\/pl\/uchwyty-do-pomiarow-geometrii-drutow-i-pretow\/","title":{"rendered":"Uchwyty umo\u017cliwiaj\u0105ce pomiar geometrii drut\u00f3w i pr\u0119t\u00f3w"},"content":{"rendered":"\n[et_pb_section fb_built=&#8221;1&#8243; _builder_version=&#8221;4.16&#8243; _module_preset=&#8221;default&#8221; background_color=&#8221;rgba(0,0,0,0.05)&#8221; custom_margin=&#8221;0px|0px|0px|0px|false|false&#8221; custom_padding=&#8221;0px|0px|0px|0px|false|false&#8221; global_colors_info=&#8221;{}&#8221;][et_pb_row _builder_version=&#8221;4.16&#8243; _module_preset=&#8221;default&#8221; custom_margin=&#8221;0px||0px||true|false&#8221; custom_padding=&#8221;11px||3px||false|false&#8221; global_colors_info=&#8221;{}&#8221;][et_pb_column type=&#8221;4_4&#8243; _builder_version=&#8221;4.16&#8243; _module_preset=&#8221;default&#8221; global_colors_info=&#8221;{}&#8221;][et_pb_button button_url=&#8221;@ET-DC@eyJkeW5hbWljIjp0cnVlLCJjb250ZW50IjoicG9zdF9saW5rX3VybF9wYWdlIiwic2V0dGluZ3MiOnsicG9zdF9pZCI6IjMwMzAifX0=@&#8221; button_text=&#8221;Powr\u00f3t do podkategorii&#8221; _builder_version=&#8221;4.17.0&#8243; _dynamic_attributes=&#8221;button_url&#8221; _module_preset=&#8221;default&#8221; custom_button=&#8221;on&#8221; button_text_color=&#8221;#225500&#8243; button_border_width=&#8221;0px&#8221; button_icon=&#8221;&#x4a;||divi||400&#8243; global_colors_info=&#8221;{}&#8221;][\/et_pb_button][\/et_pb_column][\/et_pb_row][\/et_pb_section][et_pb_section fb_built=&#8221;1&#8243; _builder_version=&#8221;4.16&#8243; _module_preset=&#8221;default&#8221; global_colors_info=&#8221;{}&#8221;][et_pb_row _builder_version=&#8221;4.17.0&#8243; _module_preset=&#8221;default&#8221; global_colors_info=&#8221;{}&#8221;][et_pb_column type=&#8221;4_4&#8243; _builder_version=&#8221;4.17.0&#8243; _module_preset=&#8221;default&#8221; global_colors_info=&#8221;{}&#8221;][et_pb_text _builder_version=&#8221;4.17.0&#8243; _module_preset=&#8221;default&#8221; global_colors_info=&#8221;{}&#8221;]<h1 style=\"text-align: center;\">Uchwyty do urz\u0105dzenia DGMS umo\u017cliwiaj\u0105ce <br \/>pomiar geometrii drut\u00f3w i pr\u0119t\u00f3w<\/h1>[\/et_pb_text][\/et_pb_column][\/et_pb_row][et_pb_row column_structure=&#8221;1_2,1_2&#8243; _builder_version=&#8221;4.16&#8243; _module_preset=&#8221;default&#8221; global_colors_info=&#8221;{}&#8221;][et_pb_column type=&#8221;1_2&#8243; _builder_version=&#8221;4.16&#8243; _module_preset=&#8221;default&#8221; global_colors_info=&#8221;{}&#8221;][et_pb_image src=&#8221;https:\/\/measline.com\/wp-content\/uploads\/2022\/03\/obraz_2022-03-31_133445.png&#8221; alt=&#8221;Uchwyty do pomiar\u00f3w drut\u00f3w i pr\u0119t\u00f3w&#8221; title_text=&#8221;Uchwyty do pomiar\u00f3w drut\u00f3w i pr\u0119t\u00f3w&#8221; align=&#8221;center&#8221; _builder_version=&#8221;4.17.0&#8243; _module_preset=&#8221;default&#8221; width=&#8221;71%&#8221; custom_padding=&#8221;0px||0px||true|false&#8221; global_colors_info=&#8221;{}&#8221;][\/et_pb_image][\/et_pb_column][et_pb_column type=&#8221;1_2&#8243; _builder_version=&#8221;4.16&#8243; _module_preset=&#8221;default&#8221; global_colors_info=&#8221;{}&#8221;][et_pb_text _builder_version=&#8221;4.17.0&#8243; _module_preset=&#8221;default&#8221; custom_padding=&#8221;13px|||||&#8221; global_colors_info=&#8221;{}&#8221;]<h2><strong>Uchwyt umo\u017cliwiaj\u0105cy pomiar \u015brednicy drut\u00f3w i pr\u0119t\u00f3w<\/strong><\/h2>[\/et_pb_text][et_pb_divider color=&#8221;#215500&#8243; divider_weight=&#8221;2px&#8221; _builder_version=&#8221;4.16&#8243; _module_preset=&#8221;default&#8221; custom_margin=&#8221;-23px||6px||false|false&#8221; global_colors_info=&#8221;{}&#8221;][\/et_pb_divider][et_pb_text _builder_version=&#8221;4.16&#8243; _module_preset=&#8221;default&#8221; global_colors_info=&#8221;{}&#8221;]<div style=\"text-align: justify;\"><\/div>\n<p align=\"justify\">Pomiar \u015brednicy drut\u00f3w i pr\u0119t\u00f3w za pomoc\u0105 urz\u0105dzenia do pomiaru geometrii ci\u0105gade\u0142 jest mo\u017cliwy poprzez zastosowanie uchwytu umo\u017cliwiaj\u0105cego unieruchomienie badanego obiektu. Ponadto niezb\u0119dne jest zastosowanie dodatkowego oprogramowania obs\u0142uguj\u0105cego pomiar \u015brednicy tych element\u00f3w.<\/p>[\/et_pb_text][\/et_pb_column][\/et_pb_row][\/et_pb_section][et_pb_section fb_built=&#8221;1&#8243; _builder_version=&#8221;4.16&#8243; _module_preset=&#8221;default&#8221; background_color=&#8221;rgba(0,0,0,0.05)&#8221; global_colors_info=&#8221;{}&#8221;][et_pb_row column_structure=&#8221;1_2,1_2&#8243; _builder_version=&#8221;4.16&#8243; _module_preset=&#8221;default&#8221; global_colors_info=&#8221;{}&#8221;][et_pb_column type=&#8221;1_2&#8243; _builder_version=&#8221;4.16&#8243; _module_preset=&#8221;default&#8221; global_colors_info=&#8221;{}&#8221;][et_pb_text _builder_version=&#8221;4.17.0&#8243; _module_preset=&#8221;default&#8221; custom_padding=&#8221;13px|||||&#8221; global_colors_info=&#8221;{}&#8221;]<h2><strong>Uchwyt do pomiaru \u015brednicy i kr\u0105g\u0142o\u015bci drut\u00f3w i pr\u0119t\u00f3w<\/strong><\/h2>[\/et_pb_text][et_pb_divider color=&#8221;#215500&#8243; divider_weight=&#8221;2px&#8221; _builder_version=&#8221;4.16&#8243; _module_preset=&#8221;default&#8221; custom_margin=&#8221;-23px||6px||false|false&#8221; global_colors_info=&#8221;{}&#8221;][\/et_pb_divider][et_pb_text _builder_version=&#8221;4.17.0&#8243; _module_preset=&#8221;default&#8221; custom_padding=&#8221;||0px|||&#8221; global_colors_info=&#8221;{}&#8221;]<div style=\"text-align: justify;\"><\/div>\n<p align=\"justify\">Uchwyt do drut\u00f3w i pr\u0119t\u00f3w, w przeciwie\u0144stwie do powy\u017cszego produktu, umo\u017cliwia nie tylko analiz\u0119 \u015brednicy, ale tak\u017ce kr\u0105g\u0142o\u015bci. Pomiar realizuje si\u0119 poprzez obr\u00f3t drutu lub pr\u0119ta w 8 zdefiniowanych krokach.<\/p>[\/et_pb_text][\/et_pb_column][et_pb_column type=&#8221;1_2&#8243; _builder_version=&#8221;4.17.0&#8243; _module_preset=&#8221;default&#8221; global_colors_info=&#8221;{}&#8221;][et_pb_image src=&#8221;https:\/\/measline.com\/wp-content\/uploads\/2022\/04\/Uchwyt-drut-obrotowy.jpg&#8221; alt=&#8221;Uchwyt umo\u017cliwiaj\u0105ce pomiar geometrii drutu z mo\u017cliwo\u015bci\u0105 obrotu&#8221; title_text=&#8221;Uchwyt do drut\u00f3w z mo\u017cliwo\u015bci\u0105 obrotu&#8221; align=&#8221;center&#8221; _builder_version=&#8221;4.17.0&#8243; _module_preset=&#8221;default&#8221; width=&#8221;71%&#8221; custom_padding=&#8221;0px||0px||true|false&#8221; global_colors_info=&#8221;{}&#8221;][\/et_pb_image][\/et_pb_column][\/et_pb_row][\/et_pb_section][et_pb_section fb_built=&#8221;1&#8243; _builder_version=&#8221;4.16&#8243; _module_preset=&#8221;default&#8221; background_color=&#8221;#FFFFFF&#8221; custom_padding=&#8221;30px||54px||false|false&#8221; global_colors_info=&#8221;{}&#8221;][et_pb_row _builder_version=&#8221;4.17.0&#8243; _module_preset=&#8221;default&#8221; global_colors_info=&#8221;{}&#8221;][et_pb_column type=&#8221;4_4&#8243; _builder_version=&#8221;4.17.0&#8243; _module_preset=&#8221;default&#8221; global_colors_info=&#8221;{}&#8221;][et_pb_text _builder_version=&#8221;4.17.0&#8243; _module_preset=&#8221;default&#8221; global_colors_info=&#8221;{}&#8221;]<p>Powy\u017cej zaprezentowano uchwyty, kt\u00f3re stanowi\u0105 akcesorium dodatkowe do <a href=\"https:\/\/measline.com\/index.php\/pomiar_geometrii_ciagadel_dgms\/\">urz\u0105dzenia DGMS<\/a>. System ten s\u0142u\u017cy do pomiaru geometrii ci\u0105gade\u0142, w szczeg\u00f3lno\u015bci \u015brednicy i okr\u0105g\u0142o\u015bci otworu. Pomiary s\u0105 realizowane za pomoc\u0105 optyki pomiarowej wyposa\u017conej w kamer\u0119 USB. Obraz wy\u015bwietlany jest na monitorze komputera w czasie rzeczywistym. Powy\u017csze uchwyty, jak r\u00f3wnie\u017c ca\u0142y system do analizy ci\u0105gade\u0142 nale\u017c\u0105 do oferty firmy <a href=\"https:\/\/www.oeggmbh.com\" target=\"_blank\" rel=\"noopener\">OEG<\/a>. Opr\u00f3cz systemu DGMS w ofercie OEG znajduj\u0105 si\u0119 urz\u0105dzenia DDI oraz DIM. Pierwsze z nich s\u0142u\u017cy do wizualnej inspekcji otworu ci\u0105gad\u0142a. Natomiast DIM to kompaktowe urz\u0105dzenie, kt\u00f3re pozwala zar\u00f3wno na pomiar geometrii jak r\u00f3wnie\u017c wizualn\u0105 ocen\u0119 powierzchni. Produkt ten posiada atrakcyjn\u0105 cen\u0119, jednak\u017ce pracuje w bardziej ograniczonym, w por\u00f3wnaniu z DGMS i DDI zakresie.<\/p>\n<p>Zapraszamy do zapoznania si\u0119 r\u00f3wnie\u017c z innymi <a href=\"https:\/\/measline.com\/index.php\/oeg\/\">optycznymi urz\u0105dzeniami pomiarowymi.<\/a> W\u015br\u00f3d dost\u0119pnych produkt\u00f3w warto wyr\u00f3\u017cni\u0107 goniometry do pomiaru k\u0105ta zwil\u017cania i napi\u0119cia powierzchniowego cieczy, czy te\u017c aparaty do analizy p\u0142asko\u015bci i r\u00f3wnoleg\u0142o\u015bci.\u00a0<\/p>[\/et_pb_text][\/et_pb_column][\/et_pb_row][\/et_pb_section]\n","protected":false},"excerpt":{"rendered":"<p>Uchwyty do urz\u0105dzenia DGMS umo\u017cliwiaj\u0105ce pomiar geometrii drut\u00f3w i pr\u0119t\u00f3wUchwyt umo\u017cliwiaj\u0105cy pomiar \u015brednicy drut\u00f3w i pr\u0119t\u00f3w Pomiar \u015brednicy drut\u00f3w i pr\u0119t\u00f3w za pomoc\u0105 urz\u0105dzenia do pomiaru geometrii ci\u0105gade\u0142 jest mo\u017cliwy poprzez zastosowanie uchwytu umo\u017cliwiaj\u0105cego unieruchomienie badanego obiektu. Ponadto niezb\u0119dne jest zastosowanie dodatkowego oprogramowania obs\u0142uguj\u0105cego pomiar \u015brednicy tych element\u00f3w.Uchwyt do pomiaru \u015brednicy i kr\u0105g\u0142o\u015bci drut\u00f3w i [&hellip;]<\/p>\n","protected":false},"author":2,"featured_media":3044,"parent":0,"menu_order":0,"comment_status":"closed","ping_status":"closed","template":"","meta":{"_et_pb_use_builder":"on","_et_pb_old_content":"","_et_gb_content_width":"","footnotes":""},"class_list":["post-3487","page","type-page","status-publish","has-post-thumbnail","hentry"],"yoast_head":"<!-- This site is optimized with the Yoast SEO plugin v27.4 - https:\/\/yoast.com\/product\/yoast-seo-wordpress\/ -->\n<title>Uchwyty umo\u017cliwiaj\u0105ce pomiar geometrii drut\u00f3w i pr\u0119t\u00f3w - OEG - Measline<\/title>\n<meta name=\"description\" content=\"Uchwyty do urz\u0105dze\u0144 umo\u017cliwiaj\u0105cych pomiar geometrii drut\u00f3w i pr\u0119t\u00f3w. Dost\u0119pny uchwyt do pomiaru \u015brednicy i do pomiaru \u015brednicy i kr\u0105g\u0142o\u015bci\" \/>\n<meta name=\"robots\" content=\"index, follow, max-snippet:-1, max-image-preview:large, max-video-preview:-1\" \/>\n<link rel=\"canonical\" href=\"https:\/\/measline.com\/index.php\/pl\/uchwyty-do-pomiarow-geometrii-drutow-i-pretow\/\" \/>\n<meta property=\"og:locale\" content=\"pl_PL\" \/>\n<meta property=\"og:type\" content=\"article\" \/>\n<meta property=\"og:title\" content=\"Uchwyty umo\u017cliwiaj\u0105ce pomiar geometrii drut\u00f3w i pr\u0119t\u00f3w - OEG - Measline\" \/>\n<meta property=\"og:description\" content=\"Uchwyty do urz\u0105dze\u0144 umo\u017cliwiaj\u0105cych pomiar geometrii drut\u00f3w i pr\u0119t\u00f3w. Dost\u0119pny uchwyt do pomiaru \u015brednicy i do pomiaru \u015brednicy i kr\u0105g\u0142o\u015bci\" \/>\n<meta property=\"og:url\" content=\"https:\/\/measline.com\/index.php\/pl\/uchwyty-do-pomiarow-geometrii-drutow-i-pretow\/\" \/>\n<meta property=\"og:site_name\" content=\"Measline\" \/>\n<meta property=\"article:modified_time\" content=\"2022-04-14T07:27:41+00:00\" \/>\n<meta property=\"og:image\" content=\"https:\/\/measline.com\/wp-content\/uploads\/2022\/03\/obraz_2022-03-31_133445.png\" \/>\n\t<meta property=\"og:image:width\" content=\"824\" \/>\n\t<meta property=\"og:image:height\" content=\"686\" \/>\n\t<meta property=\"og:image:type\" content=\"image\/png\" \/>\n<meta name=\"twitter:card\" content=\"summary_large_image\" \/>\n<meta name=\"twitter:label1\" content=\"Szacowany czas czytania\" \/>\n\t<meta name=\"twitter:data1\" content=\"3 minuty\" \/>\n<script type=\"application\/ld+json\" class=\"yoast-schema-graph\">{\"@context\":\"https:\\\/\\\/schema.org\",\"@graph\":[{\"@type\":\"WebPage\",\"@id\":\"https:\\\/\\\/measline.com\\\/index.php\\\/pl\\\/uchwyty-do-pomiarow-geometrii-drutow-i-pretow\\\/\",\"url\":\"https:\\\/\\\/measline.com\\\/index.php\\\/pl\\\/uchwyty-do-pomiarow-geometrii-drutow-i-pretow\\\/\",\"name\":\"Uchwyty umo\u017cliwiaj\u0105ce pomiar geometrii drut\u00f3w i pr\u0119t\u00f3w - OEG - Measline\",\"isPartOf\":{\"@id\":\"https:\\\/\\\/measline.com\\\/#website\"},\"primaryImageOfPage\":{\"@id\":\"https:\\\/\\\/measline.com\\\/index.php\\\/pl\\\/uchwyty-do-pomiarow-geometrii-drutow-i-pretow\\\/#primaryimage\"},\"image\":{\"@id\":\"https:\\\/\\\/measline.com\\\/index.php\\\/pl\\\/uchwyty-do-pomiarow-geometrii-drutow-i-pretow\\\/#primaryimage\"},\"thumbnailUrl\":\"https:\\\/\\\/measline.com\\\/wp-content\\\/uploads\\\/2022\\\/03\\\/obraz_2022-03-31_133445.png\",\"datePublished\":\"2022-04-14T06:28:18+00:00\",\"dateModified\":\"2022-04-14T07:27:41+00:00\",\"description\":\"Uchwyty do urz\u0105dze\u0144 umo\u017cliwiaj\u0105cych pomiar geometrii drut\u00f3w i pr\u0119t\u00f3w. Dost\u0119pny uchwyt do pomiaru \u015brednicy i do pomiaru \u015brednicy i kr\u0105g\u0142o\u015bci\",\"breadcrumb\":{\"@id\":\"https:\\\/\\\/measline.com\\\/index.php\\\/pl\\\/uchwyty-do-pomiarow-geometrii-drutow-i-pretow\\\/#breadcrumb\"},\"inLanguage\":\"pl-PL\",\"potentialAction\":[{\"@type\":\"ReadAction\",\"target\":[\"https:\\\/\\\/measline.com\\\/index.php\\\/pl\\\/uchwyty-do-pomiarow-geometrii-drutow-i-pretow\\\/\"]}]},{\"@type\":\"ImageObject\",\"inLanguage\":\"pl-PL\",\"@id\":\"https:\\\/\\\/measline.com\\\/index.php\\\/pl\\\/uchwyty-do-pomiarow-geometrii-drutow-i-pretow\\\/#primaryimage\",\"url\":\"https:\\\/\\\/measline.com\\\/wp-content\\\/uploads\\\/2022\\\/03\\\/obraz_2022-03-31_133445.png\",\"contentUrl\":\"https:\\\/\\\/measline.com\\\/wp-content\\\/uploads\\\/2022\\\/03\\\/obraz_2022-03-31_133445.png\",\"width\":824,\"height\":686,\"caption\":\"Uchwyty umo\u017cliwiaj\u0105ce pomiar drut\u00f3w i pr\u0119t\u00f3w\"},{\"@type\":\"BreadcrumbList\",\"@id\":\"https:\\\/\\\/measline.com\\\/index.php\\\/pl\\\/uchwyty-do-pomiarow-geometrii-drutow-i-pretow\\\/#breadcrumb\",\"itemListElement\":[{\"@type\":\"ListItem\",\"position\":1,\"name\":\"Strona g\u0142\u00f3wna\",\"item\":\"https:\\\/\\\/measline.com\\\/index.php\\\/pl\\\/\"},{\"@type\":\"ListItem\",\"position\":2,\"name\":\"Uchwyty umo\u017cliwiaj\u0105ce pomiar geometrii drut\u00f3w i pr\u0119t\u00f3w\"}]},{\"@type\":\"WebSite\",\"@id\":\"https:\\\/\\\/measline.com\\\/#website\",\"url\":\"https:\\\/\\\/measline.com\\\/\",\"name\":\"Measline\",\"description\":\"Advanced solutions\",\"publisher\":{\"@id\":\"https:\\\/\\\/measline.com\\\/#organization\"},\"potentialAction\":[{\"@type\":\"SearchAction\",\"target\":{\"@type\":\"EntryPoint\",\"urlTemplate\":\"https:\\\/\\\/measline.com\\\/?s={search_term_string}\"},\"query-input\":{\"@type\":\"PropertyValueSpecification\",\"valueRequired\":true,\"valueName\":\"search_term_string\"}}],\"inLanguage\":\"pl-PL\"},{\"@type\":\"Organization\",\"@id\":\"https:\\\/\\\/measline.com\\\/#organization\",\"name\":\"Measline\",\"url\":\"https:\\\/\\\/measline.com\\\/\",\"logo\":{\"@type\":\"ImageObject\",\"inLanguage\":\"pl-PL\",\"@id\":\"https:\\\/\\\/measline.com\\\/#\\\/schema\\\/logo\\\/image\\\/\",\"url\":\"https:\\\/\\\/measline.com\\\/wp-content\\\/uploads\\\/2021\\\/11\\\/logo_color_small.png.png\",\"contentUrl\":\"https:\\\/\\\/measline.com\\\/wp-content\\\/uploads\\\/2021\\\/11\\\/logo_color_small.png.png\",\"width\":1000,\"height\":417,\"caption\":\"Measline\"},\"image\":{\"@id\":\"https:\\\/\\\/measline.com\\\/#\\\/schema\\\/logo\\\/image\\\/\"}}]}<\/script>\n<!-- \/ Yoast SEO plugin. -->","yoast_head_json":{"title":"Uchwyty umo\u017cliwiaj\u0105ce pomiar geometrii drut\u00f3w i pr\u0119t\u00f3w - OEG - Measline","description":"Uchwyty do urz\u0105dze\u0144 umo\u017cliwiaj\u0105cych pomiar geometrii drut\u00f3w i pr\u0119t\u00f3w. Dost\u0119pny uchwyt do pomiaru \u015brednicy i do pomiaru \u015brednicy i kr\u0105g\u0142o\u015bci","robots":{"index":"index","follow":"follow","max-snippet":"max-snippet:-1","max-image-preview":"max-image-preview:large","max-video-preview":"max-video-preview:-1"},"canonical":"https:\/\/measline.com\/index.php\/pl\/uchwyty-do-pomiarow-geometrii-drutow-i-pretow\/","og_locale":"pl_PL","og_type":"article","og_title":"Uchwyty umo\u017cliwiaj\u0105ce pomiar geometrii drut\u00f3w i pr\u0119t\u00f3w - OEG - Measline","og_description":"Uchwyty do urz\u0105dze\u0144 umo\u017cliwiaj\u0105cych pomiar geometrii drut\u00f3w i pr\u0119t\u00f3w. Dost\u0119pny uchwyt do pomiaru \u015brednicy i do pomiaru \u015brednicy i kr\u0105g\u0142o\u015bci","og_url":"https:\/\/measline.com\/index.php\/pl\/uchwyty-do-pomiarow-geometrii-drutow-i-pretow\/","og_site_name":"Measline","article_modified_time":"2022-04-14T07:27:41+00:00","og_image":[{"width":824,"height":686,"url":"https:\/\/measline.com\/wp-content\/uploads\/2022\/03\/obraz_2022-03-31_133445.png","type":"image\/png"}],"twitter_card":"summary_large_image","twitter_misc":{"Szacowany czas czytania":"3 minuty"},"schema":{"@context":"https:\/\/schema.org","@graph":[{"@type":"WebPage","@id":"https:\/\/measline.com\/index.php\/pl\/uchwyty-do-pomiarow-geometrii-drutow-i-pretow\/","url":"https:\/\/measline.com\/index.php\/pl\/uchwyty-do-pomiarow-geometrii-drutow-i-pretow\/","name":"Uchwyty umo\u017cliwiaj\u0105ce pomiar geometrii drut\u00f3w i pr\u0119t\u00f3w - OEG - Measline","isPartOf":{"@id":"https:\/\/measline.com\/#website"},"primaryImageOfPage":{"@id":"https:\/\/measline.com\/index.php\/pl\/uchwyty-do-pomiarow-geometrii-drutow-i-pretow\/#primaryimage"},"image":{"@id":"https:\/\/measline.com\/index.php\/pl\/uchwyty-do-pomiarow-geometrii-drutow-i-pretow\/#primaryimage"},"thumbnailUrl":"https:\/\/measline.com\/wp-content\/uploads\/2022\/03\/obraz_2022-03-31_133445.png","datePublished":"2022-04-14T06:28:18+00:00","dateModified":"2022-04-14T07:27:41+00:00","description":"Uchwyty do urz\u0105dze\u0144 umo\u017cliwiaj\u0105cych pomiar geometrii drut\u00f3w i pr\u0119t\u00f3w. Dost\u0119pny uchwyt do pomiaru \u015brednicy i do pomiaru \u015brednicy i kr\u0105g\u0142o\u015bci","breadcrumb":{"@id":"https:\/\/measline.com\/index.php\/pl\/uchwyty-do-pomiarow-geometrii-drutow-i-pretow\/#breadcrumb"},"inLanguage":"pl-PL","potentialAction":[{"@type":"ReadAction","target":["https:\/\/measline.com\/index.php\/pl\/uchwyty-do-pomiarow-geometrii-drutow-i-pretow\/"]}]},{"@type":"ImageObject","inLanguage":"pl-PL","@id":"https:\/\/measline.com\/index.php\/pl\/uchwyty-do-pomiarow-geometrii-drutow-i-pretow\/#primaryimage","url":"https:\/\/measline.com\/wp-content\/uploads\/2022\/03\/obraz_2022-03-31_133445.png","contentUrl":"https:\/\/measline.com\/wp-content\/uploads\/2022\/03\/obraz_2022-03-31_133445.png","width":824,"height":686,"caption":"Uchwyty umo\u017cliwiaj\u0105ce pomiar drut\u00f3w i pr\u0119t\u00f3w"},{"@type":"BreadcrumbList","@id":"https:\/\/measline.com\/index.php\/pl\/uchwyty-do-pomiarow-geometrii-drutow-i-pretow\/#breadcrumb","itemListElement":[{"@type":"ListItem","position":1,"name":"Strona g\u0142\u00f3wna","item":"https:\/\/measline.com\/index.php\/pl\/"},{"@type":"ListItem","position":2,"name":"Uchwyty umo\u017cliwiaj\u0105ce pomiar geometrii drut\u00f3w i pr\u0119t\u00f3w"}]},{"@type":"WebSite","@id":"https:\/\/measline.com\/#website","url":"https:\/\/measline.com\/","name":"Measline","description":"Advanced solutions","publisher":{"@id":"https:\/\/measline.com\/#organization"},"potentialAction":[{"@type":"SearchAction","target":{"@type":"EntryPoint","urlTemplate":"https:\/\/measline.com\/?s={search_term_string}"},"query-input":{"@type":"PropertyValueSpecification","valueRequired":true,"valueName":"search_term_string"}}],"inLanguage":"pl-PL"},{"@type":"Organization","@id":"https:\/\/measline.com\/#organization","name":"Measline","url":"https:\/\/measline.com\/","logo":{"@type":"ImageObject","inLanguage":"pl-PL","@id":"https:\/\/measline.com\/#\/schema\/logo\/image\/","url":"https:\/\/measline.com\/wp-content\/uploads\/2021\/11\/logo_color_small.png.png","contentUrl":"https:\/\/measline.com\/wp-content\/uploads\/2021\/11\/logo_color_small.png.png","width":1000,"height":417,"caption":"Measline"},"image":{"@id":"https:\/\/measline.com\/#\/schema\/logo\/image\/"}}]}},"_links":{"self":[{"href":"https:\/\/measline.com\/index.php\/wp-json\/wp\/v2\/pages\/3487","targetHints":{"allow":["GET"]}}],"collection":[{"href":"https:\/\/measline.com\/index.php\/wp-json\/wp\/v2\/pages"}],"about":[{"href":"https:\/\/measline.com\/index.php\/wp-json\/wp\/v2\/types\/page"}],"author":[{"embeddable":true,"href":"https:\/\/measline.com\/index.php\/wp-json\/wp\/v2\/users\/2"}],"replies":[{"embeddable":true,"href":"https:\/\/measline.com\/index.php\/wp-json\/wp\/v2\/comments?post=3487"}],"version-history":[{"count":19,"href":"https:\/\/measline.com\/index.php\/wp-json\/wp\/v2\/pages\/3487\/revisions"}],"predecessor-version":[{"id":3518,"href":"https:\/\/measline.com\/index.php\/wp-json\/wp\/v2\/pages\/3487\/revisions\/3518"}],"wp:featuredmedia":[{"embeddable":true,"href":"https:\/\/measline.com\/index.php\/wp-json\/wp\/v2\/media\/3044"}],"wp:attachment":[{"href":"https:\/\/measline.com\/index.php\/wp-json\/wp\/v2\/media?parent=3487"}],"curies":[{"name":"wp","href":"https:\/\/api.w.org\/{rel}","templated":true}]}}