{"id":350,"date":"2021-11-24T14:26:37","date_gmt":"2021-11-24T13:26:37","guid":{"rendered":"http:\/\/measline.com\/\/?page_id=350"},"modified":"2022-02-18T09:57:44","modified_gmt":"2022-02-18T08:57:44","slug":"350-2","status":"publish","type":"page","link":"https:\/\/measline.com\/index.php\/pl\/measline\/produkty\/product_afm\/350-2\/","title":{"rendered":"AFMinSEM"},"content":{"rendered":"\n\n[et_pb_section fb_built=&#8221;1&#8243; _builder_version=&#8221;4.14.2&#8243; _module_preset=&#8221;default&#8221; background_color=&#8221;rgba(0,0,0,0.05)&#8221; custom_margin=&#8221;0px|0px|0px|0px|false|false&#8221; custom_padding=&#8221;0px|0px|0px|0px|false|false&#8221; global_colors_info=&#8221;{}&#8221;][et_pb_row _builder_version=&#8221;4.14.2&#8243; _module_preset=&#8221;default&#8221; custom_margin=&#8221;0px||0px||true|false&#8221; custom_padding=&#8221;11px||3px||false|false&#8221; global_colors_info=&#8221;{}&#8221;][et_pb_column type=&#8221;4_4&#8243; _builder_version=&#8221;4.14.2&#8243; _module_preset=&#8221;default&#8221; global_colors_info=&#8221;{}&#8221;][et_pb_button button_url=&#8221;@ET-DC@eyJkeW5hbWljIjp0cnVlLCJjb250ZW50IjoicG9zdF9saW5rX3VybF9wYWdlIiwic2V0dGluZ3MiOnsicG9zdF9pZCI6IjI2MSJ9fQ==@&#8221; button_text=&#8221;Powr\u00f3t do podkategorii&#8221; _builder_version=&#8221;4.14.2&#8243; _dynamic_attributes=&#8221;button_url&#8221; _module_preset=&#8221;default&#8221; custom_button=&#8221;on&#8221; button_text_color=&#8221;#225500&#8243; button_border_width=&#8221;0px&#8221; button_icon=&#8221;&#x4a;||divi||400&#8243; global_colors_info=&#8221;{}&#8221;][\/et_pb_button][\/et_pb_column][\/et_pb_row][\/et_pb_section][et_pb_section fb_built=&#8221;1&#8243; _builder_version=&#8221;4.14.2&#8243; _module_preset=&#8221;default&#8221; global_colors_info=&#8221;{}&#8221;][et_pb_row column_structure=&#8221;1_2,1_2&#8243; _builder_version=&#8221;4.10.8&#8243; _module_preset=&#8221;default&#8221; global_colors_info=&#8221;{}&#8221;][et_pb_column type=&#8221;1_2&#8243; _builder_version=&#8221;4.10.8&#8243; _module_preset=&#8221;default&#8221; global_colors_info=&#8221;{}&#8221;][et_pb_image src=&#8221;http:\/\/measline.com\/\/wp-content\/uploads\/2021\/11\/afminsem_head-small.jpg&#8221; title_text=&#8221;afminsem_head-small&#8221; align=&#8221;center&#8221; _builder_version=&#8221;4.14.7&#8243; _module_preset=&#8221;default&#8221; width=&#8221;71%&#8221; module_alignment=&#8221;center&#8221; global_colors_info=&#8221;{}&#8221;][\/et_pb_image][\/et_pb_column][et_pb_column type=&#8221;1_2&#8243; _builder_version=&#8221;4.10.8&#8243; _module_preset=&#8221;default&#8221; global_colors_info=&#8221;{}&#8221;][et_pb_text _builder_version=&#8221;4.14.1&#8243; _module_preset=&#8221;default&#8221; global_colors_info=&#8221;{}&#8221;]<div>\n<h1 class=\"Standard\"><b><span>AFMinSEM<o:p><\/o:p><\/span><\/b><\/h1>\n<\/div>[\/et_pb_text][et_pb_divider color=&#8221;#215500&#8243; divider_weight=&#8221;2px&#8221; _builder_version=&#8221;4.14.1&#8243; _module_preset=&#8221;default&#8221; custom_margin=&#8221;-23px||6px||false|false&#8221; global_colors_info=&#8221;{}&#8221;][\/et_pb_divider][et_pb_text _builder_version=&#8221;4.14.2&#8243; _module_preset=&#8221;default&#8221; global_colors_info=&#8221;{}&#8221;]<div>\n<p class=\"Standard\" style=\"text-align: justify;\"><span>AFMinSEM jest urz\u0105dzeniem pozwalaj\u0105cym na obrazowanie, wytwarzanie obiekt\u00f3w w skali nanometrycznej oraz zastosowanie w metrologii. Wykorzystanie <\/span><span>piezorezystywnych pr\u00f3bnik\u00f3w <\/span><span>umo\u017cliwia wysoko zautomatyzowan\u0105 kontrol\u0119 ruchu ostrza bez konieczno\u015bci stosowania uk\u0142adu optycznego. Zapewnia to kompaktowo\u015b\u0107 systemu i jego stabiln\u0105 prac\u0119, a tak\u017ce \u0142atwo\u015b\u0107 w obs\u0142udze.<br \/>Powy\u017csze cechy urz\u0105dzenia AFMinSEM pozwalaj\u0105 na integracj\u0119 z dowolnym mikroskopem SEM bez konieczno\u015bci modyfikacji komory, a czas instalacji jest kr\u00f3tszy ni\u017c 5 minut. Zdolno\u015b\u0107 urz\u0105dzenia do pracy zar\u00f3wno w powietrzu jak i pr\u00f3\u017cni umo\u017cliwia jednoczesn\u0105 prac\u0119 mikroskop\u00f3w AFM i SEM bez przestoj\u00f3w.<o:p><\/o:p><\/span><\/p>\n<\/div>[\/et_pb_text][\/et_pb_column][\/et_pb_row][\/et_pb_section][et_pb_section fb_built=&#8221;1&#8243; _builder_version=&#8221;4.14.2&#8243; _module_preset=&#8221;default&#8221; background_color=&#8221;rgba(0,0,0,0.05)&#8221; global_colors_info=&#8221;{}&#8221;][et_pb_row column_structure=&#8221;2_3,1_3&#8243; admin_label=&#8221;Wiersz&#8221; _builder_version=&#8221;4.14.2&#8243; _module_preset=&#8221;default&#8221; global_colors_info=&#8221;{}&#8221;][et_pb_column type=&#8221;2_3&#8243; _builder_version=&#8221;4.14.2&#8243; _module_preset=&#8221;default&#8221; global_colors_info=&#8221;{}&#8221;][et_pb_text _builder_version=&#8221;4.14.2&#8243; _module_preset=&#8221;default&#8221; custom_margin=&#8221;-50px||||false|false&#8221; custom_padding=&#8221;0px||||false|false&#8221; global_colors_info=&#8221;{}&#8221;]<div>\n<h3 class=\"Standard\"><span>Najwa\u017cniejsze cechy urz\u0105dzenia AFMinSEM:<o:p><\/o:p><\/span><\/h3>\n<p><span><\/span><\/p>\n<p><span><\/span><\/p>\n<\/div>\n<div>\n<ul>\n<li class=\"Standard\"><span>Dedykowany do pomiar\u00f3w wewn\u0105trz komory SEM<\/span><\/li>\n<li class=\"Standard\">Dostosowany do wi\u0119kszo\u015bci mikroskop\u00f3w SEM<\/li>\n<li class=\"Standard\">Kompaktowo\u015b\u0107 umo\u017cliwia prac\u0119 w ograniczonej przestrzeni<\/li>\n<li class=\"Standard\">Mo\u017cliwo\u015b\u0107 pracy w powietrzu i pr\u00f3\u017cni<\/li>\n<li class=\"Standard\">Umo\u017cliwia wysoce precyzyjne pozycjonowanie<\/li>\n<li class=\"Standard\">\u0141atwy w u\u017cyciu przy zachowaniu pe\u0142nej funkcjonalno\u015bci<\/li>\n<li class=\"Standard\">Solidny i niezawodny<\/li>\n<li class=\"Standard\">Wysoki poziom automatyzacji<\/li>\n<li class=\"Standard\">Prosta wymiana pr\u00f3bnika<\/li>\n<li class=\"Standard\">Niemagnetyczny stolik xyz<\/li>\n<li class=\"Standard\">Przeznaczony do obrazowania, tworzenia oraz pomiar\u00f3w w\u0142a\u015bciwo\u015bci struktur w skali nanometrycznej<\/li>\n<\/ul>\n<\/div>[\/et_pb_text][\/et_pb_column][et_pb_column type=&#8221;1_3&#8243; _builder_version=&#8221;4.14.2&#8243; _module_preset=&#8221;default&#8221; global_colors_info=&#8221;{}&#8221;][et_pb_gallery gallery_ids=&#8221;357,356,354&#8243; fullwidth=&#8221;on&#8221; _builder_version=&#8221;4.14.7&#8243; _module_preset=&#8221;default&#8221; module_alignment=&#8221;center&#8221; custom_padding=&#8221;25px||25px||true|false&#8221; hover_enabled=&#8221;0&#8243; global_colors_info=&#8221;{}&#8221; animation_style=&#8221;fade&#8221; auto=&#8221;on&#8221; auto_speed=&#8221;5000&#8243; sticky_enabled=&#8221;0&#8243;][\/et_pb_gallery][\/et_pb_column][\/et_pb_row][et_pb_row _builder_version=&#8221;4.10.8&#8243; _module_preset=&#8221;default&#8221; global_colors_info=&#8221;{}&#8221;][et_pb_column type=&#8221;4_4&#8243; _builder_version=&#8221;4.10.8&#8243; _module_preset=&#8221;default&#8221; global_colors_info=&#8221;{}&#8221;][et_pb_video src=&#8221;https:\/\/www.youtube.com\/watch?v=XiIOuCeyLlc&#8221; admin_label=&#8221;Klip wideo&#8221; _builder_version=&#8221;4.14.1&#8243; _module_preset=&#8221;default&#8221; width=&#8221;60%&#8221; module_alignment=&#8221;center&#8221; global_colors_info=&#8221;{}&#8221;][\/et_pb_video][\/et_pb_column][\/et_pb_row][\/et_pb_section][et_pb_section fb_built=&#8221;1&#8243; _builder_version=&#8221;4.14.2&#8243; _module_preset=&#8221;default&#8221; custom_padding=&#8221;30px||||false|false&#8221; global_colors_info=&#8221;{}&#8221;][et_pb_row _builder_version=&#8221;4.14.2&#8243; _module_preset=&#8221;default&#8221; custom_padding=&#8221;0px||0px||false|false&#8221; global_colors_info=&#8221;{}&#8221;][et_pb_column type=&#8221;4_4&#8243; _builder_version=&#8221;4.14.2&#8243; _module_preset=&#8221;default&#8221; global_colors_info=&#8221;{}&#8221;][et_pb_text _builder_version=&#8221;4.14.2&#8243; _module_preset=&#8221;default&#8221; global_colors_info=&#8221;{}&#8221;]<div class=\"dataTables_scrollHead\">\n<div class=\"dataTables_scrollHeadInner\">\n<h3>Specyfikacja:<\/h3>\n<div>\n<ul><\/ul>\n<table width=\"643\">\n<tbody>\n<tr>\n<td width=\"200\">\u015arodowisko pracy<\/td>\n<td width=\"443\">Powietrze i pr\u00f3\u017cnia<\/td>\n<\/tr>\n<tr>\n<td width=\"200\">Tryby Pracy<\/td>\n<td width=\"443\">\n<p>Obrazowanie: bezkontaktowy, kontaktowy, przesuni\u0119cia fazowego<\/p>\n<p>Spektroskopia:<span>\u00a0 <\/span>si\u0142a-odleg\u0142o\u015b\u0107, amplituda odleg\u0142o\u015b\u0107<\/p>\n<p><em>Inne tryby na \u017cyczenie (Current-Distance, Kelvin probe force microscopy (KPFM), Magnetic Force Microscopy (MFM), Q-Control, Mikroskopia Si\u0142 Elektrostatycznych (EFM), Litografia.<\/em><\/p>\n<\/td>\n<\/tr>\n<tr>\n<td width=\"200\">Rozdzielczo\u015b\u0107 pozycjonowania<\/td>\n<td width=\"443\">\n<p>X, Y:<span>\u00a0 <\/span>0,4 nm<\/p>\n<p>Z: 0,2 nm<\/p>\n<\/td>\n<\/tr>\n<tr>\n<td width=\"200\">Maksymalny zakres ruchu podczas pomiaru (X, Y, Z)<\/td>\n<td width=\"443\">\n<p>60 \u03bcm x 60 \u03bcm x 20 \u03bcm<\/p>\n<p>Maksymalnie ograniczony ruch poza p\u0142aszczyznami<\/p>\n<\/td>\n<\/tr>\n<tr>\n<td width=\"200\">Maksymalne pole adresowania<\/td>\n<td width=\"443\">\n<p>18 mm x 18 mm<\/p>\n<p>Rozdzielczo\u015b\u0107: 3 \u03bcm<\/p>\n<\/td>\n<\/tr>\n<tr>\n<td width=\"200\">Cz\u0119stotliwo\u015bci rezonansowe stolika<\/td>\n<td width=\"443\">\n<p>X, Y: 750Hz;<\/p>\n<p>Z: 2000Hz<\/p>\n<\/td>\n<\/tr>\n<tr>\n<td width=\"200\">Maksymalny rozmiar pr\u00f3bki<\/td>\n<td width=\"443\">\n<p>\u015arednica: 70 mm<\/p>\n<p>Wysoko\u015b\u0107 6 mm<\/p>\n<\/td>\n<\/tr>\n<tr>\n<td width=\"200\">Pozycjoner zgrubny<\/td>\n<td width=\"443\">\n<p>Manipulacja w zakresie 1,5 cm we wszystkich osiach<\/p>\n<p>Dok\u0142adno\u015b\u0107: 3 nm<\/p>\n<\/td>\n<\/tr>\n<tr>\n<td width=\"200\">Zbli\u017canie do pr\u00f3bki<\/td>\n<td width=\"443\">\n<p>Zakres ruchu: 8 mm<\/p>\n<p>W pe\u0142ni automatyczne lub krokowe sterowane r\u0119cznie<\/p>\n<\/td>\n<\/tr>\n<tr>\n<td width=\"200\">Kamera i optyka<\/td>\n<td width=\"443\"><em>Opcjonalnie dost\u0119pna kamera nawigacyjna do pracy w powietrzu<\/em><\/td>\n<\/tr>\n<tr>\n<td width=\"200\">Wymiary i waga urz\u0105dzenia<\/td>\n<td width=\"443\">\n<p>Wymiary: 108 mm x 70 mm x 50 mm<\/p>\n<p>Waga: 360g<\/p>\n<\/td>\n<\/tr>\n<tr>\n<td width=\"200\">Monta\u017c<\/td>\n<td width=\"443\">Dostosowany do wi\u0119kszo\u015bci system\u00f3w SEM-\/FIB<\/td>\n<\/tr>\n<\/tbody>\n<\/table>\n<\/div>\n<div>\n<ul><\/ul>\n<p><a href=\"https:\/\/www.nanoanalytik.net\/products\/systems\/afm-in-sem\/\" target=\"_blank\" rel=\"noopener\">Zobacz wi\u0119cej na stronie producenta<\/a><\/p>\n<\/div>\n<div>\n<ul><\/ul>\n<\/div>\n<div>\n<ul><\/ul>\n<\/div>\n<\/div>\n<\/div>[\/et_pb_text][\/et_pb_column][\/et_pb_row][et_pb_row _builder_version=&#8221;4.14.7&#8243; _module_preset=&#8221;default&#8221; global_colors_info=&#8221;{}&#8221;][et_pb_column type=&#8221;4_4&#8243; _builder_version=&#8221;4.14.7&#8243; _module_preset=&#8221;default&#8221; global_colors_info=&#8221;{}&#8221;][et_pb_text _builder_version=&#8221;4.14.7&#8243; _module_preset=&#8221;default&#8221; global_colors_info=&#8221;{}&#8221;]<p>Zabacz tak\u017ce <a href=\"http:\/\/measline.com\/index.php\/project\/komora-akustyczna\/\" target=\"_blank\" rel=\"noopener\">komor\u0119 akustyczn\u0105<\/a> firmy MeasLine dostosowan\u0105 do mikroskop\u00f3w AFM.<\/p>[\/et_pb_text][\/et_pb_column][\/et_pb_row][\/et_pb_section]\n\n","protected":false},"excerpt":{"rendered":"<p>AFMinSEM AFMinSEM jest urz\u0105dzeniem pozwalaj\u0105cym na obrazowanie, wytwarzanie obiekt\u00f3w w skali nanometrycznej oraz zastosowanie w metrologii. Wykorzystanie piezorezystywnych pr\u00f3bnik\u00f3w umo\u017cliwia wysoko zautomatyzowan\u0105 kontrol\u0119 ruchu ostrza bez konieczno\u015bci stosowania uk\u0142adu optycznego. Zapewnia to kompaktowo\u015b\u0107 systemu i jego stabiln\u0105 prac\u0119, a tak\u017ce \u0142atwo\u015b\u0107 w obs\u0142udze.Powy\u017csze cechy urz\u0105dzenia AFMinSEM pozwalaj\u0105 na integracj\u0119 z dowolnym mikroskopem SEM bez konieczno\u015bci [&hellip;]<\/p>\n","protected":false},"author":1,"featured_media":0,"parent":261,"menu_order":0,"comment_status":"closed","ping_status":"closed","template":"","meta":{"_et_pb_use_builder":"on","_et_pb_old_content":"","_et_gb_content_width":"","footnotes":""},"class_list":["post-350","page","type-page","status-publish","hentry"],"yoast_head":"<!-- This site is optimized with the Yoast SEO plugin v27.5 - https:\/\/yoast.com\/product\/yoast-seo-wordpress\/ -->\n<title>Mikroskopy si\u0142 atomowych AFMinSEM - Measline<\/title>\n<meta name=\"description\" content=\"urz\u0105dzenie pozwala na obrazowanie, wytwarzanie obiekt\u00f3w w skali nanometrycznej oraz zastosowanie w metrologii.\" \/>\n<meta name=\"robots\" content=\"index, follow, max-snippet:-1, max-image-preview:large, max-video-preview:-1\" \/>\n<link rel=\"canonical\" href=\"https:\/\/measline.com\/index.php\/pl\/measline\/produkty\/product_afm\/350-2\/\" \/>\n<meta property=\"og:locale\" content=\"pl_PL\" \/>\n<meta property=\"og:type\" content=\"article\" \/>\n<meta property=\"og:title\" content=\"Mikroskopy si\u0142 atomowych AFMinSEM - Measline\" \/>\n<meta property=\"og:description\" content=\"urz\u0105dzenie pozwala na obrazowanie, wytwarzanie obiekt\u00f3w w skali nanometrycznej oraz zastosowanie w metrologii.\" \/>\n<meta property=\"og:url\" content=\"https:\/\/measline.com\/index.php\/pl\/measline\/produkty\/product_afm\/350-2\/\" \/>\n<meta property=\"og:site_name\" content=\"Measline\" \/>\n<meta property=\"article:modified_time\" content=\"2022-02-18T08:57:44+00:00\" \/>\n<meta name=\"twitter:card\" content=\"summary_large_image\" \/>\n<meta name=\"twitter:label1\" content=\"Szacowany czas czytania\" \/>\n\t<meta name=\"twitter:data1\" content=\"3 minuty\" \/>\n<script type=\"application\/ld+json\" class=\"yoast-schema-graph\">{\"@context\":\"https:\\\/\\\/schema.org\",\"@graph\":[{\"@type\":\"WebPage\",\"@id\":\"https:\\\/\\\/measline.com\\\/index.php\\\/pl\\\/measline\\\/produkty\\\/product_afm\\\/350-2\\\/\",\"url\":\"https:\\\/\\\/measline.com\\\/index.php\\\/pl\\\/measline\\\/produkty\\\/product_afm\\\/350-2\\\/\",\"name\":\"Mikroskopy si\u0142 atomowych AFMinSEM - Measline\",\"isPartOf\":{\"@id\":\"https:\\\/\\\/measline.com\\\/#website\"},\"datePublished\":\"2021-11-24T13:26:37+00:00\",\"dateModified\":\"2022-02-18T08:57:44+00:00\",\"description\":\"urz\u0105dzenie pozwala na obrazowanie, wytwarzanie obiekt\u00f3w w skali nanometrycznej oraz zastosowanie w metrologii.\",\"breadcrumb\":{\"@id\":\"https:\\\/\\\/measline.com\\\/index.php\\\/pl\\\/measline\\\/produkty\\\/product_afm\\\/350-2\\\/#breadcrumb\"},\"inLanguage\":\"pl-PL\",\"potentialAction\":[{\"@type\":\"ReadAction\",\"target\":[\"https:\\\/\\\/measline.com\\\/index.php\\\/pl\\\/measline\\\/produkty\\\/product_afm\\\/350-2\\\/\"]}]},{\"@type\":\"BreadcrumbList\",\"@id\":\"https:\\\/\\\/measline.com\\\/index.php\\\/pl\\\/measline\\\/produkty\\\/product_afm\\\/350-2\\\/#breadcrumb\",\"itemListElement\":[{\"@type\":\"ListItem\",\"position\":1,\"name\":\"Strona g\u0142\u00f3wna\",\"item\":\"https:\\\/\\\/measline.com\\\/index.php\\\/pl\\\/\"},{\"@type\":\"ListItem\",\"position\":2,\"name\":\"Strona g\u0142\u00f3wna\",\"item\":\"https:\\\/\\\/measline.com\\\/index.php\\\/pl\\\/\"},{\"@type\":\"ListItem\",\"position\":3,\"name\":\"Produkty\",\"item\":\"https:\\\/\\\/measline.com\\\/index.php\\\/pl\\\/measline\\\/produkty\\\/\"},{\"@type\":\"ListItem\",\"position\":4,\"name\":\"Mikroskopia si\u0142 atomowych\",\"item\":\"https:\\\/\\\/measline.com\\\/index.php\\\/pl\\\/measline\\\/produkty\\\/product_afm\\\/\"},{\"@type\":\"ListItem\",\"position\":5,\"name\":\"AFMinSEM\"}]},{\"@type\":\"WebSite\",\"@id\":\"https:\\\/\\\/measline.com\\\/#website\",\"url\":\"https:\\\/\\\/measline.com\\\/\",\"name\":\"Measline\",\"description\":\"Advanced solutions\",\"publisher\":{\"@id\":\"https:\\\/\\\/measline.com\\\/#organization\"},\"potentialAction\":[{\"@type\":\"SearchAction\",\"target\":{\"@type\":\"EntryPoint\",\"urlTemplate\":\"https:\\\/\\\/measline.com\\\/?s={search_term_string}\"},\"query-input\":{\"@type\":\"PropertyValueSpecification\",\"valueRequired\":true,\"valueName\":\"search_term_string\"}}],\"inLanguage\":\"pl-PL\"},{\"@type\":\"Organization\",\"@id\":\"https:\\\/\\\/measline.com\\\/#organization\",\"name\":\"Measline\",\"url\":\"https:\\\/\\\/measline.com\\\/\",\"logo\":{\"@type\":\"ImageObject\",\"inLanguage\":\"pl-PL\",\"@id\":\"https:\\\/\\\/measline.com\\\/#\\\/schema\\\/logo\\\/image\\\/\",\"url\":\"https:\\\/\\\/measline.com\\\/wp-content\\\/uploads\\\/2021\\\/11\\\/logo_color_small.png.png\",\"contentUrl\":\"https:\\\/\\\/measline.com\\\/wp-content\\\/uploads\\\/2021\\\/11\\\/logo_color_small.png.png\",\"width\":1000,\"height\":417,\"caption\":\"Measline\"},\"image\":{\"@id\":\"https:\\\/\\\/measline.com\\\/#\\\/schema\\\/logo\\\/image\\\/\"}}]}<\/script>\n<!-- \/ Yoast SEO plugin. -->","yoast_head_json":{"title":"Mikroskopy si\u0142 atomowych AFMinSEM - Measline","description":"urz\u0105dzenie pozwala na obrazowanie, wytwarzanie obiekt\u00f3w w skali nanometrycznej oraz zastosowanie w metrologii.","robots":{"index":"index","follow":"follow","max-snippet":"max-snippet:-1","max-image-preview":"max-image-preview:large","max-video-preview":"max-video-preview:-1"},"canonical":"https:\/\/measline.com\/index.php\/pl\/measline\/produkty\/product_afm\/350-2\/","og_locale":"pl_PL","og_type":"article","og_title":"Mikroskopy si\u0142 atomowych AFMinSEM - Measline","og_description":"urz\u0105dzenie pozwala na obrazowanie, wytwarzanie obiekt\u00f3w w skali nanometrycznej oraz zastosowanie w metrologii.","og_url":"https:\/\/measline.com\/index.php\/pl\/measline\/produkty\/product_afm\/350-2\/","og_site_name":"Measline","article_modified_time":"2022-02-18T08:57:44+00:00","twitter_card":"summary_large_image","twitter_misc":{"Szacowany czas czytania":"3 minuty"},"schema":{"@context":"https:\/\/schema.org","@graph":[{"@type":"WebPage","@id":"https:\/\/measline.com\/index.php\/pl\/measline\/produkty\/product_afm\/350-2\/","url":"https:\/\/measline.com\/index.php\/pl\/measline\/produkty\/product_afm\/350-2\/","name":"Mikroskopy si\u0142 atomowych AFMinSEM - Measline","isPartOf":{"@id":"https:\/\/measline.com\/#website"},"datePublished":"2021-11-24T13:26:37+00:00","dateModified":"2022-02-18T08:57:44+00:00","description":"urz\u0105dzenie pozwala na obrazowanie, wytwarzanie obiekt\u00f3w w skali nanometrycznej oraz zastosowanie w metrologii.","breadcrumb":{"@id":"https:\/\/measline.com\/index.php\/pl\/measline\/produkty\/product_afm\/350-2\/#breadcrumb"},"inLanguage":"pl-PL","potentialAction":[{"@type":"ReadAction","target":["https:\/\/measline.com\/index.php\/pl\/measline\/produkty\/product_afm\/350-2\/"]}]},{"@type":"BreadcrumbList","@id":"https:\/\/measline.com\/index.php\/pl\/measline\/produkty\/product_afm\/350-2\/#breadcrumb","itemListElement":[{"@type":"ListItem","position":1,"name":"Strona g\u0142\u00f3wna","item":"https:\/\/measline.com\/index.php\/pl\/"},{"@type":"ListItem","position":2,"name":"Strona g\u0142\u00f3wna","item":"https:\/\/measline.com\/index.php\/pl\/"},{"@type":"ListItem","position":3,"name":"Produkty","item":"https:\/\/measline.com\/index.php\/pl\/measline\/produkty\/"},{"@type":"ListItem","position":4,"name":"Mikroskopia si\u0142 atomowych","item":"https:\/\/measline.com\/index.php\/pl\/measline\/produkty\/product_afm\/"},{"@type":"ListItem","position":5,"name":"AFMinSEM"}]},{"@type":"WebSite","@id":"https:\/\/measline.com\/#website","url":"https:\/\/measline.com\/","name":"Measline","description":"Advanced solutions","publisher":{"@id":"https:\/\/measline.com\/#organization"},"potentialAction":[{"@type":"SearchAction","target":{"@type":"EntryPoint","urlTemplate":"https:\/\/measline.com\/?s={search_term_string}"},"query-input":{"@type":"PropertyValueSpecification","valueRequired":true,"valueName":"search_term_string"}}],"inLanguage":"pl-PL"},{"@type":"Organization","@id":"https:\/\/measline.com\/#organization","name":"Measline","url":"https:\/\/measline.com\/","logo":{"@type":"ImageObject","inLanguage":"pl-PL","@id":"https:\/\/measline.com\/#\/schema\/logo\/image\/","url":"https:\/\/measline.com\/wp-content\/uploads\/2021\/11\/logo_color_small.png.png","contentUrl":"https:\/\/measline.com\/wp-content\/uploads\/2021\/11\/logo_color_small.png.png","width":1000,"height":417,"caption":"Measline"},"image":{"@id":"https:\/\/measline.com\/#\/schema\/logo\/image\/"}}]}},"_links":{"self":[{"href":"https:\/\/measline.com\/index.php\/wp-json\/wp\/v2\/pages\/350","targetHints":{"allow":["GET"]}}],"collection":[{"href":"https:\/\/measline.com\/index.php\/wp-json\/wp\/v2\/pages"}],"about":[{"href":"https:\/\/measline.com\/index.php\/wp-json\/wp\/v2\/types\/page"}],"author":[{"embeddable":true,"href":"https:\/\/measline.com\/index.php\/wp-json\/wp\/v2\/users\/1"}],"replies":[{"embeddable":true,"href":"https:\/\/measline.com\/index.php\/wp-json\/wp\/v2\/comments?post=350"}],"version-history":[{"count":14,"href":"https:\/\/measline.com\/index.php\/wp-json\/wp\/v2\/pages\/350\/revisions"}],"predecessor-version":[{"id":2848,"href":"https:\/\/measline.com\/index.php\/wp-json\/wp\/v2\/pages\/350\/revisions\/2848"}],"up":[{"embeddable":true,"href":"https:\/\/measline.com\/index.php\/wp-json\/wp\/v2\/pages\/261"}],"wp:attachment":[{"href":"https:\/\/measline.com\/index.php\/wp-json\/wp\/v2\/media?parent=350"}],"curies":[{"name":"wp","href":"https:\/\/api.w.org\/{rel}","templated":true}]}}