{"id":3648,"date":"2022-06-08T10:43:25","date_gmt":"2022-06-08T08:43:25","guid":{"rendered":"https:\/\/measline.com\/?page_id=3648"},"modified":"2022-06-08T10:43:26","modified_gmt":"2022-06-08T08:43:26","slug":"dms-pomiar-geometrii-ciagadel","status":"publish","type":"page","link":"https:\/\/measline.com\/index.php\/pl\/dms-pomiar-geometrii-ciagadel\/","title":{"rendered":"Urz\u0105dzenie do pomiaru geometrii ci\u0105gade\u0142 &#8211; kompaktowy DMS"},"content":{"rendered":"<p>[et_pb_section fb_built=&#8221;1&#8243; _builder_version=&#8221;4.16&#8243; _module_preset=&#8221;default&#8221; background_color=&#8221;rgba(0,0,0,0.05)&#8221; custom_margin=&#8221;0px|0px|0px|0px|false|false&#8221; custom_padding=&#8221;0px|0px|0px|0px|false|false&#8221; global_colors_info=&#8221;{}&#8221;][et_pb_row _builder_version=&#8221;4.16&#8243; _module_preset=&#8221;default&#8221; custom_margin=&#8221;0px||0px||true|false&#8221; custom_padding=&#8221;11px||3px||false|false&#8221; global_colors_info=&#8221;{}&#8221;][et_pb_column type=&#8221;4_4&#8243; _builder_version=&#8221;4.16&#8243; _module_preset=&#8221;default&#8221; global_colors_info=&#8221;{}&#8221;][et_pb_button button_url=&#8221;@ET-DC@eyJkeW5hbWljIjp0cnVlLCJjb250ZW50IjoicG9zdF9saW5rX3VybF9wYWdlIiwic2V0dGluZ3MiOnsicG9zdF9pZCI6IjMwMzAifX0=@&#8221; button_text=&#8221;Powr\u00f3t do podkategorii&#8221; _builder_version=&#8221;4.17.0&#8243; _dynamic_attributes=&#8221;button_url&#8221; _module_preset=&#8221;default&#8221; custom_button=&#8221;on&#8221; button_text_color=&#8221;#225500&#8243; button_border_width=&#8221;0px&#8221; button_icon=&#8221;&#x4a;||divi||400&#8243; global_colors_info=&#8221;{}&#8221;][\/et_pb_button][\/et_pb_column][\/et_pb_row][\/et_pb_section][et_pb_section fb_built=&#8221;1&#8243; _builder_version=&#8221;4.16&#8243; _module_preset=&#8221;default&#8221; global_colors_info=&#8221;{}&#8221;][et_pb_row column_structure=&#8221;1_2,1_2&#8243; _builder_version=&#8221;4.16&#8243; _module_preset=&#8221;default&#8221; global_colors_info=&#8221;{}&#8221;][et_pb_column type=&#8221;1_2&#8243; _builder_version=&#8221;4.16&#8243; _module_preset=&#8221;default&#8221; global_colors_info=&#8221;{}&#8221;][et_pb_image src=&#8221;https:\/\/measline.com\/wp-content\/uploads\/2022\/03\/DIM.png&#8221; alt=&#8221;Urz\u0105dzenie DMS&#8221; title_text=&#8221;Urz\u0105dzenie DMS&#8221; align=&#8221;center&#8221; _builder_version=&#8221;4.17.4&#8243; _module_preset=&#8221;default&#8221; width=&#8221;71%&#8221; custom_padding=&#8221;0px||0px||true|false&#8221; global_colors_info=&#8221;{}&#8221;][\/et_pb_image][\/et_pb_column][et_pb_column type=&#8221;1_2&#8243; _builder_version=&#8221;4.16&#8243; _module_preset=&#8221;default&#8221; global_colors_info=&#8221;{}&#8221;][et_pb_text _builder_version=&#8221;4.16&#8243; _module_preset=&#8221;default&#8221; custom_padding=&#8221;13px|||||&#8221; global_colors_info=&#8221;{}&#8221;]<\/p>\n<h1><strong>Kompaktowe urz\u0105dzenie do pomiaru geometrii ci\u0105gade\u0142 <\/strong><strong>DMS<\/strong><\/h1>\n<p>[\/et_pb_text][et_pb_divider color=&#8221;#215500&#8243; divider_weight=&#8221;2px&#8221; _builder_version=&#8221;4.16&#8243; _module_preset=&#8221;default&#8221; custom_margin=&#8221;-23px||6px||false|false&#8221; global_colors_info=&#8221;{}&#8221;][\/et_pb_divider][et_pb_text _builder_version=&#8221;4.17.4&#8243; _module_preset=&#8221;default&#8221; global_colors_info=&#8221;{}&#8221;]<\/p>\n<div style=\"text-align: justify;\"><\/div>\n<p align=\"justify\">DMS to kompaktowe urz\u0105dzenie do optycznego pomiaru geometrii ci\u0105gade\u0142. Pomiar wykonywany za pomoc\u0105 oprogramowania w oparciu o obraz uzyskany z kamery. Z uwagi na zastosowanie r\u0119cznej regulacji ostro\u015bci urz\u0105dzenie charakteryzuje si\u0119 atrakcyjn\u0105 cen\u0105, umo\u017cliwiaj\u0105c jednoczenie wysoce precyzyjne pomiary \u015brednicy oraz kr\u0105g\u0142o\u015bci ci\u0105gade\u0142. DMS jest wyposa\u017cony w optyk\u0119 pomiarow\u0105, obejmuj\u0105c\u0105 zakres pomiarowy \u015brednic od 0,1 mm do 5 mm.<\/p>\n<p>[\/et_pb_text][\/et_pb_column][\/et_pb_row][\/et_pb_section][et_pb_section fb_built=&#8221;1&#8243; _builder_version=&#8221;4.16&#8243; _module_preset=&#8221;default&#8221; background_color=&#8221;rgba(0,0,0,0.05)&#8221; global_colors_info=&#8221;{}&#8221;][et_pb_row column_structure=&#8221;2_3,1_3&#8243; _builder_version=&#8221;4.16&#8243; _module_preset=&#8221;default&#8221; custom_padding=&#8221;63px|||||&#8221; global_colors_info=&#8221;{}&#8221;][et_pb_column type=&#8221;2_3&#8243; _builder_version=&#8221;4.16&#8243; _module_preset=&#8221;default&#8221; global_colors_info=&#8221;{}&#8221;][et_pb_text _builder_version=&#8221;4.16&#8243; _module_preset=&#8221;default&#8221; min_height=&#8221;167px&#8221; custom_margin=&#8221;-50px||||false|false&#8221; custom_padding=&#8221;3px|||||&#8221; global_colors_info=&#8221;{}&#8221;]<\/p>\n<div>\n<h3 class=\"Standard\">Najwa\u017cniejsze cechy urz\u0105dzenia DMS<o:p><\/o:p><\/h3>\n<\/div>\n<div>\n<ul>\n<li>przeznaczone do pomiaru geometrii (\u015brednicy i kr\u0105g\u0142o\u015bci) ci\u0105gad\u0142a<\/li>\n<li>pomiar optyczny<\/li>\n<li>przeznaczone do \u015brednic w zakresie 0,1 &#8211; 5 mm<\/li>\n<li><span style=\"font-size: 14px;\">r\u0119czna regulacja ostro\u015bci<\/span><\/li>\n<li>stolik xy do regulacji ustawienia ci\u0105gad\u0142a<span style=\"font-size: 14px;\"><\/span><\/li>\n<li>o\u015bwietlenie LED z zasilaczem i kontrolerem<\/li>\n<li>atrakcyjna cena<\/li>\n<\/ul>\n<p><strong>Oprogramowanie umo\u017cliwia:<\/strong><\/p>\n<ul>\n<li>obserwacje obrazu z kamery w czasie rzeczywistym na ekranie komputera<\/li>\n<li>automatyczny pomiar geometrii<\/li>\n<li>przechowywanie danych pomiarowych<\/li>\n<li>tworzenie, drukowanie i przechowywanie raport\u00f3w pomiarowych\u00a0<\/li>\n<\/ul>\n<\/div>\n<div>\n<p class=\"Standard\"><o:p><\/o:p><\/p>\n<\/div>\n<p>[\/et_pb_text][\/et_pb_column][et_pb_column type=&#8221;1_3&#8243; _builder_version=&#8221;4.16&#8243; _module_preset=&#8221;default&#8221; global_colors_info=&#8221;{}&#8221;][et_pb_image src=&#8221;https:\/\/measline.com\/wp-content\/uploads\/2022\/05\/obraz_2022-05-19_153330963.png&#8221; alt=&#8221;Urz\u0105dzenie DMS&#8221; title_text=&#8221;Urz\u0105dzenie DMS&#8221; _builder_version=&#8221;4.17.4&#8243; _module_preset=&#8221;default&#8221; width=&#8221;97.7%&#8221; custom_margin=&#8221;-52px|||||&#8221; custom_padding=&#8221;|69px||33px||&#8221; global_colors_info=&#8221;{}&#8221;][\/et_pb_image][\/et_pb_column][\/et_pb_row][et_pb_row _builder_version=&#8221;4.16&#8243; _module_preset=&#8221;default&#8221; global_colors_info=&#8221;{}&#8221;][et_pb_column type=&#8221;4_4&#8243; _builder_version=&#8221;4.16&#8243; _module_preset=&#8221;default&#8221; global_colors_info=&#8221;{}&#8221;][et_pb_video src=&#8221;https:\/\/www.youtube.com\/watch?v=pEY4wzcnzRc&#8221; _builder_version=&#8221;4.17.4&#8243; _module_preset=&#8221;default&#8221; global_colors_info=&#8221;{}&#8221;][\/et_pb_video][\/et_pb_column][\/et_pb_row][\/et_pb_section][et_pb_section fb_built=&#8221;1&#8243; _builder_version=&#8221;4.16&#8243; _module_preset=&#8221;default&#8221; background_color=&#8221;#FFFFFF&#8221; custom_padding=&#8221;30px||54px||false|false&#8221; global_colors_info=&#8221;{}&#8221;][et_pb_row _builder_version=&#8221;4.16&#8243; _module_preset=&#8221;default&#8221; custom_margin=&#8221;||||false|false&#8221; custom_padding=&#8221;||||false|false&#8221; global_colors_info=&#8221;{}&#8221;][et_pb_column type=&#8221;4_4&#8243; _builder_version=&#8221;4.16&#8243; _module_preset=&#8221;default&#8221; global_colors_info=&#8221;{}&#8221;][et_pb_text _builder_version=&#8221;4.17.4&#8243; _module_preset=&#8221;default&#8221; global_colors_info=&#8221;{}&#8221;]<\/p>\n<div class=\"dataTables_scrollHead\">\n<div class=\"dataTables_scrollHeadInner\">\n<h3>Zakres, powtarzalno\u015b\u0107 i dok\u0142adno\u015b\u0107 pomiar\u00f3w<\/h3>\n<table border=\"1\" style=\"border-collapse: collapse; width: 73.1343%; height: 82px;\">\n<tbody>\n<tr style=\"height: 24px;\">\n<td style=\"width: 29.0423%; height: 24px;\">\u015arednica ci\u0105gad\u0142a<\/td>\n<td style=\"width: 22.9478%;\">Powtarzalno\u015b\u0107<\/td>\n<td style=\"width: 21.082%;\">Dok\u0142adno\u015b\u0107<\/td>\n<\/tr>\n<tr style=\"height: 24px;\">\n<td style=\"width: 29.0423%; height: 24px;\">\u22640,4 mm<\/td>\n<td style=\"width: 22.9478%;\">1 \u03bcm<\/td>\n<td style=\"width: 21.082%;\">\u00b13 \u03bcm<\/td>\n<\/tr>\n<tr style=\"height: 24px;\">\n<td style=\"width: 29.0423%; height: 24px;\">0,4-2,4 mm<\/td>\n<td style=\"width: 22.9478%;\">2 \u03bcm<\/td>\n<td style=\"width: 21.082%;\">\u00b15 \u03bcm<\/td>\n<\/tr>\n<tr style=\"height: 10px;\">\n<td style=\"width: 29.0423%; height: 10px;\">2,4-5 mm<\/td>\n<td style=\"width: 22.9478%;\">3 \u03bcm<\/td>\n<td style=\"width: 21.082%;\">\u00b110 \u03bcm<\/td>\n<\/tr>\n<\/tbody>\n<\/table>\n<div><\/div>\n<div>\n<ul><\/ul>\n<p><a href=\"https:\/\/www.oeggmbh.com\/?p=12&amp;k=30&amp;kj=&amp;z=&amp;l=1\" target=\"_blank\" rel=\"noopener\">Zobacz wi\u0119cej na stronie producenta<\/a><\/p>\n<\/div>\n<div>\n<ul><\/ul>\n<\/div>\n<div>\n<ul><\/ul>\n<\/div>\n<\/div>\n<\/div>\n<p>[\/et_pb_text][\/et_pb_column][\/et_pb_row][\/et_pb_section]<\/p>\n","protected":false},"excerpt":{"rendered":"<p>Kompaktowe urz\u0105dzenie do pomiaru geometrii ci\u0105gade\u0142 DMS DMS to kompaktowe urz\u0105dzenie do optycznego pomiaru geometrii ci\u0105gade\u0142. Pomiar wykonywany za pomoc\u0105 oprogramowania w oparciu o obraz uzyskany z kamery. Z uwagi na zastosowanie r\u0119cznej regulacji ostro\u015bci urz\u0105dzenie charakteryzuje si\u0119 atrakcyjn\u0105 cen\u0105, umo\u017cliwiaj\u0105c jednoczenie wysoce precyzyjne pomiary \u015brednicy oraz kr\u0105g\u0142o\u015bci ci\u0105gade\u0142. DMS jest wyposa\u017cony w optyk\u0119 pomiarow\u0105, [&hellip;]<\/p>\n","protected":false},"author":2,"featured_media":0,"parent":0,"menu_order":0,"comment_status":"closed","ping_status":"closed","template":"","meta":{"_et_pb_use_builder":"on","_et_pb_old_content":"","_et_gb_content_width":"","footnotes":""},"class_list":["post-3648","page","type-page","status-publish","hentry"],"yoast_head":"<!-- This site is optimized with the Yoast SEO plugin v27.5 - https:\/\/yoast.com\/product\/yoast-seo-wordpress\/ -->\n<title>Urz\u0105dzenie do pomiaru geometrii ci\u0105gade\u0142 - kompaktowy DMS - Measline<\/title>\n<meta name=\"description\" content=\"Kompaktowe i atrakcyjne cenowo urz\u0105dzenie do pomiaru geometrii, w szczeg\u00f3lno\u015bci \u015brednicy i kr\u0105g\u0142o\u015bci, ci\u0105gade\u0142.\" \/>\n<meta name=\"robots\" content=\"index, follow, max-snippet:-1, max-image-preview:large, max-video-preview:-1\" \/>\n<link rel=\"canonical\" href=\"https:\/\/measline.com\/index.php\/pl\/dms-pomiar-geometrii-ciagadel\/\" \/>\n<meta property=\"og:locale\" content=\"pl_PL\" \/>\n<meta property=\"og:type\" content=\"article\" \/>\n<meta property=\"og:title\" content=\"Urz\u0105dzenie do pomiaru geometrii ci\u0105gade\u0142 - kompaktowy DMS - Measline\" \/>\n<meta property=\"og:description\" content=\"Kompaktowe i atrakcyjne cenowo urz\u0105dzenie do pomiaru geometrii, w szczeg\u00f3lno\u015bci \u015brednicy i kr\u0105g\u0142o\u015bci, ci\u0105gade\u0142.\" \/>\n<meta property=\"og:url\" content=\"https:\/\/measline.com\/index.php\/pl\/dms-pomiar-geometrii-ciagadel\/\" \/>\n<meta property=\"og:site_name\" content=\"Measline\" \/>\n<meta property=\"article:modified_time\" content=\"2022-06-08T08:43:26+00:00\" \/>\n<meta name=\"twitter:card\" content=\"summary_large_image\" \/>\n<script type=\"application\/ld+json\" class=\"yoast-schema-graph\">{\"@context\":\"https:\\\/\\\/schema.org\",\"@graph\":[{\"@type\":\"WebPage\",\"@id\":\"https:\\\/\\\/measline.com\\\/index.php\\\/pl\\\/dms-pomiar-geometrii-ciagadel\\\/\",\"url\":\"https:\\\/\\\/measline.com\\\/index.php\\\/pl\\\/dms-pomiar-geometrii-ciagadel\\\/\",\"name\":\"Urz\u0105dzenie do pomiaru geometrii ci\u0105gade\u0142 - kompaktowy DMS - Measline\",\"isPartOf\":{\"@id\":\"https:\\\/\\\/measline.com\\\/#website\"},\"datePublished\":\"2022-06-08T08:43:25+00:00\",\"dateModified\":\"2022-06-08T08:43:26+00:00\",\"description\":\"Kompaktowe i atrakcyjne cenowo urz\u0105dzenie do pomiaru geometrii, w szczeg\u00f3lno\u015bci \u015brednicy i kr\u0105g\u0142o\u015bci, ci\u0105gade\u0142.\",\"breadcrumb\":{\"@id\":\"https:\\\/\\\/measline.com\\\/index.php\\\/pl\\\/dms-pomiar-geometrii-ciagadel\\\/#breadcrumb\"},\"inLanguage\":\"pl-PL\",\"potentialAction\":[{\"@type\":\"ReadAction\",\"target\":[\"https:\\\/\\\/measline.com\\\/index.php\\\/pl\\\/dms-pomiar-geometrii-ciagadel\\\/\"]}]},{\"@type\":\"BreadcrumbList\",\"@id\":\"https:\\\/\\\/measline.com\\\/index.php\\\/pl\\\/dms-pomiar-geometrii-ciagadel\\\/#breadcrumb\",\"itemListElement\":[{\"@type\":\"ListItem\",\"position\":1,\"name\":\"Strona g\u0142\u00f3wna\",\"item\":\"https:\\\/\\\/measline.com\\\/index.php\\\/pl\\\/\"},{\"@type\":\"ListItem\",\"position\":2,\"name\":\"Urz\u0105dzenie do pomiaru geometrii ci\u0105gade\u0142 &#8211; kompaktowy DMS\"}]},{\"@type\":\"WebSite\",\"@id\":\"https:\\\/\\\/measline.com\\\/#website\",\"url\":\"https:\\\/\\\/measline.com\\\/\",\"name\":\"Measline\",\"description\":\"Advanced solutions\",\"publisher\":{\"@id\":\"https:\\\/\\\/measline.com\\\/#organization\"},\"potentialAction\":[{\"@type\":\"SearchAction\",\"target\":{\"@type\":\"EntryPoint\",\"urlTemplate\":\"https:\\\/\\\/measline.com\\\/?s={search_term_string}\"},\"query-input\":{\"@type\":\"PropertyValueSpecification\",\"valueRequired\":true,\"valueName\":\"search_term_string\"}}],\"inLanguage\":\"pl-PL\"},{\"@type\":\"Organization\",\"@id\":\"https:\\\/\\\/measline.com\\\/#organization\",\"name\":\"Measline\",\"url\":\"https:\\\/\\\/measline.com\\\/\",\"logo\":{\"@type\":\"ImageObject\",\"inLanguage\":\"pl-PL\",\"@id\":\"https:\\\/\\\/measline.com\\\/#\\\/schema\\\/logo\\\/image\\\/\",\"url\":\"https:\\\/\\\/measline.com\\\/wp-content\\\/uploads\\\/2021\\\/11\\\/logo_color_small.png.png\",\"contentUrl\":\"https:\\\/\\\/measline.com\\\/wp-content\\\/uploads\\\/2021\\\/11\\\/logo_color_small.png.png\",\"width\":1000,\"height\":417,\"caption\":\"Measline\"},\"image\":{\"@id\":\"https:\\\/\\\/measline.com\\\/#\\\/schema\\\/logo\\\/image\\\/\"}}]}<\/script>\n<!-- \/ Yoast SEO plugin. -->","yoast_head_json":{"title":"Urz\u0105dzenie do pomiaru geometrii ci\u0105gade\u0142 - kompaktowy DMS - Measline","description":"Kompaktowe i atrakcyjne cenowo urz\u0105dzenie do pomiaru geometrii, w szczeg\u00f3lno\u015bci \u015brednicy i kr\u0105g\u0142o\u015bci, ci\u0105gade\u0142.","robots":{"index":"index","follow":"follow","max-snippet":"max-snippet:-1","max-image-preview":"max-image-preview:large","max-video-preview":"max-video-preview:-1"},"canonical":"https:\/\/measline.com\/index.php\/pl\/dms-pomiar-geometrii-ciagadel\/","og_locale":"pl_PL","og_type":"article","og_title":"Urz\u0105dzenie do pomiaru geometrii ci\u0105gade\u0142 - kompaktowy DMS - Measline","og_description":"Kompaktowe i atrakcyjne cenowo urz\u0105dzenie do pomiaru geometrii, w szczeg\u00f3lno\u015bci \u015brednicy i kr\u0105g\u0142o\u015bci, ci\u0105gade\u0142.","og_url":"https:\/\/measline.com\/index.php\/pl\/dms-pomiar-geometrii-ciagadel\/","og_site_name":"Measline","article_modified_time":"2022-06-08T08:43:26+00:00","twitter_card":"summary_large_image","schema":{"@context":"https:\/\/schema.org","@graph":[{"@type":"WebPage","@id":"https:\/\/measline.com\/index.php\/pl\/dms-pomiar-geometrii-ciagadel\/","url":"https:\/\/measline.com\/index.php\/pl\/dms-pomiar-geometrii-ciagadel\/","name":"Urz\u0105dzenie do pomiaru geometrii ci\u0105gade\u0142 - kompaktowy DMS - Measline","isPartOf":{"@id":"https:\/\/measline.com\/#website"},"datePublished":"2022-06-08T08:43:25+00:00","dateModified":"2022-06-08T08:43:26+00:00","description":"Kompaktowe i atrakcyjne cenowo urz\u0105dzenie do pomiaru geometrii, w szczeg\u00f3lno\u015bci \u015brednicy i kr\u0105g\u0142o\u015bci, ci\u0105gade\u0142.","breadcrumb":{"@id":"https:\/\/measline.com\/index.php\/pl\/dms-pomiar-geometrii-ciagadel\/#breadcrumb"},"inLanguage":"pl-PL","potentialAction":[{"@type":"ReadAction","target":["https:\/\/measline.com\/index.php\/pl\/dms-pomiar-geometrii-ciagadel\/"]}]},{"@type":"BreadcrumbList","@id":"https:\/\/measline.com\/index.php\/pl\/dms-pomiar-geometrii-ciagadel\/#breadcrumb","itemListElement":[{"@type":"ListItem","position":1,"name":"Strona g\u0142\u00f3wna","item":"https:\/\/measline.com\/index.php\/pl\/"},{"@type":"ListItem","position":2,"name":"Urz\u0105dzenie do pomiaru geometrii ci\u0105gade\u0142 &#8211; kompaktowy DMS"}]},{"@type":"WebSite","@id":"https:\/\/measline.com\/#website","url":"https:\/\/measline.com\/","name":"Measline","description":"Advanced solutions","publisher":{"@id":"https:\/\/measline.com\/#organization"},"potentialAction":[{"@type":"SearchAction","target":{"@type":"EntryPoint","urlTemplate":"https:\/\/measline.com\/?s={search_term_string}"},"query-input":{"@type":"PropertyValueSpecification","valueRequired":true,"valueName":"search_term_string"}}],"inLanguage":"pl-PL"},{"@type":"Organization","@id":"https:\/\/measline.com\/#organization","name":"Measline","url":"https:\/\/measline.com\/","logo":{"@type":"ImageObject","inLanguage":"pl-PL","@id":"https:\/\/measline.com\/#\/schema\/logo\/image\/","url":"https:\/\/measline.com\/wp-content\/uploads\/2021\/11\/logo_color_small.png.png","contentUrl":"https:\/\/measline.com\/wp-content\/uploads\/2021\/11\/logo_color_small.png.png","width":1000,"height":417,"caption":"Measline"},"image":{"@id":"https:\/\/measline.com\/#\/schema\/logo\/image\/"}}]}},"_links":{"self":[{"href":"https:\/\/measline.com\/index.php\/wp-json\/wp\/v2\/pages\/3648","targetHints":{"allow":["GET"]}}],"collection":[{"href":"https:\/\/measline.com\/index.php\/wp-json\/wp\/v2\/pages"}],"about":[{"href":"https:\/\/measline.com\/index.php\/wp-json\/wp\/v2\/types\/page"}],"author":[{"embeddable":true,"href":"https:\/\/measline.com\/index.php\/wp-json\/wp\/v2\/users\/2"}],"replies":[{"embeddable":true,"href":"https:\/\/measline.com\/index.php\/wp-json\/wp\/v2\/comments?post=3648"}],"version-history":[{"count":12,"href":"https:\/\/measline.com\/index.php\/wp-json\/wp\/v2\/pages\/3648\/revisions"}],"predecessor-version":[{"id":3673,"href":"https:\/\/measline.com\/index.php\/wp-json\/wp\/v2\/pages\/3648\/revisions\/3673"}],"wp:attachment":[{"href":"https:\/\/measline.com\/index.php\/wp-json\/wp\/v2\/media?parent=3648"}],"curies":[{"name":"wp","href":"https:\/\/api.w.org\/{rel}","templated":true}]}}