{"id":3805,"date":"2022-10-20T09:47:00","date_gmt":"2022-10-20T07:47:00","guid":{"rendered":"https:\/\/measline.com\/?page_id=3805"},"modified":"2022-10-20T09:47:07","modified_gmt":"2022-10-20T07:47:07","slug":"broszury","status":"publish","type":"page","link":"https:\/\/measline.com\/index.php\/pl\/broszury\/","title":{"rendered":"Broszury do pobrania"},"content":{"rendered":"<p>[et_pb_section fb_built=&#8221;1&#8243; _builder_version=&#8221;4.16&#8243; custom_padding=&#8221;||56px|||&#8221; global_colors_info=&#8221;{}&#8221;][et_pb_row _builder_version=&#8221;4.18.0&#8243; _module_preset=&#8221;default&#8221; global_colors_info=&#8221;{}&#8221;][et_pb_column type=&#8221;4_4&#8243; _builder_version=&#8221;4.18.0&#8243; _module_preset=&#8221;default&#8221; global_colors_info=&#8221;{}&#8221;][et_pb_text _builder_version=&#8221;4.18.0&#8243; _module_preset=&#8221;default&#8221; global_colors_info=&#8221;{}&#8221;]<\/p>\n<h1>Broszury do pobrania<\/h1>\n<p>[\/et_pb_text][\/et_pb_column][\/et_pb_row][et_pb_row _builder_version=&#8221;4.16&#8243; background_size=&#8221;initial&#8221; background_position=&#8221;top_left&#8221; background_repeat=&#8221;repeat&#8221; global_colors_info=&#8221;{}&#8221;][et_pb_column type=&#8221;4_4&#8243; _builder_version=&#8221;4.16&#8243; custom_padding=&#8221;|||&#8221; global_colors_info=&#8221;{}&#8221; custom_padding__hover=&#8221;|||&#8221;][et_pb_text _builder_version=&#8221;4.18.0&#8243; background_size=&#8221;initial&#8221; background_position=&#8221;top_left&#8221; background_repeat=&#8221;repeat&#8221; global_colors_info=&#8221;{}&#8221;]<\/p>\n<p><!-- divi:group {\"layout\":{\"type\":\"flex\",\"orientation\":\"vertical\",\"justifyContent\":\"left\"},\"fontSize\":\"medium\"} --><\/p>\n<div class=\"wp-block-group has-medium-font-size\">\n<p><!-- divi:paragraph {\"align\":\"left\"} --><\/p>\n<h3 class=\"has-text-align-left\">Reaktor do bada\u0144 spektoskopowych<\/h3>\n<p><!-- \/divi:paragraph --> <!-- divi:file {\"id\":3799,\"href\":\"https:\/\/measline.com\/wp-content\/uploads\/2022\/10\/MeasLine-Reaktor-HT-IRS-01-do-badan-spektroskopowych-4_5MB.pdf\",\"displayPreview\":false} --><\/p>\n<div class=\"wp-block-file\"><a id=\"wp-block-file--media-e2bd23fa-7cae-4a80-a8f3-3bfa5396b19f\" href=\"https:\/\/measline.com\/wp-content\/uploads\/2022\/10\/MeasLine-Reaktor-HT-IRS-01-do-badan-spektroskopowych-4_5MB.pdf\" target=\"_blank\" rel=\"noreferrer noopener\">MeasLine Reaktor HT IRS 01 do bada\u0144 spektroskopowych\u00a0<\/a><\/div>\n<p><!-- \/divi:file --> <!-- divi:file {\"id\":3798,\"href\":\"https:\/\/measline.com\/wp-content\/uploads\/2022\/10\/MeasLine-HT-IRS-01-Reactor-for-spectroscopic-studies-3_5MB.pdf\",\"displayPreview\":false,\"previewHeight\":325} --><\/p>\n<div class=\"wp-block-file\"><a id=\"wp-block-file--media-c4ced441-705f-4295-b093-fad6be3e6a0d\" href=\"https:\/\/measline.com\/wp-content\/uploads\/2022\/10\/MeasLine-HT-IRS-01-Reactor-for-spectroscopic-studies-3_5MB.pdf\" target=\"_blank\" rel=\"noreferrer noopener\">MeasLine HT IRS 01 Reactor for spectroscopic studies<\/a><\/div>\n<p><!-- \/divi:file --><\/p>\n<\/div>\n<p><!-- \/divi:group --><\/p>\n<p>[\/et_pb_text][\/et_pb_column][\/et_pb_row][\/et_pb_section][et_pb_section fb_built=&#8221;1&#8243; _builder_version=&#8221;4.18.0&#8243; _module_preset=&#8221;default&#8221; global_colors_info=&#8221;{}&#8221;][\/et_pb_section]<\/p>\n","protected":false},"excerpt":{"rendered":"<p>Broszury do pobrania Reaktor do bada\u0144 spektoskopowych MeasLine Reaktor HT IRS 01 do bada\u0144 spektroskopowych\u00a0 MeasLine HT IRS 01 Reactor for spectroscopic studies<\/p>\n","protected":false},"author":2,"featured_media":0,"parent":0,"menu_order":0,"comment_status":"closed","ping_status":"closed","template":"","meta":{"_et_pb_use_builder":"on","_et_pb_old_content":"<!-- wp:group {\"layout\":{\"type\":\"flex\",\"orientation\":\"vertical\",\"justifyContent\":\"left\"},\"fontSize\":\"medium\"} -->\n<div class=\"wp-block-group has-medium-font-size\"><!-- wp:paragraph {\"align\":\"left\"} -->\n<p class=\"has-text-align-left\">Reaktor do bada\u0144 spektoskopowych<\/p>\n<!-- \/wp:paragraph -->\n\n<!-- wp:file {\"id\":3799,\"href\":\"https:\/\/measline.com\/wp-content\/uploads\/2022\/10\/MeasLine-Reaktor-HT-IRS-01-do-badan-spektroskopowych-4_5MB.pdf\",\"displayPreview\":false} -->\n<div class=\"wp-block-file\"><a id=\"wp-block-file--media-e2bd23fa-7cae-4a80-a8f3-3bfa5396b19f\" href=\"https:\/\/measline.com\/wp-content\/uploads\/2022\/10\/MeasLine-Reaktor-HT-IRS-01-do-badan-spektroskopowych-4_5MB.pdf\" target=\"_blank\" rel=\"noreferrer noopener\">MeasLine Reaktor HT IRS 01 do bada\u0144 spektroskopowych 4_5MB<\/a><a href=\"https:\/\/measline.com\/wp-content\/uploads\/2022\/10\/MeasLine-Reaktor-HT-IRS-01-do-badan-spektroskopowych-4_5MB.pdf\" class=\"wp-block-file__button\" download aria-describedby=\"wp-block-file--media-e2bd23fa-7cae-4a80-a8f3-3bfa5396b19f\">Pobierz<\/a><\/div>\n<!-- \/wp:file -->\n\n<!-- wp:file {\"id\":3798,\"href\":\"https:\/\/measline.com\/wp-content\/uploads\/2022\/10\/MeasLine-HT-IRS-01-Reactor-for-spectroscopic-studies-3_5MB.pdf\",\"displayPreview\":false,\"previewHeight\":325} -->\n<div class=\"wp-block-file\"><a id=\"wp-block-file--media-c4ced441-705f-4295-b093-fad6be3e6a0d\" href=\"https:\/\/measline.com\/wp-content\/uploads\/2022\/10\/MeasLine-HT-IRS-01-Reactor-for-spectroscopic-studies-3_5MB.pdf\" target=\"_blank\" rel=\"noreferrer noopener\">MeasLine HT IRS 01 Reactor for spectroscopic studies 3_5MB<\/a><a href=\"https:\/\/measline.com\/wp-content\/uploads\/2022\/10\/MeasLine-HT-IRS-01-Reactor-for-spectroscopic-studies-3_5MB.pdf\" class=\"wp-block-file__button\" download aria-describedby=\"wp-block-file--media-c4ced441-705f-4295-b093-fad6be3e6a0d\">Pobierz<\/a><\/div>\n<!-- \/wp:file --><\/div>\n<!-- \/wp:group -->","_et_gb_content_width":"","footnotes":""},"class_list":["post-3805","page","type-page","status-publish","hentry"],"yoast_head":"<!-- This site is optimized with the Yoast SEO plugin v27.4 - https:\/\/yoast.com\/product\/yoast-seo-wordpress\/ -->\n<title>Broszury do pobrania - Measline<\/title>\n<meta name=\"description\" content=\"Pobierz broszury zawieraj\u0105cych informacje o budowie, zasadzie dzia\u0142ania i zastosowaniach urz\u0105dze\u0144 oferowanych przez firm\u0119 MeasLine.\" \/>\n<meta name=\"robots\" content=\"index, follow, max-snippet:-1, max-image-preview:large, max-video-preview:-1\" \/>\n<link rel=\"canonical\" href=\"https:\/\/measline.com\/index.php\/pl\/broszury\/\" \/>\n<meta property=\"og:locale\" content=\"pl_PL\" \/>\n<meta property=\"og:type\" content=\"article\" \/>\n<meta property=\"og:title\" content=\"Broszury do pobrania - Measline\" \/>\n<meta property=\"og:description\" content=\"Pobierz broszury zawieraj\u0105cych informacje o budowie, zasadzie dzia\u0142ania i zastosowaniach urz\u0105dze\u0144 oferowanych przez firm\u0119 MeasLine.\" \/>\n<meta property=\"og:url\" content=\"https:\/\/measline.com\/index.php\/pl\/broszury\/\" \/>\n<meta property=\"og:site_name\" content=\"Measline\" \/>\n<meta property=\"article:modified_time\" content=\"2022-10-20T07:47:07+00:00\" \/>\n<meta name=\"twitter:card\" content=\"summary_large_image\" \/>\n<meta name=\"twitter:label1\" content=\"Szacowany czas czytania\" \/>\n\t<meta name=\"twitter:data1\" content=\"1 minuta\" \/>\n<script type=\"application\/ld+json\" class=\"yoast-schema-graph\">{\"@context\":\"https:\\\/\\\/schema.org\",\"@graph\":[{\"@type\":\"WebPage\",\"@id\":\"https:\\\/\\\/measline.com\\\/index.php\\\/pl\\\/broszury\\\/\",\"url\":\"https:\\\/\\\/measline.com\\\/index.php\\\/pl\\\/broszury\\\/\",\"name\":\"Broszury do pobrania - Measline\",\"isPartOf\":{\"@id\":\"https:\\\/\\\/measline.com\\\/#website\"},\"datePublished\":\"2022-10-20T07:47:00+00:00\",\"dateModified\":\"2022-10-20T07:47:07+00:00\",\"description\":\"Pobierz broszury zawieraj\u0105cych informacje o budowie, zasadzie dzia\u0142ania i zastosowaniach urz\u0105dze\u0144 oferowanych przez firm\u0119 MeasLine.\",\"breadcrumb\":{\"@id\":\"https:\\\/\\\/measline.com\\\/index.php\\\/pl\\\/broszury\\\/#breadcrumb\"},\"inLanguage\":\"pl-PL\",\"potentialAction\":[{\"@type\":\"ReadAction\",\"target\":[\"https:\\\/\\\/measline.com\\\/index.php\\\/pl\\\/broszury\\\/\"]}]},{\"@type\":\"BreadcrumbList\",\"@id\":\"https:\\\/\\\/measline.com\\\/index.php\\\/pl\\\/broszury\\\/#breadcrumb\",\"itemListElement\":[{\"@type\":\"ListItem\",\"position\":1,\"name\":\"Strona g\u0142\u00f3wna\",\"item\":\"https:\\\/\\\/measline.com\\\/index.php\\\/pl\\\/\"},{\"@type\":\"ListItem\",\"position\":2,\"name\":\"Broszury do pobrania\"}]},{\"@type\":\"WebSite\",\"@id\":\"https:\\\/\\\/measline.com\\\/#website\",\"url\":\"https:\\\/\\\/measline.com\\\/\",\"name\":\"Measline\",\"description\":\"Advanced solutions\",\"publisher\":{\"@id\":\"https:\\\/\\\/measline.com\\\/#organization\"},\"potentialAction\":[{\"@type\":\"SearchAction\",\"target\":{\"@type\":\"EntryPoint\",\"urlTemplate\":\"https:\\\/\\\/measline.com\\\/?s={search_term_string}\"},\"query-input\":{\"@type\":\"PropertyValueSpecification\",\"valueRequired\":true,\"valueName\":\"search_term_string\"}}],\"inLanguage\":\"pl-PL\"},{\"@type\":\"Organization\",\"@id\":\"https:\\\/\\\/measline.com\\\/#organization\",\"name\":\"Measline\",\"url\":\"https:\\\/\\\/measline.com\\\/\",\"logo\":{\"@type\":\"ImageObject\",\"inLanguage\":\"pl-PL\",\"@id\":\"https:\\\/\\\/measline.com\\\/#\\\/schema\\\/logo\\\/image\\\/\",\"url\":\"https:\\\/\\\/measline.com\\\/wp-content\\\/uploads\\\/2021\\\/11\\\/logo_color_small.png.png\",\"contentUrl\":\"https:\\\/\\\/measline.com\\\/wp-content\\\/uploads\\\/2021\\\/11\\\/logo_color_small.png.png\",\"width\":1000,\"height\":417,\"caption\":\"Measline\"},\"image\":{\"@id\":\"https:\\\/\\\/measline.com\\\/#\\\/schema\\\/logo\\\/image\\\/\"}}]}<\/script>\n<!-- \/ Yoast SEO plugin. -->","yoast_head_json":{"title":"Broszury do pobrania - Measline","description":"Pobierz broszury zawieraj\u0105cych informacje o budowie, zasadzie dzia\u0142ania i zastosowaniach urz\u0105dze\u0144 oferowanych przez firm\u0119 MeasLine.","robots":{"index":"index","follow":"follow","max-snippet":"max-snippet:-1","max-image-preview":"max-image-preview:large","max-video-preview":"max-video-preview:-1"},"canonical":"https:\/\/measline.com\/index.php\/pl\/broszury\/","og_locale":"pl_PL","og_type":"article","og_title":"Broszury do pobrania - Measline","og_description":"Pobierz broszury zawieraj\u0105cych informacje o budowie, zasadzie dzia\u0142ania i zastosowaniach urz\u0105dze\u0144 oferowanych przez firm\u0119 MeasLine.","og_url":"https:\/\/measline.com\/index.php\/pl\/broszury\/","og_site_name":"Measline","article_modified_time":"2022-10-20T07:47:07+00:00","twitter_card":"summary_large_image","twitter_misc":{"Szacowany czas czytania":"1 minuta"},"schema":{"@context":"https:\/\/schema.org","@graph":[{"@type":"WebPage","@id":"https:\/\/measline.com\/index.php\/pl\/broszury\/","url":"https:\/\/measline.com\/index.php\/pl\/broszury\/","name":"Broszury do pobrania - Measline","isPartOf":{"@id":"https:\/\/measline.com\/#website"},"datePublished":"2022-10-20T07:47:00+00:00","dateModified":"2022-10-20T07:47:07+00:00","description":"Pobierz broszury zawieraj\u0105cych informacje o budowie, zasadzie dzia\u0142ania i zastosowaniach urz\u0105dze\u0144 oferowanych przez firm\u0119 MeasLine.","breadcrumb":{"@id":"https:\/\/measline.com\/index.php\/pl\/broszury\/#breadcrumb"},"inLanguage":"pl-PL","potentialAction":[{"@type":"ReadAction","target":["https:\/\/measline.com\/index.php\/pl\/broszury\/"]}]},{"@type":"BreadcrumbList","@id":"https:\/\/measline.com\/index.php\/pl\/broszury\/#breadcrumb","itemListElement":[{"@type":"ListItem","position":1,"name":"Strona g\u0142\u00f3wna","item":"https:\/\/measline.com\/index.php\/pl\/"},{"@type":"ListItem","position":2,"name":"Broszury do pobrania"}]},{"@type":"WebSite","@id":"https:\/\/measline.com\/#website","url":"https:\/\/measline.com\/","name":"Measline","description":"Advanced solutions","publisher":{"@id":"https:\/\/measline.com\/#organization"},"potentialAction":[{"@type":"SearchAction","target":{"@type":"EntryPoint","urlTemplate":"https:\/\/measline.com\/?s={search_term_string}"},"query-input":{"@type":"PropertyValueSpecification","valueRequired":true,"valueName":"search_term_string"}}],"inLanguage":"pl-PL"},{"@type":"Organization","@id":"https:\/\/measline.com\/#organization","name":"Measline","url":"https:\/\/measline.com\/","logo":{"@type":"ImageObject","inLanguage":"pl-PL","@id":"https:\/\/measline.com\/#\/schema\/logo\/image\/","url":"https:\/\/measline.com\/wp-content\/uploads\/2021\/11\/logo_color_small.png.png","contentUrl":"https:\/\/measline.com\/wp-content\/uploads\/2021\/11\/logo_color_small.png.png","width":1000,"height":417,"caption":"Measline"},"image":{"@id":"https:\/\/measline.com\/#\/schema\/logo\/image\/"}}]}},"_links":{"self":[{"href":"https:\/\/measline.com\/index.php\/wp-json\/wp\/v2\/pages\/3805","targetHints":{"allow":["GET"]}}],"collection":[{"href":"https:\/\/measline.com\/index.php\/wp-json\/wp\/v2\/pages"}],"about":[{"href":"https:\/\/measline.com\/index.php\/wp-json\/wp\/v2\/types\/page"}],"author":[{"embeddable":true,"href":"https:\/\/measline.com\/index.php\/wp-json\/wp\/v2\/users\/2"}],"replies":[{"embeddable":true,"href":"https:\/\/measline.com\/index.php\/wp-json\/wp\/v2\/comments?post=3805"}],"version-history":[{"count":6,"href":"https:\/\/measline.com\/index.php\/wp-json\/wp\/v2\/pages\/3805\/revisions"}],"predecessor-version":[{"id":3811,"href":"https:\/\/measline.com\/index.php\/wp-json\/wp\/v2\/pages\/3805\/revisions\/3811"}],"wp:attachment":[{"href":"https:\/\/measline.com\/index.php\/wp-json\/wp\/v2\/media?parent=3805"}],"curies":[{"name":"wp","href":"https:\/\/api.w.org\/{rel}","templated":true}]}}