{"id":3972,"date":"2023-04-05T15:24:00","date_gmt":"2023-04-05T13:24:00","guid":{"rendered":"https:\/\/measline.com\/?page_id=3972"},"modified":"2023-10-10T09:11:25","modified_gmt":"2023-10-10T07:11:25","slug":"rejestracja_stpvii","status":"publish","type":"page","link":"https:\/\/measline.com\/index.php\/pl\/rejestracja_stpvii\/","title":{"rendered":"Rejestracja STP VII"},"content":{"rendered":"<p>[et_pb_section fb_built=&#8221;1&#8243; fullwidth=&#8221;on&#8221; _builder_version=&#8221;4.16&#8243; _module_preset=&#8221;default&#8221; global_colors_info=&#8221;{}&#8221;][\/et_pb_section][et_pb_section fb_built=&#8221;1&#8243; _builder_version=&#8221;4.16&#8243; _module_preset=&#8221;default&#8221; global_colors_info=&#8221;{}&#8221;][et_pb_row _builder_version=&#8221;4.16&#8243; _module_preset=&#8221;default&#8221; global_colors_info=&#8221;{}&#8221;][et_pb_column type=&#8221;4_4&#8243; _builder_version=&#8221;4.16&#8243; _module_preset=&#8221;default&#8221; global_colors_info=&#8221;{}&#8221;][et_pb_menu menu_id=&#8221;66&#8243; menu_style=&#8221;centered&#8221; active_link_color=&#8221;#000000&#8243; _builder_version=&#8221;4.20.4&#8243; _module_preset=&#8221;default&#8221; menu_font=&#8221;Asap Condensed|||on|||||&#8221; menu_font_size=&#8221;18px&#8221; global_colors_info=&#8221;{}&#8221;][\/et_pb_menu][\/et_pb_column][\/et_pb_row][\/et_pb_section][et_pb_section fb_built=&#8221;1&#8243; disabled_on=&#8221;off|off|off&#8221; _builder_version=&#8221;4.22.2&#8243; _module_preset=&#8221;default&#8221; custom_margin=&#8221;0px||||false|false&#8221; custom_padding=&#8221;0px||||false|false&#8221; global_colors_info=&#8221;{}&#8221;][et_pb_row _builder_version=&#8221;4.17.3&#8243; _module_preset=&#8221;default&#8221; custom_margin=&#8221;0px||||false|false&#8221; custom_padding=&#8221;0px|||||&#8221; global_colors_info=&#8221;{}&#8221;][et_pb_column type=&#8221;4_4&#8243; _builder_version=&#8221;4.16&#8243; _module_preset=&#8221;default&#8221; global_colors_info=&#8221;{}&#8221;][et_pb_text _builder_version=&#8221;4.22.2&#8243; _module_preset=&#8221;default&#8221; text_font=&#8221;||||||||&#8221; text_font_size=&#8221;17px&#8221; custom_padding=&#8221;0px||0px|||&#8221; global_colors_info=&#8221;{}&#8221;]<\/p>\n<p style=\"text-align: center;\"><strong>Rejestracja na VII Szko\u0142\u0119 Techniki Pr\u00f3\u017cniowej<\/strong><\/p>\n<p>[\/et_pb_text][et_pb_button button_url=&#8221;https:\/\/docs.google.com\/forms\/d\/1JV4e3DZRBfbeSc_BE_h99fCBpGtwFYvi8odrtCfjOjs\/viewform?edit_requested=true&#8221; url_new_window=&#8221;on&#8221; button_text=&#8221;Przejd\u017a do rejestracji&#8221; button_alignment=&#8221;center&#8221; disabled_on=&#8221;off|off|off&#8221; _builder_version=&#8221;4.22.2&#8243; _module_preset=&#8221;default&#8221; custom_button=&#8221;on&#8221; button_text_size=&#8221;27px&#8221; button_text_color=&#8221;#225405&#8243; custom_margin=&#8221;||10px||false|false&#8221; custom_padding=&#8221;|120px||120px|false|true&#8221; global_colors_info=&#8221;{}&#8221;][\/et_pb_button][et_pb_text _builder_version=&#8221;4.22.2&#8243; _module_preset=&#8221;default&#8221; custom_margin=&#8221;0px||0px||true|false&#8221; custom_padding=&#8221;0px||0px||true|false&#8221; global_colors_info=&#8221;{}&#8221;]<\/p>\n<p style=\"text-align: center;\"><strong>Pierwsza tura zapis\u00f3w b\u0119dzie trwa\u0142a do 31.10.2023.<\/strong> Zamkni\u0119cie rejestracji nast\u0105pi w dniu 24.11.2023 lub po zape\u0142nieniu listy uczestnik\u00f3w (liczba miejsc ograniczona ze wzgl\u0119du na rezerwacje hotelowe- decyduje kolejno\u015b\u0107 zg\u0142osze\u0144).<\/p>\n<p>[\/et_pb_text][\/et_pb_column][\/et_pb_row][et_pb_row _builder_version=&#8221;4.17.3&#8243; _module_preset=&#8221;default&#8221; global_colors_info=&#8221;{}&#8221;][et_pb_column type=&#8221;4_4&#8243; _builder_version=&#8221;4.17.3&#8243; _module_preset=&#8221;default&#8221; global_colors_info=&#8221;{}&#8221;][et_pb_text _builder_version=&#8221;4.20.4&#8243; _module_preset=&#8221;default&#8221; global_colors_info=&#8221;{}&#8221;]<\/p>\n<p style=\"text-align: justify;\">W celu rejestracji na wydarzenie niezb\u0119dne jest wype\u0142nienie formularza (informacja o otwarciu formularza zostanie zamieszczona w zak\u0142adce aktualno\u015bci) oraz dokonanie wp\u0142aty za udzia\u0142 w szkoleniu. Podczas rejestracji konieczne jest podanie numeru NIP uczelni lub firmy zg\u0142aszaj\u0105cej uczestnika szkolenia. Faktura proforma zostanie wys\u0142ana na podany podczas rejestracji adres mailowy. Po dokonaniu op\u0142aty zostanie wystawiona faktura VAT.<\/p>\n<p>[\/et_pb_text][\/et_pb_column][\/et_pb_row][\/et_pb_section]<\/p>\n","protected":false},"excerpt":{"rendered":"<p>Rejestracja na VII Szko\u0142\u0119 Techniki Pr\u00f3\u017cniowejPierwsza tura zapis\u00f3w b\u0119dzie trwa\u0142a do 31.10.2023. Zamkni\u0119cie rejestracji nast\u0105pi w dniu 24.11.2023 lub po zape\u0142nieniu listy uczestnik\u00f3w (liczba miejsc ograniczona ze wzgl\u0119du na rezerwacje hotelowe- decyduje kolejno\u015b\u0107 zg\u0142osze\u0144).W celu rejestracji na wydarzenie niezb\u0119dne jest wype\u0142nienie formularza (informacja o otwarciu formularza zostanie zamieszczona w zak\u0142adce aktualno\u015bci) oraz dokonanie wp\u0142aty za [&hellip;]<\/p>\n","protected":false},"author":2,"featured_media":0,"parent":0,"menu_order":0,"comment_status":"closed","ping_status":"closed","template":"","meta":{"_et_pb_use_builder":"on","_et_pb_old_content":"","_et_gb_content_width":"","footnotes":""},"class_list":["post-3972","page","type-page","status-publish","hentry"],"yoast_head":"<!-- This site is optimized with the Yoast SEO plugin v27.4 - https:\/\/yoast.com\/product\/yoast-seo-wordpress\/ -->\n<title>Rejestracja STP VII - Measline<\/title>\n<meta name=\"description\" content=\"Zapraszamy do rejestracji na VII Szko\u0142\u0119 techniki pr\u00f3\u017cniowej STP w \u0141odzi - szkolenie organizowane przez firm\u0119 Measline\" \/>\n<meta name=\"robots\" content=\"index, follow, max-snippet:-1, max-image-preview:large, max-video-preview:-1\" \/>\n<link rel=\"canonical\" href=\"https:\/\/measline.com\/index.php\/pl\/rejestracja_stpvii\/\" \/>\n<meta property=\"og:locale\" content=\"pl_PL\" \/>\n<meta property=\"og:type\" content=\"article\" \/>\n<meta property=\"og:title\" content=\"Rejestracja STP VII - Measline\" \/>\n<meta property=\"og:description\" content=\"Zapraszamy do rejestracji na VII Szko\u0142\u0119 techniki pr\u00f3\u017cniowej STP w \u0141odzi - szkolenie organizowane przez firm\u0119 Measline\" \/>\n<meta property=\"og:url\" content=\"https:\/\/measline.com\/index.php\/pl\/rejestracja_stpvii\/\" \/>\n<meta property=\"og:site_name\" content=\"Measline\" \/>\n<meta property=\"article:modified_time\" content=\"2023-10-10T07:11:25+00:00\" \/>\n<meta name=\"twitter:card\" content=\"summary_large_image\" \/>\n<meta name=\"twitter:label1\" content=\"Szacowany czas czytania\" \/>\n\t<meta name=\"twitter:data1\" content=\"2 minuty\" \/>\n<script type=\"application\/ld+json\" class=\"yoast-schema-graph\">{\"@context\":\"https:\\\/\\\/schema.org\",\"@graph\":[{\"@type\":\"WebPage\",\"@id\":\"https:\\\/\\\/measline.com\\\/index.php\\\/pl\\\/rejestracja_stpvii\\\/\",\"url\":\"https:\\\/\\\/measline.com\\\/index.php\\\/pl\\\/rejestracja_stpvii\\\/\",\"name\":\"Rejestracja STP VII - Measline\",\"isPartOf\":{\"@id\":\"https:\\\/\\\/measline.com\\\/#website\"},\"datePublished\":\"2023-04-05T13:24:00+00:00\",\"dateModified\":\"2023-10-10T07:11:25+00:00\",\"description\":\"Zapraszamy do rejestracji na VII Szko\u0142\u0119 techniki pr\u00f3\u017cniowej STP w \u0141odzi - szkolenie organizowane przez firm\u0119 Measline\",\"breadcrumb\":{\"@id\":\"https:\\\/\\\/measline.com\\\/index.php\\\/pl\\\/rejestracja_stpvii\\\/#breadcrumb\"},\"inLanguage\":\"pl-PL\",\"potentialAction\":[{\"@type\":\"ReadAction\",\"target\":[\"https:\\\/\\\/measline.com\\\/index.php\\\/pl\\\/rejestracja_stpvii\\\/\"]}]},{\"@type\":\"BreadcrumbList\",\"@id\":\"https:\\\/\\\/measline.com\\\/index.php\\\/pl\\\/rejestracja_stpvii\\\/#breadcrumb\",\"itemListElement\":[{\"@type\":\"ListItem\",\"position\":1,\"name\":\"Strona g\u0142\u00f3wna\",\"item\":\"https:\\\/\\\/measline.com\\\/index.php\\\/pl\\\/\"},{\"@type\":\"ListItem\",\"position\":2,\"name\":\"Rejestracja STP VII\"}]},{\"@type\":\"WebSite\",\"@id\":\"https:\\\/\\\/measline.com\\\/#website\",\"url\":\"https:\\\/\\\/measline.com\\\/\",\"name\":\"Measline\",\"description\":\"Advanced solutions\",\"publisher\":{\"@id\":\"https:\\\/\\\/measline.com\\\/#organization\"},\"potentialAction\":[{\"@type\":\"SearchAction\",\"target\":{\"@type\":\"EntryPoint\",\"urlTemplate\":\"https:\\\/\\\/measline.com\\\/?s={search_term_string}\"},\"query-input\":{\"@type\":\"PropertyValueSpecification\",\"valueRequired\":true,\"valueName\":\"search_term_string\"}}],\"inLanguage\":\"pl-PL\"},{\"@type\":\"Organization\",\"@id\":\"https:\\\/\\\/measline.com\\\/#organization\",\"name\":\"Measline\",\"url\":\"https:\\\/\\\/measline.com\\\/\",\"logo\":{\"@type\":\"ImageObject\",\"inLanguage\":\"pl-PL\",\"@id\":\"https:\\\/\\\/measline.com\\\/#\\\/schema\\\/logo\\\/image\\\/\",\"url\":\"https:\\\/\\\/measline.com\\\/wp-content\\\/uploads\\\/2021\\\/11\\\/logo_color_small.png.png\",\"contentUrl\":\"https:\\\/\\\/measline.com\\\/wp-content\\\/uploads\\\/2021\\\/11\\\/logo_color_small.png.png\",\"width\":1000,\"height\":417,\"caption\":\"Measline\"},\"image\":{\"@id\":\"https:\\\/\\\/measline.com\\\/#\\\/schema\\\/logo\\\/image\\\/\"}}]}<\/script>\n<!-- \/ Yoast SEO plugin. -->","yoast_head_json":{"title":"Rejestracja STP VII - Measline","description":"Zapraszamy do rejestracji na VII Szko\u0142\u0119 techniki pr\u00f3\u017cniowej STP w \u0141odzi - szkolenie organizowane przez firm\u0119 Measline","robots":{"index":"index","follow":"follow","max-snippet":"max-snippet:-1","max-image-preview":"max-image-preview:large","max-video-preview":"max-video-preview:-1"},"canonical":"https:\/\/measline.com\/index.php\/pl\/rejestracja_stpvii\/","og_locale":"pl_PL","og_type":"article","og_title":"Rejestracja STP VII - Measline","og_description":"Zapraszamy do rejestracji na VII Szko\u0142\u0119 techniki pr\u00f3\u017cniowej STP w \u0141odzi - szkolenie organizowane przez firm\u0119 Measline","og_url":"https:\/\/measline.com\/index.php\/pl\/rejestracja_stpvii\/","og_site_name":"Measline","article_modified_time":"2023-10-10T07:11:25+00:00","twitter_card":"summary_large_image","twitter_misc":{"Szacowany czas czytania":"2 minuty"},"schema":{"@context":"https:\/\/schema.org","@graph":[{"@type":"WebPage","@id":"https:\/\/measline.com\/index.php\/pl\/rejestracja_stpvii\/","url":"https:\/\/measline.com\/index.php\/pl\/rejestracja_stpvii\/","name":"Rejestracja STP VII - Measline","isPartOf":{"@id":"https:\/\/measline.com\/#website"},"datePublished":"2023-04-05T13:24:00+00:00","dateModified":"2023-10-10T07:11:25+00:00","description":"Zapraszamy do rejestracji na VII Szko\u0142\u0119 techniki pr\u00f3\u017cniowej STP w \u0141odzi - szkolenie organizowane przez firm\u0119 Measline","breadcrumb":{"@id":"https:\/\/measline.com\/index.php\/pl\/rejestracja_stpvii\/#breadcrumb"},"inLanguage":"pl-PL","potentialAction":[{"@type":"ReadAction","target":["https:\/\/measline.com\/index.php\/pl\/rejestracja_stpvii\/"]}]},{"@type":"BreadcrumbList","@id":"https:\/\/measline.com\/index.php\/pl\/rejestracja_stpvii\/#breadcrumb","itemListElement":[{"@type":"ListItem","position":1,"name":"Strona g\u0142\u00f3wna","item":"https:\/\/measline.com\/index.php\/pl\/"},{"@type":"ListItem","position":2,"name":"Rejestracja STP VII"}]},{"@type":"WebSite","@id":"https:\/\/measline.com\/#website","url":"https:\/\/measline.com\/","name":"Measline","description":"Advanced solutions","publisher":{"@id":"https:\/\/measline.com\/#organization"},"potentialAction":[{"@type":"SearchAction","target":{"@type":"EntryPoint","urlTemplate":"https:\/\/measline.com\/?s={search_term_string}"},"query-input":{"@type":"PropertyValueSpecification","valueRequired":true,"valueName":"search_term_string"}}],"inLanguage":"pl-PL"},{"@type":"Organization","@id":"https:\/\/measline.com\/#organization","name":"Measline","url":"https:\/\/measline.com\/","logo":{"@type":"ImageObject","inLanguage":"pl-PL","@id":"https:\/\/measline.com\/#\/schema\/logo\/image\/","url":"https:\/\/measline.com\/wp-content\/uploads\/2021\/11\/logo_color_small.png.png","contentUrl":"https:\/\/measline.com\/wp-content\/uploads\/2021\/11\/logo_color_small.png.png","width":1000,"height":417,"caption":"Measline"},"image":{"@id":"https:\/\/measline.com\/#\/schema\/logo\/image\/"}}]}},"_links":{"self":[{"href":"https:\/\/measline.com\/index.php\/wp-json\/wp\/v2\/pages\/3972","targetHints":{"allow":["GET"]}}],"collection":[{"href":"https:\/\/measline.com\/index.php\/wp-json\/wp\/v2\/pages"}],"about":[{"href":"https:\/\/measline.com\/index.php\/wp-json\/wp\/v2\/types\/page"}],"author":[{"embeddable":true,"href":"https:\/\/measline.com\/index.php\/wp-json\/wp\/v2\/users\/2"}],"replies":[{"embeddable":true,"href":"https:\/\/measline.com\/index.php\/wp-json\/wp\/v2\/comments?post=3972"}],"version-history":[{"count":15,"href":"https:\/\/measline.com\/index.php\/wp-json\/wp\/v2\/pages\/3972\/revisions"}],"predecessor-version":[{"id":5040,"href":"https:\/\/measline.com\/index.php\/wp-json\/wp\/v2\/pages\/3972\/revisions\/5040"}],"wp:attachment":[{"href":"https:\/\/measline.com\/index.php\/wp-json\/wp\/v2\/media?parent=3972"}],"curies":[{"name":"wp","href":"https:\/\/api.w.org\/{rel}","templated":true}]}}