{"id":3981,"date":"2023-04-05T13:52:53","date_gmt":"2023-04-05T11:52:53","guid":{"rendered":"https:\/\/measline.com\/?page_id=3981"},"modified":"2023-09-27T10:32:57","modified_gmt":"2023-09-27T08:32:57","slug":"tematy_stpvii","status":"publish","type":"page","link":"https:\/\/measline.com\/index.php\/pl\/tematy_stpvii\/","title":{"rendered":"Wykaz temat\u00f3w STP VII"},"content":{"rendered":"<p>[et_pb_section fb_built=&#8221;1&#8243; fullwidth=&#8221;on&#8221; _builder_version=&#8221;4.16&#8243; _module_preset=&#8221;default&#8221; global_colors_info=&#8221;{}&#8221;][\/et_pb_section][et_pb_section fb_built=&#8221;1&#8243; _builder_version=&#8221;4.16&#8243; _module_preset=&#8221;default&#8221; global_colors_info=&#8221;{}&#8221;][et_pb_row _builder_version=&#8221;4.16&#8243; _module_preset=&#8221;default&#8221; global_colors_info=&#8221;{}&#8221;][et_pb_column type=&#8221;4_4&#8243; _builder_version=&#8221;4.16&#8243; _module_preset=&#8221;default&#8221; global_colors_info=&#8221;{}&#8221;][et_pb_menu menu_id=&#8221;66&#8243; menu_style=&#8221;centered&#8221; active_link_color=&#8221;#000000&#8243; _builder_version=&#8221;4.20.4&#8243; _module_preset=&#8221;default&#8221; menu_font=&#8221;Asap Condensed|||on|||||&#8221; menu_text_color=&#8221;#666666&#8243; menu_font_size=&#8221;18px&#8221; global_colors_info=&#8221;{}&#8221;][\/et_pb_menu][\/et_pb_column][\/et_pb_row][\/et_pb_section][et_pb_section fb_built=&#8221;1&#8243; _builder_version=&#8221;4.16&#8243; _module_preset=&#8221;default&#8221; global_colors_info=&#8221;{}&#8221;][et_pb_row _builder_version=&#8221;4.16&#8243; _module_preset=&#8221;default&#8221; global_colors_info=&#8221;{}&#8221;][et_pb_column type=&#8221;4_4&#8243; _builder_version=&#8221;4.16&#8243; _module_preset=&#8221;default&#8221; global_colors_info=&#8221;{}&#8221;][et_pb_text _builder_version=&#8221;4.20.4&#8243; _module_preset=&#8221;default&#8221; global_colors_info=&#8221;{}&#8221;]<\/p>\n<h2 align=\"justify\">Wykaz temat\u00f3w obejmuj\u0105cych szkolenie podstawowe w zakresie techniki pr\u00f3\u017cniowej<\/h2>\n<p>&nbsp;<\/p>\n<h3>1. TECHNIKA PR\u00d3\u017bNI &#8211; podstawowe poj\u0119cia<\/h3>\n<p>1.1.Techniczne poj\u0119cie pr\u00f3\u017cni, zastosowania pr\u00f3\u017cni, zakresy pr\u00f3\u017cniowe w zastosowaniach przemys\u0142owych I \u00a0 naukowo-badawczych.<br \/>1.2.Kinetyczna teoria gazu<br \/>1.3.Przewodnictwo cieplne gazu<br \/>1.4.Dyfuzja cz\u0105steczek w gazie<br \/>1.5.Efuzja<br \/>1.6.Oddzia\u0142ywanie cz\u0105steczek gazu z powierzchni<br \/>1.7.Adsorpcja gazu<br \/>1.8.Czas przebywania cz\u0105steczek na powierzchni<br \/>1.9.Desorpcja<br \/>1.10.Stan r\u00f3wnowagi miedzy adsorpcj\u0105 a desorpcji<br \/>1.11.Rozpraszanie gazu na powierzchni w stanie r\u00f3wnowagi<br \/>1.12.Gaz w ciele sta\u0142ym<br \/>1.13.Rozpuszczanie gazu w ciele sta\u0142ym<br \/>1.14.Dyfuzja gazu<br \/>1.15.Przenikanie gazu<br \/>1.16.Podstawowe poj\u0119cia w technice pr\u00f3\u017cniowej<br \/>1.17.Poj\u0119cie przep\u0142ywu, \u015bredniej drogi swobodnej, poj\u0119cia ci\u015bnie\u0144 stosowanych w technice pr\u00f3\u017cniowej, przep\u0142yw obj\u0119to\u015bciowy, masowy i PV i ich zastosowanie. Zakresy ci\u015bnie\u0144 w technice pr\u00f3\u017cniowej.<br \/>1.18.Rodzaje przep\u0142ywu i przewodno\u015b\u0107<br \/>1.19.Rozr\u00f3\u017cnienie pomi\u0119dzy szybko\u015bci\u0105 pompowania a wydajno\u015bci\u0105 z przyk\u0142adami zastosowa\u0144.<br \/>1.20.Przep\u0142yw gazu &#8211; przewodno\u015b\u0107 element\u00f3w pr\u00f3\u017cniowych, wsp\u00f3\u0142czynnik przecieku i desorpcji i ich wp\u0142yw na pr\u00f3\u017cni\u0119 ko\u0144cow\u0105.<br \/>1.21.Obliczanie przewodno\u015bci rur, kryz itp.<\/p>\n<h3>2. WYTWARZANIE PR\u00d3\u017bNI<\/h3>\n<p>2.1. Podzia\u0142 pomp pr\u00f3\u017cniowych<br \/>2.2. Pompy pr\u00f3\u017cni wst\u0119pnej<br \/>2.2.1. Pompy obj\u0119to\u015bciowe olejowe<br \/>2.2.1.1. Zasada dzia\u0142ania pomp obj\u0119to\u015bciowych<br \/>2.2.1.2. Olejowe pompy rotacyjne, pompa \u0142opatkowa<br \/>2.2.1.3. Pompowanie par \u0142atwo ulegaj\u0105cych kondensacji<br \/>2.2.1.4. Eksploatacja olejowych pomp obj\u0119to\u015bciowych<br \/>2.2.2. Pompy bezolejowe \u2013 \u201esuche\u201d<br \/>2.2.2.1. Pompy Rootsa<br \/>2.2.2.2. Pompy membranowe<br \/>2.2.2.3. Pompy \u015brubowe i spiralne<br \/>2.2.2.4. Por\u00f3wnanie pomp suchych<br \/>2.3. Pompy wysokiej pr\u00f3\u017cni<br \/>2.3.1. Pompy molekularne i turbomolekularne<br \/>2.3.1.1. Pompy molekularne<br \/>2.3.1.2. Pompy turbomolekularne<br \/>2.3.1.3. Pompy hybrydowe<br \/>2.3.2. Pompy dyfuzyjne<br \/>2.3.2.1. Zasada dzia\u0142ania pomp dyfuzyjnych<br \/>2.3.2.2. W\u0142a\u015bciwo\u015bci olej\u00f3w stosowanych w pompach dyfuzyjnych<br \/>2.3.2.3. Pompy frakcjonuj\u0105ce<br \/>2.3.2.4. Dob\u00f3r pompy pr\u00f3\u017cni wst\u0119pnej<br \/>2.3.2.5. Eksploatacja pomp dyfuzyjnych<br \/>2.3.3. Pompy sorpcyjne<br \/>2.3.3.1. Poch\u0142aniacze lite (NEG)<br \/>2.3.3.2. Pompy z poch\u0142aniaczami litymi<br \/>2.3.3.3. Pompy sublimacyjne<br \/>2.3.3.4. Pompy jonowo-sorpcyjne<br \/>2.3.3.5. Pompy kriosorpcyjne<br \/>2.3.4. Por\u00f3wnanie pomp wysokiej pr\u00f3\u017cni<\/p>\n<p>2.4. Pu\u0142apki i filtry i pompy specjalne do zastosowa\u0144 chemicznych i substancji wybuchowych<br \/>2.5. Dob\u00f3r oleju w zale\u017cno\u015bci od aplikacji<br \/>2.6. Og\u00f3lne zasady konserwacji mechanicznych pomp pr\u00f3\u017cniowych<br \/>2.7. Niezb\u0119dne prace konserwatorskie takie jak wymiana oleju, filtr\u00f3w itp. na przyk\u0142adzie wybranych pomp rotacyjnych\u00a0 i Roots\u2019a.<\/p>\n<h3>3. SYSTEMY POMPOWE \u2013 og\u00f3lne zasady doboru pomp<\/h3>\n<p>3.1 Pompy i systemy pr\u00f3\u017cniowe w zastosowaniach laboratoryjnych<br \/>3.1.1. zestawy turbomolekularne<br \/>3.1.2. pompy jonowe i kriogeniczne<br \/>3.1.3. pompy sublimacyjne w zestawach pompowych<br \/>3.2. Pompy i systemy pompowe stosowane w aparaturach przemys\u0142owych<br \/>3.2.1 systemy z pompami Roots&#8217;a<br \/>3.2.2 systemy z pompami dyfuzyjnymi<br \/>3.2.3 systemy z pompami kriogenicznymi<\/p>\n<h3>4. ODPOMPOWANIE kom\u00f3r pr\u00f3\u017cniowych \u2013 dob\u00f3r pomp pr\u00f3\u017cniowych<\/h3>\n<p>4.1 Odpompowanie bez uwzgl\u0119dniania nacieku i par \u2013 pr\u00f3\u017cnia zgrubna<br \/>4.2 Odpompowanie w zakresie wysokich pr\u00f3\u017cni<br \/>4.3 Odpompowanie w zakresie pr\u00f3\u017cni niskiej<br \/>4.4 Dob\u00f3r odpowiednich pomp<br \/>4.5 Oszacowanie czasu odpompowania z monogram\u00f3w<br \/>4.6 Odpompowanie w przypadku wyst\u0119powania par<\/p>\n<h3>5. POMIAR CI\u015aNIE\u0143 CA\u0141KOWITYCH<\/h3>\n<p>5.1 Niepewno\u015b\u0107 pomiaru. Specyfika pomiar\u00f3w pr\u00f3\u017cni. Podzia\u0142 pr\u00f3\u017cniomierzy<br \/>5.2 Pr\u00f3\u017cniomierze mechaniczne<br \/>5.2.1 Pr\u00f3\u017cniomierze rurkowe<br \/>5.2.2 Pr\u00f3\u017cniomierze membranowe<br \/>5.2.3 Membranowe czujniki pr\u00f3\u017cni w wersji MEMS<br \/>5.3 Pr\u00f3\u017cniomierze cieplnoprzewodno\u015bciowe<br \/>5.3.1 Pr\u00f3\u017cniomierze oporowe Piraniego<br \/>5.3.2 Pr\u00f3\u017cniomierze termoelektryczne<br \/>5.3.3 Wykorzystanie efektu konwekcji<br \/>5.3.4 Cieplnoprzewodno\u015bciowe czujniki pr\u00f3\u017cni w wersji MEMS<br \/>5.4 Pr\u00f3\u017cniomierze lepko\u015bciowe z wiruj\u0105c\u0105 kulk\u0105<br \/>5.5 Pr\u00f3\u017cniomierze jonizacyjne Penninga<br \/>5.6 Pr\u00f3\u017cniomierze jonizacyjne z gor\u0105cymi katodami<br \/>5.6.1 Pr\u00f3\u017cniomierze z g\u0142owicami triodowymi<br \/>5.6.2 Pr\u00f3\u017cniomierze z g\u0142owicami BA (Bayarda-Alperta)<br \/>5.6.3 Pr\u00f3\u017cniomierze z g\u0142owicami ekstraktorowymi (pr\u00f3\u017cniomierz JG)<br \/>5.6.4 Pomiary ci\u015bnie\u0144 ni\u017cszych od 10 \u207b\u00b9\u2070Pa<\/p>\n<h3>6. KOMPONENTY pr\u00f3\u017cniowe<\/h3>\n<p>6.1materia\u0142y stosowane w technice pr\u00f3\u017cniowej<br \/>6.2 Komponenty monta\u017cowe<br \/>6.2.1.ko\u0142nierze typu ISO-KF i ISO-K, ISO-F, z\u0142\u0105czki, mieszki, okna uszczelnienia, smary itp.<br \/>6.2.2.ko\u0142nierze typu CF wraz z opisem komponent\u00f3w monta\u017cowych, uszczelek, okien, przej\u015b\u0107 obrotowych, transfer\u00f3w itp.<br \/>6.3.Zawory pr\u00f3\u017cniowe<br \/>6.3.1.zawory pr\u00f3\u017cniowe dostosowane do niskiej i wysokiej pr\u00f3\u017cni<br \/>6.3.2.zawory pr\u00f3\u017cniowe do UHV<\/p>\n<h3>7. Detekcja nieszczelno\u015bci<\/h3>\n<p>7.1 Metody wyznaczania nieszczelno\u015bci urz\u0105dze\u0144 pr\u00f3\u017cniowych<br \/>7.1.1 metody pr\u00f3\u017cniowe<br \/>7.1.2 metody ci\u015bnieniowe<br \/>7.2 Helowe detektory nieszczelno\u015bci<\/p>\n<h3>8. Sterowanie prac\u0105 pomp, regulacja poziomu pr\u00f3\u017cni, zabezpieczenia itp. &#8211; SZKOLENIE PRAKTYCZNE<\/h3>\n<p>8.1 Detekcja nieszczelno\u015bci<br \/>8.2 Wymiana oleju, filtr\u00f3w, emulsja olejowa<br \/>8.3 Kalibracja g\u0142owic pr\u00f3\u017cni wst\u0119pnej<br \/>8.4 Po\u0142\u0105czenia pr\u00f3\u017cniowe<br \/>8.5 Pokaz zapowietrzenia komory pr\u00f3\u017cniowej suchym gazem i powietrzem,<\/p>\n<h3>9. Om\u00f3wienie zagadnie\u0144 wskazanych przez uczestnik\u00f3w<\/h3>\n<p>&nbsp;<\/p>\n<p>[\/et_pb_text][\/et_pb_column][\/et_pb_row][\/et_pb_section]<\/p>\n","protected":false},"excerpt":{"rendered":"<p>Wykaz temat\u00f3w obejmuj\u0105cych szkolenie podstawowe w zakresie techniki pr\u00f3\u017cniowej &nbsp; 1. TECHNIKA PR\u00d3\u017bNI &#8211; podstawowe poj\u0119cia 1.1.Techniczne poj\u0119cie pr\u00f3\u017cni, zastosowania pr\u00f3\u017cni, zakresy pr\u00f3\u017cniowe w zastosowaniach przemys\u0142owych I \u00a0 naukowo-badawczych.1.2.Kinetyczna teoria gazu1.3.Przewodnictwo cieplne gazu1.4.Dyfuzja cz\u0105steczek w gazie1.5.Efuzja1.6.Oddzia\u0142ywanie cz\u0105steczek gazu z powierzchni1.7.Adsorpcja gazu1.8.Czas przebywania cz\u0105steczek na powierzchni1.9.Desorpcja1.10.Stan r\u00f3wnowagi miedzy adsorpcj\u0105 a desorpcji1.11.Rozpraszanie gazu na powierzchni w stanie [&hellip;]<\/p>\n","protected":false},"author":2,"featured_media":0,"parent":0,"menu_order":0,"comment_status":"closed","ping_status":"closed","template":"","meta":{"_et_pb_use_builder":"on","_et_pb_old_content":"","_et_gb_content_width":"","footnotes":""},"class_list":["post-3981","page","type-page","status-publish","hentry"],"yoast_head":"<!-- This site is optimized with the Yoast SEO plugin v27.4 - https:\/\/yoast.com\/product\/yoast-seo-wordpress\/ -->\n<title>Wykaz temat\u00f3w STP VII - Measline<\/title>\n<meta name=\"description\" content=\"Wykaz temat\u00f3w, kt\u00f3re zostan\u0105 poruszone podczas VII Szko\u0142y techniki pr\u00f3\u017cniowej STP- szkolenia dla in\u017cynier\u00f3w, technik\u00f3w, naukowc\u00f3w i student\u00f3w\" \/>\n<meta name=\"robots\" content=\"index, follow, max-snippet:-1, max-image-preview:large, max-video-preview:-1\" \/>\n<link rel=\"canonical\" href=\"https:\/\/measline.com\/index.php\/pl\/tematy_stpvii\/\" \/>\n<meta property=\"og:locale\" content=\"pl_PL\" \/>\n<meta property=\"og:type\" content=\"article\" \/>\n<meta property=\"og:title\" content=\"Wykaz temat\u00f3w STP VII - Measline\" \/>\n<meta property=\"og:description\" content=\"Wykaz temat\u00f3w, kt\u00f3re zostan\u0105 poruszone podczas VII Szko\u0142y techniki pr\u00f3\u017cniowej STP- szkolenia dla in\u017cynier\u00f3w, technik\u00f3w, naukowc\u00f3w i student\u00f3w\" \/>\n<meta property=\"og:url\" content=\"https:\/\/measline.com\/index.php\/pl\/tematy_stpvii\/\" \/>\n<meta property=\"og:site_name\" content=\"Measline\" \/>\n<meta property=\"article:modified_time\" content=\"2023-09-27T08:32:57+00:00\" \/>\n<meta name=\"twitter:card\" content=\"summary_large_image\" \/>\n<meta name=\"twitter:label1\" content=\"Szacowany czas czytania\" \/>\n\t<meta name=\"twitter:data1\" content=\"4 minuty\" \/>\n<script type=\"application\/ld+json\" class=\"yoast-schema-graph\">{\"@context\":\"https:\\\/\\\/schema.org\",\"@graph\":[{\"@type\":\"WebPage\",\"@id\":\"https:\\\/\\\/measline.com\\\/index.php\\\/pl\\\/tematy_stpvii\\\/\",\"url\":\"https:\\\/\\\/measline.com\\\/index.php\\\/pl\\\/tematy_stpvii\\\/\",\"name\":\"Wykaz temat\u00f3w STP VII - Measline\",\"isPartOf\":{\"@id\":\"https:\\\/\\\/measline.com\\\/#website\"},\"datePublished\":\"2023-04-05T11:52:53+00:00\",\"dateModified\":\"2023-09-27T08:32:57+00:00\",\"description\":\"Wykaz temat\u00f3w, kt\u00f3re zostan\u0105 poruszone podczas VII Szko\u0142y techniki pr\u00f3\u017cniowej STP- szkolenia dla in\u017cynier\u00f3w, technik\u00f3w, naukowc\u00f3w i student\u00f3w\",\"breadcrumb\":{\"@id\":\"https:\\\/\\\/measline.com\\\/index.php\\\/pl\\\/tematy_stpvii\\\/#breadcrumb\"},\"inLanguage\":\"pl-PL\",\"potentialAction\":[{\"@type\":\"ReadAction\",\"target\":[\"https:\\\/\\\/measline.com\\\/index.php\\\/pl\\\/tematy_stpvii\\\/\"]}]},{\"@type\":\"BreadcrumbList\",\"@id\":\"https:\\\/\\\/measline.com\\\/index.php\\\/pl\\\/tematy_stpvii\\\/#breadcrumb\",\"itemListElement\":[{\"@type\":\"ListItem\",\"position\":1,\"name\":\"Strona g\u0142\u00f3wna\",\"item\":\"https:\\\/\\\/measline.com\\\/index.php\\\/pl\\\/\"},{\"@type\":\"ListItem\",\"position\":2,\"name\":\"Wykaz temat\u00f3w STP VII\"}]},{\"@type\":\"WebSite\",\"@id\":\"https:\\\/\\\/measline.com\\\/#website\",\"url\":\"https:\\\/\\\/measline.com\\\/\",\"name\":\"Measline\",\"description\":\"Advanced solutions\",\"publisher\":{\"@id\":\"https:\\\/\\\/measline.com\\\/#organization\"},\"potentialAction\":[{\"@type\":\"SearchAction\",\"target\":{\"@type\":\"EntryPoint\",\"urlTemplate\":\"https:\\\/\\\/measline.com\\\/?s={search_term_string}\"},\"query-input\":{\"@type\":\"PropertyValueSpecification\",\"valueRequired\":true,\"valueName\":\"search_term_string\"}}],\"inLanguage\":\"pl-PL\"},{\"@type\":\"Organization\",\"@id\":\"https:\\\/\\\/measline.com\\\/#organization\",\"name\":\"Measline\",\"url\":\"https:\\\/\\\/measline.com\\\/\",\"logo\":{\"@type\":\"ImageObject\",\"inLanguage\":\"pl-PL\",\"@id\":\"https:\\\/\\\/measline.com\\\/#\\\/schema\\\/logo\\\/image\\\/\",\"url\":\"https:\\\/\\\/measline.com\\\/wp-content\\\/uploads\\\/2021\\\/11\\\/logo_color_small.png.png\",\"contentUrl\":\"https:\\\/\\\/measline.com\\\/wp-content\\\/uploads\\\/2021\\\/11\\\/logo_color_small.png.png\",\"width\":1000,\"height\":417,\"caption\":\"Measline\"},\"image\":{\"@id\":\"https:\\\/\\\/measline.com\\\/#\\\/schema\\\/logo\\\/image\\\/\"}}]}<\/script>\n<!-- \/ Yoast SEO plugin. -->","yoast_head_json":{"title":"Wykaz temat\u00f3w STP VII - Measline","description":"Wykaz temat\u00f3w, kt\u00f3re zostan\u0105 poruszone podczas VII Szko\u0142y techniki pr\u00f3\u017cniowej STP- szkolenia dla in\u017cynier\u00f3w, technik\u00f3w, naukowc\u00f3w i student\u00f3w","robots":{"index":"index","follow":"follow","max-snippet":"max-snippet:-1","max-image-preview":"max-image-preview:large","max-video-preview":"max-video-preview:-1"},"canonical":"https:\/\/measline.com\/index.php\/pl\/tematy_stpvii\/","og_locale":"pl_PL","og_type":"article","og_title":"Wykaz temat\u00f3w STP VII - Measline","og_description":"Wykaz temat\u00f3w, kt\u00f3re zostan\u0105 poruszone podczas VII Szko\u0142y techniki pr\u00f3\u017cniowej STP- szkolenia dla in\u017cynier\u00f3w, technik\u00f3w, naukowc\u00f3w i student\u00f3w","og_url":"https:\/\/measline.com\/index.php\/pl\/tematy_stpvii\/","og_site_name":"Measline","article_modified_time":"2023-09-27T08:32:57+00:00","twitter_card":"summary_large_image","twitter_misc":{"Szacowany czas czytania":"4 minuty"},"schema":{"@context":"https:\/\/schema.org","@graph":[{"@type":"WebPage","@id":"https:\/\/measline.com\/index.php\/pl\/tematy_stpvii\/","url":"https:\/\/measline.com\/index.php\/pl\/tematy_stpvii\/","name":"Wykaz temat\u00f3w STP VII - Measline","isPartOf":{"@id":"https:\/\/measline.com\/#website"},"datePublished":"2023-04-05T11:52:53+00:00","dateModified":"2023-09-27T08:32:57+00:00","description":"Wykaz temat\u00f3w, kt\u00f3re zostan\u0105 poruszone podczas VII Szko\u0142y techniki pr\u00f3\u017cniowej STP- szkolenia dla in\u017cynier\u00f3w, technik\u00f3w, naukowc\u00f3w i student\u00f3w","breadcrumb":{"@id":"https:\/\/measline.com\/index.php\/pl\/tematy_stpvii\/#breadcrumb"},"inLanguage":"pl-PL","potentialAction":[{"@type":"ReadAction","target":["https:\/\/measline.com\/index.php\/pl\/tematy_stpvii\/"]}]},{"@type":"BreadcrumbList","@id":"https:\/\/measline.com\/index.php\/pl\/tematy_stpvii\/#breadcrumb","itemListElement":[{"@type":"ListItem","position":1,"name":"Strona g\u0142\u00f3wna","item":"https:\/\/measline.com\/index.php\/pl\/"},{"@type":"ListItem","position":2,"name":"Wykaz temat\u00f3w STP VII"}]},{"@type":"WebSite","@id":"https:\/\/measline.com\/#website","url":"https:\/\/measline.com\/","name":"Measline","description":"Advanced solutions","publisher":{"@id":"https:\/\/measline.com\/#organization"},"potentialAction":[{"@type":"SearchAction","target":{"@type":"EntryPoint","urlTemplate":"https:\/\/measline.com\/?s={search_term_string}"},"query-input":{"@type":"PropertyValueSpecification","valueRequired":true,"valueName":"search_term_string"}}],"inLanguage":"pl-PL"},{"@type":"Organization","@id":"https:\/\/measline.com\/#organization","name":"Measline","url":"https:\/\/measline.com\/","logo":{"@type":"ImageObject","inLanguage":"pl-PL","@id":"https:\/\/measline.com\/#\/schema\/logo\/image\/","url":"https:\/\/measline.com\/wp-content\/uploads\/2021\/11\/logo_color_small.png.png","contentUrl":"https:\/\/measline.com\/wp-content\/uploads\/2021\/11\/logo_color_small.png.png","width":1000,"height":417,"caption":"Measline"},"image":{"@id":"https:\/\/measline.com\/#\/schema\/logo\/image\/"}}]}},"_links":{"self":[{"href":"https:\/\/measline.com\/index.php\/wp-json\/wp\/v2\/pages\/3981","targetHints":{"allow":["GET"]}}],"collection":[{"href":"https:\/\/measline.com\/index.php\/wp-json\/wp\/v2\/pages"}],"about":[{"href":"https:\/\/measline.com\/index.php\/wp-json\/wp\/v2\/types\/page"}],"author":[{"embeddable":true,"href":"https:\/\/measline.com\/index.php\/wp-json\/wp\/v2\/users\/2"}],"replies":[{"embeddable":true,"href":"https:\/\/measline.com\/index.php\/wp-json\/wp\/v2\/comments?post=3981"}],"version-history":[{"count":11,"href":"https:\/\/measline.com\/index.php\/wp-json\/wp\/v2\/pages\/3981\/revisions"}],"predecessor-version":[{"id":4842,"href":"https:\/\/measline.com\/index.php\/wp-json\/wp\/v2\/pages\/3981\/revisions\/4842"}],"wp:attachment":[{"href":"https:\/\/measline.com\/index.php\/wp-json\/wp\/v2\/media?parent=3981"}],"curies":[{"name":"wp","href":"https:\/\/api.w.org\/{rel}","templated":true}]}}