{"id":4228,"date":"2023-08-08T09:31:37","date_gmt":"2023-08-08T07:31:37","guid":{"rendered":"https:\/\/measline.com\/?page_id=4228"},"modified":"2023-08-08T09:31:38","modified_gmt":"2023-08-08T07:31:38","slug":"mikroskopia-sil-atomowych-eng","status":"publish","type":"page","link":"https:\/\/measline.com\/index.php\/en-gb\/main-page\/mikroskopia-sil-atomowych-eng\/","title":{"rendered":"Mikroskopia si\u0142 atomowych\u00a0&#8211; eng"},"content":{"rendered":"","protected":false},"excerpt":{"rendered":"","protected":false},"author":5,"featured_media":0,"parent":4216,"menu_order":0,"comment_status":"closed","ping_status":"closed","template":"","meta":{"_et_pb_use_builder":"","_et_pb_old_content":"","_et_gb_content_width":"","footnotes":""},"class_list":["post-4228","page","type-page","status-publish","hentry"],"yoast_head":"<!-- This site is optimized with the Yoast SEO plugin v27.5 - https:\/\/yoast.com\/product\/yoast-seo-wordpress\/ -->\n<title>Mikroskopia si\u0142 atomowych\u00a0- eng AFM- Measline<\/title>\n<meta name=\"description\" content=\"Nasze Mikroskopy Si\u0142 Atomowych wyr\u00f3\u017cniaj\u0105 si\u0119 zastosowaniem aktywnych pr\u00f3bnik\u00f3w. Umo\u017cliwiaj\u0105 one precyzyjn\u0105 kontrol\u0119 wychyle\u0144 d\u017awigni.\" \/>\n<meta name=\"robots\" content=\"index, follow, max-snippet:-1, max-image-preview:large, max-video-preview:-1\" \/>\n<link rel=\"canonical\" href=\"https:\/\/measline.com\/index.php\/en-gb\/main-page\/mikroskopia-sil-atomowych-eng\/\" \/>\n<meta property=\"og:locale\" content=\"pl_PL\" \/>\n<meta property=\"og:type\" content=\"article\" \/>\n<meta property=\"og:title\" content=\"Mikroskopia si\u0142 atomowych\u00a0- eng AFM- Measline\" \/>\n<meta property=\"og:description\" content=\"Nasze Mikroskopy Si\u0142 Atomowych wyr\u00f3\u017cniaj\u0105 si\u0119 zastosowaniem aktywnych pr\u00f3bnik\u00f3w. Umo\u017cliwiaj\u0105 one precyzyjn\u0105 kontrol\u0119 wychyle\u0144 d\u017awigni.\" \/>\n<meta property=\"og:url\" content=\"https:\/\/measline.com\/index.php\/en-gb\/main-page\/mikroskopia-sil-atomowych-eng\/\" \/>\n<meta property=\"og:site_name\" content=\"Measline\" \/>\n<meta property=\"article:modified_time\" content=\"2023-08-08T07:31:38+00:00\" \/>\n<meta name=\"twitter:card\" content=\"summary_large_image\" \/>\n<script type=\"application\/ld+json\" class=\"yoast-schema-graph\">{\"@context\":\"https:\\\/\\\/schema.org\",\"@graph\":[{\"@type\":\"WebPage\",\"@id\":\"https:\\\/\\\/measline.com\\\/index.php\\\/en-gb\\\/main-page\\\/mikroskopia-sil-atomowych-eng\\\/\",\"url\":\"https:\\\/\\\/measline.com\\\/index.php\\\/en-gb\\\/main-page\\\/mikroskopia-sil-atomowych-eng\\\/\",\"name\":\"Mikroskopia si\u0142 atomowych\u00a0- eng AFM- Measline\",\"isPartOf\":{\"@id\":\"https:\\\/\\\/measline.com\\\/#website\"},\"datePublished\":\"2023-08-08T07:31:37+00:00\",\"dateModified\":\"2023-08-08T07:31:38+00:00\",\"description\":\"Nasze Mikroskopy Si\u0142 Atomowych wyr\u00f3\u017cniaj\u0105 si\u0119 zastosowaniem aktywnych pr\u00f3bnik\u00f3w. Umo\u017cliwiaj\u0105 one precyzyjn\u0105 kontrol\u0119 wychyle\u0144 d\u017awigni.\",\"breadcrumb\":{\"@id\":\"https:\\\/\\\/measline.com\\\/index.php\\\/en-gb\\\/main-page\\\/mikroskopia-sil-atomowych-eng\\\/#breadcrumb\"},\"inLanguage\":\"pl-PL\",\"potentialAction\":[{\"@type\":\"ReadAction\",\"target\":[\"https:\\\/\\\/measline.com\\\/index.php\\\/en-gb\\\/main-page\\\/mikroskopia-sil-atomowych-eng\\\/\"]}]},{\"@type\":\"BreadcrumbList\",\"@id\":\"https:\\\/\\\/measline.com\\\/index.php\\\/en-gb\\\/main-page\\\/mikroskopia-sil-atomowych-eng\\\/#breadcrumb\",\"itemListElement\":[{\"@type\":\"ListItem\",\"position\":1,\"name\":\"Strona g\u0142\u00f3wna\",\"item\":\"https:\\\/\\\/measline.com\\\/index.php\\\/pl\\\/\"},{\"@type\":\"ListItem\",\"position\":2,\"name\":\"Main page\",\"item\":\"https:\\\/\\\/measline.com\\\/index.php\\\/en-gb\\\/\"},{\"@type\":\"ListItem\",\"position\":3,\"name\":\"Mikroskopia si\u0142 atomowych\u00a0&#8211; eng\"}]},{\"@type\":\"WebSite\",\"@id\":\"https:\\\/\\\/measline.com\\\/#website\",\"url\":\"https:\\\/\\\/measline.com\\\/\",\"name\":\"Measline\",\"description\":\"Advanced solutions\",\"publisher\":{\"@id\":\"https:\\\/\\\/measline.com\\\/#organization\"},\"potentialAction\":[{\"@type\":\"SearchAction\",\"target\":{\"@type\":\"EntryPoint\",\"urlTemplate\":\"https:\\\/\\\/measline.com\\\/?s={search_term_string}\"},\"query-input\":{\"@type\":\"PropertyValueSpecification\",\"valueRequired\":true,\"valueName\":\"search_term_string\"}}],\"inLanguage\":\"pl-PL\"},{\"@type\":\"Organization\",\"@id\":\"https:\\\/\\\/measline.com\\\/#organization\",\"name\":\"Measline\",\"url\":\"https:\\\/\\\/measline.com\\\/\",\"logo\":{\"@type\":\"ImageObject\",\"inLanguage\":\"pl-PL\",\"@id\":\"https:\\\/\\\/measline.com\\\/#\\\/schema\\\/logo\\\/image\\\/\",\"url\":\"https:\\\/\\\/measline.com\\\/wp-content\\\/uploads\\\/2021\\\/11\\\/logo_color_small.png.png\",\"contentUrl\":\"https:\\\/\\\/measline.com\\\/wp-content\\\/uploads\\\/2021\\\/11\\\/logo_color_small.png.png\",\"width\":1000,\"height\":417,\"caption\":\"Measline\"},\"image\":{\"@id\":\"https:\\\/\\\/measline.com\\\/#\\\/schema\\\/logo\\\/image\\\/\"}}]}<\/script>\n<!-- \/ Yoast SEO plugin. -->","yoast_head_json":{"title":"Mikroskopia si\u0142 atomowych\u00a0- eng AFM- Measline","description":"Nasze Mikroskopy Si\u0142 Atomowych wyr\u00f3\u017cniaj\u0105 si\u0119 zastosowaniem aktywnych pr\u00f3bnik\u00f3w. Umo\u017cliwiaj\u0105 one precyzyjn\u0105 kontrol\u0119 wychyle\u0144 d\u017awigni.","robots":{"index":"index","follow":"follow","max-snippet":"max-snippet:-1","max-image-preview":"max-image-preview:large","max-video-preview":"max-video-preview:-1"},"canonical":"https:\/\/measline.com\/index.php\/en-gb\/main-page\/mikroskopia-sil-atomowych-eng\/","og_locale":"pl_PL","og_type":"article","og_title":"Mikroskopia si\u0142 atomowych\u00a0- eng AFM- Measline","og_description":"Nasze Mikroskopy Si\u0142 Atomowych wyr\u00f3\u017cniaj\u0105 si\u0119 zastosowaniem aktywnych pr\u00f3bnik\u00f3w. Umo\u017cliwiaj\u0105 one precyzyjn\u0105 kontrol\u0119 wychyle\u0144 d\u017awigni.","og_url":"https:\/\/measline.com\/index.php\/en-gb\/main-page\/mikroskopia-sil-atomowych-eng\/","og_site_name":"Measline","article_modified_time":"2023-08-08T07:31:38+00:00","twitter_card":"summary_large_image","schema":{"@context":"https:\/\/schema.org","@graph":[{"@type":"WebPage","@id":"https:\/\/measline.com\/index.php\/en-gb\/main-page\/mikroskopia-sil-atomowych-eng\/","url":"https:\/\/measline.com\/index.php\/en-gb\/main-page\/mikroskopia-sil-atomowych-eng\/","name":"Mikroskopia si\u0142 atomowych\u00a0- eng AFM- Measline","isPartOf":{"@id":"https:\/\/measline.com\/#website"},"datePublished":"2023-08-08T07:31:37+00:00","dateModified":"2023-08-08T07:31:38+00:00","description":"Nasze Mikroskopy Si\u0142 Atomowych wyr\u00f3\u017cniaj\u0105 si\u0119 zastosowaniem aktywnych pr\u00f3bnik\u00f3w. Umo\u017cliwiaj\u0105 one precyzyjn\u0105 kontrol\u0119 wychyle\u0144 d\u017awigni.","breadcrumb":{"@id":"https:\/\/measline.com\/index.php\/en-gb\/main-page\/mikroskopia-sil-atomowych-eng\/#breadcrumb"},"inLanguage":"pl-PL","potentialAction":[{"@type":"ReadAction","target":["https:\/\/measline.com\/index.php\/en-gb\/main-page\/mikroskopia-sil-atomowych-eng\/"]}]},{"@type":"BreadcrumbList","@id":"https:\/\/measline.com\/index.php\/en-gb\/main-page\/mikroskopia-sil-atomowych-eng\/#breadcrumb","itemListElement":[{"@type":"ListItem","position":1,"name":"Strona g\u0142\u00f3wna","item":"https:\/\/measline.com\/index.php\/pl\/"},{"@type":"ListItem","position":2,"name":"Main page","item":"https:\/\/measline.com\/index.php\/en-gb\/"},{"@type":"ListItem","position":3,"name":"Mikroskopia si\u0142 atomowych\u00a0&#8211; eng"}]},{"@type":"WebSite","@id":"https:\/\/measline.com\/#website","url":"https:\/\/measline.com\/","name":"Measline","description":"Advanced solutions","publisher":{"@id":"https:\/\/measline.com\/#organization"},"potentialAction":[{"@type":"SearchAction","target":{"@type":"EntryPoint","urlTemplate":"https:\/\/measline.com\/?s={search_term_string}"},"query-input":{"@type":"PropertyValueSpecification","valueRequired":true,"valueName":"search_term_string"}}],"inLanguage":"pl-PL"},{"@type":"Organization","@id":"https:\/\/measline.com\/#organization","name":"Measline","url":"https:\/\/measline.com\/","logo":{"@type":"ImageObject","inLanguage":"pl-PL","@id":"https:\/\/measline.com\/#\/schema\/logo\/image\/","url":"https:\/\/measline.com\/wp-content\/uploads\/2021\/11\/logo_color_small.png.png","contentUrl":"https:\/\/measline.com\/wp-content\/uploads\/2021\/11\/logo_color_small.png.png","width":1000,"height":417,"caption":"Measline"},"image":{"@id":"https:\/\/measline.com\/#\/schema\/logo\/image\/"}}]}},"_links":{"self":[{"href":"https:\/\/measline.com\/index.php\/wp-json\/wp\/v2\/pages\/4228","targetHints":{"allow":["GET"]}}],"collection":[{"href":"https:\/\/measline.com\/index.php\/wp-json\/wp\/v2\/pages"}],"about":[{"href":"https:\/\/measline.com\/index.php\/wp-json\/wp\/v2\/types\/page"}],"author":[{"embeddable":true,"href":"https:\/\/measline.com\/index.php\/wp-json\/wp\/v2\/users\/5"}],"replies":[{"embeddable":true,"href":"https:\/\/measline.com\/index.php\/wp-json\/wp\/v2\/comments?post=4228"}],"version-history":[{"count":1,"href":"https:\/\/measline.com\/index.php\/wp-json\/wp\/v2\/pages\/4228\/revisions"}],"predecessor-version":[{"id":4229,"href":"https:\/\/measline.com\/index.php\/wp-json\/wp\/v2\/pages\/4228\/revisions\/4229"}],"up":[{"embeddable":true,"href":"https:\/\/measline.com\/index.php\/wp-json\/wp\/v2\/pages\/4216"}],"wp:attachment":[{"href":"https:\/\/measline.com\/index.php\/wp-json\/wp\/v2\/media?parent=4228"}],"curies":[{"name":"wp","href":"https:\/\/api.w.org\/{rel}","templated":true}]}}