{"id":4323,"date":"2023-08-16T09:33:33","date_gmt":"2023-08-16T07:33:33","guid":{"rendered":"https:\/\/measline.com\/?page_id=4323"},"modified":"2023-08-28T13:04:57","modified_gmt":"2023-08-28T11:04:57","slug":"page-not-found","status":"publish","type":"page","link":"https:\/\/measline.com\/index.php\/en-gb\/page-not-found\/","title":{"rendered":"Page not found"},"content":{"rendered":"\n[et_pb_section fb_built=&#8221;1&#8243; _builder_version=&#8221;4.16&#8243; _module_preset=&#8221;default&#8221; background_color=&#8221;rgba(0,0,0,0.59)&#8221; background_enable_image=&#8221;off&#8221; min_height=&#8221;275px&#8221; global_colors_info=&#8221;{}&#8221;][et_pb_row _builder_version=&#8221;4.16&#8243; _module_preset=&#8221;default&#8221; custom_margin=&#8221;0px||||false|false&#8221; custom_padding=&#8221;0px||||false|false&#8221; global_colors_info=&#8221;{}&#8221;][et_pb_column type=&#8221;4_4&#8243; _builder_version=&#8221;4.16&#8243; _module_preset=&#8221;default&#8221; global_colors_info=&#8221;{}&#8221;][et_pb_text admin_label=&#8221;exp_text&#8221; _builder_version=&#8221;4.22.1&#8243; _module_preset=&#8221;default&#8221; text_text_color=&#8221;#ffffff&#8221; header_text_color=&#8221;#FFFFFF&#8221; text_orientation=&#8221;center&#8221; custom_margin=&#8221;35px||-30px||false|false&#8221; custom_padding=&#8221;0px||0px||true|false&#8221; hover_enabled=&#8221;0&#8243; text_text_shadow_style=&#8221;preset4&#8243; border_radii=&#8221;off||||&#8221; border_color_bottom=&#8221;rgba(255,255,255,0.81)&#8221; global_colors_info=&#8221;{}&#8221; sticky_enabled=&#8221;0&#8243;]<h1><strong>Page not found<\/strong><\/h1>\n<p>Unfortunately, the page you requested could not be found. Use the menu above, search for a phrase, or see our projects below.<\/p>[\/et_pb_text][et_pb_search _builder_version=&#8221;4.22.1&#8243; _module_preset=&#8221;default&#8221; background_color=&#8221;#FFFFFF&#8221; width=&#8221;22%&#8221; module_alignment=&#8221;right&#8221; custom_margin=&#8221;70px||0px||false|false&#8221; custom_padding=&#8221;||0.5em||false|false&#8221; hover_enabled=&#8221;0&#8243; global_colors_info=&#8221;{}&#8221; sticky_enabled=&#8221;0&#8243; admin_label=&#8221;Search&#8221;][\/et_pb_search][\/et_pb_column][\/et_pb_row][\/et_pb_section][et_pb_section fb_built=&#8221;1&#8243; _builder_version=&#8221;4.16&#8243; _module_preset=&#8221;default&#8221; custom_padding=&#8221;20px||||false|false&#8221; global_colors_info=&#8221;{}&#8221;][et_pb_row column_structure=&#8221;1_3,1_3,1_3&#8243; _builder_version=&#8221;4.16&#8243; _module_preset=&#8221;default&#8221; custom_margin=&#8221;0px||||false|false&#8221; custom_padding=&#8221;0px||0px||false|false&#8221; global_colors_info=&#8221;{}&#8221;][et_pb_column type=&#8221;1_3&#8243; _builder_version=&#8221;4.16&#8243; _module_preset=&#8221;default&#8221; global_colors_info=&#8221;{}&#8221;][et_pb_toggle title=&#8221;Dostosowane projekty&#8221; open_toggle_text_color=&#8221;#225500&#8243; open_toggle_background_color=&#8221;rgba(0,0,0,0.05)&#8221; closed_toggle_text_color=&#8221;#FFFFFF&#8221; closed_toggle_background_color=&#8221;#225500&#8243; icon_color=&#8221;#ffffff&#8221; toggle_icon=&#8221;&#x43;||divi||400&#8243; open_icon_color=&#8221;#225500&#8243; open_toggle_icon=&#8221;&#x42;||divi||400&#8243; _builder_version=&#8221;4.16&#8243; _module_preset=&#8221;default&#8221; title_text_color=&#8221;#FFFFFF&#8221; title_level=&#8221;h4&#8243; title_font=&#8221;||||||||&#8221; title_text_align=&#8221;left&#8221; min_height=&#8221;65px&#8221; border_width_all=&#8221;2px&#8221; border_color_all=&#8221;#225500&#8243; global_colors_info=&#8221;{}&#8221;]<p>Projektujemy urz\u0105dzenia dostosowane do wymaga\u0144 Zamawiaj\u0105cego zar\u00f3wno pod wzgl\u0119dem parametr\u00f3w technicznych jak i u\u017cytkowych.<\/p>[\/et_pb_toggle][\/et_pb_column][et_pb_column type=&#8221;1_3&#8243; _builder_version=&#8221;4.16&#8243; _module_preset=&#8221;default&#8221; global_colors_info=&#8221;{}&#8221;][et_pb_toggle title=&#8221;Od projektu do realizacji&#8221; open_toggle_text_color=&#8221;#225500&#8243; open_toggle_background_color=&#8221;rgba(0,0,0,0.05)&#8221; closed_toggle_text_color=&#8221;#FFFFFF&#8221; closed_toggle_background_color=&#8221;#225500&#8243; icon_color=&#8221;#ffffff&#8221; toggle_icon=&#8221;&#x43;||divi||400&#8243; open_icon_color=&#8221;#225500&#8243; open_toggle_icon=&#8221;&#x42;||divi||400&#8243; _builder_version=&#8221;4.16&#8243; _module_preset=&#8221;default&#8221; title_text_color=&#8221;#FFFFFF&#8221; title_level=&#8221;h4&#8243; title_font=&#8221;||||||||&#8221; title_text_align=&#8221;left&#8221; min_height=&#8221;65px&#8221; border_width_all=&#8221;2px&#8221; border_color_all=&#8221;#225500&#8243; global_colors_info=&#8221;{}&#8221;]<p><span jsaction=\"agoMJf:PFBcW;usxOmf:aWLT7;jhKsnd:P7O7bd,F8DmGf;Q4AGo:Gm7gYd,qAKMYb;uFUCPb:pvnm0e,pfE8Hb,PFBcW;f56efd:dJXsye;EnoYf:KNzws,ZJsZZ,JgVSJc;zdMJQc:cCQNKb,ZJsZZ,zchEXc;Ytrrj:JJDvdc;tNR8yc:GeFvjb;oFN6Ye:hij5Wb;bmeZHc:iURhpf;Oxj3Xe:qAKMYb,yaf12d\" jsname=\"txFAF\" class=\"JLqJ4b ChMk0b\" data-language-for-alternatives=\"pl\" data-language-to-translate-into=\"en\" data-phrase-index=\"4\" data-number-of-phrases=\"7\" jscontroller=\"Zl5N8\" jsdata=\"uqLsIf;_;$6266\" jsmodel=\"SsMkhd\"><span jsaction=\"click:qtZ4nf,GFf3ac,tMZCfe; contextmenu:Nqw7Te,QP7LD; mouseout:Nqw7Te; mouseover:qtZ4nf,c2aHje\" jsname=\"W297wb\">Opracowujemy kompleksowe rozwi\u0105zania pocz\u0105wszy od projektu, poprzez proces produkcyjny, a\u017c po ko\u0144cowe testy i udoskonalenia.<\/span><\/span><span> <\/span><\/p>[\/et_pb_toggle][\/et_pb_column][et_pb_column type=&#8221;1_3&#8243; _builder_version=&#8221;4.16&#8243; _module_preset=&#8221;default&#8221; global_colors_info=&#8221;{}&#8221;][et_pb_toggle title=&#8221;Innowacyjne rozwi\u0105zania&#8221; open_toggle_text_color=&#8221;#225500&#8243; open_toggle_background_color=&#8221;rgba(0,0,0,0.05)&#8221; closed_toggle_text_color=&#8221;#FFFFFF&#8221; closed_toggle_background_color=&#8221;#225500&#8243; icon_color=&#8221;#ffffff&#8221; toggle_icon=&#8221;&#x43;||divi||400&#8243; open_icon_color=&#8221;#225500&#8243; open_toggle_icon=&#8221;&#x42;||divi||400&#8243; _builder_version=&#8221;4.16&#8243; _module_preset=&#8221;default&#8221; title_text_color=&#8221;#FFFFFF&#8221; title_level=&#8221;h4&#8243; title_font=&#8221;||||||||&#8221; title_text_align=&#8221;left&#8221; title_font_size=&#8221;17px&#8221; text_orientation=&#8221;left&#8221; min_height=&#8221;65px&#8221; border_width_all=&#8221;2px&#8221; border_color_all=&#8221;#225500&#8243; global_colors_info=&#8221;{}&#8221;]<p><span>Opracowujemy nowatorskie rozwi\u0105zania\u00a0 w sytuacjach, gdy istniej\u0105 tylko zgrubne za\u0142o\u017cenia fizyczne lub techniczne.<\/span><\/p>[\/et_pb_toggle][\/et_pb_column][\/et_pb_row][et_pb_row use_custom_gutter=&#8221;on&#8221; gutter_width=&#8221;4&#8243; _builder_version=&#8221;4.16&#8243; _module_preset=&#8221;default&#8221; width=&#8221;100%&#8221; max_width=&#8221;100%&#8221; custom_margin=&#8221;|0px||0px|false|true&#8221; custom_padding=&#8221;|0px||0px|false|true&#8221; global_colors_info=&#8221;{}&#8221;][et_pb_column type=&#8221;4_4&#8243; _builder_version=&#8221;4.16&#8243; _module_preset=&#8221;default&#8221; global_colors_info=&#8221;{}&#8221;][et_pb_portfolio fullwidth=&#8221;off&#8221; posts_number=&#8221;4&#8243; _builder_version=&#8221;4.16&#8243; _module_preset=&#8221;default&#8221; max_width=&#8221;90%&#8221; module_alignment=&#8221;center&#8221; hover_enabled=&#8221;0&#8243; global_colors_info=&#8221;{}&#8221; sticky_enabled=&#8221;0&#8243;][\/et_pb_portfolio][\/et_pb_column][\/et_pb_row][\/et_pb_section]\n","protected":false},"excerpt":{"rendered":"<p>Page not found Unfortunately, the page you requested could not be found. Use the menu above, search for a phrase, or see our projects below.Projektujemy urz\u0105dzenia dostosowane do wymaga\u0144 Zamawiaj\u0105cego zar\u00f3wno pod wzgl\u0119dem parametr\u00f3w technicznych jak i u\u017cytkowych.Opracowujemy kompleksowe rozwi\u0105zania pocz\u0105wszy od projektu, poprzez proces produkcyjny, a\u017c po ko\u0144cowe testy i udoskonalenia. Opracowujemy nowatorskie rozwi\u0105zania\u00a0 [&hellip;]<\/p>\n","protected":false},"author":5,"featured_media":0,"parent":0,"menu_order":0,"comment_status":"closed","ping_status":"closed","template":"","meta":{"_et_pb_use_builder":"on","_et_pb_old_content":"","_et_gb_content_width":"","footnotes":""},"class_list":["post-4323","page","type-page","status-publish","hentry"],"yoast_head":"<!-- This site is optimized with the Yoast SEO plugin v27.4 - https:\/\/yoast.com\/product\/yoast-seo-wordpress\/ -->\n<title>Page not found - Measline<\/title>\n<meta name=\"robots\" content=\"index, follow, max-snippet:-1, max-image-preview:large, max-video-preview:-1\" \/>\n<link rel=\"canonical\" href=\"https:\/\/measline.com\/index.php\/en-gb\/page-not-found\/\" \/>\n<meta property=\"og:locale\" content=\"pl_PL\" \/>\n<meta property=\"og:type\" content=\"article\" \/>\n<meta property=\"og:title\" content=\"Page not found - Measline\" \/>\n<meta property=\"og:description\" content=\"Page not found Unfortunately, the page you requested could not be found. Use the menu above, search for a phrase, or see our projects below.Projektujemy urz\u0105dzenia dostosowane do wymaga\u0144 Zamawiaj\u0105cego zar\u00f3wno pod wzgl\u0119dem parametr\u00f3w technicznych jak i u\u017cytkowych.Opracowujemy kompleksowe rozwi\u0105zania pocz\u0105wszy od projektu, poprzez proces produkcyjny, a\u017c po ko\u0144cowe testy i udoskonalenia. Opracowujemy nowatorskie rozwi\u0105zania\u00a0 [&hellip;]\" \/>\n<meta property=\"og:url\" content=\"https:\/\/measline.com\/index.php\/en-gb\/page-not-found\/\" \/>\n<meta property=\"og:site_name\" content=\"Measline\" \/>\n<meta property=\"article:modified_time\" content=\"2023-08-28T11:04:57+00:00\" \/>\n<meta name=\"twitter:card\" content=\"summary_large_image\" \/>\n<meta name=\"twitter:label1\" content=\"Szacowany czas czytania\" \/>\n\t<meta name=\"twitter:data1\" content=\"3 minuty\" \/>\n<script type=\"application\/ld+json\" class=\"yoast-schema-graph\">{\"@context\":\"https:\\\/\\\/schema.org\",\"@graph\":[{\"@type\":\"WebPage\",\"@id\":\"https:\\\/\\\/measline.com\\\/index.php\\\/en-gb\\\/page-not-found\\\/\",\"url\":\"https:\\\/\\\/measline.com\\\/index.php\\\/en-gb\\\/page-not-found\\\/\",\"name\":\"Page not found - Measline\",\"isPartOf\":{\"@id\":\"https:\\\/\\\/measline.com\\\/#website\"},\"datePublished\":\"2023-08-16T07:33:33+00:00\",\"dateModified\":\"2023-08-28T11:04:57+00:00\",\"breadcrumb\":{\"@id\":\"https:\\\/\\\/measline.com\\\/index.php\\\/en-gb\\\/page-not-found\\\/#breadcrumb\"},\"inLanguage\":\"pl-PL\",\"potentialAction\":[{\"@type\":\"ReadAction\",\"target\":[\"https:\\\/\\\/measline.com\\\/index.php\\\/en-gb\\\/page-not-found\\\/\"]}]},{\"@type\":\"BreadcrumbList\",\"@id\":\"https:\\\/\\\/measline.com\\\/index.php\\\/en-gb\\\/page-not-found\\\/#breadcrumb\",\"itemListElement\":[{\"@type\":\"ListItem\",\"position\":1,\"name\":\"Strona g\u0142\u00f3wna\",\"item\":\"https:\\\/\\\/measline.com\\\/index.php\\\/pl\\\/\"},{\"@type\":\"ListItem\",\"position\":2,\"name\":\"Page not found\"}]},{\"@type\":\"WebSite\",\"@id\":\"https:\\\/\\\/measline.com\\\/#website\",\"url\":\"https:\\\/\\\/measline.com\\\/\",\"name\":\"Measline\",\"description\":\"Advanced solutions\",\"publisher\":{\"@id\":\"https:\\\/\\\/measline.com\\\/#organization\"},\"potentialAction\":[{\"@type\":\"SearchAction\",\"target\":{\"@type\":\"EntryPoint\",\"urlTemplate\":\"https:\\\/\\\/measline.com\\\/?s={search_term_string}\"},\"query-input\":{\"@type\":\"PropertyValueSpecification\",\"valueRequired\":true,\"valueName\":\"search_term_string\"}}],\"inLanguage\":\"pl-PL\"},{\"@type\":\"Organization\",\"@id\":\"https:\\\/\\\/measline.com\\\/#organization\",\"name\":\"Measline\",\"url\":\"https:\\\/\\\/measline.com\\\/\",\"logo\":{\"@type\":\"ImageObject\",\"inLanguage\":\"pl-PL\",\"@id\":\"https:\\\/\\\/measline.com\\\/#\\\/schema\\\/logo\\\/image\\\/\",\"url\":\"https:\\\/\\\/measline.com\\\/wp-content\\\/uploads\\\/2021\\\/11\\\/logo_color_small.png.png\",\"contentUrl\":\"https:\\\/\\\/measline.com\\\/wp-content\\\/uploads\\\/2021\\\/11\\\/logo_color_small.png.png\",\"width\":1000,\"height\":417,\"caption\":\"Measline\"},\"image\":{\"@id\":\"https:\\\/\\\/measline.com\\\/#\\\/schema\\\/logo\\\/image\\\/\"}}]}<\/script>\n<!-- \/ Yoast SEO plugin. -->","yoast_head_json":{"title":"Page not found - Measline","robots":{"index":"index","follow":"follow","max-snippet":"max-snippet:-1","max-image-preview":"max-image-preview:large","max-video-preview":"max-video-preview:-1"},"canonical":"https:\/\/measline.com\/index.php\/en-gb\/page-not-found\/","og_locale":"pl_PL","og_type":"article","og_title":"Page not found - Measline","og_description":"Page not found Unfortunately, the page you requested could not be found. Use the menu above, search for a phrase, or see our projects below.Projektujemy urz\u0105dzenia dostosowane do wymaga\u0144 Zamawiaj\u0105cego zar\u00f3wno pod wzgl\u0119dem parametr\u00f3w technicznych jak i u\u017cytkowych.Opracowujemy kompleksowe rozwi\u0105zania pocz\u0105wszy od projektu, poprzez proces produkcyjny, a\u017c po ko\u0144cowe testy i udoskonalenia. Opracowujemy nowatorskie rozwi\u0105zania\u00a0 [&hellip;]","og_url":"https:\/\/measline.com\/index.php\/en-gb\/page-not-found\/","og_site_name":"Measline","article_modified_time":"2023-08-28T11:04:57+00:00","twitter_card":"summary_large_image","twitter_misc":{"Szacowany czas czytania":"3 minuty"},"schema":{"@context":"https:\/\/schema.org","@graph":[{"@type":"WebPage","@id":"https:\/\/measline.com\/index.php\/en-gb\/page-not-found\/","url":"https:\/\/measline.com\/index.php\/en-gb\/page-not-found\/","name":"Page not found - Measline","isPartOf":{"@id":"https:\/\/measline.com\/#website"},"datePublished":"2023-08-16T07:33:33+00:00","dateModified":"2023-08-28T11:04:57+00:00","breadcrumb":{"@id":"https:\/\/measline.com\/index.php\/en-gb\/page-not-found\/#breadcrumb"},"inLanguage":"pl-PL","potentialAction":[{"@type":"ReadAction","target":["https:\/\/measline.com\/index.php\/en-gb\/page-not-found\/"]}]},{"@type":"BreadcrumbList","@id":"https:\/\/measline.com\/index.php\/en-gb\/page-not-found\/#breadcrumb","itemListElement":[{"@type":"ListItem","position":1,"name":"Strona g\u0142\u00f3wna","item":"https:\/\/measline.com\/index.php\/pl\/"},{"@type":"ListItem","position":2,"name":"Page not found"}]},{"@type":"WebSite","@id":"https:\/\/measline.com\/#website","url":"https:\/\/measline.com\/","name":"Measline","description":"Advanced solutions","publisher":{"@id":"https:\/\/measline.com\/#organization"},"potentialAction":[{"@type":"SearchAction","target":{"@type":"EntryPoint","urlTemplate":"https:\/\/measline.com\/?s={search_term_string}"},"query-input":{"@type":"PropertyValueSpecification","valueRequired":true,"valueName":"search_term_string"}}],"inLanguage":"pl-PL"},{"@type":"Organization","@id":"https:\/\/measline.com\/#organization","name":"Measline","url":"https:\/\/measline.com\/","logo":{"@type":"ImageObject","inLanguage":"pl-PL","@id":"https:\/\/measline.com\/#\/schema\/logo\/image\/","url":"https:\/\/measline.com\/wp-content\/uploads\/2021\/11\/logo_color_small.png.png","contentUrl":"https:\/\/measline.com\/wp-content\/uploads\/2021\/11\/logo_color_small.png.png","width":1000,"height":417,"caption":"Measline"},"image":{"@id":"https:\/\/measline.com\/#\/schema\/logo\/image\/"}}]}},"_links":{"self":[{"href":"https:\/\/measline.com\/index.php\/wp-json\/wp\/v2\/pages\/4323","targetHints":{"allow":["GET"]}}],"collection":[{"href":"https:\/\/measline.com\/index.php\/wp-json\/wp\/v2\/pages"}],"about":[{"href":"https:\/\/measline.com\/index.php\/wp-json\/wp\/v2\/types\/page"}],"author":[{"embeddable":true,"href":"https:\/\/measline.com\/index.php\/wp-json\/wp\/v2\/users\/5"}],"replies":[{"embeddable":true,"href":"https:\/\/measline.com\/index.php\/wp-json\/wp\/v2\/comments?post=4323"}],"version-history":[{"count":6,"href":"https:\/\/measline.com\/index.php\/wp-json\/wp\/v2\/pages\/4323\/revisions"}],"predecessor-version":[{"id":4425,"href":"https:\/\/measline.com\/index.php\/wp-json\/wp\/v2\/pages\/4323\/revisions\/4425"}],"wp:attachment":[{"href":"https:\/\/measline.com\/index.php\/wp-json\/wp\/v2\/media?parent=4323"}],"curies":[{"name":"wp","href":"https:\/\/api.w.org\/{rel}","templated":true}]}}