{"id":434,"date":"2021-12-01T15:55:37","date_gmt":"2021-12-01T14:55:37","guid":{"rendered":"http:\/\/measline.com\/\/?page_id=434"},"modified":"2022-04-11T14:04:18","modified_gmt":"2022-04-11T12:04:18","slug":"probniki-piezorezystywne","status":"publish","type":"page","link":"https:\/\/measline.com\/index.php\/pl\/measline\/605-2\/probniki-piezorezystywne\/","title":{"rendered":"Pr\u00f3bniki piezorezystywne"},"content":{"rendered":"<p>[et_pb_section fb_built=&#8221;1&#8243; _builder_version=&#8221;4.16&#8243; _module_preset=&#8221;default&#8221; global_colors_info=&#8221;{}&#8221;][et_pb_row column_structure=&#8221;1_2,1_2&#8243; _builder_version=&#8221;4.16&#8243; _module_preset=&#8221;default&#8221; global_colors_info=&#8221;{}&#8221;][et_pb_column type=&#8221;1_2&#8243; _builder_version=&#8221;4.16&#8243; _module_preset=&#8221;default&#8221; global_colors_info=&#8221;{}&#8221;][et_pb_text admin_label=&#8221;tytu\u0142&#8221; _builder_version=&#8221;4.17.0&#8243; _module_preset=&#8221;default&#8221; custom_margin=&#8221;0px||0px||false|false&#8221; custom_padding=&#8221;0px||||false|false&#8221; global_colors_info=&#8221;{}&#8221;]<\/p>\n<div>\n<h2 class=\"Standard\"><b><span>Pr\u00f3bniki piezorezystywne<o:p><\/o:p><\/span><\/b><\/h2>\n<\/div>\n<p>[\/et_pb_text][et_pb_divider color=&#8221;#225600&#8243; divider_weight=&#8221;2px&#8221; admin_label=&#8221;Separator&#8221; _builder_version=&#8221;4.16&#8243; _module_preset=&#8221;default&#8221; global_colors_info=&#8221;{}&#8221;][\/et_pb_divider][et_pb_text admin_label=&#8221;Tekst&#8221; _builder_version=&#8221;4.17.0&#8243; _module_preset=&#8221;default&#8221; custom_margin=&#8221;||-13px||false|false&#8221; global_colors_info=&#8221;{}&#8221;]<\/p>\n<div>\n<h3 class=\"Standard\" style=\"text-align: justify;\">Detekcja wychyle\u0144 d\u017awigni<\/h3>\n<p class=\"Standard\" style=\"text-align: justify;\">Zasada dzia\u0142ania mikroskopu si\u0142 atomowych <span>oparta jest na detekcji wychyle\u0144 d\u017awigni pomiarowej, zwi\u0105zanych g\u0142\u00f3wnie z topografi\u0105 pr\u00f3bki b\u0105d\u017a oddzia\u0142ywaniami pomi\u0119dzy atomami ostrza i pr\u00f3bki. W wi\u0119kszo\u015bci system\u00f3w AFM do rejestrowania zmian po\u0142o\u017cenia d\u017awigni stosowany jest uk\u0142ad optyczny. Sk\u0142ada si\u0119 on z lasera oraz fotodetektora. Z lasera emitowana jest wi\u0105zka, kt\u00f3ra pada na d\u017awigni\u0119 pomiarow\u0105, a nast\u0119pnie, po odbiciu od d\u017awigni, trafia do detektora czterosegmentowego. Ugi\u0119cie d\u017awigni powoduje wychylenie padaj\u0105cej wi\u0105zki z po\u0142o\u017cenia r\u00f3wnowagi. Na podstawie por\u00f3wnania sygna\u0142\u00f3w z poszczeg\u00f3lnych segment\u00f3w fotodetektora wyznaczana jest zmiana po\u0142o\u017cenia wi\u0105zki. <\/span>Rejestrowane <span>w ten spos\u00f3b ugi\u0119cia s\u0105 przekszta\u0142cane na mierzalny sygna\u0142 elektryczny.<\/span><o:p><\/o:p><\/p>\n<\/div>\n<div>\n<p class=\"Standard\" style=\"text-align: justify;\"><span>Opisany powy\u017cej tradycyjny uk\u0142ad rejestruj\u0105cy oddzia\u0142ywania ostrza pomiarowego z pr\u00f3bk\u0105 wymaga czasoch\u0142onnego ustawiania po\u0142o\u017cenia lasera, kt\u00f3re dodatkowo <\/span><span>musi by\u0107 kontrolowane i cz\u0119sto korygowane pomi\u0119dzy kolejnymi pomiarami. Poszukiwano zatem rozwi\u0105zania, kt\u00f3re umo\u017cliwi\u0142oby unikni\u0119cie ogranicze\u0144 wynikaj\u0105cych ze stosowania optycznej detekcji wychyle\u0144. W <a href=\"https:\/\/measline.com\/index.php\/measline\/product_1\/product_afm\/\" target=\"_blank\" rel=\"noopener\">systemach AFM firmy nano analytik<\/a> uk\u0142ad optyczny okazuje si\u0119 zb\u0119dny, gdy\u017c zastosowano w nich aktywne pr\u00f3bniki <\/span><span style=\"background-color: #ffffff; font-size: 14px;\">piezorezystywne<\/span><span style=\"font-size: 14px;\">. Pozwala to znacz\u0105co u\u0142atwi\u0107 prowadzenie pomiaru, obni\u017cy\u0107 koszt urz\u0105dzenia, a tak\u017ce zmniejszy\u0107 jego rozmiar.<\/span><\/p>\n<p class=\"Standard\" style=\"text-align: justify;\"><o:p><\/o:p><\/p>\n<\/div>\n<p>[\/et_pb_text][\/et_pb_column][et_pb_column type=&#8221;1_2&#8243; _builder_version=&#8221;4.16&#8243; _module_preset=&#8221;default&#8221; global_colors_info=&#8221;{}&#8221;][et_pb_divider show_divider=&#8221;off&#8221; _builder_version=&#8221;4.16&#8243; _module_preset=&#8221;default&#8221; custom_margin=&#8221;21px||21px||true|false&#8221; global_colors_info=&#8221;{}&#8221;][\/et_pb_divider][et_pb_image src=&#8221;https:\/\/measline.com\/\/wp-content\/uploads\/2021\/11\/canti_bottom-400&#215;400-1.jpg&#8221; alt=&#8221;Piezorezystywny pr\u00f3bnik do pomiar\u00f3w AFM&#8221; title_text=&#8221;canti_bottom-400&#215;400&#8243; _builder_version=&#8221;4.16&#8243; _module_preset=&#8221;default&#8221; global_colors_info=&#8221;{}&#8221;][\/et_pb_image][\/et_pb_column][\/et_pb_row][et_pb_row _builder_version=&#8221;4.16&#8243; _module_preset=&#8221;default&#8221; custom_margin=&#8221;-1px||-1px||false|false&#8221; global_colors_info=&#8221;{}&#8221;][et_pb_column type=&#8221;4_4&#8243; _builder_version=&#8221;4.16&#8243; _module_preset=&#8221;default&#8221; global_colors_info=&#8221;{}&#8221;][et_pb_text _builder_version=&#8221;4.17.0&#8243; _module_preset=&#8221;default&#8221; custom_margin=&#8221;-25px||||false|false&#8221; global_colors_info=&#8221;{}&#8221;]<\/p>\n<h3 class=\"Standard\" style=\"text-align: justify;\">Pr\u00f3bniki piezorezystywne<\/h3>\n<p class=\"Standard\" style=\"text-align: justify;\"><span>Aktywne sondy posiadaj\u0105 zintegrowany z nimi si\u0142ownik termomechaniczny, utworzony z wielu cienkich warstw kompozytowych charakteryzuj\u0105cych si\u0119 r\u00f3\u017cnymi wsp\u00f3\u0142czynnikami rozszerzalno\u015bci temperaturowej. Zr\u00f3\u017cnicowane wyd\u0142u\u017canie poszczeg\u00f3lnych warstw umo\u017cliwia kontrolowane zginanie d\u017awigni. Si\u0142ownik ten umo\u017cliwia ponadto wzbudzenie d\u017awigni do jego cz\u0119stotliwo\u015bci rezonansowej. <\/span><\/p>\n<p class=\"Standard\" style=\"text-align: justify;\"><span>Zjawisko piezorezystywne polega na zmianie rezystancji materia\u0142u w wyniku dzia\u0142ania si\u0142y (napr\u0119\u017cenia). Mostek Wheatstone\u2019a pozwala na rejestrowanie nawet niewielkich\u00a0zmian rezystancji. Zastosowanie pr\u00f3bnik\u00f3w piezorezystywnych pozwala zatem na wykonywanie powtarzalnych pomiar\u00f3w z rozdzielczo\u015bci\u0105 atomow\u0105. W systemach przystosowanych do tych pr\u00f3bnik\u00f3w nie jest potrzebny uk\u0142adu optyczny, dlatego pomiar nie jest zale\u017cny od ogranicze\u0144 detekcji optycznej, czu\u0142o\u015bci oraz podatny na zjawisko dyfrakcji.<\/span><o:p><\/o:p><\/p>\n<p>[\/et_pb_text][et_pb_gallery gallery_ids=&#8221;438,439,440,441,442,443,444&#8243; show_title_and_caption=&#8221;off&#8221; zoom_icon_color=&#8221;RGBA(255,255,255,0)&#8221; hover_overlay_color=&#8221;RGBA(255,255,255,0)&#8221; _builder_version=&#8221;4.16&#8243; _module_preset=&#8221;default&#8221; title_text_color=&#8221;RGBA(255,255,255,0)&#8221; title_font_size=&#8221;0px&#8221; pagination_text_align=&#8221;right&#8221; pagination_font_size=&#8221;15px&#8221; pagination_letter_spacing=&#8221;-1px&#8221; background_color=&#8221;rgba(0,0,0,0.05)&#8221; custom_margin=&#8221;0px||0px||true|false&#8221; custom_padding=&#8221;10px|10px|0px|10px|false|true&#8221; pagination_text_shadow_style=&#8221;preset1&#8243; global_colors_info=&#8221;{}&#8221;][\/et_pb_gallery][et_pb_text _builder_version=&#8221;4.16&#8243; _module_preset=&#8221;default&#8221; custom_margin=&#8221;0px||0px||true|false&#8221; global_colors_info=&#8221;{}&#8221;]<\/p>\n<p>&nbsp;<\/p>\n<p>Specyfiacja<\/p>\n<table width=\"643\">\n<tbody>\n<tr>\n<td width=\"227\">Mo\u017cliwe tryby pracy<\/td>\n<td width=\"416\">Aktywny \/ Pasywny<\/td>\n<\/tr>\n<tr>\n<td width=\"227\">Aktywacja<\/td>\n<td width=\"416\">Zintegrowany si\u0142ownik nap\u0119dzany termomechanicznie<\/td>\n<\/tr>\n<tr>\n<td width=\"227\">Odczyt<\/td>\n<td width=\"416\">Piezorezystywny<\/td>\n<\/tr>\n<tr>\n<td width=\"227\">Materia\u0142<\/td>\n<td width=\"416\">Krzem<\/td>\n<\/tr>\n<tr>\n<td width=\"227\">Wymiary<\/td>\n<td width=\"416\">\n<p>Szeroko\u015b\u0107: 120 \u03bcm (+\/- 5 \u03bcm)<\/p>\n<p>D\u0142ugo\u015b\u0107: 350<span>\u00a0 <\/span>\u03bcm (+\/- 10 \u03bcm)<\/p>\n<p>Grubo\u015b\u0107: mo\u017cliwe 3-5 \u03bcm (+\/- 1 \u03bcm)<\/p>\n<\/td>\n<\/tr>\n<tr>\n<td width=\"227\">Wysoko\u015b\u0107 ostrza<\/td>\n<td width=\"416\">4,5<span>\u00a0 <\/span>\u03bcm w p\u0142aszczy\u017anie (+\/- 10%)<\/td>\n<\/tr>\n<\/tbody>\n<\/table>\n<p>[\/et_pb_text][et_pb_text _builder_version=&#8221;4.17.0&#8243; _module_preset=&#8221;default&#8221; global_colors_info=&#8221;{}&#8221;]<\/p>\n<p>Zach\u0119camy do zapoznania z <a href=\"https:\/\/measline.com\/index.php\/measline\/produkty\/product_afm\/\" target=\"_blank\" rel=\"noopener\">ofert\u0105 system\u00f3w AFM<\/a> firmy <a href=\"https:\/\/www.nanoanalytik.net\" target=\"_blank\" rel=\"noopener\">nano analytik<\/a>.<\/p>\n<p>[\/et_pb_text][\/et_pb_column][\/et_pb_row][\/et_pb_section]<\/p>\n","protected":false},"excerpt":{"rendered":"<p>Pr\u00f3bniki piezorezystywne Detekcja wychyle\u0144 d\u017awigni Zasada dzia\u0142ania mikroskopu si\u0142 atomowych oparta jest na detekcji wychyle\u0144 d\u017awigni pomiarowej, zwi\u0105zanych g\u0142\u00f3wnie z topografi\u0105 pr\u00f3bki b\u0105d\u017a oddzia\u0142ywaniami pomi\u0119dzy atomami ostrza i pr\u00f3bki. W wi\u0119kszo\u015bci system\u00f3w AFM do rejestrowania zmian po\u0142o\u017cenia d\u017awigni stosowany jest uk\u0142ad optyczny. Sk\u0142ada si\u0119 on z lasera oraz fotodetektora. Z lasera emitowana jest wi\u0105zka, kt\u00f3ra [&hellip;]<\/p>\n","protected":false},"author":1,"featured_media":437,"parent":605,"menu_order":0,"comment_status":"closed","ping_status":"closed","template":"","meta":{"_et_pb_use_builder":"on","_et_pb_old_content":"","_et_gb_content_width":"","footnotes":""},"class_list":["post-434","page","type-page","status-publish","has-post-thumbnail","hentry"],"yoast_head":"<!-- This site is optimized with the Yoast SEO plugin v27.5 - https:\/\/yoast.com\/product\/yoast-seo-wordpress\/ -->\n<title>Pr\u00f3bniki piezorezystywne do AFM - Measline<\/title>\n<meta name=\"description\" content=\"Pr\u00f3bniki piezorezystywne do AFM, to tzw. aktywne pr\u00f3bniki, dzi\u0119ki kt\u00f3rym mo\u017cliwe jest kontrolowanie pomiaru bez stosowania uk\u0142adu optycznego\" \/>\n<meta name=\"robots\" content=\"index, follow, max-snippet:-1, max-image-preview:large, max-video-preview:-1\" \/>\n<link rel=\"canonical\" href=\"https:\/\/measline.com\/index.php\/pl\/measline\/605-2\/probniki-piezorezystywne\/\" \/>\n<meta property=\"og:locale\" content=\"pl_PL\" \/>\n<meta property=\"og:type\" content=\"article\" \/>\n<meta property=\"og:title\" content=\"Pr\u00f3bniki piezorezystywne do AFM - Measline\" \/>\n<meta property=\"og:description\" content=\"Pr\u00f3bniki piezorezystywne do AFM, to tzw. aktywne pr\u00f3bniki, dzi\u0119ki kt\u00f3rym mo\u017cliwe jest kontrolowanie pomiaru bez stosowania uk\u0142adu optycznego\" \/>\n<meta property=\"og:url\" content=\"https:\/\/measline.com\/index.php\/pl\/measline\/605-2\/probniki-piezorezystywne\/\" \/>\n<meta property=\"og:site_name\" content=\"Measline\" \/>\n<meta property=\"article:modified_time\" content=\"2022-04-11T12:04:18+00:00\" \/>\n<meta property=\"og:image\" content=\"https:\/\/measline.com\/wp-content\/uploads\/2021\/11\/canti_bottom-400x400-1.jpg\" \/>\n\t<meta property=\"og:image:width\" content=\"400\" \/>\n\t<meta property=\"og:image:height\" content=\"400\" \/>\n\t<meta property=\"og:image:type\" content=\"image\/jpeg\" \/>\n<meta name=\"twitter:card\" content=\"summary_large_image\" \/>\n<meta name=\"twitter:label1\" content=\"Szacowany czas czytania\" \/>\n\t<meta name=\"twitter:data1\" content=\"3 minuty\" \/>\n<script type=\"application\/ld+json\" class=\"yoast-schema-graph\">{\"@context\":\"https:\\\/\\\/schema.org\",\"@graph\":[{\"@type\":\"WebPage\",\"@id\":\"https:\\\/\\\/measline.com\\\/index.php\\\/pl\\\/measline\\\/605-2\\\/probniki-piezorezystywne\\\/\",\"url\":\"https:\\\/\\\/measline.com\\\/index.php\\\/pl\\\/measline\\\/605-2\\\/probniki-piezorezystywne\\\/\",\"name\":\"Pr\u00f3bniki piezorezystywne do AFM - Measline\",\"isPartOf\":{\"@id\":\"https:\\\/\\\/measline.com\\\/#website\"},\"primaryImageOfPage\":{\"@id\":\"https:\\\/\\\/measline.com\\\/index.php\\\/pl\\\/measline\\\/605-2\\\/probniki-piezorezystywne\\\/#primaryimage\"},\"image\":{\"@id\":\"https:\\\/\\\/measline.com\\\/index.php\\\/pl\\\/measline\\\/605-2\\\/probniki-piezorezystywne\\\/#primaryimage\"},\"thumbnailUrl\":\"https:\\\/\\\/measline.com\\\/wp-content\\\/uploads\\\/2021\\\/11\\\/canti_bottom-400x400-1.jpg\",\"datePublished\":\"2021-12-01T14:55:37+00:00\",\"dateModified\":\"2022-04-11T12:04:18+00:00\",\"description\":\"Pr\u00f3bniki piezorezystywne do AFM, to tzw. aktywne pr\u00f3bniki, dzi\u0119ki kt\u00f3rym mo\u017cliwe jest kontrolowanie pomiaru bez stosowania uk\u0142adu optycznego\",\"breadcrumb\":{\"@id\":\"https:\\\/\\\/measline.com\\\/index.php\\\/pl\\\/measline\\\/605-2\\\/probniki-piezorezystywne\\\/#breadcrumb\"},\"inLanguage\":\"pl-PL\",\"potentialAction\":[{\"@type\":\"ReadAction\",\"target\":[\"https:\\\/\\\/measline.com\\\/index.php\\\/pl\\\/measline\\\/605-2\\\/probniki-piezorezystywne\\\/\"]}]},{\"@type\":\"ImageObject\",\"inLanguage\":\"pl-PL\",\"@id\":\"https:\\\/\\\/measline.com\\\/index.php\\\/pl\\\/measline\\\/605-2\\\/probniki-piezorezystywne\\\/#primaryimage\",\"url\":\"https:\\\/\\\/measline.com\\\/wp-content\\\/uploads\\\/2021\\\/11\\\/canti_bottom-400x400-1.jpg\",\"contentUrl\":\"https:\\\/\\\/measline.com\\\/wp-content\\\/uploads\\\/2021\\\/11\\\/canti_bottom-400x400-1.jpg\",\"width\":400,\"height\":400,\"caption\":\"Pr\u00f3bniki piezorezystywne do AFM, z piezorezystywnym mostkiem Wheatstone\u2019a i silnikiem termomechanicznym\"},{\"@type\":\"BreadcrumbList\",\"@id\":\"https:\\\/\\\/measline.com\\\/index.php\\\/pl\\\/measline\\\/605-2\\\/probniki-piezorezystywne\\\/#breadcrumb\",\"itemListElement\":[{\"@type\":\"ListItem\",\"position\":1,\"name\":\"Strona g\u0142\u00f3wna\",\"item\":\"https:\\\/\\\/measline.com\\\/index.php\\\/pl\\\/\"},{\"@type\":\"ListItem\",\"position\":2,\"name\":\"Strona g\u0142\u00f3wna\",\"item\":\"https:\\\/\\\/measline.com\\\/index.php\\\/pl\\\/\"},{\"@type\":\"ListItem\",\"position\":3,\"name\":\"Baza wiedzy\",\"item\":\"https:\\\/\\\/measline.com\\\/index.php\\\/pl\\\/measline\\\/605-2\\\/\"},{\"@type\":\"ListItem\",\"position\":4,\"name\":\"Pr\u00f3bniki piezorezystywne\"}]},{\"@type\":\"WebSite\",\"@id\":\"https:\\\/\\\/measline.com\\\/#website\",\"url\":\"https:\\\/\\\/measline.com\\\/\",\"name\":\"Measline\",\"description\":\"Advanced solutions\",\"publisher\":{\"@id\":\"https:\\\/\\\/measline.com\\\/#organization\"},\"potentialAction\":[{\"@type\":\"SearchAction\",\"target\":{\"@type\":\"EntryPoint\",\"urlTemplate\":\"https:\\\/\\\/measline.com\\\/?s={search_term_string}\"},\"query-input\":{\"@type\":\"PropertyValueSpecification\",\"valueRequired\":true,\"valueName\":\"search_term_string\"}}],\"inLanguage\":\"pl-PL\"},{\"@type\":\"Organization\",\"@id\":\"https:\\\/\\\/measline.com\\\/#organization\",\"name\":\"Measline\",\"url\":\"https:\\\/\\\/measline.com\\\/\",\"logo\":{\"@type\":\"ImageObject\",\"inLanguage\":\"pl-PL\",\"@id\":\"https:\\\/\\\/measline.com\\\/#\\\/schema\\\/logo\\\/image\\\/\",\"url\":\"https:\\\/\\\/measline.com\\\/wp-content\\\/uploads\\\/2021\\\/11\\\/logo_color_small.png.png\",\"contentUrl\":\"https:\\\/\\\/measline.com\\\/wp-content\\\/uploads\\\/2021\\\/11\\\/logo_color_small.png.png\",\"width\":1000,\"height\":417,\"caption\":\"Measline\"},\"image\":{\"@id\":\"https:\\\/\\\/measline.com\\\/#\\\/schema\\\/logo\\\/image\\\/\"}}]}<\/script>\n<!-- \/ Yoast SEO plugin. -->","yoast_head_json":{"title":"Pr\u00f3bniki piezorezystywne do AFM - Measline","description":"Pr\u00f3bniki piezorezystywne do AFM, to tzw. aktywne pr\u00f3bniki, dzi\u0119ki kt\u00f3rym mo\u017cliwe jest kontrolowanie pomiaru bez stosowania uk\u0142adu optycznego","robots":{"index":"index","follow":"follow","max-snippet":"max-snippet:-1","max-image-preview":"max-image-preview:large","max-video-preview":"max-video-preview:-1"},"canonical":"https:\/\/measline.com\/index.php\/pl\/measline\/605-2\/probniki-piezorezystywne\/","og_locale":"pl_PL","og_type":"article","og_title":"Pr\u00f3bniki piezorezystywne do AFM - Measline","og_description":"Pr\u00f3bniki piezorezystywne do AFM, to tzw. aktywne pr\u00f3bniki, dzi\u0119ki kt\u00f3rym mo\u017cliwe jest kontrolowanie pomiaru bez stosowania uk\u0142adu optycznego","og_url":"https:\/\/measline.com\/index.php\/pl\/measline\/605-2\/probniki-piezorezystywne\/","og_site_name":"Measline","article_modified_time":"2022-04-11T12:04:18+00:00","og_image":[{"width":400,"height":400,"url":"https:\/\/measline.com\/wp-content\/uploads\/2021\/11\/canti_bottom-400x400-1.jpg","type":"image\/jpeg"}],"twitter_card":"summary_large_image","twitter_misc":{"Szacowany czas czytania":"3 minuty"},"schema":{"@context":"https:\/\/schema.org","@graph":[{"@type":"WebPage","@id":"https:\/\/measline.com\/index.php\/pl\/measline\/605-2\/probniki-piezorezystywne\/","url":"https:\/\/measline.com\/index.php\/pl\/measline\/605-2\/probniki-piezorezystywne\/","name":"Pr\u00f3bniki piezorezystywne do AFM - Measline","isPartOf":{"@id":"https:\/\/measline.com\/#website"},"primaryImageOfPage":{"@id":"https:\/\/measline.com\/index.php\/pl\/measline\/605-2\/probniki-piezorezystywne\/#primaryimage"},"image":{"@id":"https:\/\/measline.com\/index.php\/pl\/measline\/605-2\/probniki-piezorezystywne\/#primaryimage"},"thumbnailUrl":"https:\/\/measline.com\/wp-content\/uploads\/2021\/11\/canti_bottom-400x400-1.jpg","datePublished":"2021-12-01T14:55:37+00:00","dateModified":"2022-04-11T12:04:18+00:00","description":"Pr\u00f3bniki piezorezystywne do AFM, to tzw. aktywne pr\u00f3bniki, dzi\u0119ki kt\u00f3rym mo\u017cliwe jest kontrolowanie pomiaru bez stosowania uk\u0142adu optycznego","breadcrumb":{"@id":"https:\/\/measline.com\/index.php\/pl\/measline\/605-2\/probniki-piezorezystywne\/#breadcrumb"},"inLanguage":"pl-PL","potentialAction":[{"@type":"ReadAction","target":["https:\/\/measline.com\/index.php\/pl\/measline\/605-2\/probniki-piezorezystywne\/"]}]},{"@type":"ImageObject","inLanguage":"pl-PL","@id":"https:\/\/measline.com\/index.php\/pl\/measline\/605-2\/probniki-piezorezystywne\/#primaryimage","url":"https:\/\/measline.com\/wp-content\/uploads\/2021\/11\/canti_bottom-400x400-1.jpg","contentUrl":"https:\/\/measline.com\/wp-content\/uploads\/2021\/11\/canti_bottom-400x400-1.jpg","width":400,"height":400,"caption":"Pr\u00f3bniki piezorezystywne do AFM, z piezorezystywnym mostkiem Wheatstone\u2019a i silnikiem termomechanicznym"},{"@type":"BreadcrumbList","@id":"https:\/\/measline.com\/index.php\/pl\/measline\/605-2\/probniki-piezorezystywne\/#breadcrumb","itemListElement":[{"@type":"ListItem","position":1,"name":"Strona g\u0142\u00f3wna","item":"https:\/\/measline.com\/index.php\/pl\/"},{"@type":"ListItem","position":2,"name":"Strona g\u0142\u00f3wna","item":"https:\/\/measline.com\/index.php\/pl\/"},{"@type":"ListItem","position":3,"name":"Baza wiedzy","item":"https:\/\/measline.com\/index.php\/pl\/measline\/605-2\/"},{"@type":"ListItem","position":4,"name":"Pr\u00f3bniki piezorezystywne"}]},{"@type":"WebSite","@id":"https:\/\/measline.com\/#website","url":"https:\/\/measline.com\/","name":"Measline","description":"Advanced solutions","publisher":{"@id":"https:\/\/measline.com\/#organization"},"potentialAction":[{"@type":"SearchAction","target":{"@type":"EntryPoint","urlTemplate":"https:\/\/measline.com\/?s={search_term_string}"},"query-input":{"@type":"PropertyValueSpecification","valueRequired":true,"valueName":"search_term_string"}}],"inLanguage":"pl-PL"},{"@type":"Organization","@id":"https:\/\/measline.com\/#organization","name":"Measline","url":"https:\/\/measline.com\/","logo":{"@type":"ImageObject","inLanguage":"pl-PL","@id":"https:\/\/measline.com\/#\/schema\/logo\/image\/","url":"https:\/\/measline.com\/wp-content\/uploads\/2021\/11\/logo_color_small.png.png","contentUrl":"https:\/\/measline.com\/wp-content\/uploads\/2021\/11\/logo_color_small.png.png","width":1000,"height":417,"caption":"Measline"},"image":{"@id":"https:\/\/measline.com\/#\/schema\/logo\/image\/"}}]}},"_links":{"self":[{"href":"https:\/\/measline.com\/index.php\/wp-json\/wp\/v2\/pages\/434","targetHints":{"allow":["GET"]}}],"collection":[{"href":"https:\/\/measline.com\/index.php\/wp-json\/wp\/v2\/pages"}],"about":[{"href":"https:\/\/measline.com\/index.php\/wp-json\/wp\/v2\/types\/page"}],"author":[{"embeddable":true,"href":"https:\/\/measline.com\/index.php\/wp-json\/wp\/v2\/users\/1"}],"replies":[{"embeddable":true,"href":"https:\/\/measline.com\/index.php\/wp-json\/wp\/v2\/comments?post=434"}],"version-history":[{"count":23,"href":"https:\/\/measline.com\/index.php\/wp-json\/wp\/v2\/pages\/434\/revisions"}],"predecessor-version":[{"id":3402,"href":"https:\/\/measline.com\/index.php\/wp-json\/wp\/v2\/pages\/434\/revisions\/3402"}],"up":[{"embeddable":true,"href":"https:\/\/measline.com\/index.php\/wp-json\/wp\/v2\/pages\/605"}],"wp:featuredmedia":[{"embeddable":true,"href":"https:\/\/measline.com\/index.php\/wp-json\/wp\/v2\/media\/437"}],"wp:attachment":[{"href":"https:\/\/measline.com\/index.php\/wp-json\/wp\/v2\/media?parent=434"}],"curies":[{"name":"wp","href":"https:\/\/api.w.org\/{rel}","templated":true}]}}