{"id":4497,"date":"2023-08-31T11:15:36","date_gmt":"2023-08-31T09:15:36","guid":{"rendered":"https:\/\/measline.com\/?page_id=4497"},"modified":"2023-08-31T11:15:37","modified_gmt":"2023-08-31T09:15:37","slug":"about-measline","status":"publish","type":"page","link":"https:\/\/measline.com\/index.php\/en-gb\/main-page\/about-measline\/","title":{"rendered":"About MeasLine"},"content":{"rendered":"\n[et_pb_section fb_built=&#8221;1&#8243; _builder_version=&#8221;4.16&#8243; _module_preset=&#8221;default&#8221; use_background_color_gradient=&#8221;on&#8221; background_color_gradient_stops=&#8221;rgba(0,0,0,0.59) 0%|rgba(0,0,0,0.59) 100%&#8221; background_color_gradient_overlays_image=&#8221;on&#8221; background_color_gradient_start=&#8221;rgba(0,0,0,0.59)&#8221; background_color_gradient_end=&#8221;rgba(0,0,0,0.59)&#8221; background_image=&#8221;https:\/\/measline.com\/\/wp-content\/uploads\/2021\/12\/baner.jpg&#8221; min_height=&#8221;275px&#8221; custom_margin=&#8221;||-65px|||&#8221; custom_padding=&#8221;0px||0px||true|false&#8221; global_colors_info=&#8221;{}&#8221;][et_pb_row column_structure=&#8221;3_4,1_4&#8243; _builder_version=&#8221;4.16&#8243; _module_preset=&#8221;default&#8221; min_height=&#8221;173px&#8221; global_colors_info=&#8221;{}&#8221;][et_pb_column type=&#8221;3_4&#8243; _builder_version=&#8221;4.16&#8243; _module_preset=&#8221;default&#8221; global_colors_info=&#8221;{}&#8221;][et_pb_text _builder_version=&#8221;4.22.1&#8243; _module_preset=&#8221;default&#8221; min_height=&#8221;59px&#8221; custom_padding=&#8221;164px|||||&#8221; global_colors_info=&#8221;{}&#8221;]<h1><strong><span style=\"color: #ffffff;\">About\u00a0 MeasLine company<\/span><\/strong><\/h1>[\/et_pb_text][\/et_pb_column][et_pb_column type=&#8221;1_4&#8243; _builder_version=&#8221;4.16&#8243; _module_preset=&#8221;default&#8221; global_colors_info=&#8221;{}&#8221;][et_pb_search _builder_version=&#8221;4.16&#8243; _module_preset=&#8221;default&#8221; background_color=&#8221;#FFFFFF&#8221; custom_margin=&#8221;57px||||false|false&#8221; global_colors_info=&#8221;{}&#8221;][\/et_pb_search][\/et_pb_column][\/et_pb_row][\/et_pb_section][et_pb_section fb_built=&#8221;1&#8243; _builder_version=&#8221;4.16&#8243; _module_preset=&#8221;default&#8221; background_color=&#8221;#FFFFFF&#8221; width=&#8221;100%&#8221; custom_margin=&#8221;52px||0px||false|false&#8221; custom_padding=&#8221;||0px||false|false&#8221; global_colors_info=&#8221;{}&#8221;][et_pb_row _builder_version=&#8221;4.16&#8243; _module_preset=&#8221;default&#8221; global_colors_info=&#8221;{}&#8221;][et_pb_column type=&#8221;4_4&#8243; _builder_version=&#8221;4.16&#8243; _module_preset=&#8221;default&#8221; global_colors_info=&#8221;{}&#8221;][et_pb_text _builder_version=&#8221;4.22.1&#8243; _module_preset=&#8221;default&#8221; global_colors_info=&#8221;{}&#8221;]<h3><span style=\"color: #0e101a;\">Design and manufacture of advanced scientific instruments and systems<\/span><\/h3>\n<p><span style=\"color: #0e101a;\"><span>We provide state-of-the-art devices optimized in terms of price and quality. Based on the ideas and wishes of our customers, we develop comprehensive solutions, from design through the production process to final tests and improvements. Over the years, we have participated in many challenging projects and worked closely with outstanding scientists to build or modify the existing equipment needed to conduct innovative scientific research.<\/span><\/span><\/p>[\/et_pb_text][et_pb_text _builder_version=&#8221;4.22.1&#8243; _module_preset=&#8221;default&#8221; global_colors_info=&#8221;{}&#8221;]<h3><span style=\"color: #0e101a;\">Providing the highest-quality vacuum-compatible devices and components<\/span><\/h3>\n<p><span style=\"color: #0e101a;\"><span>We also offer standard devices and components compatible with vacuum and thin-layer deposition technologies. These include specially designed vacuum chambers and components, i.e., hydrogen crackers, coating systems easily integrable with vacuum glove boxes, an automatic manipulator with a microwave head for electric measurements in strong magnetic fields, and many more.<\/span><\/span><\/p>[\/et_pb_text][et_pb_text _builder_version=&#8221;4.22.1&#8243; _module_preset=&#8221;default&#8221; hover_enabled=&#8221;0&#8243; global_colors_info=&#8221;{}&#8221; sticky_enabled=&#8221;0&#8243;]<h3><span style=\"color: #0e101a;\">Scientific and Educational Activities<\/span><\/h3>\n<p><span style=\"color: #0e101a;\"><span>The propagation of knowledge about vacuum technology is an important aspect of our activity. We are the organizers of the School of Vacuum Techniques (Szko\u0142a Techniki Pr\u00f3\u017cniowej) to transfer theoretical and practical knowledge necessary for the safe service of single vacuum devices and complex vacuum systems. We are involved in educating students of <a href=\"https:\/\/studia.uj.edu.pl\/en_GB\/kierunki\/wfais\/fizyka.firm\" target=\"_blank\" rel=\"noopener\">the Physics for Business program<\/a> conducted by Jagiellonian University in Krak\u00f3w. We cooperate with various scientific institutions, such as <a href=\"https:\/\/fais.uj.edu.pl\/en_GB\/homepage\" target=\"_blank\" rel=\"noopener\">the Faculty of Physics, Astronomy, and Applied Computer Science at Jagiellonian University in Krakow<\/a> or the Faculty of Foundry Engineering at AGH University of Science and Technology. The results of joint projects are published in prestigious scientific journals. Many of our systems and solutions are protected by patents and appreciated at <a href=\"https:\/\/measline.com\/index.php\/en-gb\/main-page\/patents-awards-and-publications\/\" target=\"_blank\" rel=\"noopener\">industry trade fairs<\/a>.<\/span><\/span><\/p>[\/et_pb_text][\/et_pb_column][\/et_pb_row][\/et_pb_section][et_pb_section fb_built=&#8221;1&#8243; _builder_version=&#8221;4.16&#8243; _module_preset=&#8221;default&#8221; global_colors_info=&#8221;{}&#8221;][\/et_pb_section]\n","protected":false},"excerpt":{"rendered":"<p>About\u00a0 MeasLine companyDesign and manufacture of advanced scientific instruments and systems We provide state-of-the-art devices optimized in terms of price and quality. Based on the ideas and wishes of our customers, we develop comprehensive solutions, from design through the production process to final tests and improvements. Over the years, we have participated in many challenging [&hellip;]<\/p>\n","protected":false},"author":2,"featured_media":0,"parent":4216,"menu_order":0,"comment_status":"closed","ping_status":"closed","template":"","meta":{"_et_pb_use_builder":"on","_et_pb_old_content":"","_et_gb_content_width":"","footnotes":""},"class_list":["post-4497","page","type-page","status-publish","hentry"],"yoast_head":"<!-- This site is optimized with the Yoast SEO plugin v27.4 - https:\/\/yoast.com\/product\/yoast-seo-wordpress\/ -->\n<title>About Us - Measline company<\/title>\n<meta name=\"description\" content=\"The MeasLine company designs and manufactures research and measurement devices dedicated to working in vacuum conditions.\" \/>\n<meta name=\"robots\" content=\"index, follow, max-snippet:-1, max-image-preview:large, max-video-preview:-1\" \/>\n<link rel=\"canonical\" href=\"https:\/\/measline.com\/index.php\/en-gb\/main-page\/about-measline\/\" \/>\n<meta property=\"og:locale\" content=\"pl_PL\" \/>\n<meta property=\"og:type\" content=\"article\" \/>\n<meta property=\"og:title\" content=\"About Us - Measline company\" \/>\n<meta property=\"og:description\" content=\"The MeasLine company designs and manufactures research and measurement devices dedicated to working in vacuum conditions.\" \/>\n<meta property=\"og:url\" content=\"https:\/\/measline.com\/index.php\/en-gb\/main-page\/about-measline\/\" \/>\n<meta property=\"og:site_name\" content=\"Measline\" \/>\n<meta property=\"article:modified_time\" content=\"2023-08-31T09:15:37+00:00\" \/>\n<meta name=\"twitter:card\" content=\"summary_large_image\" \/>\n<meta name=\"twitter:label1\" content=\"Szacowany czas czytania\" \/>\n\t<meta name=\"twitter:data1\" content=\"3 minuty\" \/>\n<script type=\"application\/ld+json\" class=\"yoast-schema-graph\">{\"@context\":\"https:\\\/\\\/schema.org\",\"@graph\":[{\"@type\":\"WebPage\",\"@id\":\"https:\\\/\\\/measline.com\\\/index.php\\\/en-gb\\\/main-page\\\/about-measline\\\/\",\"url\":\"https:\\\/\\\/measline.com\\\/index.php\\\/en-gb\\\/main-page\\\/about-measline\\\/\",\"name\":\"About Us - Measline company\",\"isPartOf\":{\"@id\":\"https:\\\/\\\/measline.com\\\/#website\"},\"datePublished\":\"2023-08-31T09:15:36+00:00\",\"dateModified\":\"2023-08-31T09:15:37+00:00\",\"description\":\"The MeasLine company designs and manufactures research and measurement devices dedicated to working in vacuum conditions.\",\"breadcrumb\":{\"@id\":\"https:\\\/\\\/measline.com\\\/index.php\\\/en-gb\\\/main-page\\\/about-measline\\\/#breadcrumb\"},\"inLanguage\":\"pl-PL\",\"potentialAction\":[{\"@type\":\"ReadAction\",\"target\":[\"https:\\\/\\\/measline.com\\\/index.php\\\/en-gb\\\/main-page\\\/about-measline\\\/\"]}]},{\"@type\":\"BreadcrumbList\",\"@id\":\"https:\\\/\\\/measline.com\\\/index.php\\\/en-gb\\\/main-page\\\/about-measline\\\/#breadcrumb\",\"itemListElement\":[{\"@type\":\"ListItem\",\"position\":1,\"name\":\"Strona g\u0142\u00f3wna\",\"item\":\"https:\\\/\\\/measline.com\\\/index.php\\\/pl\\\/\"},{\"@type\":\"ListItem\",\"position\":2,\"name\":\"Main page\",\"item\":\"https:\\\/\\\/measline.com\\\/index.php\\\/en-gb\\\/\"},{\"@type\":\"ListItem\",\"position\":3,\"name\":\"About MeasLine\"}]},{\"@type\":\"WebSite\",\"@id\":\"https:\\\/\\\/measline.com\\\/#website\",\"url\":\"https:\\\/\\\/measline.com\\\/\",\"name\":\"Measline\",\"description\":\"Advanced solutions\",\"publisher\":{\"@id\":\"https:\\\/\\\/measline.com\\\/#organization\"},\"potentialAction\":[{\"@type\":\"SearchAction\",\"target\":{\"@type\":\"EntryPoint\",\"urlTemplate\":\"https:\\\/\\\/measline.com\\\/?s={search_term_string}\"},\"query-input\":{\"@type\":\"PropertyValueSpecification\",\"valueRequired\":true,\"valueName\":\"search_term_string\"}}],\"inLanguage\":\"pl-PL\"},{\"@type\":\"Organization\",\"@id\":\"https:\\\/\\\/measline.com\\\/#organization\",\"name\":\"Measline\",\"url\":\"https:\\\/\\\/measline.com\\\/\",\"logo\":{\"@type\":\"ImageObject\",\"inLanguage\":\"pl-PL\",\"@id\":\"https:\\\/\\\/measline.com\\\/#\\\/schema\\\/logo\\\/image\\\/\",\"url\":\"https:\\\/\\\/measline.com\\\/wp-content\\\/uploads\\\/2021\\\/11\\\/logo_color_small.png.png\",\"contentUrl\":\"https:\\\/\\\/measline.com\\\/wp-content\\\/uploads\\\/2021\\\/11\\\/logo_color_small.png.png\",\"width\":1000,\"height\":417,\"caption\":\"Measline\"},\"image\":{\"@id\":\"https:\\\/\\\/measline.com\\\/#\\\/schema\\\/logo\\\/image\\\/\"}}]}<\/script>\n<!-- \/ Yoast SEO plugin. -->","yoast_head_json":{"title":"About Us - Measline company","description":"The MeasLine company designs and manufactures research and measurement devices dedicated to working in vacuum conditions.","robots":{"index":"index","follow":"follow","max-snippet":"max-snippet:-1","max-image-preview":"max-image-preview:large","max-video-preview":"max-video-preview:-1"},"canonical":"https:\/\/measline.com\/index.php\/en-gb\/main-page\/about-measline\/","og_locale":"pl_PL","og_type":"article","og_title":"About Us - Measline company","og_description":"The MeasLine company designs and manufactures research and measurement devices dedicated to working in vacuum conditions.","og_url":"https:\/\/measline.com\/index.php\/en-gb\/main-page\/about-measline\/","og_site_name":"Measline","article_modified_time":"2023-08-31T09:15:37+00:00","twitter_card":"summary_large_image","twitter_misc":{"Szacowany czas czytania":"3 minuty"},"schema":{"@context":"https:\/\/schema.org","@graph":[{"@type":"WebPage","@id":"https:\/\/measline.com\/index.php\/en-gb\/main-page\/about-measline\/","url":"https:\/\/measline.com\/index.php\/en-gb\/main-page\/about-measline\/","name":"About Us - Measline company","isPartOf":{"@id":"https:\/\/measline.com\/#website"},"datePublished":"2023-08-31T09:15:36+00:00","dateModified":"2023-08-31T09:15:37+00:00","description":"The MeasLine company designs and manufactures research and measurement devices dedicated to working in vacuum conditions.","breadcrumb":{"@id":"https:\/\/measline.com\/index.php\/en-gb\/main-page\/about-measline\/#breadcrumb"},"inLanguage":"pl-PL","potentialAction":[{"@type":"ReadAction","target":["https:\/\/measline.com\/index.php\/en-gb\/main-page\/about-measline\/"]}]},{"@type":"BreadcrumbList","@id":"https:\/\/measline.com\/index.php\/en-gb\/main-page\/about-measline\/#breadcrumb","itemListElement":[{"@type":"ListItem","position":1,"name":"Strona g\u0142\u00f3wna","item":"https:\/\/measline.com\/index.php\/pl\/"},{"@type":"ListItem","position":2,"name":"Main page","item":"https:\/\/measline.com\/index.php\/en-gb\/"},{"@type":"ListItem","position":3,"name":"About MeasLine"}]},{"@type":"WebSite","@id":"https:\/\/measline.com\/#website","url":"https:\/\/measline.com\/","name":"Measline","description":"Advanced solutions","publisher":{"@id":"https:\/\/measline.com\/#organization"},"potentialAction":[{"@type":"SearchAction","target":{"@type":"EntryPoint","urlTemplate":"https:\/\/measline.com\/?s={search_term_string}"},"query-input":{"@type":"PropertyValueSpecification","valueRequired":true,"valueName":"search_term_string"}}],"inLanguage":"pl-PL"},{"@type":"Organization","@id":"https:\/\/measline.com\/#organization","name":"Measline","url":"https:\/\/measline.com\/","logo":{"@type":"ImageObject","inLanguage":"pl-PL","@id":"https:\/\/measline.com\/#\/schema\/logo\/image\/","url":"https:\/\/measline.com\/wp-content\/uploads\/2021\/11\/logo_color_small.png.png","contentUrl":"https:\/\/measline.com\/wp-content\/uploads\/2021\/11\/logo_color_small.png.png","width":1000,"height":417,"caption":"Measline"},"image":{"@id":"https:\/\/measline.com\/#\/schema\/logo\/image\/"}}]}},"_links":{"self":[{"href":"https:\/\/measline.com\/index.php\/wp-json\/wp\/v2\/pages\/4497","targetHints":{"allow":["GET"]}}],"collection":[{"href":"https:\/\/measline.com\/index.php\/wp-json\/wp\/v2\/pages"}],"about":[{"href":"https:\/\/measline.com\/index.php\/wp-json\/wp\/v2\/types\/page"}],"author":[{"embeddable":true,"href":"https:\/\/measline.com\/index.php\/wp-json\/wp\/v2\/users\/2"}],"replies":[{"embeddable":true,"href":"https:\/\/measline.com\/index.php\/wp-json\/wp\/v2\/comments?post=4497"}],"version-history":[{"count":7,"href":"https:\/\/measline.com\/index.php\/wp-json\/wp\/v2\/pages\/4497\/revisions"}],"predecessor-version":[{"id":4510,"href":"https:\/\/measline.com\/index.php\/wp-json\/wp\/v2\/pages\/4497\/revisions\/4510"}],"up":[{"embeddable":true,"href":"https:\/\/measline.com\/index.php\/wp-json\/wp\/v2\/pages\/4216"}],"wp:attachment":[{"href":"https:\/\/measline.com\/index.php\/wp-json\/wp\/v2\/media?parent=4497"}],"curies":[{"name":"wp","href":"https:\/\/api.w.org\/{rel}","templated":true}]}}