{"id":4806,"date":"2023-09-11T15:59:23","date_gmt":"2023-09-11T13:59:23","guid":{"rendered":"https:\/\/measline.com\/?page_id=4806"},"modified":"2023-09-29T10:58:16","modified_gmt":"2023-09-29T08:58:16","slug":"thermal-deposition-of-thin-layers","status":"publish","type":"page","link":"https:\/\/measline.com\/index.php\/en-gb\/main-page\/products\/thin-layer-deposition\/thermal-deposition-of-thin-layers\/","title":{"rendered":"Thermal deposition of thin layers"},"content":{"rendered":"<p>[et_pb_section fb_built=&#8221;1&#8243; _builder_version=&#8221;4.16&#8243; _module_preset=&#8221;default&#8221; background_color=&#8221;rgba(0,0,0,0.05)&#8221; custom_margin=&#8221;0px|0px|0px|0px|false|false&#8221; custom_padding=&#8221;0px|0px|0px|0px|false|false&#8221; global_colors_info=&#8221;{}&#8221;][et_pb_row _builder_version=&#8221;4.16&#8243; _dynamic_attributes=&#8221;link_option_url&#8221; _module_preset=&#8221;default&#8221; custom_margin=&#8221;0px||0px||true|false&#8221; custom_padding=&#8221;11px||3px||false|false&#8221; link_option_url=&#8221;@ET-DC@eyJkeW5hbWljIjp0cnVlLCJjb250ZW50IjoicG9zdF9saW5rX3VybF9wYWdlIiwic2V0dGluZ3MiOnsicG9zdF9pZCI6IjEwNzEifX0=@&#8221; global_colors_info=&#8221;{}&#8221;][et_pb_column type=&#8221;4_4&#8243; _builder_version=&#8221;4.16&#8243; _module_preset=&#8221;default&#8221; global_colors_info=&#8221;{}&#8221;][et_pb_button button_url=&#8221;@ET-DC@eyJkeW5hbWljIjp0cnVlLCJjb250ZW50IjoicG9zdF9saW5rX3VybF9wYWdlIiwic2V0dGluZ3MiOnsicG9zdF9pZCI6IjQ1MTMifX0=@&#8221; button_text=&#8221;Back to subcategory&#8221; _builder_version=&#8221;4.22.1&#8243; _dynamic_attributes=&#8221;button_url&#8221; _module_preset=&#8221;default&#8221; custom_button=&#8221;on&#8221; button_text_color=&#8221;#225500&#8243; button_border_width=&#8221;0px&#8221; button_icon=&#8221;&#x4a;||divi||400&#8243; global_colors_info=&#8221;{}&#8221;][\/et_pb_button][\/et_pb_column][\/et_pb_row][\/et_pb_section][et_pb_section fb_built=&#8221;1&#8243; _builder_version=&#8221;4.16&#8243; _module_preset=&#8221;default&#8221; global_colors_info=&#8221;{}&#8221;][et_pb_row column_structure=&#8221;1_2,1_2&#8243; _builder_version=&#8221;4.16&#8243; _module_preset=&#8221;default&#8221; global_colors_info=&#8221;{}&#8221;][et_pb_column type=&#8221;1_2&#8243; _builder_version=&#8221;4.16&#8243; _module_preset=&#8221;default&#8221; global_colors_info=&#8221;{}&#8221;][et_pb_image src=&#8221;https:\/\/measline.com\/wp-content\/uploads\/2022\/04\/Parowarka-kwadrat.png&#8221; alt=&#8221;Parowarka termiczna umo\u017cliwiaj\u0105ca nanoszenie pow\u0142ok PVD (cienkich warstw)&#8221; title_text=&#8221;Parowarka termiczna&#8221; align=&#8221;center&#8221; _builder_version=&#8221;4.17.0&#8243; _module_preset=&#8221;default&#8221; width=&#8221;71%&#8221; module_alignment=&#8221;center&#8221; global_colors_info=&#8221;{}&#8221;][\/et_pb_image][\/et_pb_column][et_pb_column type=&#8221;1_2&#8243; _builder_version=&#8221;4.16&#8243; _module_preset=&#8221;default&#8221; global_colors_info=&#8221;{}&#8221;][et_pb_text _builder_version=&#8221;4.16.1&#8243; _module_preset=&#8221;default&#8221; global_colors_info=&#8221;{}&#8221;]<\/p>\n<h1 class=\"Standard\"><strong>Thermal sources for thin layer deposition<\/strong><\/h1>\n<p>[\/et_pb_text][et_pb_divider color=&#8221;#215500&#8243; divider_weight=&#8221;2px&#8221; _builder_version=&#8221;4.16&#8243; _module_preset=&#8221;default&#8221; custom_margin=&#8221;-23px||6px||false|false&#8221; global_colors_info=&#8221;{}&#8221;][\/et_pb_divider][et_pb_text _builder_version=&#8221;4.17.0&#8243; _module_preset=&#8221;default&#8221; global_colors_info=&#8221;{}&#8221;]<\/p>\n<p align=\"justify\">Thermal sources enable the PVD deposition (physical vapour deposition technique) of coatings and thin layers by evaporating various substances at temperatures up to 1300\u00b0C<span>.\u00a0 Evaporators are made to the UHV standard. Therefore, they are designed for direct installation in the application chamber.\u00a0\u00a0<\/span><\/p>\n<p>[\/et_pb_text][\/et_pb_column][\/et_pb_row][\/et_pb_section][et_pb_section fb_built=&#8221;1&#8243; _builder_version=&#8221;4.16&#8243; _module_preset=&#8221;default&#8221; background_color=&#8221;rgba(0,0,0,0.05)&#8221; global_colors_info=&#8221;{}&#8221;][et_pb_row column_structure=&#8221;2_3,1_3&#8243; admin_label=&#8221;Wiersz&#8221; _builder_version=&#8221;4.16&#8243; _module_preset=&#8221;default&#8221; custom_padding=&#8221;1px|||||&#8221; global_colors_info=&#8221;{}&#8221;][et_pb_column type=&#8221;2_3&#8243; _builder_version=&#8221;4.16&#8243; _module_preset=&#8221;default&#8221; global_colors_info=&#8221;{}&#8221;][et_pb_text _builder_version=&#8221;4.17.0&#8243; _module_preset=&#8221;default&#8221; min_height=&#8221;205px&#8221; custom_margin=&#8221;2px||||false|false&#8221; custom_padding=&#8221;6px||||false|false&#8221; global_colors_info=&#8221;{}&#8221;]<\/p>\n<div>\n<h3 class=\"Standard\">The most significant features of thermal sources<\/h3>\n<\/div>\n<div>\n<ul>\n<li class=\"Standard\">intended for thin layers deposition using the PVD technique (physical vapor deposition)<\/li>\n<li><span style=\"font-size: 14px;\">standard equipment of the evaporator: vacuum part built on DN63CF flanges and equipped with a water-cooled thermal shield, water inlets, manually controlled shutters, thermocouple for measuring the temperature around the crucible, water-cooled electrodes supplying power to the filament<\/span><\/li>\n<li>it can work in the filament current supplying controlling or the temperature in the filament area stabilizing mode<\/li>\n<li>adapted for multiple depositions after a single loading of the crucible to obtain clean layers without admixtures, e.g., oxides of the applied metal.<\/li>\n<\/ul>\n<\/div>\n<p>[\/et_pb_text][\/et_pb_column][et_pb_column type=&#8221;1_3&#8243; _builder_version=&#8221;4.16&#8243; _module_preset=&#8221;default&#8221; global_colors_info=&#8221;{}&#8221;][\/et_pb_column][\/et_pb_row][\/et_pb_section][et_pb_section fb_built=&#8221;1&#8243; _builder_version=&#8221;4.16&#8243; _module_preset=&#8221;default&#8221; custom_padding=&#8221;30px||||false|false&#8221; global_colors_info=&#8221;{}&#8221;][et_pb_row _builder_version=&#8221;4.16&#8243; _module_preset=&#8221;default&#8221; global_colors_info=&#8221;{}&#8221;][et_pb_column type=&#8221;4_4&#8243; _builder_version=&#8221;4.16&#8243; _module_preset=&#8221;default&#8221; global_colors_info=&#8221;{}&#8221;][et_pb_text _builder_version=&#8221;4.16&#8243; _module_preset=&#8221;default&#8221; global_colors_info=&#8221;{}&#8221;]<\/p>\n<h3>Specification::<\/h3>\n<table border=\"1\" style=\"border-collapse: collapse; width: 100%; height: 96px;\">\n<tbody>\n<tr style=\"height: 24px;\">\n<td style=\"width: 50%; height: 24px;\">Evaporation temperature<\/td>\n<td style=\"width: 50%; height: 24px;\">Up to 1300<span>\u00b0C<\/span><sup><\/sup><\/td>\n<\/tr>\n<tr style=\"height: 24px;\">\n<td style=\"width: 50%; height: 24px;\">Thermoregulator operating parameters:<\/td>\n<td style=\"width: 50%; height: 24px;\"><\/td>\n<\/tr>\n<tr style=\"height: 24px;\">\n<td style=\"width: 50%; height: 24px;\">Temperature stabilization in the range 0-400<span>\u00b0C<\/span><\/td>\n<td style=\"width: 50%; height: 24px;\">Resolution: 0,1<span>\u00b0C<\/span><sup><\/sup><\/td>\n<\/tr>\n<tr style=\"height: 24px;\">\n<td style=\"width: 50%; height: 24px;\">Temperature stabilization in the range 0-1300<span>\u00b0C<\/span><sup><\/sup><\/td>\n<td style=\"width: 50%; height: 24px;\">Resolution: 1<span>\u00b0C<\/span><sup><\/sup><\/td>\n<\/tr>\n<tr>\n<td style=\"width: 50%;\">Power supply<\/td>\n<td style=\"width: 50%;\">Operation in the current range 0-40 A<br \/>Voltage up to 15 V<\/td>\n<\/tr>\n<\/tbody>\n<\/table>\n<p>[\/et_pb_text][\/et_pb_column][\/et_pb_row][et_pb_row _builder_version=&#8221;4.17.0&#8243; _module_preset=&#8221;default&#8221; global_colors_info=&#8221;{}&#8221;][et_pb_column type=&#8221;4_4&#8243; _builder_version=&#8221;4.17.0&#8243; _module_preset=&#8221;default&#8221; global_colors_info=&#8221;{}&#8221;][et_pb_text _builder_version=&#8221;4.22.2&#8243; _module_preset=&#8221;default&#8221; global_colors_info=&#8221;{}&#8221;]<\/p>\n<p><span data-preserver-spaces=\"true\">See also our solutions for <a href=\"https:\/\/measline.com\/index.php\/en-gb\/main-page\/products\/thin-layer-deposition\/\" target=\"_blank\" rel=\"noopener\">thin-layer deposition<\/a>, including a\u00a0<\/span><a href=\"https:\/\/measline.com\/index.php\/en-gb\/project\/compact-sputtering-system-lpnw01\/\" target=\"_blank\" rel=\"noopener\">compact sputtering system<\/a><span data-preserver-spaces=\"true\">. It consists of two independent evaporators for thermal PVD deposition, thus enabling the parallel application of two different compounds. In addition, this device is equipped with a linear transfer for transferring samples between the deposition chamber and the glove box. In this way, the sample is protected against contamination and oxidation.<\/span><\/p>\n<p><span data-preserver-spaces=\"true\"><\/span><\/p>\n<p><span data-preserver-spaces=\"true\">We also offer <a href=\"https:\/\/measline.com\/index.php\/en-gb\/magnetron-eng\/\" target=\"_blank\" rel=\"noopener\">magnetron sources<\/a> enabling ion sputtering of the target material to deposit thin metallic and non-metallic layers. We also invite you to familiarize yourself with the <\/span><a href=\"https:\/\/measline.com\/index.php\/en-gb\/project\/magnetron-system-for-coating-deposition-mcs-787\/\" target=\"_blank\" rel=\"noopener\">Magnetron system for coating deposition<\/a><span data-preserver-spaces=\"true\">. In addition, we offer<\/span><a href=\"https:\/\/measline.com\/index.php\/en-gb\/project\/compact-sputtering-system-for-surface-metallization\/\" target=\"_blank\" rel=\"noopener\">\u00a0sputtering system<\/a> <span data-preserver-spaces=\"true\">that combines thermal and magnetron methods of applying layers.<\/span><\/p>\n<p>[\/et_pb_text][\/et_pb_column][\/et_pb_row][\/et_pb_section]<\/p>\n","protected":false},"excerpt":{"rendered":"<p>Thermal sources for thin layer depositionThermal sources enable the PVD deposition (physical vapour deposition technique) of coatings and thin layers by evaporating various substances at temperatures up to 1300\u00b0C.\u00a0 Evaporators are made to the UHV standard. Therefore, they are designed for direct installation in the application chamber.\u00a0\u00a0 The most significant features of thermal sources intended [&hellip;]<\/p>\n","protected":false},"author":2,"featured_media":3319,"parent":4513,"menu_order":0,"comment_status":"closed","ping_status":"closed","template":"","meta":{"_et_pb_use_builder":"on","_et_pb_old_content":"","_et_gb_content_width":"","footnotes":""},"class_list":["post-4806","page","type-page","status-publish","has-post-thumbnail","hentry"],"yoast_head":"<!-- This site is optimized with the Yoast SEO plugin v27.5 - https:\/\/yoast.com\/product\/yoast-seo-wordpress\/ -->\n<title>Thermal deposition of thin layers - thermal sources - Measline<\/title>\n<meta name=\"description\" content=\"Thermal sources enable the PVD deposition of coatings and thin layers by evaporating various substances at temperatures up to 1300\u00b0C\" \/>\n<meta name=\"robots\" content=\"index, follow, max-snippet:-1, max-image-preview:large, max-video-preview:-1\" \/>\n<link rel=\"canonical\" href=\"https:\/\/measline.com\/index.php\/en-gb\/main-page\/products\/thin-layer-deposition\/thermal-deposition-of-thin-layers\/\" \/>\n<meta property=\"og:locale\" content=\"pl_PL\" \/>\n<meta property=\"og:type\" content=\"article\" \/>\n<meta property=\"og:title\" content=\"Thermal deposition of thin layers - thermal sources - Measline\" \/>\n<meta property=\"og:description\" content=\"Thermal sources enable the PVD deposition of coatings and thin layers by evaporating various substances at temperatures up to 1300\u00b0C\" \/>\n<meta property=\"og:url\" content=\"https:\/\/measline.com\/index.php\/en-gb\/main-page\/products\/thin-layer-deposition\/thermal-deposition-of-thin-layers\/\" \/>\n<meta property=\"og:site_name\" content=\"Measline\" \/>\n<meta property=\"article:modified_time\" content=\"2023-09-29T08:58:16+00:00\" \/>\n<meta property=\"og:image\" content=\"https:\/\/measline.com\/wp-content\/uploads\/2022\/04\/Parowarka-kwadrat.png\" \/>\n\t<meta property=\"og:image:width\" content=\"1420\" \/>\n\t<meta property=\"og:image:height\" content=\"1424\" \/>\n\t<meta property=\"og:image:type\" content=\"image\/png\" \/>\n<meta name=\"twitter:card\" content=\"summary_large_image\" \/>\n<meta name=\"twitter:label1\" content=\"Szacowany czas czytania\" \/>\n\t<meta name=\"twitter:data1\" content=\"4 minuty\" \/>\n<script type=\"application\/ld+json\" class=\"yoast-schema-graph\">{\"@context\":\"https:\\\/\\\/schema.org\",\"@graph\":[{\"@type\":\"WebPage\",\"@id\":\"https:\\\/\\\/measline.com\\\/index.php\\\/en-gb\\\/main-page\\\/products\\\/thin-layer-deposition\\\/thermal-deposition-of-thin-layers\\\/\",\"url\":\"https:\\\/\\\/measline.com\\\/index.php\\\/en-gb\\\/main-page\\\/products\\\/thin-layer-deposition\\\/thermal-deposition-of-thin-layers\\\/\",\"name\":\"Thermal deposition of thin layers - thermal sources - Measline\",\"isPartOf\":{\"@id\":\"https:\\\/\\\/measline.com\\\/#website\"},\"primaryImageOfPage\":{\"@id\":\"https:\\\/\\\/measline.com\\\/index.php\\\/en-gb\\\/main-page\\\/products\\\/thin-layer-deposition\\\/thermal-deposition-of-thin-layers\\\/#primaryimage\"},\"image\":{\"@id\":\"https:\\\/\\\/measline.com\\\/index.php\\\/en-gb\\\/main-page\\\/products\\\/thin-layer-deposition\\\/thermal-deposition-of-thin-layers\\\/#primaryimage\"},\"thumbnailUrl\":\"https:\\\/\\\/measline.com\\\/wp-content\\\/uploads\\\/2022\\\/04\\\/Parowarka-kwadrat.png\",\"datePublished\":\"2023-09-11T13:59:23+00:00\",\"dateModified\":\"2023-09-29T08:58:16+00:00\",\"description\":\"Thermal sources enable the PVD deposition of coatings and thin layers by evaporating various substances at temperatures up to 1300\u00b0C\",\"breadcrumb\":{\"@id\":\"https:\\\/\\\/measline.com\\\/index.php\\\/en-gb\\\/main-page\\\/products\\\/thin-layer-deposition\\\/thermal-deposition-of-thin-layers\\\/#breadcrumb\"},\"inLanguage\":\"pl-PL\",\"potentialAction\":[{\"@type\":\"ReadAction\",\"target\":[\"https:\\\/\\\/measline.com\\\/index.php\\\/en-gb\\\/main-page\\\/products\\\/thin-layer-deposition\\\/thermal-deposition-of-thin-layers\\\/\"]}]},{\"@type\":\"ImageObject\",\"inLanguage\":\"pl-PL\",\"@id\":\"https:\\\/\\\/measline.com\\\/index.php\\\/en-gb\\\/main-page\\\/products\\\/thin-layer-deposition\\\/thermal-deposition-of-thin-layers\\\/#primaryimage\",\"url\":\"https:\\\/\\\/measline.com\\\/wp-content\\\/uploads\\\/2022\\\/04\\\/Parowarka-kwadrat.png\",\"contentUrl\":\"https:\\\/\\\/measline.com\\\/wp-content\\\/uploads\\\/2022\\\/04\\\/Parowarka-kwadrat.png\",\"width\":1420,\"height\":1424,\"caption\":\"Parowarka termiczna umo\u017cliwiaj\u0105ca nanoszenie pow\u0142ok PVD (cienkich warstw)\"},{\"@type\":\"BreadcrumbList\",\"@id\":\"https:\\\/\\\/measline.com\\\/index.php\\\/en-gb\\\/main-page\\\/products\\\/thin-layer-deposition\\\/thermal-deposition-of-thin-layers\\\/#breadcrumb\",\"itemListElement\":[{\"@type\":\"ListItem\",\"position\":1,\"name\":\"Strona g\u0142\u00f3wna\",\"item\":\"https:\\\/\\\/measline.com\\\/index.php\\\/pl\\\/\"},{\"@type\":\"ListItem\",\"position\":2,\"name\":\"Main page\",\"item\":\"https:\\\/\\\/measline.com\\\/index.php\\\/en-gb\\\/\"},{\"@type\":\"ListItem\",\"position\":3,\"name\":\"Products\",\"item\":\"https:\\\/\\\/measline.com\\\/index.php\\\/en-gb\\\/main-page\\\/products\\\/\"},{\"@type\":\"ListItem\",\"position\":4,\"name\":\"Thin layer deposition\",\"item\":\"https:\\\/\\\/measline.com\\\/index.php\\\/en-gb\\\/main-page\\\/products\\\/thin-layer-deposition\\\/\"},{\"@type\":\"ListItem\",\"position\":5,\"name\":\"Thermal deposition of thin layers\"}]},{\"@type\":\"WebSite\",\"@id\":\"https:\\\/\\\/measline.com\\\/#website\",\"url\":\"https:\\\/\\\/measline.com\\\/\",\"name\":\"Measline\",\"description\":\"Advanced solutions\",\"publisher\":{\"@id\":\"https:\\\/\\\/measline.com\\\/#organization\"},\"potentialAction\":[{\"@type\":\"SearchAction\",\"target\":{\"@type\":\"EntryPoint\",\"urlTemplate\":\"https:\\\/\\\/measline.com\\\/?s={search_term_string}\"},\"query-input\":{\"@type\":\"PropertyValueSpecification\",\"valueRequired\":true,\"valueName\":\"search_term_string\"}}],\"inLanguage\":\"pl-PL\"},{\"@type\":\"Organization\",\"@id\":\"https:\\\/\\\/measline.com\\\/#organization\",\"name\":\"Measline\",\"url\":\"https:\\\/\\\/measline.com\\\/\",\"logo\":{\"@type\":\"ImageObject\",\"inLanguage\":\"pl-PL\",\"@id\":\"https:\\\/\\\/measline.com\\\/#\\\/schema\\\/logo\\\/image\\\/\",\"url\":\"https:\\\/\\\/measline.com\\\/wp-content\\\/uploads\\\/2021\\\/11\\\/logo_color_small.png.png\",\"contentUrl\":\"https:\\\/\\\/measline.com\\\/wp-content\\\/uploads\\\/2021\\\/11\\\/logo_color_small.png.png\",\"width\":1000,\"height\":417,\"caption\":\"Measline\"},\"image\":{\"@id\":\"https:\\\/\\\/measline.com\\\/#\\\/schema\\\/logo\\\/image\\\/\"}}]}<\/script>\n<!-- \/ Yoast SEO plugin. -->","yoast_head_json":{"title":"Thermal deposition of thin layers - thermal sources - Measline","description":"Thermal sources enable the PVD deposition of coatings and thin layers by evaporating various substances at temperatures up to 1300\u00b0C","robots":{"index":"index","follow":"follow","max-snippet":"max-snippet:-1","max-image-preview":"max-image-preview:large","max-video-preview":"max-video-preview:-1"},"canonical":"https:\/\/measline.com\/index.php\/en-gb\/main-page\/products\/thin-layer-deposition\/thermal-deposition-of-thin-layers\/","og_locale":"pl_PL","og_type":"article","og_title":"Thermal deposition of thin layers - thermal sources - Measline","og_description":"Thermal sources enable the PVD deposition of coatings and thin layers by evaporating various substances at temperatures up to 1300\u00b0C","og_url":"https:\/\/measline.com\/index.php\/en-gb\/main-page\/products\/thin-layer-deposition\/thermal-deposition-of-thin-layers\/","og_site_name":"Measline","article_modified_time":"2023-09-29T08:58:16+00:00","og_image":[{"width":1420,"height":1424,"url":"https:\/\/measline.com\/wp-content\/uploads\/2022\/04\/Parowarka-kwadrat.png","type":"image\/png"}],"twitter_card":"summary_large_image","twitter_misc":{"Szacowany czas czytania":"4 minuty"},"schema":{"@context":"https:\/\/schema.org","@graph":[{"@type":"WebPage","@id":"https:\/\/measline.com\/index.php\/en-gb\/main-page\/products\/thin-layer-deposition\/thermal-deposition-of-thin-layers\/","url":"https:\/\/measline.com\/index.php\/en-gb\/main-page\/products\/thin-layer-deposition\/thermal-deposition-of-thin-layers\/","name":"Thermal deposition of thin layers - thermal sources - Measline","isPartOf":{"@id":"https:\/\/measline.com\/#website"},"primaryImageOfPage":{"@id":"https:\/\/measline.com\/index.php\/en-gb\/main-page\/products\/thin-layer-deposition\/thermal-deposition-of-thin-layers\/#primaryimage"},"image":{"@id":"https:\/\/measline.com\/index.php\/en-gb\/main-page\/products\/thin-layer-deposition\/thermal-deposition-of-thin-layers\/#primaryimage"},"thumbnailUrl":"https:\/\/measline.com\/wp-content\/uploads\/2022\/04\/Parowarka-kwadrat.png","datePublished":"2023-09-11T13:59:23+00:00","dateModified":"2023-09-29T08:58:16+00:00","description":"Thermal sources enable the PVD deposition of coatings and thin layers by evaporating various substances at temperatures up to 1300\u00b0C","breadcrumb":{"@id":"https:\/\/measline.com\/index.php\/en-gb\/main-page\/products\/thin-layer-deposition\/thermal-deposition-of-thin-layers\/#breadcrumb"},"inLanguage":"pl-PL","potentialAction":[{"@type":"ReadAction","target":["https:\/\/measline.com\/index.php\/en-gb\/main-page\/products\/thin-layer-deposition\/thermal-deposition-of-thin-layers\/"]}]},{"@type":"ImageObject","inLanguage":"pl-PL","@id":"https:\/\/measline.com\/index.php\/en-gb\/main-page\/products\/thin-layer-deposition\/thermal-deposition-of-thin-layers\/#primaryimage","url":"https:\/\/measline.com\/wp-content\/uploads\/2022\/04\/Parowarka-kwadrat.png","contentUrl":"https:\/\/measline.com\/wp-content\/uploads\/2022\/04\/Parowarka-kwadrat.png","width":1420,"height":1424,"caption":"Parowarka termiczna umo\u017cliwiaj\u0105ca nanoszenie pow\u0142ok PVD (cienkich warstw)"},{"@type":"BreadcrumbList","@id":"https:\/\/measline.com\/index.php\/en-gb\/main-page\/products\/thin-layer-deposition\/thermal-deposition-of-thin-layers\/#breadcrumb","itemListElement":[{"@type":"ListItem","position":1,"name":"Strona g\u0142\u00f3wna","item":"https:\/\/measline.com\/index.php\/pl\/"},{"@type":"ListItem","position":2,"name":"Main page","item":"https:\/\/measline.com\/index.php\/en-gb\/"},{"@type":"ListItem","position":3,"name":"Products","item":"https:\/\/measline.com\/index.php\/en-gb\/main-page\/products\/"},{"@type":"ListItem","position":4,"name":"Thin layer deposition","item":"https:\/\/measline.com\/index.php\/en-gb\/main-page\/products\/thin-layer-deposition\/"},{"@type":"ListItem","position":5,"name":"Thermal deposition of thin layers"}]},{"@type":"WebSite","@id":"https:\/\/measline.com\/#website","url":"https:\/\/measline.com\/","name":"Measline","description":"Advanced solutions","publisher":{"@id":"https:\/\/measline.com\/#organization"},"potentialAction":[{"@type":"SearchAction","target":{"@type":"EntryPoint","urlTemplate":"https:\/\/measline.com\/?s={search_term_string}"},"query-input":{"@type":"PropertyValueSpecification","valueRequired":true,"valueName":"search_term_string"}}],"inLanguage":"pl-PL"},{"@type":"Organization","@id":"https:\/\/measline.com\/#organization","name":"Measline","url":"https:\/\/measline.com\/","logo":{"@type":"ImageObject","inLanguage":"pl-PL","@id":"https:\/\/measline.com\/#\/schema\/logo\/image\/","url":"https:\/\/measline.com\/wp-content\/uploads\/2021\/11\/logo_color_small.png.png","contentUrl":"https:\/\/measline.com\/wp-content\/uploads\/2021\/11\/logo_color_small.png.png","width":1000,"height":417,"caption":"Measline"},"image":{"@id":"https:\/\/measline.com\/#\/schema\/logo\/image\/"}}]}},"_links":{"self":[{"href":"https:\/\/measline.com\/index.php\/wp-json\/wp\/v2\/pages\/4806","targetHints":{"allow":["GET"]}}],"collection":[{"href":"https:\/\/measline.com\/index.php\/wp-json\/wp\/v2\/pages"}],"about":[{"href":"https:\/\/measline.com\/index.php\/wp-json\/wp\/v2\/types\/page"}],"author":[{"embeddable":true,"href":"https:\/\/measline.com\/index.php\/wp-json\/wp\/v2\/users\/2"}],"replies":[{"embeddable":true,"href":"https:\/\/measline.com\/index.php\/wp-json\/wp\/v2\/comments?post=4806"}],"version-history":[{"count":11,"href":"https:\/\/measline.com\/index.php\/wp-json\/wp\/v2\/pages\/4806\/revisions"}],"predecessor-version":[{"id":4905,"href":"https:\/\/measline.com\/index.php\/wp-json\/wp\/v2\/pages\/4806\/revisions\/4905"}],"up":[{"embeddable":true,"href":"https:\/\/measline.com\/index.php\/wp-json\/wp\/v2\/pages\/4513"}],"wp:featuredmedia":[{"embeddable":true,"href":"https:\/\/measline.com\/index.php\/wp-json\/wp\/v2\/media\/3319"}],"wp:attachment":[{"href":"https:\/\/measline.com\/index.php\/wp-json\/wp\/v2\/media?parent=4806"}],"curies":[{"name":"wp","href":"https:\/\/api.w.org\/{rel}","templated":true}]}}