{"id":4960,"date":"2023-10-03T10:38:49","date_gmt":"2023-10-03T08:38:49","guid":{"rendered":"https:\/\/measline.com\/?page_id=4960"},"modified":"2025-04-10T12:37:52","modified_gmt":"2025-04-10T10:37:52","slug":"vacuum-chambers","status":"publish","type":"page","link":"https:\/\/measline.com\/index.php\/en-gb\/vacuum-chambers\/","title":{"rendered":"Vacuum chambers"},"content":{"rendered":"<p>[et_pb_section fb_built=&#8221;1&#8243; _builder_version=&#8221;4.16&#8243; _module_preset=&#8221;default&#8221; background_color=&#8221;rgba(0,0,0,0.59)&#8221; background_enable_image=&#8221;off&#8221; min_height=&#8221;275px&#8221; custom_padding=&#8221;||0px|||&#8221; global_colors_info=&#8221;{}&#8221;][et_pb_row _builder_version=&#8221;4.16&#8243; _module_preset=&#8221;default&#8221; custom_margin=&#8221;0px||||false|false&#8221; custom_padding=&#8221;0px||||false|false&#8221; global_colors_info=&#8221;{}&#8221;][et_pb_column type=&#8221;4_4&#8243; _builder_version=&#8221;4.16&#8243; _module_preset=&#8221;default&#8221; global_colors_info=&#8221;{}&#8221;][et_pb_text admin_label=&#8221;exp_text&#8221; _builder_version=&#8221;4.16.1&#8243; _module_preset=&#8221;default&#8221; text_text_color=&#8221;#ffffff&#8221; header_text_color=&#8221;#FFFFFF&#8221; min_height=&#8221;47.8px&#8221; custom_margin=&#8221;35px||-36px||false|false&#8221; custom_padding=&#8221;0px||0px||true|false&#8221; text_text_shadow_style=&#8221;preset4&#8243; border_radii=&#8221;off||||&#8221; border_color_bottom=&#8221;rgba(255,255,255,0.81)&#8221; global_colors_info=&#8221;{}&#8221;]<\/p>\n<h1>Vacuum chambers<\/h1>\n<p>The chambers designed and manufactured by MeasLine are made to the HV or UHV standard. All chamber parameters, including size, shape, wall thickness, number, and location of flanges, are selected based on the customer&#8217;s guidelines. The chambers can be adapted to work at low and high temperatures.<\/p>\n<p>Examples of implementations are presented below.<\/p>\n<p>&nbsp;<\/p>\n<div><\/div>\n<div><\/div>\n<p>[\/et_pb_text][\/et_pb_column][\/et_pb_row][\/et_pb_section][et_pb_section fb_built=&#8221;1&#8243; _builder_version=&#8221;4.16&#8243; _module_preset=&#8221;default&#8221; custom_margin=&#8221;-2px|||||&#8221; global_colors_info=&#8221;{}&#8221;][et_pb_row column_structure=&#8221;1_4,3_4&#8243; _builder_version=&#8221;4.27.4&#8243; _module_preset=&#8221;default&#8221; background_color=&#8221;rgba(0,0,0,0.05)&#8221; width=&#8221;78.5%&#8221; min_height=&#8221;168.2px&#8221; custom_margin=&#8221;5px|auto|10px|auto|false|false&#8221; custom_padding=&#8221;|||37px||&#8221; border_width_all=&#8221;1px&#8221; border_color_all=&#8221;rgba(140,140,140,0.17)&#8221; border_style_all=&#8221;double&#8221; box_shadow_style=&#8221;preset4&#8243; box_shadow_blur=&#8221;16px&#8221; box_shadow_spread=&#8221;-17px&#8221; locked=&#8221;off&#8221; global_colors_info=&#8221;{}&#8221;][et_pb_column type=&#8221;1_4&#8243; _builder_version=&#8221;4.16&#8243; _dynamic_attributes=&#8221;link_option_url&#8221; _module_preset=&#8221;default&#8221; link_option_url=&#8221;@ET-DC@eyJkeW5hbWljIjp0cnVlLCJjb250ZW50IjoicG9zdF9saW5rX3VybF9wYWdlIiwic2V0dGluZ3MiOnsicG9zdF9pZCI6IjE0OCJ9fQ==@&#8221; global_colors_info=&#8221;{}&#8221;][et_pb_image src=&#8221;https:\/\/measline.com\/wp-content\/uploads\/2025\/03\/828-Komora-Ramana-Solaris-scaled.jpg&#8221; alt=&#8221; Komora Ramana &#8221; title_text=&#8221;828 Komora Ramana Solaris&#8221; _builder_version=&#8221;4.27.4&#8243; _module_preset=&#8221;default&#8221; global_colors_info=&#8221;{}&#8221;][\/et_pb_image][\/et_pb_column][et_pb_column type=&#8221;3_4&#8243; _builder_version=&#8221;4.16&#8243; _module_preset=&#8221;default&#8221; global_colors_info=&#8221;{}&#8221;][et_pb_text _builder_version=&#8221;4.22.2&#8243; _module_preset=&#8221;default&#8221; custom_padding=&#8221;|50px||||&#8221; global_colors_info=&#8221;{}&#8221;]<\/p>\n<div>\n<h3>Vacuum chambers in UHV standard<\/h3>\n<p>\u00a0<span style=\"font-size: 14px;\">\u00a0<\/span><\/p>\n<\/div>\n<div>\n<p align=\"justify\">Vacuum chamber made in UHV standard from 304 L stainless steel.<\/p>\n<p data-start=\"87\" data-end=\"211\" class=\"\">The interior of the chamber is polished, while the exterior surface is shot blasted. The chamber is equipped with 8 flanges.<\/p>\n<p style=\"text-align: left;\"><span>\u00a0<\/span><\/p>\n<\/div>\n<p>[\/et_pb_text][\/et_pb_column][\/et_pb_row][et_pb_row column_structure=&#8221;1_4,3_4&#8243; _builder_version=&#8221;4.22.2&#8243; _module_preset=&#8221;default&#8221; background_color=&#8221;rgba(0,0,0,0.05)&#8221; width=&#8221;78.5%&#8221; min_height=&#8221;168.2px&#8221; custom_margin=&#8221;|auto|9px|auto||&#8221; custom_padding=&#8221;|||37px||&#8221; border_width_all=&#8221;1px&#8221; border_color_all=&#8221;rgba(140,140,140,0.17)&#8221; border_style_all=&#8221;double&#8221; box_shadow_style=&#8221;preset4&#8243; box_shadow_blur=&#8221;16px&#8221; box_shadow_spread=&#8221;-17px&#8221; global_colors_info=&#8221;{}&#8221;][et_pb_column type=&#8221;1_4&#8243; _builder_version=&#8221;4.16&#8243; _dynamic_attributes=&#8221;link_option_url&#8221; _module_preset=&#8221;default&#8221; link_option_url=&#8221;@ET-DC@eyJkeW5hbWljIjp0cnVlLCJjb250ZW50IjoicG9zdF9saW5rX3VybF9wYWdlIiwic2V0dGluZ3MiOnsicG9zdF9pZCI6IjE0OCJ9fQ==@&#8221; global_colors_info=&#8221;{}&#8221;][et_pb_image src=&#8221;https:\/\/measline.com\/wp-content\/uploads\/2023\/09\/20230922_120853-EDIT-1.jpg&#8221; alt=&#8221;Vacuum chamber&#8221; title_text=&#8221;Vacuum chamber&#8221; _builder_version=&#8221;4.22.2&#8243; _module_preset=&#8221;default&#8221; global_colors_info=&#8221;{}&#8221;][\/et_pb_image][\/et_pb_column][et_pb_column type=&#8221;3_4&#8243; _builder_version=&#8221;4.16&#8243; _module_preset=&#8221;default&#8221; global_colors_info=&#8221;{}&#8221;][et_pb_text _builder_version=&#8221;4.22.2&#8243; _module_preset=&#8221;default&#8221; custom_padding=&#8221;|50px||||&#8221; global_colors_info=&#8221;{}&#8221;]<\/p>\n<div>\n<h3>Vacuum chambers in UHV standard<\/h3>\n<p>\u00a0<span style=\"font-size: 14px;\">\u00a0<\/span><\/p>\n<\/div>\n<div>\n<p>The vacuum chamber is made to the UHV standard of 304 L steel, with 3 rotating flanges and the remaining non-rotating flanges.<\/p>\n<p>The inside of the chamber is polished, and the outside surface is matte. All sealing surfaces are polished.<\/p>\n<p style=\"text-align: left;\"><span>\u00a0<\/span><\/p>\n<\/div>\n<p>[\/et_pb_text][\/et_pb_column][\/et_pb_row][et_pb_row column_structure=&#8221;1_4,3_4&#8243; _builder_version=&#8221;4.22.2&#8243; _module_preset=&#8221;default&#8221; background_color=&#8221;rgba(0,0,0,0.05)&#8221; width=&#8221;78.5%&#8221; min_height=&#8221;168.2px&#8221; custom_padding=&#8221;|||37px||&#8221; border_width_all=&#8221;1px&#8221; border_color_all=&#8221;rgba(140,140,140,0.17)&#8221; border_style_all=&#8221;double&#8221; box_shadow_style=&#8221;preset4&#8243; box_shadow_blur=&#8221;16px&#8221; box_shadow_spread=&#8221;-17px&#8221; global_colors_info=&#8221;{}&#8221;][et_pb_column type=&#8221;1_4&#8243; _builder_version=&#8221;4.16&#8243; _dynamic_attributes=&#8221;link_option_url&#8221; _module_preset=&#8221;default&#8221; link_option_url=&#8221;@ET-DC@eyJkeW5hbWljIjp0cnVlLCJjb250ZW50IjoicG9zdF9saW5rX3VybF9wYWdlIiwic2V0dGluZ3MiOnsicG9zdF9pZCI6IjE0OCJ9fQ==@&#8221; global_colors_info=&#8221;{}&#8221;][et_pb_gallery gallery_ids=&#8221;4983,4980&#8243; show_title_and_caption=&#8221;off&#8221; show_pagination=&#8221;off&#8221; _builder_version=&#8221;4.22.2&#8243; _module_preset=&#8221;default&#8221; global_colors_info=&#8221;{}&#8221;][\/et_pb_gallery][\/et_pb_column][et_pb_column type=&#8221;3_4&#8243; _builder_version=&#8221;4.16&#8243; _module_preset=&#8221;default&#8221; global_colors_info=&#8221;{}&#8221;][et_pb_text _builder_version=&#8221;4.22.2&#8243; _module_preset=&#8221;default&#8221; custom_padding=&#8221;|50px||||&#8221; global_colors_info=&#8221;{}&#8221;]<\/p>\n<div>\n<h3>Vacuum chambers in UHV standard<\/h3>\n<p>\u00a0<span style=\"font-size: 14px;\">\u00a0<\/span><\/p>\n<\/div>\n<div>\n<p>The vacuum chamber is made to the UHV standard of 304 L steel, with 3 rotating flanges and the remaining non-rotating flanges.<\/p>\n<p>The inside of the chamber is polished, and the outside surface is matte. All sealing surfaces are polished.<\/p>\n<p style=\"text-align: left;\"><span>\u00a0<\/span><\/p>\n<\/div>\n<p>[\/et_pb_text][\/et_pb_column][\/et_pb_row][et_pb_row column_structure=&#8221;1_4,3_4&#8243; disabled_on=&#8221;off|off|off&#8221; _builder_version=&#8221;4.22.2&#8243; _module_preset=&#8221;default&#8221; background_color=&#8221;rgba(0,0,0,0.05)&#8221; width=&#8221;78.5%&#8221; min_height=&#8221;168.2px&#8221; custom_margin=&#8221;9px|auto|9px|auto||&#8221; custom_padding=&#8221;34px|||37px||&#8221; border_width_all=&#8221;1px&#8221; border_color_all=&#8221;rgba(140,140,140,0.17)&#8221; border_style_all=&#8221;double&#8221; box_shadow_style=&#8221;preset4&#8243; box_shadow_blur=&#8221;16px&#8221; box_shadow_spread=&#8221;-17px&#8221; global_colors_info=&#8221;{}&#8221;][et_pb_column type=&#8221;1_4&#8243; _builder_version=&#8221;4.16&#8243; _dynamic_attributes=&#8221;link_option_url&#8221; _module_preset=&#8221;default&#8221; link_option_url=&#8221;@ET-DC@eyJkeW5hbWljIjp0cnVlLCJjb250ZW50IjoicG9zdF9saW5rX3VybF9wYWdlIiwic2V0dGluZ3MiOnsicG9zdF9pZCI6IjE0OCJ9fQ==@&#8221; global_colors_info=&#8221;{}&#8221;][et_pb_image src=&#8221;https:\/\/measline.com\/wp-content\/uploads\/2023\/10\/komora-nanoszenia-1-e1696337751509.jpg&#8221; alt=&#8221;Deposition chamber&#8221; title_text=&#8221;Deposition chamber&#8221; _builder_version=&#8221;4.22.2&#8243; _module_preset=&#8221;default&#8221; global_colors_info=&#8221;{}&#8221;][\/et_pb_image][\/et_pb_column][et_pb_column type=&#8221;3_4&#8243; _builder_version=&#8221;4.16&#8243; _module_preset=&#8221;default&#8221; global_colors_info=&#8221;{}&#8221;][et_pb_text _builder_version=&#8221;4.22.2&#8243; _module_preset=&#8221;default&#8221; custom_padding=&#8221;|50px||||&#8221; global_colors_info=&#8221;{}&#8221;]<\/p>\n<div>\n<h3>Thin layer deposition chamber<\/h3>\n<p><span style=\"font-size: 14px;\">\u00a0<\/span><\/p>\n<\/div>\n<div>\n<p>Rectangular vacuum chamber made to the UHV standard. It is intended for depositing thin layers using up to three magnetron sources introduced from the bottom of the chamber. The remaining flanges make it possible to place substrates for applying layers, gauges, and quartz scales, to connect the pump set, and to install an optical window for the application process inside the chamber observation. The large door provides easy access to the floor holder.<\/p>\n<\/div>\n<p>[\/et_pb_text][\/et_pb_column][\/et_pb_row][et_pb_row column_structure=&#8221;1_4,3_4&#8243; disabled_on=&#8221;off|off|off&#8221; _builder_version=&#8221;4.27.4&#8243; _module_preset=&#8221;default&#8221; background_color=&#8221;rgba(0,0,0,0.05)&#8221; width=&#8221;78.5%&#8221; min_height=&#8221;168.2px&#8221; custom_margin=&#8221;|auto|9px|auto||&#8221; custom_padding=&#8221;|||37px||&#8221; border_width_all=&#8221;1px&#8221; border_color_all=&#8221;rgba(140,140,140,0.17)&#8221; border_style_all=&#8221;double&#8221; box_shadow_style=&#8221;preset4&#8243; box_shadow_blur=&#8221;16px&#8221; box_shadow_spread=&#8221;-17px&#8221; global_colors_info=&#8221;{}&#8221;][et_pb_column type=&#8221;1_4&#8243; _builder_version=&#8221;4.16&#8243; _dynamic_attributes=&#8221;link_option_url&#8221; _module_preset=&#8221;default&#8221; link_option_url=&#8221;@ET-DC@eyJkeW5hbWljIjp0cnVlLCJjb250ZW50IjoicG9zdF9saW5rX3VybF9wYWdlIiwic2V0dGluZ3MiOnsicG9zdF9pZCI6IjE0OCJ9fQ==@&#8221; global_colors_info=&#8221;{}&#8221;][et_pb_image src=&#8221;https:\/\/measline.com\/wp-content\/uploads\/2025\/04\/Komora-z-chlodzeniem-wodnym-na-stelazu-rotated.jpg&#8221; alt=&#8221;Komora z ch\u0142odzeniem wodnym na stela\u017cu&#8221; title_text=&#8221;Komora z ch\u0142odzeniem wodnym na stela\u017cu&#8221; _builder_version=&#8221;4.27.4&#8243; _module_preset=&#8221;default&#8221; hover_enabled=&#8221;0&#8243; global_colors_info=&#8221;{}&#8221; sticky_enabled=&#8221;0&#8243;][\/et_pb_image][\/et_pb_column][et_pb_column type=&#8221;3_4&#8243; _builder_version=&#8221;4.16&#8243; _module_preset=&#8221;default&#8221; global_colors_info=&#8221;{}&#8221;][et_pb_text _builder_version=&#8221;4.22.2&#8243; _module_preset=&#8221;default&#8221; custom_padding=&#8221;|50px||||&#8221; global_colors_info=&#8221;{}&#8221;]<\/p>\n<div>\n<h3>Chamber with external water cooling<\/h3>\n<p>\u00a0<span style=\"font-size: 14px;\">\u00a0<\/span><\/p>\n<\/div>\n<div>\n<p>High vacuum chamber made in the HV standard from 304 steel with the possibility of external cooling of the chamber walls with water. The design provides easy access to elements mounted outside and to the vacuum equipment installed inside the chamber. The chamber has a rectangular shape. It is equipped with ports adapted to optical windows.<\/p>\n<p style=\"text-align: left;\"><span>\u00a0<\/span><\/p>\n<\/div>\n<p>[\/et_pb_text][\/et_pb_column][\/et_pb_row][\/et_pb_section]<\/p>\n","protected":false},"excerpt":{"rendered":"<p>Vacuum chambers The chambers designed and manufactured by MeasLine are made to the HV or UHV standard. All chamber parameters, including size, shape, wall thickness, number, and location of flanges, are selected based on the customer&#8217;s guidelines. The chambers can be adapted to work at low and high temperatures. Examples of implementations are presented below. [&hellip;]<\/p>\n","protected":false},"author":2,"featured_media":4871,"parent":0,"menu_order":0,"comment_status":"closed","ping_status":"closed","template":"","meta":{"_et_pb_use_builder":"on","_et_pb_old_content":"","_et_gb_content_width":"","footnotes":""},"class_list":["post-4960","page","type-page","status-publish","has-post-thumbnail","hentry"],"yoast_head":"<!-- This site is optimized with the Yoast SEO plugin v27.5 - https:\/\/yoast.com\/product\/yoast-seo-wordpress\/ -->\n<title>Vacuum chambers - Measline<\/title>\n<meta name=\"description\" content=\"Vacuum chambers manufactured in Poland by MeasLine adapted to work in UHV conditions. The chamber parameters are selected individually.\" \/>\n<meta name=\"robots\" content=\"index, follow, max-snippet:-1, max-image-preview:large, max-video-preview:-1\" \/>\n<link rel=\"canonical\" href=\"https:\/\/measline.com\/index.php\/en-gb\/vacuum-chambers\/\" \/>\n<meta property=\"og:locale\" content=\"pl_PL\" \/>\n<meta property=\"og:type\" content=\"article\" \/>\n<meta property=\"og:title\" content=\"Vacuum chambers - Measline\" \/>\n<meta property=\"og:description\" content=\"Vacuum chambers manufactured in Poland by MeasLine adapted to work in UHV conditions. The chamber parameters are selected individually.\" \/>\n<meta property=\"og:url\" content=\"https:\/\/measline.com\/index.php\/en-gb\/vacuum-chambers\/\" \/>\n<meta property=\"og:site_name\" content=\"Measline\" \/>\n<meta property=\"article:modified_time\" content=\"2025-04-10T10:37:52+00:00\" \/>\n<meta property=\"og:image\" content=\"https:\/\/measline.com\/wp-content\/uploads\/2023\/09\/20230922_120853-EDIT.jpg\" \/>\n\t<meta property=\"og:image:width\" content=\"2140\" \/>\n\t<meta property=\"og:image:height\" content=\"2260\" \/>\n\t<meta property=\"og:image:type\" content=\"image\/jpeg\" \/>\n<meta name=\"twitter:card\" content=\"summary_large_image\" \/>\n<meta name=\"twitter:label1\" content=\"Szacowany czas czytania\" \/>\n\t<meta name=\"twitter:data1\" content=\"6 minut\" \/>\n<script type=\"application\/ld+json\" class=\"yoast-schema-graph\">{\"@context\":\"https:\\\/\\\/schema.org\",\"@graph\":[{\"@type\":\"WebPage\",\"@id\":\"https:\\\/\\\/measline.com\\\/index.php\\\/en-gb\\\/vacuum-chambers\\\/\",\"url\":\"https:\\\/\\\/measline.com\\\/index.php\\\/en-gb\\\/vacuum-chambers\\\/\",\"name\":\"Vacuum chambers - Measline\",\"isPartOf\":{\"@id\":\"https:\\\/\\\/measline.com\\\/#website\"},\"primaryImageOfPage\":{\"@id\":\"https:\\\/\\\/measline.com\\\/index.php\\\/en-gb\\\/vacuum-chambers\\\/#primaryimage\"},\"image\":{\"@id\":\"https:\\\/\\\/measline.com\\\/index.php\\\/en-gb\\\/vacuum-chambers\\\/#primaryimage\"},\"thumbnailUrl\":\"https:\\\/\\\/measline.com\\\/wp-content\\\/uploads\\\/2023\\\/09\\\/20230922_120853-EDIT.jpg\",\"datePublished\":\"2023-10-03T08:38:49+00:00\",\"dateModified\":\"2025-04-10T10:37:52+00:00\",\"description\":\"Vacuum chambers manufactured in Poland by MeasLine adapted to work in UHV conditions. The chamber parameters are selected individually.\",\"breadcrumb\":{\"@id\":\"https:\\\/\\\/measline.com\\\/index.php\\\/en-gb\\\/vacuum-chambers\\\/#breadcrumb\"},\"inLanguage\":\"pl-PL\",\"potentialAction\":[{\"@type\":\"ReadAction\",\"target\":[\"https:\\\/\\\/measline.com\\\/index.php\\\/en-gb\\\/vacuum-chambers\\\/\"]}]},{\"@type\":\"ImageObject\",\"inLanguage\":\"pl-PL\",\"@id\":\"https:\\\/\\\/measline.com\\\/index.php\\\/en-gb\\\/vacuum-chambers\\\/#primaryimage\",\"url\":\"https:\\\/\\\/measline.com\\\/wp-content\\\/uploads\\\/2023\\\/09\\\/20230922_120853-EDIT.jpg\",\"contentUrl\":\"https:\\\/\\\/measline.com\\\/wp-content\\\/uploads\\\/2023\\\/09\\\/20230922_120853-EDIT.jpg\",\"width\":2140,\"height\":2260,\"caption\":\"Komora dostosowana do pracy w warunkach wysokiej pr\u00f3\u017cni\"},{\"@type\":\"BreadcrumbList\",\"@id\":\"https:\\\/\\\/measline.com\\\/index.php\\\/en-gb\\\/vacuum-chambers\\\/#breadcrumb\",\"itemListElement\":[{\"@type\":\"ListItem\",\"position\":1,\"name\":\"Strona g\u0142\u00f3wna\",\"item\":\"https:\\\/\\\/measline.com\\\/index.php\\\/pl\\\/\"},{\"@type\":\"ListItem\",\"position\":2,\"name\":\"Vacuum chambers\"}]},{\"@type\":\"WebSite\",\"@id\":\"https:\\\/\\\/measline.com\\\/#website\",\"url\":\"https:\\\/\\\/measline.com\\\/\",\"name\":\"Measline\",\"description\":\"Advanced solutions\",\"publisher\":{\"@id\":\"https:\\\/\\\/measline.com\\\/#organization\"},\"potentialAction\":[{\"@type\":\"SearchAction\",\"target\":{\"@type\":\"EntryPoint\",\"urlTemplate\":\"https:\\\/\\\/measline.com\\\/?s={search_term_string}\"},\"query-input\":{\"@type\":\"PropertyValueSpecification\",\"valueRequired\":true,\"valueName\":\"search_term_string\"}}],\"inLanguage\":\"pl-PL\"},{\"@type\":\"Organization\",\"@id\":\"https:\\\/\\\/measline.com\\\/#organization\",\"name\":\"Measline\",\"url\":\"https:\\\/\\\/measline.com\\\/\",\"logo\":{\"@type\":\"ImageObject\",\"inLanguage\":\"pl-PL\",\"@id\":\"https:\\\/\\\/measline.com\\\/#\\\/schema\\\/logo\\\/image\\\/\",\"url\":\"https:\\\/\\\/measline.com\\\/wp-content\\\/uploads\\\/2021\\\/11\\\/logo_color_small.png.png\",\"contentUrl\":\"https:\\\/\\\/measline.com\\\/wp-content\\\/uploads\\\/2021\\\/11\\\/logo_color_small.png.png\",\"width\":1000,\"height\":417,\"caption\":\"Measline\"},\"image\":{\"@id\":\"https:\\\/\\\/measline.com\\\/#\\\/schema\\\/logo\\\/image\\\/\"}}]}<\/script>\n<!-- \/ Yoast SEO plugin. -->","yoast_head_json":{"title":"Vacuum chambers - Measline","description":"Vacuum chambers manufactured in Poland by MeasLine adapted to work in UHV conditions. The chamber parameters are selected individually.","robots":{"index":"index","follow":"follow","max-snippet":"max-snippet:-1","max-image-preview":"max-image-preview:large","max-video-preview":"max-video-preview:-1"},"canonical":"https:\/\/measline.com\/index.php\/en-gb\/vacuum-chambers\/","og_locale":"pl_PL","og_type":"article","og_title":"Vacuum chambers - Measline","og_description":"Vacuum chambers manufactured in Poland by MeasLine adapted to work in UHV conditions. The chamber parameters are selected individually.","og_url":"https:\/\/measline.com\/index.php\/en-gb\/vacuum-chambers\/","og_site_name":"Measline","article_modified_time":"2025-04-10T10:37:52+00:00","og_image":[{"width":2140,"height":2260,"url":"https:\/\/measline.com\/wp-content\/uploads\/2023\/09\/20230922_120853-EDIT.jpg","type":"image\/jpeg"}],"twitter_card":"summary_large_image","twitter_misc":{"Szacowany czas czytania":"6 minut"},"schema":{"@context":"https:\/\/schema.org","@graph":[{"@type":"WebPage","@id":"https:\/\/measline.com\/index.php\/en-gb\/vacuum-chambers\/","url":"https:\/\/measline.com\/index.php\/en-gb\/vacuum-chambers\/","name":"Vacuum chambers - Measline","isPartOf":{"@id":"https:\/\/measline.com\/#website"},"primaryImageOfPage":{"@id":"https:\/\/measline.com\/index.php\/en-gb\/vacuum-chambers\/#primaryimage"},"image":{"@id":"https:\/\/measline.com\/index.php\/en-gb\/vacuum-chambers\/#primaryimage"},"thumbnailUrl":"https:\/\/measline.com\/wp-content\/uploads\/2023\/09\/20230922_120853-EDIT.jpg","datePublished":"2023-10-03T08:38:49+00:00","dateModified":"2025-04-10T10:37:52+00:00","description":"Vacuum chambers manufactured in Poland by MeasLine adapted to work in UHV conditions. The chamber parameters are selected individually.","breadcrumb":{"@id":"https:\/\/measline.com\/index.php\/en-gb\/vacuum-chambers\/#breadcrumb"},"inLanguage":"pl-PL","potentialAction":[{"@type":"ReadAction","target":["https:\/\/measline.com\/index.php\/en-gb\/vacuum-chambers\/"]}]},{"@type":"ImageObject","inLanguage":"pl-PL","@id":"https:\/\/measline.com\/index.php\/en-gb\/vacuum-chambers\/#primaryimage","url":"https:\/\/measline.com\/wp-content\/uploads\/2023\/09\/20230922_120853-EDIT.jpg","contentUrl":"https:\/\/measline.com\/wp-content\/uploads\/2023\/09\/20230922_120853-EDIT.jpg","width":2140,"height":2260,"caption":"Komora dostosowana do pracy w warunkach wysokiej pr\u00f3\u017cni"},{"@type":"BreadcrumbList","@id":"https:\/\/measline.com\/index.php\/en-gb\/vacuum-chambers\/#breadcrumb","itemListElement":[{"@type":"ListItem","position":1,"name":"Strona g\u0142\u00f3wna","item":"https:\/\/measline.com\/index.php\/pl\/"},{"@type":"ListItem","position":2,"name":"Vacuum chambers"}]},{"@type":"WebSite","@id":"https:\/\/measline.com\/#website","url":"https:\/\/measline.com\/","name":"Measline","description":"Advanced solutions","publisher":{"@id":"https:\/\/measline.com\/#organization"},"potentialAction":[{"@type":"SearchAction","target":{"@type":"EntryPoint","urlTemplate":"https:\/\/measline.com\/?s={search_term_string}"},"query-input":{"@type":"PropertyValueSpecification","valueRequired":true,"valueName":"search_term_string"}}],"inLanguage":"pl-PL"},{"@type":"Organization","@id":"https:\/\/measline.com\/#organization","name":"Measline","url":"https:\/\/measline.com\/","logo":{"@type":"ImageObject","inLanguage":"pl-PL","@id":"https:\/\/measline.com\/#\/schema\/logo\/image\/","url":"https:\/\/measline.com\/wp-content\/uploads\/2021\/11\/logo_color_small.png.png","contentUrl":"https:\/\/measline.com\/wp-content\/uploads\/2021\/11\/logo_color_small.png.png","width":1000,"height":417,"caption":"Measline"},"image":{"@id":"https:\/\/measline.com\/#\/schema\/logo\/image\/"}}]}},"_links":{"self":[{"href":"https:\/\/measline.com\/index.php\/wp-json\/wp\/v2\/pages\/4960","targetHints":{"allow":["GET"]}}],"collection":[{"href":"https:\/\/measline.com\/index.php\/wp-json\/wp\/v2\/pages"}],"about":[{"href":"https:\/\/measline.com\/index.php\/wp-json\/wp\/v2\/types\/page"}],"author":[{"embeddable":true,"href":"https:\/\/measline.com\/index.php\/wp-json\/wp\/v2\/users\/2"}],"replies":[{"embeddable":true,"href":"https:\/\/measline.com\/index.php\/wp-json\/wp\/v2\/comments?post=4960"}],"version-history":[{"count":14,"href":"https:\/\/measline.com\/index.php\/wp-json\/wp\/v2\/pages\/4960\/revisions"}],"predecessor-version":[{"id":5348,"href":"https:\/\/measline.com\/index.php\/wp-json\/wp\/v2\/pages\/4960\/revisions\/5348"}],"wp:featuredmedia":[{"embeddable":true,"href":"https:\/\/measline.com\/index.php\/wp-json\/wp\/v2\/media\/4871"}],"wp:attachment":[{"href":"https:\/\/measline.com\/index.php\/wp-json\/wp\/v2\/media?parent=4960"}],"curies":[{"name":"wp","href":"https:\/\/api.w.org\/{rel}","templated":true}]}}