{"id":532,"date":"2021-12-01T15:55:31","date_gmt":"2021-12-01T14:55:31","guid":{"rendered":"http:\/\/measline.com\/\/?page_id=532"},"modified":"2022-04-13T08:42:42","modified_gmt":"2022-04-13T06:42:42","slug":"metodyka-pomiarow-optycznych","status":"publish","type":"page","link":"https:\/\/measline.com\/index.php\/pl\/measline\/605-2\/metodyka-pomiarow-optycznych\/","title":{"rendered":"Metodyka pomiar\u00f3w optycznych"},"content":{"rendered":"\n\n\n\n\n[et_pb_section fb_built=&#8221;1&#8243; _builder_version=&#8221;4.14.2&#8243; _module_preset=&#8221;default&#8221; hover_enabled=&#8221;0&#8243; global_colors_info=&#8221;{}&#8221; sticky_enabled=&#8221;0&#8243;][et_pb_row column_structure=&#8221;1_2,1_2&#8243; _builder_version=&#8221;4.14.1&#8243; _module_preset=&#8221;default&#8221; global_colors_info=&#8221;{}&#8221;][et_pb_column type=&#8221;1_2&#8243; _builder_version=&#8221;4.14.1&#8243; _module_preset=&#8221;default&#8221; global_colors_info=&#8221;{}&#8221;][et_pb_text admin_label=&#8221;tytu\u0142&#8221; _builder_version=&#8221;4.14.2&#8243; _module_preset=&#8221;default&#8221; custom_margin=&#8221;0px||0px||false|false&#8221; custom_padding=&#8221;0px||||false|false&#8221; hover_enabled=&#8221;0&#8243; global_colors_info=&#8221;{}&#8221; sticky_enabled=&#8221;0&#8243;]<h2 class=\"entry-title \">Metodyka pomiar\u00f3w optycznych<\/h2>[\/et_pb_text][et_pb_divider color=&#8221;#225600&#8243; divider_weight=&#8221;2px&#8221; admin_label=&#8221;Separator&#8221; _builder_version=&#8221;4.14.1&#8243; _module_preset=&#8221;default&#8221; global_colors_info=&#8221;{}&#8221;][\/et_pb_divider][et_pb_text admin_label=&#8221;Tekst&#8221; _builder_version=&#8221;4.14.2&#8243; _module_preset=&#8221;default&#8221; custom_margin=&#8221;||-13px||false|false&#8221; hover_enabled=&#8221;0&#8243; global_colors_info=&#8221;{}&#8221; sticky_enabled=&#8221;0&#8243;]<p style=\"text-align: justify;\">Typowymi parametrami optycznymi charakteryzuj\u0105cymi cia\u0142a sta\u0142e i ciecze s\u0105 odbicie, transmisja, absorpcja \u015bwiat\u0142a i fluoroscencja. Pomiary tych parametr\u00f3w wykonywane nastepuj\u0105ca metod\u0105:<\/p>\n<p style=\"text-align: justify;\">1. Wi\u0105zka \u015bwiat\u0142a o d\u0142ugo\u015bci fali z wybranego przedzia\u0142u widma, emitowana\u00a0ze \u017ar\u00f3d\u0142a \u015bwiat\u0142a jest doprowadzana \u015bwiat\u0142owodem do mierzonej pr\u00f3bki.<\/p>\n<p style=\"text-align: justify;\">2. W wyniku oddzia\u0142ywania z pr\u00f3bk\u0105 \u015bwiat\u0142o padaj\u0105ce ulega cz\u0119\u015bciowej absorpcji, interferencji i dyfrakcji.<\/p>\n<p style=\"text-align: justify;\">3. Nast\u0119pnie \u015bwiat\u0142o przesy\u0142ane jest do spektrometru \u015bwiat\u0142owodem, gdzie podlega pomiarowi a nast\u0119pnie analizie za pomoc\u0105 w\u0142a\u015bciwego algorytmu.<\/p>[\/et_pb_text][\/et_pb_column][et_pb_column type=&#8221;1_2&#8243; _builder_version=&#8221;4.14.1&#8243; _module_preset=&#8221;default&#8221; global_colors_info=&#8221;{}&#8221;][et_pb_divider show_divider=&#8221;off&#8221; _builder_version=&#8221;4.14.1&#8243; _module_preset=&#8221;default&#8221; custom_margin=&#8221;21px||21px||true|false&#8221; global_colors_info=&#8221;{}&#8221;][\/et_pb_divider][et_pb_image src=&#8221;http:\/\/measline.com\/\/wp-content\/uploads\/2021\/12\/xpomiar20ogolny-1.jpg.pagespeed.ic_.MF-aslR0nG-1.jpg&#8221; title_text=&#8221;xpomiar20ogolny.jpg.pagespeed.ic.MF-aslR0nG&#8221; _builder_version=&#8221;4.14.2&#8243; _module_preset=&#8221;default&#8221; hover_enabled=&#8221;0&#8243; global_colors_info=&#8221;{}&#8221; sticky_enabled=&#8221;0&#8243;][\/et_pb_image][\/et_pb_column][\/et_pb_row][et_pb_row _builder_version=&#8221;4.14.1&#8243; _module_preset=&#8221;default&#8221; custom_margin=&#8221;-1px||-1px||false|false&#8221; global_colors_info=&#8221;{}&#8221;][et_pb_column type=&#8221;4_4&#8243; _builder_version=&#8221;4.14.1&#8243; _module_preset=&#8221;default&#8221; global_colors_info=&#8221;{}&#8221;][et_pb_text _builder_version=&#8221;4.14.2&#8243; _module_preset=&#8221;default&#8221; custom_margin=&#8221;-25px||||false|false&#8221; hover_enabled=&#8221;0&#8243; global_colors_info=&#8221;{}&#8221; sticky_enabled=&#8221;0&#8243;]<p style=\"text-align: justify;\">W zwi\u0105zku z nieliniowo\u015bci\u0105 intensywno\u015bci \u017ar\u00f3d\u0142a \u015bwiat\u0142a i szumem t\u0142a spektrometru w pomiarach konieczne s\u0105 dwa dodatkowe widma:<\/p>\n<p style=\"text-align: justify;\">a) referencyjne,<\/p>\n<p style=\"text-align: justify;\">b) ciemne<\/p>\n<p style=\"text-align: justify;\">Opieraj\u0105c si\u0119 na zebranych widmach oraz konfiguracji sprz\u0119tu pomiarowego mo\u017cliwe s\u0105 do wykonania nast\u0119puj\u0105ce pomiary absorpcji i transmisji.<\/p>\n<p style=\"text-align: justify;\">Widma absorpcyjne \/ transmisyjne pokazuj\u0105 oddzia\u0142ywanie \u015bwiat\u0142a z badan\u0105 pr\u00f3bk\u0105 w zale\u017cno\u015bci od d\u0142ugo\u015bci fali.\u00a0\u00a0Badana pr\u00f3bka mo\u017ce by\u0107 zar\u00f3wno w postaci ciek\u0142ej jak i cia\u0142a sta\u0142ego. Rysunek poni\u017cej pokazuje og\u00f3lny rysunek z uchwytem dla pr\u00f3bek ciek\u0142ych zamontowany w\u00a0 urz\u0105dzeniu z serii FR. Bardziej szczeg\u00f3\u0142owo opis pomiar\u00f3w znajduje si\u0119 <a class=\" link\" rel=\"nofollow noopener\" href=\"http:\/\/thetametrisis.com\/downloads\/brochures\" target=\"_blank\">instrukcji obs\u0142ugi urz\u0105dze\u0144 FR<\/a>.<\/p>[\/et_pb_text][et_pb_image src=&#8221;http:\/\/measline.com\/\/wp-content\/uploads\/2021\/12\/xpomiar20absorpcji.jpg.pagespeed.ic_.McGA6gsqVi.jpg&#8221; title_text=&#8221;xpomiar20absorpcji.jpg.pagespeed.ic.McGA6gsqVi&#8221; align=&#8221;center&#8221; _builder_version=&#8221;4.14.2&#8243; _module_preset=&#8221;default&#8221; global_colors_info=&#8221;{}&#8221;][\/et_pb_image][et_pb_text _builder_version=&#8221;4.14.2&#8243; _module_preset=&#8221;default&#8221; custom_padding=&#8221;0px||0px||true|false&#8221; global_colors_info=&#8221;{}&#8221;]<p style=\"text-align: justify;\"><span>Wsp\u00f3\u0142czynnik poch\u0142aniania \u015bwiat\u0142a (absorbancja) dla okre\u015blonej d\u0142ugo\u015bci fali \u015bwietlnej\u00a0<\/span><img decoding=\"async\" class=\"tex\" src=\"http:\/\/upload.wikimedia.org\/math\/e\/9\/3\/e93b847b5d21544de9cc691a018185bb.png\" alt=\"A_\\lambda\" data-pagespeed-url-hash=\"326078963\" \/><span> zdefiniowany jest nast\u0119puj\u0105co:<\/span><\/p>[\/et_pb_text][et_pb_image _builder_version=&#8221;4.14.2&#8243; _module_preset=&#8221;default&#8221; hover_enabled=&#8221;0&#8243; sticky_enabled=&#8221;0&#8243; title_text=&#8221;row&#8221; src=&#8221;http:\/\/measline.com\/\/wp-content\/uploads\/2021\/12\/row.png&#8221; align=&#8221;center&#8221;][\/et_pb_image][et_pb_text _builder_version=&#8221;4.14.2&#8243; _module_preset=&#8221;default&#8221; hover_enabled=&#8221;0&#8243; sticky_enabled=&#8221;0&#8243;]<p style=\"text-align: justify;\">gdzie <img decoding=\"async\" class=\"tex\" src=\"http:\/\/upload.wikimedia.org\/math\/b\/c\/9\/bc970f9dbea49e7128d48e7cb09fff61.png\" alt=\"I_0\" data-pagespeed-url-hash=\"3447083874\" \/>\u00a0jest nat\u0119\u017ceniem \u015bwiat\u0142a przechodz\u0105cego przez pust\u0105 kuwet\u0119, a <img decoding=\"async\" class=\"tex\" src=\"http:\/\/upload.wikimedia.org\/math\/e\/7\/c\/e7c712ba0cb3b59ee092e895ec6f9c72.png\" alt=\"I_1\" data-pagespeed-url-hash=\"3006872611\" \/>\u00a0jest nat\u0119\u017ceniem \u015bwiat\u0142a przechodz\u0105cego przez kuwet\u0119 z badan\u0105 ciecz\u0105.<\/p>\n<p style=\"text-align: justify;\">Dla precyzyjnych bada\u0144 zar\u00f3wno od <img decoding=\"async\" class=\"tex\" src=\"http:\/\/upload.wikimedia.org\/math\/b\/c\/9\/bc970f9dbea49e7128d48e7cb09fff61.png\" alt=\"I_0\" data-pagespeed-url-hash=\"3447083874\" \/>\u00a0jak i od <img decoding=\"async\" class=\"tex\" src=\"http:\/\/upload.wikimedia.org\/math\/e\/7\/c\/e7c712ba0cb3b59ee092e895ec6f9c72.png\" alt=\"I_1\" data-pagespeed-url-hash=\"3006872611\" \/>\u00a0nale\u017cy odj\u0105\u0107 przyczynek pochodz\u0105cy od tzw.\u00a0pr\u0105du ciemnego \u00a0generuj\u0105cego si\u0119 w czujnikach \u015bwiat\u0142a w wyniku termicznej kreacji no\u015bnik\u00f3w pr\u0105du.<\/p>\n<p style=\"text-align: justify;\">[\/et_pb_text][\/et_pb_column][\/et_pb_row][\/et_pb_section]\n\n\n\n\n","protected":false},"excerpt":{"rendered":"<p>Metodyka pomiar\u00f3w optycznychTypowymi parametrami optycznymi charakteryzuj\u0105cymi cia\u0142a sta\u0142e i ciecze s\u0105 odbicie, transmisja, absorpcja \u015bwiat\u0142a i fluoroscencja. Pomiary tych parametr\u00f3w wykonywane nastepuj\u0105ca metod\u0105: 1. Wi\u0105zka \u015bwiat\u0142a o d\u0142ugo\u015bci fali z wybranego przedzia\u0142u widma, emitowana\u00a0ze \u017ar\u00f3d\u0142a \u015bwiat\u0142a jest doprowadzana \u015bwiat\u0142owodem do mierzonej pr\u00f3bki. 2. W wyniku oddzia\u0142ywania z pr\u00f3bk\u0105 \u015bwiat\u0142o padaj\u0105ce ulega cz\u0119\u015bciowej absorpcji, interferencji i [&hellip;]<\/p>\n","protected":false},"author":1,"featured_media":0,"parent":605,"menu_order":0,"comment_status":"closed","ping_status":"closed","template":"","meta":{"_et_pb_use_builder":"on","_et_pb_old_content":"","_et_gb_content_width":"","footnotes":""},"class_list":["post-532","page","type-page","status-publish","hentry"],"yoast_head":"<!-- This site is optimized with the Yoast SEO plugin v27.4 - https:\/\/yoast.com\/product\/yoast-seo-wordpress\/ -->\n<title>Metodyka pomiar\u00f3w optycznych - Measline<\/title>\n<meta name=\"description\" content=\"Teoretyczny opis metodyki stosowanej do charakterystyki cia\u0142 sta\u0142ych i cieczy metodami optycznymi\" \/>\n<meta name=\"robots\" content=\"index, follow, max-snippet:-1, max-image-preview:large, max-video-preview:-1\" \/>\n<link rel=\"canonical\" href=\"https:\/\/measline.com\/index.php\/pl\/measline\/605-2\/metodyka-pomiarow-optycznych\/\" \/>\n<meta property=\"og:locale\" content=\"pl_PL\" \/>\n<meta property=\"og:type\" content=\"article\" \/>\n<meta property=\"og:title\" content=\"Metodyka pomiar\u00f3w optycznych - Measline\" \/>\n<meta property=\"og:description\" content=\"Teoretyczny opis metodyki stosowanej do charakterystyki cia\u0142 sta\u0142ych i cieczy metodami optycznymi\" \/>\n<meta property=\"og:url\" content=\"https:\/\/measline.com\/index.php\/pl\/measline\/605-2\/metodyka-pomiarow-optycznych\/\" \/>\n<meta property=\"og:site_name\" content=\"Measline\" \/>\n<meta property=\"article:modified_time\" content=\"2022-04-13T06:42:42+00:00\" \/>\n<meta property=\"og:image\" content=\"http:\/\/upload.wikimedia.org\/math\/e\/9\/3\/e93b847b5d21544de9cc691a018185bb.png\" \/>\n<meta name=\"twitter:card\" content=\"summary_large_image\" \/>\n<meta name=\"twitter:label1\" content=\"Szacowany czas czytania\" \/>\n\t<meta name=\"twitter:data1\" content=\"3 minuty\" \/>\n<script type=\"application\/ld+json\" class=\"yoast-schema-graph\">{\"@context\":\"https:\\\/\\\/schema.org\",\"@graph\":[{\"@type\":\"WebPage\",\"@id\":\"https:\\\/\\\/measline.com\\\/index.php\\\/pl\\\/measline\\\/605-2\\\/metodyka-pomiarow-optycznych\\\/\",\"url\":\"https:\\\/\\\/measline.com\\\/index.php\\\/pl\\\/measline\\\/605-2\\\/metodyka-pomiarow-optycznych\\\/\",\"name\":\"Metodyka pomiar\u00f3w optycznych - Measline\",\"isPartOf\":{\"@id\":\"https:\\\/\\\/measline.com\\\/#website\"},\"primaryImageOfPage\":{\"@id\":\"https:\\\/\\\/measline.com\\\/index.php\\\/pl\\\/measline\\\/605-2\\\/metodyka-pomiarow-optycznych\\\/#primaryimage\"},\"image\":{\"@id\":\"https:\\\/\\\/measline.com\\\/index.php\\\/pl\\\/measline\\\/605-2\\\/metodyka-pomiarow-optycznych\\\/#primaryimage\"},\"thumbnailUrl\":\"http:\\\/\\\/upload.wikimedia.org\\\/math\\\/e\\\/9\\\/3\\\/e93b847b5d21544de9cc691a018185bb.png\",\"datePublished\":\"2021-12-01T14:55:31+00:00\",\"dateModified\":\"2022-04-13T06:42:42+00:00\",\"description\":\"Teoretyczny opis metodyki stosowanej do charakterystyki cia\u0142 sta\u0142ych i cieczy metodami optycznymi\",\"breadcrumb\":{\"@id\":\"https:\\\/\\\/measline.com\\\/index.php\\\/pl\\\/measline\\\/605-2\\\/metodyka-pomiarow-optycznych\\\/#breadcrumb\"},\"inLanguage\":\"pl-PL\",\"potentialAction\":[{\"@type\":\"ReadAction\",\"target\":[\"https:\\\/\\\/measline.com\\\/index.php\\\/pl\\\/measline\\\/605-2\\\/metodyka-pomiarow-optycznych\\\/\"]}]},{\"@type\":\"ImageObject\",\"inLanguage\":\"pl-PL\",\"@id\":\"https:\\\/\\\/measline.com\\\/index.php\\\/pl\\\/measline\\\/605-2\\\/metodyka-pomiarow-optycznych\\\/#primaryimage\",\"url\":\"http:\\\/\\\/upload.wikimedia.org\\\/math\\\/e\\\/9\\\/3\\\/e93b847b5d21544de9cc691a018185bb.png\",\"contentUrl\":\"http:\\\/\\\/upload.wikimedia.org\\\/math\\\/e\\\/9\\\/3\\\/e93b847b5d21544de9cc691a018185bb.png\"},{\"@type\":\"BreadcrumbList\",\"@id\":\"https:\\\/\\\/measline.com\\\/index.php\\\/pl\\\/measline\\\/605-2\\\/metodyka-pomiarow-optycznych\\\/#breadcrumb\",\"itemListElement\":[{\"@type\":\"ListItem\",\"position\":1,\"name\":\"Strona g\u0142\u00f3wna\",\"item\":\"https:\\\/\\\/measline.com\\\/index.php\\\/pl\\\/\"},{\"@type\":\"ListItem\",\"position\":2,\"name\":\"Strona g\u0142\u00f3wna\",\"item\":\"https:\\\/\\\/measline.com\\\/index.php\\\/pl\\\/\"},{\"@type\":\"ListItem\",\"position\":3,\"name\":\"Baza wiedzy\",\"item\":\"https:\\\/\\\/measline.com\\\/index.php\\\/pl\\\/measline\\\/605-2\\\/\"},{\"@type\":\"ListItem\",\"position\":4,\"name\":\"Metodyka pomiar\u00f3w optycznych\"}]},{\"@type\":\"WebSite\",\"@id\":\"https:\\\/\\\/measline.com\\\/#website\",\"url\":\"https:\\\/\\\/measline.com\\\/\",\"name\":\"Measline\",\"description\":\"Advanced solutions\",\"publisher\":{\"@id\":\"https:\\\/\\\/measline.com\\\/#organization\"},\"potentialAction\":[{\"@type\":\"SearchAction\",\"target\":{\"@type\":\"EntryPoint\",\"urlTemplate\":\"https:\\\/\\\/measline.com\\\/?s={search_term_string}\"},\"query-input\":{\"@type\":\"PropertyValueSpecification\",\"valueRequired\":true,\"valueName\":\"search_term_string\"}}],\"inLanguage\":\"pl-PL\"},{\"@type\":\"Organization\",\"@id\":\"https:\\\/\\\/measline.com\\\/#organization\",\"name\":\"Measline\",\"url\":\"https:\\\/\\\/measline.com\\\/\",\"logo\":{\"@type\":\"ImageObject\",\"inLanguage\":\"pl-PL\",\"@id\":\"https:\\\/\\\/measline.com\\\/#\\\/schema\\\/logo\\\/image\\\/\",\"url\":\"https:\\\/\\\/measline.com\\\/wp-content\\\/uploads\\\/2021\\\/11\\\/logo_color_small.png.png\",\"contentUrl\":\"https:\\\/\\\/measline.com\\\/wp-content\\\/uploads\\\/2021\\\/11\\\/logo_color_small.png.png\",\"width\":1000,\"height\":417,\"caption\":\"Measline\"},\"image\":{\"@id\":\"https:\\\/\\\/measline.com\\\/#\\\/schema\\\/logo\\\/image\\\/\"}}]}<\/script>\n<!-- \/ Yoast SEO plugin. -->","yoast_head_json":{"title":"Metodyka pomiar\u00f3w optycznych - Measline","description":"Teoretyczny opis metodyki stosowanej do charakterystyki cia\u0142 sta\u0142ych i cieczy metodami optycznymi","robots":{"index":"index","follow":"follow","max-snippet":"max-snippet:-1","max-image-preview":"max-image-preview:large","max-video-preview":"max-video-preview:-1"},"canonical":"https:\/\/measline.com\/index.php\/pl\/measline\/605-2\/metodyka-pomiarow-optycznych\/","og_locale":"pl_PL","og_type":"article","og_title":"Metodyka pomiar\u00f3w optycznych - Measline","og_description":"Teoretyczny opis metodyki stosowanej do charakterystyki cia\u0142 sta\u0142ych i cieczy metodami optycznymi","og_url":"https:\/\/measline.com\/index.php\/pl\/measline\/605-2\/metodyka-pomiarow-optycznych\/","og_site_name":"Measline","article_modified_time":"2022-04-13T06:42:42+00:00","og_image":[{"url":"http:\/\/upload.wikimedia.org\/math\/e\/9\/3\/e93b847b5d21544de9cc691a018185bb.png","type":"","width":"","height":""}],"twitter_card":"summary_large_image","twitter_misc":{"Szacowany czas czytania":"3 minuty"},"schema":{"@context":"https:\/\/schema.org","@graph":[{"@type":"WebPage","@id":"https:\/\/measline.com\/index.php\/pl\/measline\/605-2\/metodyka-pomiarow-optycznych\/","url":"https:\/\/measline.com\/index.php\/pl\/measline\/605-2\/metodyka-pomiarow-optycznych\/","name":"Metodyka pomiar\u00f3w optycznych - Measline","isPartOf":{"@id":"https:\/\/measline.com\/#website"},"primaryImageOfPage":{"@id":"https:\/\/measline.com\/index.php\/pl\/measline\/605-2\/metodyka-pomiarow-optycznych\/#primaryimage"},"image":{"@id":"https:\/\/measline.com\/index.php\/pl\/measline\/605-2\/metodyka-pomiarow-optycznych\/#primaryimage"},"thumbnailUrl":"http:\/\/upload.wikimedia.org\/math\/e\/9\/3\/e93b847b5d21544de9cc691a018185bb.png","datePublished":"2021-12-01T14:55:31+00:00","dateModified":"2022-04-13T06:42:42+00:00","description":"Teoretyczny opis metodyki stosowanej do charakterystyki cia\u0142 sta\u0142ych i cieczy metodami optycznymi","breadcrumb":{"@id":"https:\/\/measline.com\/index.php\/pl\/measline\/605-2\/metodyka-pomiarow-optycznych\/#breadcrumb"},"inLanguage":"pl-PL","potentialAction":[{"@type":"ReadAction","target":["https:\/\/measline.com\/index.php\/pl\/measline\/605-2\/metodyka-pomiarow-optycznych\/"]}]},{"@type":"ImageObject","inLanguage":"pl-PL","@id":"https:\/\/measline.com\/index.php\/pl\/measline\/605-2\/metodyka-pomiarow-optycznych\/#primaryimage","url":"http:\/\/upload.wikimedia.org\/math\/e\/9\/3\/e93b847b5d21544de9cc691a018185bb.png","contentUrl":"http:\/\/upload.wikimedia.org\/math\/e\/9\/3\/e93b847b5d21544de9cc691a018185bb.png"},{"@type":"BreadcrumbList","@id":"https:\/\/measline.com\/index.php\/pl\/measline\/605-2\/metodyka-pomiarow-optycznych\/#breadcrumb","itemListElement":[{"@type":"ListItem","position":1,"name":"Strona g\u0142\u00f3wna","item":"https:\/\/measline.com\/index.php\/pl\/"},{"@type":"ListItem","position":2,"name":"Strona g\u0142\u00f3wna","item":"https:\/\/measline.com\/index.php\/pl\/"},{"@type":"ListItem","position":3,"name":"Baza wiedzy","item":"https:\/\/measline.com\/index.php\/pl\/measline\/605-2\/"},{"@type":"ListItem","position":4,"name":"Metodyka pomiar\u00f3w optycznych"}]},{"@type":"WebSite","@id":"https:\/\/measline.com\/#website","url":"https:\/\/measline.com\/","name":"Measline","description":"Advanced solutions","publisher":{"@id":"https:\/\/measline.com\/#organization"},"potentialAction":[{"@type":"SearchAction","target":{"@type":"EntryPoint","urlTemplate":"https:\/\/measline.com\/?s={search_term_string}"},"query-input":{"@type":"PropertyValueSpecification","valueRequired":true,"valueName":"search_term_string"}}],"inLanguage":"pl-PL"},{"@type":"Organization","@id":"https:\/\/measline.com\/#organization","name":"Measline","url":"https:\/\/measline.com\/","logo":{"@type":"ImageObject","inLanguage":"pl-PL","@id":"https:\/\/measline.com\/#\/schema\/logo\/image\/","url":"https:\/\/measline.com\/wp-content\/uploads\/2021\/11\/logo_color_small.png.png","contentUrl":"https:\/\/measline.com\/wp-content\/uploads\/2021\/11\/logo_color_small.png.png","width":1000,"height":417,"caption":"Measline"},"image":{"@id":"https:\/\/measline.com\/#\/schema\/logo\/image\/"}}]}},"_links":{"self":[{"href":"https:\/\/measline.com\/index.php\/wp-json\/wp\/v2\/pages\/532","targetHints":{"allow":["GET"]}}],"collection":[{"href":"https:\/\/measline.com\/index.php\/wp-json\/wp\/v2\/pages"}],"about":[{"href":"https:\/\/measline.com\/index.php\/wp-json\/wp\/v2\/types\/page"}],"author":[{"embeddable":true,"href":"https:\/\/measline.com\/index.php\/wp-json\/wp\/v2\/users\/1"}],"replies":[{"embeddable":true,"href":"https:\/\/measline.com\/index.php\/wp-json\/wp\/v2\/comments?post=532"}],"version-history":[{"count":5,"href":"https:\/\/measline.com\/index.php\/wp-json\/wp\/v2\/pages\/532\/revisions"}],"predecessor-version":[{"id":617,"href":"https:\/\/measline.com\/index.php\/wp-json\/wp\/v2\/pages\/532\/revisions\/617"}],"up":[{"embeddable":true,"href":"https:\/\/measline.com\/index.php\/wp-json\/wp\/v2\/pages\/605"}],"wp:attachment":[{"href":"https:\/\/measline.com\/index.php\/wp-json\/wp\/v2\/media?parent=532"}],"curies":[{"name":"wp","href":"https:\/\/api.w.org\/{rel}","templated":true}]}}