{"id":5357,"date":"2025-11-28T12:06:27","date_gmt":"2025-11-28T11:06:27","guid":{"rendered":"https:\/\/measline.com\/?page_id=5357"},"modified":"2025-12-01T15:16:32","modified_gmt":"2025-12-01T14:16:32","slug":"transfery-liniowe-obrotowe","status":"publish","type":"page","link":"https:\/\/measline.com\/index.php\/pl\/transfery-liniowe-obrotowe\/","title":{"rendered":"Transfery"},"content":{"rendered":"<p>[et_pb_section fb_built=&#8221;1&#8243; _builder_version=&#8221;4.16&#8243; _module_preset=&#8221;default&#8221; background_color=&#8221;rgba(0,0,0,0.59)&#8221; background_enable_image=&#8221;off&#8221; min_height=&#8221;275px&#8221; custom_padding=&#8221;||0px|||&#8221; global_colors_info=&#8221;{}&#8221;][et_pb_row _builder_version=&#8221;4.16&#8243; _module_preset=&#8221;default&#8221; custom_margin=&#8221;0px||||false|false&#8221; custom_padding=&#8221;0px||||false|false&#8221; global_colors_info=&#8221;{}&#8221;][et_pb_column type=&#8221;4_4&#8243; _builder_version=&#8221;4.16&#8243; _module_preset=&#8221;default&#8221; global_colors_info=&#8221;{}&#8221;][et_pb_text admin_label=&#8221;exp_text&#8221; _builder_version=&#8221;4.16.1&#8243; _module_preset=&#8221;default&#8221; text_text_color=&#8221;#ffffff&#8221; header_text_color=&#8221;#FFFFFF&#8221; min_height=&#8221;47.8px&#8221; custom_margin=&#8221;35px||-36px||false|false&#8221; custom_padding=&#8221;0px||0px||true|false&#8221; text_text_shadow_style=&#8221;preset4&#8243; border_radii=&#8221;off||||&#8221; border_color_bottom=&#8221;rgba(255,255,255,0.81)&#8221; global_colors_info=&#8221;{}&#8221;]<\/p>\n<h1>Transfery liniowe i obrotowe<\/h1>\n<p>Modu\u0142y przeznaczone do translacji liniowej oraz ruchu obrotowego pr\u00f3bek w warunkach wysokiej lub ultrawysokiej pr\u00f3\u017cni. Umo\u017cliwiaj\u0105 precyzyjne przenoszenie, pozycjonowanie i manipulacj\u0119 pr\u00f3bkami pomi\u0119dzy komorami systemu pr\u00f3\u017cniowego oraz wewn\u0105trz pojedynczych kom\u00f3r, bez konieczno\u015bci zapowietrzania uk\u0142adu.<\/p>\n<p>&nbsp;<\/p>\n<div><\/div>\n<div><\/div>\n<p>[\/et_pb_text][\/et_pb_column][\/et_pb_row][\/et_pb_section][et_pb_section fb_built=&#8221;1&#8243; _builder_version=&#8221;4.16&#8243; _module_preset=&#8221;default&#8221; custom_margin=&#8221;-2px|||||&#8221; global_colors_info=&#8221;{}&#8221;][et_pb_row column_structure=&#8221;2_5,3_5&#8243; _builder_version=&#8221;4.27.4&#8243; _module_preset=&#8221;default&#8221; background_color=&#8221;rgba(0,0,0,0.05)&#8221; width=&#8221;78.5%&#8221; min_height=&#8221;168.2px&#8221; custom_margin=&#8221;5px|auto|10px|auto|false|false&#8221; custom_padding=&#8221;|||40px||&#8221; border_width_all=&#8221;1px&#8221; border_color_all=&#8221;rgba(140,140,140,0.17)&#8221; border_style_all=&#8221;double&#8221; box_shadow_style=&#8221;preset4&#8243; box_shadow_blur=&#8221;16px&#8221; box_shadow_spread=&#8221;-17px&#8221; global_colors_info=&#8221;{}&#8221;][et_pb_column type=&#8221;2_5&#8243; _builder_version=&#8221;4.16&#8243; _dynamic_attributes=&#8221;link_option_url&#8221; _module_preset=&#8221;default&#8221; link_option_url=&#8221;@ET-DC@eyJkeW5hbWljIjp0cnVlLCJjb250ZW50IjoicG9zdF9saW5rX3VybF9wYWdlIiwic2V0dGluZ3MiOnsicG9zdF9pZCI6IjE0OCJ9fQ==@&#8221; global_colors_info=&#8221;{}&#8221;][et_pb_image src=&#8221;https:\/\/measline.com\/wp-content\/uploads\/2025\/04\/Transfer-liniowy-scaled.jpg&#8221; alt=&#8221;Transfer Liniowy&#8221; title_text=&#8221;Transfer Liniowy&#8221; _builder_version=&#8221;4.27.4&#8243; _module_preset=&#8221;default&#8221; global_colors_info=&#8221;{}&#8221;][\/et_pb_image][et_pb_text _builder_version=&#8221;4.27.4&#8243; _module_preset=&#8221;default&#8221; global_colors_info=&#8221;{}&#8221;]<\/p>\n<p>Film prezentuje proces przechwycenia i wysuni\u0119cia no\u015bnika pr\u00f3bek, jego przemieszczenia do komory za\u0142adowczej, a nast\u0119pnie ponownego umieszczenia no\u015bnika w uchwycie za pomoc\u0105 transferu liniowego.\u00a0<\/p>\n<p>[\/et_pb_text][et_pb_text _builder_version=&#8221;4.27.4&#8243; _module_preset=&#8221;default&#8221; global_colors_info=&#8221;{}&#8221;]<\/p>\n<p>Zach\u0119camy do zapoznania z naszymi systemami wyposa\u017conymi w transfer liniowy:<\/p>\n<p><a href=\"https:\/\/measline.com\/index.php\/project\/kompaktowa-napylarka-2\/\">Kompaktowa napylarka magnetronowa MCS 787<\/a><span><br \/><\/span><span><a href=\"https:\/\/measline.com\/index.php\/project\/kompaktowa-napylarka-do-metalizacji-powierzchni\/\">Kompaktowa napylarka do metalizacji powierzchni\u00a0<\/a><br \/><\/span><a href=\"https:\/\/measline.com\/index.php\/project\/700\/\">System nanoszenia pow\u0142ok PVDS 700<\/a><br \/><a href=\"https:\/\/measline.com\/index.php\/pl\/project\/napylarka-z-komora-zaladowcza\/\">Napylarka z komor\u0105 za\u0142adowcz\u0105\u00a0do nanoszenia warstw na tipy TERS<\/a><br \/><a href=\"https:\/\/measline.com\/index.php\/pl\/project\/napylarka_prozniowa_lpnw01\/\">Kompaktowa napylarka LPNW01<\/a><\/p>\n<p><span><\/span><\/p>\n<p><span><\/span><\/p>\n<p>[\/et_pb_text][\/et_pb_column][et_pb_column type=&#8221;3_5&#8243; _builder_version=&#8221;4.16&#8243; _module_preset=&#8221;default&#8221; global_colors_info=&#8221;{}&#8221;][et_pb_text _builder_version=&#8221;4.27.4&#8243; _module_preset=&#8221;default&#8221; custom_padding=&#8221;|50px||||&#8221; global_colors_info=&#8221;{}&#8221;]<\/p>\n<div>\n<h3>Transfery liniowe<\/h3>\n<p><span style=\"font-size: 14px;\">\u00a0<\/span><\/p>\n<\/div>\n<div>\n<p align=\"justify\">Transfer liniowy to modu\u0142 przeznaczony do przenoszenia pr\u00f3bek w warunkach wysokiej lub ultrawysokiej pr\u00f3\u017cni. Transfer umo\u017cliwia transport pomi\u0119dzy komorami systemu, takimi jak komora za\u0142adowcza, komory badawcze oraz komory nanoszenia warstw. Pozwala przemieszczanie pr\u00f3bek bez konieczno\u015bci zapowietrzania poszczeg\u00f3lnych kom\u00f3r, eliminuj\u0105c tym samym ryzyko kontaktu pr\u00f3bki z atmosfer\u0105. Transfer liniowy zapewnia precyzyjne pozycjonowanie oraz bezpieczny transport detali w obr\u0119bie zintegrowanych uk\u0142ad\u00f3w pr\u00f3\u017cniowych. Dzi\u0119ki temu mo\u017cliwe jest\u00a0 zachowanie ci\u0105g\u0142o\u015bci proces\u00f3w technologicznych i badawczych.<\/p>\n<p align=\"justify\">Transfer liniowy mo\u017ce by\u0107 wykonany zar\u00f3wno w wersji manualnej jak i zmotoryzowanej.<\/p>\n<p style=\"text-align: left;\"><span>\u00a0<\/span><\/p>\n<\/div>\n<p>[\/et_pb_text][et_pb_video src=&#8221;https:\/\/measline.com\/wp-content\/uploads\/2025\/04\/Wysuwanie-nosnika-probek.mp4&#8243; _builder_version=&#8221;4.27.4&#8243; _module_preset=&#8221;default&#8221; custom_padding=&#8221;|45px||||&#8221; global_colors_info=&#8221;{}&#8221;][\/et_pb_video][\/et_pb_column][\/et_pb_row][et_pb_row column_structure=&#8221;3_5,2_5&#8243; _builder_version=&#8221;4.22.2&#8243; _module_preset=&#8221;default&#8221; background_color=&#8221;rgba(0,0,0,0.05)&#8221; width=&#8221;78.5%&#8221; min_height=&#8221;168.2px&#8221; custom_padding=&#8221;|47px||37px||&#8221; border_width_all=&#8221;1px&#8221; border_color_all=&#8221;rgba(140,140,140,0.17)&#8221; border_style_all=&#8221;double&#8221; box_shadow_style=&#8221;preset4&#8243; box_shadow_blur=&#8221;16px&#8221; box_shadow_spread=&#8221;-17px&#8221; global_colors_info=&#8221;{}&#8221;][et_pb_column type=&#8221;3_5&#8243; _builder_version=&#8221;4.16&#8243; _dynamic_attributes=&#8221;link_option_url&#8221; _module_preset=&#8221;default&#8221; link_option_url=&#8221;@ET-DC@eyJkeW5hbWljIjp0cnVlLCJjb250ZW50IjoicG9zdF9saW5rX3VybF9wYWdlIiwic2V0dGluZ3MiOnsicG9zdF9pZCI6IjE0OCJ9fQ==@&#8221; global_colors_info=&#8221;{}&#8221;][et_pb_text _builder_version=&#8221;4.22.2&#8243; _module_preset=&#8221;default&#8221; custom_padding=&#8221;|50px||||&#8221; global_colors_info=&#8221;{}&#8221;]<\/p>\n<div style=\"text-align: justify;\">\n<h3>Transfery obrotowe<\/h3>\n<p>\u00a0<span style=\"font-size: 14px;\">\u00a0<\/span><\/p>\n<\/div>\n<div style=\"text-align: justify;\">\n<p>Transfer obrotowy do umieszczania pr\u00f3bki np. w komorze pr\u00f3\u017cniowej lub wewn\u0105trz elektromagnesu to zaawansowany system mechaniczny, kt\u00f3ry umo\u017cliwia precyzyjne pozycjonowanie i obr\u00f3t pr\u00f3bki. System mo\u017ce by\u0107 zrealizowany w dw\u00f3ch wariantach: manualnym, oraz zautomatyzowanym, opartym na silniku krokowym. Wersja z silnikiem krokowym zapewnia wysok\u0105 precyzj\u0119 ruch\u00f3w oraz powtarzalno\u015b\u0107, co jest kluczowe w kontek\u015bcie zastosowa\u0144 wymagaj\u0105cych dok\u0142adnego pozycjonowania.<\/p>\n<p>&nbsp;<\/p>\n<p style=\"text-align: left;\"><span>\u00a0<\/span><\/p>\n<\/div>\n<p>[\/et_pb_text][et_pb_image src=&#8221;https:\/\/measline.com\/wp-content\/uploads\/2023\/09\/DSC_6935-EDIT.jpg&#8221; alt=&#8221;Stacja obrotowa&#8221; title_text=&#8221;Stacja obrotowa&#8221; _builder_version=&#8221;4.27.4&#8243; _module_preset=&#8221;default&#8221; global_colors_info=&#8221;{}&#8221;][\/et_pb_image][\/et_pb_column][et_pb_column type=&#8221;2_5&#8243; _builder_version=&#8221;4.27.4&#8243; _module_preset=&#8221;default&#8221; global_colors_info=&#8221;{}&#8221;][et_pb_video src=&#8221;https:\/\/measline.com\/wp-content\/uploads\/2025\/11\/20230913_102056-1.mp4&#8243; _builder_version=&#8221;4.27.4&#8243; _module_preset=&#8221;default&#8221; global_colors_info=&#8221;{}&#8221;][\/et_pb_video][\/et_pb_column][\/et_pb_row][\/et_pb_section]<\/p>\n","protected":false},"excerpt":{"rendered":"<p>Transfery liniowe i obrotowe Modu\u0142y przeznaczone do translacji liniowej oraz ruchu obrotowego pr\u00f3bek w warunkach wysokiej lub ultrawysokiej pr\u00f3\u017cni. Umo\u017cliwiaj\u0105 precyzyjne przenoszenie, pozycjonowanie i manipulacj\u0119 pr\u00f3bkami pomi\u0119dzy komorami systemu pr\u00f3\u017cniowego oraz wewn\u0105trz pojedynczych kom\u00f3r, bez konieczno\u015bci zapowietrzania uk\u0142adu. &nbsp; Film prezentuje proces przechwycenia i wysuni\u0119cia no\u015bnika pr\u00f3bek, jego przemieszczenia do komory za\u0142adowczej, a nast\u0119pnie ponownego [&hellip;]<\/p>\n","protected":false},"author":2,"featured_media":5297,"parent":0,"menu_order":0,"comment_status":"closed","ping_status":"closed","template":"","meta":{"_et_pb_use_builder":"on","_et_pb_old_content":"","_et_gb_content_width":"","footnotes":""},"class_list":["post-5357","page","type-page","status-publish","has-post-thumbnail","hentry"],"yoast_head":"<!-- This site is optimized with the Yoast SEO plugin v27.4 - https:\/\/yoast.com\/product\/yoast-seo-wordpress\/ -->\n<title>Transfery liniowe i obrotowe - Measline<\/title>\n<meta name=\"description\" content=\"Transfery przeznaczone do przenoszenia pr\u00f3bki np. z komory za\u0142adowczej do komory nanoszenia warstw. Oferujemy transfery liniowe i obrotowe.\" \/>\n<meta name=\"robots\" content=\"index, follow, max-snippet:-1, max-image-preview:large, max-video-preview:-1\" \/>\n<link rel=\"canonical\" href=\"https:\/\/measline.com\/index.php\/pl\/transfery-liniowe-obrotowe\/\" \/>\n<meta property=\"og:locale\" content=\"pl_PL\" \/>\n<meta property=\"og:type\" content=\"article\" \/>\n<meta property=\"og:title\" content=\"Transfery liniowe i obrotowe - Measline\" \/>\n<meta property=\"og:description\" content=\"Transfery przeznaczone do przenoszenia pr\u00f3bki np. z komory za\u0142adowczej do komory nanoszenia warstw. Oferujemy transfery liniowe i obrotowe.\" \/>\n<meta property=\"og:url\" content=\"https:\/\/measline.com\/index.php\/pl\/transfery-liniowe-obrotowe\/\" \/>\n<meta property=\"og:site_name\" content=\"Measline\" \/>\n<meta property=\"article:modified_time\" content=\"2025-12-01T14:16:32+00:00\" \/>\n<meta property=\"og:image\" content=\"https:\/\/measline.com\/wp-content\/uploads\/2025\/04\/Transfer-liniowy-scaled.jpg\" \/>\n\t<meta property=\"og:image:width\" content=\"2560\" \/>\n\t<meta property=\"og:image:height\" content=\"2505\" \/>\n\t<meta property=\"og:image:type\" content=\"image\/jpeg\" \/>\n<meta name=\"twitter:card\" content=\"summary_large_image\" \/>\n<meta name=\"twitter:label1\" content=\"Szacowany czas czytania\" \/>\n\t<meta name=\"twitter:data1\" content=\"4 minuty\" \/>\n<script type=\"application\/ld+json\" class=\"yoast-schema-graph\">{\"@context\":\"https:\\\/\\\/schema.org\",\"@graph\":[{\"@type\":\"WebPage\",\"@id\":\"https:\\\/\\\/measline.com\\\/index.php\\\/pl\\\/transfery-liniowe-obrotowe\\\/\",\"url\":\"https:\\\/\\\/measline.com\\\/index.php\\\/pl\\\/transfery-liniowe-obrotowe\\\/\",\"name\":\"Transfery liniowe i obrotowe - Measline\",\"isPartOf\":{\"@id\":\"https:\\\/\\\/measline.com\\\/#website\"},\"primaryImageOfPage\":{\"@id\":\"https:\\\/\\\/measline.com\\\/index.php\\\/pl\\\/transfery-liniowe-obrotowe\\\/#primaryimage\"},\"image\":{\"@id\":\"https:\\\/\\\/measline.com\\\/index.php\\\/pl\\\/transfery-liniowe-obrotowe\\\/#primaryimage\"},\"thumbnailUrl\":\"https:\\\/\\\/measline.com\\\/wp-content\\\/uploads\\\/2025\\\/04\\\/Transfer-liniowy-scaled.jpg\",\"datePublished\":\"2025-11-28T11:06:27+00:00\",\"dateModified\":\"2025-12-01T14:16:32+00:00\",\"description\":\"Transfery przeznaczone do przenoszenia pr\u00f3bki np. z komory za\u0142adowczej do komory nanoszenia warstw. Oferujemy transfery liniowe i obrotowe.\",\"breadcrumb\":{\"@id\":\"https:\\\/\\\/measline.com\\\/index.php\\\/pl\\\/transfery-liniowe-obrotowe\\\/#breadcrumb\"},\"inLanguage\":\"pl-PL\",\"potentialAction\":[{\"@type\":\"ReadAction\",\"target\":[\"https:\\\/\\\/measline.com\\\/index.php\\\/pl\\\/transfery-liniowe-obrotowe\\\/\"]}]},{\"@type\":\"ImageObject\",\"inLanguage\":\"pl-PL\",\"@id\":\"https:\\\/\\\/measline.com\\\/index.php\\\/pl\\\/transfery-liniowe-obrotowe\\\/#primaryimage\",\"url\":\"https:\\\/\\\/measline.com\\\/wp-content\\\/uploads\\\/2025\\\/04\\\/Transfer-liniowy-scaled.jpg\",\"contentUrl\":\"https:\\\/\\\/measline.com\\\/wp-content\\\/uploads\\\/2025\\\/04\\\/Transfer-liniowy-scaled.jpg\",\"width\":2560,\"height\":2505,\"caption\":\"Transfer Liniowy\"},{\"@type\":\"BreadcrumbList\",\"@id\":\"https:\\\/\\\/measline.com\\\/index.php\\\/pl\\\/transfery-liniowe-obrotowe\\\/#breadcrumb\",\"itemListElement\":[{\"@type\":\"ListItem\",\"position\":1,\"name\":\"Strona g\u0142\u00f3wna\",\"item\":\"https:\\\/\\\/measline.com\\\/index.php\\\/pl\\\/\"},{\"@type\":\"ListItem\",\"position\":2,\"name\":\"Transfery\"}]},{\"@type\":\"WebSite\",\"@id\":\"https:\\\/\\\/measline.com\\\/#website\",\"url\":\"https:\\\/\\\/measline.com\\\/\",\"name\":\"Measline\",\"description\":\"Advanced solutions\",\"publisher\":{\"@id\":\"https:\\\/\\\/measline.com\\\/#organization\"},\"potentialAction\":[{\"@type\":\"SearchAction\",\"target\":{\"@type\":\"EntryPoint\",\"urlTemplate\":\"https:\\\/\\\/measline.com\\\/?s={search_term_string}\"},\"query-input\":{\"@type\":\"PropertyValueSpecification\",\"valueRequired\":true,\"valueName\":\"search_term_string\"}}],\"inLanguage\":\"pl-PL\"},{\"@type\":\"Organization\",\"@id\":\"https:\\\/\\\/measline.com\\\/#organization\",\"name\":\"Measline\",\"url\":\"https:\\\/\\\/measline.com\\\/\",\"logo\":{\"@type\":\"ImageObject\",\"inLanguage\":\"pl-PL\",\"@id\":\"https:\\\/\\\/measline.com\\\/#\\\/schema\\\/logo\\\/image\\\/\",\"url\":\"https:\\\/\\\/measline.com\\\/wp-content\\\/uploads\\\/2021\\\/11\\\/logo_color_small.png.png\",\"contentUrl\":\"https:\\\/\\\/measline.com\\\/wp-content\\\/uploads\\\/2021\\\/11\\\/logo_color_small.png.png\",\"width\":1000,\"height\":417,\"caption\":\"Measline\"},\"image\":{\"@id\":\"https:\\\/\\\/measline.com\\\/#\\\/schema\\\/logo\\\/image\\\/\"}}]}<\/script>\n<!-- \/ Yoast SEO plugin. -->","yoast_head_json":{"title":"Transfery liniowe i obrotowe - Measline","description":"Transfery przeznaczone do przenoszenia pr\u00f3bki np. z komory za\u0142adowczej do komory nanoszenia warstw. Oferujemy transfery liniowe i obrotowe.","robots":{"index":"index","follow":"follow","max-snippet":"max-snippet:-1","max-image-preview":"max-image-preview:large","max-video-preview":"max-video-preview:-1"},"canonical":"https:\/\/measline.com\/index.php\/pl\/transfery-liniowe-obrotowe\/","og_locale":"pl_PL","og_type":"article","og_title":"Transfery liniowe i obrotowe - Measline","og_description":"Transfery przeznaczone do przenoszenia pr\u00f3bki np. z komory za\u0142adowczej do komory nanoszenia warstw. Oferujemy transfery liniowe i obrotowe.","og_url":"https:\/\/measline.com\/index.php\/pl\/transfery-liniowe-obrotowe\/","og_site_name":"Measline","article_modified_time":"2025-12-01T14:16:32+00:00","og_image":[{"width":2560,"height":2505,"url":"https:\/\/measline.com\/wp-content\/uploads\/2025\/04\/Transfer-liniowy-scaled.jpg","type":"image\/jpeg"}],"twitter_card":"summary_large_image","twitter_misc":{"Szacowany czas czytania":"4 minuty"},"schema":{"@context":"https:\/\/schema.org","@graph":[{"@type":"WebPage","@id":"https:\/\/measline.com\/index.php\/pl\/transfery-liniowe-obrotowe\/","url":"https:\/\/measline.com\/index.php\/pl\/transfery-liniowe-obrotowe\/","name":"Transfery liniowe i obrotowe - Measline","isPartOf":{"@id":"https:\/\/measline.com\/#website"},"primaryImageOfPage":{"@id":"https:\/\/measline.com\/index.php\/pl\/transfery-liniowe-obrotowe\/#primaryimage"},"image":{"@id":"https:\/\/measline.com\/index.php\/pl\/transfery-liniowe-obrotowe\/#primaryimage"},"thumbnailUrl":"https:\/\/measline.com\/wp-content\/uploads\/2025\/04\/Transfer-liniowy-scaled.jpg","datePublished":"2025-11-28T11:06:27+00:00","dateModified":"2025-12-01T14:16:32+00:00","description":"Transfery przeznaczone do przenoszenia pr\u00f3bki np. z komory za\u0142adowczej do komory nanoszenia warstw. Oferujemy transfery liniowe i obrotowe.","breadcrumb":{"@id":"https:\/\/measline.com\/index.php\/pl\/transfery-liniowe-obrotowe\/#breadcrumb"},"inLanguage":"pl-PL","potentialAction":[{"@type":"ReadAction","target":["https:\/\/measline.com\/index.php\/pl\/transfery-liniowe-obrotowe\/"]}]},{"@type":"ImageObject","inLanguage":"pl-PL","@id":"https:\/\/measline.com\/index.php\/pl\/transfery-liniowe-obrotowe\/#primaryimage","url":"https:\/\/measline.com\/wp-content\/uploads\/2025\/04\/Transfer-liniowy-scaled.jpg","contentUrl":"https:\/\/measline.com\/wp-content\/uploads\/2025\/04\/Transfer-liniowy-scaled.jpg","width":2560,"height":2505,"caption":"Transfer Liniowy"},{"@type":"BreadcrumbList","@id":"https:\/\/measline.com\/index.php\/pl\/transfery-liniowe-obrotowe\/#breadcrumb","itemListElement":[{"@type":"ListItem","position":1,"name":"Strona g\u0142\u00f3wna","item":"https:\/\/measline.com\/index.php\/pl\/"},{"@type":"ListItem","position":2,"name":"Transfery"}]},{"@type":"WebSite","@id":"https:\/\/measline.com\/#website","url":"https:\/\/measline.com\/","name":"Measline","description":"Advanced solutions","publisher":{"@id":"https:\/\/measline.com\/#organization"},"potentialAction":[{"@type":"SearchAction","target":{"@type":"EntryPoint","urlTemplate":"https:\/\/measline.com\/?s={search_term_string}"},"query-input":{"@type":"PropertyValueSpecification","valueRequired":true,"valueName":"search_term_string"}}],"inLanguage":"pl-PL"},{"@type":"Organization","@id":"https:\/\/measline.com\/#organization","name":"Measline","url":"https:\/\/measline.com\/","logo":{"@type":"ImageObject","inLanguage":"pl-PL","@id":"https:\/\/measline.com\/#\/schema\/logo\/image\/","url":"https:\/\/measline.com\/wp-content\/uploads\/2021\/11\/logo_color_small.png.png","contentUrl":"https:\/\/measline.com\/wp-content\/uploads\/2021\/11\/logo_color_small.png.png","width":1000,"height":417,"caption":"Measline"},"image":{"@id":"https:\/\/measline.com\/#\/schema\/logo\/image\/"}}]}},"_links":{"self":[{"href":"https:\/\/measline.com\/index.php\/wp-json\/wp\/v2\/pages\/5357","targetHints":{"allow":["GET"]}}],"collection":[{"href":"https:\/\/measline.com\/index.php\/wp-json\/wp\/v2\/pages"}],"about":[{"href":"https:\/\/measline.com\/index.php\/wp-json\/wp\/v2\/types\/page"}],"author":[{"embeddable":true,"href":"https:\/\/measline.com\/index.php\/wp-json\/wp\/v2\/users\/2"}],"replies":[{"embeddable":true,"href":"https:\/\/measline.com\/index.php\/wp-json\/wp\/v2\/comments?post=5357"}],"version-history":[{"count":14,"href":"https:\/\/measline.com\/index.php\/wp-json\/wp\/v2\/pages\/5357\/revisions"}],"predecessor-version":[{"id":5976,"href":"https:\/\/measline.com\/index.php\/wp-json\/wp\/v2\/pages\/5357\/revisions\/5976"}],"wp:featuredmedia":[{"embeddable":true,"href":"https:\/\/measline.com\/index.php\/wp-json\/wp\/v2\/media\/5297"}],"wp:attachment":[{"href":"https:\/\/measline.com\/index.php\/wp-json\/wp\/v2\/media?parent=5357"}],"curies":[{"name":"wp","href":"https:\/\/api.w.org\/{rel}","templated":true}]}}