{"id":543,"date":"2021-12-01T15:55:41","date_gmt":"2021-12-01T14:55:41","guid":{"rendered":"http:\/\/measline.com\/\/?page_id=543"},"modified":"2023-03-17T10:32:15","modified_gmt":"2023-03-17T09:32:15","slug":"spektroskopia-obitego-swiatla-bialego","status":"publish","type":"page","link":"https:\/\/measline.com\/index.php\/pl\/measline\/605-2\/spektroskopia-obitego-swiatla-bialego\/","title":{"rendered":"Spektroskopia odbitego \u015bwiat\u0142a bia\u0142ego"},"content":{"rendered":"\n[et_pb_section fb_built=&#8221;1&#8243; _builder_version=&#8221;4.16&#8243; _module_preset=&#8221;default&#8221; global_colors_info=&#8221;{}&#8221;][et_pb_row column_structure=&#8221;1_2,1_2&#8243; _builder_version=&#8221;4.16&#8243; _module_preset=&#8221;default&#8221; global_colors_info=&#8221;{}&#8221;][et_pb_column type=&#8221;1_2&#8243; _builder_version=&#8221;4.16&#8243; _module_preset=&#8221;default&#8221; global_colors_info=&#8221;{}&#8221;][et_pb_text admin_label=&#8221;tytu\u0142&#8221; _builder_version=&#8221;4.16&#8243; _module_preset=&#8221;default&#8221; custom_margin=&#8221;0px||0px||false|false&#8221; custom_padding=&#8221;0px||||false|false&#8221; global_colors_info=&#8221;{}&#8221;]<h3 class=\"entry-title \">Spektroskopia Odbitego \u015awiat\u0142a Bia\u0142ego<\/h3>[\/et_pb_text][et_pb_divider color=&#8221;#225600&#8243; divider_weight=&#8221;2px&#8221; admin_label=&#8221;Separator&#8221; _builder_version=&#8221;4.16&#8243; _module_preset=&#8221;default&#8221; global_colors_info=&#8221;{}&#8221;][\/et_pb_divider][et_pb_text admin_label=&#8221;Tekst&#8221; _builder_version=&#8221;4.20.2&#8243; _module_preset=&#8221;default&#8221; custom_margin=&#8221;||-13px||false|false&#8221; hover_enabled=&#8221;0&#8243; global_colors_info=&#8221;{}&#8221; sticky_enabled=&#8221;0&#8243;]<p style=\"text-align: justify;\">Spektroskopia odbitego \u015bwiat\u0142a bia\u0142ego metodologicznie przypomina interferometri\u0119 \u015bwiat\u0142a monochromatycznego, lecz w miejsce laserowego \u015bwiat\u0142a monochromatycznego wprowadza szerokie spektrum d\u0142ugo\u015bci fal w\u0142\u0105cznie z ultrafioletem, \u015bwiat\u0142em widzialnym i podczerwieni\u0105. \u015awiat\u0142o emitowane ze \u017ar\u00f3d\u0142a analizowane jest przez\u00a0 zminiaturyzowany spektrometr sterowany komputerem.<\/p>\n<p style=\"text-align: justify;\">Metodyka pomiaru jest nast\u0119puj\u0105ca. Bia\u0142e \u015bwiat\u0142o, emitowane ze \u017ar\u00f3d\u0142a \u015bwiat\u0142a, jest prowadzone \u015bwiat\u0142owodem w pobli\u017ce pr\u00f3bki. Koniec \u015bwiat\u0142owodu umieszczony jest w taki spos\u00f3b, \u017ce opuszczaj\u0105ce go \u015bwiat\u0142o pada prostopadle na pr\u00f3bk\u0119. Typowa pr\u00f3bka jest uk\u0142adem wielowarstwowym sk\u0142adaj\u0105cym si\u0119 z szeregu\u00a0 prze\u017aroczystych lub p\u00f3\u0142prze\u017aroczystych warstw le\u017c\u0105cych na\u00a0 pod\u0142o\u017cu, kt\u00f3re w zale\u017cno\u015bci od potrzeb mo\u017ce by\u0107 prze\u017aroczyste lub odbijaj\u0105ce promieniowanie (Si, szk\u0142o). \u015awiat\u0142o odbite od pr\u00f3bki kierowane jest do spektrometru. Padaj\u0105ca wi\u0105zka \u015bwiat\u0142a oddzia\u0142uj\u0105c z pr\u00f3bk\u0105 tworzy charakterystyczne widmo, kt\u00f3re jest rejestrowane przez spektrometr.<\/p>[\/et_pb_text][\/et_pb_column][et_pb_column type=&#8221;1_2&#8243; _builder_version=&#8221;4.16&#8243; _module_preset=&#8221;default&#8221; global_colors_info=&#8221;{}&#8221;][et_pb_divider show_divider=&#8221;off&#8221; _builder_version=&#8221;4.16&#8243; _module_preset=&#8221;default&#8221; custom_margin=&#8221;21px||21px||true|false&#8221; global_colors_info=&#8221;{}&#8221;][\/et_pb_divider][et_pb_image src=&#8221;https:\/\/measline.com\/\/wp-content\/uploads\/2021\/12\/xwlrs1.jpg.pagespeed.ic_.WRF5IbsCmK.jpg&#8221; title_text=&#8221;xwlrs1.jpg.pagespeed.ic.WRF5IbsCmK&#8221; _builder_version=&#8221;4.16&#8243; _module_preset=&#8221;default&#8221; global_colors_info=&#8221;{}&#8221;][\/et_pb_image][\/et_pb_column][\/et_pb_row][et_pb_row _builder_version=&#8221;4.16&#8243; _module_preset=&#8221;default&#8221; custom_margin=&#8221;-1px||-1px||false|false&#8221; global_colors_info=&#8221;{}&#8221;][et_pb_column type=&#8221;4_4&#8243; _builder_version=&#8221;4.16&#8243; _module_preset=&#8221;default&#8221; global_colors_info=&#8221;{}&#8221;][et_pb_text _builder_version=&#8221;4.16&#8243; _module_preset=&#8221;default&#8221; custom_margin=&#8221;-25px||||false|false&#8221; global_colors_info=&#8221;{}&#8221;]<p style=\"text-align: justify;\"><span>Wsp\u00f3\u0142czynnik ca\u0142kowitego odbicia dla pr\u00f3bki sk\u0142adaj\u0105cej si\u0119 z k warstw mo\u017ce by\u0107 policzony na podstawie wielu modeli. W przypadku urz\u0105dzenia firmy Thetametrisis zastosowana zosta\u0142a transformacja Abela dla kt\u00f3rej efektywny wsp\u00f3\u0142czynnik Fresnela dla k-1 warstw ma posta\u0107:<\/span><\/p>[\/et_pb_text][et_pb_image src=&#8221;https:\/\/measline.com\/\/wp-content\/uploads\/2021\/12\/xwlrs2.png.pagespeed.ic_.V_t_7oyBc5.png&#8221; title_text=&#8221;xwlrs2.png.pagespeed.ic.V_t_7oyBc5&#8243; align=&#8221;center&#8221; _builder_version=&#8221;4.16&#8243; _module_preset=&#8221;default&#8221; global_colors_info=&#8221;{}&#8221;][\/et_pb_image][et_pb_text _builder_version=&#8221;4.16&#8243; _module_preset=&#8221;default&#8221; custom_padding=&#8221;0px||0px||true|false&#8221; global_colors_info=&#8221;{}&#8221;]<p style=\"text-align: justify;\">gdzie\u00a0r\u00a0jest amplitud\u0105, a D \u2013 faz\u0105.<\/p>\n<p style=\"text-align: justify;\">Z tego zestawu r\u00f3wna\u0144 mo\u017cna obliczy\u0107 ca\u0142kowite odbicie od ka\u017cdej k warstw. W szczeg\u00f3lnym przypadku dw\u00f3ch prze\u017aroczystych warstw ca\u0142kowita energia mo\u017ce zosta\u0107 opisana r\u00f3wnaniem:<\/p>[\/et_pb_text][et_pb_image src=&#8221;https:\/\/measline.com\/\/wp-content\/uploads\/2021\/12\/xSpektroskopia-2.jpg.pagespeed.ic_.mOyAACUc3Y.jpg&#8221; title_text=&#8221;xSpektroskopia-2.jpg.pagespeed.ic.mOyAACUc3Y&#8221; align=&#8221;center&#8221; _builder_version=&#8221;4.16&#8243; _module_preset=&#8221;default&#8221; global_colors_info=&#8221;{}&#8221;][\/et_pb_image][et_pb_text _builder_version=&#8221;4.16&#8243; _module_preset=&#8221;default&#8221; global_colors_info=&#8221;{}&#8221;]<p style=\"text-align: justify;\"><span>gdzie n<\/span><sub>i\u00a0<\/sub><span>\u00a0jest <\/span><a class=\" link\" rel=\"nofollow noopener\" href=\"http:\/\/refractiveindex.info\/?group=METALS&amp;material=Aluminium\" target=\"_blank\">wsp\u00f3\u0142czynnikiem za\u0142amania \u015bwiat\u0142a<\/a><span>\u00a0\u00a0i-tej\u00a0warstwy (i = 0 dla powietrza, 1 \u2013 dla pierwszej warstwy, 2 \u2013 dla drugiej warstwy, 3 \u2013 dla substratu),\u00a0d<\/span><sub>i<\/sub><span>\u00a0grubo\u015b\u0107 i-tej warstwy il\u00a0\u2013 d\u0142ugo\u015b\u0107 fali.\u00a0Propagacja \u015bwiat\u0142a na r\u00f3\u017cnych miedzywierzchniach zosta\u0142a zilustrowana na rysunku 2. Typowe widmo odbicia dla uk\u0142adu dw\u00f3ch prze\u017aroczystych warstw na krzemowym pod\u0142o\u017cu jest przedstawione na rysunku 3. Na tym rysunku zosta\u0142o r\u00f3wnie\u017c zilustrowane widmo \u015bwiat\u0142a padaj\u0105cego (referencyjnego) z przedzia\u0142u widzialnego i bliskiej podczerwieni. Liczba i kszta\u0142t brzeg\u00f3w miedzywierzchni zale\u017cy od grubo\u015bci i wsp\u00f3\u0142czynnika odbicia tych warstw. Dopasowanie widma eksperymentalnego do powy\u017cszego r\u00f3wnania jest wykonywane za pomoc\u0105 algorytmu Levenberga \u2013 Marquarda. Wsp\u00f3\u0142czynnik odbicia\u00a0n<\/span><sub>i<\/sub><span> dla wszystkich warstw jest liczony z pomiar\u00f3w elipsometrycznych za pomoc\u0105 modelu Cauchy\u2019ego.\u00a0 Grubo\u015b\u0107 warstw jest obliczana poprzez zastosowanie r\u00f3wnania 2 do wszystkich d\u0142ugo\u015bci fal z okre\u015blonego przedzia\u0142u.<\/span><\/p>[\/et_pb_text][\/et_pb_column][\/et_pb_row][et_pb_row column_structure=&#8221;1_2,1_2&#8243; _builder_version=&#8221;4.16&#8243; _module_preset=&#8221;default&#8221; custom_margin=&#8221;-1px||-1px||true|false&#8221; custom_padding=&#8221;0px||0px||true|false&#8221; global_colors_info=&#8221;{}&#8221;][et_pb_column type=&#8221;1_2&#8243; _builder_version=&#8221;4.16&#8243; _module_preset=&#8221;default&#8221; global_colors_info=&#8221;{}&#8221;][et_pb_image src=&#8221;https:\/\/measline.com\/\/wp-content\/uploads\/2021\/12\/xswiatlow-uk-dw.jpg.pagespeed.ic_.9DJZ80GBBD.jpg&#8221; title_text=&#8221;xswiatlow-uk-dw.jpg.pagespeed.ic.9DJZ80GBBD&#8221; align=&#8221;center&#8221; _builder_version=&#8221;4.16&#8243; _module_preset=&#8221;default&#8221; width=&#8221;63%&#8221; custom_margin=&#8221;19px||||false|false&#8221; global_colors_info=&#8221;{}&#8221;][\/et_pb_image][\/et_pb_column][et_pb_column type=&#8221;1_2&#8243; _builder_version=&#8221;4.16&#8243; _module_preset=&#8221;default&#8221; global_colors_info=&#8221;{}&#8221;][et_pb_image src=&#8221;https:\/\/measline.com\/\/wp-content\/uploads\/2021\/12\/xspektr-widmo.jpg.pagespeed.ic_.tGLmCRyIEv.jpg&#8221; title_text=&#8221;xspektr-widmo.jpg.pagespeed.ic.tGLmCRyIEv&#8221; _builder_version=&#8221;4.16&#8243; _module_preset=&#8221;default&#8221; global_colors_info=&#8221;{}&#8221;][\/et_pb_image][\/et_pb_column][\/et_pb_row][\/et_pb_section]\n","protected":false},"excerpt":{"rendered":"<p>Spektroskopia Odbitego \u015awiat\u0142a Bia\u0142egoSpektroskopia odbitego \u015bwiat\u0142a bia\u0142ego metodologicznie przypomina interferometri\u0119 \u015bwiat\u0142a monochromatycznego, lecz w miejsce laserowego \u015bwiat\u0142a monochromatycznego wprowadza szerokie spektrum d\u0142ugo\u015bci fal w\u0142\u0105cznie z ultrafioletem, \u015bwiat\u0142em widzialnym i podczerwieni\u0105. \u015awiat\u0142o emitowane ze \u017ar\u00f3d\u0142a analizowane jest przez\u00a0 zminiaturyzowany spektrometr sterowany komputerem. Metodyka pomiaru jest nast\u0119puj\u0105ca. Bia\u0142e \u015bwiat\u0142o, emitowane ze \u017ar\u00f3d\u0142a \u015bwiat\u0142a, jest prowadzone \u015bwiat\u0142owodem w [&hellip;]<\/p>\n","protected":false},"author":1,"featured_media":0,"parent":605,"menu_order":0,"comment_status":"closed","ping_status":"closed","template":"","meta":{"_et_pb_use_builder":"on","_et_pb_old_content":"","_et_gb_content_width":"","footnotes":""},"class_list":["post-543","page","type-page","status-publish","hentry"],"yoast_head":"<!-- This site is optimized with the Yoast SEO plugin v27.4 - https:\/\/yoast.com\/product\/yoast-seo-wordpress\/ -->\n<title>Spektroskopia odbitego \u015bwiat\u0142a bia\u0142ego - Measline<\/title>\n<meta name=\"description\" content=\"Postawy techniki spektroskopii odbitego \u015bwiat\u0142a bia\u0142ego wykorzystywanej w urz\u0105dzeniach firmy Thetametrisis.\" \/>\n<meta name=\"robots\" content=\"index, follow, max-snippet:-1, max-image-preview:large, max-video-preview:-1\" \/>\n<link rel=\"canonical\" href=\"https:\/\/measline.com\/index.php\/pl\/measline\/605-2\/spektroskopia-obitego-swiatla-bialego\/\" \/>\n<meta property=\"og:locale\" content=\"pl_PL\" \/>\n<meta property=\"og:type\" content=\"article\" \/>\n<meta property=\"og:title\" content=\"Spektroskopia odbitego \u015bwiat\u0142a bia\u0142ego - Measline\" \/>\n<meta property=\"og:description\" content=\"Postawy techniki spektroskopii odbitego \u015bwiat\u0142a bia\u0142ego wykorzystywanej w urz\u0105dzeniach firmy Thetametrisis.\" \/>\n<meta property=\"og:url\" content=\"https:\/\/measline.com\/index.php\/pl\/measline\/605-2\/spektroskopia-obitego-swiatla-bialego\/\" \/>\n<meta property=\"og:site_name\" content=\"Measline\" \/>\n<meta property=\"article:modified_time\" content=\"2023-03-17T09:32:15+00:00\" \/>\n<meta name=\"twitter:card\" content=\"summary_large_image\" \/>\n<meta name=\"twitter:label1\" content=\"Szacowany czas czytania\" \/>\n\t<meta name=\"twitter:data1\" content=\"3 minuty\" \/>\n<script type=\"application\/ld+json\" class=\"yoast-schema-graph\">{\"@context\":\"https:\\\/\\\/schema.org\",\"@graph\":[{\"@type\":\"WebPage\",\"@id\":\"https:\\\/\\\/measline.com\\\/index.php\\\/pl\\\/measline\\\/605-2\\\/spektroskopia-obitego-swiatla-bialego\\\/\",\"url\":\"https:\\\/\\\/measline.com\\\/index.php\\\/pl\\\/measline\\\/605-2\\\/spektroskopia-obitego-swiatla-bialego\\\/\",\"name\":\"Spektroskopia odbitego \u015bwiat\u0142a bia\u0142ego - Measline\",\"isPartOf\":{\"@id\":\"https:\\\/\\\/measline.com\\\/#website\"},\"datePublished\":\"2021-12-01T14:55:41+00:00\",\"dateModified\":\"2023-03-17T09:32:15+00:00\",\"description\":\"Postawy techniki spektroskopii odbitego \u015bwiat\u0142a bia\u0142ego wykorzystywanej w urz\u0105dzeniach firmy Thetametrisis.\",\"breadcrumb\":{\"@id\":\"https:\\\/\\\/measline.com\\\/index.php\\\/pl\\\/measline\\\/605-2\\\/spektroskopia-obitego-swiatla-bialego\\\/#breadcrumb\"},\"inLanguage\":\"pl-PL\",\"potentialAction\":[{\"@type\":\"ReadAction\",\"target\":[\"https:\\\/\\\/measline.com\\\/index.php\\\/pl\\\/measline\\\/605-2\\\/spektroskopia-obitego-swiatla-bialego\\\/\"]}]},{\"@type\":\"BreadcrumbList\",\"@id\":\"https:\\\/\\\/measline.com\\\/index.php\\\/pl\\\/measline\\\/605-2\\\/spektroskopia-obitego-swiatla-bialego\\\/#breadcrumb\",\"itemListElement\":[{\"@type\":\"ListItem\",\"position\":1,\"name\":\"Strona g\u0142\u00f3wna\",\"item\":\"https:\\\/\\\/measline.com\\\/index.php\\\/pl\\\/\"},{\"@type\":\"ListItem\",\"position\":2,\"name\":\"Strona g\u0142\u00f3wna\",\"item\":\"https:\\\/\\\/measline.com\\\/index.php\\\/pl\\\/\"},{\"@type\":\"ListItem\",\"position\":3,\"name\":\"Baza wiedzy\",\"item\":\"https:\\\/\\\/measline.com\\\/index.php\\\/pl\\\/measline\\\/605-2\\\/\"},{\"@type\":\"ListItem\",\"position\":4,\"name\":\"Spektroskopia odbitego \u015bwiat\u0142a bia\u0142ego\"}]},{\"@type\":\"WebSite\",\"@id\":\"https:\\\/\\\/measline.com\\\/#website\",\"url\":\"https:\\\/\\\/measline.com\\\/\",\"name\":\"Measline\",\"description\":\"Advanced solutions\",\"publisher\":{\"@id\":\"https:\\\/\\\/measline.com\\\/#organization\"},\"potentialAction\":[{\"@type\":\"SearchAction\",\"target\":{\"@type\":\"EntryPoint\",\"urlTemplate\":\"https:\\\/\\\/measline.com\\\/?s={search_term_string}\"},\"query-input\":{\"@type\":\"PropertyValueSpecification\",\"valueRequired\":true,\"valueName\":\"search_term_string\"}}],\"inLanguage\":\"pl-PL\"},{\"@type\":\"Organization\",\"@id\":\"https:\\\/\\\/measline.com\\\/#organization\",\"name\":\"Measline\",\"url\":\"https:\\\/\\\/measline.com\\\/\",\"logo\":{\"@type\":\"ImageObject\",\"inLanguage\":\"pl-PL\",\"@id\":\"https:\\\/\\\/measline.com\\\/#\\\/schema\\\/logo\\\/image\\\/\",\"url\":\"https:\\\/\\\/measline.com\\\/wp-content\\\/uploads\\\/2021\\\/11\\\/logo_color_small.png.png\",\"contentUrl\":\"https:\\\/\\\/measline.com\\\/wp-content\\\/uploads\\\/2021\\\/11\\\/logo_color_small.png.png\",\"width\":1000,\"height\":417,\"caption\":\"Measline\"},\"image\":{\"@id\":\"https:\\\/\\\/measline.com\\\/#\\\/schema\\\/logo\\\/image\\\/\"}}]}<\/script>\n<!-- \/ Yoast SEO plugin. -->","yoast_head_json":{"title":"Spektroskopia odbitego \u015bwiat\u0142a bia\u0142ego - Measline","description":"Postawy techniki spektroskopii odbitego \u015bwiat\u0142a bia\u0142ego wykorzystywanej w urz\u0105dzeniach firmy Thetametrisis.","robots":{"index":"index","follow":"follow","max-snippet":"max-snippet:-1","max-image-preview":"max-image-preview:large","max-video-preview":"max-video-preview:-1"},"canonical":"https:\/\/measline.com\/index.php\/pl\/measline\/605-2\/spektroskopia-obitego-swiatla-bialego\/","og_locale":"pl_PL","og_type":"article","og_title":"Spektroskopia odbitego \u015bwiat\u0142a bia\u0142ego - Measline","og_description":"Postawy techniki spektroskopii odbitego \u015bwiat\u0142a bia\u0142ego wykorzystywanej w urz\u0105dzeniach firmy Thetametrisis.","og_url":"https:\/\/measline.com\/index.php\/pl\/measline\/605-2\/spektroskopia-obitego-swiatla-bialego\/","og_site_name":"Measline","article_modified_time":"2023-03-17T09:32:15+00:00","twitter_card":"summary_large_image","twitter_misc":{"Szacowany czas czytania":"3 minuty"},"schema":{"@context":"https:\/\/schema.org","@graph":[{"@type":"WebPage","@id":"https:\/\/measline.com\/index.php\/pl\/measline\/605-2\/spektroskopia-obitego-swiatla-bialego\/","url":"https:\/\/measline.com\/index.php\/pl\/measline\/605-2\/spektroskopia-obitego-swiatla-bialego\/","name":"Spektroskopia odbitego \u015bwiat\u0142a bia\u0142ego - Measline","isPartOf":{"@id":"https:\/\/measline.com\/#website"},"datePublished":"2021-12-01T14:55:41+00:00","dateModified":"2023-03-17T09:32:15+00:00","description":"Postawy techniki spektroskopii odbitego \u015bwiat\u0142a bia\u0142ego wykorzystywanej w urz\u0105dzeniach firmy Thetametrisis.","breadcrumb":{"@id":"https:\/\/measline.com\/index.php\/pl\/measline\/605-2\/spektroskopia-obitego-swiatla-bialego\/#breadcrumb"},"inLanguage":"pl-PL","potentialAction":[{"@type":"ReadAction","target":["https:\/\/measline.com\/index.php\/pl\/measline\/605-2\/spektroskopia-obitego-swiatla-bialego\/"]}]},{"@type":"BreadcrumbList","@id":"https:\/\/measline.com\/index.php\/pl\/measline\/605-2\/spektroskopia-obitego-swiatla-bialego\/#breadcrumb","itemListElement":[{"@type":"ListItem","position":1,"name":"Strona g\u0142\u00f3wna","item":"https:\/\/measline.com\/index.php\/pl\/"},{"@type":"ListItem","position":2,"name":"Strona g\u0142\u00f3wna","item":"https:\/\/measline.com\/index.php\/pl\/"},{"@type":"ListItem","position":3,"name":"Baza wiedzy","item":"https:\/\/measline.com\/index.php\/pl\/measline\/605-2\/"},{"@type":"ListItem","position":4,"name":"Spektroskopia odbitego \u015bwiat\u0142a bia\u0142ego"}]},{"@type":"WebSite","@id":"https:\/\/measline.com\/#website","url":"https:\/\/measline.com\/","name":"Measline","description":"Advanced solutions","publisher":{"@id":"https:\/\/measline.com\/#organization"},"potentialAction":[{"@type":"SearchAction","target":{"@type":"EntryPoint","urlTemplate":"https:\/\/measline.com\/?s={search_term_string}"},"query-input":{"@type":"PropertyValueSpecification","valueRequired":true,"valueName":"search_term_string"}}],"inLanguage":"pl-PL"},{"@type":"Organization","@id":"https:\/\/measline.com\/#organization","name":"Measline","url":"https:\/\/measline.com\/","logo":{"@type":"ImageObject","inLanguage":"pl-PL","@id":"https:\/\/measline.com\/#\/schema\/logo\/image\/","url":"https:\/\/measline.com\/wp-content\/uploads\/2021\/11\/logo_color_small.png.png","contentUrl":"https:\/\/measline.com\/wp-content\/uploads\/2021\/11\/logo_color_small.png.png","width":1000,"height":417,"caption":"Measline"},"image":{"@id":"https:\/\/measline.com\/#\/schema\/logo\/image\/"}}]}},"_links":{"self":[{"href":"https:\/\/measline.com\/index.php\/wp-json\/wp\/v2\/pages\/543","targetHints":{"allow":["GET"]}}],"collection":[{"href":"https:\/\/measline.com\/index.php\/wp-json\/wp\/v2\/pages"}],"about":[{"href":"https:\/\/measline.com\/index.php\/wp-json\/wp\/v2\/types\/page"}],"author":[{"embeddable":true,"href":"https:\/\/measline.com\/index.php\/wp-json\/wp\/v2\/users\/1"}],"replies":[{"embeddable":true,"href":"https:\/\/measline.com\/index.php\/wp-json\/wp\/v2\/comments?post=543"}],"version-history":[{"count":7,"href":"https:\/\/measline.com\/index.php\/wp-json\/wp\/v2\/pages\/543\/revisions"}],"predecessor-version":[{"id":3909,"href":"https:\/\/measline.com\/index.php\/wp-json\/wp\/v2\/pages\/543\/revisions\/3909"}],"up":[{"embeddable":true,"href":"https:\/\/measline.com\/index.php\/wp-json\/wp\/v2\/pages\/605"}],"wp:attachment":[{"href":"https:\/\/measline.com\/index.php\/wp-json\/wp\/v2\/media?parent=543"}],"curies":[{"name":"wp","href":"https:\/\/api.w.org\/{rel}","templated":true}]}}