{"id":5517,"date":"2025-05-22T12:38:56","date_gmt":"2025-05-22T10:38:56","guid":{"rendered":"https:\/\/measline.com\/?page_id=5517"},"modified":"2025-07-01T13:10:26","modified_gmt":"2025-07-01T11:10:26","slug":"surface-physics-of-ferroelectric-materials","status":"publish","type":"page","link":"https:\/\/measline.com\/index.php\/en-gb\/surface-physics-of-ferroelectric-materials\/","title":{"rendered":"Surface Physics"},"content":{"rendered":"\n[et_pb_section fb_built=&#8221;1&#8243; _builder_version=&#8221;4.16&#8243; _module_preset=&#8221;default&#8221; background_color=&#8221;rgba(0,0,0,0.59)&#8221; background_enable_image=&#8221;off&#8221; global_colors_info=&#8221;{}&#8221;][et_pb_row _builder_version=&#8221;4.16&#8243; _module_preset=&#8221;default&#8221; custom_margin=&#8221;0px||||false|false&#8221; custom_padding=&#8221;0px||||false|false&#8221; global_colors_info=&#8221;{}&#8221;][et_pb_column type=&#8221;4_4&#8243; _builder_version=&#8221;4.16&#8243; _module_preset=&#8221;default&#8221; global_colors_info=&#8221;{}&#8221;][et_pb_text _builder_version=&#8221;4.27.4&#8243; _module_preset=&#8221;default&#8221; global_colors_info=&#8221;{}&#8221;]<h1><span style=\"color: #ffffff;\">Surface Physics<\/span><\/h1>\n<p><span style=\"color: #ffffff;\">MeasLine offers systems for the deposition of thin ceramic coatings exhibiting ferroelectric properties, as well as analytical equipment for surface characterization based on controlled gas partial pressure measurements.<\/span><\/p>\n<p><span style=\"color: #ffffff;\">\u00a0<\/span><\/p>[\/et_pb_text][\/et_pb_column][\/et_pb_row][\/et_pb_section][et_pb_section fb_built=&#8221;1&#8243; _builder_version=&#8221;4.16&#8243; _module_preset=&#8221;default&#8221; global_colors_info=&#8221;{}&#8221;][et_pb_row column_structure=&#8221;1_4,3_4&#8243; _builder_version=&#8221;4.27.4&#8243; _module_preset=&#8221;default&#8221; background_color=&#8221;rgba(0,0,0,0.05)&#8221; custom_margin=&#8221;10px||||false|false&#8221; custom_padding=&#8221;|||36px||&#8221; border_width_all=&#8221;1px&#8221; border_color_all=&#8221;rgba(140,140,140,0.17)&#8221; border_style_all=&#8221;double&#8221; box_shadow_style=&#8221;preset4&#8243; box_shadow_blur=&#8221;16px&#8221; box_shadow_spread=&#8221;-17px&#8221; global_colors_info=&#8221;{}&#8221;][et_pb_column type=&#8221;1_4&#8243; _builder_version=&#8221;4.16&#8243; _dynamic_attributes=&#8221;link_option_url&#8221; _module_preset=&#8221;default&#8221; link_option_url=&#8221;@ET-DC@eyJkeW5hbWljIjp0cnVlLCJjb250ZW50IjoicG9zdF9saW5rX3VybF9wYWdlIiwic2V0dGluZ3MiOnsicG9zdF9pZCI6IjE0OCJ9fQ==@&#8221; global_colors_info=&#8221;{}&#8221;][\/et_pb_column][et_pb_column type=&#8221;3_4&#8243; _builder_version=&#8221;4.16&#8243; _module_preset=&#8221;default&#8221; global_colors_info=&#8221;{}&#8221;][et_pb_text _builder_version=&#8221;4.27.4&#8243; _module_preset=&#8221;default&#8221; custom_padding=&#8221;|37px||||&#8221; global_colors_info=&#8221;{}&#8221;]<div>\n<h3>RF Magnetron Sputtering System for Ceramic Coating Deposition<\/h3>\n<p data-start=\"136\" data-end=\"347\" class=\"\">A thin-film deposition system based on magnetron sputtering, equipped with RF-powered magnetrons, enabling the fabrication of ceramic coatings \u2014 including perovskite-based layers \u2014 with ferroelectric properties.<span><\/span><\/p>\n<\/div>[\/et_pb_text][\/et_pb_column][\/et_pb_row][et_pb_row column_structure=&#8221;1_4,3_4&#8243; disabled_on=&#8221;on|on|on&#8221; _builder_version=&#8221;4.27.4&#8243; _module_preset=&#8221;default&#8221; background_color=&#8221;rgba(0,0,0,0.05)&#8221; custom_margin=&#8221;10px||||false|false&#8221; custom_padding=&#8221;|0px||30px||&#8221; border_width_all=&#8221;1px&#8221; border_color_all=&#8221;rgba(140,140,140,0.17)&#8221; border_style_all=&#8221;double&#8221; box_shadow_style=&#8221;preset4&#8243; box_shadow_blur=&#8221;16px&#8221; box_shadow_spread=&#8221;-17px&#8221; disabled=&#8221;on&#8221; global_colors_info=&#8221;{}&#8221;][et_pb_column type=&#8221;1_4&#8243; _builder_version=&#8221;4.16&#8243; _dynamic_attributes=&#8221;link_option_url&#8221; _module_preset=&#8221;default&#8221; link_option_url=&#8221;@ET-DC@eyJkeW5hbWljIjp0cnVlLCJjb250ZW50IjoicG9zdF9saW5rX3VybF9wYWdlIiwic2V0dGluZ3MiOnsicG9zdF9pZCI6IjE0OCJ9fQ==@&#8221; global_colors_info=&#8221;{}&#8221;][\/et_pb_column][et_pb_column type=&#8221;3_4&#8243; _builder_version=&#8221;4.16&#8243; _module_preset=&#8221;default&#8221; global_colors_info=&#8221;{}&#8221;][et_pb_divider show_divider=&#8221;off&#8221; _builder_version=&#8221;4.16&#8243; _module_preset=&#8221;default&#8221; global_colors_info=&#8221;{}&#8221;][\/et_pb_divider][et_pb_text _builder_version=&#8221;4.27.4&#8243; _module_preset=&#8221;default&#8221; width=&#8221;100%&#8221; custom_padding=&#8221;|35px||||&#8221; global_colors_info=&#8221;{}&#8221;]<div>\n<h3><span lang=\"EN-US\">Cryostat for Studying Ferroelectric Properties<\/span><\/h3>\n<\/div>\n<div>\n<p class=\"Textbody\">\n<\/div>[\/et_pb_text][\/et_pb_column][\/et_pb_row][et_pb_row column_structure=&#8221;1_4,3_4&#8243; _builder_version=&#8221;4.27.4&#8243; _dynamic_attributes=&#8221;link_option_url&#8221; _module_preset=&#8221;default&#8221; background_color=&#8221;rgba(0,0,0,0.05)&#8221; custom_margin=&#8221;10px||||false|false&#8221; custom_padding=&#8221;|||31px||&#8221; link_option_url=&#8221;@ET-DC@eyJkeW5hbWljIjp0cnVlLCJjb250ZW50IjoicG9zdF9saW5rX3VybF9wYWdlIiwic2V0dGluZ3MiOnsicG9zdF9pZCI6IjU0NjAifX0=@&#8221; border_width_all=&#8221;1px&#8221; border_color_all=&#8221;rgba(140,140,140,0.17)&#8221; border_style_all=&#8221;double&#8221; box_shadow_style=&#8221;preset4&#8243; box_shadow_blur=&#8221;16px&#8221; box_shadow_spread=&#8221;-17px&#8221; global_colors_info=&#8221;{}&#8221;][et_pb_column type=&#8221;1_4&#8243; _builder_version=&#8221;4.16&#8243; _dynamic_attributes=&#8221;link_option_url&#8221; _module_preset=&#8221;default&#8221; link_option_url=&#8221;@ET-DC@eyJkeW5hbWljIjp0cnVlLCJjb250ZW50IjoicG9zdF9saW5rX3VybF9wYWdlIiwic2V0dGluZ3MiOnsicG9zdF9pZCI6IjE0OCJ9fQ==@&#8221; global_colors_info=&#8221;{}&#8221;][et_pb_image src=&#8221;https:\/\/measline.com\/wp-content\/uploads\/2025\/05\/Urzadzenie-do-analizy-defektow.jpg&#8221; alt=&#8221;Urz\u0105dzenie Do Analizy Defekt\u00f3w&#8221; title_text=&#8221;Urz\u0105dzenie Do Analizy Defekt\u00f3w&#8221; url=&#8221;@ET-DC@eyJkeW5hbWljIjp0cnVlLCJjb250ZW50IjoicG9zdF9saW5rX3VybF9wYWdlIiwic2V0dGluZ3MiOnsicG9zdF9pZCI6IjU0NjAifX0=@&#8221; _builder_version=&#8221;4.27.4&#8243; _dynamic_attributes=&#8221;url&#8221; _module_preset=&#8221;default&#8221; global_colors_info=&#8221;{}&#8221;][\/et_pb_image][\/et_pb_column][et_pb_column type=&#8221;3_4&#8243; _builder_version=&#8221;4.16&#8243; _module_preset=&#8221;default&#8221; global_colors_info=&#8221;{}&#8221;][et_pb_divider show_divider=&#8221;off&#8221; _builder_version=&#8221;4.16&#8243; _module_preset=&#8221;default&#8221; global_colors_info=&#8221;{}&#8221;][\/et_pb_divider][et_pb_text _builder_version=&#8221;4.27.4&#8243; _dynamic_attributes=&#8221;link_option_url&#8221; _module_preset=&#8221;default&#8221; custom_padding=&#8221;|32px||||&#8221; link_option_url=&#8221;@ET-DC@eyJkeW5hbWljIjp0cnVlLCJjb250ZW50IjoicG9zdF9saW5rX3VybF9wYWdlIiwic2V0dGluZ3MiOnsicG9zdF9pZCI6IjU0NjAifX0=@&#8221; global_colors_info=&#8221;{}&#8221;]<h3><span lang=\"en-US\">Apparatus for the study of defect chemistry of solid state<\/span><\/h3>\n<p data-start=\"68\" data-end=\"152\" class=\"\"><span style=\"font-size: 14px;\">A device for investigating defect chemistry in solid-state materials at high temperatures and under varying gas activities, based on a physical method for controlling the partial pressure of different gases.<\/span><\/p>[\/et_pb_text][\/et_pb_column][\/et_pb_row][et_pb_row column_structure=&#8221;1_4,3_4&#8243; _builder_version=&#8221;4.27.4&#8243; _dynamic_attributes=&#8221;link_option_url&#8221; _module_preset=&#8221;default&#8221; background_color=&#8221;rgba(0,0,0,0.05)&#8221; custom_margin=&#8221;10px||||false|false&#8221; custom_padding=&#8221;|||36px||&#8221; link_option_url=&#8221;@ET-DC@eyJkeW5hbWljIjp0cnVlLCJjb250ZW50IjoicG9zdF9saW5rX3VybF9wYWdlIiwic2V0dGluZ3MiOnsicG9zdF9pZCI6IjU0ODgifX0=@&#8221; border_width_all=&#8221;1px&#8221; border_color_all=&#8221;rgba(140,140,140,0.17)&#8221; border_style_all=&#8221;double&#8221; box_shadow_style=&#8221;preset4&#8243; box_shadow_blur=&#8221;16px&#8221; box_shadow_spread=&#8221;-17px&#8221; global_colors_info=&#8221;{}&#8221;][et_pb_column type=&#8221;1_4&#8243; _builder_version=&#8221;4.16&#8243; _dynamic_attributes=&#8221;link_option_url&#8221; _module_preset=&#8221;default&#8221; link_option_url=&#8221;@ET-DC@eyJkeW5hbWljIjp0cnVlLCJjb250ZW50IjoicG9zdF9saW5rX3VybF9wYWdlIiwic2V0dGluZ3MiOnsicG9zdF9pZCI6IjE0OCJ9fQ==@&#8221; global_colors_info=&#8221;{}&#8221;][et_pb_image src=&#8221;https:\/\/measline.com\/wp-content\/uploads\/2025\/06\/Apparatus-for-testing-electro-degradation-processes.jpg&#8221; alt=&#8221;Apparatus For Testing Electro Degradation Processes&#8221; title_text=&#8221;Apparatus For Testing Electro Degradation Processes&#8221; url=&#8221;@ET-DC@eyJkeW5hbWljIjp0cnVlLCJjb250ZW50IjoicG9zdF9saW5rX3VybF9wYWdlIiwic2V0dGluZ3MiOnsicG9zdF9pZCI6IjU0ODgifX0=@&#8221; _builder_version=&#8221;4.27.4&#8243; _dynamic_attributes=&#8221;url&#8221; _module_preset=&#8221;default&#8221; global_colors_info=&#8221;{}&#8221;][\/et_pb_image][\/et_pb_column][et_pb_column type=&#8221;3_4&#8243; _builder_version=&#8221;4.16&#8243; _module_preset=&#8221;default&#8221; global_colors_info=&#8221;{}&#8221;][et_pb_text _builder_version=&#8221;4.27.4&#8243; _dynamic_attributes=&#8221;link_option_url&#8221; _module_preset=&#8221;default&#8221; custom_padding=&#8221;|36px||||&#8221; link_option_url=&#8221;@ET-DC@eyJkeW5hbWljIjp0cnVlLCJjb250ZW50IjoicG9zdF9saW5rX3VybF9wYWdlIiwic2V0dGluZ3MiOnsicG9zdF9pZCI6IjU0ODgifX0=@&#8221; global_colors_info=&#8221;{}&#8221;]<div>\n<h3>Apparatus for the Study of Electro-Degradation and Resistive Switching Phenomena<\/h3>\n<p data-start=\"151\" data-end=\"572\" class=\"\">A dedicated configuration of the defect analysis system enables the investigation of electro-degradation, electro-reduction, and electro-deoxidation processes in crystalline and polycrystalline samples, as a function of electric field strength, temperature, and oxidant activity. The analysis of these processes is essential for understanding material aging, electrochemical degradation, and resistive switching behavior.<\/p>\n<\/div>[\/et_pb_text][\/et_pb_column][\/et_pb_row][et_pb_row column_structure=&#8221;1_4,3_4&#8243; _builder_version=&#8221;4.27.4&#8243; _dynamic_attributes=&#8221;link_option_url&#8221; _module_preset=&#8221;default&#8221; background_color=&#8221;rgba(0,0,0,0.05)&#8221; custom_margin=&#8221;10px||||false|false&#8221; custom_padding=&#8221;|||33px||&#8221; link_option_url=&#8221;@ET-DC@eyJkeW5hbWljIjp0cnVlLCJjb250ZW50IjoicG9zdF9saW5rX3VybF9wYWdlIiwic2V0dGluZ3MiOnsicG9zdF9pZCI6IjU1MzMifX0=@&#8221; border_width_all=&#8221;1px&#8221; border_color_all=&#8221;rgba(140,140,140,0.17)&#8221; border_style_all=&#8221;double&#8221; box_shadow_style=&#8221;preset4&#8243; box_shadow_blur=&#8221;16px&#8221; box_shadow_spread=&#8221;-17px&#8221; global_colors_info=&#8221;{}&#8221;][et_pb_column type=&#8221;1_4&#8243; _builder_version=&#8221;4.16&#8243; _dynamic_attributes=&#8221;link_option_url&#8221; _module_preset=&#8221;default&#8221; link_option_url=&#8221;@ET-DC@eyJkeW5hbWljIjp0cnVlLCJjb250ZW50IjoicG9zdF9saW5rX3VybF9wYWdlIiwic2V0dGluZ3MiOnsicG9zdF9pZCI6IjE0OCJ9fQ==@&#8221; global_colors_info=&#8221;{}&#8221;][et_pb_image src=&#8221;https:\/\/measline.com\/wp-content\/uploads\/2025\/06\/Effusion-Process-Research-Equipment.jpg&#8221; alt=&#8221;Effusion Process Research Equipment&#8221; title_text=&#8221;Effusion Process Research Equipment&#8221; url=&#8221;@ET-DC@eyJkeW5hbWljIjp0cnVlLCJjb250ZW50IjoicG9zdF9saW5rX3VybF9wYWdlIiwic2V0dGluZ3MiOnsicG9zdF9pZCI6IjU1MzMifX0=@&#8221; _builder_version=&#8221;4.27.4&#8243; _dynamic_attributes=&#8221;url&#8221; _module_preset=&#8221;default&#8221; global_colors_info=&#8221;{}&#8221;][\/et_pb_image][\/et_pb_column][et_pb_column type=&#8221;3_4&#8243; _builder_version=&#8221;4.16&#8243; _module_preset=&#8221;default&#8221; global_colors_info=&#8221;{}&#8221;][et_pb_text _builder_version=&#8221;4.27.4&#8243; _dynamic_attributes=&#8221;link_option_url&#8221; _module_preset=&#8221;default&#8221; custom_padding=&#8221;14px|40px||||&#8221; link_option_url=&#8221;@ET-DC@eyJkeW5hbWljIjp0cnVlLCJjb250ZW50IjoicG9zdF9saW5rX3VybF9wYWdlIiwic2V0dGluZ3MiOnsicG9zdF9pZCI6IjU1MzMifX0=@&#8221; global_colors_info=&#8221;{}&#8221;]<h3>Apparatus for Thermal and Electrochemical Desorption Studies<\/h3>\n<p data-start=\"131\" data-end=\"519\" class=\"\">The system enables the investigation of desorption and effusion processes induced by thermal or electrical stimuli. The released desorption <span>products<\/span> are measured using a quadrupole mass spectrometer. An integral part of the setup is a calibration system that converts pressure changes over time into the absolute number of atoms or molecules removed from the sample during desorption.<\/p>\n<p><span lang=\"EN-US\"><\/span><\/p>[\/et_pb_text][\/et_pb_column][\/et_pb_row][et_pb_row column_structure=&#8221;1_4,3_4&#8243; _builder_version=&#8221;4.27.4&#8243; _module_preset=&#8221;default&#8221; background_color=&#8221;rgba(0,0,0,0.05)&#8221; custom_margin=&#8221;10px||||false|false&#8221; custom_padding=&#8221;|||33px||&#8221; border_width_all=&#8221;1px&#8221; border_color_all=&#8221;rgba(140,140,140,0.17)&#8221; border_style_all=&#8221;double&#8221; box_shadow_style=&#8221;preset4&#8243; box_shadow_blur=&#8221;16px&#8221; box_shadow_spread=&#8221;-17px&#8221; global_colors_info=&#8221;{}&#8221;][et_pb_column type=&#8221;1_4&#8243; _builder_version=&#8221;4.16&#8243; _dynamic_attributes=&#8221;link_option_url&#8221; _module_preset=&#8221;default&#8221; link_option_url=&#8221;@ET-DC@eyJkeW5hbWljIjp0cnVlLCJjb250ZW50IjoicG9zdF9saW5rX3VybF9wYWdlIiwic2V0dGluZ3MiOnsicG9zdF9pZCI6IjE0OCJ9fQ==@&#8221; global_colors_info=&#8221;{}&#8221;][\/et_pb_column][et_pb_column type=&#8221;3_4&#8243; _builder_version=&#8221;4.16&#8243; _module_preset=&#8221;default&#8221; global_colors_info=&#8221;{}&#8221;][et_pb_text _builder_version=&#8221;4.27.4&#8243; _module_preset=&#8221;default&#8221; custom_padding=&#8221;14px|40px||||&#8221; global_colors_info=&#8221;{}&#8221;]<h3><span lang=\"en-US\">System for impedance spectroscopic measurements at high temperature with control of the partial pressure in chamber<\/span><\/h3>\n<p><span lang=\"en-US\">Page under construction. <\/span><\/p>\n<p><span lang=\"en-US\">Should you be interested in this type of device, please do not hesitate to contact us.<\/span><\/p>\n<p><span lang=\"EN-US\"><\/span><\/p>[\/et_pb_text][\/et_pb_column][\/et_pb_row][\/et_pb_section]\n","protected":false},"excerpt":{"rendered":"<p>Surface Physics MeasLine offers systems for the deposition of thin ceramic coatings exhibiting ferroelectric properties, as well as analytical equipment for surface characterization based on controlled gas partial pressure measurements. \u00a0 RF Magnetron Sputtering System for Ceramic Coating Deposition A thin-film deposition system based on magnetron sputtering, equipped with RF-powered magnetrons, enabling the fabrication of [&hellip;]<\/p>\n","protected":false},"author":2,"featured_media":0,"parent":0,"menu_order":0,"comment_status":"closed","ping_status":"closed","template":"","meta":{"_et_pb_use_builder":"on","_et_pb_old_content":"","_et_gb_content_width":"","footnotes":""},"class_list":["post-5517","page","type-page","status-publish","hentry"],"yoast_head":"<!-- This site is optimized with the Yoast SEO plugin v27.4 - https:\/\/yoast.com\/product\/yoast-seo-wordpress\/ -->\n<title>Surface Physics - Measline<\/title>\n<meta name=\"robots\" content=\"index, follow, max-snippet:-1, max-image-preview:large, max-video-preview:-1\" \/>\n<link rel=\"canonical\" href=\"https:\/\/measline.com\/index.php\/en-gb\/surface-physics-of-ferroelectric-materials\/\" \/>\n<meta property=\"og:locale\" content=\"pl_PL\" \/>\n<meta property=\"og:type\" content=\"article\" \/>\n<meta property=\"og:title\" content=\"Surface Physics - Measline\" \/>\n<meta property=\"og:description\" content=\"Surface Physics MeasLine offers systems for the deposition of thin ceramic coatings exhibiting ferroelectric properties, as well as analytical equipment for surface characterization based on controlled gas partial pressure measurements. \u00a0 RF Magnetron Sputtering System for Ceramic Coating Deposition A thin-film deposition system based on magnetron sputtering, equipped with RF-powered magnetrons, enabling the fabrication of [&hellip;]\" \/>\n<meta property=\"og:url\" content=\"https:\/\/measline.com\/index.php\/en-gb\/surface-physics-of-ferroelectric-materials\/\" \/>\n<meta property=\"og:site_name\" content=\"Measline\" \/>\n<meta property=\"article:modified_time\" content=\"2025-07-01T11:10:26+00:00\" \/>\n<meta name=\"twitter:card\" content=\"summary_large_image\" \/>\n<meta name=\"twitter:label1\" content=\"Szacowany czas czytania\" \/>\n\t<meta name=\"twitter:data1\" content=\"7 minut\" \/>\n<script type=\"application\/ld+json\" class=\"yoast-schema-graph\">{\"@context\":\"https:\\\/\\\/schema.org\",\"@graph\":[{\"@type\":\"WebPage\",\"@id\":\"https:\\\/\\\/measline.com\\\/index.php\\\/en-gb\\\/surface-physics-of-ferroelectric-materials\\\/\",\"url\":\"https:\\\/\\\/measline.com\\\/index.php\\\/en-gb\\\/surface-physics-of-ferroelectric-materials\\\/\",\"name\":\"Surface Physics - Measline\",\"isPartOf\":{\"@id\":\"https:\\\/\\\/measline.com\\\/#website\"},\"datePublished\":\"2025-05-22T10:38:56+00:00\",\"dateModified\":\"2025-07-01T11:10:26+00:00\",\"breadcrumb\":{\"@id\":\"https:\\\/\\\/measline.com\\\/index.php\\\/en-gb\\\/surface-physics-of-ferroelectric-materials\\\/#breadcrumb\"},\"inLanguage\":\"pl-PL\",\"potentialAction\":[{\"@type\":\"ReadAction\",\"target\":[\"https:\\\/\\\/measline.com\\\/index.php\\\/en-gb\\\/surface-physics-of-ferroelectric-materials\\\/\"]}]},{\"@type\":\"BreadcrumbList\",\"@id\":\"https:\\\/\\\/measline.com\\\/index.php\\\/en-gb\\\/surface-physics-of-ferroelectric-materials\\\/#breadcrumb\",\"itemListElement\":[{\"@type\":\"ListItem\",\"position\":1,\"name\":\"Strona g\u0142\u00f3wna\",\"item\":\"https:\\\/\\\/measline.com\\\/index.php\\\/pl\\\/\"},{\"@type\":\"ListItem\",\"position\":2,\"name\":\"Surface Physics\"}]},{\"@type\":\"WebSite\",\"@id\":\"https:\\\/\\\/measline.com\\\/#website\",\"url\":\"https:\\\/\\\/measline.com\\\/\",\"name\":\"Measline\",\"description\":\"Advanced solutions\",\"publisher\":{\"@id\":\"https:\\\/\\\/measline.com\\\/#organization\"},\"potentialAction\":[{\"@type\":\"SearchAction\",\"target\":{\"@type\":\"EntryPoint\",\"urlTemplate\":\"https:\\\/\\\/measline.com\\\/?s={search_term_string}\"},\"query-input\":{\"@type\":\"PropertyValueSpecification\",\"valueRequired\":true,\"valueName\":\"search_term_string\"}}],\"inLanguage\":\"pl-PL\"},{\"@type\":\"Organization\",\"@id\":\"https:\\\/\\\/measline.com\\\/#organization\",\"name\":\"Measline\",\"url\":\"https:\\\/\\\/measline.com\\\/\",\"logo\":{\"@type\":\"ImageObject\",\"inLanguage\":\"pl-PL\",\"@id\":\"https:\\\/\\\/measline.com\\\/#\\\/schema\\\/logo\\\/image\\\/\",\"url\":\"https:\\\/\\\/measline.com\\\/wp-content\\\/uploads\\\/2021\\\/11\\\/logo_color_small.png.png\",\"contentUrl\":\"https:\\\/\\\/measline.com\\\/wp-content\\\/uploads\\\/2021\\\/11\\\/logo_color_small.png.png\",\"width\":1000,\"height\":417,\"caption\":\"Measline\"},\"image\":{\"@id\":\"https:\\\/\\\/measline.com\\\/#\\\/schema\\\/logo\\\/image\\\/\"}}]}<\/script>\n<!-- \/ Yoast SEO plugin. -->","yoast_head_json":{"title":"Surface Physics - Measline","robots":{"index":"index","follow":"follow","max-snippet":"max-snippet:-1","max-image-preview":"max-image-preview:large","max-video-preview":"max-video-preview:-1"},"canonical":"https:\/\/measline.com\/index.php\/en-gb\/surface-physics-of-ferroelectric-materials\/","og_locale":"pl_PL","og_type":"article","og_title":"Surface Physics - Measline","og_description":"Surface Physics MeasLine offers systems for the deposition of thin ceramic coatings exhibiting ferroelectric properties, as well as analytical equipment for surface characterization based on controlled gas partial pressure measurements. \u00a0 RF Magnetron Sputtering System for Ceramic Coating Deposition A thin-film deposition system based on magnetron sputtering, equipped with RF-powered magnetrons, enabling the fabrication of [&hellip;]","og_url":"https:\/\/measline.com\/index.php\/en-gb\/surface-physics-of-ferroelectric-materials\/","og_site_name":"Measline","article_modified_time":"2025-07-01T11:10:26+00:00","twitter_card":"summary_large_image","twitter_misc":{"Szacowany czas czytania":"7 minut"},"schema":{"@context":"https:\/\/schema.org","@graph":[{"@type":"WebPage","@id":"https:\/\/measline.com\/index.php\/en-gb\/surface-physics-of-ferroelectric-materials\/","url":"https:\/\/measline.com\/index.php\/en-gb\/surface-physics-of-ferroelectric-materials\/","name":"Surface Physics - Measline","isPartOf":{"@id":"https:\/\/measline.com\/#website"},"datePublished":"2025-05-22T10:38:56+00:00","dateModified":"2025-07-01T11:10:26+00:00","breadcrumb":{"@id":"https:\/\/measline.com\/index.php\/en-gb\/surface-physics-of-ferroelectric-materials\/#breadcrumb"},"inLanguage":"pl-PL","potentialAction":[{"@type":"ReadAction","target":["https:\/\/measline.com\/index.php\/en-gb\/surface-physics-of-ferroelectric-materials\/"]}]},{"@type":"BreadcrumbList","@id":"https:\/\/measline.com\/index.php\/en-gb\/surface-physics-of-ferroelectric-materials\/#breadcrumb","itemListElement":[{"@type":"ListItem","position":1,"name":"Strona g\u0142\u00f3wna","item":"https:\/\/measline.com\/index.php\/pl\/"},{"@type":"ListItem","position":2,"name":"Surface Physics"}]},{"@type":"WebSite","@id":"https:\/\/measline.com\/#website","url":"https:\/\/measline.com\/","name":"Measline","description":"Advanced solutions","publisher":{"@id":"https:\/\/measline.com\/#organization"},"potentialAction":[{"@type":"SearchAction","target":{"@type":"EntryPoint","urlTemplate":"https:\/\/measline.com\/?s={search_term_string}"},"query-input":{"@type":"PropertyValueSpecification","valueRequired":true,"valueName":"search_term_string"}}],"inLanguage":"pl-PL"},{"@type":"Organization","@id":"https:\/\/measline.com\/#organization","name":"Measline","url":"https:\/\/measline.com\/","logo":{"@type":"ImageObject","inLanguage":"pl-PL","@id":"https:\/\/measline.com\/#\/schema\/logo\/image\/","url":"https:\/\/measline.com\/wp-content\/uploads\/2021\/11\/logo_color_small.png.png","contentUrl":"https:\/\/measline.com\/wp-content\/uploads\/2021\/11\/logo_color_small.png.png","width":1000,"height":417,"caption":"Measline"},"image":{"@id":"https:\/\/measline.com\/#\/schema\/logo\/image\/"}}]}},"_links":{"self":[{"href":"https:\/\/measline.com\/index.php\/wp-json\/wp\/v2\/pages\/5517","targetHints":{"allow":["GET"]}}],"collection":[{"href":"https:\/\/measline.com\/index.php\/wp-json\/wp\/v2\/pages"}],"about":[{"href":"https:\/\/measline.com\/index.php\/wp-json\/wp\/v2\/types\/page"}],"author":[{"embeddable":true,"href":"https:\/\/measline.com\/index.php\/wp-json\/wp\/v2\/users\/2"}],"replies":[{"embeddable":true,"href":"https:\/\/measline.com\/index.php\/wp-json\/wp\/v2\/comments?post=5517"}],"version-history":[{"count":18,"href":"https:\/\/measline.com\/index.php\/wp-json\/wp\/v2\/pages\/5517\/revisions"}],"predecessor-version":[{"id":5780,"href":"https:\/\/measline.com\/index.php\/wp-json\/wp\/v2\/pages\/5517\/revisions\/5780"}],"wp:attachment":[{"href":"https:\/\/measline.com\/index.php\/wp-json\/wp\/v2\/media?parent=5517"}],"curies":[{"name":"wp","href":"https:\/\/api.w.org\/{rel}","templated":true}]}}