{"id":5864,"date":"2025-10-02T10:08:30","date_gmt":"2025-10-02T08:08:30","guid":{"rendered":"https:\/\/measline.com\/?page_id=5864"},"modified":"2025-11-21T14:58:25","modified_gmt":"2025-11-21T13:58:25","slug":"program-szwajcarsko-polski","status":"publish","type":"page","link":"https:\/\/measline.com\/index.php\/pl\/program-szwajcarsko-polski\/","title":{"rendered":"Program Szwajcarsko-Polski"},"content":{"rendered":"<p>[et_pb_section fb_built=&#8221;1&#8243; _builder_version=&#8221;4.16&#8243; _module_preset=&#8221;default&#8221; custom_margin=&#8221;0px||0px||false|false&#8221; custom_padding=&#8221;0px||0px||true|false&#8221; global_colors_info=&#8221;{}&#8221;][et_pb_row _builder_version=&#8221;4.16&#8243; _module_preset=&#8221;default&#8221; custom_margin=&#8221;0px||0px||true|false&#8221; custom_padding=&#8221;0px||0px||true|false&#8221; global_colors_info=&#8221;{}&#8221;][et_pb_column type=&#8221;4_4&#8243; _builder_version=&#8221;4.16&#8243; _module_preset=&#8221;default&#8221; global_colors_info=&#8221;{}&#8221;][et_pb_image src=&#8221;https:\/\/measline.com\/wp-content\/uploads\/2025\/10\/MobiALD.jpg&#8221; alt=&#8221;Mobiald&#8221; title_text=&#8221;Mobiald&#8221; align=&#8221;center&#8221; _builder_version=&#8221;4.27.4&#8243; _module_preset=&#8221;default&#8221; custom_padding=&#8221;0px||0px||true|false&#8221; global_colors_info=&#8221;{}&#8221;][\/et_pb_image][et_pb_divider _builder_version=&#8221;4.27.4&#8243; _module_preset=&#8221;default&#8221; global_colors_info=&#8221;{}&#8221;][\/et_pb_divider][et_pb_text _builder_version=&#8221;4.27.4&#8243; _module_preset=&#8221;default&#8221; inline_fonts=&#8221;ABeeZee&#8221; global_colors_info=&#8221;{}&#8221;]<\/p>\n<h3><span style=\"font-family: inherit; font-weight: normal;\"><strong>Opis projektu:<\/strong><\/span><\/h3>\n<p><span style=\"font-family: inherit; font-weight: normal;\">Projekt ma na celu stworzenie rozwi\u0105zania umo\u017cliwiaj\u0105cego badanie mechanizm\u00f3w reakcji powierzchniowych zwi\u0105zanych z procesami osadzania warstw atomowych z fazy gazowej (ALD) przy u\u017cyciu plazmy, poprzez zastosowanie mobilnego systemu ALD.<\/span><\/p>\n<p><span style=\"font-family: inherit; font-weight: normal;\">Projekt realizowany zgodnie z umow\u0105 o dofinansowanie<strong> nr SPPW\/MOBIALD\/0086\/2024-00<\/strong> w ramach programu<strong> &#8222;Badania naukowe i Innowacje&#8221;<\/strong>.<\/span><\/p>\n<p><span style=\"font-family: inherit; font-weight: normal;\"><strong><\/strong><\/span><\/p>\n<h3><\/h3>\n<h3><span style=\"font-family: inherit; font-weight: normal;\"><strong>G\u0142\u00f3wne za\u0142o\u017cenia projektu:<\/strong><\/span><\/h3>\n<p><span style=\"font-family: inherit; font-weight: normal;\">1. Wykonanie <strong>prototypu mobilnego urz\u0105dzenia ALD<\/strong> z\u00a0mo\u017cliwo\u015bci\u0105 transferu pr\u00f3bek w\u00a0pr\u00f3\u017cni (in-vacuo) do\u00a0bada\u0144 w\u00a0wysokiej i\u00a0ultrawysokiej pr\u00f3\u017cni (HV\/UHV)\u00a0<\/span><\/p>\n<p><span style=\"font-family: inherit; font-weight: normal;\">2. Zastosowanie mobilnego urz\u0105dzenia ALD do wykonania<strong> bada\u0144 w\u0142a\u015bciwo\u015bci powierzchni<\/strong> obejmuj\u0105cych\u00a0 pomiary spektroskopii absorpcyjnej w zakresie promieniowania rentgenowskiego (fluorescencj\u0119 rentgenowsk\u0105 oraz pomiar ca\u0142kowitego pr\u0105du elektronowego) realizowan\u0105 w polskim o\u015brodku synchrotronowym SOLARIS przez polskiego partnera AGH, a tak\u017ce badania spektroskopii fotoelektron\u00f3w rentgenowskich (XPS) prowadzone na aparaturze laboratoryjnej AGH.<\/span><\/p>\n<p><span style=\"font-family: inherit; font-weight: normal;\"><strong><\/strong><\/span><\/p>\n<h3><span style=\"font-family: inherit; font-weight: normal;\"><strong>\u00a0Cz\u0142onkowie konsorcjum\u00a0naukowo \u2013 przemys\u0142owego:<\/strong><\/span><\/h3>\n<h3><\/h3>\n<p><span style=\"font-family: inherit; font-weight: normal;\">&#8211; Centrum Bada\u0144 i\u00a0Rozwoju Technologii dla Przemys\u0142u S.A.<\/span><\/p>\n<p><span style=\"font-family: inherit; font-weight: normal;\">&#8211; Akademia G\u00f3rniczo-Hutnicza im. St. Staszica w Krakowie<\/span><\/p>\n<p><span style=\"font-family: inherit; font-weight: normal;\">&#8211; MeasLine Sp. z o.o.<\/span><\/p>\n<p><span style=\"font-family: inherit; font-weight: normal;\">&#8211; EMPA, Swiss Laboratories of Materials Science and Technology, Laboratory for Mechanics of Materials and Nanostructures<\/span><\/p>\n<p><span style=\"font-family: inherit; font-weight: normal;\"><\/span><\/p>\n<p>&nbsp;<\/p>\n<p>[\/et_pb_text][et_pb_text _builder_version=&#8221;4.27.4&#8243; _module_preset=&#8221;default&#8221; global_colors_info=&#8221;{}&#8221;]<\/p>\n<h3><strong>Strona internetowa<\/strong><\/h3>\n<p>Zapraszamy do \u015bledzenia post\u0119p\u00f3w w realizacji projektu za po\u015brednictwem strony internetowej: <strong><a href=\"https:\/\/mobi-ald.com\" target=\"_blank\" rel=\"noopener\">mobi-ald.com<\/a><\/strong>.<\/p>\n<p>[\/et_pb_text][\/et_pb_column][\/et_pb_row][et_pb_row _builder_version=&#8221;4.27.4&#8243; _module_preset=&#8221;default&#8221; global_colors_info=&#8221;{}&#8221;][et_pb_column type=&#8221;4_4&#8243; _builder_version=&#8221;4.27.4&#8243; _module_preset=&#8221;default&#8221; global_colors_info=&#8221;{}&#8221;][\/et_pb_column][\/et_pb_row][\/et_pb_section]<\/p>\n","protected":false},"excerpt":{"rendered":"<p>Opis projektu: Projekt ma na celu stworzenie rozwi\u0105zania umo\u017cliwiaj\u0105cego badanie mechanizm\u00f3w reakcji powierzchniowych zwi\u0105zanych z procesami osadzania warstw atomowych z fazy gazowej (ALD) przy u\u017cyciu plazmy, poprzez zastosowanie mobilnego systemu ALD. Projekt realizowany zgodnie z umow\u0105 o dofinansowanie nr SPPW\/MOBIALD\/0086\/2024-00 w ramach programu &#8222;Badania naukowe i Innowacje&#8221;. G\u0142\u00f3wne za\u0142o\u017cenia projektu: 1. Wykonanie prototypu mobilnego urz\u0105dzenia [&hellip;]<\/p>\n","protected":false},"author":2,"featured_media":0,"parent":0,"menu_order":0,"comment_status":"closed","ping_status":"closed","template":"","meta":{"_et_pb_use_builder":"on","_et_pb_old_content":"","_et_gb_content_width":"","footnotes":""},"class_list":["post-5864","page","type-page","status-publish","hentry"],"yoast_head":"<!-- This site is optimized with the Yoast SEO plugin v27.4 - https:\/\/yoast.com\/product\/yoast-seo-wordpress\/ -->\n<title>Program Szwajcarsko-Polski - Measline<\/title>\n<meta name=\"description\" content=\"Measline realizuje projekt &quot;Mobile ALD system for in-vacuo surface sciencemeasurements&quot; w ramach Szwajcarsko- Polskiego programu wsp\u00f3\u0142pracy\" \/>\n<meta name=\"robots\" content=\"index, follow, max-snippet:-1, max-image-preview:large, max-video-preview:-1\" \/>\n<link rel=\"canonical\" href=\"https:\/\/measline.com\/index.php\/pl\/program-szwajcarsko-polski\/\" \/>\n<meta property=\"og:locale\" content=\"pl_PL\" \/>\n<meta property=\"og:type\" content=\"article\" \/>\n<meta property=\"og:title\" content=\"Program Szwajcarsko-Polski - Measline\" \/>\n<meta property=\"og:description\" content=\"Measline realizuje projekt &quot;Mobile ALD system for in-vacuo surface sciencemeasurements&quot; w ramach Szwajcarsko- Polskiego programu wsp\u00f3\u0142pracy\" \/>\n<meta property=\"og:url\" content=\"https:\/\/measline.com\/index.php\/pl\/program-szwajcarsko-polski\/\" \/>\n<meta property=\"og:site_name\" content=\"Measline\" \/>\n<meta property=\"article:modified_time\" content=\"2025-11-21T13:58:25+00:00\" \/>\n<meta name=\"twitter:card\" content=\"summary_large_image\" \/>\n<meta name=\"twitter:label1\" content=\"Szacowany czas czytania\" \/>\n\t<meta name=\"twitter:data1\" content=\"2 minuty\" \/>\n<script type=\"application\/ld+json\" class=\"yoast-schema-graph\">{\"@context\":\"https:\\\/\\\/schema.org\",\"@graph\":[{\"@type\":\"WebPage\",\"@id\":\"https:\\\/\\\/measline.com\\\/index.php\\\/pl\\\/program-szwajcarsko-polski\\\/\",\"url\":\"https:\\\/\\\/measline.com\\\/index.php\\\/pl\\\/program-szwajcarsko-polski\\\/\",\"name\":\"Program Szwajcarsko-Polski - Measline\",\"isPartOf\":{\"@id\":\"https:\\\/\\\/measline.com\\\/#website\"},\"datePublished\":\"2025-10-02T08:08:30+00:00\",\"dateModified\":\"2025-11-21T13:58:25+00:00\",\"description\":\"Measline realizuje projekt \\\"Mobile ALD system for in-vacuo surface sciencemeasurements\\\" w ramach Szwajcarsko- Polskiego programu wsp\u00f3\u0142pracy\",\"breadcrumb\":{\"@id\":\"https:\\\/\\\/measline.com\\\/index.php\\\/pl\\\/program-szwajcarsko-polski\\\/#breadcrumb\"},\"inLanguage\":\"pl-PL\",\"potentialAction\":[{\"@type\":\"ReadAction\",\"target\":[\"https:\\\/\\\/measline.com\\\/index.php\\\/pl\\\/program-szwajcarsko-polski\\\/\"]}]},{\"@type\":\"BreadcrumbList\",\"@id\":\"https:\\\/\\\/measline.com\\\/index.php\\\/pl\\\/program-szwajcarsko-polski\\\/#breadcrumb\",\"itemListElement\":[{\"@type\":\"ListItem\",\"position\":1,\"name\":\"Strona g\u0142\u00f3wna\",\"item\":\"https:\\\/\\\/measline.com\\\/index.php\\\/pl\\\/\"},{\"@type\":\"ListItem\",\"position\":2,\"name\":\"Program Szwajcarsko-Polski\"}]},{\"@type\":\"WebSite\",\"@id\":\"https:\\\/\\\/measline.com\\\/#website\",\"url\":\"https:\\\/\\\/measline.com\\\/\",\"name\":\"Measline\",\"description\":\"Advanced solutions\",\"publisher\":{\"@id\":\"https:\\\/\\\/measline.com\\\/#organization\"},\"potentialAction\":[{\"@type\":\"SearchAction\",\"target\":{\"@type\":\"EntryPoint\",\"urlTemplate\":\"https:\\\/\\\/measline.com\\\/?s={search_term_string}\"},\"query-input\":{\"@type\":\"PropertyValueSpecification\",\"valueRequired\":true,\"valueName\":\"search_term_string\"}}],\"inLanguage\":\"pl-PL\"},{\"@type\":\"Organization\",\"@id\":\"https:\\\/\\\/measline.com\\\/#organization\",\"name\":\"Measline\",\"url\":\"https:\\\/\\\/measline.com\\\/\",\"logo\":{\"@type\":\"ImageObject\",\"inLanguage\":\"pl-PL\",\"@id\":\"https:\\\/\\\/measline.com\\\/#\\\/schema\\\/logo\\\/image\\\/\",\"url\":\"https:\\\/\\\/measline.com\\\/wp-content\\\/uploads\\\/2021\\\/11\\\/logo_color_small.png.png\",\"contentUrl\":\"https:\\\/\\\/measline.com\\\/wp-content\\\/uploads\\\/2021\\\/11\\\/logo_color_small.png.png\",\"width\":1000,\"height\":417,\"caption\":\"Measline\"},\"image\":{\"@id\":\"https:\\\/\\\/measline.com\\\/#\\\/schema\\\/logo\\\/image\\\/\"}}]}<\/script>\n<!-- \/ Yoast SEO plugin. -->","yoast_head_json":{"title":"Program Szwajcarsko-Polski - Measline","description":"Measline realizuje projekt \"Mobile ALD system for in-vacuo surface sciencemeasurements\" w ramach Szwajcarsko- Polskiego programu wsp\u00f3\u0142pracy","robots":{"index":"index","follow":"follow","max-snippet":"max-snippet:-1","max-image-preview":"max-image-preview:large","max-video-preview":"max-video-preview:-1"},"canonical":"https:\/\/measline.com\/index.php\/pl\/program-szwajcarsko-polski\/","og_locale":"pl_PL","og_type":"article","og_title":"Program Szwajcarsko-Polski - Measline","og_description":"Measline realizuje projekt \"Mobile ALD system for in-vacuo surface sciencemeasurements\" w ramach Szwajcarsko- Polskiego programu wsp\u00f3\u0142pracy","og_url":"https:\/\/measline.com\/index.php\/pl\/program-szwajcarsko-polski\/","og_site_name":"Measline","article_modified_time":"2025-11-21T13:58:25+00:00","twitter_card":"summary_large_image","twitter_misc":{"Szacowany czas czytania":"2 minuty"},"schema":{"@context":"https:\/\/schema.org","@graph":[{"@type":"WebPage","@id":"https:\/\/measline.com\/index.php\/pl\/program-szwajcarsko-polski\/","url":"https:\/\/measline.com\/index.php\/pl\/program-szwajcarsko-polski\/","name":"Program Szwajcarsko-Polski - Measline","isPartOf":{"@id":"https:\/\/measline.com\/#website"},"datePublished":"2025-10-02T08:08:30+00:00","dateModified":"2025-11-21T13:58:25+00:00","description":"Measline realizuje projekt \"Mobile ALD system for in-vacuo surface sciencemeasurements\" w ramach Szwajcarsko- Polskiego programu wsp\u00f3\u0142pracy","breadcrumb":{"@id":"https:\/\/measline.com\/index.php\/pl\/program-szwajcarsko-polski\/#breadcrumb"},"inLanguage":"pl-PL","potentialAction":[{"@type":"ReadAction","target":["https:\/\/measline.com\/index.php\/pl\/program-szwajcarsko-polski\/"]}]},{"@type":"BreadcrumbList","@id":"https:\/\/measline.com\/index.php\/pl\/program-szwajcarsko-polski\/#breadcrumb","itemListElement":[{"@type":"ListItem","position":1,"name":"Strona g\u0142\u00f3wna","item":"https:\/\/measline.com\/index.php\/pl\/"},{"@type":"ListItem","position":2,"name":"Program Szwajcarsko-Polski"}]},{"@type":"WebSite","@id":"https:\/\/measline.com\/#website","url":"https:\/\/measline.com\/","name":"Measline","description":"Advanced solutions","publisher":{"@id":"https:\/\/measline.com\/#organization"},"potentialAction":[{"@type":"SearchAction","target":{"@type":"EntryPoint","urlTemplate":"https:\/\/measline.com\/?s={search_term_string}"},"query-input":{"@type":"PropertyValueSpecification","valueRequired":true,"valueName":"search_term_string"}}],"inLanguage":"pl-PL"},{"@type":"Organization","@id":"https:\/\/measline.com\/#organization","name":"Measline","url":"https:\/\/measline.com\/","logo":{"@type":"ImageObject","inLanguage":"pl-PL","@id":"https:\/\/measline.com\/#\/schema\/logo\/image\/","url":"https:\/\/measline.com\/wp-content\/uploads\/2021\/11\/logo_color_small.png.png","contentUrl":"https:\/\/measline.com\/wp-content\/uploads\/2021\/11\/logo_color_small.png.png","width":1000,"height":417,"caption":"Measline"},"image":{"@id":"https:\/\/measline.com\/#\/schema\/logo\/image\/"}}]}},"_links":{"self":[{"href":"https:\/\/measline.com\/index.php\/wp-json\/wp\/v2\/pages\/5864","targetHints":{"allow":["GET"]}}],"collection":[{"href":"https:\/\/measline.com\/index.php\/wp-json\/wp\/v2\/pages"}],"about":[{"href":"https:\/\/measline.com\/index.php\/wp-json\/wp\/v2\/types\/page"}],"author":[{"embeddable":true,"href":"https:\/\/measline.com\/index.php\/wp-json\/wp\/v2\/users\/2"}],"replies":[{"embeddable":true,"href":"https:\/\/measline.com\/index.php\/wp-json\/wp\/v2\/comments?post=5864"}],"version-history":[{"count":12,"href":"https:\/\/measline.com\/index.php\/wp-json\/wp\/v2\/pages\/5864\/revisions"}],"predecessor-version":[{"id":5920,"href":"https:\/\/measline.com\/index.php\/wp-json\/wp\/v2\/pages\/5864\/revisions\/5920"}],"wp:attachment":[{"href":"https:\/\/measline.com\/index.php\/wp-json\/wp\/v2\/media?parent=5864"}],"curies":[{"name":"wp","href":"https:\/\/api.w.org\/{rel}","templated":true}]}}