{"id":84,"date":"2021-10-19T14:56:42","date_gmt":"2021-10-19T12:56:42","guid":{"rendered":"http:\/\/localhost\/wordpress\/?page_id=84"},"modified":"2025-07-01T11:24:31","modified_gmt":"2025-07-01T09:24:31","slug":"produkty","status":"publish","type":"page","link":"https:\/\/measline.com\/index.php\/pl\/measline\/produkty\/","title":{"rendered":"Produkty"},"content":{"rendered":"<p>[et_pb_section fb_built=&#8221;1&#8243; _builder_version=&#8221;4.16&#8243; _module_preset=&#8221;default&#8221; background_color=&#8221;rgba(0,0,0,0.59)&#8221; background_color_gradient_start=&#8221;rgba(0,0,0,0.5)&#8221; background_color_gradient_end=&#8221;rgba(0,0,0,0.5)&#8221; background_enable_image=&#8221;off&#8221; min_height=&#8221;275px&#8221; custom_margin=&#8221;0px||||false|false&#8221; custom_padding=&#8221;56px|0px|56px|0px|true|true&#8221; box_shadow_style=&#8221;preset3&#8243; box_shadow_blur=&#8221;10px&#8221; box_shadow_spread=&#8221;-16px&#8221; global_colors_info=&#8221;{}&#8221;][et_pb_row _builder_version=&#8221;4.17.4&#8243; _module_preset=&#8221;default&#8221; custom_padding=&#8221;||3px|||&#8221; global_colors_info=&#8221;{}&#8221;][et_pb_column type=&#8221;4_4&#8243; _builder_version=&#8221;4.17.4&#8243; _module_preset=&#8221;default&#8221; global_colors_info=&#8221;{}&#8221;][et_pb_text _builder_version=&#8221;4.17.4&#8243; _module_preset=&#8221;default&#8221; custom_margin=&#8221;22px|||||&#8221; global_colors_info=&#8221;{}&#8221;]<\/p>\n<div>\n<h1><span style=\"color: #ffffff;\"><span style=\"font-size: 26px;\">Oferta<\/span><span style=\"font-size: 26px;\"> MeasLine obejmuje:<\/span><\/span><\/h1>\n<p><span style=\"color: #ffffff;\">-Systemy i komponenty do nanoszenia cienkich warstw metod\u0105 PVD (Fizyczne osadzanie z fazy gazowej) poprzez rozpylanie magnetronowe oraz termiczne<\/span><\/p>\n<p><span style=\"color: #ffffff;\">-Systemy projektowane i produkowane na zam\u00f3wienie klienta, m.in. systemy pr\u00f3\u017cniowe, reaktory, systemy do nanoszenia warstw, kriostaty, goniometry wysokotemperaturowe, stacje diagnostyczne<\/span><\/p>\n<p><span style=\"color: #ffffff; font-size: 14px;\">-kriostaty umo\u017cliwiaj\u0105ce uzyskiwanie i utrzymywanie niskich temperatur rz\u0119du nawet kilku Kelwin\u00f3w<\/span><\/p>\n<p><span style=\"color: #ffffff; font-size: 14px;\">-Urz\u0105dzenia firmy Thetametrisis do analizy grubo\u015bci cienkich warstw<\/span><span style=\"color: #ffffff;\"><\/span><\/p>\n<p><span style=\"color: #ffffff;\">-Mikroskopy si\u0142 atomowych firmy nano analytik, a tak\u017ce produkowane we wsp\u00f3\u0142pracy z MeasLine systemy do kompleksowej analizy powierzchni stanowi\u0105ce kombinacj\u0119 technik AFM z AES i XPS\u00a0<\/span><\/p>\n<p><span style=\"color: #ffffff;\">-Systemy produkowane przez firm\u0119 OEG wykorzystuj\u0105ce optyczne metody pomiarowe do analizy powierzchni, w tym k\u0105ta zwil\u017cania, p\u0142asko\u015bci, czy te\u017c pomiar\u00f3w geometrii z zastosowaniem mikroskop\u00f3w pomiarowych<\/span><span style=\"font-size: 14px;\">\u00a0<\/span><\/p>\n<p><span style=\"color: #ffffff; font-size: 14px;\"><span style=\"color: #ffffff;\">-Komory i komponenty pr\u00f3\u017cniowe przeznaczone do pracy warunkach UHV<\/span><\/span><span style=\"color: #ffffff; font-size: 14px;\"><\/span><\/p>\n<\/div>\n<div>\n<p class=\"Standard\">\n<\/div>\n<p>[\/et_pb_text][\/et_pb_column][\/et_pb_row][\/et_pb_section][et_pb_section fb_built=&#8221;1&#8243; _builder_version=&#8221;4.16&#8243; _module_preset=&#8221;default&#8221; background_color=&#8221;RGBA(0,0,0,0)&#8221; global_colors_info=&#8221;{}&#8221;][et_pb_row column_structure=&#8221;1_3,1_3,1_3&#8243; _builder_version=&#8221;4.16&#8243; _module_preset=&#8221;default&#8221; custom_margin=&#8221;0px||||false|false&#8221; custom_padding=&#8221;0px||||false|false&#8221; global_colors_info=&#8221;{}&#8221;][et_pb_column type=&#8221;1_3&#8243; _builder_version=&#8221;4.16&#8243; _dynamic_attributes=&#8221;link_option_url&#8221; _module_preset=&#8221;default&#8221; custom_padding=&#8221;17px|13px|0px|13px|false|true&#8221; link_option_url=&#8221;@ET-DC@eyJkeW5hbWljIjp0cnVlLCJjb250ZW50IjoicG9zdF9saW5rX3VybF9wYWdlIiwic2V0dGluZ3MiOnsicG9zdF9pZCI6Ijk3In19@&#8221; box_shadow_style=&#8221;preset1&#8243; global_colors_info=&#8221;{}&#8221;][et_pb_image src=&#8221;https:\/\/measline.com\/\/wp-content\/uploads\/2022\/01\/LPNW01-e1641216665212.png&#8221; title_text=&#8221;LPNW01&#8243; url=&#8221;@ET-DC@eyJkeW5hbWljIjp0cnVlLCJjb250ZW50IjoicG9zdF9saW5rX3VybF9wYWdlIiwic2V0dGluZ3MiOnsicG9zdF9pZCI6IjEwNzEifX0=@&#8221; admin_label=&#8221;img_analiza&#8221; _builder_version=&#8221;4.16&#8243; _dynamic_attributes=&#8221;url&#8221; _module_preset=&#8221;default&#8221; global_colors_info=&#8221;{}&#8221;][\/et_pb_image][et_pb_text admin_label=&#8221;kat_analiza&#8221; _builder_version=&#8221;4.16&#8243; _dynamic_attributes=&#8221;link_option_url&#8221; _module_preset=&#8221;default&#8221; link_option_url=&#8221;@ET-DC@eyJkeW5hbWljIjp0cnVlLCJjb250ZW50IjoicG9zdF9saW5rX3VybF9wYWdlIiwic2V0dGluZ3MiOnsicG9zdF9pZCI6IjEwNzEifX0=@&#8221; global_colors_info=&#8221;{}&#8221;]<\/p>\n<h5 style=\"text-align: center;\"><strong>Nanoszenie cienkich warstw<br \/>PVD<\/strong><strong><\/strong><\/h5>\n<p>[\/et_pb_text][et_pb_divider color=&#8221;#254e0f&#8221; _builder_version=&#8221;4.16&#8243; _module_preset=&#8221;default&#8221; global_colors_info=&#8221;{}&#8221;][\/et_pb_divider][\/et_pb_column][et_pb_column type=&#8221;1_3&#8243; _builder_version=&#8221;4.16&#8243; _module_preset=&#8221;default&#8221; custom_padding=&#8221;17px|13px|0px|13px|false|true&#8221; box_shadow_style=&#8221;preset1&#8243; global_colors_info=&#8221;{}&#8221;][et_pb_image src=&#8221;https:\/\/measline.com\/\/wp-content\/uploads\/2022\/01\/Rysunki-projektowe-e1641217755418.png&#8221; title_text=&#8221;Rysunki projektowe&#8221; url=&#8221;@ET-DC@eyJkeW5hbWljIjp0cnVlLCJjb250ZW50IjoicG9zdF9saW5rX3VybF9wYWdlIiwic2V0dGluZ3MiOnsicG9zdF9pZCI6IjcyMiJ9fQ==@&#8221; admin_label=&#8221;img_systemy&#8221; _builder_version=&#8221;4.16&#8243; _dynamic_attributes=&#8221;url&#8221; _module_preset=&#8221;default&#8221; locked=&#8221;off&#8221; global_colors_info=&#8221;{}&#8221;][\/et_pb_image][et_pb_text admin_label=&#8221;kat_systemy&#8221; _builder_version=&#8221;4.16&#8243; _dynamic_attributes=&#8221;link_option_url&#8221; _module_preset=&#8221;default&#8221; link_option_url=&#8221;@ET-DC@eyJkeW5hbWljIjp0cnVlLCJjb250ZW50IjoicG9zdF9saW5rX3VybF9wYWdlIiwic2V0dGluZ3MiOnsicG9zdF9pZCI6IjcyMiJ9fQ==@&#8221; locked=&#8221;off&#8221; global_colors_info=&#8221;{}&#8221;]<\/p>\n<h5 style=\"text-align: center;\"><strong>Systemy dostosowane<\/strong><br \/><strong>do wymaga\u0144 u\u017cytkownika<\/strong><\/h5>\n<p>[\/et_pb_text][et_pb_divider color=&#8221;#254e0f&#8221; _builder_version=&#8221;4.16&#8243; _module_preset=&#8221;default&#8221; locked=&#8221;off&#8221; global_colors_info=&#8221;{}&#8221;][\/et_pb_divider][\/et_pb_column][et_pb_column type=&#8221;1_3&#8243; _builder_version=&#8221;4.16&#8243; _dynamic_attributes=&#8221;link_option_url&#8221; _module_preset=&#8221;default&#8221; custom_padding=&#8221;17px|13px|0px|13px|false|true&#8221; link_option_url=&#8221;@ET-DC@eyJkeW5hbWljIjp0cnVlLCJjb250ZW50IjoicG9zdF9saW5rX3VybF9wYWdlIiwic2V0dGluZ3MiOnsicG9zdF9pZCI6IjI2MSJ9fQ==@&#8221; box_shadow_style=&#8221;preset1&#8243; global_colors_info=&#8221;{}&#8221;][et_pb_image src=&#8221;https:\/\/measline.com\/wp-content\/uploads\/2022\/01\/Kriostat-T-obudowa-1-scaled.jpg&#8221; alt=&#8221;Kriostat optyczny z g\u0142owic\u0105 kriogeniczn\u0105 typu CH-204-M&#8221; title_text=&#8221;Kriostat T obudowa&#8221; url=&#8221;@ET-DC@eyJkeW5hbWljIjp0cnVlLCJjb250ZW50IjoicG9zdF9saW5rX3VybF9wYWdlIiwic2V0dGluZ3MiOnsicG9zdF9pZCI6IjMxODAifX0=@&#8221; admin_label=&#8221;img_systemy&#8221; _builder_version=&#8221;4.17.0&#8243; _dynamic_attributes=&#8221;url&#8221; _module_preset=&#8221;default&#8221; locked=&#8221;off&#8221; global_colors_info=&#8221;{}&#8221;][\/et_pb_image][et_pb_text admin_label=&#8221;kat_systemy&#8221; _builder_version=&#8221;4.17.0&#8243; _dynamic_attributes=&#8221;link_option_url&#8221; _module_preset=&#8221;default&#8221; custom_margin=&#8221;-14px||7px|||&#8221; link_option_url=&#8221;@ET-DC@eyJkeW5hbWljIjp0cnVlLCJjb250ZW50IjoicG9zdF9saW5rX3VybF9wYWdlIiwic2V0dGluZ3MiOnsicG9zdF9pZCI6IjMxODAifX0=@&#8221; locked=&#8221;off&#8221; global_colors_info=&#8221;{}&#8221;]<\/p>\n<h5 style=\"text-align: center;\"><strong>Kriostaty<\/strong><\/h5>\n<p>[\/et_pb_text][et_pb_divider color=&#8221;#254e0f&#8221; _builder_version=&#8221;4.16&#8243; _module_preset=&#8221;default&#8221; locked=&#8221;off&#8221; global_colors_info=&#8221;{}&#8221;][\/et_pb_divider][\/et_pb_column][\/et_pb_row][et_pb_row column_structure=&#8221;1_3,1_3,1_3&#8243; _builder_version=&#8221;4.16&#8243; _module_preset=&#8221;default&#8221; custom_margin=&#8221;0px||||false|false&#8221; custom_padding=&#8221;0px||||false|false&#8221; global_colors_info=&#8221;{}&#8221;][et_pb_column type=&#8221;1_3&#8243; _builder_version=&#8221;4.16&#8243; _dynamic_attributes=&#8221;link_option_url&#8221; _module_preset=&#8221;default&#8221; custom_padding=&#8221;17px|13px|0px|13px|false|true&#8221; link_option_url=&#8221;@ET-DC@eyJkeW5hbWljIjp0cnVlLCJjb250ZW50IjoicG9zdF9saW5rX3VybF9wYWdlIiwic2V0dGluZ3MiOnsicG9zdF9pZCI6Ijk3In19@&#8221; box_shadow_style=&#8221;preset1&#8243; global_colors_info=&#8221;{}&#8221;][et_pb_image src=&#8221;https:\/\/measline.com\/\/wp-content\/uploads\/2021\/12\/Surftens-basic-fragment-1.jpg&#8221; title_text=&#8221;Surftens basic fragment&#8221; url=&#8221;@ET-DC@eyJkeW5hbWljIjp0cnVlLCJjb250ZW50IjoicG9zdF9saW5rX3VybF9wYWdlIiwic2V0dGluZ3MiOnsicG9zdF9pZCI6IjMwODQifX0=@&#8221; admin_label=&#8221;img_hv&#8221; _builder_version=&#8221;4.16.1&#8243; _dynamic_attributes=&#8221;url&#8221; _module_preset=&#8221;default&#8221; global_colors_info=&#8221;{}&#8221;][\/et_pb_image][et_pb_text admin_label=&#8221;kat_hv&#8221; _builder_version=&#8221;4.16.1&#8243; _dynamic_attributes=&#8221;link_option_url&#8221; _module_preset=&#8221;default&#8221; link_option_url=&#8221;@ET-DC@eyJkeW5hbWljIjp0cnVlLCJjb250ZW50IjoicG9zdF9saW5rX3VybF9wYWdlIiwic2V0dGluZ3MiOnsicG9zdF9pZCI6IjMwODQifX0=@&#8221; global_colors_info=&#8221;{}&#8221;]<\/p>\n<h5 style=\"text-align: center;\"><strong>Optyczne urz\u0105dzenia pomiarowe<\/strong><\/h5>\n<p>[\/et_pb_text][et_pb_divider color=&#8221;#254e0f&#8221; _builder_version=&#8221;4.16&#8243; _module_preset=&#8221;default&#8221; global_colors_info=&#8221;{}&#8221;][\/et_pb_divider][\/et_pb_column][et_pb_column type=&#8221;1_3&#8243; _builder_version=&#8221;4.16&#8243; _module_preset=&#8221;default&#8221; custom_padding=&#8221;17px|13px|0px|13px|false|true&#8221; box_shadow_style=&#8221;preset1&#8243; global_colors_info=&#8221;{}&#8221;][et_pb_image src=&#8221;https:\/\/measline.com\/\/wp-content\/uploads\/2021\/12\/FR-pRo-fragment-1-scaled.jpg&#8221; title_text=&#8221;FR-pRo fragment&#8221; url=&#8221;@ET-DC@eyJkeW5hbWljIjp0cnVlLCJjb250ZW50IjoicG9zdF9saW5rX3VybF9wYWdlIiwic2V0dGluZ3MiOnsicG9zdF9pZCI6IjEwNzkifX0=@&#8221; admin_label=&#8221;img_optyka&#8221; _builder_version=&#8221;4.16&#8243; _dynamic_attributes=&#8221;url&#8221; _module_preset=&#8221;default&#8221; locked=&#8221;off&#8221; global_colors_info=&#8221;{}&#8221;][\/et_pb_image][et_pb_text admin_label=&#8221;kat_optyka&#8221; _builder_version=&#8221;4.16&#8243; _dynamic_attributes=&#8221;link_option_url&#8221; _module_preset=&#8221;default&#8221; link_option_url=&#8221;@ET-DC@eyJkeW5hbWljIjp0cnVlLCJjb250ZW50IjoicG9zdF9saW5rX3VybF9wYWdlIiwic2V0dGluZ3MiOnsicG9zdF9pZCI6IjEwNzkifX0=@&#8221; locked=&#8221;off&#8221; global_colors_info=&#8221;{}&#8221;]<\/p>\n<h5 style=\"text-align: center;\"><strong>Analiza grubo\u015bci cienkich warstw<\/strong><\/h5>\n<p>[\/et_pb_text][et_pb_divider color=&#8221;#254e0f&#8221; _builder_version=&#8221;4.16&#8243; _module_preset=&#8221;default&#8221; locked=&#8221;off&#8221; global_colors_info=&#8221;{}&#8221;][\/et_pb_divider][\/et_pb_column][et_pb_column type=&#8221;1_3&#8243; _builder_version=&#8221;4.16&#8243; _dynamic_attributes=&#8221;link_option_url&#8221; _module_preset=&#8221;default&#8221; custom_padding=&#8221;17px|13px|0px|13px|false|true&#8221; link_option_url=&#8221;@ET-DC@eyJkeW5hbWljIjp0cnVlLCJjb250ZW50IjoicG9zdF9saW5rX3VybF9wYWdlIiwic2V0dGluZ3MiOnsicG9zdF9pZCI6IjI2MSJ9fQ==@&#8221; box_shadow_style=&#8221;preset1&#8243; global_colors_info=&#8221;{}&#8221;][et_pb_image src=&#8221;https:\/\/measline.com\/\/wp-content\/uploads\/2021\/12\/Cantilever-dzwignia.jpg&#8221; title_text=&#8221;Cantilever d\u017awignia&#8221; url=&#8221;@ET-DC@eyJkeW5hbWljIjp0cnVlLCJjb250ZW50IjoicG9zdF9saW5rX3VybF9wYWdlIiwic2V0dGluZ3MiOnsicG9zdF9pZCI6IjI2MSJ9fQ==@&#8221; admin_label=&#8221;img_afm&#8221; _builder_version=&#8221;4.16&#8243; _dynamic_attributes=&#8221;url&#8221; _module_preset=&#8221;default&#8221; locked=&#8221;off&#8221; global_colors_info=&#8221;{}&#8221;][\/et_pb_image][et_pb_text admin_label=&#8221;kat_afm&#8221; _builder_version=&#8221;4.16&#8243; _dynamic_attributes=&#8221;link_option_url&#8221; _module_preset=&#8221;default&#8221; min_height=&#8221;7px&#8221; custom_margin=&#8221;||13px|||&#8221; link_option_url=&#8221;@ET-DC@eyJkeW5hbWljIjp0cnVlLCJjb250ZW50IjoicG9zdF9saW5rX3VybF9wYWdlIiwic2V0dGluZ3MiOnsicG9zdF9pZCI6IjI2MSJ9fQ==@&#8221; locked=&#8221;off&#8221; global_colors_info=&#8221;{}&#8221;]<\/p>\n<h5 style=\"text-align: center;\"><strong>Mikroskopy si\u0142 atomowych <br \/>z pr\u00f3bnikami piezorezystywnymi<\/strong><strong><\/strong><\/h5>\n<p>[\/et_pb_text][et_pb_divider color=&#8221;#254e0f&#8221; _builder_version=&#8221;4.16&#8243; _module_preset=&#8221;default&#8221; locked=&#8221;off&#8221; global_colors_info=&#8221;{}&#8221;][\/et_pb_divider][\/et_pb_column][\/et_pb_row][et_pb_row column_structure=&#8221;1_3,1_3,1_3&#8243; _builder_version=&#8221;4.27.4&#8243; _module_preset=&#8221;default&#8221; background_color=&#8221;RGBA(0,0,0,0)&#8221; global_colors_info=&#8221;{}&#8221;][et_pb_column type=&#8221;1_3&#8243; _builder_version=&#8221;4.27.4&#8243; _module_preset=&#8221;default&#8221; box_shadow_style=&#8221;preset1&#8243; global_colors_info=&#8221;{}&#8221;][et_pb_image src=&#8221;https:\/\/measline.com\/wp-content\/uploads\/2023\/09\/IMG_20230830_101449487-EDIT-1-scaled-e1696237380570.jpg&#8221; alt=&#8221;Komora pr\u00f3\u017cniowa&#8221; title_text=&#8221;Img 20230830 101449487 Edit&#8221; url=&#8221;@ET-DC@eyJkeW5hbWljIjp0cnVlLCJjb250ZW50IjoicG9zdF9saW5rX3VybF9wYWdlIiwic2V0dGluZ3MiOnsicG9zdF9pZCI6IjEwOTYifX0=@&#8221; admin_label=&#8221;img_custom&#8221; _builder_version=&#8221;4.22.2&#8243; _dynamic_attributes=&#8221;url&#8221; _module_preset=&#8221;default&#8221; custom_padding=&#8221;17px|14px|1px|15px||&#8221; global_colors_info=&#8221;{}&#8221;][\/et_pb_image][et_pb_text admin_label=&#8221;kat_custom&#8221; _builder_version=&#8221;4.27.4&#8243; _dynamic_attributes=&#8221;link_option_url&#8221; _module_preset=&#8221;default&#8221; link_option_url=&#8221;@ET-DC@eyJkeW5hbWljIjp0cnVlLCJjb250ZW50IjoicG9zdF9saW5rX3VybF9wYWdlIiwic2V0dGluZ3MiOnsicG9zdF9pZCI6IjEwOTYifX0=@&#8221; global_colors_info=&#8221;{}&#8221;]<\/p>\n<h5 style=\"text-align: center;\"><strong>Komory, wyposa\u017cenie i komponenty pr\u00f3\u017cniowe<\/strong><\/h5>\n<p>[\/et_pb_text][et_pb_divider color=&#8221;#254e0f&#8221; _builder_version=&#8221;4.16&#8243; _module_preset=&#8221;default&#8221; custom_padding=&#8221;|15px||17px||&#8221; global_colors_info=&#8221;{}&#8221;][\/et_pb_divider][\/et_pb_column][et_pb_column type=&#8221;1_3&#8243; _builder_version=&#8221;4.16&#8243; _module_preset=&#8221;default&#8221; custom_padding=&#8221;17px|13px|0px|13px|false|true&#8221; box_shadow_style=&#8221;preset1&#8243; global_colors_info=&#8221;{}&#8221;][et_pb_image src=&#8221;https:\/\/measline.com\/wp-content\/uploads\/2025\/07\/Effusion-Process-Research-Equipment.jpg&#8221; _builder_version=&#8221;4.27.4&#8243; _module_preset=&#8221;default&#8221; alt=&#8221;Effusion Process Research Equipment&#8221; title_text=&#8221;Effusion Process Research Equipment&#8221; hover_enabled=&#8221;0&#8243; sticky_enabled=&#8221;0&#8243; url=&#8221;@ET-DC@eyJkeW5hbWljIjp0cnVlLCJjb250ZW50IjoicG9zdF9saW5rX3VybF9wYWdlIiwic2V0dGluZ3MiOnsicG9zdF9pZCI6IjU0MzIifX0=@&#8221; _dynamic_attributes=&#8221;url&#8221;][\/et_pb_image][et_pb_text admin_label=&#8221;kat_custom&#8221; _builder_version=&#8221;4.27.4&#8243; _module_preset=&#8221;default&#8221; hover_enabled=&#8221;0&#8243; global_colors_info=&#8221;{}&#8221; link_option_url=&#8221;@ET-DC@eyJkeW5hbWljIjp0cnVlLCJjb250ZW50IjoicG9zdF9saW5rX3VybF9wYWdlIiwic2V0dGluZ3MiOnsicG9zdF9pZCI6IjU0MzIifX0=@&#8221; _dynamic_attributes=&#8221;link_option_url&#8221; sticky_enabled=&#8221;0&#8243;]<\/p>\n<h5 style=\"text-align: center;\"><strong>Fizyka powierzchni<\/strong><\/h5>\n<p>[\/et_pb_text][et_pb_divider color=&#8221;#254e0f&#8221; _builder_version=&#8221;4.16&#8243; _module_preset=&#8221;default&#8221; locked=&#8221;off&#8221; global_colors_info=&#8221;{}&#8221;][\/et_pb_divider][\/et_pb_column][et_pb_column type=&#8221;1_3&#8243; _builder_version=&#8221;4.17.0&#8243; _module_preset=&#8221;default&#8221; global_colors_info=&#8221;{}&#8221;][\/et_pb_column][\/et_pb_row][\/et_pb_section]<\/p>\n","protected":false},"excerpt":{"rendered":"<p>Oferta MeasLine obejmuje: -Systemy i komponenty do nanoszenia cienkich warstw metod\u0105 PVD (Fizyczne osadzanie z fazy gazowej) poprzez rozpylanie magnetronowe oraz termiczne -Systemy projektowane i produkowane na zam\u00f3wienie klienta, m.in. systemy pr\u00f3\u017cniowe, reaktory, systemy do nanoszenia warstw, kriostaty, goniometry wysokotemperaturowe, stacje diagnostyczne -kriostaty umo\u017cliwiaj\u0105ce uzyskiwanie i utrzymywanie niskich temperatur rz\u0119du nawet kilku Kelwin\u00f3w -Urz\u0105dzenia firmy [&hellip;]<\/p>\n","protected":false},"author":1,"featured_media":0,"parent":60,"menu_order":0,"comment_status":"closed","ping_status":"closed","template":"","meta":{"_et_pb_use_builder":"on","_et_pb_old_content":"","_et_gb_content_width":"","footnotes":""},"class_list":["post-84","page","type-page","status-publish","hentry"],"yoast_head":"<!-- This site is optimized with the Yoast SEO plugin v27.5 - https:\/\/yoast.com\/product\/yoast-seo-wordpress\/ -->\n<title>Urz\u0105dzenia badawczo pomiarowe - produkty Measline<\/title>\n<meta name=\"description\" content=\"Oferta obejmuje urz\u0105dzenia do pomiaru grubo\u015bci warstw, k\u0105ta zwil\u017cania i napi\u0119cia powierzchniowego, mikroskopy AFM oraz indywidualne projekty\" \/>\n<meta name=\"robots\" content=\"index, follow, max-snippet:-1, max-image-preview:large, max-video-preview:-1\" \/>\n<link rel=\"canonical\" href=\"https:\/\/measline.com\/index.php\/pl\/measline\/produkty\/\" \/>\n<meta property=\"og:locale\" content=\"pl_PL\" \/>\n<meta property=\"og:type\" content=\"article\" \/>\n<meta property=\"og:title\" content=\"Urz\u0105dzenia badawczo pomiarowe - produkty Measline\" \/>\n<meta property=\"og:description\" content=\"Oferta obejmuje urz\u0105dzenia do pomiaru grubo\u015bci warstw, k\u0105ta zwil\u017cania i napi\u0119cia powierzchniowego, mikroskopy AFM oraz indywidualne projekty\" \/>\n<meta property=\"og:url\" content=\"https:\/\/measline.com\/index.php\/pl\/measline\/produkty\/\" \/>\n<meta property=\"og:site_name\" content=\"Measline\" \/>\n<meta property=\"article:modified_time\" content=\"2025-07-01T09:24:31+00:00\" \/>\n<meta name=\"twitter:card\" content=\"summary_large_image\" \/>\n<meta name=\"twitter:label1\" content=\"Szacowany czas czytania\" \/>\n\t<meta name=\"twitter:data1\" content=\"2 minuty\" \/>\n<script type=\"application\/ld+json\" class=\"yoast-schema-graph\">{\"@context\":\"https:\\\/\\\/schema.org\",\"@graph\":[{\"@type\":\"WebPage\",\"@id\":\"https:\\\/\\\/measline.com\\\/index.php\\\/pl\\\/measline\\\/produkty\\\/\",\"url\":\"https:\\\/\\\/measline.com\\\/index.php\\\/pl\\\/measline\\\/produkty\\\/\",\"name\":\"Urz\u0105dzenia badawczo pomiarowe - produkty Measline\",\"isPartOf\":{\"@id\":\"https:\\\/\\\/measline.com\\\/#website\"},\"datePublished\":\"2021-10-19T12:56:42+00:00\",\"dateModified\":\"2025-07-01T09:24:31+00:00\",\"description\":\"Oferta obejmuje urz\u0105dzenia do pomiaru grubo\u015bci warstw, k\u0105ta zwil\u017cania i napi\u0119cia powierzchniowego, mikroskopy AFM oraz indywidualne projekty\",\"breadcrumb\":{\"@id\":\"https:\\\/\\\/measline.com\\\/index.php\\\/pl\\\/measline\\\/produkty\\\/#breadcrumb\"},\"inLanguage\":\"pl-PL\",\"potentialAction\":[{\"@type\":\"ReadAction\",\"target\":[\"https:\\\/\\\/measline.com\\\/index.php\\\/pl\\\/measline\\\/produkty\\\/\"]}]},{\"@type\":\"BreadcrumbList\",\"@id\":\"https:\\\/\\\/measline.com\\\/index.php\\\/pl\\\/measline\\\/produkty\\\/#breadcrumb\",\"itemListElement\":[{\"@type\":\"ListItem\",\"position\":1,\"name\":\"Strona g\u0142\u00f3wna\",\"item\":\"https:\\\/\\\/measline.com\\\/index.php\\\/pl\\\/\"},{\"@type\":\"ListItem\",\"position\":2,\"name\":\"Strona g\u0142\u00f3wna\",\"item\":\"https:\\\/\\\/measline.com\\\/index.php\\\/pl\\\/\"},{\"@type\":\"ListItem\",\"position\":3,\"name\":\"Produkty\"}]},{\"@type\":\"WebSite\",\"@id\":\"https:\\\/\\\/measline.com\\\/#website\",\"url\":\"https:\\\/\\\/measline.com\\\/\",\"name\":\"Measline\",\"description\":\"Advanced solutions\",\"publisher\":{\"@id\":\"https:\\\/\\\/measline.com\\\/#organization\"},\"potentialAction\":[{\"@type\":\"SearchAction\",\"target\":{\"@type\":\"EntryPoint\",\"urlTemplate\":\"https:\\\/\\\/measline.com\\\/?s={search_term_string}\"},\"query-input\":{\"@type\":\"PropertyValueSpecification\",\"valueRequired\":true,\"valueName\":\"search_term_string\"}}],\"inLanguage\":\"pl-PL\"},{\"@type\":\"Organization\",\"@id\":\"https:\\\/\\\/measline.com\\\/#organization\",\"name\":\"Measline\",\"url\":\"https:\\\/\\\/measline.com\\\/\",\"logo\":{\"@type\":\"ImageObject\",\"inLanguage\":\"pl-PL\",\"@id\":\"https:\\\/\\\/measline.com\\\/#\\\/schema\\\/logo\\\/image\\\/\",\"url\":\"https:\\\/\\\/measline.com\\\/wp-content\\\/uploads\\\/2021\\\/11\\\/logo_color_small.png.png\",\"contentUrl\":\"https:\\\/\\\/measline.com\\\/wp-content\\\/uploads\\\/2021\\\/11\\\/logo_color_small.png.png\",\"width\":1000,\"height\":417,\"caption\":\"Measline\"},\"image\":{\"@id\":\"https:\\\/\\\/measline.com\\\/#\\\/schema\\\/logo\\\/image\\\/\"}}]}<\/script>\n<!-- \/ Yoast SEO plugin. -->","yoast_head_json":{"title":"Urz\u0105dzenia badawczo pomiarowe - produkty Measline","description":"Oferta obejmuje urz\u0105dzenia do pomiaru grubo\u015bci warstw, k\u0105ta zwil\u017cania i napi\u0119cia powierzchniowego, mikroskopy AFM oraz indywidualne projekty","robots":{"index":"index","follow":"follow","max-snippet":"max-snippet:-1","max-image-preview":"max-image-preview:large","max-video-preview":"max-video-preview:-1"},"canonical":"https:\/\/measline.com\/index.php\/pl\/measline\/produkty\/","og_locale":"pl_PL","og_type":"article","og_title":"Urz\u0105dzenia badawczo pomiarowe - produkty Measline","og_description":"Oferta obejmuje urz\u0105dzenia do pomiaru grubo\u015bci warstw, k\u0105ta zwil\u017cania i napi\u0119cia powierzchniowego, mikroskopy AFM oraz indywidualne projekty","og_url":"https:\/\/measline.com\/index.php\/pl\/measline\/produkty\/","og_site_name":"Measline","article_modified_time":"2025-07-01T09:24:31+00:00","twitter_card":"summary_large_image","twitter_misc":{"Szacowany czas czytania":"2 minuty"},"schema":{"@context":"https:\/\/schema.org","@graph":[{"@type":"WebPage","@id":"https:\/\/measline.com\/index.php\/pl\/measline\/produkty\/","url":"https:\/\/measline.com\/index.php\/pl\/measline\/produkty\/","name":"Urz\u0105dzenia badawczo pomiarowe - produkty Measline","isPartOf":{"@id":"https:\/\/measline.com\/#website"},"datePublished":"2021-10-19T12:56:42+00:00","dateModified":"2025-07-01T09:24:31+00:00","description":"Oferta obejmuje urz\u0105dzenia do pomiaru grubo\u015bci warstw, k\u0105ta zwil\u017cania i napi\u0119cia powierzchniowego, mikroskopy AFM oraz indywidualne projekty","breadcrumb":{"@id":"https:\/\/measline.com\/index.php\/pl\/measline\/produkty\/#breadcrumb"},"inLanguage":"pl-PL","potentialAction":[{"@type":"ReadAction","target":["https:\/\/measline.com\/index.php\/pl\/measline\/produkty\/"]}]},{"@type":"BreadcrumbList","@id":"https:\/\/measline.com\/index.php\/pl\/measline\/produkty\/#breadcrumb","itemListElement":[{"@type":"ListItem","position":1,"name":"Strona g\u0142\u00f3wna","item":"https:\/\/measline.com\/index.php\/pl\/"},{"@type":"ListItem","position":2,"name":"Strona g\u0142\u00f3wna","item":"https:\/\/measline.com\/index.php\/pl\/"},{"@type":"ListItem","position":3,"name":"Produkty"}]},{"@type":"WebSite","@id":"https:\/\/measline.com\/#website","url":"https:\/\/measline.com\/","name":"Measline","description":"Advanced solutions","publisher":{"@id":"https:\/\/measline.com\/#organization"},"potentialAction":[{"@type":"SearchAction","target":{"@type":"EntryPoint","urlTemplate":"https:\/\/measline.com\/?s={search_term_string}"},"query-input":{"@type":"PropertyValueSpecification","valueRequired":true,"valueName":"search_term_string"}}],"inLanguage":"pl-PL"},{"@type":"Organization","@id":"https:\/\/measline.com\/#organization","name":"Measline","url":"https:\/\/measline.com\/","logo":{"@type":"ImageObject","inLanguage":"pl-PL","@id":"https:\/\/measline.com\/#\/schema\/logo\/image\/","url":"https:\/\/measline.com\/wp-content\/uploads\/2021\/11\/logo_color_small.png.png","contentUrl":"https:\/\/measline.com\/wp-content\/uploads\/2021\/11\/logo_color_small.png.png","width":1000,"height":417,"caption":"Measline"},"image":{"@id":"https:\/\/measline.com\/#\/schema\/logo\/image\/"}}]}},"_links":{"self":[{"href":"https:\/\/measline.com\/index.php\/wp-json\/wp\/v2\/pages\/84","targetHints":{"allow":["GET"]}}],"collection":[{"href":"https:\/\/measline.com\/index.php\/wp-json\/wp\/v2\/pages"}],"about":[{"href":"https:\/\/measline.com\/index.php\/wp-json\/wp\/v2\/types\/page"}],"author":[{"embeddable":true,"href":"https:\/\/measline.com\/index.php\/wp-json\/wp\/v2\/users\/1"}],"replies":[{"embeddable":true,"href":"https:\/\/measline.com\/index.php\/wp-json\/wp\/v2\/comments?post=84"}],"version-history":[{"count":68,"href":"https:\/\/measline.com\/index.php\/wp-json\/wp\/v2\/pages\/84\/revisions"}],"predecessor-version":[{"id":5745,"href":"https:\/\/measline.com\/index.php\/wp-json\/wp\/v2\/pages\/84\/revisions\/5745"}],"up":[{"embeddable":true,"href":"https:\/\/measline.com\/index.php\/wp-json\/wp\/v2\/pages\/60"}],"wp:attachment":[{"href":"https:\/\/measline.com\/index.php\/wp-json\/wp\/v2\/media?parent=84"}],"curies":[{"name":"wp","href":"https:\/\/api.w.org\/{rel}","templated":true}]}}